{"id":147,"date":"2023-02-04T16:18:53","date_gmt":"2023-02-04T14:18:53","guid":{"rendered":"https:\/\/www.biodiversityeducation.fi\/?page_id=147"},"modified":"2025-09-23T15:42:53","modified_gmt":"2025-09-23T12:42:53","slug":"tropical-plant-families-in-english-ekol2217","status":"publish","type":"page","link":"https:\/\/blogs2.uef.fi\/biodiversityeducation-vanha\/opinnot\/tropical-plant-families-in-english-ekol2217\/","title":{"rendered":"Tropical plant families (in English) EKOL4311"},"content":{"rendered":"\n<p>Opiskeltavissa itsen\u00e4isesti vuoden 2027 loppuun.<\/p>\n\n\n\n<p>5op, Syvent\u00e4v\u00e4t opinnot, Turun yliopisto<\/p>\n\n\n\n<p><a href=\"https:\/\/opas.peppi.utu.fi\/fi\/opintojakso\/EKOL4311\/91140?period=2022-2024\">Lue lis\u00e4\u00e4 t\u00e4\u00e4lt\u00e4<\/a> <\/p>\n\n\n\n<p><a href=\"https:\/\/link.webropolsurveys.com\/S\/C4E95A3775D9F143\">Hae opinto-oikeutta<\/a><\/p>\n","protected":false},"excerpt":{"rendered":"<p>Opiskeltavissa itsen\u00e4isesti vuoden 2027 loppuun. 5op, Syvent\u00e4v\u00e4t opinnot, Turun yliopisto Lue lis\u00e4\u00e4 t\u00e4\u00e4lt\u00e4 Hae opinto-oikeutta<\/p>\n","protected":false},"author":611,"featured_media":0,"parent":123,"menu_order":0,"comment_status":"closed","ping_status":"closed","template":"linkki_ulospain.php","meta":{"_acf_changed":false,"footnotes":""},"class_list":["post-147","page","type-page","status-publish","hentry"],"acf":[],"yoast_head":"<!-- This site is optimized with the Yoast SEO plugin v27.3 - https:\/\/yoast.com\/product\/yoast-seo-wordpress\/ -->\n<title>Tropical plant families (in English) EKOL4311 - Biodiversiteettikoulutusverkosto<\/title>\n<meta name=\"robots\" content=\"index, follow, max-snippet:-1, max-image-preview:large, max-video-preview:-1\" \/>\n<link rel=\"canonical\" href=\"https:\/\/blogs2.uef.fi\/biodiversityeducation-vanha\/opinnot\/tropical-plant-families-in-english-ekol2217\/\" \/>\n<meta property=\"og:locale\" content=\"fi_FI\" \/>\n<meta property=\"og:type\" content=\"article\" \/>\n<meta property=\"og:title\" content=\"Tropical plant families (in English) EKOL4311 - Biodiversiteettikoulutusverkosto\" \/>\n<meta property=\"og:description\" content=\"Opiskeltavissa itsen\u00e4isesti vuoden 2027 loppuun. 5op, Syvent\u00e4v\u00e4t opinnot, Turun yliopisto Lue lis\u00e4\u00e4 t\u00e4\u00e4lt\u00e4 Hae opinto-oikeutta\" \/>\n<meta property=\"og:url\" content=\"https:\/\/blogs2.uef.fi\/biodiversityeducation-vanha\/opinnot\/tropical-plant-families-in-english-ekol2217\/\" \/>\n<meta property=\"og:site_name\" content=\"Biodiversiteettikoulutusverkosto\" \/>\n<meta property=\"article:modified_time\" content=\"2025-09-23T12:42:53+00:00\" \/>\n<meta name=\"twitter:card\" content=\"summary_large_image\" \/>\n<meta name=\"twitter:label1\" content=\"Arvioitu lukuaika\" \/>\n\t<meta name=\"twitter:data1\" content=\"1 minuutti\" \/>\n<script type=\"application\/ld+json\" class=\"yoast-schema-graph\">{\"@context\":\"https:\\\/\\\/schema.org\",\"@graph\":[{\"@type\":\"WebPage\",\"@id\":\"https:\\\/\\\/blogs2.uef.fi\\\/biodiversityeducation-vanha\\\/opinnot\\\/tropical-plant-families-in-english-ekol2217\\\/\",\"url\":\"https:\\\/\\\/blogs2.uef.fi\\\/biodiversityeducation-vanha\\\/opinnot\\\/tropical-plant-families-in-english-ekol2217\\\/\",\"name\":\"Tropical plant families (in English) EKOL4311 - Biodiversiteettikoulutusverkosto\",\"isPartOf\":{\"@id\":\"https:\\\/\\\/blogs2.uef.fi\\\/biodiversityeducation-vanha\\\/#website\"},\"datePublished\":\"2023-02-04T14:18:53+00:00\",\"dateModified\":\"2025-09-23T12:42:53+00:00\",\"breadcrumb\":{\"@id\":\"https:\\\/\\\/blogs2.uef.fi\\\/biodiversityeducation-vanha\\\/opinnot\\\/tropical-plant-families-in-english-ekol2217\\\/#breadcrumb\"},\"inLanguage\":\"fi\",\"potentialAction\":[{\"@type\":\"ReadAction\",\"target\":[\"https:\\\/\\\/blogs2.uef.fi\\\/biodiversityeducation-vanha\\\/opinnot\\\/tropical-plant-families-in-english-ekol2217\\\/\"]}]},{\"@type\":\"BreadcrumbList\",\"@id\":\"https:\\\/\\\/blogs2.uef.fi\\\/biodiversityeducation-vanha\\\/opinnot\\\/tropical-plant-families-in-english-ekol2217\\\/#breadcrumb\",\"itemListElement\":[{\"@type\":\"ListItem\",\"position\":1,\"name\":\"Opinnot\",\"item\":\"https:\\\/\\\/blogs2.uef.fi\\\/biodiversityeducation-vanha\\\/opinnot\\\/\"},{\"@type\":\"ListItem\",\"position\":2,\"name\":\"Tropical plant families (in English) EKOL4311\"}]},{\"@type\":\"WebSite\",\"@id\":\"https:\\\/\\\/blogs2.uef.fi\\\/biodiversityeducation-vanha\\\/#website\",\"url\":\"https:\\\/\\\/blogs2.uef.fi\\\/biodiversityeducation-vanha\\\/\",\"name\":\"Biodiversiteettikoulutusverkosto\",\"description\":\"\",\"publisher\":{\"@id\":\"https:\\\/\\\/blogs2.uef.fi\\\/biodiversityeducation-vanha\\\/#organization\"},\"potentialAction\":[{\"@type\":\"SearchAction\",\"target\":{\"@type\":\"EntryPoint\",\"urlTemplate\":\"https:\\\/\\\/blogs2.uef.fi\\\/biodiversityeducation-vanha\\\/?s={search_term_string}\"},\"query-input\":{\"@type\":\"PropertyValueSpecification\",\"valueRequired\":true,\"valueName\":\"search_term_string\"}}],\"inLanguage\":\"fi\"},{\"@type\":\"Organization\",\"@id\":\"https:\\\/\\\/blogs2.uef.fi\\\/biodiversityeducation-vanha\\\/#organization\",\"name\":\"Biodiversiteettikoulutusverkosto\",\"url\":\"https:\\\/\\\/blogs2.uef.fi\\\/biodiversityeducation-vanha\\\/\",\"logo\":{\"@type\":\"ImageObject\",\"inLanguage\":\"fi\",\"@id\":\"https:\\\/\\\/blogs2.uef.fi\\\/biodiversityeducation-vanha\\\/#\\\/schema\\\/logo\\\/image\\\/\",\"url\":\"https:\\\/\\\/blogs2.uef.fi\\\/biodiversityeducation-vanha\\\/wp-content\\\/uploads\\\/sites\\\/110\\\/2023\\\/01\\\/Logo-ja-teksti.png\",\"contentUrl\":\"https:\\\/\\\/blogs2.uef.fi\\\/biodiversityeducation-vanha\\\/wp-content\\\/uploads\\\/sites\\\/110\\\/2023\\\/01\\\/Logo-ja-teksti.png\",\"width\":785,\"height\":247,\"caption\":\"Biodiversiteettikoulutusverkosto\"},\"image\":{\"@id\":\"https:\\\/\\\/blogs2.uef.fi\\\/biodiversityeducation-vanha\\\/#\\\/schema\\\/logo\\\/image\\\/\"}}]}<\/script>\n<!-- \/ Yoast SEO plugin. -->","yoast_head_json":{"title":"Tropical plant families (in English) EKOL4311 - Biodiversiteettikoulutusverkosto","robots":{"index":"index","follow":"follow","max-snippet":"max-snippet:-1","max-image-preview":"max-image-preview:large","max-video-preview":"max-video-preview:-1"},"canonical":"https:\/\/blogs2.uef.fi\/biodiversityeducation-vanha\/opinnot\/tropical-plant-families-in-english-ekol2217\/","og_locale":"fi_FI","og_type":"article","og_title":"Tropical plant families (in English) EKOL4311 - Biodiversiteettikoulutusverkosto","og_description":"Opiskeltavissa itsen\u00e4isesti vuoden 2027 loppuun. 5op, Syvent\u00e4v\u00e4t opinnot, Turun yliopisto Lue lis\u00e4\u00e4 t\u00e4\u00e4lt\u00e4 Hae opinto-oikeutta","og_url":"https:\/\/blogs2.uef.fi\/biodiversityeducation-vanha\/opinnot\/tropical-plant-families-in-english-ekol2217\/","og_site_name":"Biodiversiteettikoulutusverkosto","article_modified_time":"2025-09-23T12:42:53+00:00","twitter_card":"summary_large_image","twitter_misc":{"Arvioitu lukuaika":"1 minuutti"},"schema":{"@context":"https:\/\/schema.org","@graph":[{"@type":"WebPage","@id":"https:\/\/blogs2.uef.fi\/biodiversityeducation-vanha\/opinnot\/tropical-plant-families-in-english-ekol2217\/","url":"https:\/\/blogs2.uef.fi\/biodiversityeducation-vanha\/opinnot\/tropical-plant-families-in-english-ekol2217\/","name":"Tropical plant families (in English) EKOL4311 - Biodiversiteettikoulutusverkosto","isPartOf":{"@id":"https:\/\/blogs2.uef.fi\/biodiversityeducation-vanha\/#website"},"datePublished":"2023-02-04T14:18:53+00:00","dateModified":"2025-09-23T12:42:53+00:00","breadcrumb":{"@id":"https:\/\/blogs2.uef.fi\/biodiversityeducation-vanha\/opinnot\/tropical-plant-families-in-english-ekol2217\/#breadcrumb"},"inLanguage":"fi","potentialAction":[{"@type":"ReadAction","target":["https:\/\/blogs2.uef.fi\/biodiversityeducation-vanha\/opinnot\/tropical-plant-families-in-english-ekol2217\/"]}]},{"@type":"BreadcrumbList","@id":"https:\/\/blogs2.uef.fi\/biodiversityeducation-vanha\/opinnot\/tropical-plant-families-in-english-ekol2217\/#breadcrumb","itemListElement":[{"@type":"ListItem","position":1,"name":"Opinnot","item":"https:\/\/blogs2.uef.fi\/biodiversityeducation-vanha\/opinnot\/"},{"@type":"ListItem","position":2,"name":"Tropical plant families (in English) EKOL4311"}]},{"@type":"WebSite","@id":"https:\/\/blogs2.uef.fi\/biodiversityeducation-vanha\/#website","url":"https:\/\/blogs2.uef.fi\/biodiversityeducation-vanha\/","name":"Biodiversiteettikoulutusverkosto","description":"","publisher":{"@id":"https:\/\/blogs2.uef.fi\/biodiversityeducation-vanha\/#organization"},"potentialAction":[{"@type":"SearchAction","target":{"@type":"EntryPoint","urlTemplate":"https:\/\/blogs2.uef.fi\/biodiversityeducation-vanha\/?s={search_term_string}"},"query-input":{"@type":"PropertyValueSpecification","valueRequired":true,"valueName":"search_term_string"}}],"inLanguage":"fi"},{"@type":"Organization","@id":"https:\/\/blogs2.uef.fi\/biodiversityeducation-vanha\/#organization","name":"Biodiversiteettikoulutusverkosto","url":"https:\/\/blogs2.uef.fi\/biodiversityeducation-vanha\/","logo":{"@type":"ImageObject","inLanguage":"fi","@id":"https:\/\/blogs2.uef.fi\/biodiversityeducation-vanha\/#\/schema\/logo\/image\/","url":"https:\/\/blogs2.uef.fi\/biodiversityeducation-vanha\/wp-content\/uploads\/sites\/110\/2023\/01\/Logo-ja-teksti.png","contentUrl":"https:\/\/blogs2.uef.fi\/biodiversityeducation-vanha\/wp-content\/uploads\/sites\/110\/2023\/01\/Logo-ja-teksti.png","width":785,"height":247,"caption":"Biodiversiteettikoulutusverkosto"},"image":{"@id":"https:\/\/blogs2.uef.fi\/biodiversityeducation-vanha\/#\/schema\/logo\/image\/"}}]}},"_links":{"self":[{"href":"https:\/\/blogs2.uef.fi\/biodiversityeducation-vanha\/wp-json\/wp\/v2\/pages\/147","targetHints":{"allow":["GET"]}}],"collection":[{"href":"https:\/\/blogs2.uef.fi\/biodiversityeducation-vanha\/wp-json\/wp\/v2\/pages"}],"about":[{"href":"https:\/\/blogs2.uef.fi\/biodiversityeducation-vanha\/wp-json\/wp\/v2\/types\/page"}],"author":[{"embeddable":true,"href":"https:\/\/blogs2.uef.fi\/biodiversityeducation-vanha\/wp-json\/wp\/v2\/users\/611"}],"replies":[{"embeddable":true,"href":"https:\/\/blogs2.uef.fi\/biodiversityeducation-vanha\/wp-json\/wp\/v2\/comments?post=147"}],"version-history":[{"count":2,"href":"https:\/\/blogs2.uef.fi\/biodiversityeducation-vanha\/wp-json\/wp\/v2\/pages\/147\/revisions"}],"predecessor-version":[{"id":3280,"href":"https:\/\/blogs2.uef.fi\/biodiversityeducation-vanha\/wp-json\/wp\/v2\/pages\/147\/revisions\/3280"}],"up":[{"embeddable":true,"href":"https:\/\/blogs2.uef.fi\/biodiversityeducation-vanha\/wp-json\/wp\/v2\/pages\/123"}],"wp:attachment":[{"href":"https:\/\/blogs2.uef.fi\/biodiversityeducation-vanha\/wp-json\/wp\/v2\/media?parent=147"}],"curies":[{"name":"wp","href":"https:\/\/api.w.org\/{rel}","templated":true}]}}