{"id":2396,"date":"2023-11-02T15:42:43","date_gmt":"2023-11-02T13:42:43","guid":{"rendered":"https:\/\/www.biodiversityeducation.fi\/?page_id=2396"},"modified":"2025-11-20T12:58:14","modified_gmt":"2025-11-20T10:58:14","slug":"talviekologia-bens5109","status":"publish","type":"page","link":"https:\/\/blogs2.uef.fi\/biodiversityeducation-vanha\/opinnot\/talviekologia-bens5109\/","title":{"rendered":"Talviekologia BENS5109"},"content":{"rendered":"\n<p>Kentt\u00e4kurssi 16.-20.2.2026.<\/p>\n\n\n\n<p>2op, Syvent\u00e4v\u00e4t opinnot, Jyv\u00e4skyl\u00e4n Yliopisto<\/p>\n\n\n\n<p><a href=\"https:\/\/www.jyu.fi\/en\/study-with-us\/summer-and-winter-schools\/winter-school-in-ecology\/winter-school-of-ecology-course-programme\">Lue lis\u00e4\u00e4<\/a><\/p>\n\n\n\n<p><a href=\"https:\/\/eur03.safelinks.protection.outlook.com\/?url=https%3A%2F%2Fwww.jyu.fi%2Fen%2Fstudy-with-us%2Fsummer-and-winter-schools%2Fwinter-school-in-ecology%2Fhow-to-apply-for-the-winter-school-in-ecology&amp;data=05%7C02%7Coskari.ylikoski%40uef.fi%7C1674901982374f0f909208de25d1d2e0%7C87879f2e73044bf2baf263e7f83f3c34%7C0%7C0%7C638989780293444306%7CUnknown%7CTWFpbGZsb3d8eyJFbXB0eU1hcGkiOnRydWUsIlYiOiIwLjAuMDAwMCIsIlAiOiJXaW4zMiIsIkFOIjoiTWFpbCIsIldUIjoyfQ%3D%3D%7C0%7C%7C%7C&amp;sdata=CIxtkuVAAh31vyGnlhdLwPHynsnMyMZRrYcFYkbBHvE%3D&amp;reserved=0\">Haku 31.12.2025 asti<\/a><\/p>\n","protected":false},"excerpt":{"rendered":"<p>Kentt\u00e4kurssi 16.-20.2.2026. 2op, Syvent\u00e4v\u00e4t opinnot, Jyv\u00e4skyl\u00e4n Yliopisto Lue lis\u00e4\u00e4 Haku 31.12.2025 asti<\/p>\n","protected":false},"author":620,"featured_media":0,"parent":123,"menu_order":0,"comment_status":"closed","ping_status":"closed","template":"linkki_ulospain.php","meta":{"_acf_changed":false,"footnotes":""},"class_list":["post-2396","page","type-page","status-publish","hentry"],"acf":[],"yoast_head":"<!-- This site is optimized with the Yoast SEO plugin v27.3 - https:\/\/yoast.com\/product\/yoast-seo-wordpress\/ -->\n<title>Talviekologia BENS5109 - Biodiversiteettikoulutusverkosto<\/title>\n<meta name=\"robots\" content=\"index, follow, max-snippet:-1, max-image-preview:large, max-video-preview:-1\" \/>\n<link rel=\"canonical\" href=\"https:\/\/blogs2.uef.fi\/biodiversityeducation-vanha\/opinnot\/talviekologia-bens5109\/\" \/>\n<meta property=\"og:locale\" content=\"fi_FI\" \/>\n<meta property=\"og:type\" content=\"article\" \/>\n<meta property=\"og:title\" content=\"Talviekologia BENS5109 - Biodiversiteettikoulutusverkosto\" \/>\n<meta property=\"og:description\" content=\"Kentt\u00e4kurssi 16.-20.2.2026. 2op, Syvent\u00e4v\u00e4t opinnot, Jyv\u00e4skyl\u00e4n Yliopisto Lue lis\u00e4\u00e4 Haku 31.12.2025 asti\" \/>\n<meta property=\"og:url\" content=\"https:\/\/blogs2.uef.fi\/biodiversityeducation-vanha\/opinnot\/talviekologia-bens5109\/\" \/>\n<meta property=\"og:site_name\" content=\"Biodiversiteettikoulutusverkosto\" \/>\n<meta property=\"article:modified_time\" content=\"2025-11-20T10:58:14+00:00\" \/>\n<meta name=\"twitter:card\" content=\"summary_large_image\" \/>\n<meta name=\"twitter:label1\" content=\"Arvioitu lukuaika\" \/>\n\t<meta name=\"twitter:data1\" content=\"1 minuutti\" \/>\n<script type=\"application\/ld+json\" class=\"yoast-schema-graph\">{\"@context\":\"https:\\\/\\\/schema.org\",\"@graph\":[{\"@type\":\"WebPage\",\"@id\":\"https:\\\/\\\/blogs2.uef.fi\\\/biodiversityeducation-vanha\\\/opinnot\\\/talviekologia-bens5109\\\/\",\"url\":\"https:\\\/\\\/blogs2.uef.fi\\\/biodiversityeducation-vanha\\\/opinnot\\\/talviekologia-bens5109\\\/\",\"name\":\"Talviekologia BENS5109 - Biodiversiteettikoulutusverkosto\",\"isPartOf\":{\"@id\":\"https:\\\/\\\/blogs2.uef.fi\\\/biodiversityeducation-vanha\\\/#website\"},\"datePublished\":\"2023-11-02T13:42:43+00:00\",\"dateModified\":\"2025-11-20T10:58:14+00:00\",\"breadcrumb\":{\"@id\":\"https:\\\/\\\/blogs2.uef.fi\\\/biodiversityeducation-vanha\\\/opinnot\\\/talviekologia-bens5109\\\/#breadcrumb\"},\"inLanguage\":\"fi\",\"potentialAction\":[{\"@type\":\"ReadAction\",\"target\":[\"https:\\\/\\\/blogs2.uef.fi\\\/biodiversityeducation-vanha\\\/opinnot\\\/talviekologia-bens5109\\\/\"]}]},{\"@type\":\"BreadcrumbList\",\"@id\":\"https:\\\/\\\/blogs2.uef.fi\\\/biodiversityeducation-vanha\\\/opinnot\\\/talviekologia-bens5109\\\/#breadcrumb\",\"itemListElement\":[{\"@type\":\"ListItem\",\"position\":1,\"name\":\"Opinnot\",\"item\":\"https:\\\/\\\/blogs2.uef.fi\\\/biodiversityeducation-vanha\\\/opinnot\\\/\"},{\"@type\":\"ListItem\",\"position\":2,\"name\":\"Talviekologia BENS5109\"}]},{\"@type\":\"WebSite\",\"@id\":\"https:\\\/\\\/blogs2.uef.fi\\\/biodiversityeducation-vanha\\\/#website\",\"url\":\"https:\\\/\\\/blogs2.uef.fi\\\/biodiversityeducation-vanha\\\/\",\"name\":\"Biodiversiteettikoulutusverkosto\",\"description\":\"\",\"publisher\":{\"@id\":\"https:\\\/\\\/blogs2.uef.fi\\\/biodiversityeducation-vanha\\\/#organization\"},\"potentialAction\":[{\"@type\":\"SearchAction\",\"target\":{\"@type\":\"EntryPoint\",\"urlTemplate\":\"https:\\\/\\\/blogs2.uef.fi\\\/biodiversityeducation-vanha\\\/?s={search_term_string}\"},\"query-input\":{\"@type\":\"PropertyValueSpecification\",\"valueRequired\":true,\"valueName\":\"search_term_string\"}}],\"inLanguage\":\"fi\"},{\"@type\":\"Organization\",\"@id\":\"https:\\\/\\\/blogs2.uef.fi\\\/biodiversityeducation-vanha\\\/#organization\",\"name\":\"Biodiversiteettikoulutusverkosto\",\"url\":\"https:\\\/\\\/blogs2.uef.fi\\\/biodiversityeducation-vanha\\\/\",\"logo\":{\"@type\":\"ImageObject\",\"inLanguage\":\"fi\",\"@id\":\"https:\\\/\\\/blogs2.uef.fi\\\/biodiversityeducation-vanha\\\/#\\\/schema\\\/logo\\\/image\\\/\",\"url\":\"https:\\\/\\\/blogs2.uef.fi\\\/biodiversityeducation-vanha\\\/wp-content\\\/uploads\\\/sites\\\/110\\\/2023\\\/01\\\/Logo-ja-teksti.png\",\"contentUrl\":\"https:\\\/\\\/blogs2.uef.fi\\\/biodiversityeducation-vanha\\\/wp-content\\\/uploads\\\/sites\\\/110\\\/2023\\\/01\\\/Logo-ja-teksti.png\",\"width\":785,\"height\":247,\"caption\":\"Biodiversiteettikoulutusverkosto\"},\"image\":{\"@id\":\"https:\\\/\\\/blogs2.uef.fi\\\/biodiversityeducation-vanha\\\/#\\\/schema\\\/logo\\\/image\\\/\"}}]}<\/script>\n<!-- \/ Yoast SEO plugin. -->","yoast_head_json":{"title":"Talviekologia BENS5109 - Biodiversiteettikoulutusverkosto","robots":{"index":"index","follow":"follow","max-snippet":"max-snippet:-1","max-image-preview":"max-image-preview:large","max-video-preview":"max-video-preview:-1"},"canonical":"https:\/\/blogs2.uef.fi\/biodiversityeducation-vanha\/opinnot\/talviekologia-bens5109\/","og_locale":"fi_FI","og_type":"article","og_title":"Talviekologia BENS5109 - Biodiversiteettikoulutusverkosto","og_description":"Kentt\u00e4kurssi 16.-20.2.2026. 2op, Syvent\u00e4v\u00e4t opinnot, Jyv\u00e4skyl\u00e4n Yliopisto Lue lis\u00e4\u00e4 Haku 31.12.2025 asti","og_url":"https:\/\/blogs2.uef.fi\/biodiversityeducation-vanha\/opinnot\/talviekologia-bens5109\/","og_site_name":"Biodiversiteettikoulutusverkosto","article_modified_time":"2025-11-20T10:58:14+00:00","twitter_card":"summary_large_image","twitter_misc":{"Arvioitu lukuaika":"1 minuutti"},"schema":{"@context":"https:\/\/schema.org","@graph":[{"@type":"WebPage","@id":"https:\/\/blogs2.uef.fi\/biodiversityeducation-vanha\/opinnot\/talviekologia-bens5109\/","url":"https:\/\/blogs2.uef.fi\/biodiversityeducation-vanha\/opinnot\/talviekologia-bens5109\/","name":"Talviekologia BENS5109 - Biodiversiteettikoulutusverkosto","isPartOf":{"@id":"https:\/\/blogs2.uef.fi\/biodiversityeducation-vanha\/#website"},"datePublished":"2023-11-02T13:42:43+00:00","dateModified":"2025-11-20T10:58:14+00:00","breadcrumb":{"@id":"https:\/\/blogs2.uef.fi\/biodiversityeducation-vanha\/opinnot\/talviekologia-bens5109\/#breadcrumb"},"inLanguage":"fi","potentialAction":[{"@type":"ReadAction","target":["https:\/\/blogs2.uef.fi\/biodiversityeducation-vanha\/opinnot\/talviekologia-bens5109\/"]}]},{"@type":"BreadcrumbList","@id":"https:\/\/blogs2.uef.fi\/biodiversityeducation-vanha\/opinnot\/talviekologia-bens5109\/#breadcrumb","itemListElement":[{"@type":"ListItem","position":1,"name":"Opinnot","item":"https:\/\/blogs2.uef.fi\/biodiversityeducation-vanha\/opinnot\/"},{"@type":"ListItem","position":2,"name":"Talviekologia BENS5109"}]},{"@type":"WebSite","@id":"https:\/\/blogs2.uef.fi\/biodiversityeducation-vanha\/#website","url":"https:\/\/blogs2.uef.fi\/biodiversityeducation-vanha\/","name":"Biodiversiteettikoulutusverkosto","description":"","publisher":{"@id":"https:\/\/blogs2.uef.fi\/biodiversityeducation-vanha\/#organization"},"potentialAction":[{"@type":"SearchAction","target":{"@type":"EntryPoint","urlTemplate":"https:\/\/blogs2.uef.fi\/biodiversityeducation-vanha\/?s={search_term_string}"},"query-input":{"@type":"PropertyValueSpecification","valueRequired":true,"valueName":"search_term_string"}}],"inLanguage":"fi"},{"@type":"Organization","@id":"https:\/\/blogs2.uef.fi\/biodiversityeducation-vanha\/#organization","name":"Biodiversiteettikoulutusverkosto","url":"https:\/\/blogs2.uef.fi\/biodiversityeducation-vanha\/","logo":{"@type":"ImageObject","inLanguage":"fi","@id":"https:\/\/blogs2.uef.fi\/biodiversityeducation-vanha\/#\/schema\/logo\/image\/","url":"https:\/\/blogs2.uef.fi\/biodiversityeducation-vanha\/wp-content\/uploads\/sites\/110\/2023\/01\/Logo-ja-teksti.png","contentUrl":"https:\/\/blogs2.uef.fi\/biodiversityeducation-vanha\/wp-content\/uploads\/sites\/110\/2023\/01\/Logo-ja-teksti.png","width":785,"height":247,"caption":"Biodiversiteettikoulutusverkosto"},"image":{"@id":"https:\/\/blogs2.uef.fi\/biodiversityeducation-vanha\/#\/schema\/logo\/image\/"}}]}},"_links":{"self":[{"href":"https:\/\/blogs2.uef.fi\/biodiversityeducation-vanha\/wp-json\/wp\/v2\/pages\/2396","targetHints":{"allow":["GET"]}}],"collection":[{"href":"https:\/\/blogs2.uef.fi\/biodiversityeducation-vanha\/wp-json\/wp\/v2\/pages"}],"about":[{"href":"https:\/\/blogs2.uef.fi\/biodiversityeducation-vanha\/wp-json\/wp\/v2\/types\/page"}],"author":[{"embeddable":true,"href":"https:\/\/blogs2.uef.fi\/biodiversityeducation-vanha\/wp-json\/wp\/v2\/users\/620"}],"replies":[{"embeddable":true,"href":"https:\/\/blogs2.uef.fi\/biodiversityeducation-vanha\/wp-json\/wp\/v2\/comments?post=2396"}],"version-history":[{"count":2,"href":"https:\/\/blogs2.uef.fi\/biodiversityeducation-vanha\/wp-json\/wp\/v2\/pages\/2396\/revisions"}],"predecessor-version":[{"id":3289,"href":"https:\/\/blogs2.uef.fi\/biodiversityeducation-vanha\/wp-json\/wp\/v2\/pages\/2396\/revisions\/3289"}],"up":[{"embeddable":true,"href":"https:\/\/blogs2.uef.fi\/biodiversityeducation-vanha\/wp-json\/wp\/v2\/pages\/123"}],"wp:attachment":[{"href":"https:\/\/blogs2.uef.fi\/biodiversityeducation-vanha\/wp-json\/wp\/v2\/media?parent=2396"}],"curies":[{"name":"wp","href":"https:\/\/api.w.org\/{rel}","templated":true}]}}