{"id":578,"date":"2023-03-03T12:02:35","date_gmt":"2023-03-03T10:02:35","guid":{"rendered":"https:\/\/www.biodiversityeducation.fi\/?page_id=578"},"modified":"2026-01-17T15:18:41","modified_gmt":"2026-01-17T13:18:41","slug":"lintujen-maastolajintuntemus-755313a","status":"publish","type":"page","link":"https:\/\/blogs2.uef.fi\/biodiversityeducation-vanha\/opinnot\/lintujen-maastolajintuntemus-755313a\/","title":{"rendered":"Lintujen maastolajintuntemus 755313A"},"content":{"rendered":"\n<p>Itsen\u00e4isesti suoritettava havaintop\u00e4iv\u00e4kirjaan pohjautuva kurssi. Kev\u00e4t 2026.<\/p>\n\n\n\n<p>1-5 op, aineopinnot, Oulun yliopisto <a href=\"https:\/\/opas.peppi.oulu.fi\/fi\/opintojakso\/755313A\/3682?period=2021-2022\">Lue lis\u00e4\u00e4 t\u00e4\u00e4lt\u00e4<\/a><\/p>\n\n\n\n<p>Ilmoittautuminen ja opinto-oikeuden haku: 01.01.-13.03.2026<\/p>\n\n\n\n<p><a href=\"https:\/\/link.webropolsurveys.com\/Participation\/Public\/5e296bbd-078c-4b4e-8587-1540b882d0bf?displayId=Fin2018181\">Opinto-oikeuden haku<\/a><\/p>\n","protected":false},"excerpt":{"rendered":"<p>Itsen\u00e4isesti suoritettava havaintop\u00e4iv\u00e4kirjaan pohjautuva kurssi. Kev\u00e4t 2026. 1-5 op, aineopinnot, Oulun yliopisto Lue lis\u00e4\u00e4 t\u00e4\u00e4lt\u00e4 Ilmoittautuminen ja opinto-oikeuden haku: 01.01.-13.03.2026 Opinto-oikeuden haku<\/p>\n","protected":false},"author":611,"featured_media":0,"parent":123,"menu_order":0,"comment_status":"closed","ping_status":"closed","template":"linkki_ulospain.php","meta":{"_acf_changed":false,"footnotes":""},"class_list":["post-578","page","type-page","status-publish","hentry"],"acf":[],"yoast_head":"<!-- This site is optimized with the Yoast SEO plugin v27.3 - https:\/\/yoast.com\/product\/yoast-seo-wordpress\/ -->\n<title>Lintujen maastolajintuntemus 755313A - Biodiversiteettikoulutusverkosto<\/title>\n<meta name=\"robots\" content=\"index, follow, max-snippet:-1, max-image-preview:large, max-video-preview:-1\" \/>\n<link rel=\"canonical\" href=\"https:\/\/blogs2.uef.fi\/biodiversityeducation-vanha\/opinnot\/lintujen-maastolajintuntemus-755313a\/\" \/>\n<meta property=\"og:locale\" content=\"fi_FI\" \/>\n<meta property=\"og:type\" content=\"article\" \/>\n<meta property=\"og:title\" content=\"Lintujen maastolajintuntemus 755313A - Biodiversiteettikoulutusverkosto\" \/>\n<meta property=\"og:description\" content=\"Itsen\u00e4isesti suoritettava havaintop\u00e4iv\u00e4kirjaan pohjautuva kurssi. Kev\u00e4t 2026. 1-5 op, aineopinnot, Oulun yliopisto Lue lis\u00e4\u00e4 t\u00e4\u00e4lt\u00e4 Ilmoittautuminen ja opinto-oikeuden haku: 01.01.-13.03.2026 Opinto-oikeuden haku\" \/>\n<meta property=\"og:url\" content=\"https:\/\/blogs2.uef.fi\/biodiversityeducation-vanha\/opinnot\/lintujen-maastolajintuntemus-755313a\/\" \/>\n<meta property=\"og:site_name\" content=\"Biodiversiteettikoulutusverkosto\" \/>\n<meta property=\"article:modified_time\" content=\"2026-01-17T13:18:41+00:00\" \/>\n<meta name=\"twitter:card\" content=\"summary_large_image\" \/>\n<meta name=\"twitter:label1\" content=\"Arvioitu lukuaika\" \/>\n\t<meta name=\"twitter:data1\" content=\"1 minuutti\" \/>\n<script type=\"application\/ld+json\" class=\"yoast-schema-graph\">{\"@context\":\"https:\\\/\\\/schema.org\",\"@graph\":[{\"@type\":\"WebPage\",\"@id\":\"https:\\\/\\\/blogs2.uef.fi\\\/biodiversityeducation-vanha\\\/opinnot\\\/lintujen-maastolajintuntemus-755313a\\\/\",\"url\":\"https:\\\/\\\/blogs2.uef.fi\\\/biodiversityeducation-vanha\\\/opinnot\\\/lintujen-maastolajintuntemus-755313a\\\/\",\"name\":\"Lintujen maastolajintuntemus 755313A - Biodiversiteettikoulutusverkosto\",\"isPartOf\":{\"@id\":\"https:\\\/\\\/blogs2.uef.fi\\\/biodiversityeducation-vanha\\\/#website\"},\"datePublished\":\"2023-03-03T10:02:35+00:00\",\"dateModified\":\"2026-01-17T13:18:41+00:00\",\"breadcrumb\":{\"@id\":\"https:\\\/\\\/blogs2.uef.fi\\\/biodiversityeducation-vanha\\\/opinnot\\\/lintujen-maastolajintuntemus-755313a\\\/#breadcrumb\"},\"inLanguage\":\"fi\",\"potentialAction\":[{\"@type\":\"ReadAction\",\"target\":[\"https:\\\/\\\/blogs2.uef.fi\\\/biodiversityeducation-vanha\\\/opinnot\\\/lintujen-maastolajintuntemus-755313a\\\/\"]}]},{\"@type\":\"BreadcrumbList\",\"@id\":\"https:\\\/\\\/blogs2.uef.fi\\\/biodiversityeducation-vanha\\\/opinnot\\\/lintujen-maastolajintuntemus-755313a\\\/#breadcrumb\",\"itemListElement\":[{\"@type\":\"ListItem\",\"position\":1,\"name\":\"Opinnot\",\"item\":\"https:\\\/\\\/blogs2.uef.fi\\\/biodiversityeducation-vanha\\\/opinnot\\\/\"},{\"@type\":\"ListItem\",\"position\":2,\"name\":\"Lintujen maastolajintuntemus 755313A\"}]},{\"@type\":\"WebSite\",\"@id\":\"https:\\\/\\\/blogs2.uef.fi\\\/biodiversityeducation-vanha\\\/#website\",\"url\":\"https:\\\/\\\/blogs2.uef.fi\\\/biodiversityeducation-vanha\\\/\",\"name\":\"Biodiversiteettikoulutusverkosto\",\"description\":\"\",\"publisher\":{\"@id\":\"https:\\\/\\\/blogs2.uef.fi\\\/biodiversityeducation-vanha\\\/#organization\"},\"potentialAction\":[{\"@type\":\"SearchAction\",\"target\":{\"@type\":\"EntryPoint\",\"urlTemplate\":\"https:\\\/\\\/blogs2.uef.fi\\\/biodiversityeducation-vanha\\\/?s={search_term_string}\"},\"query-input\":{\"@type\":\"PropertyValueSpecification\",\"valueRequired\":true,\"valueName\":\"search_term_string\"}}],\"inLanguage\":\"fi\"},{\"@type\":\"Organization\",\"@id\":\"https:\\\/\\\/blogs2.uef.fi\\\/biodiversityeducation-vanha\\\/#organization\",\"name\":\"Biodiversiteettikoulutusverkosto\",\"url\":\"https:\\\/\\\/blogs2.uef.fi\\\/biodiversityeducation-vanha\\\/\",\"logo\":{\"@type\":\"ImageObject\",\"inLanguage\":\"fi\",\"@id\":\"https:\\\/\\\/blogs2.uef.fi\\\/biodiversityeducation-vanha\\\/#\\\/schema\\\/logo\\\/image\\\/\",\"url\":\"https:\\\/\\\/blogs2.uef.fi\\\/biodiversityeducation-vanha\\\/wp-content\\\/uploads\\\/sites\\\/110\\\/2023\\\/01\\\/Logo-ja-teksti.png\",\"contentUrl\":\"https:\\\/\\\/blogs2.uef.fi\\\/biodiversityeducation-vanha\\\/wp-content\\\/uploads\\\/sites\\\/110\\\/2023\\\/01\\\/Logo-ja-teksti.png\",\"width\":785,\"height\":247,\"caption\":\"Biodiversiteettikoulutusverkosto\"},\"image\":{\"@id\":\"https:\\\/\\\/blogs2.uef.fi\\\/biodiversityeducation-vanha\\\/#\\\/schema\\\/logo\\\/image\\\/\"}}]}<\/script>\n<!-- \/ Yoast SEO plugin. -->","yoast_head_json":{"title":"Lintujen maastolajintuntemus 755313A - Biodiversiteettikoulutusverkosto","robots":{"index":"index","follow":"follow","max-snippet":"max-snippet:-1","max-image-preview":"max-image-preview:large","max-video-preview":"max-video-preview:-1"},"canonical":"https:\/\/blogs2.uef.fi\/biodiversityeducation-vanha\/opinnot\/lintujen-maastolajintuntemus-755313a\/","og_locale":"fi_FI","og_type":"article","og_title":"Lintujen maastolajintuntemus 755313A - Biodiversiteettikoulutusverkosto","og_description":"Itsen\u00e4isesti suoritettava havaintop\u00e4iv\u00e4kirjaan pohjautuva kurssi. Kev\u00e4t 2026. 1-5 op, aineopinnot, Oulun yliopisto Lue lis\u00e4\u00e4 t\u00e4\u00e4lt\u00e4 Ilmoittautuminen ja opinto-oikeuden haku: 01.01.-13.03.2026 Opinto-oikeuden haku","og_url":"https:\/\/blogs2.uef.fi\/biodiversityeducation-vanha\/opinnot\/lintujen-maastolajintuntemus-755313a\/","og_site_name":"Biodiversiteettikoulutusverkosto","article_modified_time":"2026-01-17T13:18:41+00:00","twitter_card":"summary_large_image","twitter_misc":{"Arvioitu lukuaika":"1 minuutti"},"schema":{"@context":"https:\/\/schema.org","@graph":[{"@type":"WebPage","@id":"https:\/\/blogs2.uef.fi\/biodiversityeducation-vanha\/opinnot\/lintujen-maastolajintuntemus-755313a\/","url":"https:\/\/blogs2.uef.fi\/biodiversityeducation-vanha\/opinnot\/lintujen-maastolajintuntemus-755313a\/","name":"Lintujen maastolajintuntemus 755313A - Biodiversiteettikoulutusverkosto","isPartOf":{"@id":"https:\/\/blogs2.uef.fi\/biodiversityeducation-vanha\/#website"},"datePublished":"2023-03-03T10:02:35+00:00","dateModified":"2026-01-17T13:18:41+00:00","breadcrumb":{"@id":"https:\/\/blogs2.uef.fi\/biodiversityeducation-vanha\/opinnot\/lintujen-maastolajintuntemus-755313a\/#breadcrumb"},"inLanguage":"fi","potentialAction":[{"@type":"ReadAction","target":["https:\/\/blogs2.uef.fi\/biodiversityeducation-vanha\/opinnot\/lintujen-maastolajintuntemus-755313a\/"]}]},{"@type":"BreadcrumbList","@id":"https:\/\/blogs2.uef.fi\/biodiversityeducation-vanha\/opinnot\/lintujen-maastolajintuntemus-755313a\/#breadcrumb","itemListElement":[{"@type":"ListItem","position":1,"name":"Opinnot","item":"https:\/\/blogs2.uef.fi\/biodiversityeducation-vanha\/opinnot\/"},{"@type":"ListItem","position":2,"name":"Lintujen maastolajintuntemus 755313A"}]},{"@type":"WebSite","@id":"https:\/\/blogs2.uef.fi\/biodiversityeducation-vanha\/#website","url":"https:\/\/blogs2.uef.fi\/biodiversityeducation-vanha\/","name":"Biodiversiteettikoulutusverkosto","description":"","publisher":{"@id":"https:\/\/blogs2.uef.fi\/biodiversityeducation-vanha\/#organization"},"potentialAction":[{"@type":"SearchAction","target":{"@type":"EntryPoint","urlTemplate":"https:\/\/blogs2.uef.fi\/biodiversityeducation-vanha\/?s={search_term_string}"},"query-input":{"@type":"PropertyValueSpecification","valueRequired":true,"valueName":"search_term_string"}}],"inLanguage":"fi"},{"@type":"Organization","@id":"https:\/\/blogs2.uef.fi\/biodiversityeducation-vanha\/#organization","name":"Biodiversiteettikoulutusverkosto","url":"https:\/\/blogs2.uef.fi\/biodiversityeducation-vanha\/","logo":{"@type":"ImageObject","inLanguage":"fi","@id":"https:\/\/blogs2.uef.fi\/biodiversityeducation-vanha\/#\/schema\/logo\/image\/","url":"https:\/\/blogs2.uef.fi\/biodiversityeducation-vanha\/wp-content\/uploads\/sites\/110\/2023\/01\/Logo-ja-teksti.png","contentUrl":"https:\/\/blogs2.uef.fi\/biodiversityeducation-vanha\/wp-content\/uploads\/sites\/110\/2023\/01\/Logo-ja-teksti.png","width":785,"height":247,"caption":"Biodiversiteettikoulutusverkosto"},"image":{"@id":"https:\/\/blogs2.uef.fi\/biodiversityeducation-vanha\/#\/schema\/logo\/image\/"}}]}},"_links":{"self":[{"href":"https:\/\/blogs2.uef.fi\/biodiversityeducation-vanha\/wp-json\/wp\/v2\/pages\/578","targetHints":{"allow":["GET"]}}],"collection":[{"href":"https:\/\/blogs2.uef.fi\/biodiversityeducation-vanha\/wp-json\/wp\/v2\/pages"}],"about":[{"href":"https:\/\/blogs2.uef.fi\/biodiversityeducation-vanha\/wp-json\/wp\/v2\/types\/page"}],"author":[{"embeddable":true,"href":"https:\/\/blogs2.uef.fi\/biodiversityeducation-vanha\/wp-json\/wp\/v2\/users\/611"}],"replies":[{"embeddable":true,"href":"https:\/\/blogs2.uef.fi\/biodiversityeducation-vanha\/wp-json\/wp\/v2\/comments?post=578"}],"version-history":[{"count":1,"href":"https:\/\/blogs2.uef.fi\/biodiversityeducation-vanha\/wp-json\/wp\/v2\/pages\/578\/revisions"}],"predecessor-version":[{"id":3300,"href":"https:\/\/blogs2.uef.fi\/biodiversityeducation-vanha\/wp-json\/wp\/v2\/pages\/578\/revisions\/3300"}],"up":[{"embeddable":true,"href":"https:\/\/blogs2.uef.fi\/biodiversityeducation-vanha\/wp-json\/wp\/v2\/pages\/123"}],"wp:attachment":[{"href":"https:\/\/blogs2.uef.fi\/biodiversityeducation-vanha\/wp-json\/wp\/v2\/media?parent=578"}],"curies":[{"name":"wp","href":"https:\/\/api.w.org\/{rel}","templated":true}]}}