{"id":106,"date":"2020-03-11T10:14:18","date_gmt":"2020-03-11T08:14:18","guid":{"rendered":"https:\/\/www.biotalouskoulutusitasuomi.fi\/?page_id=106"},"modified":"2020-03-11T10:20:05","modified_gmt":"2020-03-11T08:20:05","slug":"data-protection-and-prosessing-of-personal-data-in-uef","status":"publish","type":"page","link":"https:\/\/blogs2.uef.fi\/biotalouskoulutus\/en\/data-protection-and-prosessing-of-personal-data-in-uef\/","title":{"rendered":"Data protection"},"content":{"rendered":"\n<p>\n\nData protection is a fundamental right that safeguards the rights and freedoms of data subjects when personal data is processed. The purpose of data protection is to define when and on what conditions personal data can be processed.&nbsp;&nbsp;The processing of personal data must always be based on law.&nbsp;<a href=\"http:\/\/www.uef.fi\/documents\/1908796\/0\/EU+GDPR+englanniksi-dGBHHkyt.pdf\/31348783-052d-46f3-925a-f1b6de28384f\" target=\"_blank\" rel=\"noreferrer noopener\">The EU\u2019s General Data Protection Regulation (2016\/679, GDPR)<\/a>&nbsp;becomes enforceable from 25 May 2018. The GDPR specifies and unifies the rules of personal data processing in the EU Member States. The requirements of the GDPR need to be observed in all processing of personal data: within processes, information systems and acquisitions.&nbsp;&nbsp;The most important change introduced by the GDPR is accountability. In other words, it is not enough to merely comply with personal data legislation; we also need to be able to demonstrate this compliance through, for example, various documents.&nbsp;&nbsp;&nbsp;For supervisory authorities, the GDPR gives more power, including the possibility to impose financial sanctions (fines) in case of negligence. For citizens, this means better informational self-determination.&nbsp;<\/p>\n\n\n\n<h2 class=\"wp-block-heading\">Processing of personal data<\/h2>\n\n\n\n<p><a href=\"http:\/\/www.uef.fi\/documents\/1908796\/0\/What+is+personal+data.pdf\/97f0e574-3466-4c5e-8487-75c20d528b1e\" target=\"_blank\" rel=\"noreferrer noopener\">Personal data<\/a>&nbsp;refers to any information that can be traced, either directly or indirectly, to an identifiable person. For example, a person\u2019s name, social security number, occupation, location data, email address, photograph, voice, IP address and even vehicle registration plate may constitute personal data which needs to be processed by taking the person\u2019s privacy protection into consideration.&nbsp;&nbsp;<\/p>\n\n\n\n<h2 class=\"wp-block-heading\">What changes with the GDPR?<\/h2>\n\n\n\n<p>The university is required to:<\/p>\n\n\n\n<ul class=\"wp-block-list\"><li>process personal data only to the extent required by its activities<\/li><li>carry out sufficient measures to comply with the GDPR (e.g. information security, access control, log files, data encryption, instructions, regulations, training, non-disclosure agreements)&nbsp;observe the requirements of the GDPR in both its current procedures and information systems, and in the planning of new ones<\/li><li>make an assessment of personal data processing risks and, if necessary, carry out an impact assessment that charts potential risks posed by data processing on privacy, and measures that are necessary to minimise those risks<\/li><li>uphold the rights of data subjects.<\/li><\/ul>\n\n\n\n<p>Data subjects have more and increasingly specific rights. Persons whose information is being processed are called data subjects.&nbsp;&nbsp;Data subjects have the right, e.g., to:<\/p>\n\n\n\n<ul class=\"wp-block-list\"><li>request information about whether and which of their information is being processed&nbsp;<\/li><li>obtain this information in a transparent, easily understandable and accessible format<\/li><li>demand the correction of their personal data<\/li><li>be forgotten, i.e. be fully erased from the register (not applicable to statutory registers)<\/li><li>object to their personal data being processed in certain situations.&nbsp;<\/li><\/ul>\n\n\n\n<p>To exercise his or her rights at the University of Eastern Finland, the data subject can make a request via the university&#8217;s e-Services (staff and students), via a form available on the university\u2019s website, or by contacting the university\u2019s Data Protection Officer.&nbsp;The University of Eastern Finland respects the privacy of people and of the personal data it processes. In its privacy policy, the university commits to ensuring the privacy and information security of the personal data it processes. The university complies with the EU\u2019s General Data Protection Regulation, the Finnish legislation, and the regulations and guidelines issued by the authorities. The University of Eastern Finland makes information relating to the processing of personal data in its activities openly available.&nbsp;&nbsp;At the University of Eastern Finland, personal data are processed within the following processes. Please refer to the list below to learn more about the processing of personal data.<\/p>\n\n\n\n<ul class=\"wp-block-list\"><li>Case&nbsp; management and decision-making<\/li><li>Academic administraion<\/li><li>Academic administration in the Teacher Training School<\/li><li>Human resources management<\/li><li>User management<\/li><li>Log file management<\/li><li>Recruitment<\/li><li>Stakeholder collaboration<\/li><li>Video surveillance<\/li><li>Use of electronic learning environments<\/li><li>Financial administration<\/li><li>Activities of the library<\/li><li>Activities of the pharmacy<\/li><li>Facilities maintenance<\/li><li>UEF website maintenance<\/li><li>Processing of external funding applications<\/li><li>Scientific research<\/li><\/ul>\n","protected":false},"excerpt":{"rendered":"<p>Data protection is a fundamental right that safeguards the rights and freedoms of data subjects when personal data is processed. The purpose of data protection is to define when and on what conditions personal data can be processed.&nbsp;&nbsp;The processing of personal data must always be based on law.&nbsp;The EU\u2019s General Data Protection Regulation (2016\/679, GDPR)&nbsp;becomes [&hellip;]<\/p>\n","protected":false},"author":1,"featured_media":0,"parent":0,"menu_order":0,"comment_status":"closed","ping_status":"open","template":"","meta":{"_acf_changed":false,"_relevanssi_hide_post":"","_relevanssi_hide_content":"","_relevanssi_pin_for_all":"","_relevanssi_pin_keywords":"","_relevanssi_unpin_keywords":"","_relevanssi_related_keywords":"","_relevanssi_related_include_ids":"","_relevanssi_related_exclude_ids":"","_relevanssi_related_no_append":"","_relevanssi_related_not_related":"","_relevanssi_related_posts":"","_relevanssi_noindex_reason":"","footnotes":""},"class_list":["post-106","page","type-page","status-publish","hentry"],"acf":[],"yoast_head":"<!-- This site is optimized with the Yoast SEO plugin v27.3 - https:\/\/yoast.com\/product\/yoast-seo-wordpress\/ -->\n<title>Data protection - Biotalouden erikoistumiskoulutus It\u00e4-Suomi<\/title>\n<meta name=\"robots\" content=\"index, follow, max-snippet:-1, max-image-preview:large, max-video-preview:-1\" \/>\n<link rel=\"canonical\" href=\"https:\/\/blogs2.uef.fi\/biotalouskoulutus\/tietosuojaseloste\/\" \/>\n<meta property=\"og:locale\" content=\"en_US\" \/>\n<meta property=\"og:type\" content=\"article\" \/>\n<meta property=\"og:title\" content=\"Data protection - Biotalouden erikoistumiskoulutus It\u00e4-Suomi\" \/>\n<meta property=\"og:description\" content=\"Data protection is a fundamental right that safeguards the rights and freedoms of data subjects when personal data is processed. The purpose of data protection is to define when and on what conditions personal data can be processed.&nbsp;&nbsp;The processing of personal data must always be based on law.&nbsp;The EU\u2019s General Data Protection Regulation (2016\/679, GDPR)&nbsp;becomes [&hellip;]\" \/>\n<meta property=\"og:url\" content=\"https:\/\/blogs2.uef.fi\/biotalouskoulutus\/tietosuojaseloste\/\" \/>\n<meta property=\"og:site_name\" content=\"Biotalouden erikoistumiskoulutus It\u00e4-Suomi\" \/>\n<meta property=\"article:modified_time\" content=\"2020-03-11T08:20:05+00:00\" \/>\n<meta name=\"twitter:card\" content=\"summary_large_image\" \/>\n<meta name=\"twitter:label1\" content=\"Est. reading time\" \/>\n\t<meta name=\"twitter:data1\" content=\"3 minutes\" \/>\n<script type=\"application\/ld+json\" class=\"yoast-schema-graph\">{\"@context\":\"https:\\\/\\\/schema.org\",\"@graph\":[{\"@type\":\"WebPage\",\"@id\":\"https:\\\/\\\/blogs2.uef.fi\\\/biotalouskoulutus\\\/tietosuojaseloste\\\/\",\"url\":\"https:\\\/\\\/blogs2.uef.fi\\\/biotalouskoulutus\\\/tietosuojaseloste\\\/\",\"name\":\"Data protection - Biotalouden erikoistumiskoulutus It\u00e4-Suomi\",\"isPartOf\":{\"@id\":\"https:\\\/\\\/www.biotalouskoulutus.fi\\\/#website\"},\"datePublished\":\"2020-03-11T08:14:18+00:00\",\"dateModified\":\"2020-03-11T08:20:05+00:00\",\"breadcrumb\":{\"@id\":\"https:\\\/\\\/blogs2.uef.fi\\\/biotalouskoulutus\\\/tietosuojaseloste\\\/#breadcrumb\"},\"inLanguage\":\"en-US\",\"potentialAction\":[{\"@type\":\"ReadAction\",\"target\":[\"https:\\\/\\\/blogs2.uef.fi\\\/biotalouskoulutus\\\/tietosuojaseloste\\\/\"]}]},{\"@type\":\"BreadcrumbList\",\"@id\":\"https:\\\/\\\/blogs2.uef.fi\\\/biotalouskoulutus\\\/tietosuojaseloste\\\/#breadcrumb\",\"itemListElement\":[{\"@type\":\"ListItem\",\"position\":1,\"name\":\"Home\",\"item\":\"https:\\\/\\\/blogs2.uef.fi\\\/biotalouskoulutus\\\/\"},{\"@type\":\"ListItem\",\"position\":2,\"name\":\"Data protection\"}]},{\"@type\":\"WebSite\",\"@id\":\"https:\\\/\\\/www.biotalouskoulutus.fi\\\/#website\",\"url\":\"https:\\\/\\\/www.biotalouskoulutus.fi\\\/\",\"name\":\"Biotalouden erikoistumiskoulutus It\u00e4-Suomi\",\"description\":\"Biotalouden erikoistumiskoulutus It\u00e4-Suomessa - innovaatioita ja osaamista korkeakoulujen ja yritysen yhteisty\u00f6n\u00e4. Koulutuksen painotukset: mets\u00e4biotalous, biotalouden sivuvirrat, biojalostus ja energiabiotalous.\",\"potentialAction\":[{\"@type\":\"SearchAction\",\"target\":{\"@type\":\"EntryPoint\",\"urlTemplate\":\"https:\\\/\\\/www.biotalouskoulutus.fi\\\/?s={search_term_string}\"},\"query-input\":{\"@type\":\"PropertyValueSpecification\",\"valueRequired\":true,\"valueName\":\"search_term_string\"}}],\"inLanguage\":\"en-US\"}]}<\/script>\n<!-- \/ Yoast SEO plugin. -->","yoast_head_json":{"title":"Data protection - Biotalouden erikoistumiskoulutus It\u00e4-Suomi","robots":{"index":"index","follow":"follow","max-snippet":"max-snippet:-1","max-image-preview":"max-image-preview:large","max-video-preview":"max-video-preview:-1"},"canonical":"https:\/\/blogs2.uef.fi\/biotalouskoulutus\/tietosuojaseloste\/","og_locale":"en_US","og_type":"article","og_title":"Data protection - Biotalouden erikoistumiskoulutus It\u00e4-Suomi","og_description":"Data protection is a fundamental right that safeguards the rights and freedoms of data subjects when personal data is processed. The purpose of data protection is to define when and on what conditions personal data can be processed.&nbsp;&nbsp;The processing of personal data must always be based on law.&nbsp;The EU\u2019s General Data Protection Regulation (2016\/679, GDPR)&nbsp;becomes [&hellip;]","og_url":"https:\/\/blogs2.uef.fi\/biotalouskoulutus\/tietosuojaseloste\/","og_site_name":"Biotalouden erikoistumiskoulutus It\u00e4-Suomi","article_modified_time":"2020-03-11T08:20:05+00:00","twitter_card":"summary_large_image","twitter_misc":{"Est. reading time":"3 minutes"},"schema":{"@context":"https:\/\/schema.org","@graph":[{"@type":"WebPage","@id":"https:\/\/blogs2.uef.fi\/biotalouskoulutus\/tietosuojaseloste\/","url":"https:\/\/blogs2.uef.fi\/biotalouskoulutus\/tietosuojaseloste\/","name":"Data protection - Biotalouden erikoistumiskoulutus It\u00e4-Suomi","isPartOf":{"@id":"https:\/\/www.biotalouskoulutus.fi\/#website"},"datePublished":"2020-03-11T08:14:18+00:00","dateModified":"2020-03-11T08:20:05+00:00","breadcrumb":{"@id":"https:\/\/blogs2.uef.fi\/biotalouskoulutus\/tietosuojaseloste\/#breadcrumb"},"inLanguage":"en-US","potentialAction":[{"@type":"ReadAction","target":["https:\/\/blogs2.uef.fi\/biotalouskoulutus\/tietosuojaseloste\/"]}]},{"@type":"BreadcrumbList","@id":"https:\/\/blogs2.uef.fi\/biotalouskoulutus\/tietosuojaseloste\/#breadcrumb","itemListElement":[{"@type":"ListItem","position":1,"name":"Home","item":"https:\/\/blogs2.uef.fi\/biotalouskoulutus\/"},{"@type":"ListItem","position":2,"name":"Data protection"}]},{"@type":"WebSite","@id":"https:\/\/www.biotalouskoulutus.fi\/#website","url":"https:\/\/www.biotalouskoulutus.fi\/","name":"Biotalouden erikoistumiskoulutus It\u00e4-Suomi","description":"Biotalouden erikoistumiskoulutus It\u00e4-Suomessa - innovaatioita ja osaamista korkeakoulujen ja yritysen yhteisty\u00f6n\u00e4. Koulutuksen painotukset: mets\u00e4biotalous, biotalouden sivuvirrat, biojalostus ja energiabiotalous.","potentialAction":[{"@type":"SearchAction","target":{"@type":"EntryPoint","urlTemplate":"https:\/\/www.biotalouskoulutus.fi\/?s={search_term_string}"},"query-input":{"@type":"PropertyValueSpecification","valueRequired":true,"valueName":"search_term_string"}}],"inLanguage":"en-US"}]}},"_links":{"self":[{"href":"https:\/\/blogs2.uef.fi\/biotalouskoulutus\/en\/wp-json\/wp\/v2\/pages\/106","targetHints":{"allow":["GET"]}}],"collection":[{"href":"https:\/\/blogs2.uef.fi\/biotalouskoulutus\/en\/wp-json\/wp\/v2\/pages"}],"about":[{"href":"https:\/\/blogs2.uef.fi\/biotalouskoulutus\/en\/wp-json\/wp\/v2\/types\/page"}],"author":[{"embeddable":true,"href":"https:\/\/blogs2.uef.fi\/biotalouskoulutus\/en\/wp-json\/wp\/v2\/users\/1"}],"replies":[{"embeddable":true,"href":"https:\/\/blogs2.uef.fi\/biotalouskoulutus\/en\/wp-json\/wp\/v2\/comments?post=106"}],"version-history":[{"count":3,"href":"https:\/\/blogs2.uef.fi\/biotalouskoulutus\/en\/wp-json\/wp\/v2\/pages\/106\/revisions"}],"predecessor-version":[{"id":114,"href":"https:\/\/blogs2.uef.fi\/biotalouskoulutus\/en\/wp-json\/wp\/v2\/pages\/106\/revisions\/114"}],"wp:attachment":[{"href":"https:\/\/blogs2.uef.fi\/biotalouskoulutus\/en\/wp-json\/wp\/v2\/media?parent=106"}],"curies":[{"name":"wp","href":"https:\/\/api.w.org\/{rel}","templated":true}]}}