{"id":194,"date":"2020-03-12T15:22:21","date_gmt":"2020-03-12T13:22:21","guid":{"rendered":"https:\/\/www.biotalouskoulutusitasuomi.fi\/?page_id=194"},"modified":"2021-03-24T16:05:32","modified_gmt":"2021-03-24T14:05:32","slug":"contact","status":"publish","type":"page","link":"https:\/\/blogs2.uef.fi\/biotalouskoulutus\/en\/contact\/","title":{"rendered":"Contact"},"content":{"rendered":"\r\n<h2 class=\"wp-block-heading\">Contact persons for Bioeconomy specialisation studies<\/h2>\r\n\r\n\r\n\r\n<h4 class=\"wp-block-heading\">University of Eastern Finland<\/h4>\r\n<p>Piritta Torssonen, piritta.torssonen(at)uef.fi, tel.+358 50 405 8236<\/p>\r\n\r\n\r\n\r\n\r\n\r\n<p>Laura Tomppo, laura.tomppo(at)uef.fi, tel.+358 40 355 2541<\/p>\r\n\r\n\r\n\r\n<h4 class=\"wp-block-heading\">Karelia University of Applied Sciences<\/h4>\r\n\r\n\r\n\r\n<p>Sini Rantanen, sini.rantanen(at)karelia.fi, tel.+358 50 462 1967<\/p>\r\n\r\n\r\n\r\n<h4 class=\"wp-block-heading\">Savonia\u00a0 University of Applied Sciences<\/h4>\r\n\r\n\r\n\r\n<p>Kasperi Vuorikari, kasperi.vuorikari(at)savonia.fi, tel. +358 44 785 6027<\/p>\r\n<p>Tanja Pentinsaari, tanja.pentisaari(at)savonia.fi, tel.+358 44 785 6762<\/p>\r\n\r\n\r\n\r\n<p>More information on the Finnish national network of Bioeconomy specialisation studies (in Finnish):\u00a0<a href=\"http:\/\/www.biotalouskoulutus.fi\/\">www.biotalouskoulutus.fi<\/a><\/p>\r\n","protected":false},"excerpt":{"rendered":"<p>Contact persons for Bioeconomy specialisation studies University of Eastern Finland Piritta Torssonen, piritta.torssonen(at)uef.fi, tel.+358 50 405 8236 Laura Tomppo, laura.tomppo(at)uef.fi, tel.+358 40 355 2541 Karelia University of Applied Sciences Sini Rantanen, sini.rantanen(at)karelia.fi, tel.+358 50 462 1967 Savonia\u00a0 University of Applied Sciences Kasperi Vuorikari, kasperi.vuorikari(at)savonia.fi, tel. +358 44 785 6027 Tanja Pentinsaari, tanja.pentisaari(at)savonia.fi, tel.+358 44 785 [&hellip;]<\/p>\n","protected":false},"author":1,"featured_media":28,"parent":0,"menu_order":0,"comment_status":"closed","ping_status":"closed","template":"","meta":{"_acf_changed":false,"_relevanssi_hide_post":"","_relevanssi_hide_content":"","_relevanssi_pin_for_all":"","_relevanssi_pin_keywords":"","_relevanssi_unpin_keywords":"","_relevanssi_related_keywords":"","_relevanssi_related_include_ids":"","_relevanssi_related_exclude_ids":"","_relevanssi_related_no_append":"","_relevanssi_related_not_related":"","_relevanssi_related_posts":"","_relevanssi_noindex_reason":"","footnotes":""},"class_list":["post-194","page","type-page","status-publish","has-post-thumbnail","hentry"],"acf":[],"yoast_head":"<!-- This site is optimized with the Yoast SEO plugin v27.3 - https:\/\/yoast.com\/product\/yoast-seo-wordpress\/ -->\n<title>Contact - Biotalouden erikoistumiskoulutus It\u00e4-Suomi<\/title>\n<meta name=\"robots\" content=\"index, follow, max-snippet:-1, max-image-preview:large, max-video-preview:-1\" \/>\n<link rel=\"canonical\" href=\"https:\/\/blogs2.uef.fi\/biotalouskoulutus\/yhteyshenkilot\/\" \/>\n<meta property=\"og:locale\" content=\"en_US\" \/>\n<meta property=\"og:type\" content=\"article\" \/>\n<meta property=\"og:title\" content=\"Contact - Biotalouden erikoistumiskoulutus It\u00e4-Suomi\" \/>\n<meta property=\"og:description\" content=\"Contact persons for Bioeconomy specialisation studies University of Eastern Finland Piritta Torssonen, piritta.torssonen(at)uef.fi, tel.+358 50 405 8236 Laura Tomppo, laura.tomppo(at)uef.fi, tel.+358 40 355 2541 Karelia University of Applied Sciences Sini Rantanen, sini.rantanen(at)karelia.fi, tel.+358 50 462 1967 Savonia\u00a0 University of Applied Sciences Kasperi Vuorikari, kasperi.vuorikari(at)savonia.fi, tel. +358 44 785 6027 Tanja Pentinsaari, tanja.pentisaari(at)savonia.fi, tel.+358 44 785 [&hellip;]\" \/>\n<meta property=\"og:url\" content=\"https:\/\/blogs2.uef.fi\/biotalouskoulutus\/yhteyshenkilot\/\" \/>\n<meta property=\"og:site_name\" content=\"Biotalouden erikoistumiskoulutus It\u00e4-Suomi\" \/>\n<meta property=\"article:modified_time\" content=\"2021-03-24T14:05:32+00:00\" \/>\n<meta property=\"og:image\" content=\"https:\/\/blogs2.uef.fi\/biotalouskoulutus\/wp-content\/uploads\/sites\/71\/2020\/03\/bill-oxford-tR0PPLuN6Pw-unsplash-scaled.jpg\" \/>\n\t<meta property=\"og:image:width\" content=\"2560\" \/>\n\t<meta property=\"og:image:height\" content=\"1707\" \/>\n\t<meta property=\"og:image:type\" content=\"image\/jpeg\" \/>\n<meta name=\"twitter:card\" content=\"summary_large_image\" \/>\n<script type=\"application\/ld+json\" class=\"yoast-schema-graph\">{\"@context\":\"https:\\\/\\\/schema.org\",\"@graph\":[{\"@type\":\"WebPage\",\"@id\":\"https:\\\/\\\/blogs2.uef.fi\\\/biotalouskoulutus\\\/yhteyshenkilot\\\/\",\"url\":\"https:\\\/\\\/blogs2.uef.fi\\\/biotalouskoulutus\\\/yhteyshenkilot\\\/\",\"name\":\"Contact - Biotalouden erikoistumiskoulutus It\u00e4-Suomi\",\"isPartOf\":{\"@id\":\"https:\\\/\\\/www.biotalouskoulutus.fi\\\/#website\"},\"primaryImageOfPage\":{\"@id\":\"https:\\\/\\\/blogs2.uef.fi\\\/biotalouskoulutus\\\/yhteyshenkilot\\\/#primaryimage\"},\"image\":{\"@id\":\"https:\\\/\\\/blogs2.uef.fi\\\/biotalouskoulutus\\\/yhteyshenkilot\\\/#primaryimage\"},\"thumbnailUrl\":\"https:\\\/\\\/blogs2.uef.fi\\\/biotalouskoulutus\\\/wp-content\\\/uploads\\\/sites\\\/71\\\/2020\\\/03\\\/bill-oxford-tR0PPLuN6Pw-unsplash-scaled.jpg\",\"datePublished\":\"2020-03-12T13:22:21+00:00\",\"dateModified\":\"2021-03-24T14:05:32+00:00\",\"breadcrumb\":{\"@id\":\"https:\\\/\\\/blogs2.uef.fi\\\/biotalouskoulutus\\\/yhteyshenkilot\\\/#breadcrumb\"},\"inLanguage\":\"en-US\",\"potentialAction\":[{\"@type\":\"ReadAction\",\"target\":[\"https:\\\/\\\/blogs2.uef.fi\\\/biotalouskoulutus\\\/yhteyshenkilot\\\/\"]}]},{\"@type\":\"ImageObject\",\"inLanguage\":\"en-US\",\"@id\":\"https:\\\/\\\/blogs2.uef.fi\\\/biotalouskoulutus\\\/yhteyshenkilot\\\/#primaryimage\",\"url\":\"https:\\\/\\\/blogs2.uef.fi\\\/biotalouskoulutus\\\/wp-content\\\/uploads\\\/sites\\\/71\\\/2020\\\/03\\\/bill-oxford-tR0PPLuN6Pw-unsplash-scaled.jpg\",\"contentUrl\":\"https:\\\/\\\/blogs2.uef.fi\\\/biotalouskoulutus\\\/wp-content\\\/uploads\\\/sites\\\/71\\\/2020\\\/03\\\/bill-oxford-tR0PPLuN6Pw-unsplash-scaled.jpg\",\"width\":2560,\"height\":1707},{\"@type\":\"BreadcrumbList\",\"@id\":\"https:\\\/\\\/blogs2.uef.fi\\\/biotalouskoulutus\\\/yhteyshenkilot\\\/#breadcrumb\",\"itemListElement\":[{\"@type\":\"ListItem\",\"position\":1,\"name\":\"Home\",\"item\":\"https:\\\/\\\/blogs2.uef.fi\\\/biotalouskoulutus\\\/\"},{\"@type\":\"ListItem\",\"position\":2,\"name\":\"Contact\"}]},{\"@type\":\"WebSite\",\"@id\":\"https:\\\/\\\/www.biotalouskoulutus.fi\\\/#website\",\"url\":\"https:\\\/\\\/www.biotalouskoulutus.fi\\\/\",\"name\":\"Biotalouden erikoistumiskoulutus It\u00e4-Suomi\",\"description\":\"Biotalouden erikoistumiskoulutus It\u00e4-Suomessa - innovaatioita ja osaamista korkeakoulujen ja yritysen yhteisty\u00f6n\u00e4. Koulutuksen painotukset: mets\u00e4biotalous, biotalouden sivuvirrat, biojalostus ja energiabiotalous.\",\"potentialAction\":[{\"@type\":\"SearchAction\",\"target\":{\"@type\":\"EntryPoint\",\"urlTemplate\":\"https:\\\/\\\/www.biotalouskoulutus.fi\\\/?s={search_term_string}\"},\"query-input\":{\"@type\":\"PropertyValueSpecification\",\"valueRequired\":true,\"valueName\":\"search_term_string\"}}],\"inLanguage\":\"en-US\"}]}<\/script>\n<!-- \/ Yoast SEO plugin. -->","yoast_head_json":{"title":"Contact - Biotalouden erikoistumiskoulutus It\u00e4-Suomi","robots":{"index":"index","follow":"follow","max-snippet":"max-snippet:-1","max-image-preview":"max-image-preview:large","max-video-preview":"max-video-preview:-1"},"canonical":"https:\/\/blogs2.uef.fi\/biotalouskoulutus\/yhteyshenkilot\/","og_locale":"en_US","og_type":"article","og_title":"Contact - Biotalouden erikoistumiskoulutus It\u00e4-Suomi","og_description":"Contact persons for Bioeconomy specialisation studies University of Eastern Finland Piritta Torssonen, piritta.torssonen(at)uef.fi, tel.+358 50 405 8236 Laura Tomppo, laura.tomppo(at)uef.fi, tel.+358 40 355 2541 Karelia University of Applied Sciences Sini Rantanen, sini.rantanen(at)karelia.fi, tel.+358 50 462 1967 Savonia\u00a0 University of Applied Sciences Kasperi Vuorikari, kasperi.vuorikari(at)savonia.fi, tel. +358 44 785 6027 Tanja Pentinsaari, tanja.pentisaari(at)savonia.fi, tel.+358 44 785 [&hellip;]","og_url":"https:\/\/blogs2.uef.fi\/biotalouskoulutus\/yhteyshenkilot\/","og_site_name":"Biotalouden erikoistumiskoulutus It\u00e4-Suomi","article_modified_time":"2021-03-24T14:05:32+00:00","og_image":[{"width":2560,"height":1707,"url":"https:\/\/blogs2.uef.fi\/biotalouskoulutus\/wp-content\/uploads\/sites\/71\/2020\/03\/bill-oxford-tR0PPLuN6Pw-unsplash-scaled.jpg","type":"image\/jpeg"}],"twitter_card":"summary_large_image","schema":{"@context":"https:\/\/schema.org","@graph":[{"@type":"WebPage","@id":"https:\/\/blogs2.uef.fi\/biotalouskoulutus\/yhteyshenkilot\/","url":"https:\/\/blogs2.uef.fi\/biotalouskoulutus\/yhteyshenkilot\/","name":"Contact - Biotalouden erikoistumiskoulutus It\u00e4-Suomi","isPartOf":{"@id":"https:\/\/www.biotalouskoulutus.fi\/#website"},"primaryImageOfPage":{"@id":"https:\/\/blogs2.uef.fi\/biotalouskoulutus\/yhteyshenkilot\/#primaryimage"},"image":{"@id":"https:\/\/blogs2.uef.fi\/biotalouskoulutus\/yhteyshenkilot\/#primaryimage"},"thumbnailUrl":"https:\/\/blogs2.uef.fi\/biotalouskoulutus\/wp-content\/uploads\/sites\/71\/2020\/03\/bill-oxford-tR0PPLuN6Pw-unsplash-scaled.jpg","datePublished":"2020-03-12T13:22:21+00:00","dateModified":"2021-03-24T14:05:32+00:00","breadcrumb":{"@id":"https:\/\/blogs2.uef.fi\/biotalouskoulutus\/yhteyshenkilot\/#breadcrumb"},"inLanguage":"en-US","potentialAction":[{"@type":"ReadAction","target":["https:\/\/blogs2.uef.fi\/biotalouskoulutus\/yhteyshenkilot\/"]}]},{"@type":"ImageObject","inLanguage":"en-US","@id":"https:\/\/blogs2.uef.fi\/biotalouskoulutus\/yhteyshenkilot\/#primaryimage","url":"https:\/\/blogs2.uef.fi\/biotalouskoulutus\/wp-content\/uploads\/sites\/71\/2020\/03\/bill-oxford-tR0PPLuN6Pw-unsplash-scaled.jpg","contentUrl":"https:\/\/blogs2.uef.fi\/biotalouskoulutus\/wp-content\/uploads\/sites\/71\/2020\/03\/bill-oxford-tR0PPLuN6Pw-unsplash-scaled.jpg","width":2560,"height":1707},{"@type":"BreadcrumbList","@id":"https:\/\/blogs2.uef.fi\/biotalouskoulutus\/yhteyshenkilot\/#breadcrumb","itemListElement":[{"@type":"ListItem","position":1,"name":"Home","item":"https:\/\/blogs2.uef.fi\/biotalouskoulutus\/"},{"@type":"ListItem","position":2,"name":"Contact"}]},{"@type":"WebSite","@id":"https:\/\/www.biotalouskoulutus.fi\/#website","url":"https:\/\/www.biotalouskoulutus.fi\/","name":"Biotalouden erikoistumiskoulutus It\u00e4-Suomi","description":"Biotalouden erikoistumiskoulutus It\u00e4-Suomessa - innovaatioita ja osaamista korkeakoulujen ja yritysen yhteisty\u00f6n\u00e4. Koulutuksen painotukset: mets\u00e4biotalous, biotalouden sivuvirrat, biojalostus ja energiabiotalous.","potentialAction":[{"@type":"SearchAction","target":{"@type":"EntryPoint","urlTemplate":"https:\/\/www.biotalouskoulutus.fi\/?s={search_term_string}"},"query-input":{"@type":"PropertyValueSpecification","valueRequired":true,"valueName":"search_term_string"}}],"inLanguage":"en-US"}]}},"_links":{"self":[{"href":"https:\/\/blogs2.uef.fi\/biotalouskoulutus\/en\/wp-json\/wp\/v2\/pages\/194","targetHints":{"allow":["GET"]}}],"collection":[{"href":"https:\/\/blogs2.uef.fi\/biotalouskoulutus\/en\/wp-json\/wp\/v2\/pages"}],"about":[{"href":"https:\/\/blogs2.uef.fi\/biotalouskoulutus\/en\/wp-json\/wp\/v2\/types\/page"}],"author":[{"embeddable":true,"href":"https:\/\/blogs2.uef.fi\/biotalouskoulutus\/en\/wp-json\/wp\/v2\/users\/1"}],"replies":[{"embeddable":true,"href":"https:\/\/blogs2.uef.fi\/biotalouskoulutus\/en\/wp-json\/wp\/v2\/comments?post=194"}],"version-history":[{"count":3,"href":"https:\/\/blogs2.uef.fi\/biotalouskoulutus\/en\/wp-json\/wp\/v2\/pages\/194\/revisions"}],"predecessor-version":[{"id":1931,"href":"https:\/\/blogs2.uef.fi\/biotalouskoulutus\/en\/wp-json\/wp\/v2\/pages\/194\/revisions\/1931"}],"wp:featuredmedia":[{"embeddable":true,"href":"https:\/\/blogs2.uef.fi\/biotalouskoulutus\/en\/wp-json\/wp\/v2\/media\/28"}],"wp:attachment":[{"href":"https:\/\/blogs2.uef.fi\/biotalouskoulutus\/en\/wp-json\/wp\/v2\/media?parent=194"}],"curies":[{"name":"wp","href":"https:\/\/api.w.org\/{rel}","templated":true}]}}