{"id":2282,"date":"2021-06-09T13:16:25","date_gmt":"2021-06-09T10:16:25","guid":{"rendered":"https:\/\/www.biotalouskoulutusitasuomi.fi\/?page_id=2282"},"modified":"2024-12-17T15:47:02","modified_gmt":"2024-12-17T13:47:02","slug":"bioeconomy-webinars","status":"publish","type":"page","link":"https:\/\/blogs2.uef.fi\/biotalouskoulutus\/en\/bioeconomy-webinars\/","title":{"rendered":"Webinars"},"content":{"rendered":"<h4>ORGANIZED WEBINARS AND SEMINARS<\/h4>\n<p>Based on the <a href=\"https:\/\/www.biotalouskoulutusitasuomi.fi\/en\/development\/greenmobeco-2022-2024\/\">collaboration between 7 Chilean and Finnish universities<\/a> there has be arranged bioeconomy webinars. Aim of the webinars were to share the knowledge on bioeconomy and enable to create new collaboration between Chile and Finland. Collaboration can educational or RDI activities to name a few.<\/p>\n<p><strong>21.11.2024 The role of waste management to achieve circular (bio)economy and sustainable development goals &#8211; webinar<\/strong><\/p>\n<ul>\n<li>Opening words by Rodrigo Morales-Vera, Ph.D., Catholic University of Maule. Chile<\/li>\n<li>\u201cBioeconomy, Waste Management and Sustainable Development Goals: The Case of Finland\u201d Harri Auvinen, Ph.D. Savonia University of Applied Science.<\/li>\n<li>\u201cRecycling and Revalorization of Photovoltaic Technologies: A Sustainable Path for Solar industry\u201d Cristobal Montalba, Ph.D. University of Talca. Chile<\/li>\n<li>\u201cFrom purposeless residues to biocomposites: A hyphae made connection\u201d Carlos Alvares Vasco, Ph.D. University of ICESI. Colombia<\/li>\n<li>\u201cLife Cycle Assessment as a Tool for Achieving a Sustainable Bioeconomy System\u201d Rodrigo Morales Vera, Ph.D. Catholic University of Maule. Chile<\/li>\n<li>Panel discussion. Q\/A from chair and audience<\/li>\n<li>Closing words by Harri Auvinen, Ph.D. Savonia University of Applied Science<\/li>\n<\/ul>\n<p>This webinar was organized as part of the <a href=\"https:\/\/is4ie.org\/events\/event\/international-industrial-ecology-day-2024\">Industrial Ecology Day 2024<\/a>.<\/p>\n<p>Webinar recording is possible to see via Relaciones Internacionales UTalca YouTube channel with title &#8220;Chile&amp;Finland international webinar: Circular (Bio)Economy and Sustainable Development Goals&#8221;.<\/p>\n<p><strong>9.4.2024 Zero Carbon Conference &#8211;\u00a0 Zero Carbon Communities 2024 &#8211; webinar<\/strong><\/p>\n<p>The third international ZERO CARBON CONFERENCE, a climate and environment conference targeted specifically towards students was held 9 April 2024. The theme was zero carbon communities, both from the public administration\u2019s point of view as well as the local communities\u2019 point of view.<\/p>\n<p>More information can be found <a href=\"http:\/\/www.enoprogramme.org\/zero-carbon-conference-2024\/\">here<\/a>.<\/p>\n<p><strong>28.9.2023 Bioeconomy and business &#8211; webinar<br \/>\n<\/strong><\/p>\n<p><strong>Programme<\/strong><\/p>\n<ul>\n<li>Opening words, Rosa Alzamora, Universidad de Concepci\u00f3n<\/li>\n<li>Nature based solutions and bioeconomy, Adri\u00e1n Rodr\u00edguez, Economic Comission for Latin America and the Caribbean<\/li>\n<li>Sustainability transition in forest bioeconomy, Katri Rusanen, University of Eastern Finland<\/li>\n<li>Bioeconomy and circularity for the agri-food sector in the south of Chile, Anibal Concha, Universidad Austral de Chile<\/li>\n<li>A bio-based entrepreurship, Claudia Godoy, BE ECO Brush<\/li>\n<li>Generating business environment for bioeconomy, Harri Auvinen, Savonia University of Applied Sciences<\/li>\n<\/ul>\n<p><strong>29.8.2023 Bioeconomy and water security &#8211; webinar<\/strong><\/p>\n<p><strong>Programme<\/strong><\/p>\n<ul>\n<li>Opening words by Harri Auvinen, Savonia University of Applies Sciences, and Carmen Bravo, Universidad Cat\u00f3lica del Maule<\/li>\n<li>Global warming: effects on the water supply in the central zone of Chile, Marcos Carrasco, Universidad Cat\u00f3lica del Maule<\/li>\n<li>A proposed smart market for water-runoff, Antonio Pinto, Universidad de Concepci\u00f3n<\/li>\n<li>Semi-automated geographical characterization of rivers using the South Rivers Toolbox, Santiago Yepez, Universidad de Concepci\u00f3n<\/li>\n<li>Aquatic toxicology at UEF: chemicals and microplastics in the environment, Jussi Kukkonen, University of Eastern Finland<\/li>\n<li>Kuopio Water Cluster; Solutions for water challenges in close cooperation with industry and research organizations\u201d, Eero Antikainen, Savonia University of Applied Sciences<\/li>\n<li>Biological purification and water reuse in a country in Mega Drought, Francisco Torres, Bioantu<\/li>\n<li>Closing words by Harri Auvinen<\/li>\n<\/ul>\n<p><strong>16.3.2023 Research seminar: examples of Chilean bioeconomy at University of Eastern Finland<br \/>\n<\/strong><\/p>\n<p>From 4 Chilean universities: Universidad Cat\u00f3lica del Maule (UCM), Universidad de Talca (UTalca) Universidad de Concepci\u00f3n (UDEC), and Universidad Austral de Chile (UACh) came visitors to Joensuu and Kuopio. During the visit Chilean researchers presented their areas of expertise on bioeconomy and circular economy.<\/p>\n<p>Topics of the seminar were: forest management and operation, industrial technologies, bioprocesses and bioproducts, environmental and resource economics.<\/p>\n<p><strong>5.10.2022 Insights to social aspects of forest certification PEFC in Chile and Finland<\/strong><\/p>\n<p><strong>Programme:<\/strong><\/p>\n<ul>\n<li>Opening words, Piritta Torssonen, University of Eastern Finland<\/li>\n<li>Challenges and recent improvements of the new standards,\n<ul>\n<li>Andr\u00e9 Laroze, Executive Secretary of PEFC Chile<\/li>\n<li>Tatu Liimatainen, General Secretary of Finland PEFC<\/li>\n<\/ul>\n<\/li>\n<li>Social aspects of new certification standards from company point of view,\n<ul>\n<li>Paulina \u00c1lvarez, Chief of certification, Arauco<\/li>\n<li>Pekka Kallio-Mannila, Head of sustainability, Stora Enso<\/li>\n<\/ul>\n<\/li>\n<li>Closing words, Paavo Pelkonen, University of Eastern Finland, emeritus professor<\/li>\n<\/ul>\n<p>&nbsp;<\/p>\n<p><strong>23.9.2021 &#8211; The future of forest bioeconomy: Joint learning between Chile and Finland<\/strong><\/p>\n<ul>\n<li>Combining Chilean and Finnish views on sustainability &#8211; Eija Rotinen, Embassy of Finland in Santiago de Chile<\/li>\n<li>Bioeconomy in Chile &#8211; Alex Berg, Universidad de Concepci\u00f3n<\/li>\n<li>Viewpoints to the bioeconomy in Finland &#8211; Jukka Tikkanen, University of Eastern Finland<\/li>\n<li>What is the forest bioeconomy and why is not Business as usual- Inazio Mart\u00ednez de Arano, European Forest Institute<\/li>\n<li>Vineyard bioeconomy: Eco-fiberboards as a circular solution for harvest waste &#8211; Amina Merlez G. Analista de Innovaci\u00f3n y Desarrollo, VSP Wine group<\/li>\n<li>Example of forest circular-bioeconomy in Finland \u2013 Niklas von Weymarn, Mets\u00e4 Spring Ltd<\/li>\n<\/ul>\n<p>Webinar is part of collaboration between Finnish and Chilean universities, <a href=\"https:\/\/www.biotalouskoulutusitasuomi.fi\/en\/co-operation-in-bioeconomy-education-development-between-chile-and-finland\/\">read more<\/a>.<\/p>\n<p>For more information:<\/p>\n<p>Piritta Torssonen, University of Eastern Finland, piritta.torssonen(at)uef.fi<\/p>\n<p>&nbsp;<\/p>\n<p>&nbsp;<\/p>\n<p>&nbsp;<\/p>\n<p>&nbsp;<\/p>\n<p>&nbsp;<\/p>\n<p>&nbsp;<\/p>\n<p>&nbsp;<\/p>\n<p>&nbsp;<\/p>\n<p>&nbsp;<\/p>\n<p>&nbsp;<\/p>\n<p>&nbsp;<\/p>\n<p>&nbsp;<\/p>\n<p>&nbsp;<\/p>\n<p>&nbsp;<\/p>\n","protected":false},"excerpt":{"rendered":"<p>ORGANIZED WEBINARS AND SEMINARS Based on the collaboration between 7 Chilean and Finnish universities there has be arranged bioeconomy webinars. Aim of the webinars were to share the knowledge on bioeconomy and enable to create new collaboration between Chile and Finland. Collaboration can educational or RDI activities to name a few. 21.11.2024 The role of [&hellip;]<\/p>\n","protected":false},"author":95,"featured_media":0,"parent":0,"menu_order":1,"comment_status":"closed","ping_status":"closed","template":"","meta":{"_acf_changed":false,"_relevanssi_hide_post":"","_relevanssi_hide_content":"","_relevanssi_pin_for_all":"","_relevanssi_pin_keywords":"","_relevanssi_unpin_keywords":"","_relevanssi_related_keywords":"","_relevanssi_related_include_ids":"","_relevanssi_related_exclude_ids":"","_relevanssi_related_no_append":"","_relevanssi_related_not_related":"","_relevanssi_related_posts":"","_relevanssi_noindex_reason":"","footnotes":""},"class_list":["post-2282","page","type-page","status-publish","hentry"],"acf":[],"yoast_head":"<!-- This site is optimized with the Yoast SEO plugin v27.3 - https:\/\/yoast.com\/product\/yoast-seo-wordpress\/ -->\n<title>Webinars - Biotalouden erikoistumiskoulutus It\u00e4-Suomi<\/title>\n<meta name=\"robots\" content=\"index, follow, max-snippet:-1, max-image-preview:large, max-video-preview:-1\" \/>\n<link rel=\"canonical\" href=\"https:\/\/blogs2.uef.fi\/biotalouskoulutus\/en\/bioeconomy-webinars\/\" \/>\n<meta property=\"og:locale\" content=\"en_US\" \/>\n<meta property=\"og:type\" content=\"article\" \/>\n<meta property=\"og:title\" content=\"Webinars - Biotalouden erikoistumiskoulutus It\u00e4-Suomi\" \/>\n<meta property=\"og:description\" content=\"ORGANIZED WEBINARS AND SEMINARS Based on the collaboration between 7 Chilean and Finnish universities there has be arranged bioeconomy webinars. Aim of the webinars were to share the knowledge on bioeconomy and enable to create new collaboration between Chile and Finland. Collaboration can educational or RDI activities to name a few. 21.11.2024 The role of [&hellip;]\" \/>\n<meta property=\"og:url\" content=\"https:\/\/blogs2.uef.fi\/biotalouskoulutus\/en\/bioeconomy-webinars\/\" \/>\n<meta property=\"og:site_name\" content=\"Biotalouden erikoistumiskoulutus It\u00e4-Suomi\" \/>\n<meta property=\"article:modified_time\" content=\"2024-12-17T13:47:02+00:00\" \/>\n<meta name=\"twitter:card\" content=\"summary_large_image\" \/>\n<meta name=\"twitter:label1\" content=\"Est. reading time\" \/>\n\t<meta name=\"twitter:data1\" content=\"5 minutes\" \/>\n<script type=\"application\/ld+json\" class=\"yoast-schema-graph\">{\"@context\":\"https:\\\/\\\/schema.org\",\"@graph\":[{\"@type\":\"WebPage\",\"@id\":\"https:\\\/\\\/blogs2.uef.fi\\\/biotalouskoulutus\\\/en\\\/bioeconomy-webinars\\\/\",\"url\":\"https:\\\/\\\/blogs2.uef.fi\\\/biotalouskoulutus\\\/en\\\/bioeconomy-webinars\\\/\",\"name\":\"Webinars - Biotalouden erikoistumiskoulutus It\u00e4-Suomi\",\"isPartOf\":{\"@id\":\"https:\\\/\\\/www.biotalouskoulutus.fi\\\/#website\"},\"datePublished\":\"2021-06-09T10:16:25+00:00\",\"dateModified\":\"2024-12-17T13:47:02+00:00\",\"breadcrumb\":{\"@id\":\"https:\\\/\\\/blogs2.uef.fi\\\/biotalouskoulutus\\\/en\\\/bioeconomy-webinars\\\/#breadcrumb\"},\"inLanguage\":\"en-US\",\"potentialAction\":[{\"@type\":\"ReadAction\",\"target\":[\"https:\\\/\\\/blogs2.uef.fi\\\/biotalouskoulutus\\\/en\\\/bioeconomy-webinars\\\/\"]}]},{\"@type\":\"BreadcrumbList\",\"@id\":\"https:\\\/\\\/blogs2.uef.fi\\\/biotalouskoulutus\\\/en\\\/bioeconomy-webinars\\\/#breadcrumb\",\"itemListElement\":[{\"@type\":\"ListItem\",\"position\":1,\"name\":\"Home\",\"item\":\"https:\\\/\\\/blogs2.uef.fi\\\/biotalouskoulutus\\\/\"},{\"@type\":\"ListItem\",\"position\":2,\"name\":\"Webinars\"}]},{\"@type\":\"WebSite\",\"@id\":\"https:\\\/\\\/www.biotalouskoulutus.fi\\\/#website\",\"url\":\"https:\\\/\\\/www.biotalouskoulutus.fi\\\/\",\"name\":\"Biotalouden erikoistumiskoulutus It\u00e4-Suomi\",\"description\":\"Biotalouden erikoistumiskoulutus It\u00e4-Suomessa - innovaatioita ja osaamista korkeakoulujen ja yritysen yhteisty\u00f6n\u00e4. Koulutuksen painotukset: mets\u00e4biotalous, biotalouden sivuvirrat, biojalostus ja energiabiotalous.\",\"potentialAction\":[{\"@type\":\"SearchAction\",\"target\":{\"@type\":\"EntryPoint\",\"urlTemplate\":\"https:\\\/\\\/www.biotalouskoulutus.fi\\\/?s={search_term_string}\"},\"query-input\":{\"@type\":\"PropertyValueSpecification\",\"valueRequired\":true,\"valueName\":\"search_term_string\"}}],\"inLanguage\":\"en-US\"}]}<\/script>\n<!-- \/ Yoast SEO plugin. -->","yoast_head_json":{"title":"Webinars - Biotalouden erikoistumiskoulutus It\u00e4-Suomi","robots":{"index":"index","follow":"follow","max-snippet":"max-snippet:-1","max-image-preview":"max-image-preview:large","max-video-preview":"max-video-preview:-1"},"canonical":"https:\/\/blogs2.uef.fi\/biotalouskoulutus\/en\/bioeconomy-webinars\/","og_locale":"en_US","og_type":"article","og_title":"Webinars - Biotalouden erikoistumiskoulutus It\u00e4-Suomi","og_description":"ORGANIZED WEBINARS AND SEMINARS Based on the collaboration between 7 Chilean and Finnish universities there has be arranged bioeconomy webinars. Aim of the webinars were to share the knowledge on bioeconomy and enable to create new collaboration between Chile and Finland. Collaboration can educational or RDI activities to name a few. 21.11.2024 The role of [&hellip;]","og_url":"https:\/\/blogs2.uef.fi\/biotalouskoulutus\/en\/bioeconomy-webinars\/","og_site_name":"Biotalouden erikoistumiskoulutus It\u00e4-Suomi","article_modified_time":"2024-12-17T13:47:02+00:00","twitter_card":"summary_large_image","twitter_misc":{"Est. reading time":"5 minutes"},"schema":{"@context":"https:\/\/schema.org","@graph":[{"@type":"WebPage","@id":"https:\/\/blogs2.uef.fi\/biotalouskoulutus\/en\/bioeconomy-webinars\/","url":"https:\/\/blogs2.uef.fi\/biotalouskoulutus\/en\/bioeconomy-webinars\/","name":"Webinars - Biotalouden erikoistumiskoulutus It\u00e4-Suomi","isPartOf":{"@id":"https:\/\/www.biotalouskoulutus.fi\/#website"},"datePublished":"2021-06-09T10:16:25+00:00","dateModified":"2024-12-17T13:47:02+00:00","breadcrumb":{"@id":"https:\/\/blogs2.uef.fi\/biotalouskoulutus\/en\/bioeconomy-webinars\/#breadcrumb"},"inLanguage":"en-US","potentialAction":[{"@type":"ReadAction","target":["https:\/\/blogs2.uef.fi\/biotalouskoulutus\/en\/bioeconomy-webinars\/"]}]},{"@type":"BreadcrumbList","@id":"https:\/\/blogs2.uef.fi\/biotalouskoulutus\/en\/bioeconomy-webinars\/#breadcrumb","itemListElement":[{"@type":"ListItem","position":1,"name":"Home","item":"https:\/\/blogs2.uef.fi\/biotalouskoulutus\/"},{"@type":"ListItem","position":2,"name":"Webinars"}]},{"@type":"WebSite","@id":"https:\/\/www.biotalouskoulutus.fi\/#website","url":"https:\/\/www.biotalouskoulutus.fi\/","name":"Biotalouden erikoistumiskoulutus It\u00e4-Suomi","description":"Biotalouden erikoistumiskoulutus It\u00e4-Suomessa - innovaatioita ja osaamista korkeakoulujen ja yritysen yhteisty\u00f6n\u00e4. Koulutuksen painotukset: mets\u00e4biotalous, biotalouden sivuvirrat, biojalostus ja energiabiotalous.","potentialAction":[{"@type":"SearchAction","target":{"@type":"EntryPoint","urlTemplate":"https:\/\/www.biotalouskoulutus.fi\/?s={search_term_string}"},"query-input":{"@type":"PropertyValueSpecification","valueRequired":true,"valueName":"search_term_string"}}],"inLanguage":"en-US"}]}},"_links":{"self":[{"href":"https:\/\/blogs2.uef.fi\/biotalouskoulutus\/en\/wp-json\/wp\/v2\/pages\/2282","targetHints":{"allow":["GET"]}}],"collection":[{"href":"https:\/\/blogs2.uef.fi\/biotalouskoulutus\/en\/wp-json\/wp\/v2\/pages"}],"about":[{"href":"https:\/\/blogs2.uef.fi\/biotalouskoulutus\/en\/wp-json\/wp\/v2\/types\/page"}],"author":[{"embeddable":true,"href":"https:\/\/blogs2.uef.fi\/biotalouskoulutus\/en\/wp-json\/wp\/v2\/users\/95"}],"replies":[{"embeddable":true,"href":"https:\/\/blogs2.uef.fi\/biotalouskoulutus\/en\/wp-json\/wp\/v2\/comments?post=2282"}],"version-history":[{"count":3,"href":"https:\/\/blogs2.uef.fi\/biotalouskoulutus\/en\/wp-json\/wp\/v2\/pages\/2282\/revisions"}],"predecessor-version":[{"id":4241,"href":"https:\/\/blogs2.uef.fi\/biotalouskoulutus\/en\/wp-json\/wp\/v2\/pages\/2282\/revisions\/4241"}],"wp:attachment":[{"href":"https:\/\/blogs2.uef.fi\/biotalouskoulutus\/en\/wp-json\/wp\/v2\/media?parent=2282"}],"curies":[{"name":"wp","href":"https:\/\/api.w.org\/{rel}","templated":true}]}}