{"id":3588,"date":"2022-06-30T09:54:10","date_gmt":"2022-06-30T06:54:10","guid":{"rendered":"https:\/\/www.biotalouskoulutusitasuomi.fi\/?page_id=3588"},"modified":"2022-06-30T10:16:37","modified_gmt":"2022-06-30T07:16:37","slug":"bioeconomy-education","status":"publish","type":"page","link":"https:\/\/blogs2.uef.fi\/biotalouskoulutus\/en\/bioeconomy-education\/","title":{"rendered":"Bioeconomy education"},"content":{"rendered":"<p>University of Eastern Finland, Karelia University of Applied Sciences and Savonia University of Applied Sciences have jointly developed bioeconomy education. Each higher education institution has several degree programs as well as short degree programs in the field of bioeconomy. The cooperation has focused especially on the development of continuous learning training.<\/p>\n<p>Education opportunities:<\/p>\n<ol>\n<li>Study visits<\/li>\n<li>Webinars &amp; seminars (<a href=\"https:\/\/www.biotalouskoulutusitasuomi.fi\/en\/bioeconomy-webinars\/\">examples<\/a>)<\/li>\n<li>Courses &amp; hackathons (<a href=\"https:\/\/www.biotalouskoulutusitasuomi.fi\/en\/online-courses\/\">examples<\/a>)<\/li>\n<li>Innovation camp<\/li>\n<li><a href=\"https:\/\/www.biotalouskoulutusitasuomi.fi\/en\/programme\/\">Bioeconomy specialisation education<\/a><\/li>\n<li><a href=\"https:\/\/www.biotalouskoulutusitasuomi.fi\/en\/development\/\">Consulting &amp; networking services<\/a><\/li>\n<\/ol>\n","protected":false},"excerpt":{"rendered":"<p>University of Eastern Finland, Karelia University of Applied Sciences and Savonia University of Applied Sciences have jointly developed bioeconomy education. Each higher education institution has several degree programs as well as short degree programs in the field of bioeconomy. The cooperation has focused especially on the development of continuous learning training. Education opportunities: Study visits [&hellip;]<\/p>\n","protected":false},"author":95,"featured_media":0,"parent":0,"menu_order":0,"comment_status":"closed","ping_status":"closed","template":"","meta":{"_acf_changed":false,"_relevanssi_hide_post":"","_relevanssi_hide_content":"","_relevanssi_pin_for_all":"","_relevanssi_pin_keywords":"","_relevanssi_unpin_keywords":"","_relevanssi_related_keywords":"","_relevanssi_related_include_ids":"","_relevanssi_related_exclude_ids":"","_relevanssi_related_no_append":"","_relevanssi_related_not_related":"","_relevanssi_related_posts":"","_relevanssi_noindex_reason":"","footnotes":""},"class_list":["post-3588","page","type-page","status-publish","hentry"],"acf":[],"yoast_head":"<!-- This site is optimized with the Yoast SEO plugin v27.3 - https:\/\/yoast.com\/product\/yoast-seo-wordpress\/ -->\n<title>Bioeconomy education - Biotalouden erikoistumiskoulutus It\u00e4-Suomi<\/title>\n<meta name=\"robots\" content=\"index, follow, max-snippet:-1, max-image-preview:large, max-video-preview:-1\" \/>\n<link rel=\"canonical\" href=\"https:\/\/blogs2.uef.fi\/biotalouskoulutus\/en\/bioeconomy-education\/\" \/>\n<meta property=\"og:locale\" content=\"en_US\" \/>\n<meta property=\"og:type\" content=\"article\" \/>\n<meta property=\"og:title\" content=\"Bioeconomy education - Biotalouden erikoistumiskoulutus It\u00e4-Suomi\" \/>\n<meta property=\"og:description\" content=\"University of Eastern Finland, Karelia University of Applied Sciences and Savonia University of Applied Sciences have jointly developed bioeconomy education. Each higher education institution has several degree programs as well as short degree programs in the field of bioeconomy. The cooperation has focused especially on the development of continuous learning training. Education opportunities: Study visits [&hellip;]\" \/>\n<meta property=\"og:url\" content=\"https:\/\/blogs2.uef.fi\/biotalouskoulutus\/en\/bioeconomy-education\/\" \/>\n<meta property=\"og:site_name\" content=\"Biotalouden erikoistumiskoulutus It\u00e4-Suomi\" \/>\n<meta property=\"article:modified_time\" content=\"2022-06-30T07:16:37+00:00\" \/>\n<meta name=\"twitter:card\" content=\"summary_large_image\" \/>\n<script type=\"application\/ld+json\" class=\"yoast-schema-graph\">{\"@context\":\"https:\\\/\\\/schema.org\",\"@graph\":[{\"@type\":\"WebPage\",\"@id\":\"https:\\\/\\\/blogs2.uef.fi\\\/biotalouskoulutus\\\/en\\\/bioeconomy-education\\\/\",\"url\":\"https:\\\/\\\/blogs2.uef.fi\\\/biotalouskoulutus\\\/en\\\/bioeconomy-education\\\/\",\"name\":\"Bioeconomy education - Biotalouden erikoistumiskoulutus It\u00e4-Suomi\",\"isPartOf\":{\"@id\":\"https:\\\/\\\/www.biotalouskoulutus.fi\\\/#website\"},\"datePublished\":\"2022-06-30T06:54:10+00:00\",\"dateModified\":\"2022-06-30T07:16:37+00:00\",\"breadcrumb\":{\"@id\":\"https:\\\/\\\/blogs2.uef.fi\\\/biotalouskoulutus\\\/en\\\/bioeconomy-education\\\/#breadcrumb\"},\"inLanguage\":\"en-US\",\"potentialAction\":[{\"@type\":\"ReadAction\",\"target\":[\"https:\\\/\\\/blogs2.uef.fi\\\/biotalouskoulutus\\\/en\\\/bioeconomy-education\\\/\"]}]},{\"@type\":\"BreadcrumbList\",\"@id\":\"https:\\\/\\\/blogs2.uef.fi\\\/biotalouskoulutus\\\/en\\\/bioeconomy-education\\\/#breadcrumb\",\"itemListElement\":[{\"@type\":\"ListItem\",\"position\":1,\"name\":\"Home\",\"item\":\"https:\\\/\\\/blogs2.uef.fi\\\/biotalouskoulutus\\\/\"},{\"@type\":\"ListItem\",\"position\":2,\"name\":\"Bioeconomy education\"}]},{\"@type\":\"WebSite\",\"@id\":\"https:\\\/\\\/www.biotalouskoulutus.fi\\\/#website\",\"url\":\"https:\\\/\\\/www.biotalouskoulutus.fi\\\/\",\"name\":\"Biotalouden erikoistumiskoulutus It\u00e4-Suomi\",\"description\":\"Biotalouden erikoistumiskoulutus It\u00e4-Suomessa - innovaatioita ja osaamista korkeakoulujen ja yritysen yhteisty\u00f6n\u00e4. Koulutuksen painotukset: mets\u00e4biotalous, biotalouden sivuvirrat, biojalostus ja energiabiotalous.\",\"potentialAction\":[{\"@type\":\"SearchAction\",\"target\":{\"@type\":\"EntryPoint\",\"urlTemplate\":\"https:\\\/\\\/www.biotalouskoulutus.fi\\\/?s={search_term_string}\"},\"query-input\":{\"@type\":\"PropertyValueSpecification\",\"valueRequired\":true,\"valueName\":\"search_term_string\"}}],\"inLanguage\":\"en-US\"}]}<\/script>\n<!-- \/ Yoast SEO plugin. -->","yoast_head_json":{"title":"Bioeconomy education - Biotalouden erikoistumiskoulutus It\u00e4-Suomi","robots":{"index":"index","follow":"follow","max-snippet":"max-snippet:-1","max-image-preview":"max-image-preview:large","max-video-preview":"max-video-preview:-1"},"canonical":"https:\/\/blogs2.uef.fi\/biotalouskoulutus\/en\/bioeconomy-education\/","og_locale":"en_US","og_type":"article","og_title":"Bioeconomy education - Biotalouden erikoistumiskoulutus It\u00e4-Suomi","og_description":"University of Eastern Finland, Karelia University of Applied Sciences and Savonia University of Applied Sciences have jointly developed bioeconomy education. Each higher education institution has several degree programs as well as short degree programs in the field of bioeconomy. The cooperation has focused especially on the development of continuous learning training. Education opportunities: Study visits [&hellip;]","og_url":"https:\/\/blogs2.uef.fi\/biotalouskoulutus\/en\/bioeconomy-education\/","og_site_name":"Biotalouden erikoistumiskoulutus It\u00e4-Suomi","article_modified_time":"2022-06-30T07:16:37+00:00","twitter_card":"summary_large_image","schema":{"@context":"https:\/\/schema.org","@graph":[{"@type":"WebPage","@id":"https:\/\/blogs2.uef.fi\/biotalouskoulutus\/en\/bioeconomy-education\/","url":"https:\/\/blogs2.uef.fi\/biotalouskoulutus\/en\/bioeconomy-education\/","name":"Bioeconomy education - Biotalouden erikoistumiskoulutus It\u00e4-Suomi","isPartOf":{"@id":"https:\/\/www.biotalouskoulutus.fi\/#website"},"datePublished":"2022-06-30T06:54:10+00:00","dateModified":"2022-06-30T07:16:37+00:00","breadcrumb":{"@id":"https:\/\/blogs2.uef.fi\/biotalouskoulutus\/en\/bioeconomy-education\/#breadcrumb"},"inLanguage":"en-US","potentialAction":[{"@type":"ReadAction","target":["https:\/\/blogs2.uef.fi\/biotalouskoulutus\/en\/bioeconomy-education\/"]}]},{"@type":"BreadcrumbList","@id":"https:\/\/blogs2.uef.fi\/biotalouskoulutus\/en\/bioeconomy-education\/#breadcrumb","itemListElement":[{"@type":"ListItem","position":1,"name":"Home","item":"https:\/\/blogs2.uef.fi\/biotalouskoulutus\/"},{"@type":"ListItem","position":2,"name":"Bioeconomy education"}]},{"@type":"WebSite","@id":"https:\/\/www.biotalouskoulutus.fi\/#website","url":"https:\/\/www.biotalouskoulutus.fi\/","name":"Biotalouden erikoistumiskoulutus It\u00e4-Suomi","description":"Biotalouden erikoistumiskoulutus It\u00e4-Suomessa - innovaatioita ja osaamista korkeakoulujen ja yritysen yhteisty\u00f6n\u00e4. Koulutuksen painotukset: mets\u00e4biotalous, biotalouden sivuvirrat, biojalostus ja energiabiotalous.","potentialAction":[{"@type":"SearchAction","target":{"@type":"EntryPoint","urlTemplate":"https:\/\/www.biotalouskoulutus.fi\/?s={search_term_string}"},"query-input":{"@type":"PropertyValueSpecification","valueRequired":true,"valueName":"search_term_string"}}],"inLanguage":"en-US"}]}},"_links":{"self":[{"href":"https:\/\/blogs2.uef.fi\/biotalouskoulutus\/en\/wp-json\/wp\/v2\/pages\/3588","targetHints":{"allow":["GET"]}}],"collection":[{"href":"https:\/\/blogs2.uef.fi\/biotalouskoulutus\/en\/wp-json\/wp\/v2\/pages"}],"about":[{"href":"https:\/\/blogs2.uef.fi\/biotalouskoulutus\/en\/wp-json\/wp\/v2\/types\/page"}],"author":[{"embeddable":true,"href":"https:\/\/blogs2.uef.fi\/biotalouskoulutus\/en\/wp-json\/wp\/v2\/users\/95"}],"replies":[{"embeddable":true,"href":"https:\/\/blogs2.uef.fi\/biotalouskoulutus\/en\/wp-json\/wp\/v2\/comments?post=3588"}],"version-history":[{"count":2,"href":"https:\/\/blogs2.uef.fi\/biotalouskoulutus\/en\/wp-json\/wp\/v2\/pages\/3588\/revisions"}],"predecessor-version":[{"id":3615,"href":"https:\/\/blogs2.uef.fi\/biotalouskoulutus\/en\/wp-json\/wp\/v2\/pages\/3588\/revisions\/3615"}],"wp:attachment":[{"href":"https:\/\/blogs2.uef.fi\/biotalouskoulutus\/en\/wp-json\/wp\/v2\/media?parent=3588"}],"curies":[{"name":"wp","href":"https:\/\/api.w.org\/{rel}","templated":true}]}}