{"id":4103,"date":"2023-02-17T13:38:41","date_gmt":"2023-02-17T11:38:41","guid":{"rendered":"https:\/\/www.biotalouskoulutusitasuomi.fi\/?page_id=4103"},"modified":"2023-02-17T14:24:10","modified_gmt":"2023-02-17T12:24:10","slug":"greenmobeco-2022-2024","status":"publish","type":"page","link":"https:\/\/blogs2.uef.fi\/biotalouskoulutus\/en\/development\/greenmobeco-2022-2024\/","title":{"rendered":"GreenMobECO 2022-2024"},"content":{"rendered":"<p>&nbsp;<\/p>\n<p><strong><em>Fostering green transition through mobility and effective communication between Finnish and Chilean HEIs<\/em><\/strong><\/p>\n<p>This project aims to consolidate the collaboration between seven higher education institutions, seeking excellence and innovation in education in the field of sustainable and circular bioeconomy. The project is built on mutual learning focusing on staff mobility, curriculum development, and broader stakeholder engagement establishing the seedlings to facilitate working life cooperation. We think agro and forestry biosystems require a new educational approach. We want to participate in that education and generate professionals with a conviction of sustainability, where the bioeconomy is a proper option in production and consumption. The project is funded by the Finnish National Agency for Education under the Team Finland Knowledge programme.<\/p>\n<p><strong>Actions:<\/strong><\/p>\n<ul>\n<li>Mobility package 1: Building strong relations and foreseeing opportunities for students and staff:\n<ul>\n<li>Short term staff mobility from Chile to Finland, Curriculum innovations &amp; working life opportunities<\/li>\n<\/ul>\n<\/li>\n<li>Mobility package 2: Student-centered curricula and research development in bioeconomy\n<ul>\n<li>Short term staff exchange from Finland to Chile, Joint RDI projects &amp; working life opportunities<\/li>\n<\/ul>\n<\/li>\n<li>Virtual package: Mapping and developing universities\u2019 educational portfolio and effective communication in bioeconomy\n<ul>\n<li>Curriculum development<\/li>\n<li>Bioeconomy webinars series<\/li>\n<\/ul>\n<\/li>\n<\/ul>\n<p><strong>Patners:<\/strong><\/p>\n<p>University of Eastern Finland<br \/>\nKarelia University of Applied Sciences<br \/>\nSavonia University of Applied Sciences<br \/>\nUniversidad Cat\u00f3lica del Maule de Chile<br \/>\nUniversidad Austral de Chile<br \/>\nUniversidad de Talca<br \/>\nUniversidad de Concepci\u00f3n<\/p>\n<p><strong>Read more about collaboration:<\/strong><\/p>\n<p><a href=\"https:\/\/www.biotalouskoulutusitasuomi.fi\/en\/diving-into-the-bioeconomy-in-chile-experiences-from-our-visit\/\">Diving into the Bioeconomy in Chile: Experiences from our visit<\/a><\/p>\n<p><a href=\"https:\/\/www.biotalouskoulutusitasuomi.fi\/en\/the-end-of-the-beginning-looking-forward-to-build-future-of-bioeconomy-together\/\">The end of the beginning \u2013 looking forward to build future of bioeconomy together<\/a><\/p>\n<p><a href=\"https:\/\/www.biotalouskoulutusitasuomi.fi\/en\/joint-learning-on-forest-bioeconomy\/\">Joint learning on forest bioeconomy<\/a><\/p>\n<p><a href=\"https:\/\/www.biotalouskoulutusitasuomi.fi\/en\/co-operation-in-bioeconomy-education-development-between-chile-and-finland\/\">Co-operation in bioeconomy education development between Chile and Finland<\/a><\/p>\n<p><a href=\"https:\/\/www.biotalouskoulutusitasuomi.fi\/en\/development\/greenmobeco-2022-2024\/oph_financing_rgb\/\" rel=\"attachment wp-att-4106\"><img loading=\"lazy\" decoding=\"async\" class=\"aligncenter size-medium wp-image-4106\" src=\"https:\/\/www.biotalouskoulutusitasuomi.fi\/wp-content\/uploads\/sites\/71\/2023\/02\/OPH_financing_rgb-300x296.png\" alt=\"\" width=\"300\" height=\"296\" srcset=\"https:\/\/blogs2.uef.fi\/biotalouskoulutus\/wp-content\/uploads\/sites\/71\/2023\/02\/OPH_financing_rgb-300x296.png 300w, https:\/\/blogs2.uef.fi\/biotalouskoulutus\/wp-content\/uploads\/sites\/71\/2023\/02\/OPH_financing_rgb.png 358w\" sizes=\"auto, (max-width: 300px) 100vw, 300px\" \/><\/a><\/p>\n","protected":false},"excerpt":{"rendered":"<p>&nbsp; Fostering green transition through mobility and effective communication between Finnish and Chilean HEIs This project aims to consolidate the collaboration between seven higher education institutions, seeking excellence and innovation in education in the field of sustainable and circular bioeconomy. The project is built on mutual learning focusing on staff mobility, curriculum development, and broader [&hellip;]<\/p>\n","protected":false},"author":95,"featured_media":0,"parent":1599,"menu_order":1,"comment_status":"closed","ping_status":"closed","template":"","meta":{"_acf_changed":false,"_relevanssi_hide_post":"","_relevanssi_hide_content":"","_relevanssi_pin_for_all":"","_relevanssi_pin_keywords":"","_relevanssi_unpin_keywords":"","_relevanssi_related_keywords":"","_relevanssi_related_include_ids":"","_relevanssi_related_exclude_ids":"","_relevanssi_related_no_append":"","_relevanssi_related_not_related":"","_relevanssi_related_posts":"","_relevanssi_noindex_reason":"","footnotes":""},"class_list":["post-4103","page","type-page","status-publish","hentry"],"acf":[],"yoast_head":"<!-- This site is optimized with the Yoast SEO plugin v27.3 - https:\/\/yoast.com\/product\/yoast-seo-wordpress\/ -->\n<title>GreenMobECO 2022-2024 - Biotalouden erikoistumiskoulutus It\u00e4-Suomi<\/title>\n<meta name=\"robots\" content=\"index, follow, max-snippet:-1, max-image-preview:large, max-video-preview:-1\" \/>\n<link rel=\"canonical\" href=\"https:\/\/blogs2.uef.fi\/biotalouskoulutus\/en\/development\/greenmobeco-2022-2024\/\" \/>\n<meta property=\"og:locale\" content=\"en_US\" \/>\n<meta property=\"og:type\" content=\"article\" \/>\n<meta property=\"og:title\" content=\"GreenMobECO 2022-2024 - Biotalouden erikoistumiskoulutus It\u00e4-Suomi\" \/>\n<meta property=\"og:description\" content=\"&nbsp; Fostering green transition through mobility and effective communication between Finnish and Chilean HEIs This project aims to consolidate the collaboration between seven higher education institutions, seeking excellence and innovation in education in the field of sustainable and circular bioeconomy. The project is built on mutual learning focusing on staff mobility, curriculum development, and broader [&hellip;]\" \/>\n<meta property=\"og:url\" content=\"https:\/\/blogs2.uef.fi\/biotalouskoulutus\/en\/development\/greenmobeco-2022-2024\/\" \/>\n<meta property=\"og:site_name\" content=\"Biotalouden erikoistumiskoulutus It\u00e4-Suomi\" \/>\n<meta property=\"article:modified_time\" content=\"2023-02-17T12:24:10+00:00\" \/>\n<meta property=\"og:image\" content=\"https:\/\/www.biotalouskoulutusitasuomi.fi\/wp-content\/uploads\/sites\/71\/2023\/02\/OPH_financing_rgb-300x296.png\" \/>\n<meta name=\"twitter:card\" content=\"summary_large_image\" \/>\n<meta name=\"twitter:label1\" content=\"Est. reading time\" \/>\n\t<meta name=\"twitter:data1\" content=\"1 minute\" \/>\n<script type=\"application\/ld+json\" class=\"yoast-schema-graph\">{\"@context\":\"https:\\\/\\\/schema.org\",\"@graph\":[{\"@type\":\"WebPage\",\"@id\":\"https:\\\/\\\/blogs2.uef.fi\\\/biotalouskoulutus\\\/en\\\/development\\\/greenmobeco-2022-2024\\\/\",\"url\":\"https:\\\/\\\/blogs2.uef.fi\\\/biotalouskoulutus\\\/en\\\/development\\\/greenmobeco-2022-2024\\\/\",\"name\":\"GreenMobECO 2022-2024 - Biotalouden erikoistumiskoulutus It\u00e4-Suomi\",\"isPartOf\":{\"@id\":\"https:\\\/\\\/www.biotalouskoulutus.fi\\\/#website\"},\"primaryImageOfPage\":{\"@id\":\"https:\\\/\\\/blogs2.uef.fi\\\/biotalouskoulutus\\\/en\\\/development\\\/greenmobeco-2022-2024\\\/#primaryimage\"},\"image\":{\"@id\":\"https:\\\/\\\/blogs2.uef.fi\\\/biotalouskoulutus\\\/en\\\/development\\\/greenmobeco-2022-2024\\\/#primaryimage\"},\"thumbnailUrl\":\"https:\\\/\\\/www.biotalouskoulutusitasuomi.fi\\\/wp-content\\\/uploads\\\/sites\\\/71\\\/2023\\\/02\\\/OPH_financing_rgb-300x296.png\",\"datePublished\":\"2023-02-17T11:38:41+00:00\",\"dateModified\":\"2023-02-17T12:24:10+00:00\",\"breadcrumb\":{\"@id\":\"https:\\\/\\\/blogs2.uef.fi\\\/biotalouskoulutus\\\/en\\\/development\\\/greenmobeco-2022-2024\\\/#breadcrumb\"},\"inLanguage\":\"en-US\",\"potentialAction\":[{\"@type\":\"ReadAction\",\"target\":[\"https:\\\/\\\/blogs2.uef.fi\\\/biotalouskoulutus\\\/en\\\/development\\\/greenmobeco-2022-2024\\\/\"]}]},{\"@type\":\"ImageObject\",\"inLanguage\":\"en-US\",\"@id\":\"https:\\\/\\\/blogs2.uef.fi\\\/biotalouskoulutus\\\/en\\\/development\\\/greenmobeco-2022-2024\\\/#primaryimage\",\"url\":\"https:\\\/\\\/www.biotalouskoulutusitasuomi.fi\\\/wp-content\\\/uploads\\\/sites\\\/71\\\/2023\\\/02\\\/OPH_financing_rgb-300x296.png\",\"contentUrl\":\"https:\\\/\\\/www.biotalouskoulutusitasuomi.fi\\\/wp-content\\\/uploads\\\/sites\\\/71\\\/2023\\\/02\\\/OPH_financing_rgb-300x296.png\"},{\"@type\":\"BreadcrumbList\",\"@id\":\"https:\\\/\\\/blogs2.uef.fi\\\/biotalouskoulutus\\\/en\\\/development\\\/greenmobeco-2022-2024\\\/#breadcrumb\",\"itemListElement\":[{\"@type\":\"ListItem\",\"position\":1,\"name\":\"Home\",\"item\":\"https:\\\/\\\/blogs2.uef.fi\\\/biotalouskoulutus\\\/\"},{\"@type\":\"ListItem\",\"position\":2,\"name\":\"Development\",\"item\":\"https:\\\/\\\/blogs2.uef.fi\\\/biotalouskoulutus\\\/en\\\/development\\\/\"},{\"@type\":\"ListItem\",\"position\":3,\"name\":\"GreenMobECO 2022-2024\"}]},{\"@type\":\"WebSite\",\"@id\":\"https:\\\/\\\/www.biotalouskoulutus.fi\\\/#website\",\"url\":\"https:\\\/\\\/www.biotalouskoulutus.fi\\\/\",\"name\":\"Biotalouden erikoistumiskoulutus It\u00e4-Suomi\",\"description\":\"Biotalouden erikoistumiskoulutus It\u00e4-Suomessa - innovaatioita ja osaamista korkeakoulujen ja yritysen yhteisty\u00f6n\u00e4. Koulutuksen painotukset: mets\u00e4biotalous, biotalouden sivuvirrat, biojalostus ja energiabiotalous.\",\"potentialAction\":[{\"@type\":\"SearchAction\",\"target\":{\"@type\":\"EntryPoint\",\"urlTemplate\":\"https:\\\/\\\/www.biotalouskoulutus.fi\\\/?s={search_term_string}\"},\"query-input\":{\"@type\":\"PropertyValueSpecification\",\"valueRequired\":true,\"valueName\":\"search_term_string\"}}],\"inLanguage\":\"en-US\"}]}<\/script>\n<!-- \/ Yoast SEO plugin. -->","yoast_head_json":{"title":"GreenMobECO 2022-2024 - Biotalouden erikoistumiskoulutus It\u00e4-Suomi","robots":{"index":"index","follow":"follow","max-snippet":"max-snippet:-1","max-image-preview":"max-image-preview:large","max-video-preview":"max-video-preview:-1"},"canonical":"https:\/\/blogs2.uef.fi\/biotalouskoulutus\/en\/development\/greenmobeco-2022-2024\/","og_locale":"en_US","og_type":"article","og_title":"GreenMobECO 2022-2024 - Biotalouden erikoistumiskoulutus It\u00e4-Suomi","og_description":"&nbsp; Fostering green transition through mobility and effective communication between Finnish and Chilean HEIs This project aims to consolidate the collaboration between seven higher education institutions, seeking excellence and innovation in education in the field of sustainable and circular bioeconomy. The project is built on mutual learning focusing on staff mobility, curriculum development, and broader [&hellip;]","og_url":"https:\/\/blogs2.uef.fi\/biotalouskoulutus\/en\/development\/greenmobeco-2022-2024\/","og_site_name":"Biotalouden erikoistumiskoulutus It\u00e4-Suomi","article_modified_time":"2023-02-17T12:24:10+00:00","og_image":[{"url":"https:\/\/www.biotalouskoulutusitasuomi.fi\/wp-content\/uploads\/sites\/71\/2023\/02\/OPH_financing_rgb-300x296.png","type":"","width":"","height":""}],"twitter_card":"summary_large_image","twitter_misc":{"Est. reading time":"1 minute"},"schema":{"@context":"https:\/\/schema.org","@graph":[{"@type":"WebPage","@id":"https:\/\/blogs2.uef.fi\/biotalouskoulutus\/en\/development\/greenmobeco-2022-2024\/","url":"https:\/\/blogs2.uef.fi\/biotalouskoulutus\/en\/development\/greenmobeco-2022-2024\/","name":"GreenMobECO 2022-2024 - Biotalouden erikoistumiskoulutus It\u00e4-Suomi","isPartOf":{"@id":"https:\/\/www.biotalouskoulutus.fi\/#website"},"primaryImageOfPage":{"@id":"https:\/\/blogs2.uef.fi\/biotalouskoulutus\/en\/development\/greenmobeco-2022-2024\/#primaryimage"},"image":{"@id":"https:\/\/blogs2.uef.fi\/biotalouskoulutus\/en\/development\/greenmobeco-2022-2024\/#primaryimage"},"thumbnailUrl":"https:\/\/www.biotalouskoulutusitasuomi.fi\/wp-content\/uploads\/sites\/71\/2023\/02\/OPH_financing_rgb-300x296.png","datePublished":"2023-02-17T11:38:41+00:00","dateModified":"2023-02-17T12:24:10+00:00","breadcrumb":{"@id":"https:\/\/blogs2.uef.fi\/biotalouskoulutus\/en\/development\/greenmobeco-2022-2024\/#breadcrumb"},"inLanguage":"en-US","potentialAction":[{"@type":"ReadAction","target":["https:\/\/blogs2.uef.fi\/biotalouskoulutus\/en\/development\/greenmobeco-2022-2024\/"]}]},{"@type":"ImageObject","inLanguage":"en-US","@id":"https:\/\/blogs2.uef.fi\/biotalouskoulutus\/en\/development\/greenmobeco-2022-2024\/#primaryimage","url":"https:\/\/www.biotalouskoulutusitasuomi.fi\/wp-content\/uploads\/sites\/71\/2023\/02\/OPH_financing_rgb-300x296.png","contentUrl":"https:\/\/www.biotalouskoulutusitasuomi.fi\/wp-content\/uploads\/sites\/71\/2023\/02\/OPH_financing_rgb-300x296.png"},{"@type":"BreadcrumbList","@id":"https:\/\/blogs2.uef.fi\/biotalouskoulutus\/en\/development\/greenmobeco-2022-2024\/#breadcrumb","itemListElement":[{"@type":"ListItem","position":1,"name":"Home","item":"https:\/\/blogs2.uef.fi\/biotalouskoulutus\/"},{"@type":"ListItem","position":2,"name":"Development","item":"https:\/\/blogs2.uef.fi\/biotalouskoulutus\/en\/development\/"},{"@type":"ListItem","position":3,"name":"GreenMobECO 2022-2024"}]},{"@type":"WebSite","@id":"https:\/\/www.biotalouskoulutus.fi\/#website","url":"https:\/\/www.biotalouskoulutus.fi\/","name":"Biotalouden erikoistumiskoulutus It\u00e4-Suomi","description":"Biotalouden erikoistumiskoulutus It\u00e4-Suomessa - innovaatioita ja osaamista korkeakoulujen ja yritysen yhteisty\u00f6n\u00e4. Koulutuksen painotukset: mets\u00e4biotalous, biotalouden sivuvirrat, biojalostus ja energiabiotalous.","potentialAction":[{"@type":"SearchAction","target":{"@type":"EntryPoint","urlTemplate":"https:\/\/www.biotalouskoulutus.fi\/?s={search_term_string}"},"query-input":{"@type":"PropertyValueSpecification","valueRequired":true,"valueName":"search_term_string"}}],"inLanguage":"en-US"}]}},"_links":{"self":[{"href":"https:\/\/blogs2.uef.fi\/biotalouskoulutus\/en\/wp-json\/wp\/v2\/pages\/4103","targetHints":{"allow":["GET"]}}],"collection":[{"href":"https:\/\/blogs2.uef.fi\/biotalouskoulutus\/en\/wp-json\/wp\/v2\/pages"}],"about":[{"href":"https:\/\/blogs2.uef.fi\/biotalouskoulutus\/en\/wp-json\/wp\/v2\/types\/page"}],"author":[{"embeddable":true,"href":"https:\/\/blogs2.uef.fi\/biotalouskoulutus\/en\/wp-json\/wp\/v2\/users\/95"}],"replies":[{"embeddable":true,"href":"https:\/\/blogs2.uef.fi\/biotalouskoulutus\/en\/wp-json\/wp\/v2\/comments?post=4103"}],"version-history":[{"count":2,"href":"https:\/\/blogs2.uef.fi\/biotalouskoulutus\/en\/wp-json\/wp\/v2\/pages\/4103\/revisions"}],"predecessor-version":[{"id":4130,"href":"https:\/\/blogs2.uef.fi\/biotalouskoulutus\/en\/wp-json\/wp\/v2\/pages\/4103\/revisions\/4130"}],"up":[{"embeddable":true,"href":"https:\/\/blogs2.uef.fi\/biotalouskoulutus\/en\/wp-json\/wp\/v2\/pages\/1599"}],"wp:attachment":[{"href":"https:\/\/blogs2.uef.fi\/biotalouskoulutus\/en\/wp-json\/wp\/v2\/media?parent=4103"}],"curies":[{"name":"wp","href":"https:\/\/api.w.org\/{rel}","templated":true}]}}