{"id":4252,"date":"2025-01-30T13:47:09","date_gmt":"2025-01-30T11:47:09","guid":{"rendered":"https:\/\/www.biotalouskoulutus.fi\/?page_id=4252"},"modified":"2025-01-30T13:54:59","modified_gmt":"2025-01-30T11:54:59","slug":"accessibility-statement","status":"publish","type":"page","link":"https:\/\/blogs2.uef.fi\/biotalouskoulutus\/en\/accessibility-statement\/","title":{"rendered":"Accessibility statement"},"content":{"rendered":"<p>This accessibility statement applies to the website of the University of Eastern Finland, https:\/\/www.biotalouskoulutusitasuomi.fi\/, and was prepared on January 19, 2022. The website was published on March 5, 2020, and updated on January 25, 2021.<\/p>\n<p>The websites, mobile applications, and related content of the University of Eastern Finland must be accessible. Accessibility in the digital environment means that as many different people as possible can use online services regardless of user, situational, and technological differences. Accessibility requirements are based on the Act on the Provision of Digital Services and the EU Accessibility Directive.<\/p>\n<p>The website partially meets accessibility requirements. The accessibility of the sites has been tested and corrected by UEF. However, there are some structural errors in the appearance of the sites that will be corrected with the next appearance update.<\/p>\n<p><strong>Accessibility Feedback<\/strong><\/p>\n<p>Did you notice an accessibility deficiency in our digital service? Let us know, and we will do our best to correct the deficiency. Feedback will be responded to within two weeks. Provide accessibility feedback using this online form.<\/p>\n<p><strong>Supervisory Authority<\/strong><\/p>\n<p>If you notice accessibility issues on the site, first provide feedback to us, the site administrators. It may take 14 days to respond. If you are not satisfied with our response or do not receive a response within two weeks, you can file a complaint with the Finnish Transport and Communications Agency&#8217;s Digital Accessibility and Accessibility Supervision. The website saavutettavuusvaatimukset.fi provides information on how to file a complaint and how the matter will be handled.<\/p>\n<p><strong>Contact Information for the Supervisory Authority:<\/strong><\/p>\n<p>Finnish Transport and Communications Agency Traficom<br \/>\nDigital Accessibility Supervision Unit<br \/>\nwww.webaccessibility.fi<br \/>\nsaavutettavuus@traficom.fi<br \/>\ntelephone switchboard 029 534 5000<\/p>\n","protected":false},"excerpt":{"rendered":"<p>This accessibility statement applies to the website of the University of Eastern Finland, https:\/\/www.biotalouskoulutusitasuomi.fi\/, and was prepared on January 19, 2022. The website was published on March 5, 2020, and updated on January 25, 2021. The websites, mobile applications, and related content of the University of Eastern Finland must be accessible. Accessibility in the digital [&hellip;]<\/p>\n","protected":false},"author":95,"featured_media":0,"parent":0,"menu_order":20,"comment_status":"closed","ping_status":"closed","template":"","meta":{"_acf_changed":false,"_relevanssi_hide_post":"","_relevanssi_hide_content":"","_relevanssi_pin_for_all":"","_relevanssi_pin_keywords":"","_relevanssi_unpin_keywords":"","_relevanssi_related_keywords":"","_relevanssi_related_include_ids":"","_relevanssi_related_exclude_ids":"","_relevanssi_related_no_append":"","_relevanssi_related_not_related":"","_relevanssi_related_posts":"","_relevanssi_noindex_reason":"","footnotes":""},"class_list":["post-4252","page","type-page","status-publish","hentry"],"acf":[],"yoast_head":"<!-- This site is optimized with the Yoast SEO plugin v27.3 - https:\/\/yoast.com\/product\/yoast-seo-wordpress\/ -->\n<title>Accessibility statement - Biotalouden erikoistumiskoulutus It\u00e4-Suomi<\/title>\n<meta name=\"robots\" content=\"index, follow, max-snippet:-1, max-image-preview:large, max-video-preview:-1\" \/>\n<link rel=\"canonical\" href=\"https:\/\/blogs2.uef.fi\/biotalouskoulutus\/saavutettavuusseloste\/\" \/>\n<meta property=\"og:locale\" content=\"en_US\" \/>\n<meta property=\"og:type\" content=\"article\" \/>\n<meta property=\"og:title\" content=\"Accessibility statement - Biotalouden erikoistumiskoulutus It\u00e4-Suomi\" \/>\n<meta property=\"og:description\" content=\"This accessibility statement applies to the website of the University of Eastern Finland, https:\/\/www.biotalouskoulutusitasuomi.fi\/, and was prepared on January 19, 2022. The website was published on March 5, 2020, and updated on January 25, 2021. The websites, mobile applications, and related content of the University of Eastern Finland must be accessible. Accessibility in the digital [&hellip;]\" \/>\n<meta property=\"og:url\" content=\"https:\/\/blogs2.uef.fi\/biotalouskoulutus\/saavutettavuusseloste\/\" \/>\n<meta property=\"og:site_name\" content=\"Biotalouden erikoistumiskoulutus It\u00e4-Suomi\" \/>\n<meta property=\"article:modified_time\" content=\"2025-01-30T11:54:59+00:00\" \/>\n<meta name=\"twitter:card\" content=\"summary_large_image\" \/>\n<meta name=\"twitter:label1\" content=\"Est. reading time\" \/>\n\t<meta name=\"twitter:data1\" content=\"2 minutes\" \/>\n<script type=\"application\/ld+json\" class=\"yoast-schema-graph\">{\"@context\":\"https:\\\/\\\/schema.org\",\"@graph\":[{\"@type\":\"WebPage\",\"@id\":\"https:\\\/\\\/blogs2.uef.fi\\\/biotalouskoulutus\\\/saavutettavuusseloste\\\/\",\"url\":\"https:\\\/\\\/blogs2.uef.fi\\\/biotalouskoulutus\\\/saavutettavuusseloste\\\/\",\"name\":\"Accessibility statement - Biotalouden erikoistumiskoulutus It\u00e4-Suomi\",\"isPartOf\":{\"@id\":\"https:\\\/\\\/www.biotalouskoulutus.fi\\\/#website\"},\"datePublished\":\"2025-01-30T11:47:09+00:00\",\"dateModified\":\"2025-01-30T11:54:59+00:00\",\"breadcrumb\":{\"@id\":\"https:\\\/\\\/blogs2.uef.fi\\\/biotalouskoulutus\\\/saavutettavuusseloste\\\/#breadcrumb\"},\"inLanguage\":\"en-US\",\"potentialAction\":[{\"@type\":\"ReadAction\",\"target\":[\"https:\\\/\\\/blogs2.uef.fi\\\/biotalouskoulutus\\\/saavutettavuusseloste\\\/\"]}]},{\"@type\":\"BreadcrumbList\",\"@id\":\"https:\\\/\\\/blogs2.uef.fi\\\/biotalouskoulutus\\\/saavutettavuusseloste\\\/#breadcrumb\",\"itemListElement\":[{\"@type\":\"ListItem\",\"position\":1,\"name\":\"Home\",\"item\":\"https:\\\/\\\/blogs2.uef.fi\\\/biotalouskoulutus\\\/\"},{\"@type\":\"ListItem\",\"position\":2,\"name\":\"Accessibility statement\"}]},{\"@type\":\"WebSite\",\"@id\":\"https:\\\/\\\/www.biotalouskoulutus.fi\\\/#website\",\"url\":\"https:\\\/\\\/www.biotalouskoulutus.fi\\\/\",\"name\":\"Biotalouden erikoistumiskoulutus It\u00e4-Suomi\",\"description\":\"Biotalouden erikoistumiskoulutus It\u00e4-Suomessa - innovaatioita ja osaamista korkeakoulujen ja yritysen yhteisty\u00f6n\u00e4. Koulutuksen painotukset: mets\u00e4biotalous, biotalouden sivuvirrat, biojalostus ja energiabiotalous.\",\"potentialAction\":[{\"@type\":\"SearchAction\",\"target\":{\"@type\":\"EntryPoint\",\"urlTemplate\":\"https:\\\/\\\/www.biotalouskoulutus.fi\\\/?s={search_term_string}\"},\"query-input\":{\"@type\":\"PropertyValueSpecification\",\"valueRequired\":true,\"valueName\":\"search_term_string\"}}],\"inLanguage\":\"en-US\"}]}<\/script>\n<!-- \/ Yoast SEO plugin. -->","yoast_head_json":{"title":"Accessibility statement - Biotalouden erikoistumiskoulutus It\u00e4-Suomi","robots":{"index":"index","follow":"follow","max-snippet":"max-snippet:-1","max-image-preview":"max-image-preview:large","max-video-preview":"max-video-preview:-1"},"canonical":"https:\/\/blogs2.uef.fi\/biotalouskoulutus\/saavutettavuusseloste\/","og_locale":"en_US","og_type":"article","og_title":"Accessibility statement - Biotalouden erikoistumiskoulutus It\u00e4-Suomi","og_description":"This accessibility statement applies to the website of the University of Eastern Finland, https:\/\/www.biotalouskoulutusitasuomi.fi\/, and was prepared on January 19, 2022. The website was published on March 5, 2020, and updated on January 25, 2021. The websites, mobile applications, and related content of the University of Eastern Finland must be accessible. Accessibility in the digital [&hellip;]","og_url":"https:\/\/blogs2.uef.fi\/biotalouskoulutus\/saavutettavuusseloste\/","og_site_name":"Biotalouden erikoistumiskoulutus It\u00e4-Suomi","article_modified_time":"2025-01-30T11:54:59+00:00","twitter_card":"summary_large_image","twitter_misc":{"Est. reading time":"2 minutes"},"schema":{"@context":"https:\/\/schema.org","@graph":[{"@type":"WebPage","@id":"https:\/\/blogs2.uef.fi\/biotalouskoulutus\/saavutettavuusseloste\/","url":"https:\/\/blogs2.uef.fi\/biotalouskoulutus\/saavutettavuusseloste\/","name":"Accessibility statement - Biotalouden erikoistumiskoulutus It\u00e4-Suomi","isPartOf":{"@id":"https:\/\/www.biotalouskoulutus.fi\/#website"},"datePublished":"2025-01-30T11:47:09+00:00","dateModified":"2025-01-30T11:54:59+00:00","breadcrumb":{"@id":"https:\/\/blogs2.uef.fi\/biotalouskoulutus\/saavutettavuusseloste\/#breadcrumb"},"inLanguage":"en-US","potentialAction":[{"@type":"ReadAction","target":["https:\/\/blogs2.uef.fi\/biotalouskoulutus\/saavutettavuusseloste\/"]}]},{"@type":"BreadcrumbList","@id":"https:\/\/blogs2.uef.fi\/biotalouskoulutus\/saavutettavuusseloste\/#breadcrumb","itemListElement":[{"@type":"ListItem","position":1,"name":"Home","item":"https:\/\/blogs2.uef.fi\/biotalouskoulutus\/"},{"@type":"ListItem","position":2,"name":"Accessibility statement"}]},{"@type":"WebSite","@id":"https:\/\/www.biotalouskoulutus.fi\/#website","url":"https:\/\/www.biotalouskoulutus.fi\/","name":"Biotalouden erikoistumiskoulutus It\u00e4-Suomi","description":"Biotalouden erikoistumiskoulutus It\u00e4-Suomessa - innovaatioita ja osaamista korkeakoulujen ja yritysen yhteisty\u00f6n\u00e4. Koulutuksen painotukset: mets\u00e4biotalous, biotalouden sivuvirrat, biojalostus ja energiabiotalous.","potentialAction":[{"@type":"SearchAction","target":{"@type":"EntryPoint","urlTemplate":"https:\/\/www.biotalouskoulutus.fi\/?s={search_term_string}"},"query-input":{"@type":"PropertyValueSpecification","valueRequired":true,"valueName":"search_term_string"}}],"inLanguage":"en-US"}]}},"_links":{"self":[{"href":"https:\/\/blogs2.uef.fi\/biotalouskoulutus\/en\/wp-json\/wp\/v2\/pages\/4252","targetHints":{"allow":["GET"]}}],"collection":[{"href":"https:\/\/blogs2.uef.fi\/biotalouskoulutus\/en\/wp-json\/wp\/v2\/pages"}],"about":[{"href":"https:\/\/blogs2.uef.fi\/biotalouskoulutus\/en\/wp-json\/wp\/v2\/types\/page"}],"author":[{"embeddable":true,"href":"https:\/\/blogs2.uef.fi\/biotalouskoulutus\/en\/wp-json\/wp\/v2\/users\/95"}],"replies":[{"embeddable":true,"href":"https:\/\/blogs2.uef.fi\/biotalouskoulutus\/en\/wp-json\/wp\/v2\/comments?post=4252"}],"version-history":[{"count":2,"href":"https:\/\/blogs2.uef.fi\/biotalouskoulutus\/en\/wp-json\/wp\/v2\/pages\/4252\/revisions"}],"predecessor-version":[{"id":4256,"href":"https:\/\/blogs2.uef.fi\/biotalouskoulutus\/en\/wp-json\/wp\/v2\/pages\/4252\/revisions\/4256"}],"wp:attachment":[{"href":"https:\/\/blogs2.uef.fi\/biotalouskoulutus\/en\/wp-json\/wp\/v2\/media?parent=4252"}],"curies":[{"name":"wp","href":"https:\/\/api.w.org\/{rel}","templated":true}]}}