{"id":118,"date":"2020-03-11T11:37:49","date_gmt":"2020-03-11T09:37:49","guid":{"rendered":"https:\/\/www.biotalouskoulutusitasuomi.fi\/?page_id=118"},"modified":"2021-04-27T09:01:10","modified_gmt":"2021-04-27T06:01:10","slug":"koulutus","status":"publish","type":"page","link":"https:\/\/blogs2.uef.fi\/biotalouskoulutus\/koulutus1\/biotalouskoulutus-ita-suomessa\/koulutus\/","title":{"rendered":"Osaamistavoitteet ja koulutuksen rakenne"},"content":{"rendered":"\r\n<h2 class=\"wp-block-heading\">Biotalouden erikoistumiskoulutus 30 op It\u00e4-Suomessa<\/h2>\r\n\r\n\r\n\r\n<h2 class=\"wp-block-heading\">Osaamistavoitteet:<\/h2>\r\n\r\n\r\n\r\n<p>Koulutuksen j\u00e4lkeen opiskelija<\/p>\r\n\r\n\r\n\r\n<ol class=\"wp-block-list\">\r\n<li>Osaa tunnistaa, arvioida ja kehitt\u00e4\u00e4 uusia biotalouden palveluita ja tuotteita kuluttajien nykyisten ja ennakoitujen tarpeiden pohjalta<\/li>\r\n<li>Hallitsee tuotantoon liittyv\u00e4t p\u00e4\u00e4biomassavirrat sek\u00e4 biotalouden sivujakeet ja niiden tarjoamat k\u00e4ytt\u00f6potentiaalit\u00a0\u00a0 ottaen huomioon biomassojen ominaispiirteet ja hy\u00f6dynt\u00e4en kiertotalouden ja digitalisaation mahdollisuuksia<\/li>\r\n<li>Kykenee yhdist\u00e4m\u00e4\u00e4n olemassa olevia eri toimialojen prosesseja sek\u00e4 tunnistaa uusia biomassojen tuotanto- ja k\u00e4ytt\u00f6prosesseja<\/li>\r\n<li>Osaa johtaa biotalouden innovaatioprosesseja<\/li>\r\n<li>Kykenee verkostoitumaan alueellisesti, kansallisesti ja kansainv\u00e4lisesti muiden toimijoiden kanssa ja kykenee synnytt\u00e4m\u00e4\u00e4n uusia verkostoja<\/li>\r\n<li>Osaa arvioida biotalouden eri toimien yhteiskunnallisia, ekologisia, kulttuurisia ja sosiaalisia vaikutuksia\u00a0<\/li>\r\n<li>Tuntee biomassojen tuotantoon ja k\u00e4ytt\u00f6\u00f6n liittyv\u00e4n kest\u00e4v\u00e4n hallinnan keskeiset periaatteet ja keinot mukaan lukien lains\u00e4\u00e4d\u00e4nn\u00f6n<\/li>\r\n<\/ol>\r\n\r\n\r\n\r\n<h2 class=\"wp-block-heading\" id=\"yui_patched_v3_11_0_1_1582786726346_4380\">Koulutuksen rakenne<\/h2>\r\n\r\n\r\n\r\n<p>It\u00e4-Suomen yliopisto, Karelia-ammattikorkeakoulu ja Savonia-ammattikorkeakoulu vastaavat yhdess\u00e4 Biotalouden erikoistumiskoulutuksessa It\u00e4-Suomessa. Koulutus toteutetaan opintojaksoittain. Kullakin opintojaksolla on vastuukorkeakoulu, joka vastaa opetuksesta.<\/p>\r\n<p><img loading=\"lazy\" decoding=\"async\" class=\"alignnone wp-image-365 size-large\" src=\"https:\/\/www.biotalouskoulutusitasuomi.fi\/wp-content\/uploads\/sites\/71\/2020\/03\/opintojaksorakenne_leve\u00e4-1024x576.png\" alt=\"\" width=\"1024\" height=\"576\" srcset=\"https:\/\/blogs2.uef.fi\/biotalouskoulutus\/wp-content\/uploads\/sites\/71\/2020\/03\/opintojaksorakenne_leve\u00e4-1024x576.png 1024w, https:\/\/blogs2.uef.fi\/biotalouskoulutus\/wp-content\/uploads\/sites\/71\/2020\/03\/opintojaksorakenne_leve\u00e4-300x169.png 300w, https:\/\/blogs2.uef.fi\/biotalouskoulutus\/wp-content\/uploads\/sites\/71\/2020\/03\/opintojaksorakenne_leve\u00e4-768x432.png 768w, https:\/\/blogs2.uef.fi\/biotalouskoulutus\/wp-content\/uploads\/sites\/71\/2020\/03\/opintojaksorakenne_leve\u00e4-1536x864.png 1536w, https:\/\/blogs2.uef.fi\/biotalouskoulutus\/wp-content\/uploads\/sites\/71\/2020\/03\/opintojaksorakenne_leve\u00e4.png 1920w\" sizes=\"auto, (max-width: 1024px) 100vw, 1024px\" \/><\/p>\r\n\r\n\r\n\r\n\r\n\r\n<p>Koulutus koostuu kolmesta opintokokonaisuudesta:<\/p>\r\n\r\n\r\n\r\n<ul class=\"wp-block-list\">\r\n<li>Biotalous yhteiskunnassa (8\u00a0op)<\/li>\r\n<li>Biotalouden prosessit (12 &#8211; 22\u00a0op)<\/li>\r\n<li>Osaamista t\u00e4ydent\u00e4v\u00e4t opinnot (0 &#8211; 10 op)<\/li>\r\n<\/ul>\r\n\r\n\r\n\r\n<p>Biotalous yhteiskunnassa\u00a0-kokonaisuus on kaikille yhteinen ja se koostuu seuraavista opintojaksoista:<\/p>\r\n\r\n\r\n\r\n<ul class=\"wp-block-list\">\r\n<li>Hiilitaloudesta biotalouteen \u2013 biotalouden keskeiset k\u00e4sitteet ja lains\u00e4\u00e4d\u00e4nt\u00f6 (2 op),<\/li>\r\n<li>Biotalous verkostotaloutena (2 op),<\/li>\r\n<li>Biotalouden ennakointi ja innovaatiot (2 op),<\/li>\r\n<li>Muutoksen asiantuntijuus ja johtaminen biotaloudessa (2 op).<\/li>\r\n<\/ul>\r\n\r\n\r\n\r\n<p>Biotalouden prosessit -opintojaksoista Biotalouden projekti (7 op) on kaikille yhteinen. Lis\u00e4ksi opiskelija valitsee v\u00e4hint\u00e4\u00e4n yhden 5 opintopisteen kokonaisuuden Biotalouden prosessit -opintojaksoista.<\/p>\r\n\r\n\r\n\r\n<p>Biotalouden prosessien\u00a0osaamista suuntaavia opintojaksoja ovat<\/p>\r\n\r\n\r\n\r\n<ul class=\"wp-block-list\">\r\n<li>Mets\u00e4t, biotalous ja ilmasto: tutkimustuloksista k\u00e4yt\u00e4nt\u00f6\u00f6n\u00a0(It\u00e4-Suomen yliopisto)<\/li>\r\n<li>Biojalostus (It\u00e4-Suomen yliopisto)<\/li>\r\n<li>Kiertotalous ja hiilijalanj\u00e4lki (Savonia-ammattikorkeakoulu)<\/li>\r\n<li>Biotalous ja energia (Karelia-ammattikorkeakoulu)<\/li>\r\n<\/ul>\r\n\r\n\r\n\r\n<p>Lis\u00e4ksi opiskelija valitsee muita osaamistaan t\u00e4ydent\u00e4vi\u00e4 opintoja 0-10 op. N\u00e4ist\u00e4 opinnoista sovitaan opintojen alussa laadittavassa henkil\u00f6kohtaisessa opetussuunnitelmassa. Osaamista t\u00e4ydent\u00e4v\u00e4t opinnot voivat olla It\u00e4-Suomen Biotalouden erikoistumiskoulutuksen Biotalouden prosessit \u2013opintojaksoja tai muita soveltuvia opintoja konsortion korkeakouluista.\u00a0 Korkeakoulujen opetustarjontaan voi tutustua seuraavien linkkien kautta:\u00a0<a href=\"https:\/\/weboodi.uef.fi\/weboodi\/etusivu.html\">It\u00e4-Suomen yliopisto,\u00a0<\/a><a href=\"https:\/\/soleops.karelia.fi\/opsnet\/disp\/fi\/welcome\/nop\">Karelia-amk<\/a>\u00a0ja\u00a0<a href=\"http:\/\/portal.savonia.fi\/amk\/fi\/opiskelijalle\/opetussuunnitelmat\">Savonia-amk<\/a>.<\/p>\r\n\r\n\r\n","protected":false},"excerpt":{"rendered":"<p>Biotalouden erikoistumiskoulutus 30 op It\u00e4-Suomessa Osaamistavoitteet: Koulutuksen j\u00e4lkeen opiskelija Osaa tunnistaa, arvioida ja kehitt\u00e4\u00e4 uusia biotalouden palveluita ja tuotteita kuluttajien nykyisten ja ennakoitujen tarpeiden pohjalta Hallitsee tuotantoon liittyv\u00e4t p\u00e4\u00e4biomassavirrat sek\u00e4 biotalouden sivujakeet ja niiden tarjoamat k\u00e4ytt\u00f6potentiaalit\u00a0\u00a0 ottaen huomioon biomassojen ominaispiirteet ja hy\u00f6dynt\u00e4en kiertotalouden ja digitalisaation mahdollisuuksia Kykenee yhdist\u00e4m\u00e4\u00e4n olemassa olevia eri toimialojen prosesseja sek\u00e4 tunnistaa [&hellip;]<\/p>\n","protected":false},"author":1,"featured_media":141,"parent":598,"menu_order":2,"comment_status":"closed","ping_status":"closed","template":"","meta":{"_acf_changed":false,"_relevanssi_hide_post":"","_relevanssi_hide_content":"","_relevanssi_pin_for_all":"","_relevanssi_pin_keywords":"","_relevanssi_unpin_keywords":"","_relevanssi_related_keywords":"","_relevanssi_related_include_ids":"","_relevanssi_related_exclude_ids":"","_relevanssi_related_no_append":"","_relevanssi_related_not_related":"","_relevanssi_related_posts":"","_relevanssi_noindex_reason":"","footnotes":""},"class_list":["post-118","page","type-page","status-publish","has-post-thumbnail","hentry"],"acf":[],"yoast_head":"<!-- This site is optimized with the Yoast SEO plugin v27.3 - https:\/\/yoast.com\/product\/yoast-seo-wordpress\/ -->\n<title>Osaamistavoitteet ja koulutuksen rakenne - Biotalouden erikoistumiskoulutus It\u00e4-Suomi<\/title>\n<meta name=\"robots\" content=\"index, follow, max-snippet:-1, max-image-preview:large, max-video-preview:-1\" \/>\n<link rel=\"canonical\" href=\"https:\/\/blogs2.uef.fi\/biotalouskoulutus\/koulutus1\/biotalouskoulutus-ita-suomessa\/koulutus\/\" \/>\n<meta property=\"og:locale\" content=\"fi_FI\" \/>\n<meta property=\"og:type\" content=\"article\" \/>\n<meta property=\"og:title\" content=\"Osaamistavoitteet ja koulutuksen rakenne - Biotalouden erikoistumiskoulutus It\u00e4-Suomi\" \/>\n<meta property=\"og:description\" content=\"Biotalouden erikoistumiskoulutus 30 op It\u00e4-Suomessa Osaamistavoitteet: Koulutuksen j\u00e4lkeen opiskelija Osaa tunnistaa, arvioida ja kehitt\u00e4\u00e4 uusia biotalouden palveluita ja tuotteita kuluttajien nykyisten ja ennakoitujen tarpeiden pohjalta Hallitsee tuotantoon liittyv\u00e4t p\u00e4\u00e4biomassavirrat sek\u00e4 biotalouden sivujakeet ja niiden tarjoamat k\u00e4ytt\u00f6potentiaalit\u00a0\u00a0 ottaen huomioon biomassojen ominaispiirteet ja hy\u00f6dynt\u00e4en kiertotalouden ja digitalisaation mahdollisuuksia Kykenee yhdist\u00e4m\u00e4\u00e4n olemassa olevia eri toimialojen prosesseja sek\u00e4 tunnistaa [&hellip;]\" \/>\n<meta property=\"og:url\" content=\"https:\/\/blogs2.uef.fi\/biotalouskoulutus\/koulutus1\/biotalouskoulutus-ita-suomessa\/koulutus\/\" \/>\n<meta property=\"og:site_name\" content=\"Biotalouden erikoistumiskoulutus It\u00e4-Suomi\" \/>\n<meta property=\"article:modified_time\" content=\"2021-04-27T06:01:10+00:00\" \/>\n<meta property=\"og:image\" content=\"https:\/\/blogs2.uef.fi\/biotalouskoulutus\/wp-content\/uploads\/sites\/71\/2020\/03\/ramiz-dedakovic-T5XijTn67q0-unsplash-scaled.jpg\" \/>\n\t<meta property=\"og:image:width\" content=\"2560\" \/>\n\t<meta property=\"og:image:height\" content=\"1707\" \/>\n\t<meta property=\"og:image:type\" content=\"image\/jpeg\" \/>\n<meta name=\"twitter:card\" content=\"summary_large_image\" \/>\n<meta name=\"twitter:label1\" content=\"Arvioitu lukuaika\" \/>\n\t<meta name=\"twitter:data1\" content=\"2 minuuttia\" \/>\n<script type=\"application\/ld+json\" class=\"yoast-schema-graph\">{\"@context\":\"https:\\\/\\\/schema.org\",\"@graph\":[{\"@type\":\"WebPage\",\"@id\":\"https:\\\/\\\/blogs2.uef.fi\\\/biotalouskoulutus\\\/koulutus1\\\/biotalouskoulutus-ita-suomessa\\\/koulutus\\\/\",\"url\":\"https:\\\/\\\/blogs2.uef.fi\\\/biotalouskoulutus\\\/koulutus1\\\/biotalouskoulutus-ita-suomessa\\\/koulutus\\\/\",\"name\":\"Osaamistavoitteet ja koulutuksen rakenne - Biotalouden erikoistumiskoulutus It\u00e4-Suomi\",\"isPartOf\":{\"@id\":\"https:\\\/\\\/www.biotalouskoulutus.fi\\\/#website\"},\"primaryImageOfPage\":{\"@id\":\"https:\\\/\\\/blogs2.uef.fi\\\/biotalouskoulutus\\\/koulutus1\\\/biotalouskoulutus-ita-suomessa\\\/koulutus\\\/#primaryimage\"},\"image\":{\"@id\":\"https:\\\/\\\/blogs2.uef.fi\\\/biotalouskoulutus\\\/koulutus1\\\/biotalouskoulutus-ita-suomessa\\\/koulutus\\\/#primaryimage\"},\"thumbnailUrl\":\"https:\\\/\\\/blogs2.uef.fi\\\/biotalouskoulutus\\\/wp-content\\\/uploads\\\/sites\\\/71\\\/2020\\\/03\\\/ramiz-dedakovic-T5XijTn67q0-unsplash-scaled.jpg\",\"datePublished\":\"2020-03-11T09:37:49+00:00\",\"dateModified\":\"2021-04-27T06:01:10+00:00\",\"breadcrumb\":{\"@id\":\"https:\\\/\\\/blogs2.uef.fi\\\/biotalouskoulutus\\\/koulutus1\\\/biotalouskoulutus-ita-suomessa\\\/koulutus\\\/#breadcrumb\"},\"inLanguage\":\"fi\",\"potentialAction\":[{\"@type\":\"ReadAction\",\"target\":[\"https:\\\/\\\/blogs2.uef.fi\\\/biotalouskoulutus\\\/koulutus1\\\/biotalouskoulutus-ita-suomessa\\\/koulutus\\\/\"]}]},{\"@type\":\"ImageObject\",\"inLanguage\":\"fi\",\"@id\":\"https:\\\/\\\/blogs2.uef.fi\\\/biotalouskoulutus\\\/koulutus1\\\/biotalouskoulutus-ita-suomessa\\\/koulutus\\\/#primaryimage\",\"url\":\"https:\\\/\\\/blogs2.uef.fi\\\/biotalouskoulutus\\\/wp-content\\\/uploads\\\/sites\\\/71\\\/2020\\\/03\\\/ramiz-dedakovic-T5XijTn67q0-unsplash-scaled.jpg\",\"contentUrl\":\"https:\\\/\\\/blogs2.uef.fi\\\/biotalouskoulutus\\\/wp-content\\\/uploads\\\/sites\\\/71\\\/2020\\\/03\\\/ramiz-dedakovic-T5XijTn67q0-unsplash-scaled.jpg\",\"width\":2560,\"height\":1707},{\"@type\":\"BreadcrumbList\",\"@id\":\"https:\\\/\\\/blogs2.uef.fi\\\/biotalouskoulutus\\\/koulutus1\\\/biotalouskoulutus-ita-suomessa\\\/koulutus\\\/#breadcrumb\",\"itemListElement\":[{\"@type\":\"ListItem\",\"position\":1,\"name\":\"Home\",\"item\":\"https:\\\/\\\/www.biotalouskoulutus.fi\\\/\"},{\"@type\":\"ListItem\",\"position\":2,\"name\":\"Koulutus\",\"item\":\"https:\\\/\\\/blogs2.uef.fi\\\/biotalouskoulutus\\\/koulutus1\\\/\"},{\"@type\":\"ListItem\",\"position\":3,\"name\":\"Biotalouden erikoistumiskoulutus 2022-2023\",\"item\":\"https:\\\/\\\/blogs2.uef.fi\\\/biotalouskoulutus\\\/koulutus1\\\/biotalouskoulutus-ita-suomessa\\\/\"},{\"@type\":\"ListItem\",\"position\":4,\"name\":\"Osaamistavoitteet ja koulutuksen rakenne\"}]},{\"@type\":\"WebSite\",\"@id\":\"https:\\\/\\\/www.biotalouskoulutus.fi\\\/#website\",\"url\":\"https:\\\/\\\/www.biotalouskoulutus.fi\\\/\",\"name\":\"Biotalouden erikoistumiskoulutus It\u00e4-Suomi\",\"description\":\"Biotalouden erikoistumiskoulutus It\u00e4-Suomessa - innovaatioita ja osaamista korkeakoulujen ja yritysen yhteisty\u00f6n\u00e4. Koulutuksen painotukset: mets\u00e4biotalous, biotalouden sivuvirrat, biojalostus ja energiabiotalous.\",\"potentialAction\":[{\"@type\":\"SearchAction\",\"target\":{\"@type\":\"EntryPoint\",\"urlTemplate\":\"https:\\\/\\\/www.biotalouskoulutus.fi\\\/?s={search_term_string}\"},\"query-input\":{\"@type\":\"PropertyValueSpecification\",\"valueRequired\":true,\"valueName\":\"search_term_string\"}}],\"inLanguage\":\"fi\"}]}<\/script>\n<!-- \/ Yoast SEO plugin. -->","yoast_head_json":{"title":"Osaamistavoitteet ja koulutuksen rakenne - Biotalouden erikoistumiskoulutus It\u00e4-Suomi","robots":{"index":"index","follow":"follow","max-snippet":"max-snippet:-1","max-image-preview":"max-image-preview:large","max-video-preview":"max-video-preview:-1"},"canonical":"https:\/\/blogs2.uef.fi\/biotalouskoulutus\/koulutus1\/biotalouskoulutus-ita-suomessa\/koulutus\/","og_locale":"fi_FI","og_type":"article","og_title":"Osaamistavoitteet ja koulutuksen rakenne - Biotalouden erikoistumiskoulutus It\u00e4-Suomi","og_description":"Biotalouden erikoistumiskoulutus 30 op It\u00e4-Suomessa Osaamistavoitteet: Koulutuksen j\u00e4lkeen opiskelija Osaa tunnistaa, arvioida ja kehitt\u00e4\u00e4 uusia biotalouden palveluita ja tuotteita kuluttajien nykyisten ja ennakoitujen tarpeiden pohjalta Hallitsee tuotantoon liittyv\u00e4t p\u00e4\u00e4biomassavirrat sek\u00e4 biotalouden sivujakeet ja niiden tarjoamat k\u00e4ytt\u00f6potentiaalit\u00a0\u00a0 ottaen huomioon biomassojen ominaispiirteet ja hy\u00f6dynt\u00e4en kiertotalouden ja digitalisaation mahdollisuuksia Kykenee yhdist\u00e4m\u00e4\u00e4n olemassa olevia eri toimialojen prosesseja sek\u00e4 tunnistaa [&hellip;]","og_url":"https:\/\/blogs2.uef.fi\/biotalouskoulutus\/koulutus1\/biotalouskoulutus-ita-suomessa\/koulutus\/","og_site_name":"Biotalouden erikoistumiskoulutus It\u00e4-Suomi","article_modified_time":"2021-04-27T06:01:10+00:00","og_image":[{"width":2560,"height":1707,"url":"https:\/\/blogs2.uef.fi\/biotalouskoulutus\/wp-content\/uploads\/sites\/71\/2020\/03\/ramiz-dedakovic-T5XijTn67q0-unsplash-scaled.jpg","type":"image\/jpeg"}],"twitter_card":"summary_large_image","twitter_misc":{"Arvioitu lukuaika":"2 minuuttia"},"schema":{"@context":"https:\/\/schema.org","@graph":[{"@type":"WebPage","@id":"https:\/\/blogs2.uef.fi\/biotalouskoulutus\/koulutus1\/biotalouskoulutus-ita-suomessa\/koulutus\/","url":"https:\/\/blogs2.uef.fi\/biotalouskoulutus\/koulutus1\/biotalouskoulutus-ita-suomessa\/koulutus\/","name":"Osaamistavoitteet ja koulutuksen rakenne - Biotalouden erikoistumiskoulutus It\u00e4-Suomi","isPartOf":{"@id":"https:\/\/www.biotalouskoulutus.fi\/#website"},"primaryImageOfPage":{"@id":"https:\/\/blogs2.uef.fi\/biotalouskoulutus\/koulutus1\/biotalouskoulutus-ita-suomessa\/koulutus\/#primaryimage"},"image":{"@id":"https:\/\/blogs2.uef.fi\/biotalouskoulutus\/koulutus1\/biotalouskoulutus-ita-suomessa\/koulutus\/#primaryimage"},"thumbnailUrl":"https:\/\/blogs2.uef.fi\/biotalouskoulutus\/wp-content\/uploads\/sites\/71\/2020\/03\/ramiz-dedakovic-T5XijTn67q0-unsplash-scaled.jpg","datePublished":"2020-03-11T09:37:49+00:00","dateModified":"2021-04-27T06:01:10+00:00","breadcrumb":{"@id":"https:\/\/blogs2.uef.fi\/biotalouskoulutus\/koulutus1\/biotalouskoulutus-ita-suomessa\/koulutus\/#breadcrumb"},"inLanguage":"fi","potentialAction":[{"@type":"ReadAction","target":["https:\/\/blogs2.uef.fi\/biotalouskoulutus\/koulutus1\/biotalouskoulutus-ita-suomessa\/koulutus\/"]}]},{"@type":"ImageObject","inLanguage":"fi","@id":"https:\/\/blogs2.uef.fi\/biotalouskoulutus\/koulutus1\/biotalouskoulutus-ita-suomessa\/koulutus\/#primaryimage","url":"https:\/\/blogs2.uef.fi\/biotalouskoulutus\/wp-content\/uploads\/sites\/71\/2020\/03\/ramiz-dedakovic-T5XijTn67q0-unsplash-scaled.jpg","contentUrl":"https:\/\/blogs2.uef.fi\/biotalouskoulutus\/wp-content\/uploads\/sites\/71\/2020\/03\/ramiz-dedakovic-T5XijTn67q0-unsplash-scaled.jpg","width":2560,"height":1707},{"@type":"BreadcrumbList","@id":"https:\/\/blogs2.uef.fi\/biotalouskoulutus\/koulutus1\/biotalouskoulutus-ita-suomessa\/koulutus\/#breadcrumb","itemListElement":[{"@type":"ListItem","position":1,"name":"Home","item":"https:\/\/www.biotalouskoulutus.fi\/"},{"@type":"ListItem","position":2,"name":"Koulutus","item":"https:\/\/blogs2.uef.fi\/biotalouskoulutus\/koulutus1\/"},{"@type":"ListItem","position":3,"name":"Biotalouden erikoistumiskoulutus 2022-2023","item":"https:\/\/blogs2.uef.fi\/biotalouskoulutus\/koulutus1\/biotalouskoulutus-ita-suomessa\/"},{"@type":"ListItem","position":4,"name":"Osaamistavoitteet ja koulutuksen rakenne"}]},{"@type":"WebSite","@id":"https:\/\/www.biotalouskoulutus.fi\/#website","url":"https:\/\/www.biotalouskoulutus.fi\/","name":"Biotalouden erikoistumiskoulutus It\u00e4-Suomi","description":"Biotalouden erikoistumiskoulutus It\u00e4-Suomessa - innovaatioita ja osaamista korkeakoulujen ja yritysen yhteisty\u00f6n\u00e4. Koulutuksen painotukset: mets\u00e4biotalous, biotalouden sivuvirrat, biojalostus ja energiabiotalous.","potentialAction":[{"@type":"SearchAction","target":{"@type":"EntryPoint","urlTemplate":"https:\/\/www.biotalouskoulutus.fi\/?s={search_term_string}"},"query-input":{"@type":"PropertyValueSpecification","valueRequired":true,"valueName":"search_term_string"}}],"inLanguage":"fi"}]}},"_links":{"self":[{"href":"https:\/\/blogs2.uef.fi\/biotalouskoulutus\/wp-json\/wp\/v2\/pages\/118","targetHints":{"allow":["GET"]}}],"collection":[{"href":"https:\/\/blogs2.uef.fi\/biotalouskoulutus\/wp-json\/wp\/v2\/pages"}],"about":[{"href":"https:\/\/blogs2.uef.fi\/biotalouskoulutus\/wp-json\/wp\/v2\/types\/page"}],"author":[{"embeddable":true,"href":"https:\/\/blogs2.uef.fi\/biotalouskoulutus\/wp-json\/wp\/v2\/users\/1"}],"replies":[{"embeddable":true,"href":"https:\/\/blogs2.uef.fi\/biotalouskoulutus\/wp-json\/wp\/v2\/comments?post=118"}],"version-history":[{"count":2,"href":"https:\/\/blogs2.uef.fi\/biotalouskoulutus\/wp-json\/wp\/v2\/pages\/118\/revisions"}],"predecessor-version":[{"id":1291,"href":"https:\/\/blogs2.uef.fi\/biotalouskoulutus\/wp-json\/wp\/v2\/pages\/118\/revisions\/1291"}],"up":[{"embeddable":true,"href":"https:\/\/blogs2.uef.fi\/biotalouskoulutus\/wp-json\/wp\/v2\/pages\/598"}],"wp:featuredmedia":[{"embeddable":true,"href":"https:\/\/blogs2.uef.fi\/biotalouskoulutus\/wp-json\/wp\/v2\/media\/141"}],"wp:attachment":[{"href":"https:\/\/blogs2.uef.fi\/biotalouskoulutus\/wp-json\/wp\/v2\/media?parent=118"}],"curies":[{"name":"wp","href":"https:\/\/api.w.org\/{rel}","templated":true}]}}