{"id":124,"date":"2020-03-11T11:41:12","date_gmt":"2020-03-11T09:41:12","guid":{"rendered":"https:\/\/www.biotalouskoulutusitasuomi.fi\/?page_id=124"},"modified":"2021-06-09T15:44:14","modified_gmt":"2021-06-09T12:44:14","slug":"opetusaikataulu","status":"publish","type":"page","link":"https:\/\/blogs2.uef.fi\/biotalouskoulutus\/koulutus1\/biotalouskoulutus-ita-suomessa\/opetusaikataulu\/","title":{"rendered":"Opetusaikataulu"},"content":{"rendered":"\r\n\r\n\r\n<h3>Kontaktiopetusp\u00e4iv\u00e4t 2022-2023<\/h3>\r\n<p>27.-28.1.2022 Biotalouden erikoistumiskoulutuksen aloitus, Joensuu, UEF<\/p>\r\n<ul>\r\n<li>Koulutuksen k\u00e4yt\u00e4nn\u00f6n j\u00e4rjestelyt<\/li>\r\n<li>Biotalouden projekti<\/li>\r\n<li>Yritysvierailu<\/li>\r\n<li>Ty\u00f6paja<\/li>\r\n<\/ul>\r\n<p>25.3.2022 Et\u00e4p\u00e4iv\u00e4 Zoomissa<\/p>\r\n<ul>\r\n<li>Ty\u00f6paja<\/li>\r\n<li>Biotalouden projekti<\/li>\r\n<li>Yritysvierailu<\/li>\r\n<\/ul>\r\n<p>9.-10.6.2022 L\u00e4hip\u00e4iv\u00e4t Kuopiossa<\/p>\r\n<ul>\r\n<li>Ty\u00f6paja<\/li>\r\n<li>Biotalouden projekti<\/li>\r\n<li>Yritysvierailu<\/li>\r\n<\/ul>\r\n<p>21.9.2022 Et\u00e4p\u00e4iv\u00e4 Zoomissa<\/p>\r\n<ul>\r\n<li>Ty\u00f6paja<\/li>\r\n<li>Biotalouden projekti<\/li>\r\n<li>Yritysvierailu<\/li>\r\n<\/ul>\r\n<p>17.-18.11.2022 Koulutuksen p\u00e4\u00e4t\u00f6sseminaari<\/p>\r\n<ul>\r\n<li>Biotalouden projekti<\/li>\r\n<li>P\u00e4\u00e4t\u00f6sseminaari<\/li>\r\n<li>L\u00e4hip\u00e4ivien paikka vahvistetaan my\u00f6hemmin<\/li>\r\n<\/ul>\r\n<p>&nbsp;<\/p>\r\n\r\n\r\n\r\n\r\n\r\n<p>&nbsp;<\/p>\r\n","protected":false},"excerpt":{"rendered":"<p>Kontaktiopetusp\u00e4iv\u00e4t 2022-2023 27.-28.1.2022 Biotalouden erikoistumiskoulutuksen aloitus, Joensuu, UEF Koulutuksen k\u00e4yt\u00e4nn\u00f6n j\u00e4rjestelyt Biotalouden projekti Yritysvierailu Ty\u00f6paja 25.3.2022 Et\u00e4p\u00e4iv\u00e4 Zoomissa Ty\u00f6paja Biotalouden projekti Yritysvierailu 9.-10.6.2022 L\u00e4hip\u00e4iv\u00e4t Kuopiossa Ty\u00f6paja Biotalouden projekti Yritysvierailu 21.9.2022 Et\u00e4p\u00e4iv\u00e4 Zoomissa Ty\u00f6paja Biotalouden projekti Yritysvierailu 17.-18.11.2022 Koulutuksen p\u00e4\u00e4t\u00f6sseminaari Biotalouden projekti P\u00e4\u00e4t\u00f6sseminaari L\u00e4hip\u00e4ivien paikka vahvistetaan my\u00f6hemmin &nbsp; &nbsp;<\/p>\n","protected":false},"author":1,"featured_media":0,"parent":598,"menu_order":5,"comment_status":"closed","ping_status":"closed","template":"","meta":{"_acf_changed":false,"_relevanssi_hide_post":"","_relevanssi_hide_content":"","_relevanssi_pin_for_all":"","_relevanssi_pin_keywords":"","_relevanssi_unpin_keywords":"","_relevanssi_related_keywords":"","_relevanssi_related_include_ids":"","_relevanssi_related_exclude_ids":"","_relevanssi_related_no_append":"","_relevanssi_related_not_related":"","_relevanssi_related_posts":"","_relevanssi_noindex_reason":"","footnotes":""},"class_list":["post-124","page","type-page","status-publish","hentry"],"acf":[],"yoast_head":"<!-- This site is optimized with the Yoast SEO plugin v27.3 - https:\/\/yoast.com\/product\/yoast-seo-wordpress\/ -->\n<title>Opetusaikataulu - Biotalouden erikoistumiskoulutus It\u00e4-Suomi<\/title>\n<meta name=\"robots\" content=\"index, follow, max-snippet:-1, max-image-preview:large, max-video-preview:-1\" \/>\n<link rel=\"canonical\" href=\"https:\/\/blogs2.uef.fi\/biotalouskoulutus\/koulutus1\/biotalouskoulutus-ita-suomessa\/opetusaikataulu\/\" \/>\n<meta property=\"og:locale\" content=\"fi_FI\" \/>\n<meta property=\"og:type\" content=\"article\" \/>\n<meta property=\"og:title\" content=\"Opetusaikataulu - Biotalouden erikoistumiskoulutus It\u00e4-Suomi\" \/>\n<meta property=\"og:description\" content=\"Kontaktiopetusp\u00e4iv\u00e4t 2022-2023 27.-28.1.2022 Biotalouden erikoistumiskoulutuksen aloitus, Joensuu, UEF Koulutuksen k\u00e4yt\u00e4nn\u00f6n j\u00e4rjestelyt Biotalouden projekti Yritysvierailu Ty\u00f6paja 25.3.2022 Et\u00e4p\u00e4iv\u00e4 Zoomissa Ty\u00f6paja Biotalouden projekti Yritysvierailu 9.-10.6.2022 L\u00e4hip\u00e4iv\u00e4t Kuopiossa Ty\u00f6paja Biotalouden projekti Yritysvierailu 21.9.2022 Et\u00e4p\u00e4iv\u00e4 Zoomissa Ty\u00f6paja Biotalouden projekti Yritysvierailu 17.-18.11.2022 Koulutuksen p\u00e4\u00e4t\u00f6sseminaari Biotalouden projekti P\u00e4\u00e4t\u00f6sseminaari L\u00e4hip\u00e4ivien paikka vahvistetaan my\u00f6hemmin &nbsp; &nbsp;\" \/>\n<meta property=\"og:url\" content=\"https:\/\/blogs2.uef.fi\/biotalouskoulutus\/koulutus1\/biotalouskoulutus-ita-suomessa\/opetusaikataulu\/\" \/>\n<meta property=\"og:site_name\" content=\"Biotalouden erikoistumiskoulutus It\u00e4-Suomi\" \/>\n<meta property=\"article:modified_time\" content=\"2021-06-09T12:44:14+00:00\" \/>\n<meta name=\"twitter:card\" content=\"summary_large_image\" \/>\n<script type=\"application\/ld+json\" class=\"yoast-schema-graph\">{\"@context\":\"https:\\\/\\\/schema.org\",\"@graph\":[{\"@type\":\"WebPage\",\"@id\":\"https:\\\/\\\/blogs2.uef.fi\\\/biotalouskoulutus\\\/koulutus1\\\/biotalouskoulutus-ita-suomessa\\\/opetusaikataulu\\\/\",\"url\":\"https:\\\/\\\/blogs2.uef.fi\\\/biotalouskoulutus\\\/koulutus1\\\/biotalouskoulutus-ita-suomessa\\\/opetusaikataulu\\\/\",\"name\":\"Opetusaikataulu - Biotalouden erikoistumiskoulutus It\u00e4-Suomi\",\"isPartOf\":{\"@id\":\"https:\\\/\\\/www.biotalouskoulutus.fi\\\/#website\"},\"datePublished\":\"2020-03-11T09:41:12+00:00\",\"dateModified\":\"2021-06-09T12:44:14+00:00\",\"breadcrumb\":{\"@id\":\"https:\\\/\\\/blogs2.uef.fi\\\/biotalouskoulutus\\\/koulutus1\\\/biotalouskoulutus-ita-suomessa\\\/opetusaikataulu\\\/#breadcrumb\"},\"inLanguage\":\"fi\",\"potentialAction\":[{\"@type\":\"ReadAction\",\"target\":[\"https:\\\/\\\/blogs2.uef.fi\\\/biotalouskoulutus\\\/koulutus1\\\/biotalouskoulutus-ita-suomessa\\\/opetusaikataulu\\\/\"]}]},{\"@type\":\"BreadcrumbList\",\"@id\":\"https:\\\/\\\/blogs2.uef.fi\\\/biotalouskoulutus\\\/koulutus1\\\/biotalouskoulutus-ita-suomessa\\\/opetusaikataulu\\\/#breadcrumb\",\"itemListElement\":[{\"@type\":\"ListItem\",\"position\":1,\"name\":\"Home\",\"item\":\"https:\\\/\\\/www.biotalouskoulutus.fi\\\/\"},{\"@type\":\"ListItem\",\"position\":2,\"name\":\"Koulutus\",\"item\":\"https:\\\/\\\/blogs2.uef.fi\\\/biotalouskoulutus\\\/koulutus1\\\/\"},{\"@type\":\"ListItem\",\"position\":3,\"name\":\"Biotalouden erikoistumiskoulutus 2022-2023\",\"item\":\"https:\\\/\\\/blogs2.uef.fi\\\/biotalouskoulutus\\\/koulutus1\\\/biotalouskoulutus-ita-suomessa\\\/\"},{\"@type\":\"ListItem\",\"position\":4,\"name\":\"Opetusaikataulu\"}]},{\"@type\":\"WebSite\",\"@id\":\"https:\\\/\\\/www.biotalouskoulutus.fi\\\/#website\",\"url\":\"https:\\\/\\\/www.biotalouskoulutus.fi\\\/\",\"name\":\"Biotalouden erikoistumiskoulutus It\u00e4-Suomi\",\"description\":\"Biotalouden erikoistumiskoulutus It\u00e4-Suomessa - innovaatioita ja osaamista korkeakoulujen ja yritysen yhteisty\u00f6n\u00e4. Koulutuksen painotukset: mets\u00e4biotalous, biotalouden sivuvirrat, biojalostus ja energiabiotalous.\",\"potentialAction\":[{\"@type\":\"SearchAction\",\"target\":{\"@type\":\"EntryPoint\",\"urlTemplate\":\"https:\\\/\\\/www.biotalouskoulutus.fi\\\/?s={search_term_string}\"},\"query-input\":{\"@type\":\"PropertyValueSpecification\",\"valueRequired\":true,\"valueName\":\"search_term_string\"}}],\"inLanguage\":\"fi\"}]}<\/script>\n<!-- \/ Yoast SEO plugin. -->","yoast_head_json":{"title":"Opetusaikataulu - Biotalouden erikoistumiskoulutus It\u00e4-Suomi","robots":{"index":"index","follow":"follow","max-snippet":"max-snippet:-1","max-image-preview":"max-image-preview:large","max-video-preview":"max-video-preview:-1"},"canonical":"https:\/\/blogs2.uef.fi\/biotalouskoulutus\/koulutus1\/biotalouskoulutus-ita-suomessa\/opetusaikataulu\/","og_locale":"fi_FI","og_type":"article","og_title":"Opetusaikataulu - Biotalouden erikoistumiskoulutus It\u00e4-Suomi","og_description":"Kontaktiopetusp\u00e4iv\u00e4t 2022-2023 27.-28.1.2022 Biotalouden erikoistumiskoulutuksen aloitus, Joensuu, UEF Koulutuksen k\u00e4yt\u00e4nn\u00f6n j\u00e4rjestelyt Biotalouden projekti Yritysvierailu Ty\u00f6paja 25.3.2022 Et\u00e4p\u00e4iv\u00e4 Zoomissa Ty\u00f6paja Biotalouden projekti Yritysvierailu 9.-10.6.2022 L\u00e4hip\u00e4iv\u00e4t Kuopiossa Ty\u00f6paja Biotalouden projekti Yritysvierailu 21.9.2022 Et\u00e4p\u00e4iv\u00e4 Zoomissa Ty\u00f6paja Biotalouden projekti Yritysvierailu 17.-18.11.2022 Koulutuksen p\u00e4\u00e4t\u00f6sseminaari Biotalouden projekti P\u00e4\u00e4t\u00f6sseminaari L\u00e4hip\u00e4ivien paikka vahvistetaan my\u00f6hemmin &nbsp; &nbsp;","og_url":"https:\/\/blogs2.uef.fi\/biotalouskoulutus\/koulutus1\/biotalouskoulutus-ita-suomessa\/opetusaikataulu\/","og_site_name":"Biotalouden erikoistumiskoulutus It\u00e4-Suomi","article_modified_time":"2021-06-09T12:44:14+00:00","twitter_card":"summary_large_image","schema":{"@context":"https:\/\/schema.org","@graph":[{"@type":"WebPage","@id":"https:\/\/blogs2.uef.fi\/biotalouskoulutus\/koulutus1\/biotalouskoulutus-ita-suomessa\/opetusaikataulu\/","url":"https:\/\/blogs2.uef.fi\/biotalouskoulutus\/koulutus1\/biotalouskoulutus-ita-suomessa\/opetusaikataulu\/","name":"Opetusaikataulu - Biotalouden erikoistumiskoulutus It\u00e4-Suomi","isPartOf":{"@id":"https:\/\/www.biotalouskoulutus.fi\/#website"},"datePublished":"2020-03-11T09:41:12+00:00","dateModified":"2021-06-09T12:44:14+00:00","breadcrumb":{"@id":"https:\/\/blogs2.uef.fi\/biotalouskoulutus\/koulutus1\/biotalouskoulutus-ita-suomessa\/opetusaikataulu\/#breadcrumb"},"inLanguage":"fi","potentialAction":[{"@type":"ReadAction","target":["https:\/\/blogs2.uef.fi\/biotalouskoulutus\/koulutus1\/biotalouskoulutus-ita-suomessa\/opetusaikataulu\/"]}]},{"@type":"BreadcrumbList","@id":"https:\/\/blogs2.uef.fi\/biotalouskoulutus\/koulutus1\/biotalouskoulutus-ita-suomessa\/opetusaikataulu\/#breadcrumb","itemListElement":[{"@type":"ListItem","position":1,"name":"Home","item":"https:\/\/www.biotalouskoulutus.fi\/"},{"@type":"ListItem","position":2,"name":"Koulutus","item":"https:\/\/blogs2.uef.fi\/biotalouskoulutus\/koulutus1\/"},{"@type":"ListItem","position":3,"name":"Biotalouden erikoistumiskoulutus 2022-2023","item":"https:\/\/blogs2.uef.fi\/biotalouskoulutus\/koulutus1\/biotalouskoulutus-ita-suomessa\/"},{"@type":"ListItem","position":4,"name":"Opetusaikataulu"}]},{"@type":"WebSite","@id":"https:\/\/www.biotalouskoulutus.fi\/#website","url":"https:\/\/www.biotalouskoulutus.fi\/","name":"Biotalouden erikoistumiskoulutus It\u00e4-Suomi","description":"Biotalouden erikoistumiskoulutus It\u00e4-Suomessa - innovaatioita ja osaamista korkeakoulujen ja yritysen yhteisty\u00f6n\u00e4. Koulutuksen painotukset: mets\u00e4biotalous, biotalouden sivuvirrat, biojalostus ja energiabiotalous.","potentialAction":[{"@type":"SearchAction","target":{"@type":"EntryPoint","urlTemplate":"https:\/\/www.biotalouskoulutus.fi\/?s={search_term_string}"},"query-input":{"@type":"PropertyValueSpecification","valueRequired":true,"valueName":"search_term_string"}}],"inLanguage":"fi"}]}},"_links":{"self":[{"href":"https:\/\/blogs2.uef.fi\/biotalouskoulutus\/wp-json\/wp\/v2\/pages\/124","targetHints":{"allow":["GET"]}}],"collection":[{"href":"https:\/\/blogs2.uef.fi\/biotalouskoulutus\/wp-json\/wp\/v2\/pages"}],"about":[{"href":"https:\/\/blogs2.uef.fi\/biotalouskoulutus\/wp-json\/wp\/v2\/types\/page"}],"author":[{"embeddable":true,"href":"https:\/\/blogs2.uef.fi\/biotalouskoulutus\/wp-json\/wp\/v2\/users\/1"}],"replies":[{"embeddable":true,"href":"https:\/\/blogs2.uef.fi\/biotalouskoulutus\/wp-json\/wp\/v2\/comments?post=124"}],"version-history":[{"count":4,"href":"https:\/\/blogs2.uef.fi\/biotalouskoulutus\/wp-json\/wp\/v2\/pages\/124\/revisions"}],"predecessor-version":[{"id":2345,"href":"https:\/\/blogs2.uef.fi\/biotalouskoulutus\/wp-json\/wp\/v2\/pages\/124\/revisions\/2345"}],"up":[{"embeddable":true,"href":"https:\/\/blogs2.uef.fi\/biotalouskoulutus\/wp-json\/wp\/v2\/pages\/598"}],"wp:attachment":[{"href":"https:\/\/blogs2.uef.fi\/biotalouskoulutus\/wp-json\/wp\/v2\/media?parent=124"}],"curies":[{"name":"wp","href":"https:\/\/api.w.org\/{rel}","templated":true}]}}