{"id":1306,"date":"2020-08-14T10:11:05","date_gmt":"2020-08-14T07:11:05","guid":{"rendered":"https:\/\/www.biotalouskoulutusitasuomi.fi\/?page_id=1306"},"modified":"2022-04-21T16:02:35","modified_gmt":"2022-04-21T13:02:35","slug":"join-bioerko-hankkeen-tiivistelma","status":"publish","type":"page","link":"https:\/\/blogs2.uef.fi\/biotalouskoulutus\/biotalouskoulutuksen-kehittaminen\/join-bioerko-hankkeen-tiivistelma\/","title":{"rendered":"Join-bioerko -hanke"},"content":{"rendered":"<h2>It\u00e4-Suomen kansainv\u00e4lisen biotalousosaamisen kehitt\u00e4minen ty\u00f6el\u00e4m\u00e4l\u00e4ht\u00f6isen jatkuvan oppimisen keinoin<\/h2>\n<ul>\n<li>Vahvistamme It\u00e4-Suomen biotalousosaamista yhdess\u00e4 korkeakoulujen ja yritysten kanssa.<\/li>\n<li>Biotalouden erikoistumiskoulutuksella opiskelija vahvistaa osaamistaan erikoistumiskoulutuksessa ja ratkaisee ty\u00f6el\u00e4m\u00e4l\u00e4ht\u00f6isi\u00e4 haasteita.<\/li>\n<li>Bioneerit-verkosto kytkee biotalouden toimijoita koulutuksen, tutkimuksen ja kehitt\u00e4misen v\u00e4lill\u00e4.<\/li>\n<li>Koulutusviennill\u00e4 mahdollistetaan it\u00e4suomalaisen biotalousosaamisen ja yritysten kansainv\u00e4listymist\u00e4.<\/li>\n<\/ul>\n<p>Hankkeen kesto: 1.8.2020-31.12.2022<\/p>\n<h3>Onko yrityksess\u00e4nne seuraavanlaisia tarpeita?<\/h3>\n<ul>\n<li>Yrityksess\u00e4 tarvitaan biotalouden asiantuntijaa.<\/li>\n<li>Yrityksess\u00e4 tarvitaan osaamista joistakin biotalouden aihepiireist\u00e4.<\/li>\n<li>Yritys pohtii kansainv\u00e4listymist\u00e4 tai uusia markkina-alueita.<\/li>\n<li>Yrityksell\u00e4 on biotalouteen liittyv\u00e4 kehitt\u00e4mishaaste.<\/li>\n<li>Yritys haluaa edist\u00e4\u00e4 monialaista tuote- ja palvelukehityst\u00e4.<\/li>\n<\/ul>\n<h3>Join-bioerko -hanke voi tarjota ratkaisuja:<\/h3>\n<ul>\n<li>Ty\u00f6ntekij\u00e4 osallistuu biotalouden erikoistumiskoulutukseen.<\/li>\n<li>R\u00e4\u00e4t\u00e4l\u00f6id\u00e4\u00e4n ja pilotoidaan tarpeisiin sopiva koulutus.<\/li>\n<li>Hy\u00f6dynnet\u00e4\u00e4n korkeakoulujen kansainv\u00e4lisi\u00e4 verkostoja ja opiskelijoita selvitysten tekemisess\u00e4.<\/li>\n<li>Esitell\u00e4\u00e4n verkostoissa kotimaisia yrityksi\u00e4, tuotteita tai palveluita.<\/li>\n<li>Ratkaistaan haaste tai osa siit\u00e4 ty\u00f6pajateht\u00e4v\u00e4n\u00e4, harjoituksena tai opinn\u00e4ytety\u00f6n\u00e4 tai suunnitellaan laajempi hanke sen ratkaisemiseksi korkeakouluyhteisty\u00f6ss\u00e4.<\/li>\n<li>Kartoitetaan kumppaneita Bioneerit-verkoston avulla.<\/li>\n<\/ul>\n<p><a href=\"https:\/\/www.biotalouskoulutusitasuomi.fi\/wp-content\/uploads\/sites\/71\/2020\/11\/Join-bioerko_esite.pdf\">Lue lis\u00e4\u00e4 esitteest\u00e4! (pdf)<\/a><\/p>\n<h3><img loading=\"lazy\" decoding=\"async\" class=\"alignnone wp-image-1708 size-full\" src=\"https:\/\/www.biotalouskoulutusitasuomi.fi\/wp-content\/uploads\/sites\/71\/2020\/11\/Joinbioerko-A3-esite.png\" alt=\"Joinbioerko-A3-esite, jonka sis\u00e4lt\u00f6 on tekstiss\u00e4 kuvattu. Esitteess\u00e4 on lis\u00e4ksi toteuttajien eli UEF:n, Karelian ja Savonian logot sek\u00e4 rahoittajan logot eli Ely-keskuksen ja Euroopan unionin sosiaalirahaston logot sek\u00e4 Vipuvoimaa EU:lta 2014-2020 logo.\" width=\"613\" height=\"872\" srcset=\"https:\/\/blogs2.uef.fi\/biotalouskoulutus\/wp-content\/uploads\/sites\/71\/2020\/11\/Joinbioerko-A3-esite.png 613w, https:\/\/blogs2.uef.fi\/biotalouskoulutus\/wp-content\/uploads\/sites\/71\/2020\/11\/Joinbioerko-A3-esite-211x300.png 211w\" sizes=\"auto, (max-width: 613px) 100vw, 613px\" \/><\/h3>\n<h3>Hankkeen tiivistelm\u00e4<\/h3>\n<p>Hankkeen tavoitteena on parantaa kasvavalla biotalousalalla jatkuvan oppimisen koulutustarjontaa sek\u00e4 kehitt\u00e4\u00e4 koulutuksen ty\u00f6el\u00e4m\u00e4l\u00e4ht\u00f6isyytt\u00e4 sek\u00e4 pedagogisesti ett\u00e4 substanssin osalta. Keskeisimpin\u00e4 tavoitteina ovat: Biotalouden erikoistumiskoulutuksen ja siit\u00e4 johdannaisten jatkuvan koulutuksen muotojen kehitt\u00e4minen alueen ty\u00f6el\u00e4m\u00e4n tarpeisiin; Biotalouden kehitt\u00e4j\u00e4verkoston (Bioneerit) luominen ja fasilitointi ja sen kytkeminen olemassa oleviin klustereihin sek\u00e4 biotalouden koulutukseen sek\u00e4; koulutuksen ja yritysyhteisty\u00f6n kansainv\u00e4lisyyden kasvattaminen biotalouden ja jatkuvan oppimisen koulutusvientikokeiluiden kautta.<\/p>\n<p>Hankkeen aikana mm. otetaan k\u00e4ytt\u00f6\u00f6n biotalouden erikoistumiskoulutuksen uusi opetussuunnitelma, ker\u00e4t\u00e4\u00e4n siit\u00e4 palautetta ja suunnittellaan ja pilotoidaan pienempi\u00e4 opetuskokonaisuuksia, jotta opintoja voidaan paremmin r\u00e4\u00e4t\u00e4l\u00f6id\u00e4 ja jotta valmius t\u00e4sm\u00e4koulutusten tarjoamiseen korkeakoulujen yhteisty\u00f6n\u00e4 paranee. Lis\u00e4ksi hankkeessa kehitet\u00e4\u00e4n toimintamalli mentoriverkoston ja haastepankin rakentamiseksi sek\u00e4 selvitet\u00e4\u00e4n edellytykset ja reunaehdot toiminnan jatkumiselle. T\u00e4h\u00e4n liittyen j\u00e4rjestet\u00e4\u00e4n esim. hackaton\/projektibuusteri- tai round table -tilaisuuksia ideoiden sparraamiseksi ja kehitt\u00e4miseksi ja kehitet\u00e4\u00e4n sitouttamis- ja palkitsemismalli mm. mentoroinnin osalta. Kansainv\u00e4lisen vaikuttavuuden rakentaminen tapahtuu p\u00e4\u00e4asiassa koulutusvientikokeiluiden avulla ja erilaisia yhteisty\u00f6muotoja pilotoidaan yhdess\u00e4 tai useammassa kohteessa (Etel\u00e4-Amerikka, Eurooppa, Aasia, Afrikka, Pohjoismaat). Biotalouden erikoistumiskoulutus kytkeytyy l\u00e4heisesti yritysten kanssa teht\u00e4v\u00e4\u00e4n TKI-ty\u00f6h\u00f6n ja ekosysteemien aluekehitt\u00e4misen vahvuuksiin It\u00e4-Suomessa. Pohjois-Savossa strategiaty\u00f6ss\u00e4 on Biotalous valittu yhdeksi kahdeksasta TKI-kehitt\u00e4misymp\u00e4rist\u00f6st\u00e4, joihin nyt kohdennetaan resursseja. Vastaavasti Pohjois-Karjalassa varsinkin mets\u00e4biotalous on vahva osaamiskeskittym\u00e4. Osaltaan t\u00e4m\u00e4 koulutus vahvistaa alueellisten ja kansallisten biotalousalan klusterien muodostumista ja vahvistumista, mik\u00e4 edesauttaa kytkeytymist\u00e4 mm. EU:n Horizon-hankkeisiin.<\/p>\n<p>Hankkeen tuloksena UEF:n, Karelian ja Savonian yhdess\u00e4 toteuttama Biotalouden erikoistumiskoulutus kehittyy ja vastaa yh\u00e4 paremmin ty\u00f6el\u00e4m\u00e4n tarpeisiin. My\u00f6s it\u00e4suomalaisen biotalouden korkeakoulu- ja yritysyhteisty\u00f6n br\u00e4ndi kehittyy ja kattaa jatkuvan oppimisen tarjontaa erikoistumiskoulutusta laajemmin. Mentorointi, jota on k\u00e4ytetty pedagogisena ty\u00f6kaluna biotalouden erikoistumiskoulutuksessa, laajenee alueen biotalousverkostoa vahvistavaksi toimintamalliksi ja toimii mm. korkeakoulujen ja yritysten v\u00e4lisen\u00e4 tiedonsiirtotapana. Lis\u00e4ksi koulutusvientikokeiluiden pohjalta l\u00f6ydet\u00e4\u00e4n biotalouden koulutusvientituotteista houkuttelevimmat sek\u00e4 laaditaan toimintamalli palautteen ker\u00e4\u00e4miseksi ja koulutusviennin kehitt\u00e4miseksi.<\/p>\n","protected":false},"excerpt":{"rendered":"<p>It\u00e4-Suomen kansainv\u00e4lisen biotalousosaamisen kehitt\u00e4minen ty\u00f6el\u00e4m\u00e4l\u00e4ht\u00f6isen jatkuvan oppimisen keinoin Vahvistamme It\u00e4-Suomen biotalousosaamista yhdess\u00e4 korkeakoulujen ja yritysten kanssa. Biotalouden erikoistumiskoulutuksella opiskelija vahvistaa osaamistaan erikoistumiskoulutuksessa ja ratkaisee ty\u00f6el\u00e4m\u00e4l\u00e4ht\u00f6isi\u00e4 haasteita. Bioneerit-verkosto kytkee biotalouden toimijoita koulutuksen, tutkimuksen ja kehitt\u00e4misen v\u00e4lill\u00e4. Koulutusviennill\u00e4 mahdollistetaan it\u00e4suomalaisen biotalousosaamisen ja yritysten kansainv\u00e4listymist\u00e4. Hankkeen kesto: 1.8.2020-31.12.2022 Onko yrityksess\u00e4nne seuraavanlaisia tarpeita? Yrityksess\u00e4 tarvitaan biotalouden asiantuntijaa. Yrityksess\u00e4 tarvitaan [&hellip;]<\/p>\n","protected":false},"author":265,"featured_media":0,"parent":134,"menu_order":2,"comment_status":"closed","ping_status":"closed","template":"","meta":{"_acf_changed":false,"_relevanssi_hide_post":"","_relevanssi_hide_content":"","_relevanssi_pin_for_all":"","_relevanssi_pin_keywords":"","_relevanssi_unpin_keywords":"","_relevanssi_related_keywords":"","_relevanssi_related_include_ids":"","_relevanssi_related_exclude_ids":"","_relevanssi_related_no_append":"","_relevanssi_related_not_related":"","_relevanssi_related_posts":"","_relevanssi_noindex_reason":"","footnotes":""},"class_list":["post-1306","page","type-page","status-publish","hentry"],"acf":[],"yoast_head":"<!-- This site is optimized with the Yoast SEO plugin v27.3 - https:\/\/yoast.com\/product\/yoast-seo-wordpress\/ -->\n<title>Join-bioerko -hanke - Biotalouden erikoistumiskoulutus It\u00e4-Suomi<\/title>\n<meta name=\"robots\" content=\"index, follow, max-snippet:-1, max-image-preview:large, max-video-preview:-1\" \/>\n<link rel=\"canonical\" href=\"https:\/\/blogs2.uef.fi\/biotalouskoulutus\/biotalouskoulutuksen-kehittaminen\/join-bioerko-hankkeen-tiivistelma\/\" \/>\n<meta property=\"og:locale\" content=\"fi_FI\" \/>\n<meta property=\"og:type\" content=\"article\" \/>\n<meta property=\"og:title\" content=\"Join-bioerko -hanke - Biotalouden erikoistumiskoulutus It\u00e4-Suomi\" \/>\n<meta property=\"og:description\" content=\"It\u00e4-Suomen kansainv\u00e4lisen biotalousosaamisen kehitt\u00e4minen ty\u00f6el\u00e4m\u00e4l\u00e4ht\u00f6isen jatkuvan oppimisen keinoin Vahvistamme It\u00e4-Suomen biotalousosaamista yhdess\u00e4 korkeakoulujen ja yritysten kanssa. Biotalouden erikoistumiskoulutuksella opiskelija vahvistaa osaamistaan erikoistumiskoulutuksessa ja ratkaisee ty\u00f6el\u00e4m\u00e4l\u00e4ht\u00f6isi\u00e4 haasteita. Bioneerit-verkosto kytkee biotalouden toimijoita koulutuksen, tutkimuksen ja kehitt\u00e4misen v\u00e4lill\u00e4. Koulutusviennill\u00e4 mahdollistetaan it\u00e4suomalaisen biotalousosaamisen ja yritysten kansainv\u00e4listymist\u00e4. Hankkeen kesto: 1.8.2020-31.12.2022 Onko yrityksess\u00e4nne seuraavanlaisia tarpeita? Yrityksess\u00e4 tarvitaan biotalouden asiantuntijaa. Yrityksess\u00e4 tarvitaan [&hellip;]\" \/>\n<meta property=\"og:url\" content=\"https:\/\/blogs2.uef.fi\/biotalouskoulutus\/biotalouskoulutuksen-kehittaminen\/join-bioerko-hankkeen-tiivistelma\/\" \/>\n<meta property=\"og:site_name\" content=\"Biotalouden erikoistumiskoulutus It\u00e4-Suomi\" \/>\n<meta property=\"article:modified_time\" content=\"2022-04-21T13:02:35+00:00\" \/>\n<meta property=\"og:image\" content=\"https:\/\/www.biotalouskoulutusitasuomi.fi\/wp-content\/uploads\/sites\/71\/2020\/11\/Joinbioerko-A3-esite.png\" \/>\n<meta name=\"twitter:card\" content=\"summary_large_image\" \/>\n<meta name=\"twitter:label1\" content=\"Arvioitu lukuaika\" \/>\n\t<meta name=\"twitter:data1\" content=\"3 minuuttia\" \/>\n<script type=\"application\/ld+json\" class=\"yoast-schema-graph\">{\"@context\":\"https:\\\/\\\/schema.org\",\"@graph\":[{\"@type\":\"WebPage\",\"@id\":\"https:\\\/\\\/blogs2.uef.fi\\\/biotalouskoulutus\\\/biotalouskoulutuksen-kehittaminen\\\/join-bioerko-hankkeen-tiivistelma\\\/\",\"url\":\"https:\\\/\\\/blogs2.uef.fi\\\/biotalouskoulutus\\\/biotalouskoulutuksen-kehittaminen\\\/join-bioerko-hankkeen-tiivistelma\\\/\",\"name\":\"Join-bioerko -hanke - Biotalouden erikoistumiskoulutus It\u00e4-Suomi\",\"isPartOf\":{\"@id\":\"https:\\\/\\\/www.biotalouskoulutus.fi\\\/#website\"},\"primaryImageOfPage\":{\"@id\":\"https:\\\/\\\/blogs2.uef.fi\\\/biotalouskoulutus\\\/biotalouskoulutuksen-kehittaminen\\\/join-bioerko-hankkeen-tiivistelma\\\/#primaryimage\"},\"image\":{\"@id\":\"https:\\\/\\\/blogs2.uef.fi\\\/biotalouskoulutus\\\/biotalouskoulutuksen-kehittaminen\\\/join-bioerko-hankkeen-tiivistelma\\\/#primaryimage\"},\"thumbnailUrl\":\"https:\\\/\\\/www.biotalouskoulutusitasuomi.fi\\\/wp-content\\\/uploads\\\/sites\\\/71\\\/2020\\\/11\\\/Joinbioerko-A3-esite.png\",\"datePublished\":\"2020-08-14T07:11:05+00:00\",\"dateModified\":\"2022-04-21T13:02:35+00:00\",\"breadcrumb\":{\"@id\":\"https:\\\/\\\/blogs2.uef.fi\\\/biotalouskoulutus\\\/biotalouskoulutuksen-kehittaminen\\\/join-bioerko-hankkeen-tiivistelma\\\/#breadcrumb\"},\"inLanguage\":\"fi\",\"potentialAction\":[{\"@type\":\"ReadAction\",\"target\":[\"https:\\\/\\\/blogs2.uef.fi\\\/biotalouskoulutus\\\/biotalouskoulutuksen-kehittaminen\\\/join-bioerko-hankkeen-tiivistelma\\\/\"]}]},{\"@type\":\"ImageObject\",\"inLanguage\":\"fi\",\"@id\":\"https:\\\/\\\/blogs2.uef.fi\\\/biotalouskoulutus\\\/biotalouskoulutuksen-kehittaminen\\\/join-bioerko-hankkeen-tiivistelma\\\/#primaryimage\",\"url\":\"https:\\\/\\\/www.biotalouskoulutusitasuomi.fi\\\/wp-content\\\/uploads\\\/sites\\\/71\\\/2020\\\/11\\\/Joinbioerko-A3-esite.png\",\"contentUrl\":\"https:\\\/\\\/www.biotalouskoulutusitasuomi.fi\\\/wp-content\\\/uploads\\\/sites\\\/71\\\/2020\\\/11\\\/Joinbioerko-A3-esite.png\"},{\"@type\":\"BreadcrumbList\",\"@id\":\"https:\\\/\\\/blogs2.uef.fi\\\/biotalouskoulutus\\\/biotalouskoulutuksen-kehittaminen\\\/join-bioerko-hankkeen-tiivistelma\\\/#breadcrumb\",\"itemListElement\":[{\"@type\":\"ListItem\",\"position\":1,\"name\":\"Home\",\"item\":\"https:\\\/\\\/www.biotalouskoulutus.fi\\\/\"},{\"@type\":\"ListItem\",\"position\":2,\"name\":\"Biotalouskoulutuksen kehitt\u00e4minen\",\"item\":\"https:\\\/\\\/blogs2.uef.fi\\\/biotalouskoulutus\\\/biotalouskoulutuksen-kehittaminen\\\/\"},{\"@type\":\"ListItem\",\"position\":3,\"name\":\"Join-bioerko -hanke\"}]},{\"@type\":\"WebSite\",\"@id\":\"https:\\\/\\\/www.biotalouskoulutus.fi\\\/#website\",\"url\":\"https:\\\/\\\/www.biotalouskoulutus.fi\\\/\",\"name\":\"Biotalouden erikoistumiskoulutus It\u00e4-Suomi\",\"description\":\"Biotalouden erikoistumiskoulutus It\u00e4-Suomessa - innovaatioita ja osaamista korkeakoulujen ja yritysen yhteisty\u00f6n\u00e4. Koulutuksen painotukset: mets\u00e4biotalous, biotalouden sivuvirrat, biojalostus ja energiabiotalous.\",\"potentialAction\":[{\"@type\":\"SearchAction\",\"target\":{\"@type\":\"EntryPoint\",\"urlTemplate\":\"https:\\\/\\\/www.biotalouskoulutus.fi\\\/?s={search_term_string}\"},\"query-input\":{\"@type\":\"PropertyValueSpecification\",\"valueRequired\":true,\"valueName\":\"search_term_string\"}}],\"inLanguage\":\"fi\"}]}<\/script>\n<!-- \/ Yoast SEO plugin. -->","yoast_head_json":{"title":"Join-bioerko -hanke - Biotalouden erikoistumiskoulutus It\u00e4-Suomi","robots":{"index":"index","follow":"follow","max-snippet":"max-snippet:-1","max-image-preview":"max-image-preview:large","max-video-preview":"max-video-preview:-1"},"canonical":"https:\/\/blogs2.uef.fi\/biotalouskoulutus\/biotalouskoulutuksen-kehittaminen\/join-bioerko-hankkeen-tiivistelma\/","og_locale":"fi_FI","og_type":"article","og_title":"Join-bioerko -hanke - Biotalouden erikoistumiskoulutus It\u00e4-Suomi","og_description":"It\u00e4-Suomen kansainv\u00e4lisen biotalousosaamisen kehitt\u00e4minen ty\u00f6el\u00e4m\u00e4l\u00e4ht\u00f6isen jatkuvan oppimisen keinoin Vahvistamme It\u00e4-Suomen biotalousosaamista yhdess\u00e4 korkeakoulujen ja yritysten kanssa. Biotalouden erikoistumiskoulutuksella opiskelija vahvistaa osaamistaan erikoistumiskoulutuksessa ja ratkaisee ty\u00f6el\u00e4m\u00e4l\u00e4ht\u00f6isi\u00e4 haasteita. Bioneerit-verkosto kytkee biotalouden toimijoita koulutuksen, tutkimuksen ja kehitt\u00e4misen v\u00e4lill\u00e4. Koulutusviennill\u00e4 mahdollistetaan it\u00e4suomalaisen biotalousosaamisen ja yritysten kansainv\u00e4listymist\u00e4. Hankkeen kesto: 1.8.2020-31.12.2022 Onko yrityksess\u00e4nne seuraavanlaisia tarpeita? Yrityksess\u00e4 tarvitaan biotalouden asiantuntijaa. Yrityksess\u00e4 tarvitaan [&hellip;]","og_url":"https:\/\/blogs2.uef.fi\/biotalouskoulutus\/biotalouskoulutuksen-kehittaminen\/join-bioerko-hankkeen-tiivistelma\/","og_site_name":"Biotalouden erikoistumiskoulutus It\u00e4-Suomi","article_modified_time":"2022-04-21T13:02:35+00:00","og_image":[{"url":"https:\/\/www.biotalouskoulutusitasuomi.fi\/wp-content\/uploads\/sites\/71\/2020\/11\/Joinbioerko-A3-esite.png","type":"","width":"","height":""}],"twitter_card":"summary_large_image","twitter_misc":{"Arvioitu lukuaika":"3 minuuttia"},"schema":{"@context":"https:\/\/schema.org","@graph":[{"@type":"WebPage","@id":"https:\/\/blogs2.uef.fi\/biotalouskoulutus\/biotalouskoulutuksen-kehittaminen\/join-bioerko-hankkeen-tiivistelma\/","url":"https:\/\/blogs2.uef.fi\/biotalouskoulutus\/biotalouskoulutuksen-kehittaminen\/join-bioerko-hankkeen-tiivistelma\/","name":"Join-bioerko -hanke - Biotalouden erikoistumiskoulutus It\u00e4-Suomi","isPartOf":{"@id":"https:\/\/www.biotalouskoulutus.fi\/#website"},"primaryImageOfPage":{"@id":"https:\/\/blogs2.uef.fi\/biotalouskoulutus\/biotalouskoulutuksen-kehittaminen\/join-bioerko-hankkeen-tiivistelma\/#primaryimage"},"image":{"@id":"https:\/\/blogs2.uef.fi\/biotalouskoulutus\/biotalouskoulutuksen-kehittaminen\/join-bioerko-hankkeen-tiivistelma\/#primaryimage"},"thumbnailUrl":"https:\/\/www.biotalouskoulutusitasuomi.fi\/wp-content\/uploads\/sites\/71\/2020\/11\/Joinbioerko-A3-esite.png","datePublished":"2020-08-14T07:11:05+00:00","dateModified":"2022-04-21T13:02:35+00:00","breadcrumb":{"@id":"https:\/\/blogs2.uef.fi\/biotalouskoulutus\/biotalouskoulutuksen-kehittaminen\/join-bioerko-hankkeen-tiivistelma\/#breadcrumb"},"inLanguage":"fi","potentialAction":[{"@type":"ReadAction","target":["https:\/\/blogs2.uef.fi\/biotalouskoulutus\/biotalouskoulutuksen-kehittaminen\/join-bioerko-hankkeen-tiivistelma\/"]}]},{"@type":"ImageObject","inLanguage":"fi","@id":"https:\/\/blogs2.uef.fi\/biotalouskoulutus\/biotalouskoulutuksen-kehittaminen\/join-bioerko-hankkeen-tiivistelma\/#primaryimage","url":"https:\/\/www.biotalouskoulutusitasuomi.fi\/wp-content\/uploads\/sites\/71\/2020\/11\/Joinbioerko-A3-esite.png","contentUrl":"https:\/\/www.biotalouskoulutusitasuomi.fi\/wp-content\/uploads\/sites\/71\/2020\/11\/Joinbioerko-A3-esite.png"},{"@type":"BreadcrumbList","@id":"https:\/\/blogs2.uef.fi\/biotalouskoulutus\/biotalouskoulutuksen-kehittaminen\/join-bioerko-hankkeen-tiivistelma\/#breadcrumb","itemListElement":[{"@type":"ListItem","position":1,"name":"Home","item":"https:\/\/www.biotalouskoulutus.fi\/"},{"@type":"ListItem","position":2,"name":"Biotalouskoulutuksen kehitt\u00e4minen","item":"https:\/\/blogs2.uef.fi\/biotalouskoulutus\/biotalouskoulutuksen-kehittaminen\/"},{"@type":"ListItem","position":3,"name":"Join-bioerko -hanke"}]},{"@type":"WebSite","@id":"https:\/\/www.biotalouskoulutus.fi\/#website","url":"https:\/\/www.biotalouskoulutus.fi\/","name":"Biotalouden erikoistumiskoulutus It\u00e4-Suomi","description":"Biotalouden erikoistumiskoulutus It\u00e4-Suomessa - innovaatioita ja osaamista korkeakoulujen ja yritysen yhteisty\u00f6n\u00e4. Koulutuksen painotukset: mets\u00e4biotalous, biotalouden sivuvirrat, biojalostus ja energiabiotalous.","potentialAction":[{"@type":"SearchAction","target":{"@type":"EntryPoint","urlTemplate":"https:\/\/www.biotalouskoulutus.fi\/?s={search_term_string}"},"query-input":{"@type":"PropertyValueSpecification","valueRequired":true,"valueName":"search_term_string"}}],"inLanguage":"fi"}]}},"_links":{"self":[{"href":"https:\/\/blogs2.uef.fi\/biotalouskoulutus\/wp-json\/wp\/v2\/pages\/1306","targetHints":{"allow":["GET"]}}],"collection":[{"href":"https:\/\/blogs2.uef.fi\/biotalouskoulutus\/wp-json\/wp\/v2\/pages"}],"about":[{"href":"https:\/\/blogs2.uef.fi\/biotalouskoulutus\/wp-json\/wp\/v2\/types\/page"}],"author":[{"embeddable":true,"href":"https:\/\/blogs2.uef.fi\/biotalouskoulutus\/wp-json\/wp\/v2\/users\/265"}],"replies":[{"embeddable":true,"href":"https:\/\/blogs2.uef.fi\/biotalouskoulutus\/wp-json\/wp\/v2\/comments?post=1306"}],"version-history":[{"count":2,"href":"https:\/\/blogs2.uef.fi\/biotalouskoulutus\/wp-json\/wp\/v2\/pages\/1306\/revisions"}],"predecessor-version":[{"id":1714,"href":"https:\/\/blogs2.uef.fi\/biotalouskoulutus\/wp-json\/wp\/v2\/pages\/1306\/revisions\/1714"}],"up":[{"embeddable":true,"href":"https:\/\/blogs2.uef.fi\/biotalouskoulutus\/wp-json\/wp\/v2\/pages\/134"}],"wp:attachment":[{"href":"https:\/\/blogs2.uef.fi\/biotalouskoulutus\/wp-json\/wp\/v2\/media?parent=1306"}],"curies":[{"name":"wp","href":"https:\/\/api.w.org\/{rel}","templated":true}]}}