{"id":132,"date":"2020-03-11T12:40:36","date_gmt":"2020-03-11T10:40:36","guid":{"rendered":"https:\/\/www.biotalouskoulutusitasuomi.fi\/?page_id=132"},"modified":"2021-12-14T14:21:46","modified_gmt":"2021-12-14T12:21:46","slug":"hakeminen","status":"publish","type":"page","link":"https:\/\/blogs2.uef.fi\/biotalouskoulutus\/koulutus1\/biotalouskoulutus-ita-suomessa\/hakeminen\/","title":{"rendered":"Hakeminen"},"content":{"rendered":"\r\n<h1 class=\"wp-block-heading\">Haku It\u00e4-Suomen Biotalouden erikoistumiskoulutukseen (30 op)<\/h1>\r\n<p>Biotalouden erikoistumiskoulutuksen 3. toteutus k\u00e4ynnistyy 27.-28.1.2022. Opiskelupaikkaa hakeneille ja hyv\u00e4ksytyille on v\u00e4litetty tieto valinnasta sek\u00e4 koulutuksen aloituksesta.<\/p>\r\n<h2>Hakukelpoisuus<\/h2>\r\n<div>Hakijalla tulee olla soveltuva maatalous- ja mets\u00e4tieteellisen tai luonnontieteellisen alan, luonnonvara-alan tai tekniikan alan yliopisto- tai ammattikorkeakoulutasoinen tutkinto tai muu biotalouden alalle soveltuva koulutus. Biotalouden erikoistumiskoulutukseen voivat hakea henkil\u00f6t, jotka toimivat tai ovat kiinnostuneita toimimaan biotalouden alalla. He voivat ty\u00f6skennell\u00e4 yrityksiss\u00e4; yritt\u00e4jin\u00e4; neuvonta-, tutkimus- tai edist\u00e4misteht\u00e4viss\u00e4; tai ammatillisina opettajina. He voivat olla biotaloutta edist\u00e4vi\u00e4 julkisia toimijoita, yritt\u00e4jiksi aikovia tai biotuotannossa ja sen raaka-ainehankinnassa toimivia henkil\u00f6it\u00e4.<\/div>\r\n<div>\u00a0<\/div>\r\n<h2>Hakeminen<\/h2>\r\n<div><strong>Koulutuksen hakuaika on 1.10.-1.11.2021.<\/strong> Hakija hakee yhteen kolmesta Biotalouden erikoistumiskoulutusta It\u00e4-Suomessa j\u00e4rjest\u00e4vist\u00e4 korkeakouluista. Vaihtoehtoja ovat It\u00e4-Suomen yliopisto, Karelia-ammattikorkeakoulu ja Savonia-ammattikorkeakoulu. Hakija valitsee s\u00e4hk\u00f6isen hakulomakkeen sen mukaan, mihin korkeakouluun hakee. Korkeakouluvalinta tehd\u00e4\u00e4n oheisten kuvausten perusteella siihen korkeakouluun, joka parhaiten vastaa hakijan osaamistavoitteita.<\/div>\r\n<div>\u00a0<\/div>\r\n<div>Hakemuksessa hakijan tulee kuvata erikoistumiskoulutuksen hy\u00f6dyt omalle ammatilliselle kehittymiselle ja\/tai oman ty\u00f6paikan\/yrityksen kehittymiselle (motivaatiokirje): <br \/>1. hy\u00f6ty omalle ammatilliselle kehittymiselle\u00a0 <br \/>2. hy\u00f6ty omalle ty\u00f6paikalle, yritykselle\/organisaatiolle tai ty\u00f6llistymiselle <br \/>Pakollisia liitteit\u00e4 ovat tutkintotodistus\/-todistukset ja CV.\u202f\u202f\u202f <br \/>Hakemuksen liitteet toimitetaan hakemuksen liitetiedostona <strong>viimeist\u00e4\u00e4n 1.11.2021 klo 15:00 menness\u00e4<\/strong>. Mik\u00e4li liitteit\u00e4 ei ole toimitettu ajoissa, hakemusta ei hyv\u00e4ksyt\u00e4.<\/div>\r\n<div>\u00a0<\/div>\r\n\r\n<p>&nbsp;<\/p>\r\n\r\n<h2 class=\"wp-block-heading\">Valintamenettely<\/h2>\r\n\r\n<p>&nbsp;<\/p>\r\n\r\n<p>Biotalouden erikoistumiskoulutukseen valitaan 45 opiskelijaa (15 Savoniaan, 15 It\u00e4-Suomen yliopistoon ja 15 Karelia-ammattikorkeakouluun). Opiskelijat valitaan hakemusten perusteella. Maksimipistem\u00e4\u00e4r\u00e4 on 15 ja hakijan on saatava v\u00e4hint\u00e4\u00e4n 2 pistett\u00e4 voidakseen tulla valituksi. Hakijan tulee kuvata erikoistumiskoulutuksen hy\u00f6dyt omalle ammatilliselle kehittymiselle ja\/tai oman ty\u00f6paikan\/yrityksen kehittymiselle (motivaatiokirje):<\/p>\r\n\r\n<p>&nbsp;<\/p>\r\n\r\n<ol class=\"wp-block-list\">\r\n<li>hy\u00f6ty omalle ammatilliselle kehittymiselle 10 pistett\u00e4<\/li>\r\n<li>hy\u00f6ty omalle ty\u00f6paikalle, yritykselle\/organisaatiolle tai ty\u00f6llistymiselle 5 pistett\u00e4<\/li>\r\n<\/ol>\r\n\r\n<p>&nbsp;<\/p>\r\n\r\n<p>Tasapistetilanteessa opiskelijaksi valitaan se, jolla on korkeammat pisteet kohdasta \u201dhy\u00f6ty omalle ammatilliselle kehittymiselle\u201d. Jos hakijoilla on samat pisteet ko. kohdasta, arvotaan opiskelupaikan saava.<\/p>\r\n\r\n<p>&nbsp;<\/p>\r\n\r\n<h2 class=\"wp-block-heading\">Tulosten julkaiseminen ja opiskeluoikeuden k\u00e4ytt\u00f6<\/h2>\r\n\r\n<p>&nbsp;<\/p>\r\n\r\n<p>Opiskelijavalinnan tulokset ilmoitetaan viimeist\u00e4\u00e4n 12.11.2021 s\u00e4hk\u00f6postilla. Opiskelupaikka t\u00e4ytyy ottaa vastaan 28.11.2021 menness\u00e4. Opinnot alkavat 1.1.2022 j\u00e4lkeen erikseen ilmoitettavana ajankohtana ja opiskeluoikeusaika kest\u00e4\u00e4 31.12.2023 saakka, johon menness\u00e4 opinnot on suoritettava.<\/p>\r\n\r\n<p>&nbsp;<\/p>\r\n\r\n<h2 class=\"wp-block-heading\">Hinta<\/h2>\r\n\r\n<p>&nbsp;<\/p>\r\n\r\n<p>Koulutus on maksullinen. Hinta on 900 \u20ac\/osallistuja (alv 0 %). Osallistumismaksu laskutetaan kahdessa er\u00e4ss\u00e4: 23.3.2022 ja 30.9.2022.<\/p>\r\n\r\n<p>&nbsp;<\/p>\r\n\r\n<h2 class=\"wp-block-heading\">Korkeakoulujen kuvaukset<\/h2>\r\n\r\n<p>&nbsp;<\/p>\r\n\r\n<p><strong>It\u00e4-Suomen yliopiston\u00a0<\/strong>vastuulla biotalouden erikoistumiskoulutuksessa ovat erityisesti mets\u00e4t, maaseudun kehitt\u00e4minen ja biojalostus. N\u00e4ihin sis\u00e4ltyv\u00e4t mm. bio- ja kiertotalouden toimintaymp\u00e4rist\u00f6n ja sen muutoksen j\u00e4sent\u00e4minen, luonnonvarojen k\u00e4yt\u00f6n uudelleen m\u00e4\u00e4rittyv\u00e4 kest\u00e4vyys, osallistava johtaminen (co-management), yhteiskuntavastuu, digitalisaatio ja alustatalous biotaloudessa. N\u00e4it\u00e4 teemoja k\u00e4sitell\u00e4\u00e4n muun muassa aluekehityksen ja mets\u00e4talouden eri teht\u00e4vien n\u00e4k\u00f6kulmista. Biojalostuksen osalta koulutukseen sis\u00e4ltyy mm. erotus- ja puhdistustekniikoita (erityisesti termiset- ja uuttotekniikat, suodatus, HPCCC, tislaus, kiteytys, \u2026), sovellusl\u00e4ht\u00f6inen kemiallinen ja mikrobiologinen analytiikka sek\u00e4 sovellukset ja niiden kehitys (esim. hienokemikaalit, terveys- ja l\u00e4\u00e4kevalmisteet, ravintoaineet, elintarvikkeet, aromit ja hajusteet, funktionaaliset tuotteet, (bio)materiaalitekniikka).<\/p>\r\n\r\n<p>&nbsp;<\/p>\r\n\r\n<p><strong>Karelia-ammattikorkeakoulun<\/strong>\u00a0vastuulla biotalouden erikoistumiskoulutuksessa on erityisesti biotalous ja energia. T\u00e4h\u00e4n sis\u00e4ltyy mm. yhteiskunnallinen p\u00e4\u00e4t\u00f6ksenteko energianbiotaloudessa ja energiantuotannon taloudelliset ohjauskeinot, hajautetun energiantuotannon mahdollisuudet ja teknologiavaihtoehdot, energiaratkaisujen suunnittelu ja mitoitus sek\u00e4 uudistuva energialiiketoiminta ja yritt\u00e4jyys.<\/p>\r\n\r\n<p>&nbsp;<\/p>\r\n\r\n<p><strong>Savonia-ammattikorkeakoulun<\/strong>\u00a0vastuulla biotalouden erikoistumiskoulutuksessa on erityisesti kiertotalouden prosessit. T\u00e4h\u00e4n sis\u00e4ltyy mm. kiertotalouden toimintaperiaatteet, erilaiset biotaloudesta syntyv\u00e4t sivuvirrat ja niiden hy\u00f6dynt\u00e4minen sek\u00e4 hy\u00f6dynt\u00e4misen taloudelliset ja ymp\u00e4rist\u00f6vaikutukset. N\u00e4k\u00f6kulmia kiertotalouteen tuodaan erityisesti maatalouden, energiantuotannon ja liiketoiminnan kannalta.<\/p>\r\n<p><a href=\"https:\/\/www.biotalouskoulutusitasuomi.fi\/wp-content\/uploads\/sites\/71\/2021\/03\/BioerkoIII_esite.pdf\">Voit ladata koulutuksen pdf-esitteen t\u00e4st\u00e4.<\/a><\/p>\r\n","protected":false},"excerpt":{"rendered":"<p>Haku It\u00e4-Suomen Biotalouden erikoistumiskoulutukseen (30 op) Biotalouden erikoistumiskoulutuksen 3. toteutus k\u00e4ynnistyy 27.-28.1.2022. Opiskelupaikkaa hakeneille ja hyv\u00e4ksytyille on v\u00e4litetty tieto valinnasta sek\u00e4 koulutuksen aloituksesta. Hakukelpoisuus Hakijalla tulee olla soveltuva maatalous- ja mets\u00e4tieteellisen tai luonnontieteellisen alan, luonnonvara-alan tai tekniikan alan yliopisto- tai ammattikorkeakoulutasoinen tutkinto tai muu biotalouden alalle soveltuva koulutus. Biotalouden erikoistumiskoulutukseen voivat hakea henkil\u00f6t, jotka toimivat [&hellip;]<\/p>\n","protected":false},"author":1,"featured_media":0,"parent":598,"menu_order":3,"comment_status":"closed","ping_status":"closed","template":"","meta":{"_acf_changed":false,"_relevanssi_hide_post":"","_relevanssi_hide_content":"","_relevanssi_pin_for_all":"","_relevanssi_pin_keywords":"","_relevanssi_unpin_keywords":"","_relevanssi_related_keywords":"","_relevanssi_related_include_ids":"","_relevanssi_related_exclude_ids":"","_relevanssi_related_no_append":"","_relevanssi_related_not_related":"","_relevanssi_related_posts":"","_relevanssi_noindex_reason":"","footnotes":""},"class_list":["post-132","page","type-page","status-publish","hentry"],"acf":[],"yoast_head":"<!-- This site is optimized with the Yoast SEO plugin v27.3 - https:\/\/yoast.com\/product\/yoast-seo-wordpress\/ -->\n<title>Hakeminen - Biotalouden erikoistumiskoulutus It\u00e4-Suomi<\/title>\n<meta name=\"robots\" content=\"index, follow, max-snippet:-1, max-image-preview:large, max-video-preview:-1\" \/>\n<link rel=\"canonical\" href=\"https:\/\/blogs2.uef.fi\/biotalouskoulutus\/koulutus1\/biotalouskoulutus-ita-suomessa\/hakeminen\/\" \/>\n<meta property=\"og:locale\" content=\"fi_FI\" \/>\n<meta property=\"og:type\" content=\"article\" \/>\n<meta property=\"og:title\" content=\"Hakeminen - Biotalouden erikoistumiskoulutus It\u00e4-Suomi\" \/>\n<meta property=\"og:description\" content=\"Haku It\u00e4-Suomen Biotalouden erikoistumiskoulutukseen (30 op) Biotalouden erikoistumiskoulutuksen 3. toteutus k\u00e4ynnistyy 27.-28.1.2022. Opiskelupaikkaa hakeneille ja hyv\u00e4ksytyille on v\u00e4litetty tieto valinnasta sek\u00e4 koulutuksen aloituksesta. Hakukelpoisuus Hakijalla tulee olla soveltuva maatalous- ja mets\u00e4tieteellisen tai luonnontieteellisen alan, luonnonvara-alan tai tekniikan alan yliopisto- tai ammattikorkeakoulutasoinen tutkinto tai muu biotalouden alalle soveltuva koulutus. Biotalouden erikoistumiskoulutukseen voivat hakea henkil\u00f6t, jotka toimivat [&hellip;]\" \/>\n<meta property=\"og:url\" content=\"https:\/\/blogs2.uef.fi\/biotalouskoulutus\/koulutus1\/biotalouskoulutus-ita-suomessa\/hakeminen\/\" \/>\n<meta property=\"og:site_name\" content=\"Biotalouden erikoistumiskoulutus It\u00e4-Suomi\" \/>\n<meta property=\"article:modified_time\" content=\"2021-12-14T12:21:46+00:00\" \/>\n<meta name=\"twitter:card\" content=\"summary_large_image\" \/>\n<meta name=\"twitter:label1\" content=\"Arvioitu lukuaika\" \/>\n\t<meta name=\"twitter:data1\" content=\"3 minuuttia\" \/>\n<script type=\"application\/ld+json\" class=\"yoast-schema-graph\">{\"@context\":\"https:\\\/\\\/schema.org\",\"@graph\":[{\"@type\":\"WebPage\",\"@id\":\"https:\\\/\\\/blogs2.uef.fi\\\/biotalouskoulutus\\\/koulutus1\\\/biotalouskoulutus-ita-suomessa\\\/hakeminen\\\/\",\"url\":\"https:\\\/\\\/blogs2.uef.fi\\\/biotalouskoulutus\\\/koulutus1\\\/biotalouskoulutus-ita-suomessa\\\/hakeminen\\\/\",\"name\":\"Hakeminen - Biotalouden erikoistumiskoulutus It\u00e4-Suomi\",\"isPartOf\":{\"@id\":\"https:\\\/\\\/www.biotalouskoulutus.fi\\\/#website\"},\"datePublished\":\"2020-03-11T10:40:36+00:00\",\"dateModified\":\"2021-12-14T12:21:46+00:00\",\"breadcrumb\":{\"@id\":\"https:\\\/\\\/blogs2.uef.fi\\\/biotalouskoulutus\\\/koulutus1\\\/biotalouskoulutus-ita-suomessa\\\/hakeminen\\\/#breadcrumb\"},\"inLanguage\":\"fi\",\"potentialAction\":[{\"@type\":\"ReadAction\",\"target\":[\"https:\\\/\\\/blogs2.uef.fi\\\/biotalouskoulutus\\\/koulutus1\\\/biotalouskoulutus-ita-suomessa\\\/hakeminen\\\/\"]}]},{\"@type\":\"BreadcrumbList\",\"@id\":\"https:\\\/\\\/blogs2.uef.fi\\\/biotalouskoulutus\\\/koulutus1\\\/biotalouskoulutus-ita-suomessa\\\/hakeminen\\\/#breadcrumb\",\"itemListElement\":[{\"@type\":\"ListItem\",\"position\":1,\"name\":\"Home\",\"item\":\"https:\\\/\\\/www.biotalouskoulutus.fi\\\/\"},{\"@type\":\"ListItem\",\"position\":2,\"name\":\"Koulutus\",\"item\":\"https:\\\/\\\/blogs2.uef.fi\\\/biotalouskoulutus\\\/koulutus1\\\/\"},{\"@type\":\"ListItem\",\"position\":3,\"name\":\"Biotalouden erikoistumiskoulutus 2022-2023\",\"item\":\"https:\\\/\\\/blogs2.uef.fi\\\/biotalouskoulutus\\\/koulutus1\\\/biotalouskoulutus-ita-suomessa\\\/\"},{\"@type\":\"ListItem\",\"position\":4,\"name\":\"Hakeminen\"}]},{\"@type\":\"WebSite\",\"@id\":\"https:\\\/\\\/www.biotalouskoulutus.fi\\\/#website\",\"url\":\"https:\\\/\\\/www.biotalouskoulutus.fi\\\/\",\"name\":\"Biotalouden erikoistumiskoulutus It\u00e4-Suomi\",\"description\":\"Biotalouden erikoistumiskoulutus It\u00e4-Suomessa - innovaatioita ja osaamista korkeakoulujen ja yritysen yhteisty\u00f6n\u00e4. Koulutuksen painotukset: mets\u00e4biotalous, biotalouden sivuvirrat, biojalostus ja energiabiotalous.\",\"potentialAction\":[{\"@type\":\"SearchAction\",\"target\":{\"@type\":\"EntryPoint\",\"urlTemplate\":\"https:\\\/\\\/www.biotalouskoulutus.fi\\\/?s={search_term_string}\"},\"query-input\":{\"@type\":\"PropertyValueSpecification\",\"valueRequired\":true,\"valueName\":\"search_term_string\"}}],\"inLanguage\":\"fi\"}]}<\/script>\n<!-- \/ Yoast SEO plugin. -->","yoast_head_json":{"title":"Hakeminen - Biotalouden erikoistumiskoulutus It\u00e4-Suomi","robots":{"index":"index","follow":"follow","max-snippet":"max-snippet:-1","max-image-preview":"max-image-preview:large","max-video-preview":"max-video-preview:-1"},"canonical":"https:\/\/blogs2.uef.fi\/biotalouskoulutus\/koulutus1\/biotalouskoulutus-ita-suomessa\/hakeminen\/","og_locale":"fi_FI","og_type":"article","og_title":"Hakeminen - Biotalouden erikoistumiskoulutus It\u00e4-Suomi","og_description":"Haku It\u00e4-Suomen Biotalouden erikoistumiskoulutukseen (30 op) Biotalouden erikoistumiskoulutuksen 3. toteutus k\u00e4ynnistyy 27.-28.1.2022. Opiskelupaikkaa hakeneille ja hyv\u00e4ksytyille on v\u00e4litetty tieto valinnasta sek\u00e4 koulutuksen aloituksesta. Hakukelpoisuus Hakijalla tulee olla soveltuva maatalous- ja mets\u00e4tieteellisen tai luonnontieteellisen alan, luonnonvara-alan tai tekniikan alan yliopisto- tai ammattikorkeakoulutasoinen tutkinto tai muu biotalouden alalle soveltuva koulutus. Biotalouden erikoistumiskoulutukseen voivat hakea henkil\u00f6t, jotka toimivat [&hellip;]","og_url":"https:\/\/blogs2.uef.fi\/biotalouskoulutus\/koulutus1\/biotalouskoulutus-ita-suomessa\/hakeminen\/","og_site_name":"Biotalouden erikoistumiskoulutus It\u00e4-Suomi","article_modified_time":"2021-12-14T12:21:46+00:00","twitter_card":"summary_large_image","twitter_misc":{"Arvioitu lukuaika":"3 minuuttia"},"schema":{"@context":"https:\/\/schema.org","@graph":[{"@type":"WebPage","@id":"https:\/\/blogs2.uef.fi\/biotalouskoulutus\/koulutus1\/biotalouskoulutus-ita-suomessa\/hakeminen\/","url":"https:\/\/blogs2.uef.fi\/biotalouskoulutus\/koulutus1\/biotalouskoulutus-ita-suomessa\/hakeminen\/","name":"Hakeminen - Biotalouden erikoistumiskoulutus It\u00e4-Suomi","isPartOf":{"@id":"https:\/\/www.biotalouskoulutus.fi\/#website"},"datePublished":"2020-03-11T10:40:36+00:00","dateModified":"2021-12-14T12:21:46+00:00","breadcrumb":{"@id":"https:\/\/blogs2.uef.fi\/biotalouskoulutus\/koulutus1\/biotalouskoulutus-ita-suomessa\/hakeminen\/#breadcrumb"},"inLanguage":"fi","potentialAction":[{"@type":"ReadAction","target":["https:\/\/blogs2.uef.fi\/biotalouskoulutus\/koulutus1\/biotalouskoulutus-ita-suomessa\/hakeminen\/"]}]},{"@type":"BreadcrumbList","@id":"https:\/\/blogs2.uef.fi\/biotalouskoulutus\/koulutus1\/biotalouskoulutus-ita-suomessa\/hakeminen\/#breadcrumb","itemListElement":[{"@type":"ListItem","position":1,"name":"Home","item":"https:\/\/www.biotalouskoulutus.fi\/"},{"@type":"ListItem","position":2,"name":"Koulutus","item":"https:\/\/blogs2.uef.fi\/biotalouskoulutus\/koulutus1\/"},{"@type":"ListItem","position":3,"name":"Biotalouden erikoistumiskoulutus 2022-2023","item":"https:\/\/blogs2.uef.fi\/biotalouskoulutus\/koulutus1\/biotalouskoulutus-ita-suomessa\/"},{"@type":"ListItem","position":4,"name":"Hakeminen"}]},{"@type":"WebSite","@id":"https:\/\/www.biotalouskoulutus.fi\/#website","url":"https:\/\/www.biotalouskoulutus.fi\/","name":"Biotalouden erikoistumiskoulutus It\u00e4-Suomi","description":"Biotalouden erikoistumiskoulutus It\u00e4-Suomessa - innovaatioita ja osaamista korkeakoulujen ja yritysen yhteisty\u00f6n\u00e4. Koulutuksen painotukset: mets\u00e4biotalous, biotalouden sivuvirrat, biojalostus ja energiabiotalous.","potentialAction":[{"@type":"SearchAction","target":{"@type":"EntryPoint","urlTemplate":"https:\/\/www.biotalouskoulutus.fi\/?s={search_term_string}"},"query-input":{"@type":"PropertyValueSpecification","valueRequired":true,"valueName":"search_term_string"}}],"inLanguage":"fi"}]}},"_links":{"self":[{"href":"https:\/\/blogs2.uef.fi\/biotalouskoulutus\/wp-json\/wp\/v2\/pages\/132","targetHints":{"allow":["GET"]}}],"collection":[{"href":"https:\/\/blogs2.uef.fi\/biotalouskoulutus\/wp-json\/wp\/v2\/pages"}],"about":[{"href":"https:\/\/blogs2.uef.fi\/biotalouskoulutus\/wp-json\/wp\/v2\/types\/page"}],"author":[{"embeddable":true,"href":"https:\/\/blogs2.uef.fi\/biotalouskoulutus\/wp-json\/wp\/v2\/users\/1"}],"replies":[{"embeddable":true,"href":"https:\/\/blogs2.uef.fi\/biotalouskoulutus\/wp-json\/wp\/v2\/comments?post=132"}],"version-history":[{"count":4,"href":"https:\/\/blogs2.uef.fi\/biotalouskoulutus\/wp-json\/wp\/v2\/pages\/132\/revisions"}],"predecessor-version":[{"id":2963,"href":"https:\/\/blogs2.uef.fi\/biotalouskoulutus\/wp-json\/wp\/v2\/pages\/132\/revisions\/2963"}],"up":[{"embeddable":true,"href":"https:\/\/blogs2.uef.fi\/biotalouskoulutus\/wp-json\/wp\/v2\/pages\/598"}],"wp:attachment":[{"href":"https:\/\/blogs2.uef.fi\/biotalouskoulutus\/wp-json\/wp\/v2\/media?parent=132"}],"curies":[{"name":"wp","href":"https:\/\/api.w.org\/{rel}","templated":true}]}}