{"id":134,"date":"2020-03-11T12:42:27","date_gmt":"2020-03-11T10:42:27","guid":{"rendered":"https:\/\/www.biotalouskoulutusitasuomi.fi\/?page_id=134"},"modified":"2022-04-21T16:02:07","modified_gmt":"2022-04-21T13:02:07","slug":"biotalouskoulutuksen-kehittaminen","status":"publish","type":"page","link":"https:\/\/blogs2.uef.fi\/biotalouskoulutus\/biotalouskoulutuksen-kehittaminen\/","title":{"rendered":"Biotalouskoulutuksen kehitt\u00e4minen"},"content":{"rendered":"\r\n<h2 class=\"wp-block-heading\">BIOTALOUSKOULUTUS \u2013 INNOVAATIOITA JA OSAAMISTA KORKEAKOULUJEN JA YRITYSTEN YHTEISTY\u00d6N\u00c4<\/h2>\r\n\r\n\r\n\r\n<p>Biotalouskoulutusta kehitet\u00e4\u00e4n It\u00e4-Suomessa aktiivisesti. Haemme vastuaksia mm. seuraaviin kysymyksiin:\u00a0<\/p>\r\n\r\n\r\n\r\n<ul>\r\n<li>Mink\u00e4laista biotalousosaamista organisaatiossa tarvitaan nyt ja tulevaisuudessa?<br \/>Mink\u00e4laista yhteisty\u00f6t\u00e4 korkeakoulut ja yritykset voisivat tehd\u00e4, jotta uutta biotalousosaamista syntyisi?<br \/>Mink\u00e4lainen koulutusmuoto vastaisi parhaiten yrityksen osaamisen kasvattamiseen?<\/li>\r\n<\/ul>\r\n\r\n\r\n\r\n\r\n\r\n<p>Biotalouden yritys tai organisaatio voi tulla mukaan kehitt\u00e4m\u00e4\u00e4n ty\u00f6el\u00e4m\u00e4l\u00e4ht\u00f6ist\u00e4 biotalousalan koulutusta, lis\u00e4tietoja <a href=\"http:\/\/www.biotalouskoulutusitasuomi.fi\/yhteystiedot\">yhteyshenkil\u00f6ilt\u00e4<\/a>.<\/p>\r\n\r\n\r\n","protected":false},"excerpt":{"rendered":"<p>BIOTALOUSKOULUTUS \u2013 INNOVAATIOITA JA OSAAMISTA KORKEAKOULUJEN JA YRITYSTEN YHTEISTY\u00d6N\u00c4 Biotalouskoulutusta kehitet\u00e4\u00e4n It\u00e4-Suomessa aktiivisesti. Haemme vastuaksia mm. seuraaviin kysymyksiin:\u00a0 Mink\u00e4laista biotalousosaamista organisaatiossa tarvitaan nyt ja tulevaisuudessa?Mink\u00e4laista yhteisty\u00f6t\u00e4 korkeakoulut ja yritykset voisivat tehd\u00e4, jotta uutta biotalousosaamista syntyisi?Mink\u00e4lainen koulutusmuoto vastaisi parhaiten yrityksen osaamisen kasvattamiseen? Biotalouden yritys tai organisaatio voi tulla mukaan kehitt\u00e4m\u00e4\u00e4n ty\u00f6el\u00e4m\u00e4l\u00e4ht\u00f6ist\u00e4 biotalousalan koulutusta, lis\u00e4tietoja yhteyshenkil\u00f6ilt\u00e4.<\/p>\n","protected":false},"author":1,"featured_media":0,"parent":0,"menu_order":1,"comment_status":"closed","ping_status":"closed","template":"","meta":{"_acf_changed":false,"_relevanssi_hide_post":"","_relevanssi_hide_content":"","_relevanssi_pin_for_all":"","_relevanssi_pin_keywords":"","_relevanssi_unpin_keywords":"","_relevanssi_related_keywords":"","_relevanssi_related_include_ids":"","_relevanssi_related_exclude_ids":"","_relevanssi_related_no_append":"","_relevanssi_related_not_related":"","_relevanssi_related_posts":"","_relevanssi_noindex_reason":"","footnotes":""},"class_list":["post-134","page","type-page","status-publish","hentry"],"acf":[],"yoast_head":"<!-- This site is optimized with the Yoast SEO plugin v27.3 - https:\/\/yoast.com\/product\/yoast-seo-wordpress\/ -->\n<title>Biotalouskoulutuksen kehitt\u00e4minen - Biotalouden erikoistumiskoulutus It\u00e4-Suomi<\/title>\n<meta name=\"robots\" content=\"index, follow, max-snippet:-1, max-image-preview:large, max-video-preview:-1\" \/>\n<link rel=\"canonical\" href=\"https:\/\/blogs2.uef.fi\/biotalouskoulutus\/biotalouskoulutuksen-kehittaminen\/\" \/>\n<meta property=\"og:locale\" content=\"fi_FI\" \/>\n<meta property=\"og:type\" content=\"article\" \/>\n<meta property=\"og:title\" content=\"Biotalouskoulutuksen kehitt\u00e4minen - Biotalouden erikoistumiskoulutus It\u00e4-Suomi\" \/>\n<meta property=\"og:description\" content=\"BIOTALOUSKOULUTUS \u2013 INNOVAATIOITA JA OSAAMISTA KORKEAKOULUJEN JA YRITYSTEN YHTEISTY\u00d6N\u00c4 Biotalouskoulutusta kehitet\u00e4\u00e4n It\u00e4-Suomessa aktiivisesti. Haemme vastuaksia mm. seuraaviin kysymyksiin:\u00a0 Mink\u00e4laista biotalousosaamista organisaatiossa tarvitaan nyt ja tulevaisuudessa?Mink\u00e4laista yhteisty\u00f6t\u00e4 korkeakoulut ja yritykset voisivat tehd\u00e4, jotta uutta biotalousosaamista syntyisi?Mink\u00e4lainen koulutusmuoto vastaisi parhaiten yrityksen osaamisen kasvattamiseen? Biotalouden yritys tai organisaatio voi tulla mukaan kehitt\u00e4m\u00e4\u00e4n ty\u00f6el\u00e4m\u00e4l\u00e4ht\u00f6ist\u00e4 biotalousalan koulutusta, lis\u00e4tietoja yhteyshenkil\u00f6ilt\u00e4.\" \/>\n<meta property=\"og:url\" content=\"https:\/\/blogs2.uef.fi\/biotalouskoulutus\/biotalouskoulutuksen-kehittaminen\/\" \/>\n<meta property=\"og:site_name\" content=\"Biotalouden erikoistumiskoulutus It\u00e4-Suomi\" \/>\n<meta property=\"article:modified_time\" content=\"2022-04-21T13:02:07+00:00\" \/>\n<meta name=\"twitter:card\" content=\"summary_large_image\" \/>\n<script type=\"application\/ld+json\" class=\"yoast-schema-graph\">{\"@context\":\"https:\\\/\\\/schema.org\",\"@graph\":[{\"@type\":\"WebPage\",\"@id\":\"https:\\\/\\\/blogs2.uef.fi\\\/biotalouskoulutus\\\/biotalouskoulutuksen-kehittaminen\\\/\",\"url\":\"https:\\\/\\\/blogs2.uef.fi\\\/biotalouskoulutus\\\/biotalouskoulutuksen-kehittaminen\\\/\",\"name\":\"Biotalouskoulutuksen kehitt\u00e4minen - Biotalouden erikoistumiskoulutus It\u00e4-Suomi\",\"isPartOf\":{\"@id\":\"https:\\\/\\\/www.biotalouskoulutus.fi\\\/#website\"},\"datePublished\":\"2020-03-11T10:42:27+00:00\",\"dateModified\":\"2022-04-21T13:02:07+00:00\",\"breadcrumb\":{\"@id\":\"https:\\\/\\\/blogs2.uef.fi\\\/biotalouskoulutus\\\/biotalouskoulutuksen-kehittaminen\\\/#breadcrumb\"},\"inLanguage\":\"fi\",\"potentialAction\":[{\"@type\":\"ReadAction\",\"target\":[\"https:\\\/\\\/blogs2.uef.fi\\\/biotalouskoulutus\\\/biotalouskoulutuksen-kehittaminen\\\/\"]}]},{\"@type\":\"BreadcrumbList\",\"@id\":\"https:\\\/\\\/blogs2.uef.fi\\\/biotalouskoulutus\\\/biotalouskoulutuksen-kehittaminen\\\/#breadcrumb\",\"itemListElement\":[{\"@type\":\"ListItem\",\"position\":1,\"name\":\"Home\",\"item\":\"https:\\\/\\\/www.biotalouskoulutus.fi\\\/\"},{\"@type\":\"ListItem\",\"position\":2,\"name\":\"Biotalouskoulutuksen kehitt\u00e4minen\"}]},{\"@type\":\"WebSite\",\"@id\":\"https:\\\/\\\/www.biotalouskoulutus.fi\\\/#website\",\"url\":\"https:\\\/\\\/www.biotalouskoulutus.fi\\\/\",\"name\":\"Biotalouden erikoistumiskoulutus It\u00e4-Suomi\",\"description\":\"Biotalouden erikoistumiskoulutus It\u00e4-Suomessa - innovaatioita ja osaamista korkeakoulujen ja yritysen yhteisty\u00f6n\u00e4. Koulutuksen painotukset: mets\u00e4biotalous, biotalouden sivuvirrat, biojalostus ja energiabiotalous.\",\"potentialAction\":[{\"@type\":\"SearchAction\",\"target\":{\"@type\":\"EntryPoint\",\"urlTemplate\":\"https:\\\/\\\/www.biotalouskoulutus.fi\\\/?s={search_term_string}\"},\"query-input\":{\"@type\":\"PropertyValueSpecification\",\"valueRequired\":true,\"valueName\":\"search_term_string\"}}],\"inLanguage\":\"fi\"}]}<\/script>\n<!-- \/ Yoast SEO plugin. -->","yoast_head_json":{"title":"Biotalouskoulutuksen kehitt\u00e4minen - Biotalouden erikoistumiskoulutus It\u00e4-Suomi","robots":{"index":"index","follow":"follow","max-snippet":"max-snippet:-1","max-image-preview":"max-image-preview:large","max-video-preview":"max-video-preview:-1"},"canonical":"https:\/\/blogs2.uef.fi\/biotalouskoulutus\/biotalouskoulutuksen-kehittaminen\/","og_locale":"fi_FI","og_type":"article","og_title":"Biotalouskoulutuksen kehitt\u00e4minen - Biotalouden erikoistumiskoulutus It\u00e4-Suomi","og_description":"BIOTALOUSKOULUTUS \u2013 INNOVAATIOITA JA OSAAMISTA KORKEAKOULUJEN JA YRITYSTEN YHTEISTY\u00d6N\u00c4 Biotalouskoulutusta kehitet\u00e4\u00e4n It\u00e4-Suomessa aktiivisesti. Haemme vastuaksia mm. seuraaviin kysymyksiin:\u00a0 Mink\u00e4laista biotalousosaamista organisaatiossa tarvitaan nyt ja tulevaisuudessa?Mink\u00e4laista yhteisty\u00f6t\u00e4 korkeakoulut ja yritykset voisivat tehd\u00e4, jotta uutta biotalousosaamista syntyisi?Mink\u00e4lainen koulutusmuoto vastaisi parhaiten yrityksen osaamisen kasvattamiseen? Biotalouden yritys tai organisaatio voi tulla mukaan kehitt\u00e4m\u00e4\u00e4n ty\u00f6el\u00e4m\u00e4l\u00e4ht\u00f6ist\u00e4 biotalousalan koulutusta, lis\u00e4tietoja yhteyshenkil\u00f6ilt\u00e4.","og_url":"https:\/\/blogs2.uef.fi\/biotalouskoulutus\/biotalouskoulutuksen-kehittaminen\/","og_site_name":"Biotalouden erikoistumiskoulutus It\u00e4-Suomi","article_modified_time":"2022-04-21T13:02:07+00:00","twitter_card":"summary_large_image","schema":{"@context":"https:\/\/schema.org","@graph":[{"@type":"WebPage","@id":"https:\/\/blogs2.uef.fi\/biotalouskoulutus\/biotalouskoulutuksen-kehittaminen\/","url":"https:\/\/blogs2.uef.fi\/biotalouskoulutus\/biotalouskoulutuksen-kehittaminen\/","name":"Biotalouskoulutuksen kehitt\u00e4minen - Biotalouden erikoistumiskoulutus It\u00e4-Suomi","isPartOf":{"@id":"https:\/\/www.biotalouskoulutus.fi\/#website"},"datePublished":"2020-03-11T10:42:27+00:00","dateModified":"2022-04-21T13:02:07+00:00","breadcrumb":{"@id":"https:\/\/blogs2.uef.fi\/biotalouskoulutus\/biotalouskoulutuksen-kehittaminen\/#breadcrumb"},"inLanguage":"fi","potentialAction":[{"@type":"ReadAction","target":["https:\/\/blogs2.uef.fi\/biotalouskoulutus\/biotalouskoulutuksen-kehittaminen\/"]}]},{"@type":"BreadcrumbList","@id":"https:\/\/blogs2.uef.fi\/biotalouskoulutus\/biotalouskoulutuksen-kehittaminen\/#breadcrumb","itemListElement":[{"@type":"ListItem","position":1,"name":"Home","item":"https:\/\/www.biotalouskoulutus.fi\/"},{"@type":"ListItem","position":2,"name":"Biotalouskoulutuksen kehitt\u00e4minen"}]},{"@type":"WebSite","@id":"https:\/\/www.biotalouskoulutus.fi\/#website","url":"https:\/\/www.biotalouskoulutus.fi\/","name":"Biotalouden erikoistumiskoulutus It\u00e4-Suomi","description":"Biotalouden erikoistumiskoulutus It\u00e4-Suomessa - innovaatioita ja osaamista korkeakoulujen ja yritysen yhteisty\u00f6n\u00e4. Koulutuksen painotukset: mets\u00e4biotalous, biotalouden sivuvirrat, biojalostus ja energiabiotalous.","potentialAction":[{"@type":"SearchAction","target":{"@type":"EntryPoint","urlTemplate":"https:\/\/www.biotalouskoulutus.fi\/?s={search_term_string}"},"query-input":{"@type":"PropertyValueSpecification","valueRequired":true,"valueName":"search_term_string"}}],"inLanguage":"fi"}]}},"_links":{"self":[{"href":"https:\/\/blogs2.uef.fi\/biotalouskoulutus\/wp-json\/wp\/v2\/pages\/134","targetHints":{"allow":["GET"]}}],"collection":[{"href":"https:\/\/blogs2.uef.fi\/biotalouskoulutus\/wp-json\/wp\/v2\/pages"}],"about":[{"href":"https:\/\/blogs2.uef.fi\/biotalouskoulutus\/wp-json\/wp\/v2\/types\/page"}],"author":[{"embeddable":true,"href":"https:\/\/blogs2.uef.fi\/biotalouskoulutus\/wp-json\/wp\/v2\/users\/1"}],"replies":[{"embeddable":true,"href":"https:\/\/blogs2.uef.fi\/biotalouskoulutus\/wp-json\/wp\/v2\/comments?post=134"}],"version-history":[{"count":3,"href":"https:\/\/blogs2.uef.fi\/biotalouskoulutus\/wp-json\/wp\/v2\/pages\/134\/revisions"}],"predecessor-version":[{"id":1297,"href":"https:\/\/blogs2.uef.fi\/biotalouskoulutus\/wp-json\/wp\/v2\/pages\/134\/revisions\/1297"}],"wp:attachment":[{"href":"https:\/\/blogs2.uef.fi\/biotalouskoulutus\/wp-json\/wp\/v2\/media?parent=134"}],"curies":[{"name":"wp","href":"https:\/\/api.w.org\/{rel}","templated":true}]}}