{"id":225,"date":"2020-03-16T13:19:05","date_gmt":"2020-03-16T11:19:05","guid":{"rendered":"https:\/\/www.biotalouskoulutusitasuomi.fi\/?page_id=225"},"modified":"2022-04-21T16:02:27","modified_gmt":"2022-04-21T13:02:27","slug":"hankkeen-tiivistelma","status":"publish","type":"page","link":"https:\/\/blogs2.uef.fi\/biotalouskoulutus\/biotalouskoulutuksen-kehittaminen\/hankkeen-tiivistelma\/","title":{"rendered":"Is-bioerko -hanke"},"content":{"rendered":"\r\n<h2>It\u00e4suomalainen Biotalouden erikoistumiskoulutus<\/h2>\r\n<p>Biotaloudessa luonnonvarojen kest\u00e4v\u00e4 k\u00e4ytt\u00f6 ja k\u00e4yt\u00f6n hyv\u00e4ksytt\u00e4vyys ovat keskeisi\u00e4 ja ne otetaan huomioon hankkeessa kehitett\u00e4v\u00e4ss\u00e4 erikoistumiskoulutuksessa. Hankkeessa kehitet\u00e4\u00e4n It\u00e4-Suomen yliopiston sek\u00e4 Savonia- ja Karelia-ammattikorkeakoulujen sek\u00e4 biotalouden yritysten ja muiden organisaatioiden kanssa uusi ty\u00f6el\u00e4m\u00e4l\u00e4ht\u00f6isen oppimisen ja opettamisen malli, jota pilotoidaan Biotalouden erikoistumiskoulutuksessa vuosina 2018-2020.<\/p>\r\n\r\n\r\n\r\n<p>Hankkeen konkreettisia toimenpiteit\u00e4 ovat:<\/p>\r\n\r\n\r\n\r\n<ol class=\"wp-block-list\">\r\n<li>Valtakunnallisesti suunnitellun biotalouden erikoistumiskoulutuksen r\u00e4\u00e4t\u00e4l\u00f6inti It\u00e4-Suomen elinkeinoel\u00e4m\u00e4n tarpeisiin<\/li>\r\n<li>It\u00e4suomalaisen ty\u00f6el\u00e4m\u00e4l\u00e4ht\u00f6isen koulutusmallin rakentaminen parhaita ty\u00f6el\u00e4m\u00e4l\u00e4ht\u00f6isen pedagogiikan malleja ja kokemuksia hy\u00f6dynt\u00e4en<\/li>\r\n<li>Yliopiston ja korkeakoulujen biotalouden parhaan osaamisen kanavoiminen alueen yritysten kehitt\u00e4misongelmien ratkaisuun koulutuksen kautta<\/li>\r\n<li>Yliopiston ja korkeakoulujen opettajien kouluttaminen ty\u00f6el\u00e4m\u00e4nl\u00e4ht\u00f6iseen koulutusmalliin<\/li>\r\n<li>It\u00e4suomalaisen biotalouden ty\u00f6el\u00e4m\u00e4l\u00e4ht\u00f6isen koulutusmallin pilotointi ensimm\u00e4isess\u00e4 erikoistumiskoulutuksessa vuosina 2018-2020<\/li>\r\n<li>Korkeakoulujen yhteisen Biotalouden erikoistumiskoulutuksen kysynt\u00e4potentiaalin selvitt\u00e4minen kansainv\u00e4lisen\u00e4 koulutusvientituotteena.<\/li>\r\n<\/ol>\r\n\r\n\r\n\r\n<p>Hankkeen v\u00e4litt\u00f6m\u00e4n\u00e4 tavoitteena on kouluttaa 30 biotalouden alan ammattilaista tai alalle suuntautuvaa ammattilaista uudessa erikoistumiskoulutuksessa vuoden 2020 kes\u00e4\u00e4n menness\u00e4 ja siten edist\u00e4\u00e4 koulutettavien ty\u00f6llistymist\u00e4 ja uusien ty\u00f6paikkojen syntymist\u00e4. Lis\u00e4ksi 30 opiskelijaa suorittaa yhden erikoistumiskoulutuksen 10 op:n mittaisen eriytt\u00e4v\u00e4n opintojakson. V\u00e4lillisen\u00e4 tavoitteena on yliopiston ja korkeakoulujen opetuksen ty\u00f6el\u00e4m\u00e4relevanssin parantaminen ja yliopiston ja korkeakoulujen yhteisty\u00f6n tiivist\u00e4minen biotalouden alalla. Erikoistumiskoulutukseen otetaan korkeakoulutuksen k\u00e4yneit\u00e4 opiskelijoita riippumatta ty\u00f6markkina-asemasta.<\/p>\r\n<p><a href=\"https:\/\/www.biotalouskoulutusitasuomi.fi\/wp-content\/uploads\/sites\/71\/2020\/04\/Juliste-A3_Is-bioerko.pdf\" target=\"_blank\" rel=\"noopener noreferrer\">Hankkeen esite<\/a><\/p>\r\n\r\n\r\n","protected":false},"excerpt":{"rendered":"<p>It\u00e4suomalainen Biotalouden erikoistumiskoulutus Biotaloudessa luonnonvarojen kest\u00e4v\u00e4 k\u00e4ytt\u00f6 ja k\u00e4yt\u00f6n hyv\u00e4ksytt\u00e4vyys ovat keskeisi\u00e4 ja ne otetaan huomioon hankkeessa kehitett\u00e4v\u00e4ss\u00e4 erikoistumiskoulutuksessa. Hankkeessa kehitet\u00e4\u00e4n It\u00e4-Suomen yliopiston sek\u00e4 Savonia- ja Karelia-ammattikorkeakoulujen sek\u00e4 biotalouden yritysten ja muiden organisaatioiden kanssa uusi ty\u00f6el\u00e4m\u00e4l\u00e4ht\u00f6isen oppimisen ja opettamisen malli, jota pilotoidaan Biotalouden erikoistumiskoulutuksessa vuosina 2018-2020. Hankkeen konkreettisia toimenpiteit\u00e4 ovat: Valtakunnallisesti suunnitellun biotalouden erikoistumiskoulutuksen r\u00e4\u00e4t\u00e4l\u00f6inti [&hellip;]<\/p>\n","protected":false},"author":1,"featured_media":0,"parent":134,"menu_order":2,"comment_status":"closed","ping_status":"closed","template":"","meta":{"_acf_changed":false,"_relevanssi_hide_post":"","_relevanssi_hide_content":"","_relevanssi_pin_for_all":"","_relevanssi_pin_keywords":"","_relevanssi_unpin_keywords":"","_relevanssi_related_keywords":"","_relevanssi_related_include_ids":"","_relevanssi_related_exclude_ids":"","_relevanssi_related_no_append":"","_relevanssi_related_not_related":"","_relevanssi_related_posts":"","_relevanssi_noindex_reason":"","footnotes":""},"class_list":["post-225","page","type-page","status-publish","hentry"],"acf":[],"yoast_head":"<!-- This site is optimized with the Yoast SEO plugin v27.3 - https:\/\/yoast.com\/product\/yoast-seo-wordpress\/ -->\n<title>Is-bioerko -hanke - Biotalouden erikoistumiskoulutus It\u00e4-Suomi<\/title>\n<meta name=\"robots\" content=\"index, follow, max-snippet:-1, max-image-preview:large, max-video-preview:-1\" \/>\n<link rel=\"canonical\" href=\"https:\/\/blogs2.uef.fi\/biotalouskoulutus\/biotalouskoulutuksen-kehittaminen\/hankkeen-tiivistelma\/\" \/>\n<meta property=\"og:locale\" content=\"fi_FI\" \/>\n<meta property=\"og:type\" content=\"article\" \/>\n<meta property=\"og:title\" content=\"Is-bioerko -hanke - Biotalouden erikoistumiskoulutus It\u00e4-Suomi\" \/>\n<meta property=\"og:description\" content=\"It\u00e4suomalainen Biotalouden erikoistumiskoulutus Biotaloudessa luonnonvarojen kest\u00e4v\u00e4 k\u00e4ytt\u00f6 ja k\u00e4yt\u00f6n hyv\u00e4ksytt\u00e4vyys ovat keskeisi\u00e4 ja ne otetaan huomioon hankkeessa kehitett\u00e4v\u00e4ss\u00e4 erikoistumiskoulutuksessa. Hankkeessa kehitet\u00e4\u00e4n It\u00e4-Suomen yliopiston sek\u00e4 Savonia- ja Karelia-ammattikorkeakoulujen sek\u00e4 biotalouden yritysten ja muiden organisaatioiden kanssa uusi ty\u00f6el\u00e4m\u00e4l\u00e4ht\u00f6isen oppimisen ja opettamisen malli, jota pilotoidaan Biotalouden erikoistumiskoulutuksessa vuosina 2018-2020. Hankkeen konkreettisia toimenpiteit\u00e4 ovat: Valtakunnallisesti suunnitellun biotalouden erikoistumiskoulutuksen r\u00e4\u00e4t\u00e4l\u00f6inti [&hellip;]\" \/>\n<meta property=\"og:url\" content=\"https:\/\/blogs2.uef.fi\/biotalouskoulutus\/biotalouskoulutuksen-kehittaminen\/hankkeen-tiivistelma\/\" \/>\n<meta property=\"og:site_name\" content=\"Biotalouden erikoistumiskoulutus It\u00e4-Suomi\" \/>\n<meta property=\"article:modified_time\" content=\"2022-04-21T13:02:27+00:00\" \/>\n<meta name=\"twitter:card\" content=\"summary_large_image\" \/>\n<meta name=\"twitter:label1\" content=\"Arvioitu lukuaika\" \/>\n\t<meta name=\"twitter:data1\" content=\"1 minuutti\" \/>\n<script type=\"application\/ld+json\" class=\"yoast-schema-graph\">{\"@context\":\"https:\\\/\\\/schema.org\",\"@graph\":[{\"@type\":\"WebPage\",\"@id\":\"https:\\\/\\\/blogs2.uef.fi\\\/biotalouskoulutus\\\/biotalouskoulutuksen-kehittaminen\\\/hankkeen-tiivistelma\\\/\",\"url\":\"https:\\\/\\\/blogs2.uef.fi\\\/biotalouskoulutus\\\/biotalouskoulutuksen-kehittaminen\\\/hankkeen-tiivistelma\\\/\",\"name\":\"Is-bioerko -hanke - Biotalouden erikoistumiskoulutus It\u00e4-Suomi\",\"isPartOf\":{\"@id\":\"https:\\\/\\\/www.biotalouskoulutus.fi\\\/#website\"},\"datePublished\":\"2020-03-16T11:19:05+00:00\",\"dateModified\":\"2022-04-21T13:02:27+00:00\",\"breadcrumb\":{\"@id\":\"https:\\\/\\\/blogs2.uef.fi\\\/biotalouskoulutus\\\/biotalouskoulutuksen-kehittaminen\\\/hankkeen-tiivistelma\\\/#breadcrumb\"},\"inLanguage\":\"fi\",\"potentialAction\":[{\"@type\":\"ReadAction\",\"target\":[\"https:\\\/\\\/blogs2.uef.fi\\\/biotalouskoulutus\\\/biotalouskoulutuksen-kehittaminen\\\/hankkeen-tiivistelma\\\/\"]}]},{\"@type\":\"BreadcrumbList\",\"@id\":\"https:\\\/\\\/blogs2.uef.fi\\\/biotalouskoulutus\\\/biotalouskoulutuksen-kehittaminen\\\/hankkeen-tiivistelma\\\/#breadcrumb\",\"itemListElement\":[{\"@type\":\"ListItem\",\"position\":1,\"name\":\"Home\",\"item\":\"https:\\\/\\\/www.biotalouskoulutus.fi\\\/\"},{\"@type\":\"ListItem\",\"position\":2,\"name\":\"Biotalouskoulutuksen kehitt\u00e4minen\",\"item\":\"https:\\\/\\\/blogs2.uef.fi\\\/biotalouskoulutus\\\/biotalouskoulutuksen-kehittaminen\\\/\"},{\"@type\":\"ListItem\",\"position\":3,\"name\":\"Is-bioerko -hanke\"}]},{\"@type\":\"WebSite\",\"@id\":\"https:\\\/\\\/www.biotalouskoulutus.fi\\\/#website\",\"url\":\"https:\\\/\\\/www.biotalouskoulutus.fi\\\/\",\"name\":\"Biotalouden erikoistumiskoulutus It\u00e4-Suomi\",\"description\":\"Biotalouden erikoistumiskoulutus It\u00e4-Suomessa - innovaatioita ja osaamista korkeakoulujen ja yritysen yhteisty\u00f6n\u00e4. Koulutuksen painotukset: mets\u00e4biotalous, biotalouden sivuvirrat, biojalostus ja energiabiotalous.\",\"potentialAction\":[{\"@type\":\"SearchAction\",\"target\":{\"@type\":\"EntryPoint\",\"urlTemplate\":\"https:\\\/\\\/www.biotalouskoulutus.fi\\\/?s={search_term_string}\"},\"query-input\":{\"@type\":\"PropertyValueSpecification\",\"valueRequired\":true,\"valueName\":\"search_term_string\"}}],\"inLanguage\":\"fi\"}]}<\/script>\n<!-- \/ Yoast SEO plugin. -->","yoast_head_json":{"title":"Is-bioerko -hanke - Biotalouden erikoistumiskoulutus It\u00e4-Suomi","robots":{"index":"index","follow":"follow","max-snippet":"max-snippet:-1","max-image-preview":"max-image-preview:large","max-video-preview":"max-video-preview:-1"},"canonical":"https:\/\/blogs2.uef.fi\/biotalouskoulutus\/biotalouskoulutuksen-kehittaminen\/hankkeen-tiivistelma\/","og_locale":"fi_FI","og_type":"article","og_title":"Is-bioerko -hanke - Biotalouden erikoistumiskoulutus It\u00e4-Suomi","og_description":"It\u00e4suomalainen Biotalouden erikoistumiskoulutus Biotaloudessa luonnonvarojen kest\u00e4v\u00e4 k\u00e4ytt\u00f6 ja k\u00e4yt\u00f6n hyv\u00e4ksytt\u00e4vyys ovat keskeisi\u00e4 ja ne otetaan huomioon hankkeessa kehitett\u00e4v\u00e4ss\u00e4 erikoistumiskoulutuksessa. Hankkeessa kehitet\u00e4\u00e4n It\u00e4-Suomen yliopiston sek\u00e4 Savonia- ja Karelia-ammattikorkeakoulujen sek\u00e4 biotalouden yritysten ja muiden organisaatioiden kanssa uusi ty\u00f6el\u00e4m\u00e4l\u00e4ht\u00f6isen oppimisen ja opettamisen malli, jota pilotoidaan Biotalouden erikoistumiskoulutuksessa vuosina 2018-2020. Hankkeen konkreettisia toimenpiteit\u00e4 ovat: Valtakunnallisesti suunnitellun biotalouden erikoistumiskoulutuksen r\u00e4\u00e4t\u00e4l\u00f6inti [&hellip;]","og_url":"https:\/\/blogs2.uef.fi\/biotalouskoulutus\/biotalouskoulutuksen-kehittaminen\/hankkeen-tiivistelma\/","og_site_name":"Biotalouden erikoistumiskoulutus It\u00e4-Suomi","article_modified_time":"2022-04-21T13:02:27+00:00","twitter_card":"summary_large_image","twitter_misc":{"Arvioitu lukuaika":"1 minuutti"},"schema":{"@context":"https:\/\/schema.org","@graph":[{"@type":"WebPage","@id":"https:\/\/blogs2.uef.fi\/biotalouskoulutus\/biotalouskoulutuksen-kehittaminen\/hankkeen-tiivistelma\/","url":"https:\/\/blogs2.uef.fi\/biotalouskoulutus\/biotalouskoulutuksen-kehittaminen\/hankkeen-tiivistelma\/","name":"Is-bioerko -hanke - Biotalouden erikoistumiskoulutus It\u00e4-Suomi","isPartOf":{"@id":"https:\/\/www.biotalouskoulutus.fi\/#website"},"datePublished":"2020-03-16T11:19:05+00:00","dateModified":"2022-04-21T13:02:27+00:00","breadcrumb":{"@id":"https:\/\/blogs2.uef.fi\/biotalouskoulutus\/biotalouskoulutuksen-kehittaminen\/hankkeen-tiivistelma\/#breadcrumb"},"inLanguage":"fi","potentialAction":[{"@type":"ReadAction","target":["https:\/\/blogs2.uef.fi\/biotalouskoulutus\/biotalouskoulutuksen-kehittaminen\/hankkeen-tiivistelma\/"]}]},{"@type":"BreadcrumbList","@id":"https:\/\/blogs2.uef.fi\/biotalouskoulutus\/biotalouskoulutuksen-kehittaminen\/hankkeen-tiivistelma\/#breadcrumb","itemListElement":[{"@type":"ListItem","position":1,"name":"Home","item":"https:\/\/www.biotalouskoulutus.fi\/"},{"@type":"ListItem","position":2,"name":"Biotalouskoulutuksen kehitt\u00e4minen","item":"https:\/\/blogs2.uef.fi\/biotalouskoulutus\/biotalouskoulutuksen-kehittaminen\/"},{"@type":"ListItem","position":3,"name":"Is-bioerko -hanke"}]},{"@type":"WebSite","@id":"https:\/\/www.biotalouskoulutus.fi\/#website","url":"https:\/\/www.biotalouskoulutus.fi\/","name":"Biotalouden erikoistumiskoulutus It\u00e4-Suomi","description":"Biotalouden erikoistumiskoulutus It\u00e4-Suomessa - innovaatioita ja osaamista korkeakoulujen ja yritysen yhteisty\u00f6n\u00e4. Koulutuksen painotukset: mets\u00e4biotalous, biotalouden sivuvirrat, biojalostus ja energiabiotalous.","potentialAction":[{"@type":"SearchAction","target":{"@type":"EntryPoint","urlTemplate":"https:\/\/www.biotalouskoulutus.fi\/?s={search_term_string}"},"query-input":{"@type":"PropertyValueSpecification","valueRequired":true,"valueName":"search_term_string"}}],"inLanguage":"fi"}]}},"_links":{"self":[{"href":"https:\/\/blogs2.uef.fi\/biotalouskoulutus\/wp-json\/wp\/v2\/pages\/225","targetHints":{"allow":["GET"]}}],"collection":[{"href":"https:\/\/blogs2.uef.fi\/biotalouskoulutus\/wp-json\/wp\/v2\/pages"}],"about":[{"href":"https:\/\/blogs2.uef.fi\/biotalouskoulutus\/wp-json\/wp\/v2\/types\/page"}],"author":[{"embeddable":true,"href":"https:\/\/blogs2.uef.fi\/biotalouskoulutus\/wp-json\/wp\/v2\/users\/1"}],"replies":[{"embeddable":true,"href":"https:\/\/blogs2.uef.fi\/biotalouskoulutus\/wp-json\/wp\/v2\/comments?post=225"}],"version-history":[{"count":4,"href":"https:\/\/blogs2.uef.fi\/biotalouskoulutus\/wp-json\/wp\/v2\/pages\/225\/revisions"}],"predecessor-version":[{"id":1702,"href":"https:\/\/blogs2.uef.fi\/biotalouskoulutus\/wp-json\/wp\/v2\/pages\/225\/revisions\/1702"}],"up":[{"embeddable":true,"href":"https:\/\/blogs2.uef.fi\/biotalouskoulutus\/wp-json\/wp\/v2\/pages\/134"}],"wp:attachment":[{"href":"https:\/\/blogs2.uef.fi\/biotalouskoulutus\/wp-json\/wp\/v2\/media?parent=225"}],"curies":[{"name":"wp","href":"https:\/\/api.w.org\/{rel}","templated":true}]}}