{"id":2992,"date":"2022-02-15T11:20:17","date_gmt":"2022-02-15T09:20:17","guid":{"rendered":"https:\/\/www.biotalouskoulutusitasuomi.fi\/?page_id=2992"},"modified":"2025-01-30T13:39:06","modified_gmt":"2025-01-30T11:39:06","slug":"saavutettavuusseloste","status":"publish","type":"page","link":"https:\/\/blogs2.uef.fi\/biotalouskoulutus\/saavutettavuusseloste\/","title":{"rendered":"Saavutettavuusseloste"},"content":{"rendered":"<p>T\u00e4m\u00e4 saavutettavuusseloste koskee It\u00e4-Suomen yliopiston https:\/\/www.biotalouskoulutusitasuomi.fi\/ -sivustoa ja on laadittu 19.01.2022. Sivusto on julkaistu 05.03.2020. Sivustoa on p\u00e4ivitetty 25.1.2021.<\/p>\n<p>It\u00e4-Suomen yliopiston verkkosivustojen, mobiilisovellusten ja niihin liittyvien sis\u00e4lt\u00f6jen tulee olla saavutettavia. Saavutettavuus digitaalisessa ymp\u00e4rist\u00f6ss\u00e4 tarkoittaa sit\u00e4, ett\u00e4 mahdollisimman moni erilainen ihminen voi k\u00e4ytt\u00e4\u00e4 verkkopalveluja k\u00e4ytt\u00e4j\u00e4-, tilanne- ja teknologiakohtaisista eroista riippumatta. Saavutettavuusvaatimukset perustuvat digitaalisten palvelujen tarjoamisesta annettuun lakiin sek\u00e4 EU:n saavutettavuusdirektiiviin.<\/p>\n<p>Verkkosivusto t\u00e4ytt\u00e4\u00e4 saavutettavuusvaatimukset osittain. Sivustojen saavutettavuus on testattu ja korjattu UEF:n toimesta. Sivustoilla on kuitenkin muutamia ulkoasussa olevia rakenteellisia virheit\u00e4, jotka korjataan seuraavan ulkoasun p\u00e4ivityksen yhteydess\u00e4.<\/p>\n<h2><\/h2>\n<h2>Saavutettavuuspalaute<\/h2>\n<p>Huomasitko saavutettavuuspuutteen digipalvelussamme? Kerro se meille ja teemme parhaamme puutteen korjaamiseksi. Palautteeseen vastataan kahden viikon kuluessa. Anna saavutettavuuspalautetta<strong> <a href=\"https:\/\/link.webropolsurveys.com\/S\/527148B6682C89A3\">t\u00e4ll\u00e4 verkkolomakkeella<\/a>.<\/strong><\/p>\n<p>&nbsp;<\/p>\n<h2>Valvontaviranomainen<\/h2>\n<p>Jos huomaat sivustolla saavutettavuusongelmia, anna ensin palautetta meille, sivuston yll\u00e4pit\u00e4j\u00e4lle. Vastauksessa voi menn\u00e4 14 p\u00e4iv\u00e4\u00e4.\u00a0 Jos et ole tyytyv\u00e4inen vastaukseemme, tai et saa vastausta lainkaan kahden viikon aikana,\u00a0voit tehd\u00e4 ilmoituksen Liikenne- ja viestint\u00e4viraston digitaalisen esteett\u00f6myyden ja saavutettavuuden valvontaan.\u00a0Liikenne- ja viestint\u00e4viraston digitaalisen esteett\u00f6myyden ja saavutettavuuden valvonnan saavutettavuusvaatimukset.fi-sivustolla kerrotaan, miten valituksen voi tehd\u00e4 ja miten asia k\u00e4sitell\u00e4\u00e4n.<\/p>\n<h3><\/h3>\n<h3>Valvontaviranomaisen yhteystiedot:<\/h3>\n<p>Liikenne- ja viestint\u00e4virasto Traficom<br \/>\nDigitaalisen esteett\u00f6myyden ja saavutettavuuden valvontayksikk\u00f6<br \/>\nwww.saavutettavuusvaatimukset.fi<br \/>\nsaavutettavuus@traficom.fi<br \/>\npuhelinnumero vaihde 029 534 5000<\/p>\n","protected":false},"excerpt":{"rendered":"<p>T\u00e4m\u00e4 saavutettavuusseloste koskee It\u00e4-Suomen yliopiston https:\/\/www.biotalouskoulutusitasuomi.fi\/ -sivustoa ja on laadittu 19.01.2022. Sivusto on julkaistu 05.03.2020. Sivustoa on p\u00e4ivitetty 25.1.2021. It\u00e4-Suomen yliopiston verkkosivustojen, mobiilisovellusten ja niihin liittyvien sis\u00e4lt\u00f6jen tulee olla saavutettavia. Saavutettavuus digitaalisessa ymp\u00e4rist\u00f6ss\u00e4 tarkoittaa sit\u00e4, ett\u00e4 mahdollisimman moni erilainen ihminen voi k\u00e4ytt\u00e4\u00e4 verkkopalveluja k\u00e4ytt\u00e4j\u00e4-, tilanne- ja teknologiakohtaisista eroista riippumatta. Saavutettavuusvaatimukset perustuvat digitaalisten palvelujen tarjoamisesta annettuun [&hellip;]<\/p>\n","protected":false},"author":486,"featured_media":0,"parent":0,"menu_order":20,"comment_status":"closed","ping_status":"closed","template":"","meta":{"_acf_changed":false,"_relevanssi_hide_post":"","_relevanssi_hide_content":"","_relevanssi_pin_for_all":"","_relevanssi_pin_keywords":"","_relevanssi_unpin_keywords":"","_relevanssi_related_keywords":"","_relevanssi_related_include_ids":"","_relevanssi_related_exclude_ids":"","_relevanssi_related_no_append":"","_relevanssi_related_not_related":"","_relevanssi_related_posts":"","_relevanssi_noindex_reason":"","footnotes":""},"class_list":["post-2992","page","type-page","status-publish","hentry"],"acf":[],"yoast_head":"<!-- This site is optimized with the Yoast SEO plugin v27.3 - https:\/\/yoast.com\/product\/yoast-seo-wordpress\/ -->\n<title>Saavutettavuusseloste - Biotalouden erikoistumiskoulutus It\u00e4-Suomi<\/title>\n<meta name=\"robots\" content=\"index, follow, max-snippet:-1, max-image-preview:large, max-video-preview:-1\" \/>\n<link rel=\"canonical\" href=\"https:\/\/blogs2.uef.fi\/biotalouskoulutus\/saavutettavuusseloste\/\" \/>\n<meta property=\"og:locale\" content=\"fi_FI\" \/>\n<meta property=\"og:type\" content=\"article\" \/>\n<meta property=\"og:title\" content=\"Saavutettavuusseloste - Biotalouden erikoistumiskoulutus It\u00e4-Suomi\" \/>\n<meta property=\"og:description\" content=\"T\u00e4m\u00e4 saavutettavuusseloste koskee It\u00e4-Suomen yliopiston https:\/\/www.biotalouskoulutusitasuomi.fi\/ -sivustoa ja on laadittu 19.01.2022. Sivusto on julkaistu 05.03.2020. Sivustoa on p\u00e4ivitetty 25.1.2021. It\u00e4-Suomen yliopiston verkkosivustojen, mobiilisovellusten ja niihin liittyvien sis\u00e4lt\u00f6jen tulee olla saavutettavia. Saavutettavuus digitaalisessa ymp\u00e4rist\u00f6ss\u00e4 tarkoittaa sit\u00e4, ett\u00e4 mahdollisimman moni erilainen ihminen voi k\u00e4ytt\u00e4\u00e4 verkkopalveluja k\u00e4ytt\u00e4j\u00e4-, tilanne- ja teknologiakohtaisista eroista riippumatta. Saavutettavuusvaatimukset perustuvat digitaalisten palvelujen tarjoamisesta annettuun [&hellip;]\" \/>\n<meta property=\"og:url\" content=\"https:\/\/blogs2.uef.fi\/biotalouskoulutus\/saavutettavuusseloste\/\" \/>\n<meta property=\"og:site_name\" content=\"Biotalouden erikoistumiskoulutus It\u00e4-Suomi\" \/>\n<meta property=\"article:modified_time\" content=\"2025-01-30T11:39:06+00:00\" \/>\n<meta name=\"twitter:card\" content=\"summary_large_image\" \/>\n<meta name=\"twitter:label1\" content=\"Arvioitu lukuaika\" \/>\n\t<meta name=\"twitter:data1\" content=\"2 minuuttia\" \/>\n<script type=\"application\/ld+json\" class=\"yoast-schema-graph\">{\"@context\":\"https:\\\/\\\/schema.org\",\"@graph\":[{\"@type\":\"WebPage\",\"@id\":\"https:\\\/\\\/blogs2.uef.fi\\\/biotalouskoulutus\\\/saavutettavuusseloste\\\/\",\"url\":\"https:\\\/\\\/blogs2.uef.fi\\\/biotalouskoulutus\\\/saavutettavuusseloste\\\/\",\"name\":\"Saavutettavuusseloste - Biotalouden erikoistumiskoulutus It\u00e4-Suomi\",\"isPartOf\":{\"@id\":\"https:\\\/\\\/www.biotalouskoulutus.fi\\\/#website\"},\"datePublished\":\"2022-02-15T09:20:17+00:00\",\"dateModified\":\"2025-01-30T11:39:06+00:00\",\"breadcrumb\":{\"@id\":\"https:\\\/\\\/blogs2.uef.fi\\\/biotalouskoulutus\\\/saavutettavuusseloste\\\/#breadcrumb\"},\"inLanguage\":\"fi\",\"potentialAction\":[{\"@type\":\"ReadAction\",\"target\":[\"https:\\\/\\\/blogs2.uef.fi\\\/biotalouskoulutus\\\/saavutettavuusseloste\\\/\"]}]},{\"@type\":\"BreadcrumbList\",\"@id\":\"https:\\\/\\\/blogs2.uef.fi\\\/biotalouskoulutus\\\/saavutettavuusseloste\\\/#breadcrumb\",\"itemListElement\":[{\"@type\":\"ListItem\",\"position\":1,\"name\":\"Home\",\"item\":\"https:\\\/\\\/www.biotalouskoulutus.fi\\\/\"},{\"@type\":\"ListItem\",\"position\":2,\"name\":\"Saavutettavuusseloste\"}]},{\"@type\":\"WebSite\",\"@id\":\"https:\\\/\\\/www.biotalouskoulutus.fi\\\/#website\",\"url\":\"https:\\\/\\\/www.biotalouskoulutus.fi\\\/\",\"name\":\"Biotalouden erikoistumiskoulutus It\u00e4-Suomi\",\"description\":\"Biotalouden erikoistumiskoulutus It\u00e4-Suomessa - innovaatioita ja osaamista korkeakoulujen ja yritysen yhteisty\u00f6n\u00e4. Koulutuksen painotukset: mets\u00e4biotalous, biotalouden sivuvirrat, biojalostus ja energiabiotalous.\",\"potentialAction\":[{\"@type\":\"SearchAction\",\"target\":{\"@type\":\"EntryPoint\",\"urlTemplate\":\"https:\\\/\\\/www.biotalouskoulutus.fi\\\/?s={search_term_string}\"},\"query-input\":{\"@type\":\"PropertyValueSpecification\",\"valueRequired\":true,\"valueName\":\"search_term_string\"}}],\"inLanguage\":\"fi\"}]}<\/script>\n<!-- \/ Yoast SEO plugin. -->","yoast_head_json":{"title":"Saavutettavuusseloste - Biotalouden erikoistumiskoulutus It\u00e4-Suomi","robots":{"index":"index","follow":"follow","max-snippet":"max-snippet:-1","max-image-preview":"max-image-preview:large","max-video-preview":"max-video-preview:-1"},"canonical":"https:\/\/blogs2.uef.fi\/biotalouskoulutus\/saavutettavuusseloste\/","og_locale":"fi_FI","og_type":"article","og_title":"Saavutettavuusseloste - Biotalouden erikoistumiskoulutus It\u00e4-Suomi","og_description":"T\u00e4m\u00e4 saavutettavuusseloste koskee It\u00e4-Suomen yliopiston https:\/\/www.biotalouskoulutusitasuomi.fi\/ -sivustoa ja on laadittu 19.01.2022. Sivusto on julkaistu 05.03.2020. Sivustoa on p\u00e4ivitetty 25.1.2021. It\u00e4-Suomen yliopiston verkkosivustojen, mobiilisovellusten ja niihin liittyvien sis\u00e4lt\u00f6jen tulee olla saavutettavia. Saavutettavuus digitaalisessa ymp\u00e4rist\u00f6ss\u00e4 tarkoittaa sit\u00e4, ett\u00e4 mahdollisimman moni erilainen ihminen voi k\u00e4ytt\u00e4\u00e4 verkkopalveluja k\u00e4ytt\u00e4j\u00e4-, tilanne- ja teknologiakohtaisista eroista riippumatta. Saavutettavuusvaatimukset perustuvat digitaalisten palvelujen tarjoamisesta annettuun [&hellip;]","og_url":"https:\/\/blogs2.uef.fi\/biotalouskoulutus\/saavutettavuusseloste\/","og_site_name":"Biotalouden erikoistumiskoulutus It\u00e4-Suomi","article_modified_time":"2025-01-30T11:39:06+00:00","twitter_card":"summary_large_image","twitter_misc":{"Arvioitu lukuaika":"2 minuuttia"},"schema":{"@context":"https:\/\/schema.org","@graph":[{"@type":"WebPage","@id":"https:\/\/blogs2.uef.fi\/biotalouskoulutus\/saavutettavuusseloste\/","url":"https:\/\/blogs2.uef.fi\/biotalouskoulutus\/saavutettavuusseloste\/","name":"Saavutettavuusseloste - Biotalouden erikoistumiskoulutus It\u00e4-Suomi","isPartOf":{"@id":"https:\/\/www.biotalouskoulutus.fi\/#website"},"datePublished":"2022-02-15T09:20:17+00:00","dateModified":"2025-01-30T11:39:06+00:00","breadcrumb":{"@id":"https:\/\/blogs2.uef.fi\/biotalouskoulutus\/saavutettavuusseloste\/#breadcrumb"},"inLanguage":"fi","potentialAction":[{"@type":"ReadAction","target":["https:\/\/blogs2.uef.fi\/biotalouskoulutus\/saavutettavuusseloste\/"]}]},{"@type":"BreadcrumbList","@id":"https:\/\/blogs2.uef.fi\/biotalouskoulutus\/saavutettavuusseloste\/#breadcrumb","itemListElement":[{"@type":"ListItem","position":1,"name":"Home","item":"https:\/\/www.biotalouskoulutus.fi\/"},{"@type":"ListItem","position":2,"name":"Saavutettavuusseloste"}]},{"@type":"WebSite","@id":"https:\/\/www.biotalouskoulutus.fi\/#website","url":"https:\/\/www.biotalouskoulutus.fi\/","name":"Biotalouden erikoistumiskoulutus It\u00e4-Suomi","description":"Biotalouden erikoistumiskoulutus It\u00e4-Suomessa - innovaatioita ja osaamista korkeakoulujen ja yritysen yhteisty\u00f6n\u00e4. Koulutuksen painotukset: mets\u00e4biotalous, biotalouden sivuvirrat, biojalostus ja energiabiotalous.","potentialAction":[{"@type":"SearchAction","target":{"@type":"EntryPoint","urlTemplate":"https:\/\/www.biotalouskoulutus.fi\/?s={search_term_string}"},"query-input":{"@type":"PropertyValueSpecification","valueRequired":true,"valueName":"search_term_string"}}],"inLanguage":"fi"}]}},"_links":{"self":[{"href":"https:\/\/blogs2.uef.fi\/biotalouskoulutus\/wp-json\/wp\/v2\/pages\/2992","targetHints":{"allow":["GET"]}}],"collection":[{"href":"https:\/\/blogs2.uef.fi\/biotalouskoulutus\/wp-json\/wp\/v2\/pages"}],"about":[{"href":"https:\/\/blogs2.uef.fi\/biotalouskoulutus\/wp-json\/wp\/v2\/types\/page"}],"author":[{"embeddable":true,"href":"https:\/\/blogs2.uef.fi\/biotalouskoulutus\/wp-json\/wp\/v2\/users\/486"}],"replies":[{"embeddable":true,"href":"https:\/\/blogs2.uef.fi\/biotalouskoulutus\/wp-json\/wp\/v2\/comments?post=2992"}],"version-history":[{"count":3,"href":"https:\/\/blogs2.uef.fi\/biotalouskoulutus\/wp-json\/wp\/v2\/pages\/2992\/revisions"}],"predecessor-version":[{"id":4250,"href":"https:\/\/blogs2.uef.fi\/biotalouskoulutus\/wp-json\/wp\/v2\/pages\/2992\/revisions\/4250"}],"wp:attachment":[{"href":"https:\/\/blogs2.uef.fi\/biotalouskoulutus\/wp-json\/wp\/v2\/media?parent=2992"}],"curies":[{"name":"wp","href":"https:\/\/api.w.org\/{rel}","templated":true}]}}