{"id":3,"date":"2020-03-05T09:23:02","date_gmt":"2020-03-05T07:23:02","guid":{"rendered":"https:\/\/www.biotalouskoulutusitasuomi.fi\/?page_id=3"},"modified":"2020-03-12T15:45:00","modified_gmt":"2020-03-12T13:45:00","slug":"tietosuojaseloste","status":"publish","type":"page","link":"https:\/\/blogs2.uef.fi\/biotalouskoulutus\/tietosuojaseloste\/","title":{"rendered":"Tietosuojaseloste"},"content":{"rendered":"\n<p><a href=\"http:\/\/www.uef.fi\/fi\/web\/tietosuoja\/henkilotietojen-kasittely-uef\">Henkil\u00f6tietojen k\u00e4sittely UEF:ssa<\/a><\/p>\n\n\n\n<h1 class=\"wp-block-heading\">TIETOSUOJA JA HENKIL\u00d6TIETOJEN K\u00c4SITTELY IT\u00c4-SUOMEN YLIOPISTOSSA<\/h1>\n\n\n\n<p>Tietosuojalla tarkoitetaan henkil\u00f6tietojen k\u00e4sittely\u00e4 koskevien s\u00e4\u00e4d\u00f6sten huomioon ottamista yliopiston toiminnassa. Tarkoituksena ei ole tiedon suojaaminen, vaan ohjaaminen hyviin k\u00e4yt\u00e4nt\u00f6ihin ja yksityisyyden suojan turvaaminen henkil\u00f6tietojen k\u00e4sittelyss\u00e4.&nbsp;It\u00e4-Suomen yliopisto kunnioittaa yksityisyyden suojaa ja k\u00e4sittelemiens\u00e4 henkil\u00f6tietojen yksityisyytt\u00e4. Yliopisto sitoutuu&nbsp;<a href=\"http:\/\/www.uef.fi\/documents\/1908796\/0\/UEF_Tietosuojapolitiikka_20180523.pdf\/b292ad86-ec54-4198-b23f-b648a53c4cb6\" target=\"_blank\" rel=\"noreferrer noopener\">tietosuojapolitiikassaan<\/a>&nbsp;huolehtimaan k\u00e4sittelemiens\u00e4 henkil\u00f6tietojen tietosuojasta ja tietoturvasta. Yliopisto noudattaa EU:n yleist\u00e4 tietosuoja-asetusta, Suomen lains\u00e4\u00e4d\u00e4nt\u00f6\u00e4 sek\u00e4 viranomaism\u00e4\u00e4r\u00e4yksi\u00e4 ja ohjeita. It\u00e4-Suomen yliopisto kertoo avoimesti henkil\u00f6tietojen k\u00e4sittelyst\u00e4 yliopiston toiminnassa.&nbsp;&nbsp;<a href=\"http:\/\/www.uef.fi\/documents\/1908796\/0\/UEF+tietotilinp%C3%A4%C3%A4t%C3%B6s+2018.pdf\/2c098174-389a-4270-a301-0bed548fd949\">Tietotilinp\u00e4\u00e4t\u00f6s<\/a>&nbsp;kuvaa tietosuojan ja tietoturvan tilan&nbsp;It\u00e4-Suomen yliopistossa vuonna 2018.&nbsp;&nbsp;&nbsp;<strong>Henkil\u00f6tietojen k\u00e4sittely<\/strong><a href=\"http:\/\/www.uef.fi\/documents\/1908796\/0\/Mitk%C3%A4+kaikki+ovat+henkil%C3%B6tietoja.pdf\/2a0d7bc0-07da-42c0-aebe-131905dda9fb\" target=\"_blank\" rel=\"noreferrer noopener\">Henkil\u00f6tietoja<\/a>&nbsp;ovat kaikki tiedot, joiden perusteella henkil\u00f6 voidaan suoraan tai ep\u00e4suorasti tunnistaa. Esimerkiksi nimi, henkil\u00f6tunnus, ammatti, sijaintitieto, s\u00e4hk\u00f6postiosoite, valokuva, \u00e4\u00e4ni, ip-osoite tai jopa auton rekisteritunnus voi olla henkil\u00f6tieto, jonka k\u00e4sittelyss\u00e4 on otettava huomioon henkil\u00f6n tietosuoja.&nbsp;&nbsp;Henkil\u00f6tietoja saa k\u00e4sitell\u00e4 vain silloin, kun siihen on laillinen peruste. Lis\u00e4tietoja henkil\u00f6tietojen k\u00e4sittelyst\u00e4 It\u00e4-Suomen yliopistossa saat kohdasta Henkil\u00f6tietojen k\u00e4sittely UEF:ssa.<\/p>\n\n\n\n<h2 class=\"wp-block-heading\">Mit\u00e4 velvollisuuksia yliopistolla on henkil\u00f6tietojen k\u00e4sittelyss\u00e4?<\/h2>\n\n\n\n<p>Yliopiston velvollisuutena on mm.&nbsp;<\/p>\n\n\n\n<ul class=\"wp-block-list\"><li>arvioida henkil\u00f6tietojen k\u00e4sittelyn riskit ja vaikutukset<\/li><li>osoittaa noudattavansa tietosuojas\u00e4\u00e4d\u00f6ksi\u00e4<\/li><li>kertoa henkil\u00f6tietojen k\u00e4sittelyst\u00e4 rekister\u00f6idyille<\/li><li>nimitt\u00e4\u00e4 tietosuojavastaava<\/li><li>ilmoittaa tietoturvaloukkauksista<\/li><\/ul>\n\n\n\n<h2 class=\"wp-block-heading\">Mit\u00e4 oikeuksia rekister\u00f6idyll\u00e4 on?<\/h2>\n\n\n\n<p>Rekister\u00f6idyll\u00e4 tarkoitetaan sit\u00e4 henkil\u00f6\u00e4, jonka henkil\u00f6tietoja k\u00e4sitell\u00e4\u00e4n. Tutustu rekist\u00f6ridyn oikeuksiin&nbsp;<a href=\"https:\/\/tietosuoja.fi\/yksityishenkilot\" target=\"_blank\" rel=\"noreferrer noopener\">tietosuojavaltuutetun toimiston<\/a>&nbsp;sivuilta.&nbsp;&nbsp;<\/p>\n\n\n\n<p>It\u00e4-Suomen yliopistossa oikeuksiesi k\u00e4ytt\u00e4miseksi voit&nbsp;toimittaa sit\u00e4 koskevan pyynn\u00f6n yliopiston asiointipalvelun kautta (henkil\u00f6kunta, opiskelijat) tai verkkosivuilta saatavalla lomakkeella tai olla yhteydess\u00e4 yliopiston tietosuojavastaavaan.<\/p>\n","protected":false},"excerpt":{"rendered":"<p>Henkil\u00f6tietojen k\u00e4sittely UEF:ssa TIETOSUOJA JA HENKIL\u00d6TIETOJEN K\u00c4SITTELY IT\u00c4-SUOMEN YLIOPISTOSSA Tietosuojalla tarkoitetaan henkil\u00f6tietojen k\u00e4sittely\u00e4 koskevien s\u00e4\u00e4d\u00f6sten huomioon ottamista yliopiston toiminnassa. Tarkoituksena ei ole tiedon suojaaminen, vaan ohjaaminen hyviin k\u00e4yt\u00e4nt\u00f6ihin ja yksityisyyden suojan turvaaminen henkil\u00f6tietojen k\u00e4sittelyss\u00e4.&nbsp;It\u00e4-Suomen yliopisto kunnioittaa yksityisyyden suojaa ja k\u00e4sittelemiens\u00e4 henkil\u00f6tietojen yksityisyytt\u00e4. Yliopisto sitoutuu&nbsp;tietosuojapolitiikassaan&nbsp;huolehtimaan k\u00e4sittelemiens\u00e4 henkil\u00f6tietojen tietosuojasta ja tietoturvasta. Yliopisto noudattaa EU:n yleist\u00e4 tietosuoja-asetusta, Suomen [&hellip;]<\/p>\n","protected":false},"author":1,"featured_media":0,"parent":0,"menu_order":0,"comment_status":"closed","ping_status":"open","template":"","meta":{"_acf_changed":false,"_relevanssi_hide_post":"","_relevanssi_hide_content":"","_relevanssi_pin_for_all":"","_relevanssi_pin_keywords":"","_relevanssi_unpin_keywords":"","_relevanssi_related_keywords":"","_relevanssi_related_include_ids":"","_relevanssi_related_exclude_ids":"","_relevanssi_related_no_append":"","_relevanssi_related_not_related":"","_relevanssi_related_posts":"","_relevanssi_noindex_reason":"","footnotes":""},"class_list":["post-3","page","type-page","status-publish","hentry"],"acf":[],"yoast_head":"<!-- This site is optimized with the Yoast SEO plugin v27.3 - https:\/\/yoast.com\/product\/yoast-seo-wordpress\/ -->\n<title>Tietosuojaseloste - Biotalouden erikoistumiskoulutus It\u00e4-Suomi<\/title>\n<meta name=\"robots\" content=\"index, follow, max-snippet:-1, max-image-preview:large, max-video-preview:-1\" \/>\n<link rel=\"canonical\" href=\"https:\/\/blogs2.uef.fi\/biotalouskoulutus\/tietosuojaseloste\/\" \/>\n<meta property=\"og:locale\" content=\"fi_FI\" \/>\n<meta property=\"og:type\" content=\"article\" \/>\n<meta property=\"og:title\" content=\"Tietosuojaseloste - Biotalouden erikoistumiskoulutus It\u00e4-Suomi\" \/>\n<meta property=\"og:description\" content=\"Henkil\u00f6tietojen k\u00e4sittely UEF:ssa TIETOSUOJA JA HENKIL\u00d6TIETOJEN K\u00c4SITTELY IT\u00c4-SUOMEN YLIOPISTOSSA Tietosuojalla tarkoitetaan henkil\u00f6tietojen k\u00e4sittely\u00e4 koskevien s\u00e4\u00e4d\u00f6sten huomioon ottamista yliopiston toiminnassa. Tarkoituksena ei ole tiedon suojaaminen, vaan ohjaaminen hyviin k\u00e4yt\u00e4nt\u00f6ihin ja yksityisyyden suojan turvaaminen henkil\u00f6tietojen k\u00e4sittelyss\u00e4.&nbsp;It\u00e4-Suomen yliopisto kunnioittaa yksityisyyden suojaa ja k\u00e4sittelemiens\u00e4 henkil\u00f6tietojen yksityisyytt\u00e4. Yliopisto sitoutuu&nbsp;tietosuojapolitiikassaan&nbsp;huolehtimaan k\u00e4sittelemiens\u00e4 henkil\u00f6tietojen tietosuojasta ja tietoturvasta. Yliopisto noudattaa EU:n yleist\u00e4 tietosuoja-asetusta, Suomen [&hellip;]\" \/>\n<meta property=\"og:url\" content=\"https:\/\/blogs2.uef.fi\/biotalouskoulutus\/tietosuojaseloste\/\" \/>\n<meta property=\"og:site_name\" content=\"Biotalouden erikoistumiskoulutus It\u00e4-Suomi\" \/>\n<meta property=\"article:modified_time\" content=\"2020-03-12T13:45:00+00:00\" \/>\n<meta name=\"twitter:card\" content=\"summary_large_image\" \/>\n<meta name=\"twitter:label1\" content=\"Arvioitu lukuaika\" \/>\n\t<meta name=\"twitter:data1\" content=\"1 minuutti\" \/>\n<script type=\"application\/ld+json\" class=\"yoast-schema-graph\">{\"@context\":\"https:\\\/\\\/schema.org\",\"@graph\":[{\"@type\":\"WebPage\",\"@id\":\"https:\\\/\\\/blogs2.uef.fi\\\/biotalouskoulutus\\\/tietosuojaseloste\\\/\",\"url\":\"https:\\\/\\\/blogs2.uef.fi\\\/biotalouskoulutus\\\/tietosuojaseloste\\\/\",\"name\":\"Tietosuojaseloste - Biotalouden erikoistumiskoulutus It\u00e4-Suomi\",\"isPartOf\":{\"@id\":\"https:\\\/\\\/www.biotalouskoulutus.fi\\\/#website\"},\"datePublished\":\"2020-03-05T07:23:02+00:00\",\"dateModified\":\"2020-03-12T13:45:00+00:00\",\"breadcrumb\":{\"@id\":\"https:\\\/\\\/blogs2.uef.fi\\\/biotalouskoulutus\\\/tietosuojaseloste\\\/#breadcrumb\"},\"inLanguage\":\"fi\",\"potentialAction\":[{\"@type\":\"ReadAction\",\"target\":[\"https:\\\/\\\/blogs2.uef.fi\\\/biotalouskoulutus\\\/tietosuojaseloste\\\/\"]}]},{\"@type\":\"BreadcrumbList\",\"@id\":\"https:\\\/\\\/blogs2.uef.fi\\\/biotalouskoulutus\\\/tietosuojaseloste\\\/#breadcrumb\",\"itemListElement\":[{\"@type\":\"ListItem\",\"position\":1,\"name\":\"Home\",\"item\":\"https:\\\/\\\/www.biotalouskoulutus.fi\\\/\"},{\"@type\":\"ListItem\",\"position\":2,\"name\":\"Tietosuojaseloste\"}]},{\"@type\":\"WebSite\",\"@id\":\"https:\\\/\\\/www.biotalouskoulutus.fi\\\/#website\",\"url\":\"https:\\\/\\\/www.biotalouskoulutus.fi\\\/\",\"name\":\"Biotalouden erikoistumiskoulutus It\u00e4-Suomi\",\"description\":\"Biotalouden erikoistumiskoulutus It\u00e4-Suomessa - innovaatioita ja osaamista korkeakoulujen ja yritysen yhteisty\u00f6n\u00e4. Koulutuksen painotukset: mets\u00e4biotalous, biotalouden sivuvirrat, biojalostus ja energiabiotalous.\",\"potentialAction\":[{\"@type\":\"SearchAction\",\"target\":{\"@type\":\"EntryPoint\",\"urlTemplate\":\"https:\\\/\\\/www.biotalouskoulutus.fi\\\/?s={search_term_string}\"},\"query-input\":{\"@type\":\"PropertyValueSpecification\",\"valueRequired\":true,\"valueName\":\"search_term_string\"}}],\"inLanguage\":\"fi\"}]}<\/script>\n<!-- \/ Yoast SEO plugin. -->","yoast_head_json":{"title":"Tietosuojaseloste - Biotalouden erikoistumiskoulutus It\u00e4-Suomi","robots":{"index":"index","follow":"follow","max-snippet":"max-snippet:-1","max-image-preview":"max-image-preview:large","max-video-preview":"max-video-preview:-1"},"canonical":"https:\/\/blogs2.uef.fi\/biotalouskoulutus\/tietosuojaseloste\/","og_locale":"fi_FI","og_type":"article","og_title":"Tietosuojaseloste - Biotalouden erikoistumiskoulutus It\u00e4-Suomi","og_description":"Henkil\u00f6tietojen k\u00e4sittely UEF:ssa TIETOSUOJA JA HENKIL\u00d6TIETOJEN K\u00c4SITTELY IT\u00c4-SUOMEN YLIOPISTOSSA Tietosuojalla tarkoitetaan henkil\u00f6tietojen k\u00e4sittely\u00e4 koskevien s\u00e4\u00e4d\u00f6sten huomioon ottamista yliopiston toiminnassa. Tarkoituksena ei ole tiedon suojaaminen, vaan ohjaaminen hyviin k\u00e4yt\u00e4nt\u00f6ihin ja yksityisyyden suojan turvaaminen henkil\u00f6tietojen k\u00e4sittelyss\u00e4.&nbsp;It\u00e4-Suomen yliopisto kunnioittaa yksityisyyden suojaa ja k\u00e4sittelemiens\u00e4 henkil\u00f6tietojen yksityisyytt\u00e4. Yliopisto sitoutuu&nbsp;tietosuojapolitiikassaan&nbsp;huolehtimaan k\u00e4sittelemiens\u00e4 henkil\u00f6tietojen tietosuojasta ja tietoturvasta. Yliopisto noudattaa EU:n yleist\u00e4 tietosuoja-asetusta, Suomen [&hellip;]","og_url":"https:\/\/blogs2.uef.fi\/biotalouskoulutus\/tietosuojaseloste\/","og_site_name":"Biotalouden erikoistumiskoulutus It\u00e4-Suomi","article_modified_time":"2020-03-12T13:45:00+00:00","twitter_card":"summary_large_image","twitter_misc":{"Arvioitu lukuaika":"1 minuutti"},"schema":{"@context":"https:\/\/schema.org","@graph":[{"@type":"WebPage","@id":"https:\/\/blogs2.uef.fi\/biotalouskoulutus\/tietosuojaseloste\/","url":"https:\/\/blogs2.uef.fi\/biotalouskoulutus\/tietosuojaseloste\/","name":"Tietosuojaseloste - Biotalouden erikoistumiskoulutus It\u00e4-Suomi","isPartOf":{"@id":"https:\/\/www.biotalouskoulutus.fi\/#website"},"datePublished":"2020-03-05T07:23:02+00:00","dateModified":"2020-03-12T13:45:00+00:00","breadcrumb":{"@id":"https:\/\/blogs2.uef.fi\/biotalouskoulutus\/tietosuojaseloste\/#breadcrumb"},"inLanguage":"fi","potentialAction":[{"@type":"ReadAction","target":["https:\/\/blogs2.uef.fi\/biotalouskoulutus\/tietosuojaseloste\/"]}]},{"@type":"BreadcrumbList","@id":"https:\/\/blogs2.uef.fi\/biotalouskoulutus\/tietosuojaseloste\/#breadcrumb","itemListElement":[{"@type":"ListItem","position":1,"name":"Home","item":"https:\/\/www.biotalouskoulutus.fi\/"},{"@type":"ListItem","position":2,"name":"Tietosuojaseloste"}]},{"@type":"WebSite","@id":"https:\/\/www.biotalouskoulutus.fi\/#website","url":"https:\/\/www.biotalouskoulutus.fi\/","name":"Biotalouden erikoistumiskoulutus It\u00e4-Suomi","description":"Biotalouden erikoistumiskoulutus It\u00e4-Suomessa - innovaatioita ja osaamista korkeakoulujen ja yritysen yhteisty\u00f6n\u00e4. Koulutuksen painotukset: mets\u00e4biotalous, biotalouden sivuvirrat, biojalostus ja energiabiotalous.","potentialAction":[{"@type":"SearchAction","target":{"@type":"EntryPoint","urlTemplate":"https:\/\/www.biotalouskoulutus.fi\/?s={search_term_string}"},"query-input":{"@type":"PropertyValueSpecification","valueRequired":true,"valueName":"search_term_string"}}],"inLanguage":"fi"}]}},"_links":{"self":[{"href":"https:\/\/blogs2.uef.fi\/biotalouskoulutus\/wp-json\/wp\/v2\/pages\/3","targetHints":{"allow":["GET"]}}],"collection":[{"href":"https:\/\/blogs2.uef.fi\/biotalouskoulutus\/wp-json\/wp\/v2\/pages"}],"about":[{"href":"https:\/\/blogs2.uef.fi\/biotalouskoulutus\/wp-json\/wp\/v2\/types\/page"}],"author":[{"embeddable":true,"href":"https:\/\/blogs2.uef.fi\/biotalouskoulutus\/wp-json\/wp\/v2\/users\/1"}],"replies":[{"embeddable":true,"href":"https:\/\/blogs2.uef.fi\/biotalouskoulutus\/wp-json\/wp\/v2\/comments?post=3"}],"version-history":[{"count":2,"href":"https:\/\/blogs2.uef.fi\/biotalouskoulutus\/wp-json\/wp\/v2\/pages\/3\/revisions"}],"predecessor-version":[{"id":202,"href":"https:\/\/blogs2.uef.fi\/biotalouskoulutus\/wp-json\/wp\/v2\/pages\/3\/revisions\/202"}],"wp:attachment":[{"href":"https:\/\/blogs2.uef.fi\/biotalouskoulutus\/wp-json\/wp\/v2\/media?parent=3"}],"curies":[{"name":"wp","href":"https:\/\/api.w.org\/{rel}","templated":true}]}}