{"id":3316,"date":"2022-04-29T10:00:59","date_gmt":"2022-04-29T07:00:59","guid":{"rendered":"https:\/\/www.biotalouskoulutusitasuomi.fi\/?page_id=3316"},"modified":"2022-10-04T16:42:13","modified_gmt":"2022-10-04T13:42:13","slug":"biotalouden-liiketoiminnan-palvelumuotoilu","status":"publish","type":"page","link":"https:\/\/blogs2.uef.fi\/biotalouskoulutus\/koulutus1\/biotalousosaamista\/biotalouden-liiketoiminnan-palvelumuotoilu\/","title":{"rendered":"Biotalouden liiketoiminnan palvelumuotoilu"},"content":{"rendered":"<p>&nbsp;<\/p>\n<p>Tule mukaan koulutukseen ja vie mukanasi uusia ajatuksia ja n\u00e4k\u00f6kulmia biotalouden liiketoiminnan kehitt\u00e4miseen!<\/p>\n<p>Palvelumuotoilun avulla voit tarttua globaaleihin haasteisiin ja luoda sellaisia asiakas- ja k\u00e4ytt\u00e4j\u00e4l\u00e4ht\u00f6isi\u00e4 palveluita, jotka ovat valmiita vihre\u00e4\u00e4n siirtym\u00e4\u00e4n.<\/p>\n<p>Koulutuksen teemoina:<\/p>\n<ul>\n<li>globaalit haasteet: energiamurros, ravitsemus- ja ruoantuotanto, monimuotoisuus<\/li>\n<li>liiketoiminnan mallintaminen ja palvelumuotoilu<\/li>\n<li>arvonluonti ja verkottuminen<\/li>\n<\/ul>\n<p>Asiantuntijat:<\/p>\n<ul>\n<li>Globaalit haasteet:\n<ul>\n<li>Energiamurros \u2013 <a href=\"https:\/\/www.linkedin.com\/in\/anniina-kontiokorpi\/\">Anniina Kontiokorpi<\/a>, Karelia-ammattikorkeakoulu<\/li>\n<li>Ravitsemus ja ruoantuotanto, <a href=\"https:\/\/uefconnect.uef.fi\/en\/person\/marjukka.kolehmainen\/\">Marjukka Kolehmainen<\/a>, It\u00e4-Suomen yliopisto<\/li>\n<li>Luontokato, <a href=\"https:\/\/uefconnect.uef.fi\/henkilo\/elina.oksanen\/\">Elina Oksanen<\/a>, It\u00e4-Suomen yliopisto<\/li>\n<\/ul>\n<\/li>\n<li>Liiketoimintaymp\u00e4rist\u00f6 ja \u2013verkostot, <a href=\"https:\/\/www.linkedin.com\/in\/jouni-pyk%C3%A4l%C3%A4inen-b04a5a50\/\">Jouni Pyk\u00e4l\u00e4inen<\/a>, It\u00e4-Suomen yliopisto<\/li>\n<li>Palvelumuotoilu, <a href=\"https:\/\/www.linkedin.com\/in\/sanna-soppela-944366139\/\">Sanna Soppela<\/a>, It\u00e4-Suomen yliopisto Jatkuvan oppimisen keskus<\/li>\n<\/ul>\n<p>Koulutus koostuu ennakkoteht\u00e4v\u00e4st\u00e4 ja ty\u00f6pajap\u00e4iv\u00e4st\u00e4 Kuopiossa Savonia-ammattikorkeakoulun tiloissa.<\/p>\n<ul>\n<li>Ennakkoteht\u00e4v\u00e4 1.6.-9.6.2022. Teht\u00e4v\u00e4\u00e4n on hyv\u00e4 varata n. 2 tuntia.<\/li>\n<li>Ty\u00f6pajap\u00e4iv\u00e4 Kuopiossa perjantaina 10.6.2022 klo 8:30\u201316:00<\/li>\n<\/ul>\n<p>&nbsp;<\/p>\n<h4><strong>Koulutuksen ohjelma:<\/strong><\/h4>\n<p>Perjantaina 10.6.2022 klo 8:30\u201316:00 Kuopio, Savonia-ammattikorkeakoulu<\/p>\n<p>8:30\u201310:30 P\u00e4iv\u00e4n ohjelma, Tanja Pentinsaari, Savonia-amk<\/p>\n<ul>\n<li>Alustukset palvelumuotoiluty\u00f6pajaa varten:<\/li>\n<li>Globaalit haasteet:\n<ul>\n<li>Monimuotoisuus, Elina Oksanen, UEF<\/li>\n<li>Energiamurros, Anniina Kontiokorpi, Karelia-amk<\/li>\n<li>Ravitsemus ja ruoantuotanto, Marjukka Kolehmainen, UEF<\/li>\n<\/ul>\n<\/li>\n<li>Tauko<\/li>\n<li>Biotalouden liiketoimintaymp\u00e4rist\u00f6 ja liiketoimintaverkostot, Jouni Pyk\u00e4l\u00e4inen, UEF<\/li>\n<\/ul>\n<p>10:30\u201312:00 Palvelumuotoiluty\u00f6paja, Sanna Soppela, UEF-JOK<\/p>\n<p>12:00\u201313:00 Lounastauko<\/p>\n<p>13:00\u201314:45 Palvelumuotoilu jatkuu<\/p>\n<p>14:45-15:00 Tauko<\/p>\n<p>15:00\u201316:00 Tulokset ja yhteenveto Jouni Pyk\u00e4l\u00e4inen, UEF<\/p>\n<p>&nbsp;<\/p>\n<p>Koulutuksen tarkemmat ohjeet ja materiaalit saatte s\u00e4hk\u00f6postitse ilmoittautumisen yhteydess\u00e4 antamaanne s\u00e4hk\u00f6postiosoitteeseen.<\/p>\n<p>Koulutus on osa It\u00e4-Suomen kansainv\u00e4lisen biotalousosaamisen kehitt\u00e4minen ty\u00f6el\u00e4m\u00e4l\u00e4ht\u00f6isen jatkuvan oppimisen keinoin &#8211;<a href=\"https:\/\/www.biotalouskoulutusitasuomi.fi\/biotalouskoulutuksen-kehittaminen\/join-bioerko-hankkeen-tiivistelma\/\">hanketta<\/a>. Koulutukseen osallistuneilta yksityishenkil\u00f6ilt\u00e4 tai organisaatioilta laskutetaan hankkeeseen osallistumismaksu, jonka suuruus on 150 euroa. Hankkeeseen osallistumisesta tehd\u00e4\u00e4n erillinen sopimus. Koulutus j\u00e4rjest\u00e4\u00e4n biotalouden erikoistumiskoulutuksen toteutuksen yhteydess\u00e4.<\/p>\n<p>Osallistuja saa koulutuksesta osallistumistodistuksen.<\/p>\n<p><strong>Lis\u00e4tietoja:<\/strong><\/p>\n<p>Piritta Torssonen, projektip\u00e4\u00e4llikk\u00f6, It\u00e4-Suomen yliopisto, puh. 050 405 8236, piritta.torssonen(at)uef.fi.<\/p>\n<p>Jos sinua mietitytt\u00e4\u00e4 jokin asia koulutukseen liittyen, olethan yhteydess\u00e4.<\/p>\n<p><a href=\"https:\/\/www.biotalouskoulutusitasuomi.fi\/koulutus1\/biotalousosaamista\/biotalouden-liiketoiminnan-palvelumuotoilu\/biopamu\/\" rel=\"attachment wp-att-3397\"><img loading=\"lazy\" decoding=\"async\" class=\"aligncenter wp-image-3397 size-medium\" src=\"https:\/\/www.biotalouskoulutusitasuomi.fi\/wp-content\/uploads\/sites\/71\/2022\/05\/biopamu-300x252.png\" alt=\"\" width=\"300\" height=\"252\" srcset=\"https:\/\/blogs2.uef.fi\/biotalouskoulutus\/wp-content\/uploads\/sites\/71\/2022\/05\/biopamu-300x252.png 300w, https:\/\/blogs2.uef.fi\/biotalouskoulutus\/wp-content\/uploads\/sites\/71\/2022\/05\/biopamu-1024x860.png 1024w, https:\/\/blogs2.uef.fi\/biotalouskoulutus\/wp-content\/uploads\/sites\/71\/2022\/05\/biopamu-768x645.png 768w, https:\/\/blogs2.uef.fi\/biotalouskoulutus\/wp-content\/uploads\/sites\/71\/2022\/05\/biopamu-1536x1290.png 1536w, https:\/\/blogs2.uef.fi\/biotalouskoulutus\/wp-content\/uploads\/sites\/71\/2022\/05\/biopamu-2048x1720.png 2048w\" sizes=\"auto, (max-width: 300px) 100vw, 300px\" \/><\/a><\/p>\n","protected":false},"excerpt":{"rendered":"<p>&nbsp; Tule mukaan koulutukseen ja vie mukanasi uusia ajatuksia ja n\u00e4k\u00f6kulmia biotalouden liiketoiminnan kehitt\u00e4miseen! Palvelumuotoilun avulla voit tarttua globaaleihin haasteisiin ja luoda sellaisia asiakas- ja k\u00e4ytt\u00e4j\u00e4l\u00e4ht\u00f6isi\u00e4 palveluita, jotka ovat valmiita vihre\u00e4\u00e4n siirtym\u00e4\u00e4n. Koulutuksen teemoina: globaalit haasteet: energiamurros, ravitsemus- ja ruoantuotanto, monimuotoisuus liiketoiminnan mallintaminen ja palvelumuotoilu arvonluonti ja verkottuminen Asiantuntijat: Globaalit haasteet: Energiamurros \u2013 Anniina Kontiokorpi, [&hellip;]<\/p>\n","protected":false},"author":95,"featured_media":0,"parent":3294,"menu_order":3,"comment_status":"closed","ping_status":"closed","template":"","meta":{"_acf_changed":false,"_relevanssi_hide_post":"","_relevanssi_hide_content":"","_relevanssi_pin_for_all":"","_relevanssi_pin_keywords":"","_relevanssi_unpin_keywords":"","_relevanssi_related_keywords":"","_relevanssi_related_include_ids":"","_relevanssi_related_exclude_ids":"","_relevanssi_related_no_append":"","_relevanssi_related_not_related":"","_relevanssi_related_posts":"","_relevanssi_noindex_reason":"","footnotes":""},"class_list":["post-3316","page","type-page","status-publish","hentry"],"acf":[],"yoast_head":"<!-- This site is optimized with the Yoast SEO plugin v27.3 - https:\/\/yoast.com\/product\/yoast-seo-wordpress\/ -->\n<title>Biotalouden liiketoiminnan palvelumuotoilu - Biotalouden erikoistumiskoulutus It\u00e4-Suomi<\/title>\n<meta name=\"robots\" content=\"index, follow, max-snippet:-1, max-image-preview:large, max-video-preview:-1\" \/>\n<link rel=\"canonical\" href=\"https:\/\/blogs2.uef.fi\/biotalouskoulutus\/koulutus1\/biotalousosaamista\/biotalouden-liiketoiminnan-palvelumuotoilu\/\" \/>\n<meta property=\"og:locale\" content=\"fi_FI\" \/>\n<meta property=\"og:type\" content=\"article\" \/>\n<meta property=\"og:title\" content=\"Biotalouden liiketoiminnan palvelumuotoilu - Biotalouden erikoistumiskoulutus It\u00e4-Suomi\" \/>\n<meta property=\"og:description\" content=\"&nbsp; Tule mukaan koulutukseen ja vie mukanasi uusia ajatuksia ja n\u00e4k\u00f6kulmia biotalouden liiketoiminnan kehitt\u00e4miseen! Palvelumuotoilun avulla voit tarttua globaaleihin haasteisiin ja luoda sellaisia asiakas- ja k\u00e4ytt\u00e4j\u00e4l\u00e4ht\u00f6isi\u00e4 palveluita, jotka ovat valmiita vihre\u00e4\u00e4n siirtym\u00e4\u00e4n. Koulutuksen teemoina: globaalit haasteet: energiamurros, ravitsemus- ja ruoantuotanto, monimuotoisuus liiketoiminnan mallintaminen ja palvelumuotoilu arvonluonti ja verkottuminen Asiantuntijat: Globaalit haasteet: Energiamurros \u2013 Anniina Kontiokorpi, [&hellip;]\" \/>\n<meta property=\"og:url\" content=\"https:\/\/blogs2.uef.fi\/biotalouskoulutus\/koulutus1\/biotalousosaamista\/biotalouden-liiketoiminnan-palvelumuotoilu\/\" \/>\n<meta property=\"og:site_name\" content=\"Biotalouden erikoistumiskoulutus It\u00e4-Suomi\" \/>\n<meta property=\"article:modified_time\" content=\"2022-10-04T13:42:13+00:00\" \/>\n<meta property=\"og:image\" content=\"https:\/\/www.biotalouskoulutusitasuomi.fi\/wp-content\/uploads\/sites\/71\/2022\/05\/biopamu-300x252.png\" \/>\n<meta name=\"twitter:card\" content=\"summary_large_image\" \/>\n<meta name=\"twitter:label1\" content=\"Arvioitu lukuaika\" \/>\n\t<meta name=\"twitter:data1\" content=\"1 minuutti\" \/>\n<script type=\"application\/ld+json\" class=\"yoast-schema-graph\">{\"@context\":\"https:\\\/\\\/schema.org\",\"@graph\":[{\"@type\":\"WebPage\",\"@id\":\"https:\\\/\\\/blogs2.uef.fi\\\/biotalouskoulutus\\\/koulutus1\\\/biotalousosaamista\\\/biotalouden-liiketoiminnan-palvelumuotoilu\\\/\",\"url\":\"https:\\\/\\\/blogs2.uef.fi\\\/biotalouskoulutus\\\/koulutus1\\\/biotalousosaamista\\\/biotalouden-liiketoiminnan-palvelumuotoilu\\\/\",\"name\":\"Biotalouden liiketoiminnan palvelumuotoilu - Biotalouden erikoistumiskoulutus It\u00e4-Suomi\",\"isPartOf\":{\"@id\":\"https:\\\/\\\/www.biotalouskoulutus.fi\\\/#website\"},\"primaryImageOfPage\":{\"@id\":\"https:\\\/\\\/blogs2.uef.fi\\\/biotalouskoulutus\\\/koulutus1\\\/biotalousosaamista\\\/biotalouden-liiketoiminnan-palvelumuotoilu\\\/#primaryimage\"},\"image\":{\"@id\":\"https:\\\/\\\/blogs2.uef.fi\\\/biotalouskoulutus\\\/koulutus1\\\/biotalousosaamista\\\/biotalouden-liiketoiminnan-palvelumuotoilu\\\/#primaryimage\"},\"thumbnailUrl\":\"https:\\\/\\\/www.biotalouskoulutusitasuomi.fi\\\/wp-content\\\/uploads\\\/sites\\\/71\\\/2022\\\/05\\\/biopamu-300x252.png\",\"datePublished\":\"2022-04-29T07:00:59+00:00\",\"dateModified\":\"2022-10-04T13:42:13+00:00\",\"breadcrumb\":{\"@id\":\"https:\\\/\\\/blogs2.uef.fi\\\/biotalouskoulutus\\\/koulutus1\\\/biotalousosaamista\\\/biotalouden-liiketoiminnan-palvelumuotoilu\\\/#breadcrumb\"},\"inLanguage\":\"fi\",\"potentialAction\":[{\"@type\":\"ReadAction\",\"target\":[\"https:\\\/\\\/blogs2.uef.fi\\\/biotalouskoulutus\\\/koulutus1\\\/biotalousosaamista\\\/biotalouden-liiketoiminnan-palvelumuotoilu\\\/\"]}]},{\"@type\":\"ImageObject\",\"inLanguage\":\"fi\",\"@id\":\"https:\\\/\\\/blogs2.uef.fi\\\/biotalouskoulutus\\\/koulutus1\\\/biotalousosaamista\\\/biotalouden-liiketoiminnan-palvelumuotoilu\\\/#primaryimage\",\"url\":\"https:\\\/\\\/www.biotalouskoulutusitasuomi.fi\\\/wp-content\\\/uploads\\\/sites\\\/71\\\/2022\\\/05\\\/biopamu-300x252.png\",\"contentUrl\":\"https:\\\/\\\/www.biotalouskoulutusitasuomi.fi\\\/wp-content\\\/uploads\\\/sites\\\/71\\\/2022\\\/05\\\/biopamu-300x252.png\"},{\"@type\":\"BreadcrumbList\",\"@id\":\"https:\\\/\\\/blogs2.uef.fi\\\/biotalouskoulutus\\\/koulutus1\\\/biotalousosaamista\\\/biotalouden-liiketoiminnan-palvelumuotoilu\\\/#breadcrumb\",\"itemListElement\":[{\"@type\":\"ListItem\",\"position\":1,\"name\":\"Home\",\"item\":\"https:\\\/\\\/www.biotalouskoulutus.fi\\\/\"},{\"@type\":\"ListItem\",\"position\":2,\"name\":\"Koulutus\",\"item\":\"https:\\\/\\\/blogs2.uef.fi\\\/biotalouskoulutus\\\/koulutus1\\\/\"},{\"@type\":\"ListItem\",\"position\":3,\"name\":\"Biotalouskoulutuksia\",\"item\":\"https:\\\/\\\/blogs2.uef.fi\\\/biotalouskoulutus\\\/koulutus1\\\/biotalousosaamista\\\/\"},{\"@type\":\"ListItem\",\"position\":4,\"name\":\"Biotalouden liiketoiminnan palvelumuotoilu\"}]},{\"@type\":\"WebSite\",\"@id\":\"https:\\\/\\\/www.biotalouskoulutus.fi\\\/#website\",\"url\":\"https:\\\/\\\/www.biotalouskoulutus.fi\\\/\",\"name\":\"Biotalouden erikoistumiskoulutus It\u00e4-Suomi\",\"description\":\"Biotalouden erikoistumiskoulutus It\u00e4-Suomessa - innovaatioita ja osaamista korkeakoulujen ja yritysen yhteisty\u00f6n\u00e4. Koulutuksen painotukset: mets\u00e4biotalous, biotalouden sivuvirrat, biojalostus ja energiabiotalous.\",\"potentialAction\":[{\"@type\":\"SearchAction\",\"target\":{\"@type\":\"EntryPoint\",\"urlTemplate\":\"https:\\\/\\\/www.biotalouskoulutus.fi\\\/?s={search_term_string}\"},\"query-input\":{\"@type\":\"PropertyValueSpecification\",\"valueRequired\":true,\"valueName\":\"search_term_string\"}}],\"inLanguage\":\"fi\"}]}<\/script>\n<!-- \/ Yoast SEO plugin. -->","yoast_head_json":{"title":"Biotalouden liiketoiminnan palvelumuotoilu - Biotalouden erikoistumiskoulutus It\u00e4-Suomi","robots":{"index":"index","follow":"follow","max-snippet":"max-snippet:-1","max-image-preview":"max-image-preview:large","max-video-preview":"max-video-preview:-1"},"canonical":"https:\/\/blogs2.uef.fi\/biotalouskoulutus\/koulutus1\/biotalousosaamista\/biotalouden-liiketoiminnan-palvelumuotoilu\/","og_locale":"fi_FI","og_type":"article","og_title":"Biotalouden liiketoiminnan palvelumuotoilu - Biotalouden erikoistumiskoulutus It\u00e4-Suomi","og_description":"&nbsp; Tule mukaan koulutukseen ja vie mukanasi uusia ajatuksia ja n\u00e4k\u00f6kulmia biotalouden liiketoiminnan kehitt\u00e4miseen! Palvelumuotoilun avulla voit tarttua globaaleihin haasteisiin ja luoda sellaisia asiakas- ja k\u00e4ytt\u00e4j\u00e4l\u00e4ht\u00f6isi\u00e4 palveluita, jotka ovat valmiita vihre\u00e4\u00e4n siirtym\u00e4\u00e4n. Koulutuksen teemoina: globaalit haasteet: energiamurros, ravitsemus- ja ruoantuotanto, monimuotoisuus liiketoiminnan mallintaminen ja palvelumuotoilu arvonluonti ja verkottuminen Asiantuntijat: Globaalit haasteet: Energiamurros \u2013 Anniina Kontiokorpi, [&hellip;]","og_url":"https:\/\/blogs2.uef.fi\/biotalouskoulutus\/koulutus1\/biotalousosaamista\/biotalouden-liiketoiminnan-palvelumuotoilu\/","og_site_name":"Biotalouden erikoistumiskoulutus It\u00e4-Suomi","article_modified_time":"2022-10-04T13:42:13+00:00","og_image":[{"url":"https:\/\/www.biotalouskoulutusitasuomi.fi\/wp-content\/uploads\/sites\/71\/2022\/05\/biopamu-300x252.png","type":"","width":"","height":""}],"twitter_card":"summary_large_image","twitter_misc":{"Arvioitu lukuaika":"1 minuutti"},"schema":{"@context":"https:\/\/schema.org","@graph":[{"@type":"WebPage","@id":"https:\/\/blogs2.uef.fi\/biotalouskoulutus\/koulutus1\/biotalousosaamista\/biotalouden-liiketoiminnan-palvelumuotoilu\/","url":"https:\/\/blogs2.uef.fi\/biotalouskoulutus\/koulutus1\/biotalousosaamista\/biotalouden-liiketoiminnan-palvelumuotoilu\/","name":"Biotalouden liiketoiminnan palvelumuotoilu - Biotalouden erikoistumiskoulutus It\u00e4-Suomi","isPartOf":{"@id":"https:\/\/www.biotalouskoulutus.fi\/#website"},"primaryImageOfPage":{"@id":"https:\/\/blogs2.uef.fi\/biotalouskoulutus\/koulutus1\/biotalousosaamista\/biotalouden-liiketoiminnan-palvelumuotoilu\/#primaryimage"},"image":{"@id":"https:\/\/blogs2.uef.fi\/biotalouskoulutus\/koulutus1\/biotalousosaamista\/biotalouden-liiketoiminnan-palvelumuotoilu\/#primaryimage"},"thumbnailUrl":"https:\/\/www.biotalouskoulutusitasuomi.fi\/wp-content\/uploads\/sites\/71\/2022\/05\/biopamu-300x252.png","datePublished":"2022-04-29T07:00:59+00:00","dateModified":"2022-10-04T13:42:13+00:00","breadcrumb":{"@id":"https:\/\/blogs2.uef.fi\/biotalouskoulutus\/koulutus1\/biotalousosaamista\/biotalouden-liiketoiminnan-palvelumuotoilu\/#breadcrumb"},"inLanguage":"fi","potentialAction":[{"@type":"ReadAction","target":["https:\/\/blogs2.uef.fi\/biotalouskoulutus\/koulutus1\/biotalousosaamista\/biotalouden-liiketoiminnan-palvelumuotoilu\/"]}]},{"@type":"ImageObject","inLanguage":"fi","@id":"https:\/\/blogs2.uef.fi\/biotalouskoulutus\/koulutus1\/biotalousosaamista\/biotalouden-liiketoiminnan-palvelumuotoilu\/#primaryimage","url":"https:\/\/www.biotalouskoulutusitasuomi.fi\/wp-content\/uploads\/sites\/71\/2022\/05\/biopamu-300x252.png","contentUrl":"https:\/\/www.biotalouskoulutusitasuomi.fi\/wp-content\/uploads\/sites\/71\/2022\/05\/biopamu-300x252.png"},{"@type":"BreadcrumbList","@id":"https:\/\/blogs2.uef.fi\/biotalouskoulutus\/koulutus1\/biotalousosaamista\/biotalouden-liiketoiminnan-palvelumuotoilu\/#breadcrumb","itemListElement":[{"@type":"ListItem","position":1,"name":"Home","item":"https:\/\/www.biotalouskoulutus.fi\/"},{"@type":"ListItem","position":2,"name":"Koulutus","item":"https:\/\/blogs2.uef.fi\/biotalouskoulutus\/koulutus1\/"},{"@type":"ListItem","position":3,"name":"Biotalouskoulutuksia","item":"https:\/\/blogs2.uef.fi\/biotalouskoulutus\/koulutus1\/biotalousosaamista\/"},{"@type":"ListItem","position":4,"name":"Biotalouden liiketoiminnan palvelumuotoilu"}]},{"@type":"WebSite","@id":"https:\/\/www.biotalouskoulutus.fi\/#website","url":"https:\/\/www.biotalouskoulutus.fi\/","name":"Biotalouden erikoistumiskoulutus It\u00e4-Suomi","description":"Biotalouden erikoistumiskoulutus It\u00e4-Suomessa - innovaatioita ja osaamista korkeakoulujen ja yritysen yhteisty\u00f6n\u00e4. Koulutuksen painotukset: mets\u00e4biotalous, biotalouden sivuvirrat, biojalostus ja energiabiotalous.","potentialAction":[{"@type":"SearchAction","target":{"@type":"EntryPoint","urlTemplate":"https:\/\/www.biotalouskoulutus.fi\/?s={search_term_string}"},"query-input":{"@type":"PropertyValueSpecification","valueRequired":true,"valueName":"search_term_string"}}],"inLanguage":"fi"}]}},"_links":{"self":[{"href":"https:\/\/blogs2.uef.fi\/biotalouskoulutus\/wp-json\/wp\/v2\/pages\/3316","targetHints":{"allow":["GET"]}}],"collection":[{"href":"https:\/\/blogs2.uef.fi\/biotalouskoulutus\/wp-json\/wp\/v2\/pages"}],"about":[{"href":"https:\/\/blogs2.uef.fi\/biotalouskoulutus\/wp-json\/wp\/v2\/types\/page"}],"author":[{"embeddable":true,"href":"https:\/\/blogs2.uef.fi\/biotalouskoulutus\/wp-json\/wp\/v2\/users\/95"}],"replies":[{"embeddable":true,"href":"https:\/\/blogs2.uef.fi\/biotalouskoulutus\/wp-json\/wp\/v2\/comments?post=3316"}],"version-history":[{"count":3,"href":"https:\/\/blogs2.uef.fi\/biotalouskoulutus\/wp-json\/wp\/v2\/pages\/3316\/revisions"}],"predecessor-version":[{"id":3484,"href":"https:\/\/blogs2.uef.fi\/biotalouskoulutus\/wp-json\/wp\/v2\/pages\/3316\/revisions\/3484"}],"up":[{"embeddable":true,"href":"https:\/\/blogs2.uef.fi\/biotalouskoulutus\/wp-json\/wp\/v2\/pages\/3294"}],"wp:attachment":[{"href":"https:\/\/blogs2.uef.fi\/biotalouskoulutus\/wp-json\/wp\/v2\/media?parent=3316"}],"curies":[{"name":"wp","href":"https:\/\/api.w.org\/{rel}","templated":true}]}}