{"id":3639,"date":"2022-08-17T12:07:30","date_gmt":"2022-08-17T09:07:30","guid":{"rendered":"https:\/\/www.biotalouskoulutusitasuomi.fi\/?page_id=3639"},"modified":"2022-08-17T12:43:45","modified_gmt":"2022-08-17T09:43:45","slug":"biokaasukoulutusmatka","status":"publish","type":"page","link":"https:\/\/blogs2.uef.fi\/biotalouskoulutus\/koulutus1\/biotalousosaamista\/biokaasukoulutusmatka\/","title":{"rendered":"Biokaasukoulutusmatka"},"content":{"rendered":"<p>Tervetuloa mukaan tutustumaan biokaasun paikalliseen tuotantoon sek\u00e4 erilaisiin tuotantotekniikoihin. T\u00e4ll\u00e4 kaksip\u00e4iv\u00e4isell\u00e4 biotalouden koulutusmatkalla tutustutaan mm. Luke Maaninkaan, biokaasulaitostoimittaja Demeca Oy:n tuotantolaitokseen sek\u00e4 maatilojen biokaasuratkaisuihin Haapavedell\u00e4.<br \/>\nTutustumiskohteissa hy\u00f6dynnet\u00e4\u00e4n lietelantaa ja biokaasun tuotannossa m\u00e4rk\u00e4m\u00e4d\u00e4tystekniikkaa. Biokaasua hy\u00f6dynnet\u00e4\u00e4n mm. liikennebiokaasuksi.<br \/>\nMatkaan p\u00e4\u00e4set mukaan sujuvasti Kuopiosta sek\u00e4 Joensuusta ja sovittaessa my\u00f6s muualta matkan varrelta.<\/p>\n<p><strong>OHJELMA:<\/strong><\/p>\n<p>Luke Maaninka, Demeca Oy tehdas (Haapavesi), Keskitalon ja Vuorenmaan maatilojen biokaasulaitokset (Haapavesi).<\/p>\n<p><strong>P\u00e4iv\u00e4 1, ti 1.11.2022<\/strong><br \/>\n7:00 L\u00e4ht\u00f6 Joensuusta, Marjalan ABC<br \/>\n9:00 L\u00e4ht\u00f6 Kuopiosta + nopea kahvitauko Kunnonpaikka, Vuorela<br \/>\n11:00 &#8211; 13:00 Lounas + tutustuminen Luke, Maaninka<br \/>\n14:00-16:00 Tutustuminen Demeca Oy:n Haapaveden tuotantolaitokseen<\/p>\n<p>Majoittuminen Hotelli Haapakannel (omakustanteinen)<br \/>\nMahdollisuus yhteiseen iltaruokailuun (omakustanteinen)<\/p>\n<p><strong>P\u00e4iv\u00e4 2, ke 2.11.2022<\/strong><br \/>\n9:00 Vuorenmaan maatilan biokaasulaitos ja julkinen tankkausasema. Kiintom\u00e4d\u00e4tys ja m\u00e4d\u00e4tteen hy\u00f6dynt\u00e4minen kuivikkeena.<br \/>\n11:00 Keskitalon tilan biokaasulaitos, kiintom\u00e4d\u00e4tys m\u00e4d\u00e4tteen jatkoseparointi.<br \/>\n12:15 L\u00e4ht\u00f6 paluumatkalle<br \/>\n13:00-14:00 Lounastauko, Pyh\u00e4nt\u00e4 (omakustanteinen)<br \/>\n16:00 Paluu Kuopioon, Kunnonpaikka Vuorela.<br \/>\n18:00 Paluu Joensuuhun, Marjala ABC<\/p>\n<p>Mukana matkalla on Envitecpolis Oy:n biokaasuasiantuntija, joka kertoo osallistujille matkan aikana lis\u00e4\u00e4 biokaasun tuotannosta, erilaisista tuontantotekniikoista, biokaasulaitoksen investoinnista, luvituksesta sek\u00e4 haettavissa olevista avustuksista.<\/p>\n<p><em>Matka sopii maanviljelij\u00f6ille, energiayritt\u00e4jille, agripuolen kouluttajille\/opiskelijoille, viestint\u00e4ihmisille, paikallisille kehitysorganisaatioille sek\u00e4 yleisesti kaikille biokaasusta kiinnostuneille.<\/em><\/p>\n<p><strong>Ilmoittaudu mukaan matkalle t\u00e4st\u00e4: <a href=\"https:\/\/link.webropolsurveys.com\/S\/C660BBAA22261BF6\">https:\/\/link.webropolsurveys.com\/S\/C660BBAA22261BF6<\/a><\/strong><\/p>\n<p>Biotalouden koulutusmatkat ovat osa It\u00e4-Suomen kansainv\u00e4lisen biotalousosaamisen kehitt\u00e4minen ty\u00f6el\u00e4m\u00e4l\u00e4ht\u00f6isen jatkuvan oppimisen keinoin -hankkeen biotalouden osaamisen lis\u00e4\u00e4misen toimenpiteit\u00e4. Lis\u00e4tietoa hankkeesta sek\u00e4 ajankohtaisista tapahtumista: <a href=\"https:\/\/www.biotalouskoulutusitasuomi.fi\">https:\/\/www.biotalouskoulutusitasuomi.fi<\/a><\/p>\n<p>Koulutusmatkan j\u00e4rjest\u00e4jin\u00e4 toimivat Savonia-ammattikorkeakoulu sek\u00e4 Karelia-ammattikorkeakoulu.<\/p>\n<p>Lis\u00e4tietoja voit kysy\u00e4:<\/p>\n<p>Kim Blomqvist, Karelia-ammattikorkeakoulu, kim.blomqvist(at)karelia.fi<\/p>\n<p>Kasperi Vuorikari, Savonia-ammattikorkeakoulu, kasperi.vuorikari(at)savonia.fi<\/p>\n<p>&nbsp;<\/p>\n","protected":false},"excerpt":{"rendered":"<p>Tervetuloa mukaan tutustumaan biokaasun paikalliseen tuotantoon sek\u00e4 erilaisiin tuotantotekniikoihin. T\u00e4ll\u00e4 kaksip\u00e4iv\u00e4isell\u00e4 biotalouden koulutusmatkalla tutustutaan mm. Luke Maaninkaan, biokaasulaitostoimittaja Demeca Oy:n tuotantolaitokseen sek\u00e4 maatilojen biokaasuratkaisuihin Haapavedell\u00e4. Tutustumiskohteissa hy\u00f6dynnet\u00e4\u00e4n lietelantaa ja biokaasun tuotannossa m\u00e4rk\u00e4m\u00e4d\u00e4tystekniikkaa. Biokaasua hy\u00f6dynnet\u00e4\u00e4n mm. liikennebiokaasuksi. Matkaan p\u00e4\u00e4set mukaan sujuvasti Kuopiosta sek\u00e4 Joensuusta ja sovittaessa my\u00f6s muualta matkan varrelta. OHJELMA: Luke Maaninka, Demeca Oy tehdas [&hellip;]<\/p>\n","protected":false},"author":95,"featured_media":0,"parent":3294,"menu_order":1,"comment_status":"closed","ping_status":"closed","template":"","meta":{"_acf_changed":false,"_relevanssi_hide_post":"","_relevanssi_hide_content":"","_relevanssi_pin_for_all":"","_relevanssi_pin_keywords":"","_relevanssi_unpin_keywords":"","_relevanssi_related_keywords":"","_relevanssi_related_include_ids":"","_relevanssi_related_exclude_ids":"","_relevanssi_related_no_append":"","_relevanssi_related_not_related":"","_relevanssi_related_posts":"","_relevanssi_noindex_reason":"","footnotes":""},"class_list":["post-3639","page","type-page","status-publish","hentry"],"acf":[],"yoast_head":"<!-- This site is optimized with the Yoast SEO plugin v27.3 - https:\/\/yoast.com\/product\/yoast-seo-wordpress\/ -->\n<title>Biokaasukoulutusmatka - Biotalouden erikoistumiskoulutus It\u00e4-Suomi<\/title>\n<meta name=\"robots\" content=\"index, follow, max-snippet:-1, max-image-preview:large, max-video-preview:-1\" \/>\n<link rel=\"canonical\" href=\"https:\/\/blogs2.uef.fi\/biotalouskoulutus\/koulutus1\/biotalousosaamista\/biokaasukoulutusmatka\/\" \/>\n<meta property=\"og:locale\" content=\"fi_FI\" \/>\n<meta property=\"og:type\" content=\"article\" \/>\n<meta property=\"og:title\" content=\"Biokaasukoulutusmatka - Biotalouden erikoistumiskoulutus It\u00e4-Suomi\" \/>\n<meta property=\"og:description\" content=\"Tervetuloa mukaan tutustumaan biokaasun paikalliseen tuotantoon sek\u00e4 erilaisiin tuotantotekniikoihin. T\u00e4ll\u00e4 kaksip\u00e4iv\u00e4isell\u00e4 biotalouden koulutusmatkalla tutustutaan mm. Luke Maaninkaan, biokaasulaitostoimittaja Demeca Oy:n tuotantolaitokseen sek\u00e4 maatilojen biokaasuratkaisuihin Haapavedell\u00e4. Tutustumiskohteissa hy\u00f6dynnet\u00e4\u00e4n lietelantaa ja biokaasun tuotannossa m\u00e4rk\u00e4m\u00e4d\u00e4tystekniikkaa. Biokaasua hy\u00f6dynnet\u00e4\u00e4n mm. liikennebiokaasuksi. Matkaan p\u00e4\u00e4set mukaan sujuvasti Kuopiosta sek\u00e4 Joensuusta ja sovittaessa my\u00f6s muualta matkan varrelta. OHJELMA: Luke Maaninka, Demeca Oy tehdas [&hellip;]\" \/>\n<meta property=\"og:url\" content=\"https:\/\/blogs2.uef.fi\/biotalouskoulutus\/koulutus1\/biotalousosaamista\/biokaasukoulutusmatka\/\" \/>\n<meta property=\"og:site_name\" content=\"Biotalouden erikoistumiskoulutus It\u00e4-Suomi\" \/>\n<meta property=\"article:modified_time\" content=\"2022-08-17T09:43:45+00:00\" \/>\n<meta name=\"twitter:card\" content=\"summary_large_image\" \/>\n<meta name=\"twitter:label1\" content=\"Arvioitu lukuaika\" \/>\n\t<meta name=\"twitter:data1\" content=\"1 minuutti\" \/>\n<script type=\"application\/ld+json\" class=\"yoast-schema-graph\">{\"@context\":\"https:\\\/\\\/schema.org\",\"@graph\":[{\"@type\":\"WebPage\",\"@id\":\"https:\\\/\\\/blogs2.uef.fi\\\/biotalouskoulutus\\\/koulutus1\\\/biotalousosaamista\\\/biokaasukoulutusmatka\\\/\",\"url\":\"https:\\\/\\\/blogs2.uef.fi\\\/biotalouskoulutus\\\/koulutus1\\\/biotalousosaamista\\\/biokaasukoulutusmatka\\\/\",\"name\":\"Biokaasukoulutusmatka - Biotalouden erikoistumiskoulutus It\u00e4-Suomi\",\"isPartOf\":{\"@id\":\"https:\\\/\\\/www.biotalouskoulutus.fi\\\/#website\"},\"datePublished\":\"2022-08-17T09:07:30+00:00\",\"dateModified\":\"2022-08-17T09:43:45+00:00\",\"breadcrumb\":{\"@id\":\"https:\\\/\\\/blogs2.uef.fi\\\/biotalouskoulutus\\\/koulutus1\\\/biotalousosaamista\\\/biokaasukoulutusmatka\\\/#breadcrumb\"},\"inLanguage\":\"fi\",\"potentialAction\":[{\"@type\":\"ReadAction\",\"target\":[\"https:\\\/\\\/blogs2.uef.fi\\\/biotalouskoulutus\\\/koulutus1\\\/biotalousosaamista\\\/biokaasukoulutusmatka\\\/\"]}]},{\"@type\":\"BreadcrumbList\",\"@id\":\"https:\\\/\\\/blogs2.uef.fi\\\/biotalouskoulutus\\\/koulutus1\\\/biotalousosaamista\\\/biokaasukoulutusmatka\\\/#breadcrumb\",\"itemListElement\":[{\"@type\":\"ListItem\",\"position\":1,\"name\":\"Home\",\"item\":\"https:\\\/\\\/www.biotalouskoulutus.fi\\\/\"},{\"@type\":\"ListItem\",\"position\":2,\"name\":\"Koulutus\",\"item\":\"https:\\\/\\\/blogs2.uef.fi\\\/biotalouskoulutus\\\/koulutus1\\\/\"},{\"@type\":\"ListItem\",\"position\":3,\"name\":\"Biotalouskoulutuksia\",\"item\":\"https:\\\/\\\/blogs2.uef.fi\\\/biotalouskoulutus\\\/koulutus1\\\/biotalousosaamista\\\/\"},{\"@type\":\"ListItem\",\"position\":4,\"name\":\"Biokaasukoulutusmatka\"}]},{\"@type\":\"WebSite\",\"@id\":\"https:\\\/\\\/www.biotalouskoulutus.fi\\\/#website\",\"url\":\"https:\\\/\\\/www.biotalouskoulutus.fi\\\/\",\"name\":\"Biotalouden erikoistumiskoulutus It\u00e4-Suomi\",\"description\":\"Biotalouden erikoistumiskoulutus It\u00e4-Suomessa - innovaatioita ja osaamista korkeakoulujen ja yritysen yhteisty\u00f6n\u00e4. Koulutuksen painotukset: mets\u00e4biotalous, biotalouden sivuvirrat, biojalostus ja energiabiotalous.\",\"potentialAction\":[{\"@type\":\"SearchAction\",\"target\":{\"@type\":\"EntryPoint\",\"urlTemplate\":\"https:\\\/\\\/www.biotalouskoulutus.fi\\\/?s={search_term_string}\"},\"query-input\":{\"@type\":\"PropertyValueSpecification\",\"valueRequired\":true,\"valueName\":\"search_term_string\"}}],\"inLanguage\":\"fi\"}]}<\/script>\n<!-- \/ Yoast SEO plugin. -->","yoast_head_json":{"title":"Biokaasukoulutusmatka - Biotalouden erikoistumiskoulutus It\u00e4-Suomi","robots":{"index":"index","follow":"follow","max-snippet":"max-snippet:-1","max-image-preview":"max-image-preview:large","max-video-preview":"max-video-preview:-1"},"canonical":"https:\/\/blogs2.uef.fi\/biotalouskoulutus\/koulutus1\/biotalousosaamista\/biokaasukoulutusmatka\/","og_locale":"fi_FI","og_type":"article","og_title":"Biokaasukoulutusmatka - Biotalouden erikoistumiskoulutus It\u00e4-Suomi","og_description":"Tervetuloa mukaan tutustumaan biokaasun paikalliseen tuotantoon sek\u00e4 erilaisiin tuotantotekniikoihin. T\u00e4ll\u00e4 kaksip\u00e4iv\u00e4isell\u00e4 biotalouden koulutusmatkalla tutustutaan mm. Luke Maaninkaan, biokaasulaitostoimittaja Demeca Oy:n tuotantolaitokseen sek\u00e4 maatilojen biokaasuratkaisuihin Haapavedell\u00e4. Tutustumiskohteissa hy\u00f6dynnet\u00e4\u00e4n lietelantaa ja biokaasun tuotannossa m\u00e4rk\u00e4m\u00e4d\u00e4tystekniikkaa. Biokaasua hy\u00f6dynnet\u00e4\u00e4n mm. liikennebiokaasuksi. Matkaan p\u00e4\u00e4set mukaan sujuvasti Kuopiosta sek\u00e4 Joensuusta ja sovittaessa my\u00f6s muualta matkan varrelta. OHJELMA: Luke Maaninka, Demeca Oy tehdas [&hellip;]","og_url":"https:\/\/blogs2.uef.fi\/biotalouskoulutus\/koulutus1\/biotalousosaamista\/biokaasukoulutusmatka\/","og_site_name":"Biotalouden erikoistumiskoulutus It\u00e4-Suomi","article_modified_time":"2022-08-17T09:43:45+00:00","twitter_card":"summary_large_image","twitter_misc":{"Arvioitu lukuaika":"1 minuutti"},"schema":{"@context":"https:\/\/schema.org","@graph":[{"@type":"WebPage","@id":"https:\/\/blogs2.uef.fi\/biotalouskoulutus\/koulutus1\/biotalousosaamista\/biokaasukoulutusmatka\/","url":"https:\/\/blogs2.uef.fi\/biotalouskoulutus\/koulutus1\/biotalousosaamista\/biokaasukoulutusmatka\/","name":"Biokaasukoulutusmatka - Biotalouden erikoistumiskoulutus It\u00e4-Suomi","isPartOf":{"@id":"https:\/\/www.biotalouskoulutus.fi\/#website"},"datePublished":"2022-08-17T09:07:30+00:00","dateModified":"2022-08-17T09:43:45+00:00","breadcrumb":{"@id":"https:\/\/blogs2.uef.fi\/biotalouskoulutus\/koulutus1\/biotalousosaamista\/biokaasukoulutusmatka\/#breadcrumb"},"inLanguage":"fi","potentialAction":[{"@type":"ReadAction","target":["https:\/\/blogs2.uef.fi\/biotalouskoulutus\/koulutus1\/biotalousosaamista\/biokaasukoulutusmatka\/"]}]},{"@type":"BreadcrumbList","@id":"https:\/\/blogs2.uef.fi\/biotalouskoulutus\/koulutus1\/biotalousosaamista\/biokaasukoulutusmatka\/#breadcrumb","itemListElement":[{"@type":"ListItem","position":1,"name":"Home","item":"https:\/\/www.biotalouskoulutus.fi\/"},{"@type":"ListItem","position":2,"name":"Koulutus","item":"https:\/\/blogs2.uef.fi\/biotalouskoulutus\/koulutus1\/"},{"@type":"ListItem","position":3,"name":"Biotalouskoulutuksia","item":"https:\/\/blogs2.uef.fi\/biotalouskoulutus\/koulutus1\/biotalousosaamista\/"},{"@type":"ListItem","position":4,"name":"Biokaasukoulutusmatka"}]},{"@type":"WebSite","@id":"https:\/\/www.biotalouskoulutus.fi\/#website","url":"https:\/\/www.biotalouskoulutus.fi\/","name":"Biotalouden erikoistumiskoulutus It\u00e4-Suomi","description":"Biotalouden erikoistumiskoulutus It\u00e4-Suomessa - innovaatioita ja osaamista korkeakoulujen ja yritysen yhteisty\u00f6n\u00e4. Koulutuksen painotukset: mets\u00e4biotalous, biotalouden sivuvirrat, biojalostus ja energiabiotalous.","potentialAction":[{"@type":"SearchAction","target":{"@type":"EntryPoint","urlTemplate":"https:\/\/www.biotalouskoulutus.fi\/?s={search_term_string}"},"query-input":{"@type":"PropertyValueSpecification","valueRequired":true,"valueName":"search_term_string"}}],"inLanguage":"fi"}]}},"_links":{"self":[{"href":"https:\/\/blogs2.uef.fi\/biotalouskoulutus\/wp-json\/wp\/v2\/pages\/3639","targetHints":{"allow":["GET"]}}],"collection":[{"href":"https:\/\/blogs2.uef.fi\/biotalouskoulutus\/wp-json\/wp\/v2\/pages"}],"about":[{"href":"https:\/\/blogs2.uef.fi\/biotalouskoulutus\/wp-json\/wp\/v2\/types\/page"}],"author":[{"embeddable":true,"href":"https:\/\/blogs2.uef.fi\/biotalouskoulutus\/wp-json\/wp\/v2\/users\/95"}],"replies":[{"embeddable":true,"href":"https:\/\/blogs2.uef.fi\/biotalouskoulutus\/wp-json\/wp\/v2\/comments?post=3639"}],"version-history":[{"count":2,"href":"https:\/\/blogs2.uef.fi\/biotalouskoulutus\/wp-json\/wp\/v2\/pages\/3639\/revisions"}],"predecessor-version":[{"id":3672,"href":"https:\/\/blogs2.uef.fi\/biotalouskoulutus\/wp-json\/wp\/v2\/pages\/3639\/revisions\/3672"}],"up":[{"embeddable":true,"href":"https:\/\/blogs2.uef.fi\/biotalouskoulutus\/wp-json\/wp\/v2\/pages\/3294"}],"wp:attachment":[{"href":"https:\/\/blogs2.uef.fi\/biotalouskoulutus\/wp-json\/wp\/v2\/media?parent=3639"}],"curies":[{"name":"wp","href":"https:\/\/api.w.org\/{rel}","templated":true}]}}