{"id":580,"date":"2020-03-30T11:09:57","date_gmt":"2020-03-30T08:09:57","guid":{"rendered":"https:\/\/www.biotalouskoulutusitasuomi.fi\/?page_id=580"},"modified":"2020-03-31T13:25:15","modified_gmt":"2020-03-31T10:25:15","slug":"koulutus1","status":"publish","type":"page","link":"https:\/\/blogs2.uef.fi\/biotalouskoulutus\/koulutus1\/","title":{"rendered":"Koulutus"},"content":{"rendered":"<h3>Biotalouskoulutus It\u00e4-Suomessa<\/h3>\n<p>It\u00e4-Suomessa\u00a0<a href=\"https:\/\/www.biotalouskoulutusitasuomi.fi\/koulutus\/opetussuunnitelma\/\">Biotalouden erikoistumiskoulutuksesta\u00a0(30 op)<\/a> vastaavaat yhdess\u00e4 It\u00e4-Suomen yliopisto, Karelia-ammattikorkeakoulu ja Savonia-ammattikorkeakoulu. Koulutuksen tavoitteellinen suoritusaika on 1,5 vuotta ja seuraava koulutus alkaa syksyll\u00e4 2020. Koulutus toteutetaan monimuoto-opintoina koostuen p\u00e4\u00e4asiallisesti verkko-opinnoista, mutta my\u00f6s l\u00e4hiopintop\u00e4ivist\u00e4. Opetus ja oppiminen rakentuu yrityskohtaisten kehitt\u00e4misteht\u00e4vien ymp\u00e4rille.<\/p>\n<p>Koulutus j\u00e4rjestet\u00e4\u00e4n opetus- ja kulttuuriministeri\u00f6n my\u00f6nt\u00e4m\u00e4ll\u00e4 erityisavustuksella. Lis\u00e4ksi Euroopan sosiaalirahaston rahoituksen avulla It\u00e4-Suomen yliopisto sek\u00e4 Karelia- ja Savonia-ammattikorkeakoulut yhdess\u00e4 biotalouden yritysten ja muiden organisaatioiden kanssa ovat kehitt\u00e4neet uuden\u00a0ty\u00f6el\u00e4m\u00e4l\u00e4ht\u00f6isen oppimisen ja opettamisen mallin, jota pilotoitiin Biotalouden erikoistumiskoulutuksessa 2018-2020.<\/p>\n<h4>Kohderyhm\u00e4<\/h4>\n<p>Erikoistumiskoulutus sopii henkil\u00f6ille, jotka toimivat tai tulevat toimimaan biotalouden alalla, yrityksiss\u00e4, neuvonta- tai edist\u00e4misteht\u00e4viss\u00e4, ammatillisina opettajina tai ovat biotaloutta edist\u00e4vi\u00e4 julkisia toimijoita. Koulutus sopii yritt\u00e4jille tai yritt\u00e4jiksi aikoville, jotka toimivat esimerkiksi biotuotannossa ja sen raaka-ainehankinnassa. Hakijoilla tulee olla soveltuva korkeakoulutasoinen tai muu biotalouden alalle soveltuva koulutus.<\/p>\n<p>&nbsp;<\/p>\n<p><img loading=\"lazy\" decoding=\"async\" class=\"alignnone size-medium wp-image-166\" src=\"https:\/\/www.biotalouskoulutusitasuomi.fi\/wp-content\/uploads\/sites\/71\/2020\/03\/Biotaloutta-Ita-Suomessa-213x300.png\" alt=\"\" width=\"213\" height=\"300\" srcset=\"https:\/\/blogs2.uef.fi\/biotalouskoulutus\/wp-content\/uploads\/sites\/71\/2020\/03\/Biotaloutta-Ita-Suomessa-213x300.png 213w, https:\/\/blogs2.uef.fi\/biotalouskoulutus\/wp-content\/uploads\/sites\/71\/2020\/03\/Biotaloutta-Ita-Suomessa.png 397w\" sizes=\"auto, (max-width: 213px) 100vw, 213px\" \/><\/p>\n","protected":false},"excerpt":{"rendered":"<p>Biotalouskoulutus It\u00e4-Suomessa It\u00e4-Suomessa\u00a0Biotalouden erikoistumiskoulutuksesta\u00a0(30 op) vastaavaat yhdess\u00e4 It\u00e4-Suomen yliopisto, Karelia-ammattikorkeakoulu ja Savonia-ammattikorkeakoulu. Koulutuksen tavoitteellinen suoritusaika on 1,5 vuotta ja seuraava koulutus alkaa syksyll\u00e4 2020. Koulutus toteutetaan monimuoto-opintoina koostuen p\u00e4\u00e4asiallisesti verkko-opinnoista, mutta my\u00f6s l\u00e4hiopintop\u00e4ivist\u00e4. Opetus ja oppiminen rakentuu yrityskohtaisten kehitt\u00e4misteht\u00e4vien ymp\u00e4rille. Koulutus j\u00e4rjestet\u00e4\u00e4n opetus- ja kulttuuriministeri\u00f6n my\u00f6nt\u00e4m\u00e4ll\u00e4 erityisavustuksella. Lis\u00e4ksi Euroopan sosiaalirahaston rahoituksen avulla It\u00e4-Suomen yliopisto sek\u00e4 [&hellip;]<\/p>\n","protected":false},"author":262,"featured_media":0,"parent":0,"menu_order":0,"comment_status":"closed","ping_status":"closed","template":"","meta":{"_acf_changed":false,"_relevanssi_hide_post":"","_relevanssi_hide_content":"","_relevanssi_pin_for_all":"","_relevanssi_pin_keywords":"","_relevanssi_unpin_keywords":"","_relevanssi_related_keywords":"","_relevanssi_related_include_ids":"","_relevanssi_related_exclude_ids":"","_relevanssi_related_no_append":"","_relevanssi_related_not_related":"","_relevanssi_related_posts":"","_relevanssi_noindex_reason":"","footnotes":""},"class_list":["post-580","page","type-page","status-publish","hentry"],"acf":[],"yoast_head":"<!-- This site is optimized with the Yoast SEO plugin v27.3 - https:\/\/yoast.com\/product\/yoast-seo-wordpress\/ -->\n<title>Koulutus - Biotalouden erikoistumiskoulutus It\u00e4-Suomi<\/title>\n<meta name=\"robots\" content=\"index, follow, max-snippet:-1, max-image-preview:large, max-video-preview:-1\" \/>\n<link rel=\"canonical\" href=\"https:\/\/blogs2.uef.fi\/biotalouskoulutus\/koulutus1\/\" \/>\n<meta property=\"og:locale\" content=\"fi_FI\" \/>\n<meta property=\"og:type\" content=\"article\" \/>\n<meta property=\"og:title\" content=\"Koulutus - Biotalouden erikoistumiskoulutus It\u00e4-Suomi\" \/>\n<meta property=\"og:description\" content=\"Biotalouskoulutus It\u00e4-Suomessa It\u00e4-Suomessa\u00a0Biotalouden erikoistumiskoulutuksesta\u00a0(30 op) vastaavaat yhdess\u00e4 It\u00e4-Suomen yliopisto, Karelia-ammattikorkeakoulu ja Savonia-ammattikorkeakoulu. Koulutuksen tavoitteellinen suoritusaika on 1,5 vuotta ja seuraava koulutus alkaa syksyll\u00e4 2020. Koulutus toteutetaan monimuoto-opintoina koostuen p\u00e4\u00e4asiallisesti verkko-opinnoista, mutta my\u00f6s l\u00e4hiopintop\u00e4ivist\u00e4. Opetus ja oppiminen rakentuu yrityskohtaisten kehitt\u00e4misteht\u00e4vien ymp\u00e4rille. Koulutus j\u00e4rjestet\u00e4\u00e4n opetus- ja kulttuuriministeri\u00f6n my\u00f6nt\u00e4m\u00e4ll\u00e4 erityisavustuksella. Lis\u00e4ksi Euroopan sosiaalirahaston rahoituksen avulla It\u00e4-Suomen yliopisto sek\u00e4 [&hellip;]\" \/>\n<meta property=\"og:url\" content=\"https:\/\/blogs2.uef.fi\/biotalouskoulutus\/koulutus1\/\" \/>\n<meta property=\"og:site_name\" content=\"Biotalouden erikoistumiskoulutus It\u00e4-Suomi\" \/>\n<meta property=\"article:modified_time\" content=\"2020-03-31T10:25:15+00:00\" \/>\n<meta property=\"og:image\" content=\"https:\/\/www.biotalouskoulutusitasuomi.fi\/wp-content\/uploads\/sites\/71\/2020\/03\/Biotaloutta-Ita-Suomessa-213x300.png\" \/>\n<meta name=\"twitter:card\" content=\"summary_large_image\" \/>\n<meta name=\"twitter:label1\" content=\"Arvioitu lukuaika\" \/>\n\t<meta name=\"twitter:data1\" content=\"1 minuutti\" \/>\n<script type=\"application\/ld+json\" class=\"yoast-schema-graph\">{\"@context\":\"https:\\\/\\\/schema.org\",\"@graph\":[{\"@type\":\"WebPage\",\"@id\":\"https:\\\/\\\/blogs2.uef.fi\\\/biotalouskoulutus\\\/koulutus1\\\/\",\"url\":\"https:\\\/\\\/blogs2.uef.fi\\\/biotalouskoulutus\\\/koulutus1\\\/\",\"name\":\"Koulutus - Biotalouden erikoistumiskoulutus It\u00e4-Suomi\",\"isPartOf\":{\"@id\":\"https:\\\/\\\/www.biotalouskoulutus.fi\\\/#website\"},\"primaryImageOfPage\":{\"@id\":\"https:\\\/\\\/blogs2.uef.fi\\\/biotalouskoulutus\\\/koulutus1\\\/#primaryimage\"},\"image\":{\"@id\":\"https:\\\/\\\/blogs2.uef.fi\\\/biotalouskoulutus\\\/koulutus1\\\/#primaryimage\"},\"thumbnailUrl\":\"https:\\\/\\\/www.biotalouskoulutusitasuomi.fi\\\/wp-content\\\/uploads\\\/sites\\\/71\\\/2020\\\/03\\\/Biotaloutta-Ita-Suomessa-213x300.png\",\"datePublished\":\"2020-03-30T08:09:57+00:00\",\"dateModified\":\"2020-03-31T10:25:15+00:00\",\"breadcrumb\":{\"@id\":\"https:\\\/\\\/blogs2.uef.fi\\\/biotalouskoulutus\\\/koulutus1\\\/#breadcrumb\"},\"inLanguage\":\"fi\",\"potentialAction\":[{\"@type\":\"ReadAction\",\"target\":[\"https:\\\/\\\/blogs2.uef.fi\\\/biotalouskoulutus\\\/koulutus1\\\/\"]}]},{\"@type\":\"ImageObject\",\"inLanguage\":\"fi\",\"@id\":\"https:\\\/\\\/blogs2.uef.fi\\\/biotalouskoulutus\\\/koulutus1\\\/#primaryimage\",\"url\":\"https:\\\/\\\/www.biotalouskoulutusitasuomi.fi\\\/wp-content\\\/uploads\\\/sites\\\/71\\\/2020\\\/03\\\/Biotaloutta-Ita-Suomessa-213x300.png\",\"contentUrl\":\"https:\\\/\\\/www.biotalouskoulutusitasuomi.fi\\\/wp-content\\\/uploads\\\/sites\\\/71\\\/2020\\\/03\\\/Biotaloutta-Ita-Suomessa-213x300.png\"},{\"@type\":\"BreadcrumbList\",\"@id\":\"https:\\\/\\\/blogs2.uef.fi\\\/biotalouskoulutus\\\/koulutus1\\\/#breadcrumb\",\"itemListElement\":[{\"@type\":\"ListItem\",\"position\":1,\"name\":\"Home\",\"item\":\"https:\\\/\\\/www.biotalouskoulutus.fi\\\/\"},{\"@type\":\"ListItem\",\"position\":2,\"name\":\"Koulutus\"}]},{\"@type\":\"WebSite\",\"@id\":\"https:\\\/\\\/www.biotalouskoulutus.fi\\\/#website\",\"url\":\"https:\\\/\\\/www.biotalouskoulutus.fi\\\/\",\"name\":\"Biotalouden erikoistumiskoulutus It\u00e4-Suomi\",\"description\":\"Biotalouden erikoistumiskoulutus It\u00e4-Suomessa - innovaatioita ja osaamista korkeakoulujen ja yritysen yhteisty\u00f6n\u00e4. Koulutuksen painotukset: mets\u00e4biotalous, biotalouden sivuvirrat, biojalostus ja energiabiotalous.\",\"potentialAction\":[{\"@type\":\"SearchAction\",\"target\":{\"@type\":\"EntryPoint\",\"urlTemplate\":\"https:\\\/\\\/www.biotalouskoulutus.fi\\\/?s={search_term_string}\"},\"query-input\":{\"@type\":\"PropertyValueSpecification\",\"valueRequired\":true,\"valueName\":\"search_term_string\"}}],\"inLanguage\":\"fi\"}]}<\/script>\n<!-- \/ Yoast SEO plugin. -->","yoast_head_json":{"title":"Koulutus - Biotalouden erikoistumiskoulutus It\u00e4-Suomi","robots":{"index":"index","follow":"follow","max-snippet":"max-snippet:-1","max-image-preview":"max-image-preview:large","max-video-preview":"max-video-preview:-1"},"canonical":"https:\/\/blogs2.uef.fi\/biotalouskoulutus\/koulutus1\/","og_locale":"fi_FI","og_type":"article","og_title":"Koulutus - Biotalouden erikoistumiskoulutus It\u00e4-Suomi","og_description":"Biotalouskoulutus It\u00e4-Suomessa It\u00e4-Suomessa\u00a0Biotalouden erikoistumiskoulutuksesta\u00a0(30 op) vastaavaat yhdess\u00e4 It\u00e4-Suomen yliopisto, Karelia-ammattikorkeakoulu ja Savonia-ammattikorkeakoulu. Koulutuksen tavoitteellinen suoritusaika on 1,5 vuotta ja seuraava koulutus alkaa syksyll\u00e4 2020. Koulutus toteutetaan monimuoto-opintoina koostuen p\u00e4\u00e4asiallisesti verkko-opinnoista, mutta my\u00f6s l\u00e4hiopintop\u00e4ivist\u00e4. Opetus ja oppiminen rakentuu yrityskohtaisten kehitt\u00e4misteht\u00e4vien ymp\u00e4rille. Koulutus j\u00e4rjestet\u00e4\u00e4n opetus- ja kulttuuriministeri\u00f6n my\u00f6nt\u00e4m\u00e4ll\u00e4 erityisavustuksella. Lis\u00e4ksi Euroopan sosiaalirahaston rahoituksen avulla It\u00e4-Suomen yliopisto sek\u00e4 [&hellip;]","og_url":"https:\/\/blogs2.uef.fi\/biotalouskoulutus\/koulutus1\/","og_site_name":"Biotalouden erikoistumiskoulutus It\u00e4-Suomi","article_modified_time":"2020-03-31T10:25:15+00:00","og_image":[{"url":"https:\/\/www.biotalouskoulutusitasuomi.fi\/wp-content\/uploads\/sites\/71\/2020\/03\/Biotaloutta-Ita-Suomessa-213x300.png","type":"","width":"","height":""}],"twitter_card":"summary_large_image","twitter_misc":{"Arvioitu lukuaika":"1 minuutti"},"schema":{"@context":"https:\/\/schema.org","@graph":[{"@type":"WebPage","@id":"https:\/\/blogs2.uef.fi\/biotalouskoulutus\/koulutus1\/","url":"https:\/\/blogs2.uef.fi\/biotalouskoulutus\/koulutus1\/","name":"Koulutus - Biotalouden erikoistumiskoulutus It\u00e4-Suomi","isPartOf":{"@id":"https:\/\/www.biotalouskoulutus.fi\/#website"},"primaryImageOfPage":{"@id":"https:\/\/blogs2.uef.fi\/biotalouskoulutus\/koulutus1\/#primaryimage"},"image":{"@id":"https:\/\/blogs2.uef.fi\/biotalouskoulutus\/koulutus1\/#primaryimage"},"thumbnailUrl":"https:\/\/www.biotalouskoulutusitasuomi.fi\/wp-content\/uploads\/sites\/71\/2020\/03\/Biotaloutta-Ita-Suomessa-213x300.png","datePublished":"2020-03-30T08:09:57+00:00","dateModified":"2020-03-31T10:25:15+00:00","breadcrumb":{"@id":"https:\/\/blogs2.uef.fi\/biotalouskoulutus\/koulutus1\/#breadcrumb"},"inLanguage":"fi","potentialAction":[{"@type":"ReadAction","target":["https:\/\/blogs2.uef.fi\/biotalouskoulutus\/koulutus1\/"]}]},{"@type":"ImageObject","inLanguage":"fi","@id":"https:\/\/blogs2.uef.fi\/biotalouskoulutus\/koulutus1\/#primaryimage","url":"https:\/\/www.biotalouskoulutusitasuomi.fi\/wp-content\/uploads\/sites\/71\/2020\/03\/Biotaloutta-Ita-Suomessa-213x300.png","contentUrl":"https:\/\/www.biotalouskoulutusitasuomi.fi\/wp-content\/uploads\/sites\/71\/2020\/03\/Biotaloutta-Ita-Suomessa-213x300.png"},{"@type":"BreadcrumbList","@id":"https:\/\/blogs2.uef.fi\/biotalouskoulutus\/koulutus1\/#breadcrumb","itemListElement":[{"@type":"ListItem","position":1,"name":"Home","item":"https:\/\/www.biotalouskoulutus.fi\/"},{"@type":"ListItem","position":2,"name":"Koulutus"}]},{"@type":"WebSite","@id":"https:\/\/www.biotalouskoulutus.fi\/#website","url":"https:\/\/www.biotalouskoulutus.fi\/","name":"Biotalouden erikoistumiskoulutus It\u00e4-Suomi","description":"Biotalouden erikoistumiskoulutus It\u00e4-Suomessa - innovaatioita ja osaamista korkeakoulujen ja yritysen yhteisty\u00f6n\u00e4. Koulutuksen painotukset: mets\u00e4biotalous, biotalouden sivuvirrat, biojalostus ja energiabiotalous.","potentialAction":[{"@type":"SearchAction","target":{"@type":"EntryPoint","urlTemplate":"https:\/\/www.biotalouskoulutus.fi\/?s={search_term_string}"},"query-input":{"@type":"PropertyValueSpecification","valueRequired":true,"valueName":"search_term_string"}}],"inLanguage":"fi"}]}},"_links":{"self":[{"href":"https:\/\/blogs2.uef.fi\/biotalouskoulutus\/wp-json\/wp\/v2\/pages\/580","targetHints":{"allow":["GET"]}}],"collection":[{"href":"https:\/\/blogs2.uef.fi\/biotalouskoulutus\/wp-json\/wp\/v2\/pages"}],"about":[{"href":"https:\/\/blogs2.uef.fi\/biotalouskoulutus\/wp-json\/wp\/v2\/types\/page"}],"author":[{"embeddable":true,"href":"https:\/\/blogs2.uef.fi\/biotalouskoulutus\/wp-json\/wp\/v2\/users\/262"}],"replies":[{"embeddable":true,"href":"https:\/\/blogs2.uef.fi\/biotalouskoulutus\/wp-json\/wp\/v2\/comments?post=580"}],"version-history":[{"count":2,"href":"https:\/\/blogs2.uef.fi\/biotalouskoulutus\/wp-json\/wp\/v2\/pages\/580\/revisions"}],"predecessor-version":[{"id":654,"href":"https:\/\/blogs2.uef.fi\/biotalouskoulutus\/wp-json\/wp\/v2\/pages\/580\/revisions\/654"}],"wp:attachment":[{"href":"https:\/\/blogs2.uef.fi\/biotalouskoulutus\/wp-json\/wp\/v2\/media?parent=580"}],"curies":[{"name":"wp","href":"https:\/\/api.w.org\/{rel}","templated":true}]}}