{"id":6,"date":"2020-03-05T09:34:37","date_gmt":"2020-03-05T07:34:37","guid":{"rendered":"https:\/\/www.biotalouskoulutusitasuomi.fi\/?page_id=6"},"modified":"2023-02-17T14:24:53","modified_gmt":"2023-02-17T12:24:53","slug":"etusivu","status":"publish","type":"page","link":"https:\/\/blogs2.uef.fi\/biotalouskoulutus\/","title":{"rendered":"Etusivu"},"content":{"rendered":"\r\n<h1 class=\"mb-4 wp-block-heading\"><strong>Biotalousosaamista It\u00e4-Suomesta<\/strong><\/h1>\r\n\r\n\r\n\r\n<p>Biotalousala on kansainv\u00e4linen kasvuala, joka yhdist\u00e4\u00e4 perinteisi\u00e4 aloja uudella tavalla. Biotalouden tavoitteena on v\u00e4hent\u00e4\u00e4 riippuvuutta fossiilisista luonnonvaroista ja ehk\u00e4ist\u00e4 ekosysteemien k\u00f6yhtymist\u00e4. Biotalouteen siirtyminen vaatii valmiuksia synnytt\u00e4\u00e4 uutta yhdistelem\u00e4ll\u00e4 jo olemassa olevia prosesseja, raaka-aineita ja sivuvirtoja.\u00a0\u00a0<\/p>\r\n\r\n\r\n\r\n<p>Biotalousala on kovassa kasvussa ja sen kehittymiseksi tarvitaan asiantuntijoita ja yritt\u00e4ji\u00e4, jotka hallitsevat biomassojen k\u00e4ytt\u00f6-, jalostus-, liiketoiminta- ja vientimahdollisuudet. It\u00e4-Suomen yliopisto, Karelia-ammattikorkeakoulu ja Savonia-ammattikorkeakoulu tarjoavat monipuolista osaamisen kehitt\u00e4mist\u00e4 edell\u00e4 mainittuihin tarpeisiin. Tarjonta kattaa lyhyet koulutukset, asiantuntijapalvelut, kurssit ja laajemmat tutkintokokonaisuudet. Yhdess\u00e4 olemme j\u00e4rjest\u00e4neet esimerkiksi ty\u00f6el\u00e4m\u00e4l\u00e4ht\u00f6ist\u00e4 biotalouden erikoistumiskoulutusta.<\/p>\r\n\r\n\r\n\r\n\r\n\r\n<figure class=\"wp-block-embed-youtube wp-block-embed is-type-video is-provider-youtube wp-embed-aspect-16-9 wp-has-aspect-ratio\">\r\n<div class=\"wp-block-embed__wrapper\">\r\n<p><iframe loading=\"lazy\" title=\"Biotalouden erikoistumiskoulutus\" width=\"500\" height=\"281\" src=\"https:\/\/www.youtube.com\/embed\/sPrt6PJfq3A?feature=oembed\" frameborder=\"0\" allow=\"accelerometer; autoplay; clipboard-write; encrypted-media; gyroscope; picture-in-picture; web-share\" referrerpolicy=\"strict-origin-when-cross-origin\" allowfullscreen><\/iframe><\/p>\r\n<\/div>\r\n<\/figure>\r\n\r\n\r\n\r\n<p>&nbsp;<\/p>\r\n\r\n\r\n\r\n\r\n\r\n<p>&nbsp;<\/p>\r\n\r\n\r\n","protected":false},"excerpt":{"rendered":"<p>Biotalousosaamista It\u00e4-Suomesta Biotalousala on kansainv\u00e4linen kasvuala, joka yhdist\u00e4\u00e4 perinteisi\u00e4 aloja uudella tavalla. Biotalouden tavoitteena on v\u00e4hent\u00e4\u00e4 riippuvuutta fossiilisista luonnonvaroista ja ehk\u00e4ist\u00e4 ekosysteemien k\u00f6yhtymist\u00e4. Biotalouteen siirtyminen vaatii valmiuksia synnytt\u00e4\u00e4 uutta yhdistelem\u00e4ll\u00e4 jo olemassa olevia prosesseja, raaka-aineita ja sivuvirtoja.\u00a0\u00a0 Biotalousala on kovassa kasvussa ja sen kehittymiseksi tarvitaan asiantuntijoita ja yritt\u00e4ji\u00e4, jotka hallitsevat biomassojen k\u00e4ytt\u00f6-, jalostus-, liiketoiminta- ja [&hellip;]<\/p>\n","protected":false},"author":1,"featured_media":8,"parent":0,"menu_order":0,"comment_status":"closed","ping_status":"closed","template":"frontpage.php","meta":{"_acf_changed":false,"_relevanssi_hide_post":"","_relevanssi_hide_content":"","_relevanssi_pin_for_all":"","_relevanssi_pin_keywords":"","_relevanssi_unpin_keywords":"","_relevanssi_related_keywords":"","_relevanssi_related_include_ids":"","_relevanssi_related_exclude_ids":"","_relevanssi_related_no_append":"","_relevanssi_related_not_related":"","_relevanssi_related_posts":"","_relevanssi_noindex_reason":"","footnotes":""},"class_list":["post-6","page","type-page","status-publish","has-post-thumbnail","hentry"],"acf":[],"yoast_head":"<!-- This site is optimized with the Yoast SEO plugin v27.3 - https:\/\/yoast.com\/product\/yoast-seo-wordpress\/ -->\n<title>Etusivu - Biotalouden erikoistumiskoulutus It\u00e4-Suomi<\/title>\n<meta name=\"robots\" content=\"index, follow, max-snippet:-1, max-image-preview:large, max-video-preview:-1\" \/>\n<link rel=\"canonical\" href=\"https:\/\/www.biotalouskoulutus.fi\/\" \/>\n<meta property=\"og:locale\" content=\"fi_FI\" \/>\n<meta property=\"og:type\" content=\"article\" \/>\n<meta property=\"og:title\" content=\"Etusivu - Biotalouden erikoistumiskoulutus It\u00e4-Suomi\" \/>\n<meta property=\"og:description\" content=\"Biotalousosaamista It\u00e4-Suomesta Biotalousala on kansainv\u00e4linen kasvuala, joka yhdist\u00e4\u00e4 perinteisi\u00e4 aloja uudella tavalla. Biotalouden tavoitteena on v\u00e4hent\u00e4\u00e4 riippuvuutta fossiilisista luonnonvaroista ja ehk\u00e4ist\u00e4 ekosysteemien k\u00f6yhtymist\u00e4. Biotalouteen siirtyminen vaatii valmiuksia synnytt\u00e4\u00e4 uutta yhdistelem\u00e4ll\u00e4 jo olemassa olevia prosesseja, raaka-aineita ja sivuvirtoja.\u00a0\u00a0 Biotalousala on kovassa kasvussa ja sen kehittymiseksi tarvitaan asiantuntijoita ja yritt\u00e4ji\u00e4, jotka hallitsevat biomassojen k\u00e4ytt\u00f6-, jalostus-, liiketoiminta- ja [&hellip;]\" \/>\n<meta property=\"og:url\" content=\"https:\/\/www.biotalouskoulutus.fi\/\" \/>\n<meta property=\"og:site_name\" content=\"Biotalouden erikoistumiskoulutus It\u00e4-Suomi\" \/>\n<meta property=\"article:modified_time\" content=\"2023-02-17T12:24:53+00:00\" \/>\n<meta property=\"og:image\" content=\"https:\/\/www.biotalouskoulutus.fi\/wp-content\/uploads\/sites\/71\/2020\/03\/abstract-blur-bubble-clean-268819.jpg\" \/>\n\t<meta property=\"og:image:width\" content=\"1920\" \/>\n\t<meta property=\"og:image:height\" content=\"1200\" \/>\n\t<meta property=\"og:image:type\" content=\"image\/jpeg\" \/>\n<meta name=\"twitter:card\" content=\"summary_large_image\" \/>\n<meta name=\"twitter:label1\" content=\"Arvioitu lukuaika\" \/>\n\t<meta name=\"twitter:data1\" content=\"1 minuutti\" \/>\n<script type=\"application\/ld+json\" class=\"yoast-schema-graph\">{\"@context\":\"https:\\\/\\\/schema.org\",\"@graph\":[{\"@type\":\"WebPage\",\"@id\":\"https:\\\/\\\/www.biotalouskoulutus.fi\\\/\",\"url\":\"https:\\\/\\\/www.biotalouskoulutus.fi\\\/\",\"name\":\"Etusivu - Biotalouden erikoistumiskoulutus It\u00e4-Suomi\",\"isPartOf\":{\"@id\":\"https:\\\/\\\/www.biotalouskoulutus.fi\\\/#website\"},\"primaryImageOfPage\":{\"@id\":\"https:\\\/\\\/www.biotalouskoulutus.fi\\\/#primaryimage\"},\"image\":{\"@id\":\"https:\\\/\\\/www.biotalouskoulutus.fi\\\/#primaryimage\"},\"thumbnailUrl\":\"https:\\\/\\\/blogs2.uef.fi\\\/biotalouskoulutus\\\/wp-content\\\/uploads\\\/sites\\\/71\\\/2020\\\/03\\\/abstract-blur-bubble-clean-268819.jpg\",\"datePublished\":\"2020-03-05T07:34:37+00:00\",\"dateModified\":\"2023-02-17T12:24:53+00:00\",\"breadcrumb\":{\"@id\":\"https:\\\/\\\/www.biotalouskoulutus.fi\\\/#breadcrumb\"},\"inLanguage\":\"fi\",\"potentialAction\":[{\"@type\":\"ReadAction\",\"target\":[\"https:\\\/\\\/www.biotalouskoulutus.fi\\\/\"]}]},{\"@type\":\"ImageObject\",\"inLanguage\":\"fi\",\"@id\":\"https:\\\/\\\/www.biotalouskoulutus.fi\\\/#primaryimage\",\"url\":\"https:\\\/\\\/blogs2.uef.fi\\\/biotalouskoulutus\\\/wp-content\\\/uploads\\\/sites\\\/71\\\/2020\\\/03\\\/abstract-blur-bubble-clean-268819.jpg\",\"contentUrl\":\"https:\\\/\\\/blogs2.uef.fi\\\/biotalouskoulutus\\\/wp-content\\\/uploads\\\/sites\\\/71\\\/2020\\\/03\\\/abstract-blur-bubble-clean-268819.jpg\",\"width\":1920,\"height\":1200},{\"@type\":\"BreadcrumbList\",\"@id\":\"https:\\\/\\\/www.biotalouskoulutus.fi\\\/#breadcrumb\",\"itemListElement\":[{\"@type\":\"ListItem\",\"position\":1,\"name\":\"Home\",\"item\":\"https:\\\/\\\/www.biotalouskoulutus.fi\\\/\"},{\"@type\":\"ListItem\",\"position\":2,\"name\":\"Etusivu\"}]},{\"@type\":\"WebSite\",\"@id\":\"https:\\\/\\\/www.biotalouskoulutus.fi\\\/#website\",\"url\":\"https:\\\/\\\/www.biotalouskoulutus.fi\\\/\",\"name\":\"Biotalouden erikoistumiskoulutus It\u00e4-Suomi\",\"description\":\"Biotalouden erikoistumiskoulutus It\u00e4-Suomessa - innovaatioita ja osaamista korkeakoulujen ja yritysen yhteisty\u00f6n\u00e4. Koulutuksen painotukset: mets\u00e4biotalous, biotalouden sivuvirrat, biojalostus ja energiabiotalous.\",\"potentialAction\":[{\"@type\":\"SearchAction\",\"target\":{\"@type\":\"EntryPoint\",\"urlTemplate\":\"https:\\\/\\\/www.biotalouskoulutus.fi\\\/?s={search_term_string}\"},\"query-input\":{\"@type\":\"PropertyValueSpecification\",\"valueRequired\":true,\"valueName\":\"search_term_string\"}}],\"inLanguage\":\"fi\"}]}<\/script>\n<!-- \/ Yoast SEO plugin. -->","yoast_head_json":{"title":"Etusivu - Biotalouden erikoistumiskoulutus It\u00e4-Suomi","robots":{"index":"index","follow":"follow","max-snippet":"max-snippet:-1","max-image-preview":"max-image-preview:large","max-video-preview":"max-video-preview:-1"},"canonical":"https:\/\/www.biotalouskoulutus.fi\/","og_locale":"fi_FI","og_type":"article","og_title":"Etusivu - Biotalouden erikoistumiskoulutus It\u00e4-Suomi","og_description":"Biotalousosaamista It\u00e4-Suomesta Biotalousala on kansainv\u00e4linen kasvuala, joka yhdist\u00e4\u00e4 perinteisi\u00e4 aloja uudella tavalla. Biotalouden tavoitteena on v\u00e4hent\u00e4\u00e4 riippuvuutta fossiilisista luonnonvaroista ja ehk\u00e4ist\u00e4 ekosysteemien k\u00f6yhtymist\u00e4. Biotalouteen siirtyminen vaatii valmiuksia synnytt\u00e4\u00e4 uutta yhdistelem\u00e4ll\u00e4 jo olemassa olevia prosesseja, raaka-aineita ja sivuvirtoja.\u00a0\u00a0 Biotalousala on kovassa kasvussa ja sen kehittymiseksi tarvitaan asiantuntijoita ja yritt\u00e4ji\u00e4, jotka hallitsevat biomassojen k\u00e4ytt\u00f6-, jalostus-, liiketoiminta- ja [&hellip;]","og_url":"https:\/\/www.biotalouskoulutus.fi\/","og_site_name":"Biotalouden erikoistumiskoulutus It\u00e4-Suomi","article_modified_time":"2023-02-17T12:24:53+00:00","og_image":[{"width":1920,"height":1200,"url":"https:\/\/www.biotalouskoulutus.fi\/wp-content\/uploads\/sites\/71\/2020\/03\/abstract-blur-bubble-clean-268819.jpg","type":"image\/jpeg"}],"twitter_card":"summary_large_image","twitter_misc":{"Arvioitu lukuaika":"1 minuutti"},"schema":{"@context":"https:\/\/schema.org","@graph":[{"@type":"WebPage","@id":"https:\/\/www.biotalouskoulutus.fi\/","url":"https:\/\/www.biotalouskoulutus.fi\/","name":"Etusivu - Biotalouden erikoistumiskoulutus It\u00e4-Suomi","isPartOf":{"@id":"https:\/\/www.biotalouskoulutus.fi\/#website"},"primaryImageOfPage":{"@id":"https:\/\/www.biotalouskoulutus.fi\/#primaryimage"},"image":{"@id":"https:\/\/www.biotalouskoulutus.fi\/#primaryimage"},"thumbnailUrl":"https:\/\/blogs2.uef.fi\/biotalouskoulutus\/wp-content\/uploads\/sites\/71\/2020\/03\/abstract-blur-bubble-clean-268819.jpg","datePublished":"2020-03-05T07:34:37+00:00","dateModified":"2023-02-17T12:24:53+00:00","breadcrumb":{"@id":"https:\/\/www.biotalouskoulutus.fi\/#breadcrumb"},"inLanguage":"fi","potentialAction":[{"@type":"ReadAction","target":["https:\/\/www.biotalouskoulutus.fi\/"]}]},{"@type":"ImageObject","inLanguage":"fi","@id":"https:\/\/www.biotalouskoulutus.fi\/#primaryimage","url":"https:\/\/blogs2.uef.fi\/biotalouskoulutus\/wp-content\/uploads\/sites\/71\/2020\/03\/abstract-blur-bubble-clean-268819.jpg","contentUrl":"https:\/\/blogs2.uef.fi\/biotalouskoulutus\/wp-content\/uploads\/sites\/71\/2020\/03\/abstract-blur-bubble-clean-268819.jpg","width":1920,"height":1200},{"@type":"BreadcrumbList","@id":"https:\/\/www.biotalouskoulutus.fi\/#breadcrumb","itemListElement":[{"@type":"ListItem","position":1,"name":"Home","item":"https:\/\/www.biotalouskoulutus.fi\/"},{"@type":"ListItem","position":2,"name":"Etusivu"}]},{"@type":"WebSite","@id":"https:\/\/www.biotalouskoulutus.fi\/#website","url":"https:\/\/www.biotalouskoulutus.fi\/","name":"Biotalouden erikoistumiskoulutus It\u00e4-Suomi","description":"Biotalouden erikoistumiskoulutus It\u00e4-Suomessa - innovaatioita ja osaamista korkeakoulujen ja yritysen yhteisty\u00f6n\u00e4. Koulutuksen painotukset: mets\u00e4biotalous, biotalouden sivuvirrat, biojalostus ja energiabiotalous.","potentialAction":[{"@type":"SearchAction","target":{"@type":"EntryPoint","urlTemplate":"https:\/\/www.biotalouskoulutus.fi\/?s={search_term_string}"},"query-input":{"@type":"PropertyValueSpecification","valueRequired":true,"valueName":"search_term_string"}}],"inLanguage":"fi"}]}},"_links":{"self":[{"href":"https:\/\/blogs2.uef.fi\/biotalouskoulutus\/wp-json\/wp\/v2\/pages\/6","targetHints":{"allow":["GET"]}}],"collection":[{"href":"https:\/\/blogs2.uef.fi\/biotalouskoulutus\/wp-json\/wp\/v2\/pages"}],"about":[{"href":"https:\/\/blogs2.uef.fi\/biotalouskoulutus\/wp-json\/wp\/v2\/types\/page"}],"author":[{"embeddable":true,"href":"https:\/\/blogs2.uef.fi\/biotalouskoulutus\/wp-json\/wp\/v2\/users\/1"}],"replies":[{"embeddable":true,"href":"https:\/\/blogs2.uef.fi\/biotalouskoulutus\/wp-json\/wp\/v2\/comments?post=6"}],"version-history":[{"count":6,"href":"https:\/\/blogs2.uef.fi\/biotalouskoulutus\/wp-json\/wp\/v2\/pages\/6\/revisions"}],"predecessor-version":[{"id":4136,"href":"https:\/\/blogs2.uef.fi\/biotalouskoulutus\/wp-json\/wp\/v2\/pages\/6\/revisions\/4136"}],"wp:featuredmedia":[{"embeddable":true,"href":"https:\/\/blogs2.uef.fi\/biotalouskoulutus\/wp-json\/wp\/v2\/media\/8"}],"wp:attachment":[{"href":"https:\/\/blogs2.uef.fi\/biotalouskoulutus\/wp-json\/wp\/v2\/media?parent=6"}],"curies":[{"name":"wp","href":"https:\/\/api.w.org\/{rel}","templated":true}]}}