{"id":108,"date":"2018-12-10T08:49:31","date_gmt":"2018-12-10T06:49:31","guid":{"rendered":"https:\/\/ita-suomenbiopankki.fi\/?page_id=108"},"modified":"2025-01-24T12:55:46","modified_gmt":"2025-01-24T10:55:46","slug":"ita-suomen-biopankki","status":"publish","type":"page","link":"https:\/\/blogs2.uef.fi\/itasuomenbiopankki-vanha\/ita-suomen-biopankki\/","title":{"rendered":"It\u00e4-Suomen biopankki"},"content":{"rendered":"<h1>It\u00e4-Suomen Biopankki tekee ty\u00f6t\u00e4 terveyden hyv\u00e4ksi<\/h1>\n<p>It\u00e4-Suomen Biopankki tallentaa ihmisper\u00e4isi\u00e4 n\u00e4ytteit\u00e4 ja niihin liittyvi\u00e4 tietoja terveystieteellist\u00e4 tutkimusta varten. Biopankkitoiminnan kehitt\u00e4miseksi It\u00e4-Suomen Biopankki tekee monipuolista yhteisty\u00f6t\u00e4 muiden biopankkien, tutkijoiden ja alan yritysten kanssa. Biopankin kansalaisviestinn\u00e4n tavoitteena on kannustaa kansalaisia antamaan biopankkisuostumus ja hyv\u00e4ksynt\u00e4 ja sit\u00e4 kautta tukemaan tutkimusty\u00f6t\u00e4. Tutkijoille ja yrityksille olemme asiantunteva ja luotettava kumppani, jonka puoleen heid\u00e4n kannattaa k\u00e4\u00e4nty\u00e4 tutkimuskysymystens\u00e4 ja tuotekehitysideoidensa kanssa.<\/p>\n<p>It\u00e4-Suomen Biopankki tukee etenkin verenkierto-, aineenvaihdunta-, tuki- ja liikuntaelimist\u00f6n-, neurologisten- ja sy\u00f6p\u00e4sairauksien sek\u00e4 mielenterveyden tutkimusta. Sen tutkimusalueena on tutkimus, jonka tavoite on v\u00e4est\u00f6n terveyden edist\u00e4minen, tautimekanismeihin vaikuttavien tekij\u00f6iden tunnistaminen, sairauksien ehk\u00e4isy sek\u00e4 v\u00e4est\u00f6n hyvinvointia tai terveytt\u00e4 edist\u00e4vien tai sairaanhoidossa k\u00e4ytett\u00e4vien tuotteiden tai hoitok\u00e4yt\u00e4nt\u00f6jen kehitt\u00e4minen. Sosiaali- ja terveysalan lupa- ja valvontavirasto (Valvira) on merkinnyt It\u00e4-Suomen Biopankin valtakunnalliseen biopankkirekisteriin vuonna 2015.<\/p>\n<ul>\n<li>Biopankkiin kootaan ihmisper\u00e4isi\u00e4 n\u00e4ytteit\u00e4 ja niihin, sek\u00e4 n\u00e4ytteen antajaan, liittyv\u00e4\u00e4 tietoa l\u00e4\u00e4ketieteellist\u00e4 tutkimusta ja tuotekehityst\u00e4 varten. N\u00e4ytteet on ker\u00e4tty hoitoon liittyv\u00e4n n\u00e4ytteenoton tai tieteelliseen tutkimukseen osallistumisen yhteydess\u00e4.<\/li>\n<li>Osallistuminen biopankkitoimintaan on vapaaehtoista ja perustuu suostumuksen ja hyv\u00e4ksynn\u00e4n antamiseen. Suostumuksen ja hyv\u00e4ksynn\u00e4n antamatta j\u00e4tt\u00e4minen tai suostumuksen my\u00f6hempi peruuttaminen eiv\u00e4t vaikuta terveydenhuoltopalveluiden saamiseen.<\/li>\n<li>Suostumus voi koskea my\u00f6s vanhoja jo otettuja n\u00e4ytteit\u00e4 ja tietoja. Niit\u00e4 voidaan siirt\u00e4\u00e4 biopankkiin tiedottamalla suunnitellusta siirrosta esimerkiksi tiedotusv\u00e4lineiss\u00e4. Henkil\u00f6 voi kielt\u00e4\u00e4 siirron tai k\u00e4sittelyn biopankissa tiedon saatuaan.<\/li>\n<li>N\u00e4ytteen antajalla on oikeus tiet\u00e4\u00e4, miss\u00e4 tutkimuksessa h\u00e4nen n\u00e4ytteit\u00e4\u00e4n ja niihin liittyvi\u00e4 tietoja on k\u00e4ytetty.<\/li>\n<li>Biopankki luovuttaa n\u00e4ytteit\u00e4 ja tietoja tutkimukseen n\u00e4ytteenantajan yksityisensuojan turvaten.<\/li>\n<li>Biopankissa n\u00e4ytteen antajan n\u00e4ytteit\u00e4 ja tietoja s\u00e4ilytet\u00e4\u00e4n jopa vuosikymmeni\u00e4.<\/li>\n<\/ul>\n","protected":false},"excerpt":{"rendered":"<p>It\u00e4-Suomen Biopankki tekee ty\u00f6t\u00e4 terveyden hyv\u00e4ksi It\u00e4-Suomen Biopankki tallentaa ihmisper\u00e4isi\u00e4 n\u00e4ytteit\u00e4 ja niihin liittyvi\u00e4 tietoja terveystieteellist\u00e4 tutkimusta varten. Biopankkitoiminnan kehitt\u00e4miseksi&#8230;<\/p>\n","protected":false},"author":1,"featured_media":0,"parent":0,"menu_order":3,"comment_status":"closed","ping_status":"closed","template":"","meta":{"_acf_changed":false,"footnotes":""},"class_list":["post-108","page","type-page","status-publish","hentry"],"acf":[],"yoast_head":"<!-- This site is optimized with the Yoast SEO plugin v27.3 - https:\/\/yoast.com\/product\/yoast-seo-wordpress\/ -->\n<title>It\u00e4-Suomen biopankki - It\u00e4-Suomen biopankki<\/title>\n<meta name=\"robots\" content=\"index, follow, max-snippet:-1, max-image-preview:large, max-video-preview:-1\" \/>\n<link rel=\"canonical\" href=\"https:\/\/blogs2.uef.fi\/itasuomenbiopankki-vanha\/ita-suomen-biopankki\/\" \/>\n<meta property=\"og:locale\" content=\"fi_FI\" \/>\n<meta property=\"og:type\" content=\"article\" \/>\n<meta property=\"og:title\" content=\"It\u00e4-Suomen biopankki - It\u00e4-Suomen biopankki\" \/>\n<meta property=\"og:description\" content=\"It\u00e4-Suomen Biopankki tekee ty\u00f6t\u00e4 terveyden hyv\u00e4ksi It\u00e4-Suomen Biopankki tallentaa ihmisper\u00e4isi\u00e4 n\u00e4ytteit\u00e4 ja niihin liittyvi\u00e4 tietoja terveystieteellist\u00e4 tutkimusta varten. Biopankkitoiminnan kehitt\u00e4miseksi...\" \/>\n<meta property=\"og:url\" content=\"https:\/\/blogs2.uef.fi\/itasuomenbiopankki-vanha\/ita-suomen-biopankki\/\" \/>\n<meta property=\"og:site_name\" content=\"It\u00e4-Suomen biopankki\" \/>\n<meta property=\"article:modified_time\" content=\"2025-01-24T10:55:46+00:00\" \/>\n<meta name=\"twitter:card\" content=\"summary_large_image\" \/>\n<meta name=\"twitter:label1\" content=\"Arvioitu lukuaika\" \/>\n\t<meta name=\"twitter:data1\" content=\"2 minuuttia\" \/>\n<script type=\"application\/ld+json\" class=\"yoast-schema-graph\">{\"@context\":\"https:\\\/\\\/schema.org\",\"@graph\":[{\"@type\":\"WebPage\",\"@id\":\"https:\\\/\\\/blogs2.uef.fi\\\/itasuomenbiopankki-vanha\\\/ita-suomen-biopankki\\\/\",\"url\":\"https:\\\/\\\/blogs2.uef.fi\\\/itasuomenbiopankki-vanha\\\/ita-suomen-biopankki\\\/\",\"name\":\"It\u00e4-Suomen biopankki - It\u00e4-Suomen biopankki\",\"isPartOf\":{\"@id\":\"https:\\\/\\\/blogs2.uef.fi\\\/itasuomenbiopankki-vanha\\\/#website\"},\"datePublished\":\"2018-12-10T06:49:31+00:00\",\"dateModified\":\"2025-01-24T10:55:46+00:00\",\"breadcrumb\":{\"@id\":\"https:\\\/\\\/blogs2.uef.fi\\\/itasuomenbiopankki-vanha\\\/ita-suomen-biopankki\\\/#breadcrumb\"},\"inLanguage\":\"fi\",\"potentialAction\":[{\"@type\":\"ReadAction\",\"target\":[\"https:\\\/\\\/blogs2.uef.fi\\\/itasuomenbiopankki-vanha\\\/ita-suomen-biopankki\\\/\"]}]},{\"@type\":\"BreadcrumbList\",\"@id\":\"https:\\\/\\\/blogs2.uef.fi\\\/itasuomenbiopankki-vanha\\\/ita-suomen-biopankki\\\/#breadcrumb\",\"itemListElement\":[{\"@type\":\"ListItem\",\"position\":1,\"name\":\"Home\",\"item\":\"https:\\\/\\\/www.ita-suomenbiopankki.fi\\\/\"},{\"@type\":\"ListItem\",\"position\":2,\"name\":\"It\u00e4-Suomen biopankki\"}]},{\"@type\":\"WebSite\",\"@id\":\"https:\\\/\\\/blogs2.uef.fi\\\/itasuomenbiopankki-vanha\\\/#website\",\"url\":\"https:\\\/\\\/blogs2.uef.fi\\\/itasuomenbiopankki-vanha\\\/\",\"name\":\"It\u00e4-Suomen biopankki\",\"description\":\"\",\"potentialAction\":[{\"@type\":\"SearchAction\",\"target\":{\"@type\":\"EntryPoint\",\"urlTemplate\":\"https:\\\/\\\/blogs2.uef.fi\\\/itasuomenbiopankki-vanha\\\/?s={search_term_string}\"},\"query-input\":{\"@type\":\"PropertyValueSpecification\",\"valueRequired\":true,\"valueName\":\"search_term_string\"}}],\"inLanguage\":\"fi\"}]}<\/script>\n<!-- \/ Yoast SEO plugin. -->","yoast_head_json":{"title":"It\u00e4-Suomen biopankki - It\u00e4-Suomen biopankki","robots":{"index":"index","follow":"follow","max-snippet":"max-snippet:-1","max-image-preview":"max-image-preview:large","max-video-preview":"max-video-preview:-1"},"canonical":"https:\/\/blogs2.uef.fi\/itasuomenbiopankki-vanha\/ita-suomen-biopankki\/","og_locale":"fi_FI","og_type":"article","og_title":"It\u00e4-Suomen biopankki - It\u00e4-Suomen biopankki","og_description":"It\u00e4-Suomen Biopankki tekee ty\u00f6t\u00e4 terveyden hyv\u00e4ksi It\u00e4-Suomen Biopankki tallentaa ihmisper\u00e4isi\u00e4 n\u00e4ytteit\u00e4 ja niihin liittyvi\u00e4 tietoja terveystieteellist\u00e4 tutkimusta varten. Biopankkitoiminnan kehitt\u00e4miseksi...","og_url":"https:\/\/blogs2.uef.fi\/itasuomenbiopankki-vanha\/ita-suomen-biopankki\/","og_site_name":"It\u00e4-Suomen biopankki","article_modified_time":"2025-01-24T10:55:46+00:00","twitter_card":"summary_large_image","twitter_misc":{"Arvioitu lukuaika":"2 minuuttia"},"schema":{"@context":"https:\/\/schema.org","@graph":[{"@type":"WebPage","@id":"https:\/\/blogs2.uef.fi\/itasuomenbiopankki-vanha\/ita-suomen-biopankki\/","url":"https:\/\/blogs2.uef.fi\/itasuomenbiopankki-vanha\/ita-suomen-biopankki\/","name":"It\u00e4-Suomen biopankki - It\u00e4-Suomen biopankki","isPartOf":{"@id":"https:\/\/blogs2.uef.fi\/itasuomenbiopankki-vanha\/#website"},"datePublished":"2018-12-10T06:49:31+00:00","dateModified":"2025-01-24T10:55:46+00:00","breadcrumb":{"@id":"https:\/\/blogs2.uef.fi\/itasuomenbiopankki-vanha\/ita-suomen-biopankki\/#breadcrumb"},"inLanguage":"fi","potentialAction":[{"@type":"ReadAction","target":["https:\/\/blogs2.uef.fi\/itasuomenbiopankki-vanha\/ita-suomen-biopankki\/"]}]},{"@type":"BreadcrumbList","@id":"https:\/\/blogs2.uef.fi\/itasuomenbiopankki-vanha\/ita-suomen-biopankki\/#breadcrumb","itemListElement":[{"@type":"ListItem","position":1,"name":"Home","item":"https:\/\/www.ita-suomenbiopankki.fi\/"},{"@type":"ListItem","position":2,"name":"It\u00e4-Suomen biopankki"}]},{"@type":"WebSite","@id":"https:\/\/blogs2.uef.fi\/itasuomenbiopankki-vanha\/#website","url":"https:\/\/blogs2.uef.fi\/itasuomenbiopankki-vanha\/","name":"It\u00e4-Suomen biopankki","description":"","potentialAction":[{"@type":"SearchAction","target":{"@type":"EntryPoint","urlTemplate":"https:\/\/blogs2.uef.fi\/itasuomenbiopankki-vanha\/?s={search_term_string}"},"query-input":{"@type":"PropertyValueSpecification","valueRequired":true,"valueName":"search_term_string"}}],"inLanguage":"fi"}]}},"_links":{"self":[{"href":"https:\/\/blogs2.uef.fi\/itasuomenbiopankki-vanha\/wp-json\/wp\/v2\/pages\/108","targetHints":{"allow":["GET"]}}],"collection":[{"href":"https:\/\/blogs2.uef.fi\/itasuomenbiopankki-vanha\/wp-json\/wp\/v2\/pages"}],"about":[{"href":"https:\/\/blogs2.uef.fi\/itasuomenbiopankki-vanha\/wp-json\/wp\/v2\/types\/page"}],"author":[{"embeddable":true,"href":"https:\/\/blogs2.uef.fi\/itasuomenbiopankki-vanha\/wp-json\/wp\/v2\/users\/1"}],"replies":[{"embeddable":true,"href":"https:\/\/blogs2.uef.fi\/itasuomenbiopankki-vanha\/wp-json\/wp\/v2\/comments?post=108"}],"version-history":[{"count":7,"href":"https:\/\/blogs2.uef.fi\/itasuomenbiopankki-vanha\/wp-json\/wp\/v2\/pages\/108\/revisions"}],"predecessor-version":[{"id":4968,"href":"https:\/\/blogs2.uef.fi\/itasuomenbiopankki-vanha\/wp-json\/wp\/v2\/pages\/108\/revisions\/4968"}],"wp:attachment":[{"href":"https:\/\/blogs2.uef.fi\/itasuomenbiopankki-vanha\/wp-json\/wp\/v2\/media?parent=108"}],"curies":[{"name":"wp","href":"https:\/\/api.w.org\/{rel}","templated":true}]}}