{"id":158,"date":"2018-12-11T08:11:04","date_gmt":"2018-12-11T06:11:04","guid":{"rendered":"https:\/\/ita-suomenbiopankki.fi\/?page_id=158"},"modified":"2024-11-25T12:41:59","modified_gmt":"2024-11-25T10:41:59","slug":"henkilotietojen-suoja","status":"publish","type":"page","link":"https:\/\/blogs2.uef.fi\/itasuomenbiopankki-vanha\/kansalaisille\/henkilotietojen-suoja\/","title":{"rendered":"Tietosuoja"},"content":{"rendered":"<h1>Tietosuoja ja henkil\u00f6tietojen k\u00e4sittely<\/h1>\n<p>N\u00e4ytteittesi tallentamiseen biopankkiin tarvitsemme aina kirjallisen suostumuksen ja hyv\u00e4ksynn\u00e4n. Sinulla on my\u00f6s oikeus perua suostumuksesi ja k\u00e4ytt\u00e4\u00e4 EU:n tietosuoja-asetuksen mukaista vastustamisoikeutta ilman erillist\u00e4 syyt\u00e4.<\/p>\n<p>Henkil\u00f6tietojen k\u00e4sittelyn laillisena perusteena biopankissa on kansanterveyteen liittyv\u00e4 yleinen etu biopankkilain ja EU:n yleisen tietosuoja-asetuksen (2016\/679) 6 artiklan 1 kohdan e alakohdan ja 9 artiklan 2 kohdan i alakohdan mukaisesti.<\/p>\n<p>Rekister\u00f6idyn tiedot s\u00e4ilytet\u00e4\u00e4n ja k\u00e4sitell\u00e4\u00e4n biopankissa koodattuina. Koodattuja tietoja ei voida en\u00e4\u00e4 yhdist\u00e4\u00e4 tiettyyn henkil\u00f6\u00f6n ilman koodiavainta. Koodiavain s\u00e4ilytet\u00e4\u00e4n erill\u00e4\u00e4n henkil\u00f6tiedosta.<\/p>\n<p>Tunnisteellisia n\u00e4ytteit\u00e4 ja tietoja voidaan my\u00f6s luovuttaa, jos siihen on perusteltu tarve, kuten yhdist\u00e4\u00e4 biopankin n\u00e4ytteisiin ja tietoihin muita, esim. tutkijan jo aiemmin ker\u00e4\u00e4mi\u00e4 tietoja.<\/p>\n<p>Henkil\u00f6tietojen k\u00e4sittelyn tarkoitus on biopankkilain mukainen biopankkitoiminta. Rekister\u00f6idyn n\u00e4ytteiden ja tietojen k\u00e4sittely biopankissa ja niiden luovuttaminen biopankkitutkimukseen.<br \/>\nSuojaamme henkil\u00f6tietoja toteuttamalla teknisi\u00e4 ja organisatorisia suojatoimia, kuten:<br \/>\nBiopankin henkil\u00f6rekisterin tietoja k\u00e4sitell\u00e4\u00e4n PSHVA:n tietoj\u00e4rjestelmiss\u00e4 PSHVA:n tietoverkossa, joka on suojattu palomuurein.<\/p>\n<p>Sinulla on my\u00f6s oikeus oikaista tai pyyt\u00e4\u00e4 tietojesi poistamista. Lue lis\u00e4\u00e4 <a href=\"https:\/\/ita-suomenbiopankki.fi\/wp-content\/uploads\/sites\/27\/2024\/11\/ISBP_Tietosuojaseloste_20241114.pdf\" target=\"_blank\" rel=\"noopener\">tietosuojaselosteestamme<\/a>.<\/p>\n<p>&nbsp;<\/p>\n","protected":false},"excerpt":{"rendered":"<p>Tietosuoja ja henkil\u00f6tietojen k\u00e4sittely N\u00e4ytteittesi tallentamiseen biopankkiin tarvitsemme aina kirjallisen suostumuksen ja hyv\u00e4ksynn\u00e4n. Sinulla on my\u00f6s oikeus perua suostumuksesi ja&#8230;<\/p>\n","protected":false},"author":1,"featured_media":0,"parent":66,"menu_order":3,"comment_status":"closed","ping_status":"closed","template":"","meta":{"_acf_changed":false,"footnotes":""},"class_list":["post-158","page","type-page","status-publish","hentry"],"acf":[],"yoast_head":"<!-- This site is optimized with the Yoast SEO plugin v27.3 - https:\/\/yoast.com\/product\/yoast-seo-wordpress\/ -->\n<title>Tietosuoja - It\u00e4-Suomen biopankki<\/title>\n<meta name=\"robots\" content=\"index, follow, max-snippet:-1, max-image-preview:large, max-video-preview:-1\" \/>\n<link rel=\"canonical\" href=\"https:\/\/blogs2.uef.fi\/itasuomenbiopankki-vanha\/kansalaisille\/henkilotietojen-suoja\/\" \/>\n<meta property=\"og:locale\" content=\"fi_FI\" \/>\n<meta property=\"og:type\" content=\"article\" \/>\n<meta property=\"og:title\" content=\"Tietosuoja - It\u00e4-Suomen biopankki\" \/>\n<meta property=\"og:description\" content=\"Tietosuoja ja henkil\u00f6tietojen k\u00e4sittely N\u00e4ytteittesi tallentamiseen biopankkiin tarvitsemme aina kirjallisen suostumuksen ja hyv\u00e4ksynn\u00e4n. Sinulla on my\u00f6s oikeus perua suostumuksesi ja...\" \/>\n<meta property=\"og:url\" content=\"https:\/\/blogs2.uef.fi\/itasuomenbiopankki-vanha\/kansalaisille\/henkilotietojen-suoja\/\" \/>\n<meta property=\"og:site_name\" content=\"It\u00e4-Suomen biopankki\" \/>\n<meta property=\"article:modified_time\" content=\"2024-11-25T10:41:59+00:00\" \/>\n<meta name=\"twitter:card\" content=\"summary_large_image\" \/>\n<meta name=\"twitter:label1\" content=\"Arvioitu lukuaika\" \/>\n\t<meta name=\"twitter:data1\" content=\"1 minuutti\" \/>\n<script type=\"application\/ld+json\" class=\"yoast-schema-graph\">{\"@context\":\"https:\\\/\\\/schema.org\",\"@graph\":[{\"@type\":\"WebPage\",\"@id\":\"https:\\\/\\\/blogs2.uef.fi\\\/itasuomenbiopankki-vanha\\\/kansalaisille\\\/henkilotietojen-suoja\\\/\",\"url\":\"https:\\\/\\\/blogs2.uef.fi\\\/itasuomenbiopankki-vanha\\\/kansalaisille\\\/henkilotietojen-suoja\\\/\",\"name\":\"Tietosuoja - It\u00e4-Suomen biopankki\",\"isPartOf\":{\"@id\":\"https:\\\/\\\/blogs2.uef.fi\\\/itasuomenbiopankki-vanha\\\/#website\"},\"datePublished\":\"2018-12-11T06:11:04+00:00\",\"dateModified\":\"2024-11-25T10:41:59+00:00\",\"breadcrumb\":{\"@id\":\"https:\\\/\\\/blogs2.uef.fi\\\/itasuomenbiopankki-vanha\\\/kansalaisille\\\/henkilotietojen-suoja\\\/#breadcrumb\"},\"inLanguage\":\"fi\",\"potentialAction\":[{\"@type\":\"ReadAction\",\"target\":[\"https:\\\/\\\/blogs2.uef.fi\\\/itasuomenbiopankki-vanha\\\/kansalaisille\\\/henkilotietojen-suoja\\\/\"]}]},{\"@type\":\"BreadcrumbList\",\"@id\":\"https:\\\/\\\/blogs2.uef.fi\\\/itasuomenbiopankki-vanha\\\/kansalaisille\\\/henkilotietojen-suoja\\\/#breadcrumb\",\"itemListElement\":[{\"@type\":\"ListItem\",\"position\":1,\"name\":\"Home\",\"item\":\"https:\\\/\\\/www.ita-suomenbiopankki.fi\\\/\"},{\"@type\":\"ListItem\",\"position\":2,\"name\":\"Kansalaisille\",\"item\":\"https:\\\/\\\/blogs2.uef.fi\\\/itasuomenbiopankki-vanha\\\/kansalaisille\\\/\"},{\"@type\":\"ListItem\",\"position\":3,\"name\":\"Tietosuoja\"}]},{\"@type\":\"WebSite\",\"@id\":\"https:\\\/\\\/blogs2.uef.fi\\\/itasuomenbiopankki-vanha\\\/#website\",\"url\":\"https:\\\/\\\/blogs2.uef.fi\\\/itasuomenbiopankki-vanha\\\/\",\"name\":\"It\u00e4-Suomen biopankki\",\"description\":\"\",\"potentialAction\":[{\"@type\":\"SearchAction\",\"target\":{\"@type\":\"EntryPoint\",\"urlTemplate\":\"https:\\\/\\\/blogs2.uef.fi\\\/itasuomenbiopankki-vanha\\\/?s={search_term_string}\"},\"query-input\":{\"@type\":\"PropertyValueSpecification\",\"valueRequired\":true,\"valueName\":\"search_term_string\"}}],\"inLanguage\":\"fi\"}]}<\/script>\n<!-- \/ Yoast SEO plugin. -->","yoast_head_json":{"title":"Tietosuoja - It\u00e4-Suomen biopankki","robots":{"index":"index","follow":"follow","max-snippet":"max-snippet:-1","max-image-preview":"max-image-preview:large","max-video-preview":"max-video-preview:-1"},"canonical":"https:\/\/blogs2.uef.fi\/itasuomenbiopankki-vanha\/kansalaisille\/henkilotietojen-suoja\/","og_locale":"fi_FI","og_type":"article","og_title":"Tietosuoja - It\u00e4-Suomen biopankki","og_description":"Tietosuoja ja henkil\u00f6tietojen k\u00e4sittely N\u00e4ytteittesi tallentamiseen biopankkiin tarvitsemme aina kirjallisen suostumuksen ja hyv\u00e4ksynn\u00e4n. Sinulla on my\u00f6s oikeus perua suostumuksesi ja...","og_url":"https:\/\/blogs2.uef.fi\/itasuomenbiopankki-vanha\/kansalaisille\/henkilotietojen-suoja\/","og_site_name":"It\u00e4-Suomen biopankki","article_modified_time":"2024-11-25T10:41:59+00:00","twitter_card":"summary_large_image","twitter_misc":{"Arvioitu lukuaika":"1 minuutti"},"schema":{"@context":"https:\/\/schema.org","@graph":[{"@type":"WebPage","@id":"https:\/\/blogs2.uef.fi\/itasuomenbiopankki-vanha\/kansalaisille\/henkilotietojen-suoja\/","url":"https:\/\/blogs2.uef.fi\/itasuomenbiopankki-vanha\/kansalaisille\/henkilotietojen-suoja\/","name":"Tietosuoja - It\u00e4-Suomen biopankki","isPartOf":{"@id":"https:\/\/blogs2.uef.fi\/itasuomenbiopankki-vanha\/#website"},"datePublished":"2018-12-11T06:11:04+00:00","dateModified":"2024-11-25T10:41:59+00:00","breadcrumb":{"@id":"https:\/\/blogs2.uef.fi\/itasuomenbiopankki-vanha\/kansalaisille\/henkilotietojen-suoja\/#breadcrumb"},"inLanguage":"fi","potentialAction":[{"@type":"ReadAction","target":["https:\/\/blogs2.uef.fi\/itasuomenbiopankki-vanha\/kansalaisille\/henkilotietojen-suoja\/"]}]},{"@type":"BreadcrumbList","@id":"https:\/\/blogs2.uef.fi\/itasuomenbiopankki-vanha\/kansalaisille\/henkilotietojen-suoja\/#breadcrumb","itemListElement":[{"@type":"ListItem","position":1,"name":"Home","item":"https:\/\/www.ita-suomenbiopankki.fi\/"},{"@type":"ListItem","position":2,"name":"Kansalaisille","item":"https:\/\/blogs2.uef.fi\/itasuomenbiopankki-vanha\/kansalaisille\/"},{"@type":"ListItem","position":3,"name":"Tietosuoja"}]},{"@type":"WebSite","@id":"https:\/\/blogs2.uef.fi\/itasuomenbiopankki-vanha\/#website","url":"https:\/\/blogs2.uef.fi\/itasuomenbiopankki-vanha\/","name":"It\u00e4-Suomen biopankki","description":"","potentialAction":[{"@type":"SearchAction","target":{"@type":"EntryPoint","urlTemplate":"https:\/\/blogs2.uef.fi\/itasuomenbiopankki-vanha\/?s={search_term_string}"},"query-input":{"@type":"PropertyValueSpecification","valueRequired":true,"valueName":"search_term_string"}}],"inLanguage":"fi"}]}},"_links":{"self":[{"href":"https:\/\/blogs2.uef.fi\/itasuomenbiopankki-vanha\/wp-json\/wp\/v2\/pages\/158","targetHints":{"allow":["GET"]}}],"collection":[{"href":"https:\/\/blogs2.uef.fi\/itasuomenbiopankki-vanha\/wp-json\/wp\/v2\/pages"}],"about":[{"href":"https:\/\/blogs2.uef.fi\/itasuomenbiopankki-vanha\/wp-json\/wp\/v2\/types\/page"}],"author":[{"embeddable":true,"href":"https:\/\/blogs2.uef.fi\/itasuomenbiopankki-vanha\/wp-json\/wp\/v2\/users\/1"}],"replies":[{"embeddable":true,"href":"https:\/\/blogs2.uef.fi\/itasuomenbiopankki-vanha\/wp-json\/wp\/v2\/comments?post=158"}],"version-history":[{"count":5,"href":"https:\/\/blogs2.uef.fi\/itasuomenbiopankki-vanha\/wp-json\/wp\/v2\/pages\/158\/revisions"}],"predecessor-version":[{"id":4948,"href":"https:\/\/blogs2.uef.fi\/itasuomenbiopankki-vanha\/wp-json\/wp\/v2\/pages\/158\/revisions\/4948"}],"up":[{"embeddable":true,"href":"https:\/\/blogs2.uef.fi\/itasuomenbiopankki-vanha\/wp-json\/wp\/v2\/pages\/66"}],"wp:attachment":[{"href":"https:\/\/blogs2.uef.fi\/itasuomenbiopankki-vanha\/wp-json\/wp\/v2\/media?parent=158"}],"curies":[{"name":"wp","href":"https:\/\/api.w.org\/{rel}","templated":true}]}}