{"id":160,"date":"2018-12-11T08:11:30","date_gmt":"2018-12-11T06:11:30","guid":{"rendered":"https:\/\/ita-suomenbiopankki.fi\/?page_id=160"},"modified":"2024-03-21T13:27:46","modified_gmt":"2024-03-21T11:27:46","slug":"mahdolliset-hyodyt-ja-haitat","status":"publish","type":"page","link":"https:\/\/blogs2.uef.fi\/itasuomenbiopankki-vanha\/kansalaisille\/mahdolliset-hyodyt-ja-haitat\/","title":{"rendered":"Mahdolliset hy\u00f6dyt ja haitat"},"content":{"rendered":"<h1>Hy\u00f6dyt<\/h1>\n<p>V\u00e4est\u00f6n terveyden edist\u00e4minen, tautimekanismeihin vaikuttavien tekij\u00f6iden tunnistaminen, sairauksien ehk\u00e4isy ja sairaanhoidossa k\u00e4ytett\u00e4vien tuotteiden <span>ja<\/span> hoitok\u00e4yt\u00e4nt\u00f6jen kehitt\u00e4minen.<\/p>\n<p>Biopankkisuostumuksen ja hyv\u00e4ksynn\u00e4n antaminen on verrattavissa puun istuttamiseen mets\u00e4\u00e4n, tulokset ovat seuraavan sukupolven hy\u00f6dynnett\u00e4viss\u00e4. Biopankkitoiminta tukee my\u00f6s alueen terveysalan toimintaa ja elinvoimaisuutta tukemalla paikallista tieteellist\u00e4 tutkimusta.<\/p>\n<p><strong>N\u00e4ytteenantajana:<\/strong><\/p>\n<ul>\n<li>tuet tieteellist\u00e4 tutkimusta nyt ja tulevaisuudessa.<\/li>\n<li>n\u00e4ytteesi avulla saadaan uutta tutkimustietoa, jota voidaan mahdollisesti k\u00e4ytt\u00e4\u00e4 sinun omassa tai l\u00e4heisesi hoidossa.<\/li>\n<li>voit tukea useaa eri tutkimusta ilman usean erillisen n\u00e4ytteen antamista.<\/li>\n<li>saat odottamattomasta terveydentilaasi koskevasta tiedostasi tiedon, jos sellainen l\u00f6ytyy jonkin tutkimuksen yhteydess\u00e4. Voit kuitenkin est\u00e4\u00e4 yhteydenoton t\u00e4ll\u00e4isessa tilanteessa biopankkisuostumuksen ja hyv\u00e4ksynn\u00e4n yhteydess\u00e4.<\/li>\n<\/ul>\n<p>&nbsp;<\/p>\n<h1>Haitat<\/h1>\n<p>N\u00e4ytteiden ja tietojen antamisesta biopankkiin ei yleens\u00e4 ole odotettavissa v\u00e4lit\u00f6nt\u00e4 hoidollista hy\u00f6ty\u00e4, sill\u00e4 biopankki on ensisijaisesti tieteellist\u00e4 tutkimusta varten. Biopankki ei voi taata, ett\u00e4 tutkimuksissa havaittaisiin n\u00e4ytteen antajalle merkityksellisi\u00e4 tietoja tai ett\u00e4 tiedot olisivat n\u00e4ytteen antajan tai terveydenhuollon k\u00e4ytett\u00e4viss\u00e4.<\/p>\n<p>Biopankkitutkimuksen yhteydess\u00e4 voi my\u00f6s paljastua odottamattomia, kliinisesti merkitt\u00e4vi\u00e4 l\u00f6yd\u00f6ksi\u00e4, kuten esimerkiksi tietty sairaus tai sairauteen altistava geenivirhe. T\u00e4m\u00e4 tieto voi olla yll\u00e4tt\u00e4v\u00e4\u00e4 ja aiheuttaa h\u00e4mmennyst\u00e4 ja ahdistusta.<\/p>\n<p>Biopankkitutkimusta suorittava n\u00e4ytteiden ja tietojen vastaanottaja sitoutuu kirjallisesti n\u00e4ytteiden ja tietojen asianmukaiseen k\u00e4sittelyyn ja suojaamiseen. On ep\u00e4todenn\u00e4k\u00f6ist\u00e4, ett\u00e4 n\u00e4ytteen antajan tietoja p\u00e4\u00e4sisi oikeudettomasti ulkopuoliselle n\u00e4ht\u00e4v\u00e4ksi, mutta laittoman tietojen vuotamisen tai urkkimisen mahdollisuutta ei voida t\u00e4ysin sulkea pois. Biopankki varautuu tietoturvauhkiin ajan tasalla olevin suojausmenetelmin ja toimintatavoin.<\/p>\n","protected":false},"excerpt":{"rendered":"<p>Hy\u00f6dyt V\u00e4est\u00f6n terveyden edist\u00e4minen, tautimekanismeihin vaikuttavien tekij\u00f6iden tunnistaminen, sairauksien ehk\u00e4isy ja sairaanhoidossa k\u00e4ytett\u00e4vien tuotteiden ja hoitok\u00e4yt\u00e4nt\u00f6jen kehitt\u00e4minen. Biopankkisuostumuksen ja hyv\u00e4ksynn\u00e4n&#8230;<\/p>\n","protected":false},"author":1,"featured_media":0,"parent":66,"menu_order":4,"comment_status":"closed","ping_status":"closed","template":"","meta":{"_acf_changed":false,"footnotes":""},"class_list":["post-160","page","type-page","status-publish","hentry"],"acf":[],"yoast_head":"<!-- This site is optimized with the Yoast SEO plugin v27.3 - https:\/\/yoast.com\/product\/yoast-seo-wordpress\/ -->\n<title>Mahdolliset hy\u00f6dyt ja haitat - It\u00e4-Suomen biopankki<\/title>\n<meta name=\"robots\" content=\"index, follow, max-snippet:-1, max-image-preview:large, max-video-preview:-1\" \/>\n<link rel=\"canonical\" href=\"https:\/\/blogs2.uef.fi\/itasuomenbiopankki-vanha\/kansalaisille\/mahdolliset-hyodyt-ja-haitat\/\" \/>\n<meta property=\"og:locale\" content=\"fi_FI\" \/>\n<meta property=\"og:type\" content=\"article\" \/>\n<meta property=\"og:title\" content=\"Mahdolliset hy\u00f6dyt ja haitat - It\u00e4-Suomen biopankki\" \/>\n<meta property=\"og:description\" content=\"Hy\u00f6dyt V\u00e4est\u00f6n terveyden edist\u00e4minen, tautimekanismeihin vaikuttavien tekij\u00f6iden tunnistaminen, sairauksien ehk\u00e4isy ja sairaanhoidossa k\u00e4ytett\u00e4vien tuotteiden ja hoitok\u00e4yt\u00e4nt\u00f6jen kehitt\u00e4minen. Biopankkisuostumuksen ja hyv\u00e4ksynn\u00e4n...\" \/>\n<meta property=\"og:url\" content=\"https:\/\/blogs2.uef.fi\/itasuomenbiopankki-vanha\/kansalaisille\/mahdolliset-hyodyt-ja-haitat\/\" \/>\n<meta property=\"og:site_name\" content=\"It\u00e4-Suomen biopankki\" \/>\n<meta property=\"article:modified_time\" content=\"2024-03-21T11:27:46+00:00\" \/>\n<meta name=\"twitter:card\" content=\"summary_large_image\" \/>\n<meta name=\"twitter:label1\" content=\"Arvioitu lukuaika\" \/>\n\t<meta name=\"twitter:data1\" content=\"2 minuuttia\" \/>\n<script type=\"application\/ld+json\" class=\"yoast-schema-graph\">{\"@context\":\"https:\\\/\\\/schema.org\",\"@graph\":[{\"@type\":\"WebPage\",\"@id\":\"https:\\\/\\\/blogs2.uef.fi\\\/itasuomenbiopankki-vanha\\\/kansalaisille\\\/mahdolliset-hyodyt-ja-haitat\\\/\",\"url\":\"https:\\\/\\\/blogs2.uef.fi\\\/itasuomenbiopankki-vanha\\\/kansalaisille\\\/mahdolliset-hyodyt-ja-haitat\\\/\",\"name\":\"Mahdolliset hy\u00f6dyt ja haitat - It\u00e4-Suomen biopankki\",\"isPartOf\":{\"@id\":\"https:\\\/\\\/blogs2.uef.fi\\\/itasuomenbiopankki-vanha\\\/#website\"},\"datePublished\":\"2018-12-11T06:11:30+00:00\",\"dateModified\":\"2024-03-21T11:27:46+00:00\",\"breadcrumb\":{\"@id\":\"https:\\\/\\\/blogs2.uef.fi\\\/itasuomenbiopankki-vanha\\\/kansalaisille\\\/mahdolliset-hyodyt-ja-haitat\\\/#breadcrumb\"},\"inLanguage\":\"fi\",\"potentialAction\":[{\"@type\":\"ReadAction\",\"target\":[\"https:\\\/\\\/blogs2.uef.fi\\\/itasuomenbiopankki-vanha\\\/kansalaisille\\\/mahdolliset-hyodyt-ja-haitat\\\/\"]}]},{\"@type\":\"BreadcrumbList\",\"@id\":\"https:\\\/\\\/blogs2.uef.fi\\\/itasuomenbiopankki-vanha\\\/kansalaisille\\\/mahdolliset-hyodyt-ja-haitat\\\/#breadcrumb\",\"itemListElement\":[{\"@type\":\"ListItem\",\"position\":1,\"name\":\"Home\",\"item\":\"https:\\\/\\\/www.ita-suomenbiopankki.fi\\\/\"},{\"@type\":\"ListItem\",\"position\":2,\"name\":\"Kansalaisille\",\"item\":\"https:\\\/\\\/blogs2.uef.fi\\\/itasuomenbiopankki-vanha\\\/kansalaisille\\\/\"},{\"@type\":\"ListItem\",\"position\":3,\"name\":\"Mahdolliset hy\u00f6dyt ja haitat\"}]},{\"@type\":\"WebSite\",\"@id\":\"https:\\\/\\\/blogs2.uef.fi\\\/itasuomenbiopankki-vanha\\\/#website\",\"url\":\"https:\\\/\\\/blogs2.uef.fi\\\/itasuomenbiopankki-vanha\\\/\",\"name\":\"It\u00e4-Suomen biopankki\",\"description\":\"\",\"potentialAction\":[{\"@type\":\"SearchAction\",\"target\":{\"@type\":\"EntryPoint\",\"urlTemplate\":\"https:\\\/\\\/blogs2.uef.fi\\\/itasuomenbiopankki-vanha\\\/?s={search_term_string}\"},\"query-input\":{\"@type\":\"PropertyValueSpecification\",\"valueRequired\":true,\"valueName\":\"search_term_string\"}}],\"inLanguage\":\"fi\"}]}<\/script>\n<!-- \/ Yoast SEO plugin. -->","yoast_head_json":{"title":"Mahdolliset hy\u00f6dyt ja haitat - It\u00e4-Suomen biopankki","robots":{"index":"index","follow":"follow","max-snippet":"max-snippet:-1","max-image-preview":"max-image-preview:large","max-video-preview":"max-video-preview:-1"},"canonical":"https:\/\/blogs2.uef.fi\/itasuomenbiopankki-vanha\/kansalaisille\/mahdolliset-hyodyt-ja-haitat\/","og_locale":"fi_FI","og_type":"article","og_title":"Mahdolliset hy\u00f6dyt ja haitat - It\u00e4-Suomen biopankki","og_description":"Hy\u00f6dyt V\u00e4est\u00f6n terveyden edist\u00e4minen, tautimekanismeihin vaikuttavien tekij\u00f6iden tunnistaminen, sairauksien ehk\u00e4isy ja sairaanhoidossa k\u00e4ytett\u00e4vien tuotteiden ja hoitok\u00e4yt\u00e4nt\u00f6jen kehitt\u00e4minen. Biopankkisuostumuksen ja hyv\u00e4ksynn\u00e4n...","og_url":"https:\/\/blogs2.uef.fi\/itasuomenbiopankki-vanha\/kansalaisille\/mahdolliset-hyodyt-ja-haitat\/","og_site_name":"It\u00e4-Suomen biopankki","article_modified_time":"2024-03-21T11:27:46+00:00","twitter_card":"summary_large_image","twitter_misc":{"Arvioitu lukuaika":"2 minuuttia"},"schema":{"@context":"https:\/\/schema.org","@graph":[{"@type":"WebPage","@id":"https:\/\/blogs2.uef.fi\/itasuomenbiopankki-vanha\/kansalaisille\/mahdolliset-hyodyt-ja-haitat\/","url":"https:\/\/blogs2.uef.fi\/itasuomenbiopankki-vanha\/kansalaisille\/mahdolliset-hyodyt-ja-haitat\/","name":"Mahdolliset hy\u00f6dyt ja haitat - It\u00e4-Suomen biopankki","isPartOf":{"@id":"https:\/\/blogs2.uef.fi\/itasuomenbiopankki-vanha\/#website"},"datePublished":"2018-12-11T06:11:30+00:00","dateModified":"2024-03-21T11:27:46+00:00","breadcrumb":{"@id":"https:\/\/blogs2.uef.fi\/itasuomenbiopankki-vanha\/kansalaisille\/mahdolliset-hyodyt-ja-haitat\/#breadcrumb"},"inLanguage":"fi","potentialAction":[{"@type":"ReadAction","target":["https:\/\/blogs2.uef.fi\/itasuomenbiopankki-vanha\/kansalaisille\/mahdolliset-hyodyt-ja-haitat\/"]}]},{"@type":"BreadcrumbList","@id":"https:\/\/blogs2.uef.fi\/itasuomenbiopankki-vanha\/kansalaisille\/mahdolliset-hyodyt-ja-haitat\/#breadcrumb","itemListElement":[{"@type":"ListItem","position":1,"name":"Home","item":"https:\/\/www.ita-suomenbiopankki.fi\/"},{"@type":"ListItem","position":2,"name":"Kansalaisille","item":"https:\/\/blogs2.uef.fi\/itasuomenbiopankki-vanha\/kansalaisille\/"},{"@type":"ListItem","position":3,"name":"Mahdolliset hy\u00f6dyt ja haitat"}]},{"@type":"WebSite","@id":"https:\/\/blogs2.uef.fi\/itasuomenbiopankki-vanha\/#website","url":"https:\/\/blogs2.uef.fi\/itasuomenbiopankki-vanha\/","name":"It\u00e4-Suomen biopankki","description":"","potentialAction":[{"@type":"SearchAction","target":{"@type":"EntryPoint","urlTemplate":"https:\/\/blogs2.uef.fi\/itasuomenbiopankki-vanha\/?s={search_term_string}"},"query-input":{"@type":"PropertyValueSpecification","valueRequired":true,"valueName":"search_term_string"}}],"inLanguage":"fi"}]}},"_links":{"self":[{"href":"https:\/\/blogs2.uef.fi\/itasuomenbiopankki-vanha\/wp-json\/wp\/v2\/pages\/160","targetHints":{"allow":["GET"]}}],"collection":[{"href":"https:\/\/blogs2.uef.fi\/itasuomenbiopankki-vanha\/wp-json\/wp\/v2\/pages"}],"about":[{"href":"https:\/\/blogs2.uef.fi\/itasuomenbiopankki-vanha\/wp-json\/wp\/v2\/types\/page"}],"author":[{"embeddable":true,"href":"https:\/\/blogs2.uef.fi\/itasuomenbiopankki-vanha\/wp-json\/wp\/v2\/users\/1"}],"replies":[{"embeddable":true,"href":"https:\/\/blogs2.uef.fi\/itasuomenbiopankki-vanha\/wp-json\/wp\/v2\/comments?post=160"}],"version-history":[{"count":4,"href":"https:\/\/blogs2.uef.fi\/itasuomenbiopankki-vanha\/wp-json\/wp\/v2\/pages\/160\/revisions"}],"predecessor-version":[{"id":4355,"href":"https:\/\/blogs2.uef.fi\/itasuomenbiopankki-vanha\/wp-json\/wp\/v2\/pages\/160\/revisions\/4355"}],"up":[{"embeddable":true,"href":"https:\/\/blogs2.uef.fi\/itasuomenbiopankki-vanha\/wp-json\/wp\/v2\/pages\/66"}],"wp:attachment":[{"href":"https:\/\/blogs2.uef.fi\/itasuomenbiopankki-vanha\/wp-json\/wp\/v2\/media?parent=160"}],"curies":[{"name":"wp","href":"https:\/\/api.w.org\/{rel}","templated":true}]}}