{"id":162,"date":"2018-12-11T08:11:52","date_gmt":"2018-12-11T06:11:52","guid":{"rendered":"https:\/\/ita-suomenbiopankki.fi\/?page_id=162"},"modified":"2024-11-25T12:42:51","modified_gmt":"2024-11-25T10:42:51","slug":"ladattavat-lomakkeet","status":"publish","type":"page","link":"https:\/\/blogs2.uef.fi\/itasuomenbiopankki-vanha\/kansalaisille\/ladattavat-lomakkeet\/","title":{"rendered":"Ladattavat tiedostot"},"content":{"rendered":"<h2>Biopankki suostumusasiakirjat:<span style=\"color: #ff0000\"><\/span><\/h2>\n<p><a href=\"https:\/\/ita-suomenbiopankki.fi\/wp-content\/uploads\/sites\/27\/2024\/08\/Biopankki-suostumusasiakirja-TAYSI-IKAINEN_v5.0.pdf\">Biopankki suostumusasiakirja T\u00c4YSI-IK\u00c4INEN (pdf)<\/a><\/p>\n<h2>Biopankki kieltolomakkeet:<\/h2>\n<p><a href=\"https:\/\/ita-suomenbiopankki.fi\/wp-content\/uploads\/sites\/27\/2024\/08\/Biopankki-kieltolomake-TAYSI-IKAINEN-versio-3.0.pdf\">Biopankki kieltolomake T\u00c4YSI-IK\u00c4INEN (pdf)<\/a><\/p>\n<p><a href=\"https:\/\/ita-suomenbiopankki.fi\/wp-content\/uploads\/sites\/27\/2024\/08\/Biopankki-kieltolomake-ALAIKAISET-versio-L_3.0.pdf\">Biopankki kieltolomake ALAIK\u00c4ISET (pdf)<\/a><\/p>\n<p><a href=\"https:\/\/ita-suomenbiopankki.fi\/wp-content\/uploads\/sites\/27\/2024\/08\/Biopankki-kieltolomake-TAYSI-IKAISEN-PUOLESTA-versio-TP_3.0.pdf\">Biopankki kieltolomake T\u00c4YSI-IK\u00c4ISEN PUOLESTA (pdf)<\/a><\/p>\n<h2>Selvitysosat:<\/h2>\n<p><a href=\"https:\/\/ita-suomenbiopankki.fi\/wp-content\/uploads\/sites\/27\/2024\/08\/Biopankki-selvitys-suostumuksen-ja-hyvaksynnan-antamista-varten-LAPSET-12-17v-versio-L2_3.0.pdf\">Biopankki selvitys suostumuksen ja hyv\u00e4ksynn\u00e4n antamista varten LAPSET 12-17v (pdf)<\/a><\/p>\n<p><a href=\"https:\/\/ita-suomenbiopankki.fi\/wp-content\/uploads\/sites\/27\/2024\/08\/Biopankki-selvitys-suostumuksen-ja-hyvaksynnan-antamista-varten-LAPSET-ALLE-12v-versio-L1_3.0.pdf\">Biopankki selvitys suostumuksen ja hyv\u00e4ksynn\u00e4n antamista varten LAPSET ALLE 12v (pdf)<\/a><\/p>\n<p><a href=\"https:\/\/ita-suomenbiopankki.fi\/wp-content\/uploads\/sites\/27\/2024\/08\/Biopankki-selvitys-suostumuksen-ja-hyvaksynnan-antamista-varten-TAYSI-IKAISEN-PUOLESTA-TP_3.0.pdf\">Biopankki selvitys suostumuksen ja hyv\u00e4ksynn\u00e4n antamista varten T\u00c4YSI-IK\u00c4ISEN PUOLESTA (pdf)<\/a><\/p>\n<h2>It\u00e4-Suomen Biopankin tietosuojaseloste:<\/h2>\n<p><a href=\"https:\/\/ita-suomenbiopankki.fi\/wp-content\/uploads\/sites\/27\/2024\/11\/ISBP_Tietosuojaseloste_20241114.pdf\" target=\"_blank\" rel=\"noopener\">Tietosuojaseloste (pdf)<\/a><\/p>\n","protected":false},"excerpt":{"rendered":"<p>Biopankki suostumusasiakirjat: Biopankki suostumusasiakirja T\u00c4YSI-IK\u00c4INEN (pdf) Biopankki kieltolomakkeet: Biopankki kieltolomake T\u00c4YSI-IK\u00c4INEN (pdf) Biopankki kieltolomake ALAIK\u00c4ISET (pdf) Biopankki kieltolomake T\u00c4YSI-IK\u00c4ISEN PUOLESTA&#8230;<\/p>\n","protected":false},"author":1,"featured_media":0,"parent":66,"menu_order":5,"comment_status":"closed","ping_status":"closed","template":"","meta":{"_acf_changed":false,"footnotes":""},"class_list":["post-162","page","type-page","status-publish","hentry"],"acf":[],"yoast_head":"<!-- This site is optimized with the Yoast SEO plugin v27.3 - https:\/\/yoast.com\/product\/yoast-seo-wordpress\/ -->\n<title>Ladattavat tiedostot - It\u00e4-Suomen biopankki<\/title>\n<meta name=\"robots\" content=\"index, follow, max-snippet:-1, max-image-preview:large, max-video-preview:-1\" \/>\n<link rel=\"canonical\" href=\"https:\/\/blogs2.uef.fi\/itasuomenbiopankki-vanha\/kansalaisille\/ladattavat-lomakkeet\/\" \/>\n<meta property=\"og:locale\" content=\"fi_FI\" \/>\n<meta property=\"og:type\" content=\"article\" \/>\n<meta property=\"og:title\" content=\"Ladattavat tiedostot - It\u00e4-Suomen biopankki\" \/>\n<meta property=\"og:description\" content=\"Biopankki suostumusasiakirjat: Biopankki suostumusasiakirja T\u00c4YSI-IK\u00c4INEN (pdf) Biopankki kieltolomakkeet: Biopankki kieltolomake T\u00c4YSI-IK\u00c4INEN (pdf) Biopankki kieltolomake ALAIK\u00c4ISET (pdf) Biopankki kieltolomake T\u00c4YSI-IK\u00c4ISEN PUOLESTA...\" \/>\n<meta property=\"og:url\" content=\"https:\/\/blogs2.uef.fi\/itasuomenbiopankki-vanha\/kansalaisille\/ladattavat-lomakkeet\/\" \/>\n<meta property=\"og:site_name\" content=\"It\u00e4-Suomen biopankki\" \/>\n<meta property=\"article:modified_time\" content=\"2024-11-25T10:42:51+00:00\" \/>\n<meta name=\"twitter:card\" content=\"summary_large_image\" \/>\n<meta name=\"twitter:label1\" content=\"Arvioitu lukuaika\" \/>\n\t<meta name=\"twitter:data1\" content=\"1 minuutti\" \/>\n<script type=\"application\/ld+json\" class=\"yoast-schema-graph\">{\"@context\":\"https:\\\/\\\/schema.org\",\"@graph\":[{\"@type\":\"WebPage\",\"@id\":\"https:\\\/\\\/blogs2.uef.fi\\\/itasuomenbiopankki-vanha\\\/kansalaisille\\\/ladattavat-lomakkeet\\\/\",\"url\":\"https:\\\/\\\/blogs2.uef.fi\\\/itasuomenbiopankki-vanha\\\/kansalaisille\\\/ladattavat-lomakkeet\\\/\",\"name\":\"Ladattavat tiedostot - It\u00e4-Suomen biopankki\",\"isPartOf\":{\"@id\":\"https:\\\/\\\/blogs2.uef.fi\\\/itasuomenbiopankki-vanha\\\/#website\"},\"datePublished\":\"2018-12-11T06:11:52+00:00\",\"dateModified\":\"2024-11-25T10:42:51+00:00\",\"breadcrumb\":{\"@id\":\"https:\\\/\\\/blogs2.uef.fi\\\/itasuomenbiopankki-vanha\\\/kansalaisille\\\/ladattavat-lomakkeet\\\/#breadcrumb\"},\"inLanguage\":\"fi\",\"potentialAction\":[{\"@type\":\"ReadAction\",\"target\":[\"https:\\\/\\\/blogs2.uef.fi\\\/itasuomenbiopankki-vanha\\\/kansalaisille\\\/ladattavat-lomakkeet\\\/\"]}]},{\"@type\":\"BreadcrumbList\",\"@id\":\"https:\\\/\\\/blogs2.uef.fi\\\/itasuomenbiopankki-vanha\\\/kansalaisille\\\/ladattavat-lomakkeet\\\/#breadcrumb\",\"itemListElement\":[{\"@type\":\"ListItem\",\"position\":1,\"name\":\"Home\",\"item\":\"https:\\\/\\\/www.ita-suomenbiopankki.fi\\\/\"},{\"@type\":\"ListItem\",\"position\":2,\"name\":\"Kansalaisille\",\"item\":\"https:\\\/\\\/blogs2.uef.fi\\\/itasuomenbiopankki-vanha\\\/kansalaisille\\\/\"},{\"@type\":\"ListItem\",\"position\":3,\"name\":\"Ladattavat tiedostot\"}]},{\"@type\":\"WebSite\",\"@id\":\"https:\\\/\\\/blogs2.uef.fi\\\/itasuomenbiopankki-vanha\\\/#website\",\"url\":\"https:\\\/\\\/blogs2.uef.fi\\\/itasuomenbiopankki-vanha\\\/\",\"name\":\"It\u00e4-Suomen biopankki\",\"description\":\"\",\"potentialAction\":[{\"@type\":\"SearchAction\",\"target\":{\"@type\":\"EntryPoint\",\"urlTemplate\":\"https:\\\/\\\/blogs2.uef.fi\\\/itasuomenbiopankki-vanha\\\/?s={search_term_string}\"},\"query-input\":{\"@type\":\"PropertyValueSpecification\",\"valueRequired\":true,\"valueName\":\"search_term_string\"}}],\"inLanguage\":\"fi\"}]}<\/script>\n<!-- \/ Yoast SEO plugin. -->","yoast_head_json":{"title":"Ladattavat tiedostot - It\u00e4-Suomen biopankki","robots":{"index":"index","follow":"follow","max-snippet":"max-snippet:-1","max-image-preview":"max-image-preview:large","max-video-preview":"max-video-preview:-1"},"canonical":"https:\/\/blogs2.uef.fi\/itasuomenbiopankki-vanha\/kansalaisille\/ladattavat-lomakkeet\/","og_locale":"fi_FI","og_type":"article","og_title":"Ladattavat tiedostot - It\u00e4-Suomen biopankki","og_description":"Biopankki suostumusasiakirjat: Biopankki suostumusasiakirja T\u00c4YSI-IK\u00c4INEN (pdf) Biopankki kieltolomakkeet: Biopankki kieltolomake T\u00c4YSI-IK\u00c4INEN (pdf) Biopankki kieltolomake ALAIK\u00c4ISET (pdf) Biopankki kieltolomake T\u00c4YSI-IK\u00c4ISEN PUOLESTA...","og_url":"https:\/\/blogs2.uef.fi\/itasuomenbiopankki-vanha\/kansalaisille\/ladattavat-lomakkeet\/","og_site_name":"It\u00e4-Suomen biopankki","article_modified_time":"2024-11-25T10:42:51+00:00","twitter_card":"summary_large_image","twitter_misc":{"Arvioitu lukuaika":"1 minuutti"},"schema":{"@context":"https:\/\/schema.org","@graph":[{"@type":"WebPage","@id":"https:\/\/blogs2.uef.fi\/itasuomenbiopankki-vanha\/kansalaisille\/ladattavat-lomakkeet\/","url":"https:\/\/blogs2.uef.fi\/itasuomenbiopankki-vanha\/kansalaisille\/ladattavat-lomakkeet\/","name":"Ladattavat tiedostot - It\u00e4-Suomen biopankki","isPartOf":{"@id":"https:\/\/blogs2.uef.fi\/itasuomenbiopankki-vanha\/#website"},"datePublished":"2018-12-11T06:11:52+00:00","dateModified":"2024-11-25T10:42:51+00:00","breadcrumb":{"@id":"https:\/\/blogs2.uef.fi\/itasuomenbiopankki-vanha\/kansalaisille\/ladattavat-lomakkeet\/#breadcrumb"},"inLanguage":"fi","potentialAction":[{"@type":"ReadAction","target":["https:\/\/blogs2.uef.fi\/itasuomenbiopankki-vanha\/kansalaisille\/ladattavat-lomakkeet\/"]}]},{"@type":"BreadcrumbList","@id":"https:\/\/blogs2.uef.fi\/itasuomenbiopankki-vanha\/kansalaisille\/ladattavat-lomakkeet\/#breadcrumb","itemListElement":[{"@type":"ListItem","position":1,"name":"Home","item":"https:\/\/www.ita-suomenbiopankki.fi\/"},{"@type":"ListItem","position":2,"name":"Kansalaisille","item":"https:\/\/blogs2.uef.fi\/itasuomenbiopankki-vanha\/kansalaisille\/"},{"@type":"ListItem","position":3,"name":"Ladattavat tiedostot"}]},{"@type":"WebSite","@id":"https:\/\/blogs2.uef.fi\/itasuomenbiopankki-vanha\/#website","url":"https:\/\/blogs2.uef.fi\/itasuomenbiopankki-vanha\/","name":"It\u00e4-Suomen biopankki","description":"","potentialAction":[{"@type":"SearchAction","target":{"@type":"EntryPoint","urlTemplate":"https:\/\/blogs2.uef.fi\/itasuomenbiopankki-vanha\/?s={search_term_string}"},"query-input":{"@type":"PropertyValueSpecification","valueRequired":true,"valueName":"search_term_string"}}],"inLanguage":"fi"}]}},"_links":{"self":[{"href":"https:\/\/blogs2.uef.fi\/itasuomenbiopankki-vanha\/wp-json\/wp\/v2\/pages\/162","targetHints":{"allow":["GET"]}}],"collection":[{"href":"https:\/\/blogs2.uef.fi\/itasuomenbiopankki-vanha\/wp-json\/wp\/v2\/pages"}],"about":[{"href":"https:\/\/blogs2.uef.fi\/itasuomenbiopankki-vanha\/wp-json\/wp\/v2\/types\/page"}],"author":[{"embeddable":true,"href":"https:\/\/blogs2.uef.fi\/itasuomenbiopankki-vanha\/wp-json\/wp\/v2\/users\/1"}],"replies":[{"embeddable":true,"href":"https:\/\/blogs2.uef.fi\/itasuomenbiopankki-vanha\/wp-json\/wp\/v2\/comments?post=162"}],"version-history":[{"count":8,"href":"https:\/\/blogs2.uef.fi\/itasuomenbiopankki-vanha\/wp-json\/wp\/v2\/pages\/162\/revisions"}],"predecessor-version":[{"id":4951,"href":"https:\/\/blogs2.uef.fi\/itasuomenbiopankki-vanha\/wp-json\/wp\/v2\/pages\/162\/revisions\/4951"}],"up":[{"embeddable":true,"href":"https:\/\/blogs2.uef.fi\/itasuomenbiopankki-vanha\/wp-json\/wp\/v2\/pages\/66"}],"wp:attachment":[{"href":"https:\/\/blogs2.uef.fi\/itasuomenbiopankki-vanha\/wp-json\/wp\/v2\/media?parent=162"}],"curies":[{"name":"wp","href":"https:\/\/api.w.org\/{rel}","templated":true}]}}