{"id":1700,"date":"2020-05-04T12:29:27","date_gmt":"2020-05-04T09:29:27","guid":{"rendered":"https:\/\/ita-suomenbiopankki.fi\/?page_id=1700"},"modified":"2025-02-14T13:07:55","modified_gmt":"2025-02-14T11:07:55","slug":"sahkoinen-suostumus","status":"publish","type":"page","link":"https:\/\/blogs2.uef.fi\/itasuomenbiopankki-vanha\/kansalaisille\/sahkoinen-suostumus\/","title":{"rendered":"S\u00e4hk\u00f6inen suostumus ja hyv\u00e4ksynt\u00e4 tai kieltolomake"},"content":{"rendered":"<h1>S\u00e4hk\u00f6inen suostumus ja hyv\u00e4ksynt\u00e4 tai kieltolomake<\/h1>\n<h3>Kyll\u00e4, autan tutkimusta ja annan biopankkisuostumukseni<\/h3>\n<p>N\u00e4ytteen antaminen It\u00e4-Suomen Biopankkiin on vapaaehtoista ja edellytt\u00e4\u00e4 aina <strong>allekirjoitettua<\/strong> suostumusta ja hyv\u00e4ksynt\u00e4\u00e4. Tutustu huolellisesti <strong>suostumusasiakirjaan<\/strong> ennen s\u00e4hk\u00f6isen lomakkeen l\u00e4hett\u00e4mist\u00e4.<\/p>\n<h3>Ohjeet s\u00e4hk\u00f6isen biopankkisuostumuksen ja hyv\u00e4ksynn\u00e4n antamiseksi<\/h3>\n<p><b>Klikkaamalla t\u00e4m\u00e4n ohjeen kuvia voit avata ne isompina uuteen v\u00e4lilehteen.<\/b><\/p>\n<p><strong style=\"font-size: 1.6rem;color: #324450\">1.<\/strong><br \/>\n<a href=\"https:\/\/omakys.fi\" target=\"_blank\" rel=\"noopener\">T\u00e4yt\u00e4 s\u00e4hk\u00f6inen suostumus ja hyv\u00e4ksynt\u00e4 tai kieltolomake<\/a> linkki ohjaa sinut OmaKYSin etusivulle. Tietoturvan varmistamiseksi palveluun vaaditaan vahva tunnistautuminen pankkitunnuksilla tai mobiilivarmenteella.<\/p>\n<p><a href=\"https:\/\/ita-suomenbiopankki.fi\/wp-content\/uploads\/sites\/27\/2024\/03\/OmaKYS-01.jpg\" target=\"_blank\" rel=\"noopener\"><img loading=\"lazy\" decoding=\"async\" src=\"https:\/\/ita-suomenbiopankki.fi\/wp-content\/uploads\/sites\/27\/2024\/03\/OmaKYS-01-300x182.jpg\" alt=\"\" width=\"300\" height=\"182\" class=\"alignnone size-medium wp-image-4271\" srcset=\"https:\/\/blogs2.uef.fi\/itasuomenbiopankki-vanha\/wp-content\/uploads\/sites\/27\/2024\/03\/OmaKYS-01-300x182.jpg 300w, https:\/\/blogs2.uef.fi\/itasuomenbiopankki-vanha\/wp-content\/uploads\/sites\/27\/2024\/03\/OmaKYS-01-1024x621.jpg 1024w, https:\/\/blogs2.uef.fi\/itasuomenbiopankki-vanha\/wp-content\/uploads\/sites\/27\/2024\/03\/OmaKYS-01-768x465.jpg 768w, https:\/\/blogs2.uef.fi\/itasuomenbiopankki-vanha\/wp-content\/uploads\/sites\/27\/2024\/03\/OmaKYS-01.jpg 1259w\" sizes=\"auto, (max-width: 300px) 100vw, 300px\" \/><\/a><\/p>\n<p><strong style=\"font-size: 1.6rem;color: #324450\">2.<\/strong><br \/>\nJos kirjaudut verkkoasiointipalveluun ensimm\u00e4ist\u00e4 kertaa tai jos palvelun k\u00e4ytt\u00f6ehdot ovat muuttuneet edellisen kirjautumisen j\u00e4lkeen, on kirjautumisvaiheita enemm\u00e4n, ennen kuin p\u00e4\u00e4set antamaan biopankkisuostumusta. <strong>Seuraa palvelun ohjeita<\/strong>.<\/p>\n<p><strong style=\"font-size: 1.6rem;color: #324450\">3.<\/strong><br \/>\nOman etusivusi n\u00e4kym\u00e4. Mik\u00e4li et ole antanut biopankkisuostumusta tai tehnyt biopankkikieltoa, n\u00e4kyy Suostumukset-kohdassa punainen her\u00e4te. Valitse <b>Suostumukset<\/b>.<\/p>\n<p><a href=\"https:\/\/ita-suomenbiopankki.fi\/wp-content\/uploads\/sites\/27\/2024\/03\/OmaKYS-07.jpg\" target=\"_blank\" rel=\"noopener\"><img loading=\"lazy\" decoding=\"async\" src=\"https:\/\/ita-suomenbiopankki.fi\/wp-content\/uploads\/sites\/27\/2024\/03\/OmaKYS-07-e1739531255981-300x169.jpg\" alt=\"\" width=\"300\" height=\"169\" class=\"alignnone wp-image-4289 size-medium\" srcset=\"https:\/\/blogs2.uef.fi\/itasuomenbiopankki-vanha\/wp-content\/uploads\/sites\/27\/2024\/03\/OmaKYS-07-e1739531255981-300x169.jpg 300w, https:\/\/blogs2.uef.fi\/itasuomenbiopankki-vanha\/wp-content\/uploads\/sites\/27\/2024\/03\/OmaKYS-07-e1739531255981-1024x577.jpg 1024w, https:\/\/blogs2.uef.fi\/itasuomenbiopankki-vanha\/wp-content\/uploads\/sites\/27\/2024\/03\/OmaKYS-07-e1739531255981-768x433.jpg 768w, https:\/\/blogs2.uef.fi\/itasuomenbiopankki-vanha\/wp-content\/uploads\/sites\/27\/2024\/03\/OmaKYS-07-e1739531255981-1536x866.jpg 1536w, https:\/\/blogs2.uef.fi\/itasuomenbiopankki-vanha\/wp-content\/uploads\/sites\/27\/2024\/03\/OmaKYS-07-e1739531255981.jpg 1770w\" sizes=\"auto, (max-width: 300px) 100vw, 300px\" \/><\/a><br \/>\n<strong style=\"font-size: 1.6rem;color: #324450\">4.<\/strong><br \/>\nN\u00e4kym\u00e4 Suostumukset-sivulle, mik\u00e4li et ole antanut biopankkisuostumusta tai tehnyt biopankkikieltoa. Halutessasi antaa biopankkisuostumuksen valitse <b>T\u00e4yt\u00e4 suostumus- ja hyv\u00e4ksynt\u00e4lomake.<\/b><\/p>\n<p>(Halutessasi antaa kiellon, siirry ohjeen kohtaan <b>8.<\/b>)<\/p>\n<p><a href=\"https:\/\/ita-suomenbiopankki.fi\/wp-content\/uploads\/sites\/27\/2024\/03\/OmaKYS-08.jpg\" target=\"_blank\" rel=\"noopener\"><img loading=\"lazy\" decoding=\"async\" src=\"https:\/\/ita-suomenbiopankki.fi\/wp-content\/uploads\/sites\/27\/2024\/03\/OmaKYS-08-300x266.jpg\" alt=\"\" width=\"300\" height=\"266\" class=\"alignnone size-medium wp-image-4292\" srcset=\"https:\/\/blogs2.uef.fi\/itasuomenbiopankki-vanha\/wp-content\/uploads\/sites\/27\/2024\/03\/OmaKYS-08-300x266.jpg 300w, https:\/\/blogs2.uef.fi\/itasuomenbiopankki-vanha\/wp-content\/uploads\/sites\/27\/2024\/03\/OmaKYS-08-1024x908.jpg 1024w, https:\/\/blogs2.uef.fi\/itasuomenbiopankki-vanha\/wp-content\/uploads\/sites\/27\/2024\/03\/OmaKYS-08-768x681.jpg 768w, https:\/\/blogs2.uef.fi\/itasuomenbiopankki-vanha\/wp-content\/uploads\/sites\/27\/2024\/03\/OmaKYS-08-1536x1362.jpg 1536w, https:\/\/blogs2.uef.fi\/itasuomenbiopankki-vanha\/wp-content\/uploads\/sites\/27\/2024\/03\/OmaKYS-08.jpg 1781w\" sizes=\"auto, (max-width: 300px) 100vw, 300px\" \/><\/a><br \/>\n<strong style=\"font-size: 1.6rem;color: #324450\">5.<\/strong><br \/>\nVastaa vaihtoehtoihin <b>Kyll\u00e4<\/b> tai <b>Ei<\/b>. Vahvista lukeneesi ja ymm\u00e4rt\u00e4neesi selvitys biopankkitoiminnasta (<i>Olen lukenut ja ymm\u00e4rt\u00e4nyt selvityksen biopankkitoiminnasta<\/i>). Kun olet tehnyt valinnat, antaa palvelu l\u00e4hett\u00e4\u00e4 suostumuksen. Valitse <b>L\u00e4het\u00e4 suostumus ja hyv\u00e4ksynt\u00e4<\/b>.<\/p>\n<p><a href=\"https:\/\/ita-suomenbiopankki.fi\/wp-content\/uploads\/sites\/27\/2024\/03\/OmaKYS-09.jpg\" target=\"_blank\" rel=\"noopener\"><img loading=\"lazy\" decoding=\"async\" src=\"https:\/\/ita-suomenbiopankki.fi\/wp-content\/uploads\/sites\/27\/2024\/03\/OmaKYS-10-300x245.jpg\" alt=\"\" width=\"300\" height=\"245\" class=\"alignnone size-medium wp-image-4298\" srcset=\"https:\/\/blogs2.uef.fi\/itasuomenbiopankki-vanha\/wp-content\/uploads\/sites\/27\/2024\/03\/OmaKYS-10-300x245.jpg 300w, https:\/\/blogs2.uef.fi\/itasuomenbiopankki-vanha\/wp-content\/uploads\/sites\/27\/2024\/03\/OmaKYS-10-1024x837.jpg 1024w, https:\/\/blogs2.uef.fi\/itasuomenbiopankki-vanha\/wp-content\/uploads\/sites\/27\/2024\/03\/OmaKYS-10-768x627.jpg 768w, https:\/\/blogs2.uef.fi\/itasuomenbiopankki-vanha\/wp-content\/uploads\/sites\/27\/2024\/03\/OmaKYS-10-1536x1255.jpg 1536w, https:\/\/blogs2.uef.fi\/itasuomenbiopankki-vanha\/wp-content\/uploads\/sites\/27\/2024\/03\/OmaKYS-10.jpg 1749w\" sizes=\"auto, (max-width: 300px) 100vw, 300px\" \/><\/a><br \/>\n<strong style=\"font-size: 1.6rem;color: #324450\">6.<\/strong><br \/>\nSaat vahvistuksen, kun olet l\u00e4hett\u00e4nyt suostumuksesi. Voit perua suostumuksesi tai muokata sit\u00e4 milloin tahansa OmaKYS-palvelussa. Halutessasi voit ladata ja tulostaa itsellesi kopion biopankkisuostumuksestasi valitsemalla <b>Lataa pdf<\/b>.<\/p>\n<p><a href=\"https:\/\/ita-suomenbiopankki.fi\/wp-content\/uploads\/sites\/27\/2024\/03\/OmaKYS-11.jpg\" target=\"_blank\" rel=\"noopener\"><img loading=\"lazy\" decoding=\"async\" src=\"https:\/\/ita-suomenbiopankki.fi\/wp-content\/uploads\/sites\/27\/2024\/03\/OmaKYS-11-300x169.jpg\" alt=\"\" width=\"300\" height=\"169\" class=\"alignnone size-medium wp-image-4301\" srcset=\"https:\/\/blogs2.uef.fi\/itasuomenbiopankki-vanha\/wp-content\/uploads\/sites\/27\/2024\/03\/OmaKYS-11-300x169.jpg 300w, https:\/\/blogs2.uef.fi\/itasuomenbiopankki-vanha\/wp-content\/uploads\/sites\/27\/2024\/03\/OmaKYS-11-1024x576.jpg 1024w, https:\/\/blogs2.uef.fi\/itasuomenbiopankki-vanha\/wp-content\/uploads\/sites\/27\/2024\/03\/OmaKYS-11-768x432.jpg 768w, https:\/\/blogs2.uef.fi\/itasuomenbiopankki-vanha\/wp-content\/uploads\/sites\/27\/2024\/03\/OmaKYS-11-1536x864.jpg 1536w, https:\/\/blogs2.uef.fi\/itasuomenbiopankki-vanha\/wp-content\/uploads\/sites\/27\/2024\/03\/OmaKYS-11.jpg 1745w\" sizes=\"auto, (max-width: 300px) 100vw, 300px\" \/><\/a><br \/>\n<strong style=\"font-size: 1.6rem;color: #324450\">7.<\/strong><br \/>\nKun biopankki on vastaanottanut suostumuksesi, tehd\u00e4\u00e4n sinulle n\u00e4ytepyynt\u00f6 biopankkiverin\u00e4ytteeseen, joka otetaan muiden verin\u00e4ytteiden ottamisen yhteydess\u00e4 laboratoriossa. Voit muistuttaa n\u00e4ytteenottajaa biopankkin\u00e4ytteen ottamisesta. Huomaathan, ett\u00e4 n\u00e4ytepyynt\u00f6jen tekemisess\u00e4 voi olla viivett\u00e4: n\u00e4ytepyynt\u00f6\u00e4 ei ole v\u00e4ltt\u00e4m\u00e4tt\u00e4 ehditty tehd\u00e4, jos menet n\u00e4ytteenottoon pian suostumuksesi antamisen j\u00e4lkeen.<\/p>\n<p><strong style=\"font-size: 1.6rem;color: #324450\">8.<\/strong><br \/>\nMik\u00e4li haluat tehd\u00e4 biopankkikiellon, valitse kohdassa <strong>4.<\/strong> <b>T\u00e4yt\u00e4 kieltolomake<\/b> ja noudata palvelun ohjeita.<\/p>\n<p><a href=\"https:\/\/ita-suomenbiopankki.fi\/wp-content\/uploads\/sites\/27\/2024\/03\/OmaKYS-08.jpg\" target=\"_blank\" rel=\"noopener\"><img loading=\"lazy\" decoding=\"async\" src=\"https:\/\/ita-suomenbiopankki.fi\/wp-content\/uploads\/sites\/27\/2024\/03\/OmaKYS-08-300x266.jpg\" alt=\"\" width=\"300\" height=\"266\" class=\"alignnone size-medium wp-image-4292\" srcset=\"https:\/\/blogs2.uef.fi\/itasuomenbiopankki-vanha\/wp-content\/uploads\/sites\/27\/2024\/03\/OmaKYS-08-300x266.jpg 300w, https:\/\/blogs2.uef.fi\/itasuomenbiopankki-vanha\/wp-content\/uploads\/sites\/27\/2024\/03\/OmaKYS-08-1024x908.jpg 1024w, https:\/\/blogs2.uef.fi\/itasuomenbiopankki-vanha\/wp-content\/uploads\/sites\/27\/2024\/03\/OmaKYS-08-768x681.jpg 768w, https:\/\/blogs2.uef.fi\/itasuomenbiopankki-vanha\/wp-content\/uploads\/sites\/27\/2024\/03\/OmaKYS-08-1536x1362.jpg 1536w, https:\/\/blogs2.uef.fi\/itasuomenbiopankki-vanha\/wp-content\/uploads\/sites\/27\/2024\/03\/OmaKYS-08.jpg 1781w\" sizes=\"auto, (max-width: 300px) 100vw, 300px\" \/><\/a><\/p>\n<p><strong style=\"font-size: 1.6rem;color: #324450\">9.<\/strong><br \/>\nSaat vahvistuksen, kun olet l\u00e4hett\u00e4nyt kieltosi. Voit perua kieltosi milloin tahansa OmaKYS-palvelussa. Halutessasi voit ladata ja tulostaa itsellesi kopion biopankkikiellostasi valitsemalla <b>Lataa pdf<\/b>.<\/p>\n<p><a href=\"https:\/\/ita-suomenbiopankki.fi\/wp-content\/uploads\/sites\/27\/2024\/03\/OmaKYS-14.jpg\" target=\"_blank\" rel=\"noopener\"><img loading=\"lazy\" decoding=\"async\" src=\"https:\/\/ita-suomenbiopankki.fi\/wp-content\/uploads\/sites\/27\/2024\/03\/OmaKYS-14-300x173.jpg\" alt=\"\" width=\"300\" height=\"173\" class=\"alignnone size-medium wp-image-4268\" srcset=\"https:\/\/blogs2.uef.fi\/itasuomenbiopankki-vanha\/wp-content\/uploads\/sites\/27\/2024\/03\/OmaKYS-14-300x173.jpg 300w, https:\/\/blogs2.uef.fi\/itasuomenbiopankki-vanha\/wp-content\/uploads\/sites\/27\/2024\/03\/OmaKYS-14-1024x589.jpg 1024w, https:\/\/blogs2.uef.fi\/itasuomenbiopankki-vanha\/wp-content\/uploads\/sites\/27\/2024\/03\/OmaKYS-14-768x442.jpg 768w, https:\/\/blogs2.uef.fi\/itasuomenbiopankki-vanha\/wp-content\/uploads\/sites\/27\/2024\/03\/OmaKYS-14-1536x883.jpg 1536w, https:\/\/blogs2.uef.fi\/itasuomenbiopankki-vanha\/wp-content\/uploads\/sites\/27\/2024\/03\/OmaKYS-14.jpg 1699w\" sizes=\"auto, (max-width: 300px) 100vw, 300px\" \/><\/a><br \/>\n<strong style=\"font-size: 1.6rem;color: #324450\">10.<\/strong><br \/>\nMuista kirjautua lopuksi ulos OmaKYS-palvelusta.<br \/>\n<strong>Kiitos, kun olet mukana auttamassa terveytt\u00e4 edist\u00e4v\u00e4\u00e4 tutkimusta!<\/strong><\/p>\n","protected":false},"excerpt":{"rendered":"<p>S\u00e4hk\u00f6inen suostumus ja hyv\u00e4ksynt\u00e4 tai kieltolomake Kyll\u00e4, autan tutkimusta ja annan biopankkisuostumukseni N\u00e4ytteen antaminen It\u00e4-Suomen Biopankkiin on vapaaehtoista ja edellytt\u00e4\u00e4&#8230;<\/p>\n","protected":false},"author":175,"featured_media":0,"parent":66,"menu_order":1,"comment_status":"closed","ping_status":"closed","template":"","meta":{"_acf_changed":false,"footnotes":""},"class_list":["post-1700","page","type-page","status-publish","hentry"],"acf":[],"yoast_head":"<!-- This site is optimized with the Yoast SEO plugin v27.3 - https:\/\/yoast.com\/product\/yoast-seo-wordpress\/ -->\n<title>S\u00e4hk\u00f6inen suostumus ja hyv\u00e4ksynt\u00e4 tai kieltolomake - It\u00e4-Suomen biopankki<\/title>\n<meta name=\"robots\" content=\"index, follow, max-snippet:-1, max-image-preview:large, max-video-preview:-1\" \/>\n<link rel=\"canonical\" href=\"https:\/\/blogs2.uef.fi\/itasuomenbiopankki-vanha\/kansalaisille\/sahkoinen-suostumus\/\" \/>\n<meta property=\"og:locale\" content=\"fi_FI\" \/>\n<meta property=\"og:type\" content=\"article\" \/>\n<meta property=\"og:title\" content=\"S\u00e4hk\u00f6inen suostumus ja hyv\u00e4ksynt\u00e4 tai kieltolomake - It\u00e4-Suomen biopankki\" \/>\n<meta property=\"og:description\" content=\"S\u00e4hk\u00f6inen suostumus ja hyv\u00e4ksynt\u00e4 tai kieltolomake Kyll\u00e4, autan tutkimusta ja annan biopankkisuostumukseni N\u00e4ytteen antaminen It\u00e4-Suomen Biopankkiin on vapaaehtoista ja edellytt\u00e4\u00e4...\" \/>\n<meta property=\"og:url\" content=\"https:\/\/blogs2.uef.fi\/itasuomenbiopankki-vanha\/kansalaisille\/sahkoinen-suostumus\/\" \/>\n<meta property=\"og:site_name\" content=\"It\u00e4-Suomen biopankki\" \/>\n<meta property=\"article:modified_time\" content=\"2025-02-14T11:07:55+00:00\" \/>\n<meta property=\"og:image\" content=\"https:\/\/ita-suomenbiopankki.fi\/wp-content\/uploads\/sites\/27\/2024\/03\/OmaKYS-01-300x182.jpg\" \/>\n<meta name=\"twitter:card\" content=\"summary_large_image\" \/>\n<meta name=\"twitter:label1\" content=\"Arvioitu lukuaika\" \/>\n\t<meta name=\"twitter:data1\" content=\"4 minuuttia\" \/>\n<script type=\"application\/ld+json\" class=\"yoast-schema-graph\">{\"@context\":\"https:\\\/\\\/schema.org\",\"@graph\":[{\"@type\":\"WebPage\",\"@id\":\"https:\\\/\\\/blogs2.uef.fi\\\/itasuomenbiopankki-vanha\\\/kansalaisille\\\/sahkoinen-suostumus\\\/\",\"url\":\"https:\\\/\\\/blogs2.uef.fi\\\/itasuomenbiopankki-vanha\\\/kansalaisille\\\/sahkoinen-suostumus\\\/\",\"name\":\"S\u00e4hk\u00f6inen suostumus ja hyv\u00e4ksynt\u00e4 tai kieltolomake - It\u00e4-Suomen biopankki\",\"isPartOf\":{\"@id\":\"https:\\\/\\\/blogs2.uef.fi\\\/itasuomenbiopankki-vanha\\\/#website\"},\"primaryImageOfPage\":{\"@id\":\"https:\\\/\\\/blogs2.uef.fi\\\/itasuomenbiopankki-vanha\\\/kansalaisille\\\/sahkoinen-suostumus\\\/#primaryimage\"},\"image\":{\"@id\":\"https:\\\/\\\/blogs2.uef.fi\\\/itasuomenbiopankki-vanha\\\/kansalaisille\\\/sahkoinen-suostumus\\\/#primaryimage\"},\"thumbnailUrl\":\"https:\\\/\\\/ita-suomenbiopankki.fi\\\/wp-content\\\/uploads\\\/sites\\\/27\\\/2024\\\/03\\\/OmaKYS-01-300x182.jpg\",\"datePublished\":\"2020-05-04T09:29:27+00:00\",\"dateModified\":\"2025-02-14T11:07:55+00:00\",\"breadcrumb\":{\"@id\":\"https:\\\/\\\/blogs2.uef.fi\\\/itasuomenbiopankki-vanha\\\/kansalaisille\\\/sahkoinen-suostumus\\\/#breadcrumb\"},\"inLanguage\":\"fi\",\"potentialAction\":[{\"@type\":\"ReadAction\",\"target\":[\"https:\\\/\\\/blogs2.uef.fi\\\/itasuomenbiopankki-vanha\\\/kansalaisille\\\/sahkoinen-suostumus\\\/\"]}]},{\"@type\":\"ImageObject\",\"inLanguage\":\"fi\",\"@id\":\"https:\\\/\\\/blogs2.uef.fi\\\/itasuomenbiopankki-vanha\\\/kansalaisille\\\/sahkoinen-suostumus\\\/#primaryimage\",\"url\":\"https:\\\/\\\/ita-suomenbiopankki.fi\\\/wp-content\\\/uploads\\\/sites\\\/27\\\/2024\\\/03\\\/OmaKYS-01-300x182.jpg\",\"contentUrl\":\"https:\\\/\\\/ita-suomenbiopankki.fi\\\/wp-content\\\/uploads\\\/sites\\\/27\\\/2024\\\/03\\\/OmaKYS-01-300x182.jpg\"},{\"@type\":\"BreadcrumbList\",\"@id\":\"https:\\\/\\\/blogs2.uef.fi\\\/itasuomenbiopankki-vanha\\\/kansalaisille\\\/sahkoinen-suostumus\\\/#breadcrumb\",\"itemListElement\":[{\"@type\":\"ListItem\",\"position\":1,\"name\":\"Home\",\"item\":\"https:\\\/\\\/www.ita-suomenbiopankki.fi\\\/\"},{\"@type\":\"ListItem\",\"position\":2,\"name\":\"Kansalaisille\",\"item\":\"https:\\\/\\\/blogs2.uef.fi\\\/itasuomenbiopankki-vanha\\\/kansalaisille\\\/\"},{\"@type\":\"ListItem\",\"position\":3,\"name\":\"S\u00e4hk\u00f6inen suostumus ja hyv\u00e4ksynt\u00e4 tai kieltolomake\"}]},{\"@type\":\"WebSite\",\"@id\":\"https:\\\/\\\/blogs2.uef.fi\\\/itasuomenbiopankki-vanha\\\/#website\",\"url\":\"https:\\\/\\\/blogs2.uef.fi\\\/itasuomenbiopankki-vanha\\\/\",\"name\":\"It\u00e4-Suomen biopankki\",\"description\":\"\",\"potentialAction\":[{\"@type\":\"SearchAction\",\"target\":{\"@type\":\"EntryPoint\",\"urlTemplate\":\"https:\\\/\\\/blogs2.uef.fi\\\/itasuomenbiopankki-vanha\\\/?s={search_term_string}\"},\"query-input\":{\"@type\":\"PropertyValueSpecification\",\"valueRequired\":true,\"valueName\":\"search_term_string\"}}],\"inLanguage\":\"fi\"}]}<\/script>\n<!-- \/ Yoast SEO plugin. -->","yoast_head_json":{"title":"S\u00e4hk\u00f6inen suostumus ja hyv\u00e4ksynt\u00e4 tai kieltolomake - It\u00e4-Suomen biopankki","robots":{"index":"index","follow":"follow","max-snippet":"max-snippet:-1","max-image-preview":"max-image-preview:large","max-video-preview":"max-video-preview:-1"},"canonical":"https:\/\/blogs2.uef.fi\/itasuomenbiopankki-vanha\/kansalaisille\/sahkoinen-suostumus\/","og_locale":"fi_FI","og_type":"article","og_title":"S\u00e4hk\u00f6inen suostumus ja hyv\u00e4ksynt\u00e4 tai kieltolomake - It\u00e4-Suomen biopankki","og_description":"S\u00e4hk\u00f6inen suostumus ja hyv\u00e4ksynt\u00e4 tai kieltolomake Kyll\u00e4, autan tutkimusta ja annan biopankkisuostumukseni N\u00e4ytteen antaminen It\u00e4-Suomen Biopankkiin on vapaaehtoista ja edellytt\u00e4\u00e4...","og_url":"https:\/\/blogs2.uef.fi\/itasuomenbiopankki-vanha\/kansalaisille\/sahkoinen-suostumus\/","og_site_name":"It\u00e4-Suomen biopankki","article_modified_time":"2025-02-14T11:07:55+00:00","og_image":[{"url":"https:\/\/ita-suomenbiopankki.fi\/wp-content\/uploads\/sites\/27\/2024\/03\/OmaKYS-01-300x182.jpg","type":"","width":"","height":""}],"twitter_card":"summary_large_image","twitter_misc":{"Arvioitu lukuaika":"4 minuuttia"},"schema":{"@context":"https:\/\/schema.org","@graph":[{"@type":"WebPage","@id":"https:\/\/blogs2.uef.fi\/itasuomenbiopankki-vanha\/kansalaisille\/sahkoinen-suostumus\/","url":"https:\/\/blogs2.uef.fi\/itasuomenbiopankki-vanha\/kansalaisille\/sahkoinen-suostumus\/","name":"S\u00e4hk\u00f6inen suostumus ja hyv\u00e4ksynt\u00e4 tai kieltolomake - It\u00e4-Suomen biopankki","isPartOf":{"@id":"https:\/\/blogs2.uef.fi\/itasuomenbiopankki-vanha\/#website"},"primaryImageOfPage":{"@id":"https:\/\/blogs2.uef.fi\/itasuomenbiopankki-vanha\/kansalaisille\/sahkoinen-suostumus\/#primaryimage"},"image":{"@id":"https:\/\/blogs2.uef.fi\/itasuomenbiopankki-vanha\/kansalaisille\/sahkoinen-suostumus\/#primaryimage"},"thumbnailUrl":"https:\/\/ita-suomenbiopankki.fi\/wp-content\/uploads\/sites\/27\/2024\/03\/OmaKYS-01-300x182.jpg","datePublished":"2020-05-04T09:29:27+00:00","dateModified":"2025-02-14T11:07:55+00:00","breadcrumb":{"@id":"https:\/\/blogs2.uef.fi\/itasuomenbiopankki-vanha\/kansalaisille\/sahkoinen-suostumus\/#breadcrumb"},"inLanguage":"fi","potentialAction":[{"@type":"ReadAction","target":["https:\/\/blogs2.uef.fi\/itasuomenbiopankki-vanha\/kansalaisille\/sahkoinen-suostumus\/"]}]},{"@type":"ImageObject","inLanguage":"fi","@id":"https:\/\/blogs2.uef.fi\/itasuomenbiopankki-vanha\/kansalaisille\/sahkoinen-suostumus\/#primaryimage","url":"https:\/\/ita-suomenbiopankki.fi\/wp-content\/uploads\/sites\/27\/2024\/03\/OmaKYS-01-300x182.jpg","contentUrl":"https:\/\/ita-suomenbiopankki.fi\/wp-content\/uploads\/sites\/27\/2024\/03\/OmaKYS-01-300x182.jpg"},{"@type":"BreadcrumbList","@id":"https:\/\/blogs2.uef.fi\/itasuomenbiopankki-vanha\/kansalaisille\/sahkoinen-suostumus\/#breadcrumb","itemListElement":[{"@type":"ListItem","position":1,"name":"Home","item":"https:\/\/www.ita-suomenbiopankki.fi\/"},{"@type":"ListItem","position":2,"name":"Kansalaisille","item":"https:\/\/blogs2.uef.fi\/itasuomenbiopankki-vanha\/kansalaisille\/"},{"@type":"ListItem","position":3,"name":"S\u00e4hk\u00f6inen suostumus ja hyv\u00e4ksynt\u00e4 tai kieltolomake"}]},{"@type":"WebSite","@id":"https:\/\/blogs2.uef.fi\/itasuomenbiopankki-vanha\/#website","url":"https:\/\/blogs2.uef.fi\/itasuomenbiopankki-vanha\/","name":"It\u00e4-Suomen biopankki","description":"","potentialAction":[{"@type":"SearchAction","target":{"@type":"EntryPoint","urlTemplate":"https:\/\/blogs2.uef.fi\/itasuomenbiopankki-vanha\/?s={search_term_string}"},"query-input":{"@type":"PropertyValueSpecification","valueRequired":true,"valueName":"search_term_string"}}],"inLanguage":"fi"}]}},"_links":{"self":[{"href":"https:\/\/blogs2.uef.fi\/itasuomenbiopankki-vanha\/wp-json\/wp\/v2\/pages\/1700","targetHints":{"allow":["GET"]}}],"collection":[{"href":"https:\/\/blogs2.uef.fi\/itasuomenbiopankki-vanha\/wp-json\/wp\/v2\/pages"}],"about":[{"href":"https:\/\/blogs2.uef.fi\/itasuomenbiopankki-vanha\/wp-json\/wp\/v2\/types\/page"}],"author":[{"embeddable":true,"href":"https:\/\/blogs2.uef.fi\/itasuomenbiopankki-vanha\/wp-json\/wp\/v2\/users\/175"}],"replies":[{"embeddable":true,"href":"https:\/\/blogs2.uef.fi\/itasuomenbiopankki-vanha\/wp-json\/wp\/v2\/comments?post=1700"}],"version-history":[{"count":4,"href":"https:\/\/blogs2.uef.fi\/itasuomenbiopankki-vanha\/wp-json\/wp\/v2\/pages\/1700\/revisions"}],"predecessor-version":[{"id":4971,"href":"https:\/\/blogs2.uef.fi\/itasuomenbiopankki-vanha\/wp-json\/wp\/v2\/pages\/1700\/revisions\/4971"}],"up":[{"embeddable":true,"href":"https:\/\/blogs2.uef.fi\/itasuomenbiopankki-vanha\/wp-json\/wp\/v2\/pages\/66"}],"wp:attachment":[{"href":"https:\/\/blogs2.uef.fi\/itasuomenbiopankki-vanha\/wp-json\/wp\/v2\/media?parent=1700"}],"curies":[{"name":"wp","href":"https:\/\/api.w.org\/{rel}","templated":true}]}}