{"id":223,"date":"2018-12-13T06:50:29","date_gmt":"2018-12-13T04:50:29","guid":{"rendered":"https:\/\/ita-suomenbiopankki.fi\/?page_id=223"},"modified":"2025-12-30T14:41:58","modified_gmt":"2025-12-30T12:41:58","slug":"tieteellinen-ohjausryhma","status":"publish","type":"page","link":"https:\/\/blogs2.uef.fi\/itasuomenbiopankki-vanha\/tutkijoille\/tieteellinen-ohjausryhma\/","title":{"rendered":"Tieteellinen ohjausryhm\u00e4"},"content":{"rendered":"<h1>Tieteellinen ohjausryhm\u00e4<\/h1>\n<h3>It\u00e4-Suomen Biopankin Tieteellisen ohjausryhm\u00e4n j\u00e4senet:<\/h3>\n<ul>\n<li>Leea Keski-Nisula, ylil\u00e4\u00e4k\u00e4ri, naistentaudit, KYS (puheenjohtaja)<\/li>\n<li>Eino Solje, tutkimusjohtaja, aivotutkimuskeskus, UEF (1. varapuheenjohtaja)<\/li>\n<li>Tuomas Rauramaa, ylil\u00e4\u00e4k\u00e4ri, patologia, KYS (2. varapuheenjohtaja)<\/li>\n<li>Jarmo J\u00e4\u00e4skel\u00e4inen, professori, pediatria, UEF<\/li>\n<li>Ville Leinonen, professori, ylil\u00e4\u00e4k\u00e4ri, neurokirurgia, KYS ja UEF<\/li>\n<li>Outi Kuittinen, professori, ylil\u00e4\u00e4k\u00e4ri, sy\u00f6p\u00e4taudit, KYS ja UEF<\/li>\n<li>Kai Kaarniranta, professori, ylil\u00e4\u00e4k\u00e4ri, silm\u00e4taudit, KYS<\/li>\n<li>P\u00e4ivi Auvinen, apulaisylil\u00e4\u00e4k\u00e4ri, onkologia, UEF<\/li>\n<li>Johanna Kuusisto, professori, ylil\u00e4\u00e4k\u00e4ri, kardiologia, KYS ja UEF<\/li>\n<li>Reijo Sironen, dosentti, patologia, KYS<\/li>\n<li>Reetta K\u00e4lvi\u00e4inen, professori, ylil\u00e4\u00e4k\u00e4ri, neurologia, KYS ja UEF<\/li>\n<li>Antti Saari, apulaisylil\u00e4\u00e4k\u00e4ri, lasten ja nuorten klinikka, KYS<\/li>\n<li>Pekka M\u00e4ntyselk\u00e4, professori, yleisl\u00e4\u00e4ketiede, UEF<\/li>\n<li>Merja Hein\u00e4niemi, professori, biol\u00e4\u00e4ketiede, UEF<\/li>\n<li>Antti Lindgren, apulaisylil\u00e4\u00e4k\u00e4ri, neurokirurgia, KYS<\/li>\n<li>Jussi Sipil\u00e4, ylil\u00e4\u00e4k\u00e4ri, neurologia, Siun sote<\/li>\n<li>Eija Ruotsalainen, ylil\u00e4\u00e4k\u00e4ri, infektiosairaudet, Eloisa<\/li>\n<li>Tanja Saarela, ylil\u00e4\u00e4k\u00e4ri, perinn\u00f6llisyyspoliklinikka, KYS<\/li>\n<li>Henri Leinonen, <span>Neurofarmakologian dosentti<\/span>, UEF<\/li>\n<li>Virpi Ahola,Tutkimusp\u00e4\u00e4llikk\u00f6, Biol\u00e4\u00e4ketieteen yksikk\u00f6, UEF<\/li>\n<li>Sanna Salmi,Professori, Kliinisen l\u00e4\u00e4ketieteen yksikk\u00f6, UEF<\/li>\n<li>Joonas Sirola, ylil\u00e4\u00e4k\u00e4ri, KYS<\/li>\n<li>Juhana Hakum\u00e4ki, ylil\u00e4\u00e4k\u00e4ri, KYS<\/li>\n<li>Otto Jokelainen, ylil\u00e4\u00e4k\u00e4ri, patologia, Eloisa<\/li>\n<li>Marja Hedman, ylil\u00e4\u00e4k\u00e4ri, kardiologia, KYS<\/li>\n<li>Elina Myller, erikoistuva l\u00e4\u00e4k\u00e4ri, neurologia, Siun sote<\/li>\n<\/ul>\n","protected":false},"excerpt":{"rendered":"<p>Tieteellinen ohjausryhm\u00e4 It\u00e4-Suomen Biopankin Tieteellisen ohjausryhm\u00e4n j\u00e4senet: Leea Keski-Nisula, ylil\u00e4\u00e4k\u00e4ri, naistentaudit, KYS (puheenjohtaja) Eino Solje, tutkimusjohtaja, aivotutkimuskeskus, UEF (1. varapuheenjohtaja)&#8230;<\/p>\n","protected":false},"author":1,"featured_media":0,"parent":85,"menu_order":2,"comment_status":"closed","ping_status":"closed","template":"","meta":{"_acf_changed":false,"footnotes":""},"class_list":["post-223","page","type-page","status-publish","hentry"],"acf":[],"yoast_head":"<!-- This site is optimized with the Yoast SEO plugin v27.3 - https:\/\/yoast.com\/product\/yoast-seo-wordpress\/ -->\n<title>Tieteellinen ohjausryhm\u00e4 - It\u00e4-Suomen biopankki<\/title>\n<meta name=\"robots\" content=\"index, follow, max-snippet:-1, max-image-preview:large, max-video-preview:-1\" \/>\n<link rel=\"canonical\" href=\"https:\/\/blogs2.uef.fi\/itasuomenbiopankki-vanha\/tutkijoille\/tieteellinen-ohjausryhma\/\" \/>\n<meta property=\"og:locale\" content=\"fi_FI\" \/>\n<meta property=\"og:type\" content=\"article\" \/>\n<meta property=\"og:title\" content=\"Tieteellinen ohjausryhm\u00e4 - It\u00e4-Suomen biopankki\" \/>\n<meta property=\"og:description\" content=\"Tieteellinen ohjausryhm\u00e4 It\u00e4-Suomen Biopankin Tieteellisen ohjausryhm\u00e4n j\u00e4senet: Leea Keski-Nisula, ylil\u00e4\u00e4k\u00e4ri, naistentaudit, KYS (puheenjohtaja) Eino Solje, tutkimusjohtaja, aivotutkimuskeskus, UEF (1. varapuheenjohtaja)...\" \/>\n<meta property=\"og:url\" content=\"https:\/\/blogs2.uef.fi\/itasuomenbiopankki-vanha\/tutkijoille\/tieteellinen-ohjausryhma\/\" \/>\n<meta property=\"og:site_name\" content=\"It\u00e4-Suomen biopankki\" \/>\n<meta property=\"article:modified_time\" content=\"2025-12-30T12:41:58+00:00\" \/>\n<meta name=\"twitter:card\" content=\"summary_large_image\" \/>\n<meta name=\"twitter:label1\" content=\"Arvioitu lukuaika\" \/>\n\t<meta name=\"twitter:data1\" content=\"1 minuutti\" \/>\n<script type=\"application\/ld+json\" class=\"yoast-schema-graph\">{\"@context\":\"https:\\\/\\\/schema.org\",\"@graph\":[{\"@type\":\"WebPage\",\"@id\":\"https:\\\/\\\/blogs2.uef.fi\\\/itasuomenbiopankki-vanha\\\/tutkijoille\\\/tieteellinen-ohjausryhma\\\/\",\"url\":\"https:\\\/\\\/blogs2.uef.fi\\\/itasuomenbiopankki-vanha\\\/tutkijoille\\\/tieteellinen-ohjausryhma\\\/\",\"name\":\"Tieteellinen ohjausryhm\u00e4 - It\u00e4-Suomen biopankki\",\"isPartOf\":{\"@id\":\"https:\\\/\\\/blogs2.uef.fi\\\/itasuomenbiopankki-vanha\\\/#website\"},\"datePublished\":\"2018-12-13T04:50:29+00:00\",\"dateModified\":\"2025-12-30T12:41:58+00:00\",\"breadcrumb\":{\"@id\":\"https:\\\/\\\/blogs2.uef.fi\\\/itasuomenbiopankki-vanha\\\/tutkijoille\\\/tieteellinen-ohjausryhma\\\/#breadcrumb\"},\"inLanguage\":\"fi\",\"potentialAction\":[{\"@type\":\"ReadAction\",\"target\":[\"https:\\\/\\\/blogs2.uef.fi\\\/itasuomenbiopankki-vanha\\\/tutkijoille\\\/tieteellinen-ohjausryhma\\\/\"]}]},{\"@type\":\"BreadcrumbList\",\"@id\":\"https:\\\/\\\/blogs2.uef.fi\\\/itasuomenbiopankki-vanha\\\/tutkijoille\\\/tieteellinen-ohjausryhma\\\/#breadcrumb\",\"itemListElement\":[{\"@type\":\"ListItem\",\"position\":1,\"name\":\"Home\",\"item\":\"https:\\\/\\\/www.ita-suomenbiopankki.fi\\\/\"},{\"@type\":\"ListItem\",\"position\":2,\"name\":\"Tutkijoille\",\"item\":\"https:\\\/\\\/blogs2.uef.fi\\\/itasuomenbiopankki-vanha\\\/tutkijoille\\\/\"},{\"@type\":\"ListItem\",\"position\":3,\"name\":\"Tieteellinen ohjausryhm\u00e4\"}]},{\"@type\":\"WebSite\",\"@id\":\"https:\\\/\\\/blogs2.uef.fi\\\/itasuomenbiopankki-vanha\\\/#website\",\"url\":\"https:\\\/\\\/blogs2.uef.fi\\\/itasuomenbiopankki-vanha\\\/\",\"name\":\"It\u00e4-Suomen biopankki\",\"description\":\"\",\"potentialAction\":[{\"@type\":\"SearchAction\",\"target\":{\"@type\":\"EntryPoint\",\"urlTemplate\":\"https:\\\/\\\/blogs2.uef.fi\\\/itasuomenbiopankki-vanha\\\/?s={search_term_string}\"},\"query-input\":{\"@type\":\"PropertyValueSpecification\",\"valueRequired\":true,\"valueName\":\"search_term_string\"}}],\"inLanguage\":\"fi\"}]}<\/script>\n<!-- \/ Yoast SEO plugin. -->","yoast_head_json":{"title":"Tieteellinen ohjausryhm\u00e4 - It\u00e4-Suomen biopankki","robots":{"index":"index","follow":"follow","max-snippet":"max-snippet:-1","max-image-preview":"max-image-preview:large","max-video-preview":"max-video-preview:-1"},"canonical":"https:\/\/blogs2.uef.fi\/itasuomenbiopankki-vanha\/tutkijoille\/tieteellinen-ohjausryhma\/","og_locale":"fi_FI","og_type":"article","og_title":"Tieteellinen ohjausryhm\u00e4 - It\u00e4-Suomen biopankki","og_description":"Tieteellinen ohjausryhm\u00e4 It\u00e4-Suomen Biopankin Tieteellisen ohjausryhm\u00e4n j\u00e4senet: Leea Keski-Nisula, ylil\u00e4\u00e4k\u00e4ri, naistentaudit, KYS (puheenjohtaja) Eino Solje, tutkimusjohtaja, aivotutkimuskeskus, UEF (1. varapuheenjohtaja)...","og_url":"https:\/\/blogs2.uef.fi\/itasuomenbiopankki-vanha\/tutkijoille\/tieteellinen-ohjausryhma\/","og_site_name":"It\u00e4-Suomen biopankki","article_modified_time":"2025-12-30T12:41:58+00:00","twitter_card":"summary_large_image","twitter_misc":{"Arvioitu lukuaika":"1 minuutti"},"schema":{"@context":"https:\/\/schema.org","@graph":[{"@type":"WebPage","@id":"https:\/\/blogs2.uef.fi\/itasuomenbiopankki-vanha\/tutkijoille\/tieteellinen-ohjausryhma\/","url":"https:\/\/blogs2.uef.fi\/itasuomenbiopankki-vanha\/tutkijoille\/tieteellinen-ohjausryhma\/","name":"Tieteellinen ohjausryhm\u00e4 - It\u00e4-Suomen biopankki","isPartOf":{"@id":"https:\/\/blogs2.uef.fi\/itasuomenbiopankki-vanha\/#website"},"datePublished":"2018-12-13T04:50:29+00:00","dateModified":"2025-12-30T12:41:58+00:00","breadcrumb":{"@id":"https:\/\/blogs2.uef.fi\/itasuomenbiopankki-vanha\/tutkijoille\/tieteellinen-ohjausryhma\/#breadcrumb"},"inLanguage":"fi","potentialAction":[{"@type":"ReadAction","target":["https:\/\/blogs2.uef.fi\/itasuomenbiopankki-vanha\/tutkijoille\/tieteellinen-ohjausryhma\/"]}]},{"@type":"BreadcrumbList","@id":"https:\/\/blogs2.uef.fi\/itasuomenbiopankki-vanha\/tutkijoille\/tieteellinen-ohjausryhma\/#breadcrumb","itemListElement":[{"@type":"ListItem","position":1,"name":"Home","item":"https:\/\/www.ita-suomenbiopankki.fi\/"},{"@type":"ListItem","position":2,"name":"Tutkijoille","item":"https:\/\/blogs2.uef.fi\/itasuomenbiopankki-vanha\/tutkijoille\/"},{"@type":"ListItem","position":3,"name":"Tieteellinen ohjausryhm\u00e4"}]},{"@type":"WebSite","@id":"https:\/\/blogs2.uef.fi\/itasuomenbiopankki-vanha\/#website","url":"https:\/\/blogs2.uef.fi\/itasuomenbiopankki-vanha\/","name":"It\u00e4-Suomen biopankki","description":"","potentialAction":[{"@type":"SearchAction","target":{"@type":"EntryPoint","urlTemplate":"https:\/\/blogs2.uef.fi\/itasuomenbiopankki-vanha\/?s={search_term_string}"},"query-input":{"@type":"PropertyValueSpecification","valueRequired":true,"valueName":"search_term_string"}}],"inLanguage":"fi"}]}},"_links":{"self":[{"href":"https:\/\/blogs2.uef.fi\/itasuomenbiopankki-vanha\/wp-json\/wp\/v2\/pages\/223","targetHints":{"allow":["GET"]}}],"collection":[{"href":"https:\/\/blogs2.uef.fi\/itasuomenbiopankki-vanha\/wp-json\/wp\/v2\/pages"}],"about":[{"href":"https:\/\/blogs2.uef.fi\/itasuomenbiopankki-vanha\/wp-json\/wp\/v2\/types\/page"}],"author":[{"embeddable":true,"href":"https:\/\/blogs2.uef.fi\/itasuomenbiopankki-vanha\/wp-json\/wp\/v2\/users\/1"}],"replies":[{"embeddable":true,"href":"https:\/\/blogs2.uef.fi\/itasuomenbiopankki-vanha\/wp-json\/wp\/v2\/comments?post=223"}],"version-history":[{"count":6,"href":"https:\/\/blogs2.uef.fi\/itasuomenbiopankki-vanha\/wp-json\/wp\/v2\/pages\/223\/revisions"}],"predecessor-version":[{"id":5057,"href":"https:\/\/blogs2.uef.fi\/itasuomenbiopankki-vanha\/wp-json\/wp\/v2\/pages\/223\/revisions\/5057"}],"up":[{"embeddable":true,"href":"https:\/\/blogs2.uef.fi\/itasuomenbiopankki-vanha\/wp-json\/wp\/v2\/pages\/85"}],"wp:attachment":[{"href":"https:\/\/blogs2.uef.fi\/itasuomenbiopankki-vanha\/wp-json\/wp\/v2\/media?parent=223"}],"curies":[{"name":"wp","href":"https:\/\/api.w.org\/{rel}","templated":true}]}}