{"id":229,"date":"2018-12-13T06:55:36","date_gmt":"2018-12-13T04:55:36","guid":{"rendered":"https:\/\/ita-suomenbiopankki.fi\/?page_id=229"},"modified":"2024-03-21T09:12:41","modified_gmt":"2024-03-21T07:12:41","slug":"biopankin-naytteet-ja-tiedot","status":"publish","type":"page","link":"https:\/\/blogs2.uef.fi\/itasuomenbiopankki-vanha\/ita-suomen-biopankki\/biopankin-naytteet-ja-tiedot\/","title":{"rendered":"Biopankin n\u00e4ytteet ja tiedot"},"content":{"rendered":"<h1>Biopankin n\u00e4ytteet ja tiedot<\/h1>\n<p>It\u00e4-Suomen Biopankin tavoitteena on luoda laajoja ja laadukkaita n\u00e4ytekokoelmia tehostamaan ja laajentamaan terveystieteellisi\u00e4 tutkimusmahdollisuuksia.<\/p>\n<p><strong>N\u00e4ytteet voivat olla esimerkiksi:<\/strong><\/p>\n<ul>\n<li><span style=\"font-size: medium\">kudos- tai solun\u00e4ytteit\u00e4<\/span><\/li>\n<li><span style=\"font-size: medium\">verin\u00e4ytteit\u00e4<\/span><\/li>\n<li><span style=\"font-size: medium\">eriten\u00e4ytteit\u00e4<\/span><\/li>\n<li><span style=\"font-size: medium\">nestebiopsioita<\/span><\/li>\n<li><span style=\"font-size: medium\">n\u00e4ytteist\u00e4 eristetty DNA<\/span><\/li>\n<\/ul>\n<p><strong>N\u00e4ytteisiin liitett\u00e4vi\u00e4 tietoja n\u00e4ytteenantajasta voivat olla esimerkiksi:<\/strong><\/p>\n<ul>\n<li><span style=\"font-size: medium\">n\u00e4ytteen antajan yleinen tieto (kuten ik\u00e4 ja sukupuoli)<\/span><\/li>\n<li><span style=\"font-size: medium\">n\u00e4ytteeseen liittyv\u00e4 tieto (kuten n\u00e4ytetyyppi, ottoajankohta, diagnostinen tieto, k\u00e4sittelyhistoria ja n\u00e4ytteest\u00e4 m\u00e4\u00e4ritetty tieto)<\/span><\/li>\n<li><span style=\"font-size: medium\">n\u00e4ytteen antajan terveystieto (kuten diagnoosit ja l\u00e4\u00e4ketieteelliset toimenpiteet, annettu hoito, laboratoriotulokset ja kuvantamistallenteet)<\/span><\/li>\n<li>tutkimustieto (biopankkitutkimuksen ja aiempien tutkimusten tulokset)<\/li>\n<li><span style=\"font-size: medium\">tietoa yksil\u00f6n perim\u00e4st\u00e4 (geeneist\u00e4)<\/span><\/li>\n<\/ul>\n<p>Tietoja voidaan pyyt\u00e4\u00e4 esimerkiksi n\u00e4ytteenantajalta itselt\u00e4\u00e4n, potilasasiakirjoista, valtakunnallisista sosiaali- ja terveydenhuollon rekistereist\u00e4 (kuten hoitoilmoitus-, sy\u00f6p\u00e4- tai Kelan erityiskorvattavuusrekisteri), Tilastokeskuksen rekistereist\u00e4, l\u00e4\u00e4kerekistereist\u00e4 tai tutkimusprojektin ker\u00e4\u00e4m\u00e4st\u00e4 aineistosta.<\/p>\n<p>N\u00e4ytteet luovutetaan tutkimukseen p\u00e4\u00e4s\u00e4\u00e4nt\u00f6isesti koodattuina, ilman henkil\u00f6tietoja. N\u00e4in yksitt\u00e4isen n\u00e4ytteen antajan henkil\u00f6llisyys ei ole tunnistettavissa.<\/p>\n<p>Verin\u00e4ytteit\u00e4 It\u00e4-Suomen Biopankkiin otetaan kaikissa <a href=\"https:\/\/www.islab.fi\/etusivu\">Islabin<\/a> toimipisteiss\u00e4, suostumuksen ja hyv\u00e4ksynn\u00e4n antaneilta henkil\u00f6ilt\u00e4.<\/p>\n","protected":false},"excerpt":{"rendered":"<p>Biopankin n\u00e4ytteet ja tiedot It\u00e4-Suomen Biopankin tavoitteena on luoda laajoja ja laadukkaita n\u00e4ytekokoelmia tehostamaan ja laajentamaan terveystieteellisi\u00e4 tutkimusmahdollisuuksia. N\u00e4ytteet voivat&#8230;<\/p>\n","protected":false},"author":1,"featured_media":0,"parent":108,"menu_order":1,"comment_status":"closed","ping_status":"closed","template":"","meta":{"_acf_changed":false,"footnotes":""},"class_list":["post-229","page","type-page","status-publish","hentry"],"acf":[],"yoast_head":"<!-- This site is optimized with the Yoast SEO plugin v27.3 - https:\/\/yoast.com\/product\/yoast-seo-wordpress\/ -->\n<title>Biopankin n\u00e4ytteet ja tiedot - It\u00e4-Suomen biopankki<\/title>\n<meta name=\"robots\" content=\"index, follow, max-snippet:-1, max-image-preview:large, max-video-preview:-1\" \/>\n<link rel=\"canonical\" href=\"https:\/\/blogs2.uef.fi\/itasuomenbiopankki-vanha\/ita-suomen-biopankki\/biopankin-naytteet-ja-tiedot\/\" \/>\n<meta property=\"og:locale\" content=\"fi_FI\" \/>\n<meta property=\"og:type\" content=\"article\" \/>\n<meta property=\"og:title\" content=\"Biopankin n\u00e4ytteet ja tiedot - It\u00e4-Suomen biopankki\" \/>\n<meta property=\"og:description\" content=\"Biopankin n\u00e4ytteet ja tiedot It\u00e4-Suomen Biopankin tavoitteena on luoda laajoja ja laadukkaita n\u00e4ytekokoelmia tehostamaan ja laajentamaan terveystieteellisi\u00e4 tutkimusmahdollisuuksia. N\u00e4ytteet voivat...\" \/>\n<meta property=\"og:url\" content=\"https:\/\/blogs2.uef.fi\/itasuomenbiopankki-vanha\/ita-suomen-biopankki\/biopankin-naytteet-ja-tiedot\/\" \/>\n<meta property=\"og:site_name\" content=\"It\u00e4-Suomen biopankki\" \/>\n<meta property=\"article:modified_time\" content=\"2024-03-21T07:12:41+00:00\" \/>\n<meta name=\"twitter:card\" content=\"summary_large_image\" \/>\n<meta name=\"twitter:label1\" content=\"Arvioitu lukuaika\" \/>\n\t<meta name=\"twitter:data1\" content=\"1 minuutti\" \/>\n<script type=\"application\/ld+json\" class=\"yoast-schema-graph\">{\"@context\":\"https:\\\/\\\/schema.org\",\"@graph\":[{\"@type\":\"WebPage\",\"@id\":\"https:\\\/\\\/blogs2.uef.fi\\\/itasuomenbiopankki-vanha\\\/ita-suomen-biopankki\\\/biopankin-naytteet-ja-tiedot\\\/\",\"url\":\"https:\\\/\\\/blogs2.uef.fi\\\/itasuomenbiopankki-vanha\\\/ita-suomen-biopankki\\\/biopankin-naytteet-ja-tiedot\\\/\",\"name\":\"Biopankin n\u00e4ytteet ja tiedot - It\u00e4-Suomen biopankki\",\"isPartOf\":{\"@id\":\"https:\\\/\\\/blogs2.uef.fi\\\/itasuomenbiopankki-vanha\\\/#website\"},\"datePublished\":\"2018-12-13T04:55:36+00:00\",\"dateModified\":\"2024-03-21T07:12:41+00:00\",\"breadcrumb\":{\"@id\":\"https:\\\/\\\/blogs2.uef.fi\\\/itasuomenbiopankki-vanha\\\/ita-suomen-biopankki\\\/biopankin-naytteet-ja-tiedot\\\/#breadcrumb\"},\"inLanguage\":\"fi\",\"potentialAction\":[{\"@type\":\"ReadAction\",\"target\":[\"https:\\\/\\\/blogs2.uef.fi\\\/itasuomenbiopankki-vanha\\\/ita-suomen-biopankki\\\/biopankin-naytteet-ja-tiedot\\\/\"]}]},{\"@type\":\"BreadcrumbList\",\"@id\":\"https:\\\/\\\/blogs2.uef.fi\\\/itasuomenbiopankki-vanha\\\/ita-suomen-biopankki\\\/biopankin-naytteet-ja-tiedot\\\/#breadcrumb\",\"itemListElement\":[{\"@type\":\"ListItem\",\"position\":1,\"name\":\"Home\",\"item\":\"https:\\\/\\\/www.ita-suomenbiopankki.fi\\\/\"},{\"@type\":\"ListItem\",\"position\":2,\"name\":\"It\u00e4-Suomen biopankki\",\"item\":\"https:\\\/\\\/blogs2.uef.fi\\\/itasuomenbiopankki-vanha\\\/ita-suomen-biopankki\\\/\"},{\"@type\":\"ListItem\",\"position\":3,\"name\":\"Biopankin n\u00e4ytteet ja tiedot\"}]},{\"@type\":\"WebSite\",\"@id\":\"https:\\\/\\\/blogs2.uef.fi\\\/itasuomenbiopankki-vanha\\\/#website\",\"url\":\"https:\\\/\\\/blogs2.uef.fi\\\/itasuomenbiopankki-vanha\\\/\",\"name\":\"It\u00e4-Suomen biopankki\",\"description\":\"\",\"potentialAction\":[{\"@type\":\"SearchAction\",\"target\":{\"@type\":\"EntryPoint\",\"urlTemplate\":\"https:\\\/\\\/blogs2.uef.fi\\\/itasuomenbiopankki-vanha\\\/?s={search_term_string}\"},\"query-input\":{\"@type\":\"PropertyValueSpecification\",\"valueRequired\":true,\"valueName\":\"search_term_string\"}}],\"inLanguage\":\"fi\"}]}<\/script>\n<!-- \/ Yoast SEO plugin. -->","yoast_head_json":{"title":"Biopankin n\u00e4ytteet ja tiedot - It\u00e4-Suomen biopankki","robots":{"index":"index","follow":"follow","max-snippet":"max-snippet:-1","max-image-preview":"max-image-preview:large","max-video-preview":"max-video-preview:-1"},"canonical":"https:\/\/blogs2.uef.fi\/itasuomenbiopankki-vanha\/ita-suomen-biopankki\/biopankin-naytteet-ja-tiedot\/","og_locale":"fi_FI","og_type":"article","og_title":"Biopankin n\u00e4ytteet ja tiedot - It\u00e4-Suomen biopankki","og_description":"Biopankin n\u00e4ytteet ja tiedot It\u00e4-Suomen Biopankin tavoitteena on luoda laajoja ja laadukkaita n\u00e4ytekokoelmia tehostamaan ja laajentamaan terveystieteellisi\u00e4 tutkimusmahdollisuuksia. N\u00e4ytteet voivat...","og_url":"https:\/\/blogs2.uef.fi\/itasuomenbiopankki-vanha\/ita-suomen-biopankki\/biopankin-naytteet-ja-tiedot\/","og_site_name":"It\u00e4-Suomen biopankki","article_modified_time":"2024-03-21T07:12:41+00:00","twitter_card":"summary_large_image","twitter_misc":{"Arvioitu lukuaika":"1 minuutti"},"schema":{"@context":"https:\/\/schema.org","@graph":[{"@type":"WebPage","@id":"https:\/\/blogs2.uef.fi\/itasuomenbiopankki-vanha\/ita-suomen-biopankki\/biopankin-naytteet-ja-tiedot\/","url":"https:\/\/blogs2.uef.fi\/itasuomenbiopankki-vanha\/ita-suomen-biopankki\/biopankin-naytteet-ja-tiedot\/","name":"Biopankin n\u00e4ytteet ja tiedot - It\u00e4-Suomen biopankki","isPartOf":{"@id":"https:\/\/blogs2.uef.fi\/itasuomenbiopankki-vanha\/#website"},"datePublished":"2018-12-13T04:55:36+00:00","dateModified":"2024-03-21T07:12:41+00:00","breadcrumb":{"@id":"https:\/\/blogs2.uef.fi\/itasuomenbiopankki-vanha\/ita-suomen-biopankki\/biopankin-naytteet-ja-tiedot\/#breadcrumb"},"inLanguage":"fi","potentialAction":[{"@type":"ReadAction","target":["https:\/\/blogs2.uef.fi\/itasuomenbiopankki-vanha\/ita-suomen-biopankki\/biopankin-naytteet-ja-tiedot\/"]}]},{"@type":"BreadcrumbList","@id":"https:\/\/blogs2.uef.fi\/itasuomenbiopankki-vanha\/ita-suomen-biopankki\/biopankin-naytteet-ja-tiedot\/#breadcrumb","itemListElement":[{"@type":"ListItem","position":1,"name":"Home","item":"https:\/\/www.ita-suomenbiopankki.fi\/"},{"@type":"ListItem","position":2,"name":"It\u00e4-Suomen biopankki","item":"https:\/\/blogs2.uef.fi\/itasuomenbiopankki-vanha\/ita-suomen-biopankki\/"},{"@type":"ListItem","position":3,"name":"Biopankin n\u00e4ytteet ja tiedot"}]},{"@type":"WebSite","@id":"https:\/\/blogs2.uef.fi\/itasuomenbiopankki-vanha\/#website","url":"https:\/\/blogs2.uef.fi\/itasuomenbiopankki-vanha\/","name":"It\u00e4-Suomen biopankki","description":"","potentialAction":[{"@type":"SearchAction","target":{"@type":"EntryPoint","urlTemplate":"https:\/\/blogs2.uef.fi\/itasuomenbiopankki-vanha\/?s={search_term_string}"},"query-input":{"@type":"PropertyValueSpecification","valueRequired":true,"valueName":"search_term_string"}}],"inLanguage":"fi"}]}},"_links":{"self":[{"href":"https:\/\/blogs2.uef.fi\/itasuomenbiopankki-vanha\/wp-json\/wp\/v2\/pages\/229","targetHints":{"allow":["GET"]}}],"collection":[{"href":"https:\/\/blogs2.uef.fi\/itasuomenbiopankki-vanha\/wp-json\/wp\/v2\/pages"}],"about":[{"href":"https:\/\/blogs2.uef.fi\/itasuomenbiopankki-vanha\/wp-json\/wp\/v2\/types\/page"}],"author":[{"embeddable":true,"href":"https:\/\/blogs2.uef.fi\/itasuomenbiopankki-vanha\/wp-json\/wp\/v2\/users\/1"}],"replies":[{"embeddable":true,"href":"https:\/\/blogs2.uef.fi\/itasuomenbiopankki-vanha\/wp-json\/wp\/v2\/comments?post=229"}],"version-history":[{"count":6,"href":"https:\/\/blogs2.uef.fi\/itasuomenbiopankki-vanha\/wp-json\/wp\/v2\/pages\/229\/revisions"}],"predecessor-version":[{"id":4025,"href":"https:\/\/blogs2.uef.fi\/itasuomenbiopankki-vanha\/wp-json\/wp\/v2\/pages\/229\/revisions\/4025"}],"up":[{"embeddable":true,"href":"https:\/\/blogs2.uef.fi\/itasuomenbiopankki-vanha\/wp-json\/wp\/v2\/pages\/108"}],"wp:attachment":[{"href":"https:\/\/blogs2.uef.fi\/itasuomenbiopankki-vanha\/wp-json\/wp\/v2\/media?parent=229"}],"curies":[{"name":"wp","href":"https:\/\/api.w.org\/{rel}","templated":true}]}}