{"id":233,"date":"2018-12-13T06:57:08","date_gmt":"2018-12-13T04:57:08","guid":{"rendered":"https:\/\/ita-suomenbiopankki.fi\/?page_id=233"},"modified":"2024-03-21T13:05:27","modified_gmt":"2024-03-21T11:05:27","slug":"naytteiden-kerays-ja-sailytys","status":"publish","type":"page","link":"https:\/\/blogs2.uef.fi\/itasuomenbiopankki-vanha\/ita-suomen-biopankki\/naytteiden-kerays-ja-sailytys\/","title":{"rendered":"N\u00e4ytteiden ker\u00e4ys ja s\u00e4ilytys"},"content":{"rendered":"<h1><span>N\u00e4ytteiden ker\u00e4ys ja s\u00e4ilytys<\/span><\/h1>\n<p>Uusien n\u00e4ytteiden otto vaatii aina n\u00e4ytteen antajan suostumuksen ja hyv\u00e4ksynn\u00e4n.<\/p>\n<p>N\u00e4ytteit\u00e4 ja tietoja voidaan ker\u00e4t\u00e4 biopankkiin hoitoon liittyv\u00e4n n\u00e4ytteenoton tai tieteelliseen tutkimukseen osallistumisen yhteydess\u00e4. Joskus n\u00e4yte voidaan pyyt\u00e4\u00e4 varta vasten biopankkia varten. Biopankkiin voidaan siirt\u00e4\u00e4 my\u00f6s aiemmin otettuja n\u00e4ytteit\u00e4. Biopankkiin ker\u00e4tt\u00e4vien n\u00e4ytteiden ja niihin liittyvien tietojen s\u00e4ilytt\u00e4misen tarve arvioidaan v\u00e4hint\u00e4\u00e4n kymmenen vuoden v\u00e4lein ja tarpeettomat n\u00e4ytteet ja tiedot poistetaan.<\/p>\n<p>N\u00e4ytteiden ottamiseen pyydet\u00e4\u00e4n aina n\u00e4ytteen antajalta kirjallinen suostumus ja hyv\u00e4ksynt\u00e4. N\u00e4ytteet s\u00e4ilytet\u00e4\u00e4n biopankissa valvotuissa olosuhteissa nimett\u00f6m\u00e4ksi koodattuina. Tieto n\u00e4ytteen antajan henkil\u00f6llisyydest\u00e4 s\u00e4ilytet\u00e4\u00e4n erill\u00e4\u00e4n n\u00e4ytetiedoista.<strong><\/strong><\/p>\n","protected":false},"excerpt":{"rendered":"<p>N\u00e4ytteiden ker\u00e4ys ja s\u00e4ilytys Uusien n\u00e4ytteiden otto vaatii aina n\u00e4ytteen antajan suostumuksen ja hyv\u00e4ksynn\u00e4n. N\u00e4ytteit\u00e4 ja tietoja voidaan ker\u00e4t\u00e4 biopankkiin&#8230;<\/p>\n","protected":false},"author":1,"featured_media":0,"parent":108,"menu_order":2,"comment_status":"closed","ping_status":"closed","template":"","meta":{"_acf_changed":false,"footnotes":""},"class_list":["post-233","page","type-page","status-publish","hentry"],"acf":[],"yoast_head":"<!-- This site is optimized with the Yoast SEO plugin v27.3 - https:\/\/yoast.com\/product\/yoast-seo-wordpress\/ -->\n<title>N\u00e4ytteiden ker\u00e4ys ja s\u00e4ilytys - It\u00e4-Suomen biopankki<\/title>\n<meta name=\"robots\" content=\"index, follow, max-snippet:-1, max-image-preview:large, max-video-preview:-1\" \/>\n<link rel=\"canonical\" href=\"https:\/\/blogs2.uef.fi\/itasuomenbiopankki-vanha\/ita-suomen-biopankki\/naytteiden-kerays-ja-sailytys\/\" \/>\n<meta property=\"og:locale\" content=\"fi_FI\" \/>\n<meta property=\"og:type\" content=\"article\" \/>\n<meta property=\"og:title\" content=\"N\u00e4ytteiden ker\u00e4ys ja s\u00e4ilytys - It\u00e4-Suomen biopankki\" \/>\n<meta property=\"og:description\" content=\"N\u00e4ytteiden ker\u00e4ys ja s\u00e4ilytys Uusien n\u00e4ytteiden otto vaatii aina n\u00e4ytteen antajan suostumuksen ja hyv\u00e4ksynn\u00e4n. N\u00e4ytteit\u00e4 ja tietoja voidaan ker\u00e4t\u00e4 biopankkiin...\" \/>\n<meta property=\"og:url\" content=\"https:\/\/blogs2.uef.fi\/itasuomenbiopankki-vanha\/ita-suomen-biopankki\/naytteiden-kerays-ja-sailytys\/\" \/>\n<meta property=\"og:site_name\" content=\"It\u00e4-Suomen biopankki\" \/>\n<meta property=\"article:modified_time\" content=\"2024-03-21T11:05:27+00:00\" \/>\n<meta name=\"twitter:card\" content=\"summary_large_image\" \/>\n<meta name=\"twitter:label1\" content=\"Arvioitu lukuaika\" \/>\n\t<meta name=\"twitter:data1\" content=\"1 minuutti\" \/>\n<script type=\"application\/ld+json\" class=\"yoast-schema-graph\">{\"@context\":\"https:\\\/\\\/schema.org\",\"@graph\":[{\"@type\":\"WebPage\",\"@id\":\"https:\\\/\\\/blogs2.uef.fi\\\/itasuomenbiopankki-vanha\\\/ita-suomen-biopankki\\\/naytteiden-kerays-ja-sailytys\\\/\",\"url\":\"https:\\\/\\\/blogs2.uef.fi\\\/itasuomenbiopankki-vanha\\\/ita-suomen-biopankki\\\/naytteiden-kerays-ja-sailytys\\\/\",\"name\":\"N\u00e4ytteiden ker\u00e4ys ja s\u00e4ilytys - It\u00e4-Suomen biopankki\",\"isPartOf\":{\"@id\":\"https:\\\/\\\/blogs2.uef.fi\\\/itasuomenbiopankki-vanha\\\/#website\"},\"datePublished\":\"2018-12-13T04:57:08+00:00\",\"dateModified\":\"2024-03-21T11:05:27+00:00\",\"breadcrumb\":{\"@id\":\"https:\\\/\\\/blogs2.uef.fi\\\/itasuomenbiopankki-vanha\\\/ita-suomen-biopankki\\\/naytteiden-kerays-ja-sailytys\\\/#breadcrumb\"},\"inLanguage\":\"fi\",\"potentialAction\":[{\"@type\":\"ReadAction\",\"target\":[\"https:\\\/\\\/blogs2.uef.fi\\\/itasuomenbiopankki-vanha\\\/ita-suomen-biopankki\\\/naytteiden-kerays-ja-sailytys\\\/\"]}]},{\"@type\":\"BreadcrumbList\",\"@id\":\"https:\\\/\\\/blogs2.uef.fi\\\/itasuomenbiopankki-vanha\\\/ita-suomen-biopankki\\\/naytteiden-kerays-ja-sailytys\\\/#breadcrumb\",\"itemListElement\":[{\"@type\":\"ListItem\",\"position\":1,\"name\":\"Home\",\"item\":\"https:\\\/\\\/www.ita-suomenbiopankki.fi\\\/\"},{\"@type\":\"ListItem\",\"position\":2,\"name\":\"It\u00e4-Suomen biopankki\",\"item\":\"https:\\\/\\\/blogs2.uef.fi\\\/itasuomenbiopankki-vanha\\\/ita-suomen-biopankki\\\/\"},{\"@type\":\"ListItem\",\"position\":3,\"name\":\"N\u00e4ytteiden ker\u00e4ys ja s\u00e4ilytys\"}]},{\"@type\":\"WebSite\",\"@id\":\"https:\\\/\\\/blogs2.uef.fi\\\/itasuomenbiopankki-vanha\\\/#website\",\"url\":\"https:\\\/\\\/blogs2.uef.fi\\\/itasuomenbiopankki-vanha\\\/\",\"name\":\"It\u00e4-Suomen biopankki\",\"description\":\"\",\"potentialAction\":[{\"@type\":\"SearchAction\",\"target\":{\"@type\":\"EntryPoint\",\"urlTemplate\":\"https:\\\/\\\/blogs2.uef.fi\\\/itasuomenbiopankki-vanha\\\/?s={search_term_string}\"},\"query-input\":{\"@type\":\"PropertyValueSpecification\",\"valueRequired\":true,\"valueName\":\"search_term_string\"}}],\"inLanguage\":\"fi\"}]}<\/script>\n<!-- \/ Yoast SEO plugin. -->","yoast_head_json":{"title":"N\u00e4ytteiden ker\u00e4ys ja s\u00e4ilytys - It\u00e4-Suomen biopankki","robots":{"index":"index","follow":"follow","max-snippet":"max-snippet:-1","max-image-preview":"max-image-preview:large","max-video-preview":"max-video-preview:-1"},"canonical":"https:\/\/blogs2.uef.fi\/itasuomenbiopankki-vanha\/ita-suomen-biopankki\/naytteiden-kerays-ja-sailytys\/","og_locale":"fi_FI","og_type":"article","og_title":"N\u00e4ytteiden ker\u00e4ys ja s\u00e4ilytys - It\u00e4-Suomen biopankki","og_description":"N\u00e4ytteiden ker\u00e4ys ja s\u00e4ilytys Uusien n\u00e4ytteiden otto vaatii aina n\u00e4ytteen antajan suostumuksen ja hyv\u00e4ksynn\u00e4n. N\u00e4ytteit\u00e4 ja tietoja voidaan ker\u00e4t\u00e4 biopankkiin...","og_url":"https:\/\/blogs2.uef.fi\/itasuomenbiopankki-vanha\/ita-suomen-biopankki\/naytteiden-kerays-ja-sailytys\/","og_site_name":"It\u00e4-Suomen biopankki","article_modified_time":"2024-03-21T11:05:27+00:00","twitter_card":"summary_large_image","twitter_misc":{"Arvioitu lukuaika":"1 minuutti"},"schema":{"@context":"https:\/\/schema.org","@graph":[{"@type":"WebPage","@id":"https:\/\/blogs2.uef.fi\/itasuomenbiopankki-vanha\/ita-suomen-biopankki\/naytteiden-kerays-ja-sailytys\/","url":"https:\/\/blogs2.uef.fi\/itasuomenbiopankki-vanha\/ita-suomen-biopankki\/naytteiden-kerays-ja-sailytys\/","name":"N\u00e4ytteiden ker\u00e4ys ja s\u00e4ilytys - It\u00e4-Suomen biopankki","isPartOf":{"@id":"https:\/\/blogs2.uef.fi\/itasuomenbiopankki-vanha\/#website"},"datePublished":"2018-12-13T04:57:08+00:00","dateModified":"2024-03-21T11:05:27+00:00","breadcrumb":{"@id":"https:\/\/blogs2.uef.fi\/itasuomenbiopankki-vanha\/ita-suomen-biopankki\/naytteiden-kerays-ja-sailytys\/#breadcrumb"},"inLanguage":"fi","potentialAction":[{"@type":"ReadAction","target":["https:\/\/blogs2.uef.fi\/itasuomenbiopankki-vanha\/ita-suomen-biopankki\/naytteiden-kerays-ja-sailytys\/"]}]},{"@type":"BreadcrumbList","@id":"https:\/\/blogs2.uef.fi\/itasuomenbiopankki-vanha\/ita-suomen-biopankki\/naytteiden-kerays-ja-sailytys\/#breadcrumb","itemListElement":[{"@type":"ListItem","position":1,"name":"Home","item":"https:\/\/www.ita-suomenbiopankki.fi\/"},{"@type":"ListItem","position":2,"name":"It\u00e4-Suomen biopankki","item":"https:\/\/blogs2.uef.fi\/itasuomenbiopankki-vanha\/ita-suomen-biopankki\/"},{"@type":"ListItem","position":3,"name":"N\u00e4ytteiden ker\u00e4ys ja s\u00e4ilytys"}]},{"@type":"WebSite","@id":"https:\/\/blogs2.uef.fi\/itasuomenbiopankki-vanha\/#website","url":"https:\/\/blogs2.uef.fi\/itasuomenbiopankki-vanha\/","name":"It\u00e4-Suomen biopankki","description":"","potentialAction":[{"@type":"SearchAction","target":{"@type":"EntryPoint","urlTemplate":"https:\/\/blogs2.uef.fi\/itasuomenbiopankki-vanha\/?s={search_term_string}"},"query-input":{"@type":"PropertyValueSpecification","valueRequired":true,"valueName":"search_term_string"}}],"inLanguage":"fi"}]}},"_links":{"self":[{"href":"https:\/\/blogs2.uef.fi\/itasuomenbiopankki-vanha\/wp-json\/wp\/v2\/pages\/233","targetHints":{"allow":["GET"]}}],"collection":[{"href":"https:\/\/blogs2.uef.fi\/itasuomenbiopankki-vanha\/wp-json\/wp\/v2\/pages"}],"about":[{"href":"https:\/\/blogs2.uef.fi\/itasuomenbiopankki-vanha\/wp-json\/wp\/v2\/types\/page"}],"author":[{"embeddable":true,"href":"https:\/\/blogs2.uef.fi\/itasuomenbiopankki-vanha\/wp-json\/wp\/v2\/users\/1"}],"replies":[{"embeddable":true,"href":"https:\/\/blogs2.uef.fi\/itasuomenbiopankki-vanha\/wp-json\/wp\/v2\/comments?post=233"}],"version-history":[{"count":3,"href":"https:\/\/blogs2.uef.fi\/itasuomenbiopankki-vanha\/wp-json\/wp\/v2\/pages\/233\/revisions"}],"predecessor-version":[{"id":4331,"href":"https:\/\/blogs2.uef.fi\/itasuomenbiopankki-vanha\/wp-json\/wp\/v2\/pages\/233\/revisions\/4331"}],"up":[{"embeddable":true,"href":"https:\/\/blogs2.uef.fi\/itasuomenbiopankki-vanha\/wp-json\/wp\/v2\/pages\/108"}],"wp:attachment":[{"href":"https:\/\/blogs2.uef.fi\/itasuomenbiopankki-vanha\/wp-json\/wp\/v2\/media?parent=233"}],"curies":[{"name":"wp","href":"https:\/\/api.w.org\/{rel}","templated":true}]}}