{"id":2348,"date":"2020-05-25T15:10:04","date_gmt":"2020-05-25T12:10:04","guid":{"rendered":"https:\/\/ita-suomenbiopankki.fi\/?page_id=2348"},"modified":"2025-09-29T11:50:22","modified_gmt":"2025-09-29T08:50:22","slug":"miten-valitsen-oikean-lomakkeen","status":"publish","type":"page","link":"https:\/\/blogs2.uef.fi\/itasuomenbiopankki-vanha\/kansalaisille\/miten-valitsen-oikean-lomakkeen\/","title":{"rendered":"Miten valitsen oikean lomakkeen?"},"content":{"rendered":"<h1>Miten valitsen oikean lomakkeen?<\/h1>\n<p>Huomioithan, ett\u00e4 biopankkisuostumus ja hyv\u00e4ksynt\u00e4 on teht\u00e4v\u00e4 oikealla lomakkeella, jotta se on voimassa<\/p>\n<ul>\n<li>biopankkisuostumus ja hyv\u00e4ksynt\u00e4 (T\u00e4ysi-ik\u00e4inen)<\/li>\n<li>jos haluat tehd\u00e4 biopankkisuostumuksen ja hyv\u00e4ksynn\u00e4n alaik\u00e4isen puolesta, ota yhteytt\u00e4 It\u00e4-Suomen Biopankkiin<\/li>\n<li>biopankkisuostumus ja hyv\u00e4ksynn\u00e4n t\u00e4ysi-ik\u00e4isen puolesta (l\u00e4hiomainen tai muu l\u00e4heinen antaa suostumuksen ja hyv\u00e4ksynn\u00e4n t\u00e4ysi-ik\u00e4isen puolesta, ellei t\u00e4m\u00e4 sit\u00e4 itse pysty antamaan)<\/li>\n<\/ul>\n<h3>T\u00e4ysi-ik\u00e4inen, t\u00e4ysvaltainen henkil\u00f6<\/h3>\n<p>T\u00e4ysi-ik\u00e4inen, t\u00e4ysvaltainen henkil\u00f6 voi itsen\u00e4isesti tehd\u00e4 biopankkisuostumuksen ja hyv\u00e4ksynn\u00e4n tai biopankkikiellon, perua suostumuksen ja\/tai k\u00e4ytt\u00e4\u00e4 vastustamisoikeutta.<br \/>\nBiopankkisuostumus ja hyv\u00e4ksynt\u00e4 asiakirjan tai kieltolomakkeen t\u00e4ysi-ik\u00e4iselle, t\u00e4ysvaltaiselle voi saada<\/p>\n<ul>\n<li><a href=\"https:\/\/ita-suomenbiopankki.fi\/kansalaisille\/sahkoinen-suostumus\/\">s\u00e4hk\u00f6isen\u00e4 OmaKYS-palvelussa<\/a><\/li>\n<li>pyyt\u00e4m\u00e4ll\u00e4 It\u00e4-Suomen Biopankista<\/li>\n<li>terveydenhuollon kutsun liitteen\u00e4<\/li>\n<li><a href=\"https:\/\/ita-suomenbiopankki.fi\/kansalaisille\/ladattavat-lomakkeet\/\">tulostamalla pdf-lomakkeen<\/a><\/li>\n<\/ul>\n<h3>Alaik\u00e4inen henkil\u00f6<\/h3>\n<p>Alaik\u00e4isen puolesta suostumuksen ja hyv\u00e4ksynn\u00e4n antaa lapsen huoltaja. 12\u201317-vuotiaiden suostumus ja hyv\u00e4ksynt\u00e4 lomakkeeseen vaaditaan my\u00f6s lapsen allekirjoitus. Huoltajan tulee kuulla lapsen mielipide biopankkisuostumuksen ja hyv\u00e4ksynn\u00e4n ja -n\u00e4ytteen antamisesta. Ennen suostumuksen ja hyv\u00e4ksynn\u00e4n allekirjoittamista lapsella on oikeus saada selke\u00e4\u00e4 ja ymm\u00e4rrett\u00e4v\u00e4\u00e4 tietoa biopankkitoiminnasta. Alaik\u00e4isen\u00e4 suostumuksen ja hyv\u00e4ksynn\u00e4n antaneelle tiedotetaan biopankkisuostumuksesta kirjeell\u00e4, kun h\u00e4n t\u00e4ytt\u00e4\u00e4 18 vuotta.<\/p>\n<p>Materiaalia, jonka avulla voi tutustua biopankkitoimintaan alaik\u00e4isen kanssa<\/p>\n<ul>\n<li><a href=\"https:\/\/www.youtube.com\/watch?v=hzvV977oMNk\" target=\"_blank\" rel=\"noopener noreferrer\">T\u00e4\u00e4lt\u00e4 tulee Biomin\u00e4! (lyhyt versio)<\/a><\/li>\n<li><a href=\"https:\/\/www.youtube.com\/watch?v=h8zaeCZfkgM\" target=\"_blank\" rel=\"noopener noreferrer\">T\u00e4\u00e4lt\u00e4 tulee Biomin\u00e4! (t\u00e4yspitk\u00e4 versio)<\/a><\/li>\n<li>Biomin\u00e4-esite (voit halutessasi pyyt\u00e4\u00e4 It\u00e4-Suomen Biopankista)<\/li>\n<\/ul>\n<p><em>Biomin\u00e4-videot ja esitteet perustuvat Helsingin Biopankin tuottamaan T\u00e4\u00e4lt\u00e4 tulee Biomin\u00e4 -materiaaliin. Kustantaja Suomen biopankkiverkosto BBMRI.<\/em><\/p>\n<p>Biopankkisuostumus ja hyv\u00e4ksynt\u00e4asiakirjan alaik\u00e4iselle voi saada<\/p>\n<ul>\n<li><span data-teams=\"true\"><strong>ainoastaan hoitavasta terveydenhuollon yksik\u00f6st\u00e4<\/strong><\/span><\/li>\n<\/ul>\n<p>Biopankkikieltolomakkeen alaik\u00e4iselle voi saada<\/p>\n<ul>\n<li><span data-teams=\"true\"><strong>pyyt\u00e4m\u00e4ll\u00e4 It\u00e4-Suomen Biopankista<br \/>\n<\/strong><\/span><\/li>\n<\/ul>\n<h3>T\u00e4ysi-ik\u00e4isen puolesta<\/h3>\n<p>T\u00e4ysi-ik\u00e4isen puolesta biopankkisuostumuksen ja hyv\u00e4ksynn\u00e4n voi antaa l\u00e4hiomainen tai muu l\u00e4heinen, jos t\u00e4ysi-ik\u00e4isell\u00e4 henkil\u00f6ll\u00e4 ei sairauden, henkisen toimintakyvyn vajavuuden tai muun syyn vuoksi ole edellytyksi\u00e4 arvioida suostumuksen merkityst\u00e4.<\/p>\n<ul>\n<li>Vajaavaltainen voi antaa rinnakkaisen suostumuksen, mik\u00e4li kykenee.<\/li>\n<li>Vajaavaltaiselle on annettava h\u00e4nen ymm\u00e4rt\u00e4miskyky\u00e4\u00e4n vastaavaa tietoa biopankkitutkimuksesta k\u00e4ytt\u00e4m\u00e4ll\u00e4 esimerkiksi lapsille tarkoitettua oheismateriaalia.<\/li>\n<li>Biopankkisuostumus ja hyv\u00e4ksynt\u00e4asiakirjan t\u00e4ysi-ik\u00e4isen puolesta voi saada <span data-teams=\"true\"><strong>ainoastaan hoitavasta terveydenhuollon yksik\u00f6st\u00e4.<br \/>\n<\/strong><\/span><\/li>\n<li>Biopankkikieltolomakkeen t\u00e4ysi-ik\u00e4isen puolesta voi saada pyyt\u00e4m\u00e4ll\u00e4 It\u00e4-Suomen Biopankista.<\/li>\n<\/ul>\n<h3>Biopankkilomakkeet voi palauttaa<\/h3>\n<ul>\n<li>postitse suoraan biopankkiin (halutessasi voit pyyt\u00e4\u00e4 valmiiksi maksetun palautuskuoren biopankista)<\/li>\n<li>potilask\u00e4ynnin yhteydess\u00e4 terveydenhuollon yksikk\u00f6\u00f6n<\/li>\n<li><a href=\"https:\/\/ita-suomenbiopankki.fi\/kansalaisille\/biopankin-palautuspostilaatikot\/\">palautuspostilaatikkoon<\/a>\n<ul><\/ul>\n<\/li>\n<\/ul>\n","protected":false},"excerpt":{"rendered":"<p>Miten valitsen oikean lomakkeen? Huomioithan, ett\u00e4 biopankkisuostumus ja hyv\u00e4ksynt\u00e4 on teht\u00e4v\u00e4 oikealla lomakkeella, jotta se on voimassa biopankkisuostumus ja hyv\u00e4ksynt\u00e4&#8230;<\/p>\n","protected":false},"author":175,"featured_media":0,"parent":66,"menu_order":1,"comment_status":"closed","ping_status":"closed","template":"","meta":{"_acf_changed":false,"footnotes":""},"class_list":["post-2348","page","type-page","status-publish","hentry"],"acf":[],"yoast_head":"<!-- This site is optimized with the Yoast SEO plugin v27.3 - https:\/\/yoast.com\/product\/yoast-seo-wordpress\/ -->\n<title>Miten valitsen oikean lomakkeen? - It\u00e4-Suomen biopankki<\/title>\n<meta name=\"robots\" content=\"index, follow, max-snippet:-1, max-image-preview:large, max-video-preview:-1\" \/>\n<link rel=\"canonical\" href=\"https:\/\/blogs2.uef.fi\/itasuomenbiopankki-vanha\/kansalaisille\/miten-valitsen-oikean-lomakkeen\/\" \/>\n<meta property=\"og:locale\" content=\"fi_FI\" \/>\n<meta property=\"og:type\" content=\"article\" \/>\n<meta property=\"og:title\" content=\"Miten valitsen oikean lomakkeen? - It\u00e4-Suomen biopankki\" \/>\n<meta property=\"og:description\" content=\"Miten valitsen oikean lomakkeen? Huomioithan, ett\u00e4 biopankkisuostumus ja hyv\u00e4ksynt\u00e4 on teht\u00e4v\u00e4 oikealla lomakkeella, jotta se on voimassa biopankkisuostumus ja hyv\u00e4ksynt\u00e4...\" \/>\n<meta property=\"og:url\" content=\"https:\/\/blogs2.uef.fi\/itasuomenbiopankki-vanha\/kansalaisille\/miten-valitsen-oikean-lomakkeen\/\" \/>\n<meta property=\"og:site_name\" content=\"It\u00e4-Suomen biopankki\" \/>\n<meta property=\"article:modified_time\" content=\"2025-09-29T08:50:22+00:00\" \/>\n<meta name=\"twitter:card\" content=\"summary_large_image\" \/>\n<meta name=\"twitter:label1\" content=\"Arvioitu lukuaika\" \/>\n\t<meta name=\"twitter:data1\" content=\"2 minuuttia\" \/>\n<script type=\"application\/ld+json\" class=\"yoast-schema-graph\">{\"@context\":\"https:\\\/\\\/schema.org\",\"@graph\":[{\"@type\":\"WebPage\",\"@id\":\"https:\\\/\\\/blogs2.uef.fi\\\/itasuomenbiopankki-vanha\\\/kansalaisille\\\/miten-valitsen-oikean-lomakkeen\\\/\",\"url\":\"https:\\\/\\\/blogs2.uef.fi\\\/itasuomenbiopankki-vanha\\\/kansalaisille\\\/miten-valitsen-oikean-lomakkeen\\\/\",\"name\":\"Miten valitsen oikean lomakkeen? - It\u00e4-Suomen biopankki\",\"isPartOf\":{\"@id\":\"https:\\\/\\\/blogs2.uef.fi\\\/itasuomenbiopankki-vanha\\\/#website\"},\"datePublished\":\"2020-05-25T12:10:04+00:00\",\"dateModified\":\"2025-09-29T08:50:22+00:00\",\"breadcrumb\":{\"@id\":\"https:\\\/\\\/blogs2.uef.fi\\\/itasuomenbiopankki-vanha\\\/kansalaisille\\\/miten-valitsen-oikean-lomakkeen\\\/#breadcrumb\"},\"inLanguage\":\"fi\",\"potentialAction\":[{\"@type\":\"ReadAction\",\"target\":[\"https:\\\/\\\/blogs2.uef.fi\\\/itasuomenbiopankki-vanha\\\/kansalaisille\\\/miten-valitsen-oikean-lomakkeen\\\/\"]}]},{\"@type\":\"BreadcrumbList\",\"@id\":\"https:\\\/\\\/blogs2.uef.fi\\\/itasuomenbiopankki-vanha\\\/kansalaisille\\\/miten-valitsen-oikean-lomakkeen\\\/#breadcrumb\",\"itemListElement\":[{\"@type\":\"ListItem\",\"position\":1,\"name\":\"Home\",\"item\":\"https:\\\/\\\/www.ita-suomenbiopankki.fi\\\/\"},{\"@type\":\"ListItem\",\"position\":2,\"name\":\"Kansalaisille\",\"item\":\"https:\\\/\\\/blogs2.uef.fi\\\/itasuomenbiopankki-vanha\\\/kansalaisille\\\/\"},{\"@type\":\"ListItem\",\"position\":3,\"name\":\"Miten valitsen oikean lomakkeen?\"}]},{\"@type\":\"WebSite\",\"@id\":\"https:\\\/\\\/blogs2.uef.fi\\\/itasuomenbiopankki-vanha\\\/#website\",\"url\":\"https:\\\/\\\/blogs2.uef.fi\\\/itasuomenbiopankki-vanha\\\/\",\"name\":\"It\u00e4-Suomen biopankki\",\"description\":\"\",\"potentialAction\":[{\"@type\":\"SearchAction\",\"target\":{\"@type\":\"EntryPoint\",\"urlTemplate\":\"https:\\\/\\\/blogs2.uef.fi\\\/itasuomenbiopankki-vanha\\\/?s={search_term_string}\"},\"query-input\":{\"@type\":\"PropertyValueSpecification\",\"valueRequired\":true,\"valueName\":\"search_term_string\"}}],\"inLanguage\":\"fi\"}]}<\/script>\n<!-- \/ Yoast SEO plugin. -->","yoast_head_json":{"title":"Miten valitsen oikean lomakkeen? - It\u00e4-Suomen biopankki","robots":{"index":"index","follow":"follow","max-snippet":"max-snippet:-1","max-image-preview":"max-image-preview:large","max-video-preview":"max-video-preview:-1"},"canonical":"https:\/\/blogs2.uef.fi\/itasuomenbiopankki-vanha\/kansalaisille\/miten-valitsen-oikean-lomakkeen\/","og_locale":"fi_FI","og_type":"article","og_title":"Miten valitsen oikean lomakkeen? - It\u00e4-Suomen biopankki","og_description":"Miten valitsen oikean lomakkeen? Huomioithan, ett\u00e4 biopankkisuostumus ja hyv\u00e4ksynt\u00e4 on teht\u00e4v\u00e4 oikealla lomakkeella, jotta se on voimassa biopankkisuostumus ja hyv\u00e4ksynt\u00e4...","og_url":"https:\/\/blogs2.uef.fi\/itasuomenbiopankki-vanha\/kansalaisille\/miten-valitsen-oikean-lomakkeen\/","og_site_name":"It\u00e4-Suomen biopankki","article_modified_time":"2025-09-29T08:50:22+00:00","twitter_card":"summary_large_image","twitter_misc":{"Arvioitu lukuaika":"2 minuuttia"},"schema":{"@context":"https:\/\/schema.org","@graph":[{"@type":"WebPage","@id":"https:\/\/blogs2.uef.fi\/itasuomenbiopankki-vanha\/kansalaisille\/miten-valitsen-oikean-lomakkeen\/","url":"https:\/\/blogs2.uef.fi\/itasuomenbiopankki-vanha\/kansalaisille\/miten-valitsen-oikean-lomakkeen\/","name":"Miten valitsen oikean lomakkeen? - It\u00e4-Suomen biopankki","isPartOf":{"@id":"https:\/\/blogs2.uef.fi\/itasuomenbiopankki-vanha\/#website"},"datePublished":"2020-05-25T12:10:04+00:00","dateModified":"2025-09-29T08:50:22+00:00","breadcrumb":{"@id":"https:\/\/blogs2.uef.fi\/itasuomenbiopankki-vanha\/kansalaisille\/miten-valitsen-oikean-lomakkeen\/#breadcrumb"},"inLanguage":"fi","potentialAction":[{"@type":"ReadAction","target":["https:\/\/blogs2.uef.fi\/itasuomenbiopankki-vanha\/kansalaisille\/miten-valitsen-oikean-lomakkeen\/"]}]},{"@type":"BreadcrumbList","@id":"https:\/\/blogs2.uef.fi\/itasuomenbiopankki-vanha\/kansalaisille\/miten-valitsen-oikean-lomakkeen\/#breadcrumb","itemListElement":[{"@type":"ListItem","position":1,"name":"Home","item":"https:\/\/www.ita-suomenbiopankki.fi\/"},{"@type":"ListItem","position":2,"name":"Kansalaisille","item":"https:\/\/blogs2.uef.fi\/itasuomenbiopankki-vanha\/kansalaisille\/"},{"@type":"ListItem","position":3,"name":"Miten valitsen oikean lomakkeen?"}]},{"@type":"WebSite","@id":"https:\/\/blogs2.uef.fi\/itasuomenbiopankki-vanha\/#website","url":"https:\/\/blogs2.uef.fi\/itasuomenbiopankki-vanha\/","name":"It\u00e4-Suomen biopankki","description":"","potentialAction":[{"@type":"SearchAction","target":{"@type":"EntryPoint","urlTemplate":"https:\/\/blogs2.uef.fi\/itasuomenbiopankki-vanha\/?s={search_term_string}"},"query-input":{"@type":"PropertyValueSpecification","valueRequired":true,"valueName":"search_term_string"}}],"inLanguage":"fi"}]}},"_links":{"self":[{"href":"https:\/\/blogs2.uef.fi\/itasuomenbiopankki-vanha\/wp-json\/wp\/v2\/pages\/2348","targetHints":{"allow":["GET"]}}],"collection":[{"href":"https:\/\/blogs2.uef.fi\/itasuomenbiopankki-vanha\/wp-json\/wp\/v2\/pages"}],"about":[{"href":"https:\/\/blogs2.uef.fi\/itasuomenbiopankki-vanha\/wp-json\/wp\/v2\/types\/page"}],"author":[{"embeddable":true,"href":"https:\/\/blogs2.uef.fi\/itasuomenbiopankki-vanha\/wp-json\/wp\/v2\/users\/175"}],"replies":[{"embeddable":true,"href":"https:\/\/blogs2.uef.fi\/itasuomenbiopankki-vanha\/wp-json\/wp\/v2\/comments?post=2348"}],"version-history":[{"count":3,"href":"https:\/\/blogs2.uef.fi\/itasuomenbiopankki-vanha\/wp-json\/wp\/v2\/pages\/2348\/revisions"}],"predecessor-version":[{"id":5020,"href":"https:\/\/blogs2.uef.fi\/itasuomenbiopankki-vanha\/wp-json\/wp\/v2\/pages\/2348\/revisions\/5020"}],"up":[{"embeddable":true,"href":"https:\/\/blogs2.uef.fi\/itasuomenbiopankki-vanha\/wp-json\/wp\/v2\/pages\/66"}],"wp:attachment":[{"href":"https:\/\/blogs2.uef.fi\/itasuomenbiopankki-vanha\/wp-json\/wp\/v2\/media?parent=2348"}],"curies":[{"name":"wp","href":"https:\/\/api.w.org\/{rel}","templated":true}]}}