{"id":235,"date":"2018-12-13T06:57:52","date_gmt":"2018-12-13T04:57:52","guid":{"rendered":"https:\/\/ita-suomenbiopankki.fi\/?page_id=235"},"modified":"2024-03-21T13:24:01","modified_gmt":"2024-03-21T11:24:01","slug":"vanhojen-naytekokoelmien-siirto","status":"publish","type":"page","link":"https:\/\/blogs2.uef.fi\/itasuomenbiopankki-vanha\/ita-suomen-biopankki\/vanhojen-naytekokoelmien-siirto\/","title":{"rendered":"Vanhojen n\u00e4ytekokoelmien siirto"},"content":{"rendered":"<h1><span>Vanhojen n\u00e4ytekokoelmien siirto<\/span><\/h1>\n<p>Vanhoja n\u00e4ytteit\u00e4, jotka on otettu ennen biopankkilain voimaan tuloa (2013), voidaan tai on voitu siirt\u00e4\u00e4 biopankkiin ilman varsinaista <a href=\"https:\/\/ita-suomenbiopankki.fi\/kansalaisille\/suostumus-suostumuksen-peruutus-ja-biopankkikielto\/\">biopankkisuostumusta ja hyv\u00e4ksynt\u00e4\u00e4<\/a>. Siirrosta on ilmoitettu tai ilmoitetaan henkil\u00f6kohtaisella kirjeell\u00e4 tai tiedotusv\u00e4lineiss\u00e4 julkaistavalla tiedotteella.<\/p>\n<p>Julkista tiedonantoa k\u00e4ytet\u00e4\u00e4n silloin, jos n\u00e4ytekokoelma on vanha tai n\u00e4ytteit\u00e4 on suuri m\u00e4\u00e4r\u00e4. Julkinen tiedonanto annetaan kansalaisille painetussa lehdess\u00e4 ja internetiss\u00e4 hyviss\u00e4 ajoin ennen n\u00e4ytteiden suunniteltua siirt\u00e4mist\u00e4.<\/p>\n<p>N\u00e4ytteen antajan ei tarvitse tehd\u00e4 mit\u00e4\u00e4n, jos h\u00e4n ei vastusta n\u00e4ytteiden siirtoa.<\/p>\n<p>Jos haluat perua ja\/tai k\u00e4ytt\u00e4\u00e4 vastustamisoikeutta, sen voi tehd\u00e4 koska tahansa, syyt\u00e4 ilmoittamatta.<\/p>\n","protected":false},"excerpt":{"rendered":"<p>Vanhojen n\u00e4ytekokoelmien siirto Vanhoja n\u00e4ytteit\u00e4, jotka on otettu ennen biopankkilain voimaan tuloa (2013), voidaan tai on voitu siirt\u00e4\u00e4 biopankkiin ilman&#8230;<\/p>\n","protected":false},"author":1,"featured_media":0,"parent":108,"menu_order":3,"comment_status":"closed","ping_status":"closed","template":"","meta":{"_acf_changed":false,"footnotes":""},"class_list":["post-235","page","type-page","status-publish","hentry"],"acf":[],"yoast_head":"<!-- This site is optimized with the Yoast SEO plugin v27.3 - https:\/\/yoast.com\/product\/yoast-seo-wordpress\/ -->\n<title>Vanhojen n\u00e4ytekokoelmien siirto - It\u00e4-Suomen biopankki<\/title>\n<meta name=\"robots\" content=\"index, follow, max-snippet:-1, max-image-preview:large, max-video-preview:-1\" \/>\n<link rel=\"canonical\" href=\"https:\/\/blogs2.uef.fi\/itasuomenbiopankki-vanha\/ita-suomen-biopankki\/vanhojen-naytekokoelmien-siirto\/\" \/>\n<meta property=\"og:locale\" content=\"fi_FI\" \/>\n<meta property=\"og:type\" content=\"article\" \/>\n<meta property=\"og:title\" content=\"Vanhojen n\u00e4ytekokoelmien siirto - It\u00e4-Suomen biopankki\" \/>\n<meta property=\"og:description\" content=\"Vanhojen n\u00e4ytekokoelmien siirto Vanhoja n\u00e4ytteit\u00e4, jotka on otettu ennen biopankkilain voimaan tuloa (2013), voidaan tai on voitu siirt\u00e4\u00e4 biopankkiin ilman...\" \/>\n<meta property=\"og:url\" content=\"https:\/\/blogs2.uef.fi\/itasuomenbiopankki-vanha\/ita-suomen-biopankki\/vanhojen-naytekokoelmien-siirto\/\" \/>\n<meta property=\"og:site_name\" content=\"It\u00e4-Suomen biopankki\" \/>\n<meta property=\"article:modified_time\" content=\"2024-03-21T11:24:01+00:00\" \/>\n<meta name=\"twitter:card\" content=\"summary_large_image\" \/>\n<meta name=\"twitter:label1\" content=\"Arvioitu lukuaika\" \/>\n\t<meta name=\"twitter:data1\" content=\"1 minuutti\" \/>\n<script type=\"application\/ld+json\" class=\"yoast-schema-graph\">{\"@context\":\"https:\\\/\\\/schema.org\",\"@graph\":[{\"@type\":\"WebPage\",\"@id\":\"https:\\\/\\\/blogs2.uef.fi\\\/itasuomenbiopankki-vanha\\\/ita-suomen-biopankki\\\/vanhojen-naytekokoelmien-siirto\\\/\",\"url\":\"https:\\\/\\\/blogs2.uef.fi\\\/itasuomenbiopankki-vanha\\\/ita-suomen-biopankki\\\/vanhojen-naytekokoelmien-siirto\\\/\",\"name\":\"Vanhojen n\u00e4ytekokoelmien siirto - It\u00e4-Suomen biopankki\",\"isPartOf\":{\"@id\":\"https:\\\/\\\/blogs2.uef.fi\\\/itasuomenbiopankki-vanha\\\/#website\"},\"datePublished\":\"2018-12-13T04:57:52+00:00\",\"dateModified\":\"2024-03-21T11:24:01+00:00\",\"breadcrumb\":{\"@id\":\"https:\\\/\\\/blogs2.uef.fi\\\/itasuomenbiopankki-vanha\\\/ita-suomen-biopankki\\\/vanhojen-naytekokoelmien-siirto\\\/#breadcrumb\"},\"inLanguage\":\"fi\",\"potentialAction\":[{\"@type\":\"ReadAction\",\"target\":[\"https:\\\/\\\/blogs2.uef.fi\\\/itasuomenbiopankki-vanha\\\/ita-suomen-biopankki\\\/vanhojen-naytekokoelmien-siirto\\\/\"]}]},{\"@type\":\"BreadcrumbList\",\"@id\":\"https:\\\/\\\/blogs2.uef.fi\\\/itasuomenbiopankki-vanha\\\/ita-suomen-biopankki\\\/vanhojen-naytekokoelmien-siirto\\\/#breadcrumb\",\"itemListElement\":[{\"@type\":\"ListItem\",\"position\":1,\"name\":\"Home\",\"item\":\"https:\\\/\\\/www.ita-suomenbiopankki.fi\\\/\"},{\"@type\":\"ListItem\",\"position\":2,\"name\":\"It\u00e4-Suomen biopankki\",\"item\":\"https:\\\/\\\/blogs2.uef.fi\\\/itasuomenbiopankki-vanha\\\/ita-suomen-biopankki\\\/\"},{\"@type\":\"ListItem\",\"position\":3,\"name\":\"Vanhojen n\u00e4ytekokoelmien siirto\"}]},{\"@type\":\"WebSite\",\"@id\":\"https:\\\/\\\/blogs2.uef.fi\\\/itasuomenbiopankki-vanha\\\/#website\",\"url\":\"https:\\\/\\\/blogs2.uef.fi\\\/itasuomenbiopankki-vanha\\\/\",\"name\":\"It\u00e4-Suomen biopankki\",\"description\":\"\",\"potentialAction\":[{\"@type\":\"SearchAction\",\"target\":{\"@type\":\"EntryPoint\",\"urlTemplate\":\"https:\\\/\\\/blogs2.uef.fi\\\/itasuomenbiopankki-vanha\\\/?s={search_term_string}\"},\"query-input\":{\"@type\":\"PropertyValueSpecification\",\"valueRequired\":true,\"valueName\":\"search_term_string\"}}],\"inLanguage\":\"fi\"}]}<\/script>\n<!-- \/ Yoast SEO plugin. -->","yoast_head_json":{"title":"Vanhojen n\u00e4ytekokoelmien siirto - It\u00e4-Suomen biopankki","robots":{"index":"index","follow":"follow","max-snippet":"max-snippet:-1","max-image-preview":"max-image-preview:large","max-video-preview":"max-video-preview:-1"},"canonical":"https:\/\/blogs2.uef.fi\/itasuomenbiopankki-vanha\/ita-suomen-biopankki\/vanhojen-naytekokoelmien-siirto\/","og_locale":"fi_FI","og_type":"article","og_title":"Vanhojen n\u00e4ytekokoelmien siirto - It\u00e4-Suomen biopankki","og_description":"Vanhojen n\u00e4ytekokoelmien siirto Vanhoja n\u00e4ytteit\u00e4, jotka on otettu ennen biopankkilain voimaan tuloa (2013), voidaan tai on voitu siirt\u00e4\u00e4 biopankkiin ilman...","og_url":"https:\/\/blogs2.uef.fi\/itasuomenbiopankki-vanha\/ita-suomen-biopankki\/vanhojen-naytekokoelmien-siirto\/","og_site_name":"It\u00e4-Suomen biopankki","article_modified_time":"2024-03-21T11:24:01+00:00","twitter_card":"summary_large_image","twitter_misc":{"Arvioitu lukuaika":"1 minuutti"},"schema":{"@context":"https:\/\/schema.org","@graph":[{"@type":"WebPage","@id":"https:\/\/blogs2.uef.fi\/itasuomenbiopankki-vanha\/ita-suomen-biopankki\/vanhojen-naytekokoelmien-siirto\/","url":"https:\/\/blogs2.uef.fi\/itasuomenbiopankki-vanha\/ita-suomen-biopankki\/vanhojen-naytekokoelmien-siirto\/","name":"Vanhojen n\u00e4ytekokoelmien siirto - It\u00e4-Suomen biopankki","isPartOf":{"@id":"https:\/\/blogs2.uef.fi\/itasuomenbiopankki-vanha\/#website"},"datePublished":"2018-12-13T04:57:52+00:00","dateModified":"2024-03-21T11:24:01+00:00","breadcrumb":{"@id":"https:\/\/blogs2.uef.fi\/itasuomenbiopankki-vanha\/ita-suomen-biopankki\/vanhojen-naytekokoelmien-siirto\/#breadcrumb"},"inLanguage":"fi","potentialAction":[{"@type":"ReadAction","target":["https:\/\/blogs2.uef.fi\/itasuomenbiopankki-vanha\/ita-suomen-biopankki\/vanhojen-naytekokoelmien-siirto\/"]}]},{"@type":"BreadcrumbList","@id":"https:\/\/blogs2.uef.fi\/itasuomenbiopankki-vanha\/ita-suomen-biopankki\/vanhojen-naytekokoelmien-siirto\/#breadcrumb","itemListElement":[{"@type":"ListItem","position":1,"name":"Home","item":"https:\/\/www.ita-suomenbiopankki.fi\/"},{"@type":"ListItem","position":2,"name":"It\u00e4-Suomen biopankki","item":"https:\/\/blogs2.uef.fi\/itasuomenbiopankki-vanha\/ita-suomen-biopankki\/"},{"@type":"ListItem","position":3,"name":"Vanhojen n\u00e4ytekokoelmien siirto"}]},{"@type":"WebSite","@id":"https:\/\/blogs2.uef.fi\/itasuomenbiopankki-vanha\/#website","url":"https:\/\/blogs2.uef.fi\/itasuomenbiopankki-vanha\/","name":"It\u00e4-Suomen biopankki","description":"","potentialAction":[{"@type":"SearchAction","target":{"@type":"EntryPoint","urlTemplate":"https:\/\/blogs2.uef.fi\/itasuomenbiopankki-vanha\/?s={search_term_string}"},"query-input":{"@type":"PropertyValueSpecification","valueRequired":true,"valueName":"search_term_string"}}],"inLanguage":"fi"}]}},"_links":{"self":[{"href":"https:\/\/blogs2.uef.fi\/itasuomenbiopankki-vanha\/wp-json\/wp\/v2\/pages\/235","targetHints":{"allow":["GET"]}}],"collection":[{"href":"https:\/\/blogs2.uef.fi\/itasuomenbiopankki-vanha\/wp-json\/wp\/v2\/pages"}],"about":[{"href":"https:\/\/blogs2.uef.fi\/itasuomenbiopankki-vanha\/wp-json\/wp\/v2\/types\/page"}],"author":[{"embeddable":true,"href":"https:\/\/blogs2.uef.fi\/itasuomenbiopankki-vanha\/wp-json\/wp\/v2\/users\/1"}],"replies":[{"embeddable":true,"href":"https:\/\/blogs2.uef.fi\/itasuomenbiopankki-vanha\/wp-json\/wp\/v2\/comments?post=235"}],"version-history":[{"count":4,"href":"https:\/\/blogs2.uef.fi\/itasuomenbiopankki-vanha\/wp-json\/wp\/v2\/pages\/235\/revisions"}],"predecessor-version":[{"id":4349,"href":"https:\/\/blogs2.uef.fi\/itasuomenbiopankki-vanha\/wp-json\/wp\/v2\/pages\/235\/revisions\/4349"}],"up":[{"embeddable":true,"href":"https:\/\/blogs2.uef.fi\/itasuomenbiopankki-vanha\/wp-json\/wp\/v2\/pages\/108"}],"wp:attachment":[{"href":"https:\/\/blogs2.uef.fi\/itasuomenbiopankki-vanha\/wp-json\/wp\/v2\/media?parent=235"}],"curies":[{"name":"wp","href":"https:\/\/api.w.org\/{rel}","templated":true}]}}