{"id":237,"date":"2018-12-13T06:58:38","date_gmt":"2018-12-13T04:58:38","guid":{"rendered":"https:\/\/ita-suomenbiopankki.fi\/?page_id=237"},"modified":"2020-01-29T12:12:47","modified_gmt":"2020-01-29T10:12:47","slug":"eettiset-nakokulmat","status":"publish","type":"page","link":"https:\/\/blogs2.uef.fi\/itasuomenbiopankki-vanha\/ita-suomen-biopankki\/eettiset-nakokulmat\/","title":{"rendered":"Eettiset n\u00e4k\u00f6kulmat"},"content":{"rendered":"<h1>Eettiset n\u00e4k\u00f6kulmat<\/h1>\n<p>Vastuullinen toiminta, laadukkaat n\u00e4ytteet sek\u00e4 n\u00e4ytteen antajan yksil\u00f6llisyyden ja itsem\u00e4\u00e4r\u00e4\u00e4misoikeuden suojaaminen ohjaavat toimintaamme.<\/p>\n<p>It\u00e4-Suomen Biopankin toiminnan keskeisi\u00e4 periaatteita ovat korkea laatu ja n\u00e4ytteen antajan yksil\u00f6llisyyden ja itsem\u00e4\u00e4r\u00e4\u00e4misoikeuden suojaaminen. Toiminta pidet\u00e4\u00e4n mahdollisimman avoimena ja l\u00e4pin\u00e4kyv\u00e4n\u00e4 kansalaisten, tutkijayhteis\u00f6n ja muiden sidosryhmien suuntaan. Biopankin tutkimusyhteisty\u00f6n s\u00e4\u00e4nn\u00f6t ovat julkisia. Biopankin toiminta perustuu 1.9.2013 voimaan tulleeseen biopankkilakiin (688\/2012) ja toimintaa ohjaa ja valvoo L\u00e4\u00e4kealan turvallisuus- ja kehitt\u00e4miskeskus <a href=\"https:\/\/www.fimea.fi\/\">Fimea<\/a>.<\/p>\n<p>N\u00e4yte- ja tietoluovutuksista tieteelliseen tutkimukseen tehd\u00e4\u00e4n aina kirjallinen sopimus. Biopankkitutkimukset arvioidaan biopankin tieteellisess\u00e4 ohjausryhm\u00e4ss\u00e4, jonka j\u00e4senill\u00e4 on kattava kokemus biol\u00e4\u00e4ketieteellisest\u00e4 tutkimuksesta. My\u00f6s biopankin itse mahdollisesti tekem\u00e4t tutkimukset arvioidaan samojen vaatimusten mukaisesti. Tutkimusprojektin arviointia varten tieteellisen ohjausryhm\u00e4lle on toimitettava yksityiskohtainen selvitys n\u00e4ytteiden ja tietojen k\u00e4sittelyst\u00e4, etenkin miten varmistutaan yksityisyyden suojan, tietosuojan ja tietoturvan toteutumisesta.<\/p>\n","protected":false},"excerpt":{"rendered":"<p>Eettiset n\u00e4k\u00f6kulmat Vastuullinen toiminta, laadukkaat n\u00e4ytteet sek\u00e4 n\u00e4ytteen antajan yksil\u00f6llisyyden ja itsem\u00e4\u00e4r\u00e4\u00e4misoikeuden suojaaminen ohjaavat toimintaamme. It\u00e4-Suomen Biopankin toiminnan keskeisi\u00e4 periaatteita&#8230;<\/p>\n","protected":false},"author":1,"featured_media":0,"parent":108,"menu_order":4,"comment_status":"closed","ping_status":"closed","template":"","meta":{"_acf_changed":false,"footnotes":""},"class_list":["post-237","page","type-page","status-publish","hentry"],"acf":[],"yoast_head":"<!-- This site is optimized with the Yoast SEO plugin v27.3 - https:\/\/yoast.com\/product\/yoast-seo-wordpress\/ -->\n<title>Eettiset n\u00e4k\u00f6kulmat - It\u00e4-Suomen biopankki<\/title>\n<meta name=\"robots\" content=\"index, follow, max-snippet:-1, max-image-preview:large, max-video-preview:-1\" \/>\n<link rel=\"canonical\" href=\"https:\/\/blogs2.uef.fi\/itasuomenbiopankki-vanha\/ita-suomen-biopankki\/eettiset-nakokulmat\/\" \/>\n<meta property=\"og:locale\" content=\"fi_FI\" \/>\n<meta property=\"og:type\" content=\"article\" \/>\n<meta property=\"og:title\" content=\"Eettiset n\u00e4k\u00f6kulmat - It\u00e4-Suomen biopankki\" \/>\n<meta property=\"og:description\" content=\"Eettiset n\u00e4k\u00f6kulmat Vastuullinen toiminta, laadukkaat n\u00e4ytteet sek\u00e4 n\u00e4ytteen antajan yksil\u00f6llisyyden ja itsem\u00e4\u00e4r\u00e4\u00e4misoikeuden suojaaminen ohjaavat toimintaamme. It\u00e4-Suomen Biopankin toiminnan keskeisi\u00e4 periaatteita...\" \/>\n<meta property=\"og:url\" content=\"https:\/\/blogs2.uef.fi\/itasuomenbiopankki-vanha\/ita-suomen-biopankki\/eettiset-nakokulmat\/\" \/>\n<meta property=\"og:site_name\" content=\"It\u00e4-Suomen biopankki\" \/>\n<meta property=\"article:modified_time\" content=\"2020-01-29T10:12:47+00:00\" \/>\n<meta name=\"twitter:card\" content=\"summary_large_image\" \/>\n<meta name=\"twitter:label1\" content=\"Arvioitu lukuaika\" \/>\n\t<meta name=\"twitter:data1\" content=\"1 minuutti\" \/>\n<script type=\"application\/ld+json\" class=\"yoast-schema-graph\">{\"@context\":\"https:\\\/\\\/schema.org\",\"@graph\":[{\"@type\":\"WebPage\",\"@id\":\"https:\\\/\\\/blogs2.uef.fi\\\/itasuomenbiopankki-vanha\\\/ita-suomen-biopankki\\\/eettiset-nakokulmat\\\/\",\"url\":\"https:\\\/\\\/blogs2.uef.fi\\\/itasuomenbiopankki-vanha\\\/ita-suomen-biopankki\\\/eettiset-nakokulmat\\\/\",\"name\":\"Eettiset n\u00e4k\u00f6kulmat - It\u00e4-Suomen biopankki\",\"isPartOf\":{\"@id\":\"https:\\\/\\\/blogs2.uef.fi\\\/itasuomenbiopankki-vanha\\\/#website\"},\"datePublished\":\"2018-12-13T04:58:38+00:00\",\"dateModified\":\"2020-01-29T10:12:47+00:00\",\"breadcrumb\":{\"@id\":\"https:\\\/\\\/blogs2.uef.fi\\\/itasuomenbiopankki-vanha\\\/ita-suomen-biopankki\\\/eettiset-nakokulmat\\\/#breadcrumb\"},\"inLanguage\":\"fi\",\"potentialAction\":[{\"@type\":\"ReadAction\",\"target\":[\"https:\\\/\\\/blogs2.uef.fi\\\/itasuomenbiopankki-vanha\\\/ita-suomen-biopankki\\\/eettiset-nakokulmat\\\/\"]}]},{\"@type\":\"BreadcrumbList\",\"@id\":\"https:\\\/\\\/blogs2.uef.fi\\\/itasuomenbiopankki-vanha\\\/ita-suomen-biopankki\\\/eettiset-nakokulmat\\\/#breadcrumb\",\"itemListElement\":[{\"@type\":\"ListItem\",\"position\":1,\"name\":\"Home\",\"item\":\"https:\\\/\\\/www.ita-suomenbiopankki.fi\\\/\"},{\"@type\":\"ListItem\",\"position\":2,\"name\":\"It\u00e4-Suomen biopankki\",\"item\":\"https:\\\/\\\/blogs2.uef.fi\\\/itasuomenbiopankki-vanha\\\/ita-suomen-biopankki\\\/\"},{\"@type\":\"ListItem\",\"position\":3,\"name\":\"Eettiset n\u00e4k\u00f6kulmat\"}]},{\"@type\":\"WebSite\",\"@id\":\"https:\\\/\\\/blogs2.uef.fi\\\/itasuomenbiopankki-vanha\\\/#website\",\"url\":\"https:\\\/\\\/blogs2.uef.fi\\\/itasuomenbiopankki-vanha\\\/\",\"name\":\"It\u00e4-Suomen biopankki\",\"description\":\"\",\"potentialAction\":[{\"@type\":\"SearchAction\",\"target\":{\"@type\":\"EntryPoint\",\"urlTemplate\":\"https:\\\/\\\/blogs2.uef.fi\\\/itasuomenbiopankki-vanha\\\/?s={search_term_string}\"},\"query-input\":{\"@type\":\"PropertyValueSpecification\",\"valueRequired\":true,\"valueName\":\"search_term_string\"}}],\"inLanguage\":\"fi\"}]}<\/script>\n<!-- \/ Yoast SEO plugin. -->","yoast_head_json":{"title":"Eettiset n\u00e4k\u00f6kulmat - It\u00e4-Suomen biopankki","robots":{"index":"index","follow":"follow","max-snippet":"max-snippet:-1","max-image-preview":"max-image-preview:large","max-video-preview":"max-video-preview:-1"},"canonical":"https:\/\/blogs2.uef.fi\/itasuomenbiopankki-vanha\/ita-suomen-biopankki\/eettiset-nakokulmat\/","og_locale":"fi_FI","og_type":"article","og_title":"Eettiset n\u00e4k\u00f6kulmat - It\u00e4-Suomen biopankki","og_description":"Eettiset n\u00e4k\u00f6kulmat Vastuullinen toiminta, laadukkaat n\u00e4ytteet sek\u00e4 n\u00e4ytteen antajan yksil\u00f6llisyyden ja itsem\u00e4\u00e4r\u00e4\u00e4misoikeuden suojaaminen ohjaavat toimintaamme. It\u00e4-Suomen Biopankin toiminnan keskeisi\u00e4 periaatteita...","og_url":"https:\/\/blogs2.uef.fi\/itasuomenbiopankki-vanha\/ita-suomen-biopankki\/eettiset-nakokulmat\/","og_site_name":"It\u00e4-Suomen biopankki","article_modified_time":"2020-01-29T10:12:47+00:00","twitter_card":"summary_large_image","twitter_misc":{"Arvioitu lukuaika":"1 minuutti"},"schema":{"@context":"https:\/\/schema.org","@graph":[{"@type":"WebPage","@id":"https:\/\/blogs2.uef.fi\/itasuomenbiopankki-vanha\/ita-suomen-biopankki\/eettiset-nakokulmat\/","url":"https:\/\/blogs2.uef.fi\/itasuomenbiopankki-vanha\/ita-suomen-biopankki\/eettiset-nakokulmat\/","name":"Eettiset n\u00e4k\u00f6kulmat - It\u00e4-Suomen biopankki","isPartOf":{"@id":"https:\/\/blogs2.uef.fi\/itasuomenbiopankki-vanha\/#website"},"datePublished":"2018-12-13T04:58:38+00:00","dateModified":"2020-01-29T10:12:47+00:00","breadcrumb":{"@id":"https:\/\/blogs2.uef.fi\/itasuomenbiopankki-vanha\/ita-suomen-biopankki\/eettiset-nakokulmat\/#breadcrumb"},"inLanguage":"fi","potentialAction":[{"@type":"ReadAction","target":["https:\/\/blogs2.uef.fi\/itasuomenbiopankki-vanha\/ita-suomen-biopankki\/eettiset-nakokulmat\/"]}]},{"@type":"BreadcrumbList","@id":"https:\/\/blogs2.uef.fi\/itasuomenbiopankki-vanha\/ita-suomen-biopankki\/eettiset-nakokulmat\/#breadcrumb","itemListElement":[{"@type":"ListItem","position":1,"name":"Home","item":"https:\/\/www.ita-suomenbiopankki.fi\/"},{"@type":"ListItem","position":2,"name":"It\u00e4-Suomen biopankki","item":"https:\/\/blogs2.uef.fi\/itasuomenbiopankki-vanha\/ita-suomen-biopankki\/"},{"@type":"ListItem","position":3,"name":"Eettiset n\u00e4k\u00f6kulmat"}]},{"@type":"WebSite","@id":"https:\/\/blogs2.uef.fi\/itasuomenbiopankki-vanha\/#website","url":"https:\/\/blogs2.uef.fi\/itasuomenbiopankki-vanha\/","name":"It\u00e4-Suomen biopankki","description":"","potentialAction":[{"@type":"SearchAction","target":{"@type":"EntryPoint","urlTemplate":"https:\/\/blogs2.uef.fi\/itasuomenbiopankki-vanha\/?s={search_term_string}"},"query-input":{"@type":"PropertyValueSpecification","valueRequired":true,"valueName":"search_term_string"}}],"inLanguage":"fi"}]}},"_links":{"self":[{"href":"https:\/\/blogs2.uef.fi\/itasuomenbiopankki-vanha\/wp-json\/wp\/v2\/pages\/237","targetHints":{"allow":["GET"]}}],"collection":[{"href":"https:\/\/blogs2.uef.fi\/itasuomenbiopankki-vanha\/wp-json\/wp\/v2\/pages"}],"about":[{"href":"https:\/\/blogs2.uef.fi\/itasuomenbiopankki-vanha\/wp-json\/wp\/v2\/types\/page"}],"author":[{"embeddable":true,"href":"https:\/\/blogs2.uef.fi\/itasuomenbiopankki-vanha\/wp-json\/wp\/v2\/users\/1"}],"replies":[{"embeddable":true,"href":"https:\/\/blogs2.uef.fi\/itasuomenbiopankki-vanha\/wp-json\/wp\/v2\/comments?post=237"}],"version-history":[{"count":4,"href":"https:\/\/blogs2.uef.fi\/itasuomenbiopankki-vanha\/wp-json\/wp\/v2\/pages\/237\/revisions"}],"predecessor-version":[{"id":1617,"href":"https:\/\/blogs2.uef.fi\/itasuomenbiopankki-vanha\/wp-json\/wp\/v2\/pages\/237\/revisions\/1617"}],"up":[{"embeddable":true,"href":"https:\/\/blogs2.uef.fi\/itasuomenbiopankki-vanha\/wp-json\/wp\/v2\/pages\/108"}],"wp:attachment":[{"href":"https:\/\/blogs2.uef.fi\/itasuomenbiopankki-vanha\/wp-json\/wp\/v2\/media?parent=237"}],"curies":[{"name":"wp","href":"https:\/\/api.w.org\/{rel}","templated":true}]}}