{"id":239,"date":"2018-12-13T06:59:11","date_gmt":"2018-12-13T04:59:11","guid":{"rendered":"https:\/\/ita-suomenbiopankki.fi\/?page_id=239"},"modified":"2019-03-04T12:09:25","modified_gmt":"2019-03-04T10:09:25","slug":"biopankkitutkimus","status":"publish","type":"page","link":"https:\/\/blogs2.uef.fi\/itasuomenbiopankki-vanha\/ita-suomen-biopankki\/biopankkitutkimus\/","title":{"rendered":"Biopankkitutkimus"},"content":{"rendered":"<h1><span>Biopankkitutkimus<\/span><\/h1>\n<p>It\u00e4-Suomen maantieteellisen eristyneisyyden ja v\u00e4h\u00e4isen muuttoliikkeen seurauksena syntyneen yhten\u00e4isen v\u00e4est\u00f6pohjan ansiosta alueelta kootut n\u00e4ytekokoelmat ovat erityisen arvokkaita kansanterveyden tutkimukselle.<\/p>\n<p>Terveystieteellinen tutkimusty\u00f6 tarvitsee suuria v\u00e4est\u00f6\u00f6n pohjautuvia n\u00e4ytekokoelmia, joiden hallinnointi ja s\u00e4ilytys vaativat voimavaroja ja osaamista. It\u00e4-Suomen Biopankin teht\u00e4v\u00e4n\u00e4 on ker\u00e4t\u00e4, k\u00e4sitell\u00e4 ja s\u00e4ilytt\u00e4\u00e4 ihmisest\u00e4 otettuja n\u00e4ytteit\u00e4 (esim. kudos-, veri- ja DNA-n\u00e4ytteit\u00e4) ja niihin liittyvi\u00e4 tietoja sek\u00e4 luovuttaa niit\u00e4 eteenp\u00e4in terveystieteelliseen tutkimus- ja tuotekehitysty\u00f6h\u00f6n.<\/p>\n<p>It\u00e4-Suomen Biopankin n\u00e4ytteet ker\u00e4t\u00e4\u00e4n p\u00e4\u00e4s\u00e4\u00e4nt\u00f6isesti hoitoon liittyv\u00e4n n\u00e4ytteenoton yhteydess\u00e4 (esim. verin\u00e4ytteen otto, leikkaukset ja koepalojen otot), jolloin n\u00e4ytteen antajalle ei tehd\u00e4 ylim\u00e4\u00e4r\u00e4isi\u00e4 toimenpiteit\u00e4. Periaatteena on, ettei biopankkitutkimus koskaan vaaranna hoidon toteuttamista tai taudinm\u00e4\u00e4rityst\u00e4.<\/p>\n<p>It\u00e4-Suomen Biopankkiin kootaan, ker\u00e4t\u00e4\u00e4n ja siin\u00e4 s\u00e4ilytet\u00e4\u00e4n n\u00e4ytteit\u00e4 ja niihin liittyv\u00e4\u00e4 tietoa tulevaa biopankkitutkimusta varten. N\u00e4ytteisiin liitet\u00e4\u00e4n tietoa n\u00e4ytteest\u00e4 (esim. n\u00e4ytetyyppi, n\u00e4ytteisiin liittyv\u00e4t havainnot) ja n\u00e4ytteen antajasta (esim. ik\u00e4, sukupuoli, annettu hoito, hoidon tehoaminen, erilaiset mittaukset).<\/p>\n<p>Tutkimustulosten toivotaan auttavan sairauksien ehk\u00e4isemisess\u00e4 ja tehokkaampien hoitomuotojen kehitt\u00e4misess\u00e4. Biopankkitutkimuksen p\u00e4\u00e4tytty\u00e4 n\u00e4ytekohtaiset tutkimustulokset tallennetaan biopankkiin, jonka j\u00e4lkeen n\u00e4ytett\u00e4 tai siit\u00e4 saatua tutkimustulosta voidaan k\u00e4ytt\u00e4\u00e4 tulevissa tutkimuksissa. N\u00e4ytteet ja niist\u00e4 saatava tieto ovat tasapuolisesti tutkijoiden k\u00e4ytett\u00e4viss\u00e4.<\/p>\n<p>N\u00e4ytteit\u00e4 ja niihin liittyv\u00e4\u00e4 tietoa voidaan k\u00e4ytt\u00e4\u00e4 monenlaisissa tutkimuksissa mukaan lukien pitk\u00e4kestoiset seurantatutkimukset ja kansainv\u00e4liset tutkimushankkeet. Niist\u00e4 voidaan my\u00f6s selvitt\u00e4\u00e4 yksil\u00f6n geeniperim\u00e4\u00e4 ja sen vaikutuksia sairastavuuteen. Geeniperim\u00e4\u00e4 koskevan tiedon k\u00e4ytt\u00f6 sairauksien syntymekanismien tutkimuksessa on yleist\u00e4, ja sen odotetaan lis\u00e4\u00e4ntyv\u00e4n tulevaisuudessa.<\/p>\n","protected":false},"excerpt":{"rendered":"<p>Biopankkitutkimus It\u00e4-Suomen maantieteellisen eristyneisyyden ja v\u00e4h\u00e4isen muuttoliikkeen seurauksena syntyneen yhten\u00e4isen v\u00e4est\u00f6pohjan ansiosta alueelta kootut n\u00e4ytekokoelmat ovat erityisen arvokkaita kansanterveyden tutkimukselle&#8230;.<\/p>\n","protected":false},"author":1,"featured_media":0,"parent":108,"menu_order":5,"comment_status":"closed","ping_status":"closed","template":"","meta":{"_acf_changed":false,"footnotes":""},"class_list":["post-239","page","type-page","status-publish","hentry"],"acf":[],"yoast_head":"<!-- This site is optimized with the Yoast SEO plugin v27.3 - https:\/\/yoast.com\/product\/yoast-seo-wordpress\/ -->\n<title>Biopankkitutkimus - It\u00e4-Suomen biopankki<\/title>\n<meta name=\"robots\" content=\"index, follow, max-snippet:-1, max-image-preview:large, max-video-preview:-1\" \/>\n<link rel=\"canonical\" href=\"https:\/\/blogs2.uef.fi\/itasuomenbiopankki-vanha\/ita-suomen-biopankki\/biopankkitutkimus\/\" \/>\n<meta property=\"og:locale\" content=\"fi_FI\" \/>\n<meta property=\"og:type\" content=\"article\" \/>\n<meta property=\"og:title\" content=\"Biopankkitutkimus - It\u00e4-Suomen biopankki\" \/>\n<meta property=\"og:description\" content=\"Biopankkitutkimus It\u00e4-Suomen maantieteellisen eristyneisyyden ja v\u00e4h\u00e4isen muuttoliikkeen seurauksena syntyneen yhten\u00e4isen v\u00e4est\u00f6pohjan ansiosta alueelta kootut n\u00e4ytekokoelmat ovat erityisen arvokkaita kansanterveyden tutkimukselle....\" \/>\n<meta property=\"og:url\" content=\"https:\/\/blogs2.uef.fi\/itasuomenbiopankki-vanha\/ita-suomen-biopankki\/biopankkitutkimus\/\" \/>\n<meta property=\"og:site_name\" content=\"It\u00e4-Suomen biopankki\" \/>\n<meta property=\"article:modified_time\" content=\"2019-03-04T10:09:25+00:00\" \/>\n<meta name=\"twitter:card\" content=\"summary_large_image\" \/>\n<meta name=\"twitter:label1\" content=\"Arvioitu lukuaika\" \/>\n\t<meta name=\"twitter:data1\" content=\"1 minuutti\" \/>\n<script type=\"application\/ld+json\" class=\"yoast-schema-graph\">{\"@context\":\"https:\\\/\\\/schema.org\",\"@graph\":[{\"@type\":\"WebPage\",\"@id\":\"https:\\\/\\\/blogs2.uef.fi\\\/itasuomenbiopankki-vanha\\\/ita-suomen-biopankki\\\/biopankkitutkimus\\\/\",\"url\":\"https:\\\/\\\/blogs2.uef.fi\\\/itasuomenbiopankki-vanha\\\/ita-suomen-biopankki\\\/biopankkitutkimus\\\/\",\"name\":\"Biopankkitutkimus - It\u00e4-Suomen biopankki\",\"isPartOf\":{\"@id\":\"https:\\\/\\\/blogs2.uef.fi\\\/itasuomenbiopankki-vanha\\\/#website\"},\"datePublished\":\"2018-12-13T04:59:11+00:00\",\"dateModified\":\"2019-03-04T10:09:25+00:00\",\"breadcrumb\":{\"@id\":\"https:\\\/\\\/blogs2.uef.fi\\\/itasuomenbiopankki-vanha\\\/ita-suomen-biopankki\\\/biopankkitutkimus\\\/#breadcrumb\"},\"inLanguage\":\"fi\",\"potentialAction\":[{\"@type\":\"ReadAction\",\"target\":[\"https:\\\/\\\/blogs2.uef.fi\\\/itasuomenbiopankki-vanha\\\/ita-suomen-biopankki\\\/biopankkitutkimus\\\/\"]}]},{\"@type\":\"BreadcrumbList\",\"@id\":\"https:\\\/\\\/blogs2.uef.fi\\\/itasuomenbiopankki-vanha\\\/ita-suomen-biopankki\\\/biopankkitutkimus\\\/#breadcrumb\",\"itemListElement\":[{\"@type\":\"ListItem\",\"position\":1,\"name\":\"Home\",\"item\":\"https:\\\/\\\/www.ita-suomenbiopankki.fi\\\/\"},{\"@type\":\"ListItem\",\"position\":2,\"name\":\"It\u00e4-Suomen biopankki\",\"item\":\"https:\\\/\\\/blogs2.uef.fi\\\/itasuomenbiopankki-vanha\\\/ita-suomen-biopankki\\\/\"},{\"@type\":\"ListItem\",\"position\":3,\"name\":\"Biopankkitutkimus\"}]},{\"@type\":\"WebSite\",\"@id\":\"https:\\\/\\\/blogs2.uef.fi\\\/itasuomenbiopankki-vanha\\\/#website\",\"url\":\"https:\\\/\\\/blogs2.uef.fi\\\/itasuomenbiopankki-vanha\\\/\",\"name\":\"It\u00e4-Suomen biopankki\",\"description\":\"\",\"potentialAction\":[{\"@type\":\"SearchAction\",\"target\":{\"@type\":\"EntryPoint\",\"urlTemplate\":\"https:\\\/\\\/blogs2.uef.fi\\\/itasuomenbiopankki-vanha\\\/?s={search_term_string}\"},\"query-input\":{\"@type\":\"PropertyValueSpecification\",\"valueRequired\":true,\"valueName\":\"search_term_string\"}}],\"inLanguage\":\"fi\"}]}<\/script>\n<!-- \/ Yoast SEO plugin. -->","yoast_head_json":{"title":"Biopankkitutkimus - It\u00e4-Suomen biopankki","robots":{"index":"index","follow":"follow","max-snippet":"max-snippet:-1","max-image-preview":"max-image-preview:large","max-video-preview":"max-video-preview:-1"},"canonical":"https:\/\/blogs2.uef.fi\/itasuomenbiopankki-vanha\/ita-suomen-biopankki\/biopankkitutkimus\/","og_locale":"fi_FI","og_type":"article","og_title":"Biopankkitutkimus - It\u00e4-Suomen biopankki","og_description":"Biopankkitutkimus It\u00e4-Suomen maantieteellisen eristyneisyyden ja v\u00e4h\u00e4isen muuttoliikkeen seurauksena syntyneen yhten\u00e4isen v\u00e4est\u00f6pohjan ansiosta alueelta kootut n\u00e4ytekokoelmat ovat erityisen arvokkaita kansanterveyden tutkimukselle....","og_url":"https:\/\/blogs2.uef.fi\/itasuomenbiopankki-vanha\/ita-suomen-biopankki\/biopankkitutkimus\/","og_site_name":"It\u00e4-Suomen biopankki","article_modified_time":"2019-03-04T10:09:25+00:00","twitter_card":"summary_large_image","twitter_misc":{"Arvioitu lukuaika":"1 minuutti"},"schema":{"@context":"https:\/\/schema.org","@graph":[{"@type":"WebPage","@id":"https:\/\/blogs2.uef.fi\/itasuomenbiopankki-vanha\/ita-suomen-biopankki\/biopankkitutkimus\/","url":"https:\/\/blogs2.uef.fi\/itasuomenbiopankki-vanha\/ita-suomen-biopankki\/biopankkitutkimus\/","name":"Biopankkitutkimus - It\u00e4-Suomen biopankki","isPartOf":{"@id":"https:\/\/blogs2.uef.fi\/itasuomenbiopankki-vanha\/#website"},"datePublished":"2018-12-13T04:59:11+00:00","dateModified":"2019-03-04T10:09:25+00:00","breadcrumb":{"@id":"https:\/\/blogs2.uef.fi\/itasuomenbiopankki-vanha\/ita-suomen-biopankki\/biopankkitutkimus\/#breadcrumb"},"inLanguage":"fi","potentialAction":[{"@type":"ReadAction","target":["https:\/\/blogs2.uef.fi\/itasuomenbiopankki-vanha\/ita-suomen-biopankki\/biopankkitutkimus\/"]}]},{"@type":"BreadcrumbList","@id":"https:\/\/blogs2.uef.fi\/itasuomenbiopankki-vanha\/ita-suomen-biopankki\/biopankkitutkimus\/#breadcrumb","itemListElement":[{"@type":"ListItem","position":1,"name":"Home","item":"https:\/\/www.ita-suomenbiopankki.fi\/"},{"@type":"ListItem","position":2,"name":"It\u00e4-Suomen biopankki","item":"https:\/\/blogs2.uef.fi\/itasuomenbiopankki-vanha\/ita-suomen-biopankki\/"},{"@type":"ListItem","position":3,"name":"Biopankkitutkimus"}]},{"@type":"WebSite","@id":"https:\/\/blogs2.uef.fi\/itasuomenbiopankki-vanha\/#website","url":"https:\/\/blogs2.uef.fi\/itasuomenbiopankki-vanha\/","name":"It\u00e4-Suomen biopankki","description":"","potentialAction":[{"@type":"SearchAction","target":{"@type":"EntryPoint","urlTemplate":"https:\/\/blogs2.uef.fi\/itasuomenbiopankki-vanha\/?s={search_term_string}"},"query-input":{"@type":"PropertyValueSpecification","valueRequired":true,"valueName":"search_term_string"}}],"inLanguage":"fi"}]}},"_links":{"self":[{"href":"https:\/\/blogs2.uef.fi\/itasuomenbiopankki-vanha\/wp-json\/wp\/v2\/pages\/239","targetHints":{"allow":["GET"]}}],"collection":[{"href":"https:\/\/blogs2.uef.fi\/itasuomenbiopankki-vanha\/wp-json\/wp\/v2\/pages"}],"about":[{"href":"https:\/\/blogs2.uef.fi\/itasuomenbiopankki-vanha\/wp-json\/wp\/v2\/types\/page"}],"author":[{"embeddable":true,"href":"https:\/\/blogs2.uef.fi\/itasuomenbiopankki-vanha\/wp-json\/wp\/v2\/users\/1"}],"replies":[{"embeddable":true,"href":"https:\/\/blogs2.uef.fi\/itasuomenbiopankki-vanha\/wp-json\/wp\/v2\/comments?post=239"}],"version-history":[{"count":6,"href":"https:\/\/blogs2.uef.fi\/itasuomenbiopankki-vanha\/wp-json\/wp\/v2\/pages\/239\/revisions"}],"predecessor-version":[{"id":649,"href":"https:\/\/blogs2.uef.fi\/itasuomenbiopankki-vanha\/wp-json\/wp\/v2\/pages\/239\/revisions\/649"}],"up":[{"embeddable":true,"href":"https:\/\/blogs2.uef.fi\/itasuomenbiopankki-vanha\/wp-json\/wp\/v2\/pages\/108"}],"wp:attachment":[{"href":"https:\/\/blogs2.uef.fi\/itasuomenbiopankki-vanha\/wp-json\/wp\/v2\/media?parent=239"}],"curies":[{"name":"wp","href":"https:\/\/api.w.org\/{rel}","templated":true}]}}