{"id":241,"date":"2018-12-13T06:59:40","date_gmt":"2018-12-13T04:59:40","guid":{"rendered":"https:\/\/ita-suomenbiopankki.fi\/?page_id=241"},"modified":"2024-03-21T13:25:56","modified_gmt":"2024-03-21T11:25:56","slug":"yhteistyo","status":"publish","type":"page","link":"https:\/\/blogs2.uef.fi\/itasuomenbiopankki-vanha\/ita-suomen-biopankki\/yhteistyo\/","title":{"rendered":"Yhteisty\u00f6"},"content":{"rendered":"<h1><span>Yhteisty\u00f6<\/span><\/h1>\n<p><span>It\u00e4-Suomen Biopankki toimii paikallisesti l\u00e4heisess\u00e4 yhteisty\u00f6ss\u00e4 <a href=\"https:\/\/pshyvinvointialue.fi\/\" target=\"_blank\" rel=\"noopener\">Pohjois-Savon hyvinvointialueen<\/a>, <a href=\"https:\/\/etelasavonha.fi\/\" target=\"_blank\" rel=\"noopener\">Etel\u00e4-Savon hyvinvointialueen<\/a>, <a href=\"https:\/\/www.siunsote.fi\/\" target=\"_blank\" rel=\"noopener\">Pohjois-Karjalan hyvinvointialue \u2013 Siun soten<\/a><\/span><span> sek\u00e4\u00a0<\/span><a href=\"http:\/\/www.uef.fi\/\" target=\"_blank\" rel=\"noopener\">It\u00e4-Suomen yliopiston<\/a><span>\u00a0kanssa.<\/span><\/p>\n<p><a href=\"https:\/\/finbb.fi\">FINBB<\/a> on biopankkien osuuskunta, jonka omistajia ovat suomalaiset yliopistot ja yliopistosairaalat. FINBB:n j\u00e4seni\u00e4 ovat kaikki Suomen sairaalabiopankit. Osuuskunnan tavoitteena on luoda Suomeen kansainv\u00e4lisesti edistyksellinen biopankki-infrastruktuuri.<\/p>\n<p>It\u00e4-Suomen Biopankki on mukana kansallisen biopankkiverkoston\u00a0<a href=\"http:\/\/www.bbmri.fi\/fi\" target=\"_blank\" rel=\"noopener\">BBMRI.fi<\/a> toiminnassa. Verkoston teht\u00e4v\u00e4n\u00e4 on suomalaisten biopankkien ja n\u00e4ytteit\u00e4 ker\u00e4\u00e4vien tutkimushankkeiden yhteisty\u00f6n edist\u00e4minen, toteuttaminen ja linkitt\u00e4minen eurooppalaiseen biopankkiverkostoon.<\/p>\n<p>Kansallisen biopankkiverkoston p\u00e4\u00e4m\u00e4\u00e4r\u00e4n\u00e4 on yhteisten ja yhteensopivien toimintamallien k\u00e4ytt\u00f6\u00f6notto suomalaisessa biopankkitoiminnassa. Tavoitteena on korkealaatuisten ihmisalkuper\u00e4\u00e4 olevien n\u00e4ytteiden saattaminen tutkimus- ja kehitystoiminnan perustaksi. Lis\u00e4ksi luodaan biopankkitoimijoiden, rahoittajien, viranomaisten ja tutkittavien\/kansalaisten v\u00e4linen biopankkitoiminnan yhteisty\u00f6- ja keskustelufoorumi.<\/p>\n<p>It\u00e4-Suomen Biopankki tekee kansainv\u00e4list\u00e4 yhteisty\u00f6t\u00e4 osana eurooppalaisten biopankkien <a href=\"http:\/\/www.bbmri-eric.eu\/\" target=\"_blank\" rel=\"noopener\">BBMRI-ERIC-verkostoa<\/a>.<\/p>\n","protected":false},"excerpt":{"rendered":"<p>Yhteisty\u00f6 It\u00e4-Suomen Biopankki toimii paikallisesti l\u00e4heisess\u00e4 yhteisty\u00f6ss\u00e4 Pohjois-Savon hyvinvointialueen, Etel\u00e4-Savon hyvinvointialueen, Pohjois-Karjalan hyvinvointialue \u2013 Siun soten sek\u00e4\u00a0It\u00e4-Suomen yliopiston\u00a0kanssa. FINBB on&#8230;<\/p>\n","protected":false},"author":1,"featured_media":0,"parent":108,"menu_order":6,"comment_status":"closed","ping_status":"closed","template":"","meta":{"_acf_changed":false,"footnotes":""},"class_list":["post-241","page","type-page","status-publish","hentry"],"acf":[],"yoast_head":"<!-- This site is optimized with the Yoast SEO plugin v27.3 - https:\/\/yoast.com\/product\/yoast-seo-wordpress\/ -->\n<title>Yhteisty\u00f6 - It\u00e4-Suomen biopankki<\/title>\n<meta name=\"robots\" content=\"index, follow, max-snippet:-1, max-image-preview:large, max-video-preview:-1\" \/>\n<link rel=\"canonical\" href=\"https:\/\/blogs2.uef.fi\/itasuomenbiopankki-vanha\/ita-suomen-biopankki\/yhteistyo\/\" \/>\n<meta property=\"og:locale\" content=\"fi_FI\" \/>\n<meta property=\"og:type\" content=\"article\" \/>\n<meta property=\"og:title\" content=\"Yhteisty\u00f6 - It\u00e4-Suomen biopankki\" \/>\n<meta property=\"og:description\" content=\"Yhteisty\u00f6 It\u00e4-Suomen Biopankki toimii paikallisesti l\u00e4heisess\u00e4 yhteisty\u00f6ss\u00e4 Pohjois-Savon hyvinvointialueen, Etel\u00e4-Savon hyvinvointialueen, Pohjois-Karjalan hyvinvointialue \u2013 Siun soten sek\u00e4\u00a0It\u00e4-Suomen yliopiston\u00a0kanssa. FINBB on...\" \/>\n<meta property=\"og:url\" content=\"https:\/\/blogs2.uef.fi\/itasuomenbiopankki-vanha\/ita-suomen-biopankki\/yhteistyo\/\" \/>\n<meta property=\"og:site_name\" content=\"It\u00e4-Suomen biopankki\" \/>\n<meta property=\"article:modified_time\" content=\"2024-03-21T11:25:56+00:00\" \/>\n<meta name=\"twitter:card\" content=\"summary_large_image\" \/>\n<meta name=\"twitter:label1\" content=\"Arvioitu lukuaika\" \/>\n\t<meta name=\"twitter:data1\" content=\"1 minuutti\" \/>\n<script type=\"application\/ld+json\" class=\"yoast-schema-graph\">{\"@context\":\"https:\\\/\\\/schema.org\",\"@graph\":[{\"@type\":\"WebPage\",\"@id\":\"https:\\\/\\\/blogs2.uef.fi\\\/itasuomenbiopankki-vanha\\\/ita-suomen-biopankki\\\/yhteistyo\\\/\",\"url\":\"https:\\\/\\\/blogs2.uef.fi\\\/itasuomenbiopankki-vanha\\\/ita-suomen-biopankki\\\/yhteistyo\\\/\",\"name\":\"Yhteisty\u00f6 - It\u00e4-Suomen biopankki\",\"isPartOf\":{\"@id\":\"https:\\\/\\\/blogs2.uef.fi\\\/itasuomenbiopankki-vanha\\\/#website\"},\"datePublished\":\"2018-12-13T04:59:40+00:00\",\"dateModified\":\"2024-03-21T11:25:56+00:00\",\"breadcrumb\":{\"@id\":\"https:\\\/\\\/blogs2.uef.fi\\\/itasuomenbiopankki-vanha\\\/ita-suomen-biopankki\\\/yhteistyo\\\/#breadcrumb\"},\"inLanguage\":\"fi\",\"potentialAction\":[{\"@type\":\"ReadAction\",\"target\":[\"https:\\\/\\\/blogs2.uef.fi\\\/itasuomenbiopankki-vanha\\\/ita-suomen-biopankki\\\/yhteistyo\\\/\"]}]},{\"@type\":\"BreadcrumbList\",\"@id\":\"https:\\\/\\\/blogs2.uef.fi\\\/itasuomenbiopankki-vanha\\\/ita-suomen-biopankki\\\/yhteistyo\\\/#breadcrumb\",\"itemListElement\":[{\"@type\":\"ListItem\",\"position\":1,\"name\":\"Home\",\"item\":\"https:\\\/\\\/www.ita-suomenbiopankki.fi\\\/\"},{\"@type\":\"ListItem\",\"position\":2,\"name\":\"It\u00e4-Suomen biopankki\",\"item\":\"https:\\\/\\\/blogs2.uef.fi\\\/itasuomenbiopankki-vanha\\\/ita-suomen-biopankki\\\/\"},{\"@type\":\"ListItem\",\"position\":3,\"name\":\"Yhteisty\u00f6\"}]},{\"@type\":\"WebSite\",\"@id\":\"https:\\\/\\\/blogs2.uef.fi\\\/itasuomenbiopankki-vanha\\\/#website\",\"url\":\"https:\\\/\\\/blogs2.uef.fi\\\/itasuomenbiopankki-vanha\\\/\",\"name\":\"It\u00e4-Suomen biopankki\",\"description\":\"\",\"potentialAction\":[{\"@type\":\"SearchAction\",\"target\":{\"@type\":\"EntryPoint\",\"urlTemplate\":\"https:\\\/\\\/blogs2.uef.fi\\\/itasuomenbiopankki-vanha\\\/?s={search_term_string}\"},\"query-input\":{\"@type\":\"PropertyValueSpecification\",\"valueRequired\":true,\"valueName\":\"search_term_string\"}}],\"inLanguage\":\"fi\"}]}<\/script>\n<!-- \/ Yoast SEO plugin. -->","yoast_head_json":{"title":"Yhteisty\u00f6 - It\u00e4-Suomen biopankki","robots":{"index":"index","follow":"follow","max-snippet":"max-snippet:-1","max-image-preview":"max-image-preview:large","max-video-preview":"max-video-preview:-1"},"canonical":"https:\/\/blogs2.uef.fi\/itasuomenbiopankki-vanha\/ita-suomen-biopankki\/yhteistyo\/","og_locale":"fi_FI","og_type":"article","og_title":"Yhteisty\u00f6 - It\u00e4-Suomen biopankki","og_description":"Yhteisty\u00f6 It\u00e4-Suomen Biopankki toimii paikallisesti l\u00e4heisess\u00e4 yhteisty\u00f6ss\u00e4 Pohjois-Savon hyvinvointialueen, Etel\u00e4-Savon hyvinvointialueen, Pohjois-Karjalan hyvinvointialue \u2013 Siun soten sek\u00e4\u00a0It\u00e4-Suomen yliopiston\u00a0kanssa. FINBB on...","og_url":"https:\/\/blogs2.uef.fi\/itasuomenbiopankki-vanha\/ita-suomen-biopankki\/yhteistyo\/","og_site_name":"It\u00e4-Suomen biopankki","article_modified_time":"2024-03-21T11:25:56+00:00","twitter_card":"summary_large_image","twitter_misc":{"Arvioitu lukuaika":"1 minuutti"},"schema":{"@context":"https:\/\/schema.org","@graph":[{"@type":"WebPage","@id":"https:\/\/blogs2.uef.fi\/itasuomenbiopankki-vanha\/ita-suomen-biopankki\/yhteistyo\/","url":"https:\/\/blogs2.uef.fi\/itasuomenbiopankki-vanha\/ita-suomen-biopankki\/yhteistyo\/","name":"Yhteisty\u00f6 - It\u00e4-Suomen biopankki","isPartOf":{"@id":"https:\/\/blogs2.uef.fi\/itasuomenbiopankki-vanha\/#website"},"datePublished":"2018-12-13T04:59:40+00:00","dateModified":"2024-03-21T11:25:56+00:00","breadcrumb":{"@id":"https:\/\/blogs2.uef.fi\/itasuomenbiopankki-vanha\/ita-suomen-biopankki\/yhteistyo\/#breadcrumb"},"inLanguage":"fi","potentialAction":[{"@type":"ReadAction","target":["https:\/\/blogs2.uef.fi\/itasuomenbiopankki-vanha\/ita-suomen-biopankki\/yhteistyo\/"]}]},{"@type":"BreadcrumbList","@id":"https:\/\/blogs2.uef.fi\/itasuomenbiopankki-vanha\/ita-suomen-biopankki\/yhteistyo\/#breadcrumb","itemListElement":[{"@type":"ListItem","position":1,"name":"Home","item":"https:\/\/www.ita-suomenbiopankki.fi\/"},{"@type":"ListItem","position":2,"name":"It\u00e4-Suomen biopankki","item":"https:\/\/blogs2.uef.fi\/itasuomenbiopankki-vanha\/ita-suomen-biopankki\/"},{"@type":"ListItem","position":3,"name":"Yhteisty\u00f6"}]},{"@type":"WebSite","@id":"https:\/\/blogs2.uef.fi\/itasuomenbiopankki-vanha\/#website","url":"https:\/\/blogs2.uef.fi\/itasuomenbiopankki-vanha\/","name":"It\u00e4-Suomen biopankki","description":"","potentialAction":[{"@type":"SearchAction","target":{"@type":"EntryPoint","urlTemplate":"https:\/\/blogs2.uef.fi\/itasuomenbiopankki-vanha\/?s={search_term_string}"},"query-input":{"@type":"PropertyValueSpecification","valueRequired":true,"valueName":"search_term_string"}}],"inLanguage":"fi"}]}},"_links":{"self":[{"href":"https:\/\/blogs2.uef.fi\/itasuomenbiopankki-vanha\/wp-json\/wp\/v2\/pages\/241","targetHints":{"allow":["GET"]}}],"collection":[{"href":"https:\/\/blogs2.uef.fi\/itasuomenbiopankki-vanha\/wp-json\/wp\/v2\/pages"}],"about":[{"href":"https:\/\/blogs2.uef.fi\/itasuomenbiopankki-vanha\/wp-json\/wp\/v2\/types\/page"}],"author":[{"embeddable":true,"href":"https:\/\/blogs2.uef.fi\/itasuomenbiopankki-vanha\/wp-json\/wp\/v2\/users\/1"}],"replies":[{"embeddable":true,"href":"https:\/\/blogs2.uef.fi\/itasuomenbiopankki-vanha\/wp-json\/wp\/v2\/comments?post=241"}],"version-history":[{"count":3,"href":"https:\/\/blogs2.uef.fi\/itasuomenbiopankki-vanha\/wp-json\/wp\/v2\/pages\/241\/revisions"}],"predecessor-version":[{"id":4352,"href":"https:\/\/blogs2.uef.fi\/itasuomenbiopankki-vanha\/wp-json\/wp\/v2\/pages\/241\/revisions\/4352"}],"up":[{"embeddable":true,"href":"https:\/\/blogs2.uef.fi\/itasuomenbiopankki-vanha\/wp-json\/wp\/v2\/pages\/108"}],"wp:attachment":[{"href":"https:\/\/blogs2.uef.fi\/itasuomenbiopankki-vanha\/wp-json\/wp\/v2\/media?parent=241"}],"curies":[{"name":"wp","href":"https:\/\/api.w.org\/{rel}","templated":true}]}}