{"id":2462,"date":"2020-09-22T14:43:40","date_gmt":"2020-09-22T11:43:40","guid":{"rendered":"https:\/\/ita-suomenbiopankki.fi\/?page_id=2462"},"modified":"2025-01-21T13:10:22","modified_gmt":"2025-01-21T11:10:22","slug":"saavutettavuusseloste","status":"publish","type":"page","link":"https:\/\/blogs2.uef.fi\/itasuomenbiopankki-vanha\/ita-suomen-biopankki\/saavutettavuusseloste\/","title":{"rendered":"Saavutettavuusseloste"},"content":{"rendered":"<h1>Saavutettavuusseloste<\/h1>\n<p>It\u00e4-Suomen Biopankin tavoitteena on taata verkkosivustonsa saavutettavuus <a href=\"https:\/\/www.finlex.fi\/fi\/laki\/alkup\/2019\/20190306\">digitaalisten palvelujen tarjoamisesta annetun lain<\/a> (finlex.fi <span aria-hidden=\"true\">\u2197<\/span>) ja <a href=\"https:\/\/eur-lex.europa.eu\/legal-content\/FI\/TXT\/HTML\/?uri=CELEX:32016L2102&amp;from=FI\">EU:n saavutettavuusdirektiivin<\/a> (europa.eu <span aria-hidden=\"true\">\u2197<\/span>) mukaisesti. T\u00e4m\u00e4 saavuutettavuussseloste koskee www.ita-suomenbiopankki.fi-verkkosivustoa.<\/p>\n<p>Verkkosivusto www.ita-suomenbiopankki.fi on julkaistu 5.3.2019, ja t\u00e4m\u00e4 seloste on laadittu 22.9.2020. Seloste perustuu itsearvioon sek\u00e4 Siteimprove-testausohjelmalla suoritettuun tarkastukseen.<\/p>\n<h2>Vaatimustenmukaisuus<\/h2>\n<p>It\u00e4-Suomen Biopankin verkkosivusto vastaa p\u00e4\u00e4osin Web Content Accessibility Guidelines (WCAG) 2.1:ss\u00e4 esitettyjen vaatimusten tasoa AA ja AAA.<\/p>\n<p>Sivuston kuvien selitetekstit ovat vaillinaisia. Kuvat korjataan mahdollisimman pian.<br \/>\nOsa sivustolla olevista tiedostoista ei ole saavutettavuusvaatimusten mukaisia. Tiedostot korjataan saavutettavaksi niit\u00e4 p\u00e4ivitett\u00e4ess\u00e4.<\/p>\n<h2>Palaute ja yhteystiedot<\/h2>\n<p>It\u00e4-Suomen Biopankin verkkosivuston saavutettavuudesta voi antaa palautetta s\u00e4hk\u00f6postiosoitteeseen info@ita-suomenbiopankki.fi tai puhelimitse 017\u00a0173\u00a0311 (vaihde). Ei-saavutettavia sis\u00e4lt\u00f6j\u00e4 voi pyyt\u00e4\u00e4 saavutettavassa muodossa. Palaute vastaanotetaan It\u00e4-Suomen Biopankissa ja k\u00e4sitell\u00e4\u00e4n 14 vuorokauden kuluessa.<\/p>\n<h2><strong>Saavutettavuuskantelu ja saavutettavuusselvityspyynt\u00f6<\/strong><\/h2>\n<p>Mik\u00e4li saat saavutettavuuspalautteeseesi ep\u00e4tyydytt\u00e4v\u00e4n vastauksen It\u00e4-Suomen Biopankilta tai et saa pyydetty\u00e4 sis\u00e4lt\u00f6\u00e4 saavutettavassa muodossa, voit tehd\u00e4 sivustosta saavutettavuuskantelun tai saavutettavuusselvityspyynn\u00f6n. Traficom on 1.1.2025 l\u00e4htien saavutettavuusvaatimusten toteutumista valvova viranomainen Suomessa.\u00a0 <a href=\"https:\/\/www.saavutettavuusvaatimukset.fi\" rel=\"noopener noreferrer\">Saavutettavuusvaatimukset <\/a>sivulla (saavutettavuusvaatimukset.fi <span aria-hidden=\"true\">\u2197<\/span>) on ohjeet ja osoitteet ilmoituksen tekemiseen.<\/p>\n<h2>Valvontaviranomaisen yhteystiedot<\/h2>\n<p><span>Liikenne- ja viestint\u00e4virasto Traficom<\/span><br \/>\n<span>Digitaalisen esteett\u00f6myyden ja saavutettavuuden valvontayksikk\u00f6<\/span><br \/>\n<span>www.saavutettavuusvaatimukset.fi<\/span><br \/>\n<span>saavutettavuus@traficom.fi<\/span><br \/>\n<span>puhelinnumero vaihde 029 534 5000<\/span><\/p>\n<p><span>Finnish Transport and Communications Agency Traficom<\/span><br \/>\n<span>Digital Accessibility Supervision Unit<\/span><br \/>\n<span>www.webaccessibility.fi<\/span><br \/>\n<span>saavutettavuus@traficom.fi<\/span><br \/>\n<span>telephone switchboard 029 534 5000<\/span><\/p>\n<p>P\u00e4ivitetty 21.1.2025<\/p>\n","protected":false},"excerpt":{"rendered":"<p>Saavutettavuusseloste It\u00e4-Suomen Biopankin tavoitteena on taata verkkosivustonsa saavutettavuus digitaalisten palvelujen tarjoamisesta annetun lain (finlex.fi \u2197) ja EU:n saavutettavuusdirektiivin (europa.eu \u2197)&#8230;<\/p>\n","protected":false},"author":175,"featured_media":0,"parent":108,"menu_order":1,"comment_status":"closed","ping_status":"closed","template":"","meta":{"_acf_changed":false,"footnotes":""},"class_list":["post-2462","page","type-page","status-publish","hentry"],"acf":[],"yoast_head":"<!-- This site is optimized with the Yoast SEO plugin v27.3 - https:\/\/yoast.com\/product\/yoast-seo-wordpress\/ -->\n<title>Saavutettavuusseloste - It\u00e4-Suomen biopankki<\/title>\n<meta name=\"robots\" content=\"index, follow, max-snippet:-1, max-image-preview:large, max-video-preview:-1\" \/>\n<link rel=\"canonical\" href=\"https:\/\/blogs2.uef.fi\/itasuomenbiopankki-vanha\/ita-suomen-biopankki\/saavutettavuusseloste\/\" \/>\n<meta property=\"og:locale\" content=\"fi_FI\" \/>\n<meta property=\"og:type\" content=\"article\" \/>\n<meta property=\"og:title\" content=\"Saavutettavuusseloste - It\u00e4-Suomen biopankki\" \/>\n<meta property=\"og:description\" content=\"Saavutettavuusseloste It\u00e4-Suomen Biopankin tavoitteena on taata verkkosivustonsa saavutettavuus digitaalisten palvelujen tarjoamisesta annetun lain (finlex.fi \u2197) ja EU:n saavutettavuusdirektiivin (europa.eu \u2197)...\" \/>\n<meta property=\"og:url\" content=\"https:\/\/blogs2.uef.fi\/itasuomenbiopankki-vanha\/ita-suomen-biopankki\/saavutettavuusseloste\/\" \/>\n<meta property=\"og:site_name\" content=\"It\u00e4-Suomen biopankki\" \/>\n<meta property=\"article:modified_time\" content=\"2025-01-21T11:10:22+00:00\" \/>\n<meta name=\"twitter:card\" content=\"summary_large_image\" \/>\n<meta name=\"twitter:label1\" content=\"Arvioitu lukuaika\" \/>\n\t<meta name=\"twitter:data1\" content=\"2 minuuttia\" \/>\n<script type=\"application\/ld+json\" class=\"yoast-schema-graph\">{\"@context\":\"https:\\\/\\\/schema.org\",\"@graph\":[{\"@type\":\"WebPage\",\"@id\":\"https:\\\/\\\/blogs2.uef.fi\\\/itasuomenbiopankki-vanha\\\/ita-suomen-biopankki\\\/saavutettavuusseloste\\\/\",\"url\":\"https:\\\/\\\/blogs2.uef.fi\\\/itasuomenbiopankki-vanha\\\/ita-suomen-biopankki\\\/saavutettavuusseloste\\\/\",\"name\":\"Saavutettavuusseloste - It\u00e4-Suomen biopankki\",\"isPartOf\":{\"@id\":\"https:\\\/\\\/blogs2.uef.fi\\\/itasuomenbiopankki-vanha\\\/#website\"},\"datePublished\":\"2020-09-22T11:43:40+00:00\",\"dateModified\":\"2025-01-21T11:10:22+00:00\",\"breadcrumb\":{\"@id\":\"https:\\\/\\\/blogs2.uef.fi\\\/itasuomenbiopankki-vanha\\\/ita-suomen-biopankki\\\/saavutettavuusseloste\\\/#breadcrumb\"},\"inLanguage\":\"fi\",\"potentialAction\":[{\"@type\":\"ReadAction\",\"target\":[\"https:\\\/\\\/blogs2.uef.fi\\\/itasuomenbiopankki-vanha\\\/ita-suomen-biopankki\\\/saavutettavuusseloste\\\/\"]}]},{\"@type\":\"BreadcrumbList\",\"@id\":\"https:\\\/\\\/blogs2.uef.fi\\\/itasuomenbiopankki-vanha\\\/ita-suomen-biopankki\\\/saavutettavuusseloste\\\/#breadcrumb\",\"itemListElement\":[{\"@type\":\"ListItem\",\"position\":1,\"name\":\"Home\",\"item\":\"https:\\\/\\\/www.ita-suomenbiopankki.fi\\\/\"},{\"@type\":\"ListItem\",\"position\":2,\"name\":\"It\u00e4-Suomen biopankki\",\"item\":\"https:\\\/\\\/blogs2.uef.fi\\\/itasuomenbiopankki-vanha\\\/ita-suomen-biopankki\\\/\"},{\"@type\":\"ListItem\",\"position\":3,\"name\":\"Saavutettavuusseloste\"}]},{\"@type\":\"WebSite\",\"@id\":\"https:\\\/\\\/blogs2.uef.fi\\\/itasuomenbiopankki-vanha\\\/#website\",\"url\":\"https:\\\/\\\/blogs2.uef.fi\\\/itasuomenbiopankki-vanha\\\/\",\"name\":\"It\u00e4-Suomen biopankki\",\"description\":\"\",\"potentialAction\":[{\"@type\":\"SearchAction\",\"target\":{\"@type\":\"EntryPoint\",\"urlTemplate\":\"https:\\\/\\\/blogs2.uef.fi\\\/itasuomenbiopankki-vanha\\\/?s={search_term_string}\"},\"query-input\":{\"@type\":\"PropertyValueSpecification\",\"valueRequired\":true,\"valueName\":\"search_term_string\"}}],\"inLanguage\":\"fi\"}]}<\/script>\n<!-- \/ Yoast SEO plugin. -->","yoast_head_json":{"title":"Saavutettavuusseloste - It\u00e4-Suomen biopankki","robots":{"index":"index","follow":"follow","max-snippet":"max-snippet:-1","max-image-preview":"max-image-preview:large","max-video-preview":"max-video-preview:-1"},"canonical":"https:\/\/blogs2.uef.fi\/itasuomenbiopankki-vanha\/ita-suomen-biopankki\/saavutettavuusseloste\/","og_locale":"fi_FI","og_type":"article","og_title":"Saavutettavuusseloste - It\u00e4-Suomen biopankki","og_description":"Saavutettavuusseloste It\u00e4-Suomen Biopankin tavoitteena on taata verkkosivustonsa saavutettavuus digitaalisten palvelujen tarjoamisesta annetun lain (finlex.fi \u2197) ja EU:n saavutettavuusdirektiivin (europa.eu \u2197)...","og_url":"https:\/\/blogs2.uef.fi\/itasuomenbiopankki-vanha\/ita-suomen-biopankki\/saavutettavuusseloste\/","og_site_name":"It\u00e4-Suomen biopankki","article_modified_time":"2025-01-21T11:10:22+00:00","twitter_card":"summary_large_image","twitter_misc":{"Arvioitu lukuaika":"2 minuuttia"},"schema":{"@context":"https:\/\/schema.org","@graph":[{"@type":"WebPage","@id":"https:\/\/blogs2.uef.fi\/itasuomenbiopankki-vanha\/ita-suomen-biopankki\/saavutettavuusseloste\/","url":"https:\/\/blogs2.uef.fi\/itasuomenbiopankki-vanha\/ita-suomen-biopankki\/saavutettavuusseloste\/","name":"Saavutettavuusseloste - It\u00e4-Suomen biopankki","isPartOf":{"@id":"https:\/\/blogs2.uef.fi\/itasuomenbiopankki-vanha\/#website"},"datePublished":"2020-09-22T11:43:40+00:00","dateModified":"2025-01-21T11:10:22+00:00","breadcrumb":{"@id":"https:\/\/blogs2.uef.fi\/itasuomenbiopankki-vanha\/ita-suomen-biopankki\/saavutettavuusseloste\/#breadcrumb"},"inLanguage":"fi","potentialAction":[{"@type":"ReadAction","target":["https:\/\/blogs2.uef.fi\/itasuomenbiopankki-vanha\/ita-suomen-biopankki\/saavutettavuusseloste\/"]}]},{"@type":"BreadcrumbList","@id":"https:\/\/blogs2.uef.fi\/itasuomenbiopankki-vanha\/ita-suomen-biopankki\/saavutettavuusseloste\/#breadcrumb","itemListElement":[{"@type":"ListItem","position":1,"name":"Home","item":"https:\/\/www.ita-suomenbiopankki.fi\/"},{"@type":"ListItem","position":2,"name":"It\u00e4-Suomen biopankki","item":"https:\/\/blogs2.uef.fi\/itasuomenbiopankki-vanha\/ita-suomen-biopankki\/"},{"@type":"ListItem","position":3,"name":"Saavutettavuusseloste"}]},{"@type":"WebSite","@id":"https:\/\/blogs2.uef.fi\/itasuomenbiopankki-vanha\/#website","url":"https:\/\/blogs2.uef.fi\/itasuomenbiopankki-vanha\/","name":"It\u00e4-Suomen biopankki","description":"","potentialAction":[{"@type":"SearchAction","target":{"@type":"EntryPoint","urlTemplate":"https:\/\/blogs2.uef.fi\/itasuomenbiopankki-vanha\/?s={search_term_string}"},"query-input":{"@type":"PropertyValueSpecification","valueRequired":true,"valueName":"search_term_string"}}],"inLanguage":"fi"}]}},"_links":{"self":[{"href":"https:\/\/blogs2.uef.fi\/itasuomenbiopankki-vanha\/wp-json\/wp\/v2\/pages\/2462","targetHints":{"allow":["GET"]}}],"collection":[{"href":"https:\/\/blogs2.uef.fi\/itasuomenbiopankki-vanha\/wp-json\/wp\/v2\/pages"}],"about":[{"href":"https:\/\/blogs2.uef.fi\/itasuomenbiopankki-vanha\/wp-json\/wp\/v2\/types\/page"}],"author":[{"embeddable":true,"href":"https:\/\/blogs2.uef.fi\/itasuomenbiopankki-vanha\/wp-json\/wp\/v2\/users\/175"}],"replies":[{"embeddable":true,"href":"https:\/\/blogs2.uef.fi\/itasuomenbiopankki-vanha\/wp-json\/wp\/v2\/comments?post=2462"}],"version-history":[{"count":4,"href":"https:\/\/blogs2.uef.fi\/itasuomenbiopankki-vanha\/wp-json\/wp\/v2\/pages\/2462\/revisions"}],"predecessor-version":[{"id":4966,"href":"https:\/\/blogs2.uef.fi\/itasuomenbiopankki-vanha\/wp-json\/wp\/v2\/pages\/2462\/revisions\/4966"}],"up":[{"embeddable":true,"href":"https:\/\/blogs2.uef.fi\/itasuomenbiopankki-vanha\/wp-json\/wp\/v2\/pages\/108"}],"wp:attachment":[{"href":"https:\/\/blogs2.uef.fi\/itasuomenbiopankki-vanha\/wp-json\/wp\/v2\/media?parent=2462"}],"curies":[{"name":"wp","href":"https:\/\/api.w.org\/{rel}","templated":true}]}}