{"id":2868,"date":"2021-05-19T09:15:19","date_gmt":"2021-05-19T06:15:19","guid":{"rendered":"https:\/\/ita-suomenbiopankki.fi\/?page_id=2868"},"modified":"2026-01-07T13:31:24","modified_gmt":"2026-01-07T11:31:24","slug":"biopankkitutkimusten-julkaisut","status":"publish","type":"page","link":"https:\/\/blogs2.uef.fi\/itasuomenbiopankki-vanha\/ita-suomen-biopankki\/biopankkitutkimusten-julkaisut\/","title":{"rendered":"Biopankkitutkimusten julkaisut"},"content":{"rendered":"<h1>Biopankkitutkimusten julkaisut<\/h1>\n<h2>2025<\/h2>\n<h3><span>Genetic proxy markers in neurodegenerative diseases<\/span><\/h3>\n<p><a href=\"https:\/\/doi.org\/10.1186\/s13024-025-00830-3\" target=\"_blank\" rel=\"&quot;noopener noopener\">Monoallelic TYROBP deletion is a novel risk factor for Alzheimer&#8217;s disease<\/a><br \/>\nMartiskainen H, Willman RM, Harju P, Heikkinen S, Heiskanen M, M\u00fcller SA, Sinisalo R, Takalo M, M\u00e4kinen P, Kuulasmaa T, Pekkala V, Galv\u00e1n Del Rey A, Juopperi SP, Jeskanen H, Kervinen I, Saastamoinen K; FinnGen; Niiranen M, Heikkinen SV, Kurki MI, Marttila J, M\u00e4kinen PI, Rostalski H, Hietanen T, Ngandu T, Lehtisalo J, Bellenguez C, Lambert JC, Haass C, Rinne J, Hakum\u00e4ki J, Rauramaa T, Kr\u00fcger J, Soininen H, Haapasalo A, Lichtenthaler SF, Leinonen V, Solje E, Hiltunen M. <em>Mol Neurodegeneration<\/em> 20, 50 (2025).<\/p>\n<h3><span>Uroteelisy\u00f6v\u00e4n geneettinen profilointi Lynchin syndroomassa <\/span><\/h3>\n<p><a href=\"https:\/\/doi.org\/10.1016\/j.celrep.2025.116388\" target=\"_blank\" rel=\"&quot;noopener noopener\">Constrained hypermutation and absence of TERT promoter mutations in Lynch syndrome-associated urothelial cancer<\/a><br \/>\nJussi Nikkola, Lauri Ryypp\u00f6, Juuso Vuorinen, Lauri Moilanen, Maarit Ahtiainen, Kirsi Pylv\u00e4n\u00e4inen, Hanna Selin, Tuomo Virtanen, Matti Nykter, Thea Veitonm\u00e4ki, Jukka-Pekka Mecklin, Toni T. Sepp\u00e4l\u00e4, Matti Annala. <em>Cell Reports<\/em>, Vol 44, Issue 10 (2025)<\/p>\n<h2>2024<\/h2>\n<h3><span>HSF-CARD<\/span><\/h3>\n<p><a href=\"https:\/\/doi.org\/10.1016\/j.cstres.2024.03.001\" target=\"_blank\" rel=\"&quot;noopener noopener\">Comprehensive analysis of human tissues reveals unique expression and localization patterns of HSF1 and HSF2<\/a><br \/>\nJenny Joutsen,\u00a0Jenny C Pessa,\u00a0Otto Jokelainen,\u00a0Reijo Sironen,\u00a0Jaana M Hartikainen,\u00a0Lea Sistonen. <em>Cell Stress and Chaperones<\/em>, Vol 29, Issue 2 (2024).<\/p>\n<h3><span>Halkiotutkimus<\/span><\/h3>\n<p><a href=\"https:\/\/doi.org\/10.1038\/s41467-024-53634-2\" target=\"_blank\" rel=\"&quot;noopener noopener\">High incidence and geographic distribution of cleft palate in Finland are associated with the IRF6 gene<\/a><br \/>\nRahimov F, Nieminen P, Kumari P, Juuri E, Nikopensius T, Paraiso K, German J, Karvanen A, Kals M, Elnahas AG, Karjalainen J, Kurki M, Palotie A; FinnGen; Estonian Biobank Research Team; Heli\u00f6vaara A, Esko T, Jukarainen S, Palta P, Ganna A, Patni AP, Mar D, Bomsztyk K, Mathieu J, Ruohola-Baker H, Visel A, Fakhouri WD, Schutte BC, Cornell RA, Rice DP. <em>Nat Commun<\/em> 15, 9568 (2024).<\/p>\n<h2>2023<\/h2>\n<h3>Insulinoomien esiintyvyys ja ennuste Suomessa<\/h3>\n<p>P\u00e4ivi Hannula, TAYS<\/p>\n<p><a href=\"https:\/\/pubmed.ncbi.nlm.nih.gov\/37894845\/\" target=\"_blank\" rel=\"noopener\">Immunohistochemical Glucagon-like Peptide-1 Receptor Expression in Human Insulinomas<\/a><br \/>\nVesterinen T, et al. <em>Int J Mol Sci<\/em>. 2023 Oct 13;24(20):15164<\/p>\n<h3>Cognition Assessment Tools in Mild Cognitive Impairment and Alzheimer\u2019s Disease<\/h3>\n<p>Aarno Palotie \/ Helsingin Yliopisto, FIMM<\/p>\n<p><a href=\"https:\/\/doi.org\/10.1038\/s41598-023-39835-7\" target=\"_blank\" rel=\"&quot;noopener noopener\">A FinnGen pilot clinical recall study for Alzheimer&#8217;s disease<\/a><br \/>\nJulkunen V, Schwarz C et al. <em>Sci Rep. 2023 Aug 3;13(1):12641<\/em><\/p>\n<p>It\u00e4-Suomen biopankki osallistui tutkimuksen tekemiseen.<\/p>\n<h3>Insulinoomien esiintyvyys ja ennuste Suomessa<\/h3>\n<p>P\u00e4ivi Hannula \/ Tampereen yliopistollinen sairaala<\/p>\n<p><a href=\"https:\/\/doi.org\/10.1111\/apm.13297\" target=\"_blank\" rel=\"&quot;noopener noopener\">Immunohistochemical somatostatin receptor expression in insulinomas<\/a><br \/>\nE. Peltola, T. Vesterinen et al. <em>Scandinavian Societies for Pathology, Medical Microbiology and Immunology<\/em> (2023)<\/p>\n<h3>FinnGen-julkaisut<\/h3>\n<p><a href=\"https:\/\/www.finngen.fi\/fi\/julkaisut\">Julkaisut, joissa hy\u00f6dynnetty FinnGen-aineistoa.<\/a>\u00a0(finngen.fi)<\/p>\n<h2>2022<\/h2>\n<h3>Pohjois-Savon ihosy\u00f6p\u00e4ohjelma PoSiho<\/h3>\n<p>Ilkka Harvima \/ It\u00e4-Suomen yliopisto, Kuopion yliopistollinen sairaala, Ihotautienklinikka<\/p>\n<p><a href=\"https:\/\/pubmed.ncbi.nlm.nih.gov\/36644179\/\" target=\"_blank\" rel=\"noopener\">Mast cell chymase is in contact with melanoma cells in vivo and it detaches melanoma cells from the substratum in vitro.<\/a><br \/>\nSiiskonen H,et al. <em>Transl Cancer Res.<\/em> (2022)<\/p>\n<h3>Pohjois-Savon ihosy\u00f6p\u00e4ohjelma PoSiho<\/h3>\n<p>Ilkka Harvima \/ It\u00e4-Suomen yliopisto, Kuopion yliopistollinen sairaala, Ihotautienklinikka<\/p>\n<p><a href=\"https:\/\/journals.lww.com\/melanomaresearch\/Fulltext\/9900\/Regular_use_of_vitamin_D_supplement_is_associated.51.aspx\" target=\"_blank\" rel=\"noopener\">Regular use of vitamin D supplement is associated with fewer melanoma cases compared to non-use: a cross-sectional study in 498 adult subjects at risk of skin cancers<\/a><br \/>\nEmilia Kanasuo, et al. <em>Melanoma Research<\/em> (2022)<\/p>\n<h3>Pohjois-Savon ihosy\u00f6p\u00e4ohjelma PoSiho<\/h3>\n<p>Ilkka Harvima \/ It\u00e4-Suomen yliopisto, Kuopion yliopistollinen sairaala, Ihotautienklinikka<\/p>\n<p><a href=\"https:\/\/www.jle.com\/en\/revues\/ejd\/e-docs\/malignant_and_in_situ_subtypes_of_melanoma_are_associated_with_basal_and_squamous_cell_carcinoma_and_its_precancerous_lesions_322747\/article.phtml\" target=\"_blank\" rel=\"noopener\">Malignant and in situ subtypes of melanoma are associated with basal and squamous cell carcinoma and its precancerous lesions<\/a><br \/>\nVille Suhonen, et al. <em>European Journal of Dermatology<\/em> (2022)<\/p>\n<h2>2021<\/h2>\n<h3>Pohjois-Savon ihosy\u00f6p\u00e4ohjelma PoSiho<\/h3>\n<p>Ilkka Harvima \/ It\u00e4-Suomen yliopisto, Kuopion yliopistollinen sairaala, Ihotautienklinikka<\/p>\n<p><a href=\"https:\/\/pubmed.ncbi.nlm.nih.gov\/34455412\/\" target=\"_blank\" rel=\"noopener\">Association of Elevated Serum Tryptase with Cutaneous Photodamage and Skin Cancers<\/a><br \/>\nKomulainen J,et al. <em>Int Arch Allergy Immunol.<\/em> (2021)<\/p>\n<h3>Nivelreuman HILMO-diagnoosien validaatiotutkimus<\/h3>\n<p>Oili Kaipiainen-Sepp\u00e4nen \/ KYS Reumatautien poliklinikka<\/p>\n<p><a href=\"https:\/\/www.tandfonline.com\/doi\/full\/10.1080\/03009742.2021.1967047\" target=\"_blank\" rel=\"noopener\">The validity of rheumatoid arthritis diagnoses in Finnish biobanks<\/a> (pdf)<br \/>\nPaltta J. et al. <em>Scand J Rheumatol<\/em> (2021)<\/p>\n<h3>Pohjois-Savon ihosy\u00f6p\u00e4ohjelma PoSiho<\/h3>\n<p>Ilkka Harvima \/ It\u00e4-Suomen yliopisto, Kuopion yliopistollinen sairaala, Ihotautienklinikka<\/p>\n<p><a href=\"https:\/\/u7061146.ct.sendgrid.net\/ls\/click?upn=4tNED-2FM8iDZJQyQ53jATUXiEWWfQlkdbhgGTqOFXaZVWSO-2Bt1EKzSqgs3PKBpE9QlCZYiZ8S29x8R-2F0K1K-2BWqQ-3D-3DqPT6_qO-2FyFVPxnsk59fUjtXX9Cop4SFx76YAk7jkmU3jtQ1a7utXbROY7T-2BTtuci0uuCFecufiPlZ5fJb3us-2FSCbN24iyo1uMeTkixHyqwwLRTvB2U1-2Fq0127-2BDSx20u2B5U-2B3cccEcfGefvm4xUYIEn3-2BaJBDvTY1YHmNWel49sJzEbsSRM4qPKliwmrzEtjDKVHbRjJXMTFnUebqcrkpvuxS0GPb2jmS1mGHylxlvmWU5rq-2BhTMm696jcGWxm8Pd9sETFyotT5sATQE-2Fvtq20gC-2BNLJvWFaTVIjfJQNP1EqX4BAyRjlDUPrSGmCcEfQ51DsMHUuW0-2FGugEgklUhkLjC0w-3D-3D\" target=\"_blank\" rel=\"noopener\">High regional mortality due to malignant melanoma in Eastern Finland may be explained by the increase in aggressive melanoma types<\/a>. (doi.org)<br \/>\nSuhonen V. et al. <em>BMC Cancer<\/em> <strong>21, <\/strong>1155 (2021).<\/p>\n<h2>2020<\/h2>\n<h3>Biobank and lifestyle data provide opportunities to study development and progression of type 2 diabetes<\/h3>\n<p>Arto Mannermaa \/ It\u00e4-Suomen yliopisto, Kuopion yliopistollinen sairaala<\/p>\n<p><a href=\"https:\/\/erepo.uef.fi\/bitstream\/handle\/123456789\/23380\/urn_nbn_fi_uef-20201189.pdf\">Biobank and lifestyle data provide opportunities to study development and progression of type 2 diabetes <\/a>(uef.fi)<br \/>\nPiironen A-K, 2020<\/p>\n<h3>Hyaluronan metabolism in kidney cancer: Role of tumor microenvironment in epithelial-to-mesenchymal transition and tumor immune recognition<\/h3>\n<p>Timo K. Nykopp \/ Kuopion yliopistollinen sairaala, Kirurgia<\/p>\n<p><a href=\"https:\/\/doi.org\/10.1016\/j.urolonc.2020.03.029\">Cellular hyaluronan is associated with a poor prognosis in renal cell carcinoma<\/a> (doi.org)<br \/>\nJokelainen O. et al. 2020. Urol Oncol. Aug;38(8):686.e11-686.e22. doi: 10.1016\/j.urolonc.2020.03.029. Epub 2020 Apr 30.<\/p>\n<h2>2019<\/h2>\n<h3>Biomarkkerit keuhkon karsinoidituumoreissa<\/h3>\n<p>Johanna Arola \/ HUSLAB<\/p>\n<p><a href=\"https:\/\/www.ncbi.nlm.nih.gov\/pmc\/articles\/PMC6686949\/\">PD-1 and PD-L1 expression in pulmonary carcinoid tumors and their association to tumor spread. <\/a>(nih.gov)<br \/>\n<span>Vesterinen T. et al. 2019. Jul 12. doi:\u00a010.1530\/EC-19\u2060-0308<\/span><\/p>\n<p><a href=\"https:\/\/www.ncbi.nlm.nih.gov\/pmc\/articles\/PMC7028842\/\">Performance of Finnish biobanks in nationwide pulmonary carcinoid tumour research.<\/a>(nih.gov)<br \/>\n<span>Vesterinen T. et al. 2019. Aug 5. <\/span><span>doi: 10.1007\/s00428-019\u2060-02625-6 <\/span><\/p>\n","protected":false},"excerpt":{"rendered":"<p>Biopankkitutkimusten julkaisut 2025 Genetic proxy markers in neurodegenerative diseases Monoallelic TYROBP deletion is a novel risk factor for Alzheimer&#8217;s disease&#8230;<\/p>\n","protected":false},"author":175,"featured_media":0,"parent":108,"menu_order":0,"comment_status":"closed","ping_status":"closed","template":"","meta":{"_acf_changed":false,"footnotes":""},"class_list":["post-2868","page","type-page","status-publish","hentry"],"acf":[],"yoast_head":"<!-- This site is optimized with the Yoast SEO plugin v27.3 - https:\/\/yoast.com\/product\/yoast-seo-wordpress\/ -->\n<title>Biopankkitutkimusten julkaisut - It\u00e4-Suomen biopankki<\/title>\n<meta name=\"robots\" content=\"index, follow, max-snippet:-1, max-image-preview:large, max-video-preview:-1\" \/>\n<link rel=\"canonical\" href=\"https:\/\/blogs2.uef.fi\/itasuomenbiopankki-vanha\/ita-suomen-biopankki\/biopankkitutkimusten-julkaisut\/\" \/>\n<meta property=\"og:locale\" content=\"fi_FI\" \/>\n<meta property=\"og:type\" content=\"article\" \/>\n<meta property=\"og:title\" content=\"Biopankkitutkimusten julkaisut - It\u00e4-Suomen biopankki\" \/>\n<meta property=\"og:description\" content=\"Biopankkitutkimusten julkaisut 2025 Genetic proxy markers in neurodegenerative diseases Monoallelic TYROBP deletion is a novel risk factor for Alzheimer&#8217;s disease...\" \/>\n<meta property=\"og:url\" content=\"https:\/\/blogs2.uef.fi\/itasuomenbiopankki-vanha\/ita-suomen-biopankki\/biopankkitutkimusten-julkaisut\/\" \/>\n<meta property=\"og:site_name\" content=\"It\u00e4-Suomen biopankki\" \/>\n<meta property=\"article:modified_time\" content=\"2026-01-07T11:31:24+00:00\" \/>\n<meta name=\"twitter:card\" content=\"summary_large_image\" \/>\n<meta name=\"twitter:label1\" content=\"Arvioitu lukuaika\" \/>\n\t<meta name=\"twitter:data1\" content=\"5 minuuttia\" \/>\n<script type=\"application\/ld+json\" class=\"yoast-schema-graph\">{\"@context\":\"https:\\\/\\\/schema.org\",\"@graph\":[{\"@type\":\"WebPage\",\"@id\":\"https:\\\/\\\/blogs2.uef.fi\\\/itasuomenbiopankki-vanha\\\/ita-suomen-biopankki\\\/biopankkitutkimusten-julkaisut\\\/\",\"url\":\"https:\\\/\\\/blogs2.uef.fi\\\/itasuomenbiopankki-vanha\\\/ita-suomen-biopankki\\\/biopankkitutkimusten-julkaisut\\\/\",\"name\":\"Biopankkitutkimusten julkaisut - It\u00e4-Suomen biopankki\",\"isPartOf\":{\"@id\":\"https:\\\/\\\/blogs2.uef.fi\\\/itasuomenbiopankki-vanha\\\/#website\"},\"datePublished\":\"2021-05-19T06:15:19+00:00\",\"dateModified\":\"2026-01-07T11:31:24+00:00\",\"breadcrumb\":{\"@id\":\"https:\\\/\\\/blogs2.uef.fi\\\/itasuomenbiopankki-vanha\\\/ita-suomen-biopankki\\\/biopankkitutkimusten-julkaisut\\\/#breadcrumb\"},\"inLanguage\":\"fi\",\"potentialAction\":[{\"@type\":\"ReadAction\",\"target\":[\"https:\\\/\\\/blogs2.uef.fi\\\/itasuomenbiopankki-vanha\\\/ita-suomen-biopankki\\\/biopankkitutkimusten-julkaisut\\\/\"]}]},{\"@type\":\"BreadcrumbList\",\"@id\":\"https:\\\/\\\/blogs2.uef.fi\\\/itasuomenbiopankki-vanha\\\/ita-suomen-biopankki\\\/biopankkitutkimusten-julkaisut\\\/#breadcrumb\",\"itemListElement\":[{\"@type\":\"ListItem\",\"position\":1,\"name\":\"Home\",\"item\":\"https:\\\/\\\/www.ita-suomenbiopankki.fi\\\/\"},{\"@type\":\"ListItem\",\"position\":2,\"name\":\"It\u00e4-Suomen biopankki\",\"item\":\"https:\\\/\\\/blogs2.uef.fi\\\/itasuomenbiopankki-vanha\\\/ita-suomen-biopankki\\\/\"},{\"@type\":\"ListItem\",\"position\":3,\"name\":\"Biopankkitutkimusten julkaisut\"}]},{\"@type\":\"WebSite\",\"@id\":\"https:\\\/\\\/blogs2.uef.fi\\\/itasuomenbiopankki-vanha\\\/#website\",\"url\":\"https:\\\/\\\/blogs2.uef.fi\\\/itasuomenbiopankki-vanha\\\/\",\"name\":\"It\u00e4-Suomen biopankki\",\"description\":\"\",\"potentialAction\":[{\"@type\":\"SearchAction\",\"target\":{\"@type\":\"EntryPoint\",\"urlTemplate\":\"https:\\\/\\\/blogs2.uef.fi\\\/itasuomenbiopankki-vanha\\\/?s={search_term_string}\"},\"query-input\":{\"@type\":\"PropertyValueSpecification\",\"valueRequired\":true,\"valueName\":\"search_term_string\"}}],\"inLanguage\":\"fi\"}]}<\/script>\n<!-- \/ Yoast SEO plugin. -->","yoast_head_json":{"title":"Biopankkitutkimusten julkaisut - It\u00e4-Suomen biopankki","robots":{"index":"index","follow":"follow","max-snippet":"max-snippet:-1","max-image-preview":"max-image-preview:large","max-video-preview":"max-video-preview:-1"},"canonical":"https:\/\/blogs2.uef.fi\/itasuomenbiopankki-vanha\/ita-suomen-biopankki\/biopankkitutkimusten-julkaisut\/","og_locale":"fi_FI","og_type":"article","og_title":"Biopankkitutkimusten julkaisut - It\u00e4-Suomen biopankki","og_description":"Biopankkitutkimusten julkaisut 2025 Genetic proxy markers in neurodegenerative diseases Monoallelic TYROBP deletion is a novel risk factor for Alzheimer&#8217;s disease...","og_url":"https:\/\/blogs2.uef.fi\/itasuomenbiopankki-vanha\/ita-suomen-biopankki\/biopankkitutkimusten-julkaisut\/","og_site_name":"It\u00e4-Suomen biopankki","article_modified_time":"2026-01-07T11:31:24+00:00","twitter_card":"summary_large_image","twitter_misc":{"Arvioitu lukuaika":"5 minuuttia"},"schema":{"@context":"https:\/\/schema.org","@graph":[{"@type":"WebPage","@id":"https:\/\/blogs2.uef.fi\/itasuomenbiopankki-vanha\/ita-suomen-biopankki\/biopankkitutkimusten-julkaisut\/","url":"https:\/\/blogs2.uef.fi\/itasuomenbiopankki-vanha\/ita-suomen-biopankki\/biopankkitutkimusten-julkaisut\/","name":"Biopankkitutkimusten julkaisut - It\u00e4-Suomen biopankki","isPartOf":{"@id":"https:\/\/blogs2.uef.fi\/itasuomenbiopankki-vanha\/#website"},"datePublished":"2021-05-19T06:15:19+00:00","dateModified":"2026-01-07T11:31:24+00:00","breadcrumb":{"@id":"https:\/\/blogs2.uef.fi\/itasuomenbiopankki-vanha\/ita-suomen-biopankki\/biopankkitutkimusten-julkaisut\/#breadcrumb"},"inLanguage":"fi","potentialAction":[{"@type":"ReadAction","target":["https:\/\/blogs2.uef.fi\/itasuomenbiopankki-vanha\/ita-suomen-biopankki\/biopankkitutkimusten-julkaisut\/"]}]},{"@type":"BreadcrumbList","@id":"https:\/\/blogs2.uef.fi\/itasuomenbiopankki-vanha\/ita-suomen-biopankki\/biopankkitutkimusten-julkaisut\/#breadcrumb","itemListElement":[{"@type":"ListItem","position":1,"name":"Home","item":"https:\/\/www.ita-suomenbiopankki.fi\/"},{"@type":"ListItem","position":2,"name":"It\u00e4-Suomen biopankki","item":"https:\/\/blogs2.uef.fi\/itasuomenbiopankki-vanha\/ita-suomen-biopankki\/"},{"@type":"ListItem","position":3,"name":"Biopankkitutkimusten julkaisut"}]},{"@type":"WebSite","@id":"https:\/\/blogs2.uef.fi\/itasuomenbiopankki-vanha\/#website","url":"https:\/\/blogs2.uef.fi\/itasuomenbiopankki-vanha\/","name":"It\u00e4-Suomen biopankki","description":"","potentialAction":[{"@type":"SearchAction","target":{"@type":"EntryPoint","urlTemplate":"https:\/\/blogs2.uef.fi\/itasuomenbiopankki-vanha\/?s={search_term_string}"},"query-input":{"@type":"PropertyValueSpecification","valueRequired":true,"valueName":"search_term_string"}}],"inLanguage":"fi"}]}},"_links":{"self":[{"href":"https:\/\/blogs2.uef.fi\/itasuomenbiopankki-vanha\/wp-json\/wp\/v2\/pages\/2868","targetHints":{"allow":["GET"]}}],"collection":[{"href":"https:\/\/blogs2.uef.fi\/itasuomenbiopankki-vanha\/wp-json\/wp\/v2\/pages"}],"about":[{"href":"https:\/\/blogs2.uef.fi\/itasuomenbiopankki-vanha\/wp-json\/wp\/v2\/types\/page"}],"author":[{"embeddable":true,"href":"https:\/\/blogs2.uef.fi\/itasuomenbiopankki-vanha\/wp-json\/wp\/v2\/users\/175"}],"replies":[{"embeddable":true,"href":"https:\/\/blogs2.uef.fi\/itasuomenbiopankki-vanha\/wp-json\/wp\/v2\/comments?post=2868"}],"version-history":[{"count":3,"href":"https:\/\/blogs2.uef.fi\/itasuomenbiopankki-vanha\/wp-json\/wp\/v2\/pages\/2868\/revisions"}],"predecessor-version":[{"id":5065,"href":"https:\/\/blogs2.uef.fi\/itasuomenbiopankki-vanha\/wp-json\/wp\/v2\/pages\/2868\/revisions\/5065"}],"up":[{"embeddable":true,"href":"https:\/\/blogs2.uef.fi\/itasuomenbiopankki-vanha\/wp-json\/wp\/v2\/pages\/108"}],"wp:attachment":[{"href":"https:\/\/blogs2.uef.fi\/itasuomenbiopankki-vanha\/wp-json\/wp\/v2\/media?parent=2868"}],"curies":[{"name":"wp","href":"https:\/\/api.w.org\/{rel}","templated":true}]}}