{"id":3184,"date":"2022-02-24T08:25:37","date_gmt":"2022-02-24T06:25:37","guid":{"rendered":"https:\/\/ita-suomenbiopankki.fi\/?page_id=3184"},"modified":"2023-11-28T12:45:25","modified_gmt":"2023-11-28T10:45:25","slug":"fingenious","status":"publish","type":"page","link":"https:\/\/blogs2.uef.fi\/itasuomenbiopankki-vanha\/tutkijoille\/fingenious\/","title":{"rendered":"Fingenious\u00ae"},"content":{"rendered":"<p><a href=\"http:\/\/www.fingenious.fi\" target=\"_blank\" rel=\"noopener\"><img loading=\"lazy\" decoding=\"async\" src=\"https:\/\/ita-suomenbiopankki.fi\/wp-content\/uploads\/sites\/27\/2022\/02\/Fingenious_LOGO_blue-300x67.png\" alt=\"\" class=\"alignnone size-medium wp-image-3193\" width=\"300\" height=\"67\" srcset=\"https:\/\/blogs2.uef.fi\/itasuomenbiopankki-vanha\/wp-content\/uploads\/sites\/27\/2022\/02\/Fingenious_LOGO_blue-300x67.png 300w, https:\/\/blogs2.uef.fi\/itasuomenbiopankki-vanha\/wp-content\/uploads\/sites\/27\/2022\/02\/Fingenious_LOGO_blue-1024x228.png 1024w, https:\/\/blogs2.uef.fi\/itasuomenbiopankki-vanha\/wp-content\/uploads\/sites\/27\/2022\/02\/Fingenious_LOGO_blue-768x171.png 768w, https:\/\/blogs2.uef.fi\/itasuomenbiopankki-vanha\/wp-content\/uploads\/sites\/27\/2022\/02\/Fingenious_LOGO_blue-1536x343.png 1536w, https:\/\/blogs2.uef.fi\/itasuomenbiopankki-vanha\/wp-content\/uploads\/sites\/27\/2022\/02\/Fingenious_LOGO_blue-2048x457.png 2048w\" sizes=\"auto, (max-width: 300px) 100vw, 300px\" \/><\/a><\/p>\n<p><strong>Fingenious<\/strong>\u00ae<strong>\u00a0&#8211; Ikkuna suomalaisiin biopankkiaineistoihin ja biol\u00e4\u00e4ketieteelliseen tutkimukseen<\/strong><\/p>\n<p>Fingenious\u00ae-palvelu tarjoaa p\u00e4\u00e4syn suomalaisiin biopankkiaineistoihin, ja sen kautta on saumattomasti saatavilla Suomen julkisten biopankkien asiantuntijapalvelut, n\u00e4ytteet ja data sek\u00e4 tutkittavat erilaisiin biol\u00e4\u00e4ketieteellisiin tutkimuksiin. Palvelun tarkoituksena on edist\u00e4\u00e4 biol\u00e4\u00e4ketieteellist\u00e4 tutkimusta palvellen akateemisia ja yritysten tutkijoita kansallisesti ja kansainv\u00e4lisesti.<\/p>\n<p><strong>Yhden luukun palvelu akateemisille ja yritysten tutkijoille<\/strong><\/p>\n<p>Fingenious-palvelu tarjoaa tutkijoille yhden luukun palvelua esiselvityksiss\u00e4, n\u00e4yte- ja tietoluovutuksissa, tutkimuksen koordinoinnissa sek\u00e4 sopimuspalveluissa. Palvelu tekee tutkimusten tekemisest\u00e4 sujuvampaa. Kauttamme ei saa vain dataa tai n\u00e4ytteit\u00e4, vaan autamme my\u00f6s oikeiden kumppanien valinnassa.<\/p>\n<ul>\n<li><span style=\"text-decoration: line-through\"> <\/span>Fingenious\u00ae-palvelu tarjoaa ennen kaikkea vaivattoman n\u00e4kym\u00e4n ja p\u00e4\u00e4syn Suomen julkisiin biopankkiaineistoihin.<span style=\"text-decoration: line-through\"><\/span><\/li>\n<li>Palvelu tarjoaa mahdollisuuden yhdist\u00e4\u00e4 erilaisia aineistoja: sen avulla on mahdollista l\u00f6yt\u00e4\u00e4 juuri kyseiseen tutkimukseen sopivat tutkittavat ainutlaatuisen takaisinkutsupalvelun avulla.<\/li>\n<li>Fingenious\u00ae-palvelu s\u00e4\u00e4st\u00e4\u00e4 tutkijoiden aikaa ja resursseja automatisoimalla ja standardisoimalla haut suomalaisten biopankkien datasta. Palvelumme avulla aineistojen etsiminen ja kokoaminen nopeutuvat.<\/li>\n<\/ul>\n<p><em>FINBB tarjoaa Fingenious\u00ae-palvelun tutkijoille. Biopankkien Osuuskunta Suomi \u2013 FINBB luo kanavaa ihmisen hyvinvoinnin ja terveyden ymm\u00e4rt\u00e4miseen rakentamalla Suomeen maailman parasta biopankkiverkostoa. FINBB:n omistajia ovat suomalaiset yliopistot, Suomen kuusi suurinta sairaanhoitopiiri\u00e4 sek\u00e4 Terveyden ja hyvinvoinnin laitos (THL).<\/em><\/p>\n","protected":false},"excerpt":{"rendered":"<p>Fingenious\u00ae\u00a0&#8211; Ikkuna suomalaisiin biopankkiaineistoihin ja biol\u00e4\u00e4ketieteelliseen tutkimukseen Fingenious\u00ae-palvelu tarjoaa p\u00e4\u00e4syn suomalaisiin biopankkiaineistoihin, ja sen kautta on saumattomasti saatavilla Suomen julkisten&#8230;<\/p>\n","protected":false},"author":157,"featured_media":0,"parent":85,"menu_order":1,"comment_status":"closed","ping_status":"closed","template":"","meta":{"_acf_changed":false,"footnotes":""},"class_list":["post-3184","page","type-page","status-publish","hentry"],"acf":[],"yoast_head":"<!-- This site is optimized with the Yoast SEO plugin v27.3 - https:\/\/yoast.com\/product\/yoast-seo-wordpress\/ -->\n<title>Fingenious\u00ae - It\u00e4-Suomen biopankki<\/title>\n<meta name=\"robots\" content=\"index, follow, max-snippet:-1, max-image-preview:large, max-video-preview:-1\" \/>\n<link rel=\"canonical\" href=\"https:\/\/blogs2.uef.fi\/itasuomenbiopankki-vanha\/tutkijoille\/fingenious\/\" \/>\n<meta property=\"og:locale\" content=\"fi_FI\" \/>\n<meta property=\"og:type\" content=\"article\" \/>\n<meta property=\"og:title\" content=\"Fingenious\u00ae - It\u00e4-Suomen biopankki\" \/>\n<meta property=\"og:description\" content=\"Fingenious\u00ae\u00a0&#8211; Ikkuna suomalaisiin biopankkiaineistoihin ja biol\u00e4\u00e4ketieteelliseen tutkimukseen Fingenious\u00ae-palvelu tarjoaa p\u00e4\u00e4syn suomalaisiin biopankkiaineistoihin, ja sen kautta on saumattomasti saatavilla Suomen julkisten...\" \/>\n<meta property=\"og:url\" content=\"https:\/\/blogs2.uef.fi\/itasuomenbiopankki-vanha\/tutkijoille\/fingenious\/\" \/>\n<meta property=\"og:site_name\" content=\"It\u00e4-Suomen biopankki\" \/>\n<meta property=\"article:modified_time\" content=\"2023-11-28T10:45:25+00:00\" \/>\n<meta property=\"og:image\" content=\"https:\/\/ita-suomenbiopankki.fi\/wp-content\/uploads\/sites\/27\/2022\/02\/Fingenious_LOGO_blue-300x67.png\" \/>\n<meta name=\"twitter:card\" content=\"summary_large_image\" \/>\n<meta name=\"twitter:label1\" content=\"Arvioitu lukuaika\" \/>\n\t<meta name=\"twitter:data1\" content=\"2 minuuttia\" \/>\n<script type=\"application\/ld+json\" class=\"yoast-schema-graph\">{\"@context\":\"https:\\\/\\\/schema.org\",\"@graph\":[{\"@type\":\"WebPage\",\"@id\":\"https:\\\/\\\/blogs2.uef.fi\\\/itasuomenbiopankki-vanha\\\/tutkijoille\\\/fingenious\\\/\",\"url\":\"https:\\\/\\\/blogs2.uef.fi\\\/itasuomenbiopankki-vanha\\\/tutkijoille\\\/fingenious\\\/\",\"name\":\"Fingenious\u00ae - It\u00e4-Suomen biopankki\",\"isPartOf\":{\"@id\":\"https:\\\/\\\/blogs2.uef.fi\\\/itasuomenbiopankki-vanha\\\/#website\"},\"primaryImageOfPage\":{\"@id\":\"https:\\\/\\\/blogs2.uef.fi\\\/itasuomenbiopankki-vanha\\\/tutkijoille\\\/fingenious\\\/#primaryimage\"},\"image\":{\"@id\":\"https:\\\/\\\/blogs2.uef.fi\\\/itasuomenbiopankki-vanha\\\/tutkijoille\\\/fingenious\\\/#primaryimage\"},\"thumbnailUrl\":\"https:\\\/\\\/ita-suomenbiopankki.fi\\\/wp-content\\\/uploads\\\/sites\\\/27\\\/2022\\\/02\\\/Fingenious_LOGO_blue-300x67.png\",\"datePublished\":\"2022-02-24T06:25:37+00:00\",\"dateModified\":\"2023-11-28T10:45:25+00:00\",\"breadcrumb\":{\"@id\":\"https:\\\/\\\/blogs2.uef.fi\\\/itasuomenbiopankki-vanha\\\/tutkijoille\\\/fingenious\\\/#breadcrumb\"},\"inLanguage\":\"fi\",\"potentialAction\":[{\"@type\":\"ReadAction\",\"target\":[\"https:\\\/\\\/blogs2.uef.fi\\\/itasuomenbiopankki-vanha\\\/tutkijoille\\\/fingenious\\\/\"]}]},{\"@type\":\"ImageObject\",\"inLanguage\":\"fi\",\"@id\":\"https:\\\/\\\/blogs2.uef.fi\\\/itasuomenbiopankki-vanha\\\/tutkijoille\\\/fingenious\\\/#primaryimage\",\"url\":\"https:\\\/\\\/ita-suomenbiopankki.fi\\\/wp-content\\\/uploads\\\/sites\\\/27\\\/2022\\\/02\\\/Fingenious_LOGO_blue-300x67.png\",\"contentUrl\":\"https:\\\/\\\/ita-suomenbiopankki.fi\\\/wp-content\\\/uploads\\\/sites\\\/27\\\/2022\\\/02\\\/Fingenious_LOGO_blue-300x67.png\"},{\"@type\":\"BreadcrumbList\",\"@id\":\"https:\\\/\\\/blogs2.uef.fi\\\/itasuomenbiopankki-vanha\\\/tutkijoille\\\/fingenious\\\/#breadcrumb\",\"itemListElement\":[{\"@type\":\"ListItem\",\"position\":1,\"name\":\"Home\",\"item\":\"https:\\\/\\\/www.ita-suomenbiopankki.fi\\\/\"},{\"@type\":\"ListItem\",\"position\":2,\"name\":\"Tutkijoille\",\"item\":\"https:\\\/\\\/blogs2.uef.fi\\\/itasuomenbiopankki-vanha\\\/tutkijoille\\\/\"},{\"@type\":\"ListItem\",\"position\":3,\"name\":\"Fingenious\u00ae\"}]},{\"@type\":\"WebSite\",\"@id\":\"https:\\\/\\\/blogs2.uef.fi\\\/itasuomenbiopankki-vanha\\\/#website\",\"url\":\"https:\\\/\\\/blogs2.uef.fi\\\/itasuomenbiopankki-vanha\\\/\",\"name\":\"It\u00e4-Suomen biopankki\",\"description\":\"\",\"potentialAction\":[{\"@type\":\"SearchAction\",\"target\":{\"@type\":\"EntryPoint\",\"urlTemplate\":\"https:\\\/\\\/blogs2.uef.fi\\\/itasuomenbiopankki-vanha\\\/?s={search_term_string}\"},\"query-input\":{\"@type\":\"PropertyValueSpecification\",\"valueRequired\":true,\"valueName\":\"search_term_string\"}}],\"inLanguage\":\"fi\"}]}<\/script>\n<!-- \/ Yoast SEO plugin. -->","yoast_head_json":{"title":"Fingenious\u00ae - It\u00e4-Suomen biopankki","robots":{"index":"index","follow":"follow","max-snippet":"max-snippet:-1","max-image-preview":"max-image-preview:large","max-video-preview":"max-video-preview:-1"},"canonical":"https:\/\/blogs2.uef.fi\/itasuomenbiopankki-vanha\/tutkijoille\/fingenious\/","og_locale":"fi_FI","og_type":"article","og_title":"Fingenious\u00ae - It\u00e4-Suomen biopankki","og_description":"Fingenious\u00ae\u00a0&#8211; Ikkuna suomalaisiin biopankkiaineistoihin ja biol\u00e4\u00e4ketieteelliseen tutkimukseen Fingenious\u00ae-palvelu tarjoaa p\u00e4\u00e4syn suomalaisiin biopankkiaineistoihin, ja sen kautta on saumattomasti saatavilla Suomen julkisten...","og_url":"https:\/\/blogs2.uef.fi\/itasuomenbiopankki-vanha\/tutkijoille\/fingenious\/","og_site_name":"It\u00e4-Suomen biopankki","article_modified_time":"2023-11-28T10:45:25+00:00","og_image":[{"url":"https:\/\/ita-suomenbiopankki.fi\/wp-content\/uploads\/sites\/27\/2022\/02\/Fingenious_LOGO_blue-300x67.png","type":"","width":"","height":""}],"twitter_card":"summary_large_image","twitter_misc":{"Arvioitu lukuaika":"2 minuuttia"},"schema":{"@context":"https:\/\/schema.org","@graph":[{"@type":"WebPage","@id":"https:\/\/blogs2.uef.fi\/itasuomenbiopankki-vanha\/tutkijoille\/fingenious\/","url":"https:\/\/blogs2.uef.fi\/itasuomenbiopankki-vanha\/tutkijoille\/fingenious\/","name":"Fingenious\u00ae - It\u00e4-Suomen biopankki","isPartOf":{"@id":"https:\/\/blogs2.uef.fi\/itasuomenbiopankki-vanha\/#website"},"primaryImageOfPage":{"@id":"https:\/\/blogs2.uef.fi\/itasuomenbiopankki-vanha\/tutkijoille\/fingenious\/#primaryimage"},"image":{"@id":"https:\/\/blogs2.uef.fi\/itasuomenbiopankki-vanha\/tutkijoille\/fingenious\/#primaryimage"},"thumbnailUrl":"https:\/\/ita-suomenbiopankki.fi\/wp-content\/uploads\/sites\/27\/2022\/02\/Fingenious_LOGO_blue-300x67.png","datePublished":"2022-02-24T06:25:37+00:00","dateModified":"2023-11-28T10:45:25+00:00","breadcrumb":{"@id":"https:\/\/blogs2.uef.fi\/itasuomenbiopankki-vanha\/tutkijoille\/fingenious\/#breadcrumb"},"inLanguage":"fi","potentialAction":[{"@type":"ReadAction","target":["https:\/\/blogs2.uef.fi\/itasuomenbiopankki-vanha\/tutkijoille\/fingenious\/"]}]},{"@type":"ImageObject","inLanguage":"fi","@id":"https:\/\/blogs2.uef.fi\/itasuomenbiopankki-vanha\/tutkijoille\/fingenious\/#primaryimage","url":"https:\/\/ita-suomenbiopankki.fi\/wp-content\/uploads\/sites\/27\/2022\/02\/Fingenious_LOGO_blue-300x67.png","contentUrl":"https:\/\/ita-suomenbiopankki.fi\/wp-content\/uploads\/sites\/27\/2022\/02\/Fingenious_LOGO_blue-300x67.png"},{"@type":"BreadcrumbList","@id":"https:\/\/blogs2.uef.fi\/itasuomenbiopankki-vanha\/tutkijoille\/fingenious\/#breadcrumb","itemListElement":[{"@type":"ListItem","position":1,"name":"Home","item":"https:\/\/www.ita-suomenbiopankki.fi\/"},{"@type":"ListItem","position":2,"name":"Tutkijoille","item":"https:\/\/blogs2.uef.fi\/itasuomenbiopankki-vanha\/tutkijoille\/"},{"@type":"ListItem","position":3,"name":"Fingenious\u00ae"}]},{"@type":"WebSite","@id":"https:\/\/blogs2.uef.fi\/itasuomenbiopankki-vanha\/#website","url":"https:\/\/blogs2.uef.fi\/itasuomenbiopankki-vanha\/","name":"It\u00e4-Suomen biopankki","description":"","potentialAction":[{"@type":"SearchAction","target":{"@type":"EntryPoint","urlTemplate":"https:\/\/blogs2.uef.fi\/itasuomenbiopankki-vanha\/?s={search_term_string}"},"query-input":{"@type":"PropertyValueSpecification","valueRequired":true,"valueName":"search_term_string"}}],"inLanguage":"fi"}]}},"_links":{"self":[{"href":"https:\/\/blogs2.uef.fi\/itasuomenbiopankki-vanha\/wp-json\/wp\/v2\/pages\/3184","targetHints":{"allow":["GET"]}}],"collection":[{"href":"https:\/\/blogs2.uef.fi\/itasuomenbiopankki-vanha\/wp-json\/wp\/v2\/pages"}],"about":[{"href":"https:\/\/blogs2.uef.fi\/itasuomenbiopankki-vanha\/wp-json\/wp\/v2\/types\/page"}],"author":[{"embeddable":true,"href":"https:\/\/blogs2.uef.fi\/itasuomenbiopankki-vanha\/wp-json\/wp\/v2\/users\/157"}],"replies":[{"embeddable":true,"href":"https:\/\/blogs2.uef.fi\/itasuomenbiopankki-vanha\/wp-json\/wp\/v2\/comments?post=3184"}],"version-history":[{"count":2,"href":"https:\/\/blogs2.uef.fi\/itasuomenbiopankki-vanha\/wp-json\/wp\/v2\/pages\/3184\/revisions"}],"predecessor-version":[{"id":3893,"href":"https:\/\/blogs2.uef.fi\/itasuomenbiopankki-vanha\/wp-json\/wp\/v2\/pages\/3184\/revisions\/3893"}],"up":[{"embeddable":true,"href":"https:\/\/blogs2.uef.fi\/itasuomenbiopankki-vanha\/wp-json\/wp\/v2\/pages\/85"}],"wp:attachment":[{"href":"https:\/\/blogs2.uef.fi\/itasuomenbiopankki-vanha\/wp-json\/wp\/v2\/media?parent=3184"}],"curies":[{"name":"wp","href":"https:\/\/api.w.org\/{rel}","templated":true}]}}