{"id":4031,"date":"2024-03-21T09:25:00","date_gmt":"2024-03-21T07:25:00","guid":{"rendered":"https:\/\/ita-suomenbiopankki.fi\/?page_id=4031"},"modified":"2024-03-21T14:16:00","modified_gmt":"2024-03-21T12:16:00","slug":"biopankin-palautuspostilaatikot","status":"publish","type":"page","link":"https:\/\/blogs2.uef.fi\/itasuomenbiopankki-vanha\/kansalaisille\/biopankin-palautuspostilaatikot\/","title":{"rendered":"Palautuspostilaatikot"},"content":{"rendered":"<h2>Suostumuslomakkeen palauttaminen sairaalassa<\/h2>\n<p>Paperisen biopankkisuostumuksen ja hyv\u00e4ksynn\u00e4n voi palauttaa my\u00f6s suostumuslomakkeiden palautuslaatikkoon Kuopion yliopistollisessa sairaalassa, Pohjois-Karjalan keskussairaalassa, Mikkelin keskussairaalassa ja Savonlinnan keskussairaalassa.<\/p>\n<p><strong>KYSiss\u00e4<\/strong> palautuslaatikot sijaitsevat P\u00e4\u00e4sairaalan, Kaarisairaalan ja S\u00e4desairaalan auloissa. Katso sijainti kartalta.<br \/>\n<img loading=\"lazy\" decoding=\"async\" class=\"alignnone wp-image-126 size-full\" alt=\"Karttakuva Kuopion sairaalan biopankkipostilaatikoiden sijainnista\" src=\"https:\/\/ita-suomenbiopankki.fi\/wp-content\/uploads\/sites\/27\/2018\/12\/Biopankkipostilaatikot_kartta.png\" width=\"1040\" height=\"720\" srcset=\"https:\/\/blogs2.uef.fi\/itasuomenbiopankki-vanha\/wp-content\/uploads\/sites\/27\/2018\/12\/Biopankkipostilaatikot_kartta.png 1040w, https:\/\/blogs2.uef.fi\/itasuomenbiopankki-vanha\/wp-content\/uploads\/sites\/27\/2018\/12\/Biopankkipostilaatikot_kartta-300x208.png 300w, https:\/\/blogs2.uef.fi\/itasuomenbiopankki-vanha\/wp-content\/uploads\/sites\/27\/2018\/12\/Biopankkipostilaatikot_kartta-768x532.png 768w, https:\/\/blogs2.uef.fi\/itasuomenbiopankki-vanha\/wp-content\/uploads\/sites\/27\/2018\/12\/Biopankkipostilaatikot_kartta-1024x709.png 1024w\" sizes=\"auto, (max-width: 1040px) 100vw, 1040px\" \/><\/p>\n<p><strong>Pohjois-Karjalan keskussairaalassa<\/strong> palautuslaatikot sijaitsevat sairaalan p\u00e4\u00e4sis\u00e4\u00e4nk\u00e4ynnin yhteydess\u00e4 sek\u00e4 J2-rakennuksen 1. kerroksen hissiaulassa. Katso sijainti kartalta.<\/p>\n<p><img loading=\"lazy\" decoding=\"async\" src=\"https:\/\/ita-suomenbiopankki.fi\/wp-content\/uploads\/sites\/27\/2022\/08\/Siun-sote-ks-postilaatikot-scaled.jpg\" alt=\"\" class=\"alignnone wp-image-3421 size-full\" width=\"2560\" height=\"1766\" srcset=\"https:\/\/blogs2.uef.fi\/itasuomenbiopankki-vanha\/wp-content\/uploads\/sites\/27\/2022\/08\/Siun-sote-ks-postilaatikot-scaled.jpg 2560w, https:\/\/blogs2.uef.fi\/itasuomenbiopankki-vanha\/wp-content\/uploads\/sites\/27\/2022\/08\/Siun-sote-ks-postilaatikot-300x207.jpg 300w, https:\/\/blogs2.uef.fi\/itasuomenbiopankki-vanha\/wp-content\/uploads\/sites\/27\/2022\/08\/Siun-sote-ks-postilaatikot-1024x706.jpg 1024w, https:\/\/blogs2.uef.fi\/itasuomenbiopankki-vanha\/wp-content\/uploads\/sites\/27\/2022\/08\/Siun-sote-ks-postilaatikot-768x530.jpg 768w, https:\/\/blogs2.uef.fi\/itasuomenbiopankki-vanha\/wp-content\/uploads\/sites\/27\/2022\/08\/Siun-sote-ks-postilaatikot-1536x1059.jpg 1536w, https:\/\/blogs2.uef.fi\/itasuomenbiopankki-vanha\/wp-content\/uploads\/sites\/27\/2022\/08\/Siun-sote-ks-postilaatikot-2048x1413.jpg 2048w\" sizes=\"auto, (max-width: 2560px) 100vw, 2560px\" \/><\/p>\n<p>&nbsp;<\/p>\n<p><span data-contrast=\"none\" xml:lang=\"FI-FI\" lang=\"FI-FI\" class=\"TextRun SCXW170490547 BCX8\"><span class=\"NormalTextRun SCXW170490547 BCX8\"><strong>Savonlinnan keskussairaalassa<\/strong> palautuslaatikot sijaitsevat sairaalan sek\u00e4 sosiaali- ja terveyskeskuksen p\u00e4\u00e4sis\u00e4\u00e4nk\u00e4yntien yhteydess\u00e4. Katso sijainti kartalta.<br \/>\n<\/span><\/span><\/p>\n<p><img loading=\"lazy\" decoding=\"async\" src=\"https:\/\/ita-suomenbiopankki.fi\/wp-content\/uploads\/sites\/27\/2024\/03\/Savonlinna_bp-postilaatikot-1.jpg\" alt=\"\" width=\"1269\" height=\"593\" class=\"alignnone wp-image-4079 size-full\" srcset=\"https:\/\/blogs2.uef.fi\/itasuomenbiopankki-vanha\/wp-content\/uploads\/sites\/27\/2024\/03\/Savonlinna_bp-postilaatikot-1.jpg 1269w, https:\/\/blogs2.uef.fi\/itasuomenbiopankki-vanha\/wp-content\/uploads\/sites\/27\/2024\/03\/Savonlinna_bp-postilaatikot-1-300x140.jpg 300w, https:\/\/blogs2.uef.fi\/itasuomenbiopankki-vanha\/wp-content\/uploads\/sites\/27\/2024\/03\/Savonlinna_bp-postilaatikot-1-1024x479.jpg 1024w, https:\/\/blogs2.uef.fi\/itasuomenbiopankki-vanha\/wp-content\/uploads\/sites\/27\/2024\/03\/Savonlinna_bp-postilaatikot-1-768x359.jpg 768w\" sizes=\"auto, (max-width: 1269px) 100vw, 1269px\" \/><\/p>\n<p>&nbsp;<\/p>\n<p><span data-contrast=\"none\" xml:lang=\"FI-FI\" lang=\"FI-FI\" class=\"TextRun SCXW170490547 BCX8\"><span class=\"NormalTextRun SCXW170490547 BCX8\"><strong>Mikkelin keskussairaalassa<\/strong> palautuslaatikko sijaitsee sairaalan p\u00e4\u00e4sis\u00e4\u00e4nk\u00e4ynnin yhteydess\u00e4. Katso sijainti kartalta.<br \/>\n<\/span><\/span><\/p>\n<p><img loading=\"lazy\" decoding=\"async\" src=\"https:\/\/ita-suomenbiopankki.fi\/wp-content\/uploads\/sites\/27\/2024\/03\/Mikkelin-keskussairaala_bp-postilaatikko.jpg\" alt=\"\" width=\"824\" height=\"914\" class=\"alignnone wp-image-4367 size-full\" srcset=\"https:\/\/blogs2.uef.fi\/itasuomenbiopankki-vanha\/wp-content\/uploads\/sites\/27\/2024\/03\/Mikkelin-keskussairaala_bp-postilaatikko.jpg 824w, https:\/\/blogs2.uef.fi\/itasuomenbiopankki-vanha\/wp-content\/uploads\/sites\/27\/2024\/03\/Mikkelin-keskussairaala_bp-postilaatikko-270x300.jpg 270w, https:\/\/blogs2.uef.fi\/itasuomenbiopankki-vanha\/wp-content\/uploads\/sites\/27\/2024\/03\/Mikkelin-keskussairaala_bp-postilaatikko-768x852.jpg 768w\" sizes=\"auto, (max-width: 824px) 100vw, 824px\" \/><\/p>\n","protected":false},"excerpt":{"rendered":"<p>Suostumuslomakkeen palauttaminen sairaalassa Paperisen biopankkisuostumuksen ja hyv\u00e4ksynn\u00e4n voi palauttaa my\u00f6s suostumuslomakkeiden palautuslaatikkoon Kuopion yliopistollisessa sairaalassa, Pohjois-Karjalan keskussairaalassa, Mikkelin keskussairaalassa ja&#8230;<\/p>\n","protected":false},"author":157,"featured_media":0,"parent":66,"menu_order":0,"comment_status":"closed","ping_status":"closed","template":"","meta":{"_acf_changed":false,"footnotes":""},"class_list":["post-4031","page","type-page","status-publish","hentry"],"acf":[],"yoast_head":"<!-- This site is optimized with the Yoast SEO plugin v27.3 - https:\/\/yoast.com\/product\/yoast-seo-wordpress\/ -->\n<title>Palautuspostilaatikot - It\u00e4-Suomen biopankki<\/title>\n<meta name=\"robots\" content=\"index, follow, max-snippet:-1, max-image-preview:large, max-video-preview:-1\" \/>\n<link rel=\"canonical\" href=\"https:\/\/blogs2.uef.fi\/itasuomenbiopankki-vanha\/kansalaisille\/biopankin-palautuspostilaatikot\/\" \/>\n<meta property=\"og:locale\" content=\"fi_FI\" \/>\n<meta property=\"og:type\" content=\"article\" \/>\n<meta property=\"og:title\" content=\"Palautuspostilaatikot - It\u00e4-Suomen biopankki\" \/>\n<meta property=\"og:description\" content=\"Suostumuslomakkeen palauttaminen sairaalassa Paperisen biopankkisuostumuksen ja hyv\u00e4ksynn\u00e4n voi palauttaa my\u00f6s suostumuslomakkeiden palautuslaatikkoon Kuopion yliopistollisessa sairaalassa, Pohjois-Karjalan keskussairaalassa, Mikkelin keskussairaalassa ja...\" \/>\n<meta property=\"og:url\" content=\"https:\/\/blogs2.uef.fi\/itasuomenbiopankki-vanha\/kansalaisille\/biopankin-palautuspostilaatikot\/\" \/>\n<meta property=\"og:site_name\" content=\"It\u00e4-Suomen biopankki\" \/>\n<meta property=\"article:modified_time\" content=\"2024-03-21T12:16:00+00:00\" \/>\n<meta property=\"og:image\" content=\"https:\/\/ita-suomenbiopankki.fi\/wp-content\/uploads\/sites\/27\/2018\/12\/Biopankkipostilaatikot_kartta.png\" \/>\n<meta name=\"twitter:card\" content=\"summary_large_image\" \/>\n<meta name=\"twitter:label1\" content=\"Arvioitu lukuaika\" \/>\n\t<meta name=\"twitter:data1\" content=\"2 minuuttia\" \/>\n<script type=\"application\/ld+json\" class=\"yoast-schema-graph\">{\"@context\":\"https:\\\/\\\/schema.org\",\"@graph\":[{\"@type\":\"WebPage\",\"@id\":\"https:\\\/\\\/blogs2.uef.fi\\\/itasuomenbiopankki-vanha\\\/kansalaisille\\\/biopankin-palautuspostilaatikot\\\/\",\"url\":\"https:\\\/\\\/blogs2.uef.fi\\\/itasuomenbiopankki-vanha\\\/kansalaisille\\\/biopankin-palautuspostilaatikot\\\/\",\"name\":\"Palautuspostilaatikot - It\u00e4-Suomen biopankki\",\"isPartOf\":{\"@id\":\"https:\\\/\\\/blogs2.uef.fi\\\/itasuomenbiopankki-vanha\\\/#website\"},\"primaryImageOfPage\":{\"@id\":\"https:\\\/\\\/blogs2.uef.fi\\\/itasuomenbiopankki-vanha\\\/kansalaisille\\\/biopankin-palautuspostilaatikot\\\/#primaryimage\"},\"image\":{\"@id\":\"https:\\\/\\\/blogs2.uef.fi\\\/itasuomenbiopankki-vanha\\\/kansalaisille\\\/biopankin-palautuspostilaatikot\\\/#primaryimage\"},\"thumbnailUrl\":\"https:\\\/\\\/ita-suomenbiopankki.fi\\\/wp-content\\\/uploads\\\/sites\\\/27\\\/2018\\\/12\\\/Biopankkipostilaatikot_kartta.png\",\"datePublished\":\"2024-03-21T07:25:00+00:00\",\"dateModified\":\"2024-03-21T12:16:00+00:00\",\"breadcrumb\":{\"@id\":\"https:\\\/\\\/blogs2.uef.fi\\\/itasuomenbiopankki-vanha\\\/kansalaisille\\\/biopankin-palautuspostilaatikot\\\/#breadcrumb\"},\"inLanguage\":\"fi\",\"potentialAction\":[{\"@type\":\"ReadAction\",\"target\":[\"https:\\\/\\\/blogs2.uef.fi\\\/itasuomenbiopankki-vanha\\\/kansalaisille\\\/biopankin-palautuspostilaatikot\\\/\"]}]},{\"@type\":\"ImageObject\",\"inLanguage\":\"fi\",\"@id\":\"https:\\\/\\\/blogs2.uef.fi\\\/itasuomenbiopankki-vanha\\\/kansalaisille\\\/biopankin-palautuspostilaatikot\\\/#primaryimage\",\"url\":\"https:\\\/\\\/ita-suomenbiopankki.fi\\\/wp-content\\\/uploads\\\/sites\\\/27\\\/2018\\\/12\\\/Biopankkipostilaatikot_kartta.png\",\"contentUrl\":\"https:\\\/\\\/ita-suomenbiopankki.fi\\\/wp-content\\\/uploads\\\/sites\\\/27\\\/2018\\\/12\\\/Biopankkipostilaatikot_kartta.png\"},{\"@type\":\"BreadcrumbList\",\"@id\":\"https:\\\/\\\/blogs2.uef.fi\\\/itasuomenbiopankki-vanha\\\/kansalaisille\\\/biopankin-palautuspostilaatikot\\\/#breadcrumb\",\"itemListElement\":[{\"@type\":\"ListItem\",\"position\":1,\"name\":\"Home\",\"item\":\"https:\\\/\\\/www.ita-suomenbiopankki.fi\\\/\"},{\"@type\":\"ListItem\",\"position\":2,\"name\":\"Kansalaisille\",\"item\":\"https:\\\/\\\/blogs2.uef.fi\\\/itasuomenbiopankki-vanha\\\/kansalaisille\\\/\"},{\"@type\":\"ListItem\",\"position\":3,\"name\":\"Palautuspostilaatikot\"}]},{\"@type\":\"WebSite\",\"@id\":\"https:\\\/\\\/blogs2.uef.fi\\\/itasuomenbiopankki-vanha\\\/#website\",\"url\":\"https:\\\/\\\/blogs2.uef.fi\\\/itasuomenbiopankki-vanha\\\/\",\"name\":\"It\u00e4-Suomen biopankki\",\"description\":\"\",\"potentialAction\":[{\"@type\":\"SearchAction\",\"target\":{\"@type\":\"EntryPoint\",\"urlTemplate\":\"https:\\\/\\\/blogs2.uef.fi\\\/itasuomenbiopankki-vanha\\\/?s={search_term_string}\"},\"query-input\":{\"@type\":\"PropertyValueSpecification\",\"valueRequired\":true,\"valueName\":\"search_term_string\"}}],\"inLanguage\":\"fi\"}]}<\/script>\n<!-- \/ Yoast SEO plugin. -->","yoast_head_json":{"title":"Palautuspostilaatikot - It\u00e4-Suomen biopankki","robots":{"index":"index","follow":"follow","max-snippet":"max-snippet:-1","max-image-preview":"max-image-preview:large","max-video-preview":"max-video-preview:-1"},"canonical":"https:\/\/blogs2.uef.fi\/itasuomenbiopankki-vanha\/kansalaisille\/biopankin-palautuspostilaatikot\/","og_locale":"fi_FI","og_type":"article","og_title":"Palautuspostilaatikot - It\u00e4-Suomen biopankki","og_description":"Suostumuslomakkeen palauttaminen sairaalassa Paperisen biopankkisuostumuksen ja hyv\u00e4ksynn\u00e4n voi palauttaa my\u00f6s suostumuslomakkeiden palautuslaatikkoon Kuopion yliopistollisessa sairaalassa, Pohjois-Karjalan keskussairaalassa, Mikkelin keskussairaalassa ja...","og_url":"https:\/\/blogs2.uef.fi\/itasuomenbiopankki-vanha\/kansalaisille\/biopankin-palautuspostilaatikot\/","og_site_name":"It\u00e4-Suomen biopankki","article_modified_time":"2024-03-21T12:16:00+00:00","og_image":[{"url":"https:\/\/ita-suomenbiopankki.fi\/wp-content\/uploads\/sites\/27\/2018\/12\/Biopankkipostilaatikot_kartta.png","type":"","width":"","height":""}],"twitter_card":"summary_large_image","twitter_misc":{"Arvioitu lukuaika":"2 minuuttia"},"schema":{"@context":"https:\/\/schema.org","@graph":[{"@type":"WebPage","@id":"https:\/\/blogs2.uef.fi\/itasuomenbiopankki-vanha\/kansalaisille\/biopankin-palautuspostilaatikot\/","url":"https:\/\/blogs2.uef.fi\/itasuomenbiopankki-vanha\/kansalaisille\/biopankin-palautuspostilaatikot\/","name":"Palautuspostilaatikot - It\u00e4-Suomen biopankki","isPartOf":{"@id":"https:\/\/blogs2.uef.fi\/itasuomenbiopankki-vanha\/#website"},"primaryImageOfPage":{"@id":"https:\/\/blogs2.uef.fi\/itasuomenbiopankki-vanha\/kansalaisille\/biopankin-palautuspostilaatikot\/#primaryimage"},"image":{"@id":"https:\/\/blogs2.uef.fi\/itasuomenbiopankki-vanha\/kansalaisille\/biopankin-palautuspostilaatikot\/#primaryimage"},"thumbnailUrl":"https:\/\/ita-suomenbiopankki.fi\/wp-content\/uploads\/sites\/27\/2018\/12\/Biopankkipostilaatikot_kartta.png","datePublished":"2024-03-21T07:25:00+00:00","dateModified":"2024-03-21T12:16:00+00:00","breadcrumb":{"@id":"https:\/\/blogs2.uef.fi\/itasuomenbiopankki-vanha\/kansalaisille\/biopankin-palautuspostilaatikot\/#breadcrumb"},"inLanguage":"fi","potentialAction":[{"@type":"ReadAction","target":["https:\/\/blogs2.uef.fi\/itasuomenbiopankki-vanha\/kansalaisille\/biopankin-palautuspostilaatikot\/"]}]},{"@type":"ImageObject","inLanguage":"fi","@id":"https:\/\/blogs2.uef.fi\/itasuomenbiopankki-vanha\/kansalaisille\/biopankin-palautuspostilaatikot\/#primaryimage","url":"https:\/\/ita-suomenbiopankki.fi\/wp-content\/uploads\/sites\/27\/2018\/12\/Biopankkipostilaatikot_kartta.png","contentUrl":"https:\/\/ita-suomenbiopankki.fi\/wp-content\/uploads\/sites\/27\/2018\/12\/Biopankkipostilaatikot_kartta.png"},{"@type":"BreadcrumbList","@id":"https:\/\/blogs2.uef.fi\/itasuomenbiopankki-vanha\/kansalaisille\/biopankin-palautuspostilaatikot\/#breadcrumb","itemListElement":[{"@type":"ListItem","position":1,"name":"Home","item":"https:\/\/www.ita-suomenbiopankki.fi\/"},{"@type":"ListItem","position":2,"name":"Kansalaisille","item":"https:\/\/blogs2.uef.fi\/itasuomenbiopankki-vanha\/kansalaisille\/"},{"@type":"ListItem","position":3,"name":"Palautuspostilaatikot"}]},{"@type":"WebSite","@id":"https:\/\/blogs2.uef.fi\/itasuomenbiopankki-vanha\/#website","url":"https:\/\/blogs2.uef.fi\/itasuomenbiopankki-vanha\/","name":"It\u00e4-Suomen biopankki","description":"","potentialAction":[{"@type":"SearchAction","target":{"@type":"EntryPoint","urlTemplate":"https:\/\/blogs2.uef.fi\/itasuomenbiopankki-vanha\/?s={search_term_string}"},"query-input":{"@type":"PropertyValueSpecification","valueRequired":true,"valueName":"search_term_string"}}],"inLanguage":"fi"}]}},"_links":{"self":[{"href":"https:\/\/blogs2.uef.fi\/itasuomenbiopankki-vanha\/wp-json\/wp\/v2\/pages\/4031","targetHints":{"allow":["GET"]}}],"collection":[{"href":"https:\/\/blogs2.uef.fi\/itasuomenbiopankki-vanha\/wp-json\/wp\/v2\/pages"}],"about":[{"href":"https:\/\/blogs2.uef.fi\/itasuomenbiopankki-vanha\/wp-json\/wp\/v2\/types\/page"}],"author":[{"embeddable":true,"href":"https:\/\/blogs2.uef.fi\/itasuomenbiopankki-vanha\/wp-json\/wp\/v2\/users\/157"}],"replies":[{"embeddable":true,"href":"https:\/\/blogs2.uef.fi\/itasuomenbiopankki-vanha\/wp-json\/wp\/v2\/comments?post=4031"}],"version-history":[{"count":3,"href":"https:\/\/blogs2.uef.fi\/itasuomenbiopankki-vanha\/wp-json\/wp\/v2\/pages\/4031\/revisions"}],"predecessor-version":[{"id":4373,"href":"https:\/\/blogs2.uef.fi\/itasuomenbiopankki-vanha\/wp-json\/wp\/v2\/pages\/4031\/revisions\/4373"}],"up":[{"embeddable":true,"href":"https:\/\/blogs2.uef.fi\/itasuomenbiopankki-vanha\/wp-json\/wp\/v2\/pages\/66"}],"wp:attachment":[{"href":"https:\/\/blogs2.uef.fi\/itasuomenbiopankki-vanha\/wp-json\/wp\/v2\/media?parent=4031"}],"curies":[{"name":"wp","href":"https:\/\/api.w.org\/{rel}","templated":true}]}}