{"id":85,"date":"2018-12-10T08:19:54","date_gmt":"2018-12-10T06:19:54","guid":{"rendered":"https:\/\/ita-suomenbiopankki.fi\/?page_id=85"},"modified":"2025-11-06T12:22:57","modified_gmt":"2025-11-06T10:22:57","slug":"tutkijoille","status":"publish","type":"page","link":"https:\/\/blogs2.uef.fi\/itasuomenbiopankki-vanha\/tutkijoille\/","title":{"rendered":"Tutkijoille"},"content":{"rendered":"<h1>Tutkijoille<\/h1>\n<h2>Hy\u00f6dynn\u00e4 laajaa aineistoamme<\/h2>\n<p>It\u00e4-Suomen Biopankki luovuttaa omistamiaan ja hallinnoimiaan n\u00e4ytteit\u00e4 sek\u00e4 niihin liittyv\u00e4\u00e4 kliinist\u00e4 tietoa korkeatasoiseen terveystieteelliseen tutkimukseen ja tuotekehitykseen luovutuspyynn\u00f6n perusteella.<\/p>\n<p>Biopankin laaja tutkimusalue kattaa <span>l\u00e4hes kaikki Pohjois-Savon sek\u00e4 Etel\u00e4-Savon ja Pohjois-Karjalan hyvinvointialueiden erikoisalat<\/span>. It\u00e4-Suomen Biopankki tukee etenkin verenkierto-, aineenvaihdunta-, tuki- ja liikuntaelimist\u00f6n-, neurologisten- ja sy\u00f6p\u00e4sairauksien sek\u00e4 mielenterveyden tutkimusta.<\/p>\n<p>It\u00e4-Suomen maantieteellisen eristyneisyyden ja v\u00e4h\u00e4isen muuttoliikkeen seurauksena syntyneen yhten\u00e4isen v\u00e4est\u00f6pohjan ansiosta alueelta kootut aineistot ovat erityisen arvokkaita. Lis\u00e4ksi It\u00e4-Suomen Biopankin vahvuus on sijainti alueella, jolla on paljon terveysalan koulutusta ja toimintaa, kuten esimerkiksi Kansallinen neurokeskus.<\/p>\n<h2><a href=\"https:\/\/ita-suomenbiopankki.fi\/en\/researchers\/\">Miten saan aineiston k\u00e4ytt\u00f6\u00f6ni?<\/a><\/h2>\n<p><strong>Fingenious\u00ae &#8211; Ikkuna suomalaisiin biopankkiaineistoihin ja biol\u00e4\u00e4ketieteelliseen tutkimukseen<\/strong><\/p>\n<p>Fingenious\u00ae-palvelu <a href=\"https:\/\/ita-suomenbiopankki.fi\/tutkijoille\/fingenious\/\">tarjoaa p\u00e4\u00e4syn suomalaisiin biopankkiaineistoihin<\/a>, ja sen kautta on saumattomasti saatavilla Suomen julkisten biopankkien asiantuntijapalvelut, n\u00e4ytteet ja data sek\u00e4 tutkittavat erilaisiin biol\u00e4\u00e4ketieteellisiin tutkimuksiin. Palvelun tarkoituksena on edist\u00e4\u00e4 biol\u00e4\u00e4ketieteellist\u00e4 tutkimusta palvellen akateemisia ja yritysten tutkijoita kansallisesti ja kansainv\u00e4lisesti.<\/p>\n<p><strong>Rekister\u00f6idy palveluun:<\/strong><\/p>\n<p><a href=\"http:\/\/www.fingenious.fi\" target=\"_blank\" rel=\"noopener\"><img loading=\"lazy\" decoding=\"async\" src=\"https:\/\/ita-suomenbiopankki.fi\/wp-content\/uploads\/sites\/27\/2022\/02\/Fingenious_Logo-slogan-sininen-1024x239.png\" alt=\"\" class=\"alignnone wp-image-3196 size-large\" width=\"1024\" height=\"239\" srcset=\"https:\/\/blogs2.uef.fi\/itasuomenbiopankki-vanha\/wp-content\/uploads\/sites\/27\/2022\/02\/Fingenious_Logo-slogan-sininen-1024x239.png 1024w, https:\/\/blogs2.uef.fi\/itasuomenbiopankki-vanha\/wp-content\/uploads\/sites\/27\/2022\/02\/Fingenious_Logo-slogan-sininen-300x70.png 300w, https:\/\/blogs2.uef.fi\/itasuomenbiopankki-vanha\/wp-content\/uploads\/sites\/27\/2022\/02\/Fingenious_Logo-slogan-sininen-768x179.png 768w, https:\/\/blogs2.uef.fi\/itasuomenbiopankki-vanha\/wp-content\/uploads\/sites\/27\/2022\/02\/Fingenious_Logo-slogan-sininen-1536x359.png 1536w, https:\/\/blogs2.uef.fi\/itasuomenbiopankki-vanha\/wp-content\/uploads\/sites\/27\/2022\/02\/Fingenious_Logo-slogan-sininen-2048x478.png 2048w\" sizes=\"auto, (max-width: 1024px) 100vw, 1024px\" \/><\/a><\/p>\n<p>&nbsp;<\/p>\n\n","protected":false},"excerpt":{"rendered":"<p>Tutkijoille Hy\u00f6dynn\u00e4 laajaa aineistoamme It\u00e4-Suomen Biopankki luovuttaa omistamiaan ja hallinnoimiaan n\u00e4ytteit\u00e4 sek\u00e4 niihin liittyv\u00e4\u00e4 kliinist\u00e4 tietoa korkeatasoiseen terveystieteelliseen tutkimukseen ja&#8230;<\/p>\n","protected":false},"author":1,"featured_media":0,"parent":0,"menu_order":2,"comment_status":"closed","ping_status":"closed","template":"","meta":{"_acf_changed":false,"footnotes":""},"class_list":["post-85","page","type-page","status-publish","hentry"],"acf":[],"yoast_head":"<!-- This site is optimized with the Yoast SEO plugin v27.3 - https:\/\/yoast.com\/product\/yoast-seo-wordpress\/ -->\n<title>Tutkijoille - It\u00e4-Suomen biopankki<\/title>\n<meta name=\"robots\" content=\"index, follow, max-snippet:-1, max-image-preview:large, max-video-preview:-1\" \/>\n<link rel=\"canonical\" href=\"https:\/\/blogs2.uef.fi\/itasuomenbiopankki-vanha\/tutkijoille\/\" \/>\n<meta property=\"og:locale\" content=\"fi_FI\" \/>\n<meta property=\"og:type\" content=\"article\" \/>\n<meta property=\"og:title\" content=\"Tutkijoille - It\u00e4-Suomen biopankki\" \/>\n<meta property=\"og:description\" content=\"Tutkijoille Hy\u00f6dynn\u00e4 laajaa aineistoamme It\u00e4-Suomen Biopankki luovuttaa omistamiaan ja hallinnoimiaan n\u00e4ytteit\u00e4 sek\u00e4 niihin liittyv\u00e4\u00e4 kliinist\u00e4 tietoa korkeatasoiseen terveystieteelliseen tutkimukseen ja...\" \/>\n<meta property=\"og:url\" content=\"https:\/\/blogs2.uef.fi\/itasuomenbiopankki-vanha\/tutkijoille\/\" \/>\n<meta property=\"og:site_name\" content=\"It\u00e4-Suomen biopankki\" \/>\n<meta property=\"article:modified_time\" content=\"2025-11-06T10:22:57+00:00\" \/>\n<meta property=\"og:image\" content=\"https:\/\/ita-suomenbiopankki.fi\/wp-content\/uploads\/sites\/27\/2022\/02\/Fingenious_Logo-slogan-sininen-1024x239.png\" \/>\n<meta name=\"twitter:card\" content=\"summary_large_image\" \/>\n<meta name=\"twitter:label1\" content=\"Arvioitu lukuaika\" \/>\n\t<meta name=\"twitter:data1\" content=\"2 minuuttia\" \/>\n<script type=\"application\/ld+json\" class=\"yoast-schema-graph\">{\"@context\":\"https:\\\/\\\/schema.org\",\"@graph\":[{\"@type\":\"WebPage\",\"@id\":\"https:\\\/\\\/blogs2.uef.fi\\\/itasuomenbiopankki-vanha\\\/tutkijoille\\\/\",\"url\":\"https:\\\/\\\/blogs2.uef.fi\\\/itasuomenbiopankki-vanha\\\/tutkijoille\\\/\",\"name\":\"Tutkijoille - It\u00e4-Suomen biopankki\",\"isPartOf\":{\"@id\":\"https:\\\/\\\/blogs2.uef.fi\\\/itasuomenbiopankki-vanha\\\/#website\"},\"primaryImageOfPage\":{\"@id\":\"https:\\\/\\\/blogs2.uef.fi\\\/itasuomenbiopankki-vanha\\\/tutkijoille\\\/#primaryimage\"},\"image\":{\"@id\":\"https:\\\/\\\/blogs2.uef.fi\\\/itasuomenbiopankki-vanha\\\/tutkijoille\\\/#primaryimage\"},\"thumbnailUrl\":\"https:\\\/\\\/ita-suomenbiopankki.fi\\\/wp-content\\\/uploads\\\/sites\\\/27\\\/2022\\\/02\\\/Fingenious_Logo-slogan-sininen-1024x239.png\",\"datePublished\":\"2018-12-10T06:19:54+00:00\",\"dateModified\":\"2025-11-06T10:22:57+00:00\",\"breadcrumb\":{\"@id\":\"https:\\\/\\\/blogs2.uef.fi\\\/itasuomenbiopankki-vanha\\\/tutkijoille\\\/#breadcrumb\"},\"inLanguage\":\"fi\",\"potentialAction\":[{\"@type\":\"ReadAction\",\"target\":[\"https:\\\/\\\/blogs2.uef.fi\\\/itasuomenbiopankki-vanha\\\/tutkijoille\\\/\"]}]},{\"@type\":\"ImageObject\",\"inLanguage\":\"fi\",\"@id\":\"https:\\\/\\\/blogs2.uef.fi\\\/itasuomenbiopankki-vanha\\\/tutkijoille\\\/#primaryimage\",\"url\":\"https:\\\/\\\/ita-suomenbiopankki.fi\\\/wp-content\\\/uploads\\\/sites\\\/27\\\/2022\\\/02\\\/Fingenious_Logo-slogan-sininen-1024x239.png\",\"contentUrl\":\"https:\\\/\\\/ita-suomenbiopankki.fi\\\/wp-content\\\/uploads\\\/sites\\\/27\\\/2022\\\/02\\\/Fingenious_Logo-slogan-sininen-1024x239.png\"},{\"@type\":\"BreadcrumbList\",\"@id\":\"https:\\\/\\\/blogs2.uef.fi\\\/itasuomenbiopankki-vanha\\\/tutkijoille\\\/#breadcrumb\",\"itemListElement\":[{\"@type\":\"ListItem\",\"position\":1,\"name\":\"Home\",\"item\":\"https:\\\/\\\/www.ita-suomenbiopankki.fi\\\/\"},{\"@type\":\"ListItem\",\"position\":2,\"name\":\"Tutkijoille\"}]},{\"@type\":\"WebSite\",\"@id\":\"https:\\\/\\\/blogs2.uef.fi\\\/itasuomenbiopankki-vanha\\\/#website\",\"url\":\"https:\\\/\\\/blogs2.uef.fi\\\/itasuomenbiopankki-vanha\\\/\",\"name\":\"It\u00e4-Suomen biopankki\",\"description\":\"\",\"potentialAction\":[{\"@type\":\"SearchAction\",\"target\":{\"@type\":\"EntryPoint\",\"urlTemplate\":\"https:\\\/\\\/blogs2.uef.fi\\\/itasuomenbiopankki-vanha\\\/?s={search_term_string}\"},\"query-input\":{\"@type\":\"PropertyValueSpecification\",\"valueRequired\":true,\"valueName\":\"search_term_string\"}}],\"inLanguage\":\"fi\"}]}<\/script>\n<!-- \/ Yoast SEO plugin. -->","yoast_head_json":{"title":"Tutkijoille - It\u00e4-Suomen biopankki","robots":{"index":"index","follow":"follow","max-snippet":"max-snippet:-1","max-image-preview":"max-image-preview:large","max-video-preview":"max-video-preview:-1"},"canonical":"https:\/\/blogs2.uef.fi\/itasuomenbiopankki-vanha\/tutkijoille\/","og_locale":"fi_FI","og_type":"article","og_title":"Tutkijoille - It\u00e4-Suomen biopankki","og_description":"Tutkijoille Hy\u00f6dynn\u00e4 laajaa aineistoamme It\u00e4-Suomen Biopankki luovuttaa omistamiaan ja hallinnoimiaan n\u00e4ytteit\u00e4 sek\u00e4 niihin liittyv\u00e4\u00e4 kliinist\u00e4 tietoa korkeatasoiseen terveystieteelliseen tutkimukseen ja...","og_url":"https:\/\/blogs2.uef.fi\/itasuomenbiopankki-vanha\/tutkijoille\/","og_site_name":"It\u00e4-Suomen biopankki","article_modified_time":"2025-11-06T10:22:57+00:00","og_image":[{"url":"https:\/\/ita-suomenbiopankki.fi\/wp-content\/uploads\/sites\/27\/2022\/02\/Fingenious_Logo-slogan-sininen-1024x239.png","type":"","width":"","height":""}],"twitter_card":"summary_large_image","twitter_misc":{"Arvioitu lukuaika":"2 minuuttia"},"schema":{"@context":"https:\/\/schema.org","@graph":[{"@type":"WebPage","@id":"https:\/\/blogs2.uef.fi\/itasuomenbiopankki-vanha\/tutkijoille\/","url":"https:\/\/blogs2.uef.fi\/itasuomenbiopankki-vanha\/tutkijoille\/","name":"Tutkijoille - It\u00e4-Suomen biopankki","isPartOf":{"@id":"https:\/\/blogs2.uef.fi\/itasuomenbiopankki-vanha\/#website"},"primaryImageOfPage":{"@id":"https:\/\/blogs2.uef.fi\/itasuomenbiopankki-vanha\/tutkijoille\/#primaryimage"},"image":{"@id":"https:\/\/blogs2.uef.fi\/itasuomenbiopankki-vanha\/tutkijoille\/#primaryimage"},"thumbnailUrl":"https:\/\/ita-suomenbiopankki.fi\/wp-content\/uploads\/sites\/27\/2022\/02\/Fingenious_Logo-slogan-sininen-1024x239.png","datePublished":"2018-12-10T06:19:54+00:00","dateModified":"2025-11-06T10:22:57+00:00","breadcrumb":{"@id":"https:\/\/blogs2.uef.fi\/itasuomenbiopankki-vanha\/tutkijoille\/#breadcrumb"},"inLanguage":"fi","potentialAction":[{"@type":"ReadAction","target":["https:\/\/blogs2.uef.fi\/itasuomenbiopankki-vanha\/tutkijoille\/"]}]},{"@type":"ImageObject","inLanguage":"fi","@id":"https:\/\/blogs2.uef.fi\/itasuomenbiopankki-vanha\/tutkijoille\/#primaryimage","url":"https:\/\/ita-suomenbiopankki.fi\/wp-content\/uploads\/sites\/27\/2022\/02\/Fingenious_Logo-slogan-sininen-1024x239.png","contentUrl":"https:\/\/ita-suomenbiopankki.fi\/wp-content\/uploads\/sites\/27\/2022\/02\/Fingenious_Logo-slogan-sininen-1024x239.png"},{"@type":"BreadcrumbList","@id":"https:\/\/blogs2.uef.fi\/itasuomenbiopankki-vanha\/tutkijoille\/#breadcrumb","itemListElement":[{"@type":"ListItem","position":1,"name":"Home","item":"https:\/\/www.ita-suomenbiopankki.fi\/"},{"@type":"ListItem","position":2,"name":"Tutkijoille"}]},{"@type":"WebSite","@id":"https:\/\/blogs2.uef.fi\/itasuomenbiopankki-vanha\/#website","url":"https:\/\/blogs2.uef.fi\/itasuomenbiopankki-vanha\/","name":"It\u00e4-Suomen biopankki","description":"","potentialAction":[{"@type":"SearchAction","target":{"@type":"EntryPoint","urlTemplate":"https:\/\/blogs2.uef.fi\/itasuomenbiopankki-vanha\/?s={search_term_string}"},"query-input":{"@type":"PropertyValueSpecification","valueRequired":true,"valueName":"search_term_string"}}],"inLanguage":"fi"}]}},"_links":{"self":[{"href":"https:\/\/blogs2.uef.fi\/itasuomenbiopankki-vanha\/wp-json\/wp\/v2\/pages\/85","targetHints":{"allow":["GET"]}}],"collection":[{"href":"https:\/\/blogs2.uef.fi\/itasuomenbiopankki-vanha\/wp-json\/wp\/v2\/pages"}],"about":[{"href":"https:\/\/blogs2.uef.fi\/itasuomenbiopankki-vanha\/wp-json\/wp\/v2\/types\/page"}],"author":[{"embeddable":true,"href":"https:\/\/blogs2.uef.fi\/itasuomenbiopankki-vanha\/wp-json\/wp\/v2\/users\/1"}],"replies":[{"embeddable":true,"href":"https:\/\/blogs2.uef.fi\/itasuomenbiopankki-vanha\/wp-json\/wp\/v2\/comments?post=85"}],"version-history":[{"count":6,"href":"https:\/\/blogs2.uef.fi\/itasuomenbiopankki-vanha\/wp-json\/wp\/v2\/pages\/85\/revisions"}],"predecessor-version":[{"id":5029,"href":"https:\/\/blogs2.uef.fi\/itasuomenbiopankki-vanha\/wp-json\/wp\/v2\/pages\/85\/revisions\/5029"}],"wp:attachment":[{"href":"https:\/\/blogs2.uef.fi\/itasuomenbiopankki-vanha\/wp-json\/wp\/v2\/media?parent=85"}],"curies":[{"name":"wp","href":"https:\/\/api.w.org\/{rel}","templated":true}]}}