{"id":495,"date":"2022-03-15T16:11:04","date_gmt":"2022-03-15T13:11:04","guid":{"rendered":"https:\/\/blogs2.uef.fi\/kuopioadsymposium\/?page_id=495"},"modified":"2023-07-03T11:47:02","modified_gmt":"2023-07-03T08:47:02","slug":"satellite-meetings","status":"publish","type":"page","link":"https:\/\/blogs2.uef.fi\/kuopioadsymposium\/satellite-meetings\/","title":{"rendered":"Satellite meetings"},"content":{"rendered":"\n<h2 class=\"wp-block-heading\">Satellite meeting 1 of 2:<br><strong>Patient and Public Involvement (PPI) in Brain Disorders<\/strong><\/h2>\n\n\n\n<p><strong>Target group: <\/strong>Researchers, clinicians, health care personnel, and students interested in PPI activities<\/p>\n\n\n\n<p><strong>Time and place: <\/strong>23.8.2022 at 17.15\u201319.15, Kuopio Music Centre<\/p>\n\n\n\n<p><em>Welcome to the Patient and Public Involvement (PPI) in Brain Disorders satellite meeting, organized alongside the 9<sup>th<\/sup> Kuopio Alzheimer Symposium! This satellite event is targeted to those interested in the PPI activities in the ongoing research projects focused on personalized medicine applications in brain disorders<\/em>. <em>Presentations will be given by different research projects, patient organizations, and other stakeholders.<\/em><\/p>\n\n\n\n<p><strong>PROGRAMME<\/strong><\/p>\n\n\n\n<p>Chairs: Anna M\u00e4ki-Pet\u00e4j\u00e4-Leinonen and Mikko Hiltunen, University of Eastern Finland, Kuopio, Finland<\/p>\n\n\n\n<p><strong>17.15 &#8211; 17.20 Welcome and introduction<\/strong><br>Anna M\u00e4ki-Pet\u00e4j\u00e4-Leinonen, University of Eastern Finland, Finland<\/p>\n\n\n\n<p><strong>17.20 &#8211; 17.30 Personalized medicine approach for novel microglia-associated genetic variants in Alzheimer\u2019s disease (PMG-AD)<\/strong><br>Mikko Hiltunen, University of Eastern Finland, Finland<\/p>\n\n\n\n<p><strong>17.30 &#8211; 17.40 Evaluating the contribution of biological age in the risk of progressing to dementia (PreADAPT)<\/strong><br>Alfredo Ramirez, University of Cologne, Germany<\/p>\n\n\n\n<p><strong>17.40 &#8211; 17.50 Prediagnostic early synaptic disturbances in neurodegenerative diseases (SynaDeg)<\/strong><br>Annakaisa Haapasalo, University of Eastern Finland, Finland<\/p>\n\n\n\n<p><strong>17.50 &#8211; 18.00 Patient Advisory board\u2019s contribution to the EU-FINGERS project<\/strong><br>Anna Rosenberg, Finnish Institute of Health and Welfare and Karolinska Institutet, Sweden<\/p>\n\n\n\n<p><strong>18.00 &#8211; 18.20 Organizing co-research teams: going beyond frameworks and guidelines.<\/strong><br><strong>Lessons from the practice<\/strong><br>Caterina Bettin, University of Eastern Finland, Kuopio, Finland<\/p>\n\n\n\n<p><strong>18.20 &#8211; 18.40 Tips and advice on how to conduct PPI in the context of research projects related to dementia<\/strong><br>Ana Diaz, Alzheimer Europe Project Officer, Luxembourg<\/p>\n\n\n\n<p><strong>18.40 &#8211; 18.45 Words from a representative of patient advisory board<\/strong><br>Chris Roberts, UK, Chairman of the European Working Group of People with Dementia<\/p>\n\n\n\n<p><strong>18.45 &#8211; 18.50 Words from a representative of patient advisory board<\/strong><br>Jayne Goodrick, Carer, advocate for people with dementia and their carers, UK<\/p>\n\n\n\n<p><strong>18.50 &#8211; 19.20 Round table discussion<\/strong><\/p>\n\n\n\n<p><strong>19.20 &#8211; 19.25 Closing<\/strong><br>Hilkka Soininen, University of Eastern Finland, Finland<\/p>\n\n\n\n<h2 class=\"wp-block-heading\">Satellite meeting 2 of 2:<br>FinFTD network satellite meeting<\/h2>\n\n\n\n<p><strong>Target group: <\/strong>Researchers, clinicians, health care personnel, and students interested in frontotemporal dementia (FTD) and related disorders.<\/p>\n\n\n\n<p><strong>Time and place: <\/strong>24.8.2022 at 17.15\u201319.15, Kuopio Music Centre<\/p>\n\n\n\n<p><em>Welcome to the FinFTD network satellite meeting, organized alongside the 9<sup>th<\/sup> Kuopio Alzheimer Symposium! This satellite event is targeted to those interested in the current and emerging research into clinical features, diagnostics, biomarkers, mechanisms, and therapeutic approaches related to FTD. <\/em><\/p>\n\n\n\n<p><strong>PROGRAMME<\/strong><\/p>\n\n\n\n<p>Chairs: Annakaisa Haapasalo and Eino Solje, University of Eastern Finland, Kuopio, Finland<\/p>\n\n\n\n<p><strong>17.15 &#8211; 17.20 Welcome and introduction<\/strong><br>Annakaisa Haapasalo, University of Eastern Finland, Kuopio, Finland<\/p>\n\n\n\n<p><strong>17.20 &#8211; 17.40 Clinical early features and diagnostic challenges in FTD<\/strong><br>Johanna Kr\u00fcger, University of Oulu, Finland<\/p>\n\n\n\n<p><strong>17.40 &#8211; 18.00 Risk factors and co-morbidies of FTD<\/strong><br>Eino Solje, University of Eastern Finland, Kuopio, Finland<\/p>\n\n\n\n<p><strong>18.00 &#8211; 18.25 Proteomic studies of FTD fluid biomarkers<\/strong><br>Olivia Belbin, Hospital de la Santa Creu i Sant Pau, Barcelona, Spain<\/p>\n\n\n\n<p><strong>18.25 &#8211; 18.45 Disease modeling using FTD patient-derived cells<\/strong><br>Annakaisa Haapasalo, University of Eastern Finland, Kuopio, Finland<\/p>\n\n\n\n<p><strong>18.45 &#8211; 19.10 Emerging therapeutic interventions in FTD<\/strong><br>Alberto Benussi, University of Brescia, Brescia, Italy<\/p>\n\n\n\n<p><strong>19.10 &#8211; 19.15 Closing<\/strong><br>Eino Solje, University of Eastern Finland, Kuopio, Finland<\/p>\n","protected":false},"excerpt":{"rendered":"<p>Satellite meeting 1 of 2:Patient and Public Involvement (PPI) in Brain Disorders Target group: Researchers, clinicians, health care personnel, and students interested in PPI activities Time and place: 23.8.2022 at 17.15\u201319.15, Kuopio Music Centre Welcome to the Patient and Public Involvement (PPI) in Brain Disorders satellite meeting, organized alongside the 9th Kuopio Alzheimer Symposium! This [&hellip;]<\/p>\n","protected":false},"author":309,"featured_media":0,"parent":0,"menu_order":0,"comment_status":"closed","ping_status":"closed","template":"","meta":{"_acf_changed":false,"footnotes":""},"class_list":["post-495","page","type-page","status-publish","hentry"],"acf":[],"yoast_head":"<!-- This site is optimized with the Yoast SEO plugin v27.1.1 - https:\/\/yoast.com\/product\/yoast-seo-wordpress\/ -->\n<title>Satellite meetings - Kuopio Alzheimer Symposium<\/title>\n<meta name=\"robots\" content=\"index, follow, max-snippet:-1, max-image-preview:large, max-video-preview:-1\" \/>\n<link rel=\"canonical\" href=\"https:\/\/blogs2.uef.fi\/kuopioadsymposium\/satellite-meetings\/\" \/>\n<meta property=\"og:locale\" content=\"en_US\" \/>\n<meta property=\"og:type\" content=\"article\" \/>\n<meta property=\"og:title\" content=\"Satellite meetings - Kuopio Alzheimer Symposium\" \/>\n<meta property=\"og:description\" content=\"Satellite meeting 1 of 2:Patient and Public Involvement (PPI) in Brain Disorders Target group: Researchers, clinicians, health care personnel, and students interested in PPI activities Time and place: 23.8.2022 at 17.15\u201319.15, Kuopio Music Centre Welcome to the Patient and Public Involvement (PPI) in Brain Disorders satellite meeting, organized alongside the 9th Kuopio Alzheimer Symposium! This [&hellip;]\" \/>\n<meta property=\"og:url\" content=\"https:\/\/blogs2.uef.fi\/kuopioadsymposium\/satellite-meetings\/\" \/>\n<meta property=\"og:site_name\" content=\"Kuopio Alzheimer Symposium\" \/>\n<meta property=\"article:modified_time\" content=\"2023-07-03T08:47:02+00:00\" \/>\n<meta name=\"twitter:card\" content=\"summary_large_image\" \/>\n<meta name=\"twitter:label1\" content=\"Est. reading time\" \/>\n\t<meta name=\"twitter:data1\" content=\"3 minutes\" \/>\n<script type=\"application\/ld+json\" class=\"yoast-schema-graph\">{\"@context\":\"https:\/\/schema.org\",\"@graph\":[{\"@type\":\"WebPage\",\"@id\":\"https:\/\/blogs2.uef.fi\/kuopioadsymposium\/satellite-meetings\/\",\"url\":\"https:\/\/blogs2.uef.fi\/kuopioadsymposium\/satellite-meetings\/\",\"name\":\"Satellite meetings - Kuopio Alzheimer Symposium\",\"isPartOf\":{\"@id\":\"https:\/\/blogs2.uef.fi\/kuopioadsymposium\/#website\"},\"datePublished\":\"2022-03-15T13:11:04+00:00\",\"dateModified\":\"2023-07-03T08:47:02+00:00\",\"breadcrumb\":{\"@id\":\"https:\/\/blogs2.uef.fi\/kuopioadsymposium\/satellite-meetings\/#breadcrumb\"},\"inLanguage\":\"en-US\",\"potentialAction\":[{\"@type\":\"ReadAction\",\"target\":[\"https:\/\/blogs2.uef.fi\/kuopioadsymposium\/satellite-meetings\/\"]}]},{\"@type\":\"BreadcrumbList\",\"@id\":\"https:\/\/blogs2.uef.fi\/kuopioadsymposium\/satellite-meetings\/#breadcrumb\",\"itemListElement\":[{\"@type\":\"ListItem\",\"position\":1,\"name\":\"Home\",\"item\":\"https:\/\/blogs2.uef.fi\/kuopioadsymposium\/\"},{\"@type\":\"ListItem\",\"position\":2,\"name\":\"Satellite meetings\"}]},{\"@type\":\"WebSite\",\"@id\":\"https:\/\/blogs2.uef.fi\/kuopioadsymposium\/#website\",\"url\":\"https:\/\/blogs2.uef.fi\/kuopioadsymposium\/\",\"name\":\"Kuopio Alzheimer Symposium\",\"description\":\"\",\"publisher\":{\"@id\":\"https:\/\/blogs2.uef.fi\/kuopioadsymposium\/#organization\"},\"potentialAction\":[{\"@type\":\"SearchAction\",\"target\":{\"@type\":\"EntryPoint\",\"urlTemplate\":\"https:\/\/blogs2.uef.fi\/kuopioadsymposium\/?s={search_term_string}\"},\"query-input\":{\"@type\":\"PropertyValueSpecification\",\"valueRequired\":true,\"valueName\":\"search_term_string\"}}],\"inLanguage\":\"en-US\"},{\"@type\":\"Organization\",\"@id\":\"https:\/\/blogs2.uef.fi\/kuopioadsymposium\/#organization\",\"name\":\"Kuopio Alzheimer Symposium\",\"url\":\"https:\/\/blogs2.uef.fi\/kuopioadsymposium\/\",\"logo\":{\"@type\":\"ImageObject\",\"inLanguage\":\"en-US\",\"@id\":\"https:\/\/blogs2.uef.fi\/kuopioadsymposium\/#\/schema\/logo\/image\/\",\"url\":\"https:\/\/blogs2.uef.fi\/kuopioadsymposium\/wp-content\/uploads\/sites\/87\/2022\/03\/cropped-UEF_Alzheimer_Symposium_Merkki.png\",\"contentUrl\":\"https:\/\/blogs2.uef.fi\/kuopioadsymposium\/wp-content\/uploads\/sites\/87\/2022\/03\/cropped-UEF_Alzheimer_Symposium_Merkki.png\",\"width\":250,\"height\":250,\"caption\":\"Kuopio Alzheimer Symposium\"},\"image\":{\"@id\":\"https:\/\/blogs2.uef.fi\/kuopioadsymposium\/#\/schema\/logo\/image\/\"}}]}<\/script>\n<!-- \/ Yoast SEO plugin. -->","yoast_head_json":{"title":"Satellite meetings - Kuopio Alzheimer Symposium","robots":{"index":"index","follow":"follow","max-snippet":"max-snippet:-1","max-image-preview":"max-image-preview:large","max-video-preview":"max-video-preview:-1"},"canonical":"https:\/\/blogs2.uef.fi\/kuopioadsymposium\/satellite-meetings\/","og_locale":"en_US","og_type":"article","og_title":"Satellite meetings - Kuopio Alzheimer Symposium","og_description":"Satellite meeting 1 of 2:Patient and Public Involvement (PPI) in Brain Disorders Target group: Researchers, clinicians, health care personnel, and students interested in PPI activities Time and place: 23.8.2022 at 17.15\u201319.15, Kuopio Music Centre Welcome to the Patient and Public Involvement (PPI) in Brain Disorders satellite meeting, organized alongside the 9th Kuopio Alzheimer Symposium! This [&hellip;]","og_url":"https:\/\/blogs2.uef.fi\/kuopioadsymposium\/satellite-meetings\/","og_site_name":"Kuopio Alzheimer Symposium","article_modified_time":"2023-07-03T08:47:02+00:00","twitter_card":"summary_large_image","twitter_misc":{"Est. reading time":"3 minutes"},"schema":{"@context":"https:\/\/schema.org","@graph":[{"@type":"WebPage","@id":"https:\/\/blogs2.uef.fi\/kuopioadsymposium\/satellite-meetings\/","url":"https:\/\/blogs2.uef.fi\/kuopioadsymposium\/satellite-meetings\/","name":"Satellite meetings - Kuopio Alzheimer Symposium","isPartOf":{"@id":"https:\/\/blogs2.uef.fi\/kuopioadsymposium\/#website"},"datePublished":"2022-03-15T13:11:04+00:00","dateModified":"2023-07-03T08:47:02+00:00","breadcrumb":{"@id":"https:\/\/blogs2.uef.fi\/kuopioadsymposium\/satellite-meetings\/#breadcrumb"},"inLanguage":"en-US","potentialAction":[{"@type":"ReadAction","target":["https:\/\/blogs2.uef.fi\/kuopioadsymposium\/satellite-meetings\/"]}]},{"@type":"BreadcrumbList","@id":"https:\/\/blogs2.uef.fi\/kuopioadsymposium\/satellite-meetings\/#breadcrumb","itemListElement":[{"@type":"ListItem","position":1,"name":"Home","item":"https:\/\/blogs2.uef.fi\/kuopioadsymposium\/"},{"@type":"ListItem","position":2,"name":"Satellite meetings"}]},{"@type":"WebSite","@id":"https:\/\/blogs2.uef.fi\/kuopioadsymposium\/#website","url":"https:\/\/blogs2.uef.fi\/kuopioadsymposium\/","name":"Kuopio Alzheimer Symposium","description":"","publisher":{"@id":"https:\/\/blogs2.uef.fi\/kuopioadsymposium\/#organization"},"potentialAction":[{"@type":"SearchAction","target":{"@type":"EntryPoint","urlTemplate":"https:\/\/blogs2.uef.fi\/kuopioadsymposium\/?s={search_term_string}"},"query-input":{"@type":"PropertyValueSpecification","valueRequired":true,"valueName":"search_term_string"}}],"inLanguage":"en-US"},{"@type":"Organization","@id":"https:\/\/blogs2.uef.fi\/kuopioadsymposium\/#organization","name":"Kuopio Alzheimer Symposium","url":"https:\/\/blogs2.uef.fi\/kuopioadsymposium\/","logo":{"@type":"ImageObject","inLanguage":"en-US","@id":"https:\/\/blogs2.uef.fi\/kuopioadsymposium\/#\/schema\/logo\/image\/","url":"https:\/\/blogs2.uef.fi\/kuopioadsymposium\/wp-content\/uploads\/sites\/87\/2022\/03\/cropped-UEF_Alzheimer_Symposium_Merkki.png","contentUrl":"https:\/\/blogs2.uef.fi\/kuopioadsymposium\/wp-content\/uploads\/sites\/87\/2022\/03\/cropped-UEF_Alzheimer_Symposium_Merkki.png","width":250,"height":250,"caption":"Kuopio Alzheimer Symposium"},"image":{"@id":"https:\/\/blogs2.uef.fi\/kuopioadsymposium\/#\/schema\/logo\/image\/"}}]}},"_links":{"self":[{"href":"https:\/\/blogs2.uef.fi\/kuopioadsymposium\/wp-json\/wp\/v2\/pages\/495","targetHints":{"allow":["GET"]}}],"collection":[{"href":"https:\/\/blogs2.uef.fi\/kuopioadsymposium\/wp-json\/wp\/v2\/pages"}],"about":[{"href":"https:\/\/blogs2.uef.fi\/kuopioadsymposium\/wp-json\/wp\/v2\/types\/page"}],"author":[{"embeddable":true,"href":"https:\/\/blogs2.uef.fi\/kuopioadsymposium\/wp-json\/wp\/v2\/users\/309"}],"replies":[{"embeddable":true,"href":"https:\/\/blogs2.uef.fi\/kuopioadsymposium\/wp-json\/wp\/v2\/comments?post=495"}],"version-history":[{"count":2,"href":"https:\/\/blogs2.uef.fi\/kuopioadsymposium\/wp-json\/wp\/v2\/pages\/495\/revisions"}],"predecessor-version":[{"id":2099,"href":"https:\/\/blogs2.uef.fi\/kuopioadsymposium\/wp-json\/wp\/v2\/pages\/495\/revisions\/2099"}],"wp:attachment":[{"href":"https:\/\/blogs2.uef.fi\/kuopioadsymposium\/wp-json\/wp\/v2\/media?parent=495"}],"curies":[{"name":"wp","href":"https:\/\/api.w.org\/{rel}","templated":true}]}}