{"id":542,"date":"2022-03-16T11:39:53","date_gmt":"2022-03-16T08:39:53","guid":{"rendered":"https:\/\/blogs2.uef.fi\/kuopioadsymposium\/?page_id=542"},"modified":"2023-07-03T11:48:30","modified_gmt":"2023-07-03T08:48:30","slug":"kuopio","status":"publish","type":"page","link":"https:\/\/blogs2.uef.fi\/kuopioadsymposium\/kuopio\/","title":{"rendered":"Visiting Kuopio"},"content":{"rendered":"\n<p>We are happy to invite researchers and clinicians from all Nordic countries, as well as participants outside the Nordic region to Kuopio, Finland.<\/p>\n\n\n\n<p>See things to do and all events in<a rel=\"noreferrer noopener\" href=\"https:\/\/www.kuopiotahko.fi\/en\/home\/\" target=\"_blank\"> Kuopio and surrounding region <\/a>and in <a rel=\"noreferrer noopener\" href=\"https:\/\/www.tahko.com\/en\/\" target=\"_blank\">Tahko Mountain area<\/a>.<\/p>\n\n\n\n<figure class=\"wp-block-image size-full\"><img loading=\"lazy\" decoding=\"async\" width=\"768\" height=\"432\" src=\"https:\/\/blogs2.uef.fi\/kuopioadsymposium\/wp-content\/uploads\/sites\/87\/2022\/06\/NMCC-images-from-Kuopio-3-768x432-1.png\" alt=\"\" class=\"wp-image-1166\" srcset=\"https:\/\/blogs2.uef.fi\/kuopioadsymposium\/wp-content\/uploads\/sites\/87\/2022\/06\/NMCC-images-from-Kuopio-3-768x432-1.png 768w, https:\/\/blogs2.uef.fi\/kuopioadsymposium\/wp-content\/uploads\/sites\/87\/2022\/06\/NMCC-images-from-Kuopio-3-768x432-1-300x169.png 300w\" sizes=\"auto, (max-width: 768px) 100vw, 768px\" \/><\/figure>\n\n\n\n<h2 class=\"wp-block-heading\">Sports &amp; outdoors<\/h2>\n\n\n\n<p>Kuopio, the Capital of Lakeland, is located at the heart of the most beautiful Finnish lake scenery. Kuopio\u2019s nature is full of lakes, forests and marked trails that invite you to explore its beauty in all seasons. In Kuopio, most hiking trails and nature trails can be easily accessed either by foot or by local bus.<\/p>\n\n\n\n<h3 class=\"wp-block-heading\"><strong>Puijo<\/strong><\/h3>\n\n\n\n<p>Located 2,5 kilometres from the city centre, Puijo Tower on top of the Puijo hill is a must-see place for travellers. And no wonder, as the 75-metre tower offers stunning views in all directions. Beautifully renovated Puijo Tower is open all year round and in addition to the best scenery in the city, it also has a restaurant that rotates 360 degrees around the tower.<\/p>\n\n\n\n<p>The height of the Puijo hill is 232 meters from the sea surface and there are more than 200 hectares of protected forests in the area. You can learn about the area\u2019s natural environment on three nature trails, each a couple of kilometres long.<\/p>\n\n\n\n<ul class=\"wp-block-list\">\n<li><a rel=\"noreferrer noopener\" href=\"https:\/\/www.puijopeak.fi\/en\/frontpage\/\" target=\"_blank\">Visit Puijo tower<\/a> (puijopeak.fi)<\/li>\n\n\n\n<li><a rel=\"noreferrer noopener\" href=\"https:\/\/www.kuopiotahko.fi\/en\/places\/nature-trails-in-puijo\/\" target=\"_blank\">Nature trails in Puijo<\/a> (kuopiotahko.fi)<\/li>\n<\/ul>\n\n\n\n<div class=\"wp-block-columns is-layout-flex wp-container-core-columns-is-layout-9d6595d7 wp-block-columns-is-layout-flex\">\n<div class=\"wp-block-column is-layout-flow wp-block-column-is-layout-flow\" style=\"flex-basis:100%\">\n<figure class=\"wp-block-image size-large is-resized\"><img loading=\"lazy\" decoding=\"async\" src=\"https:\/\/blogs2.uef.fi\/kuopioadsymposium\/wp-content\/uploads\/sites\/87\/2022\/06\/Kuopio_Puijo_Kesa-1-1024x682.jpg\" alt=\"Puijo tower\" class=\"wp-image-1203\" width=\"561\" height=\"373\" srcset=\"https:\/\/blogs2.uef.fi\/kuopioadsymposium\/wp-content\/uploads\/sites\/87\/2022\/06\/Kuopio_Puijo_Kesa-1-1024x682.jpg 1024w, https:\/\/blogs2.uef.fi\/kuopioadsymposium\/wp-content\/uploads\/sites\/87\/2022\/06\/Kuopio_Puijo_Kesa-1-300x200.jpg 300w, https:\/\/blogs2.uef.fi\/kuopioadsymposium\/wp-content\/uploads\/sites\/87\/2022\/06\/Kuopio_Puijo_Kesa-1-768x512.jpg 768w, https:\/\/blogs2.uef.fi\/kuopioadsymposium\/wp-content\/uploads\/sites\/87\/2022\/06\/Kuopio_Puijo_Kesa-1-1536x1023.jpg 1536w, https:\/\/blogs2.uef.fi\/kuopioadsymposium\/wp-content\/uploads\/sites\/87\/2022\/06\/Kuopio_Puijo_Kesa-1-2048x1364.jpg 2048w\" sizes=\"auto, (max-width: 561px) 100vw, 561px\" \/><figcaption class=\"wp-element-caption\">Photo: Kuopio-Tahko Markkinointi<\/figcaption><\/figure>\n<\/div>\n<\/div>\n\n\n\n<h3 class=\"wp-block-heading\"><strong>V\u00e4in\u00f6l\u00e4nniemi city park<\/strong><\/h3>\n\n\n\n<p>V\u00e4in\u00f6l\u00e4nniemi is a park and sports area right next to the center of Kuopio. V\u00e4in\u00f6l\u00e4nniemi has beaches, cafes, a lovely beach promenade for walking and cycling and fields for playing tennis, basketball, beach volley and padel.<\/p>\n\n\n\n<ul class=\"wp-block-list\">\n<li><a href=\"https:\/\/www.kuopiotahko.fi\/en\/places\/vainolanniemi\/\" target=\"_blank\" rel=\"noreferrer noopener\">Visit V\u00e4in\u00f6l\u00e4nniemi <\/a>(kuopiotahko.fi)<\/li>\n<\/ul>\n\n\n\n<h3 class=\"wp-block-heading\"><strong>Disc golf<\/strong><\/h3>\n\n\n\n<p>Kuopio is a dream destination for disc golf players. There are two disc golf courses in Tahko, and many more in the city of Kuopio. The 18-hole Puijo DiscGolfPark is especially worth the visit!<\/p>\n\n\n\n<ul class=\"wp-block-list\">\n<li><a href=\"https:\/\/www.kuopiotahko.fi\/en\/things-to-do\/activities\/disc-golf\/\" target=\"_blank\" rel=\"noreferrer noopener\">Disc golf in Kuopio area<\/a> (kuopiotahko.fi)<\/li>\n<\/ul>\n\n\n\n<h3 class=\"wp-block-heading\"><strong>Tahko area<\/strong><\/h3>\n\n\n\n<p>Tahko is an active ski resort and a year-round holiday destination. World-class ski slopes, soothing lakes situated in pure natural surroundings, diverse facilities, colorful events and a joyous atmosphere will charm families, friends and business travelers alike. Kuopio is only less than an hour\u2019s drive away<br><br><strong>Hiking trails<\/strong><br>Tahko\u2019s four ring routes of different lengths meander through varying terrains and stunning landscapes. Tahko\u2019s hiking trails have large elevation differences, as all trails rise to almost 300 meters above sea level at least once.<\/p>\n\n\n\n<ul class=\"wp-block-list\">\n<li><a rel=\"noreferrer noopener\" href=\"https:\/\/www.kuopiotahko.fi\/en\/places\/tahko-hiking-trails\/\" target=\"_blank\">Tahko hiking trails &amp; hiking route map<\/a> (kuopiotahko.fi)<\/li>\n<\/ul>\n\n\n\n<p><strong>Mountain biking<\/strong><br>Tahko is the mountain biker\u2019s dream destination, where enthusiasts of the sport are treated to well-marked and versatile routes, top-quality rental equipment and excellent services such as restaurants and accommodation. In addition to traditional mountain biking, Tahko also has great conditions for downhill cycling.<\/p>\n\n\n\n<ul class=\"wp-block-list\">\n<li><a rel=\"noreferrer noopener\" href=\"https:\/\/www.tahko.com\/en\/things-to-do\/activities\/mountain-biking\/\" target=\"_blank\">Mountain biking in Tahko<\/a> (tahko.com)<\/li>\n\n\n\n<li><a href=\"https:\/\/www.tahko.com\/en\/place\/downhill-biking-in-tahko\/\" target=\"_blank\" rel=\"noreferrer noopener\">Tahko Bike Park<\/a> (tahko.com)<\/li>\n<\/ul>\n\n\n\n<figure class=\"wp-block-image size-large is-resized\"><img loading=\"lazy\" decoding=\"async\" src=\"https:\/\/blogs2.uef.fi\/kuopioadsymposium\/wp-content\/uploads\/sites\/87\/2022\/06\/Tahko_Group-on-E-bike-tour-1024x683.jpg\" alt=\"\" class=\"wp-image-1206\" width=\"568\" height=\"379\" srcset=\"https:\/\/blogs2.uef.fi\/kuopioadsymposium\/wp-content\/uploads\/sites\/87\/2022\/06\/Tahko_Group-on-E-bike-tour-1024x683.jpg 1024w, https:\/\/blogs2.uef.fi\/kuopioadsymposium\/wp-content\/uploads\/sites\/87\/2022\/06\/Tahko_Group-on-E-bike-tour-300x200.jpg 300w, https:\/\/blogs2.uef.fi\/kuopioadsymposium\/wp-content\/uploads\/sites\/87\/2022\/06\/Tahko_Group-on-E-bike-tour-768x512.jpg 768w, https:\/\/blogs2.uef.fi\/kuopioadsymposium\/wp-content\/uploads\/sites\/87\/2022\/06\/Tahko_Group-on-E-bike-tour-1536x1024.jpg 1536w, https:\/\/blogs2.uef.fi\/kuopioadsymposium\/wp-content\/uploads\/sites\/87\/2022\/06\/Tahko_Group-on-E-bike-tour-2048x1365.jpg 2048w\" sizes=\"auto, (max-width: 568px) 100vw, 568px\" \/><figcaption class=\"wp-element-caption\">Photo: Kuopio-Tahko Markkinointi<\/figcaption><\/figure>\n\n\n\n<h3 class=\"wp-block-heading\"><strong>Adventure Center Kuopio<\/strong><\/h3>\n\n\n\n<p>&nbsp;Located in the passenger harbour of Kuopio, Adventure Center rents equipment for canoeing, SUP boarding and kayaking.<\/p>\n\n\n\n<ul class=\"wp-block-list\">\n<li><a rel=\"noreferrer noopener\" href=\"https:\/\/seikkailukeskus.johku.com\/en_US\" target=\"_blank\">More information and bookings <\/a>(seikkailukeskus.johku.com)<\/li>\n<\/ul>\n\n\n\n<h2 class=\"wp-block-heading\">Saunas<\/h2>\n\n\n\n<p>A visit to Finland is not complete without a visit to a traditional sauna. &nbsp;For a once-in-a-lifetime experience, be sure to visit the world\u2019s largest smoke sauna in Kuopio. For a truly authentic experience you can jump directly into the fresh lake water from the sauna.<\/p>\n\n\n\n<h3 class=\"wp-block-heading\"><strong>Saana<\/strong><\/h3>\n\n\n\n<p>Holiday Resort Kuopion Saana combines Finnish sauna and spa experiences, an excellent restaurant services and a huge summer terraces, a guest boat harbour and numerous events and activities into one location. Saana\u2019s menu is made for each gastronomic season, using high-quality ingredients and favoring local producers.<\/p>\n\n\n\n<ul class=\"wp-block-list\">\n<li><a href=\"https:\/\/www.kuopionsaana.fi\/en\/frontpage\/\" target=\"_blank\" rel=\"noreferrer noopener\">Buy tickets &amp; book a table online<\/a> (kuopionsaana.fi)<\/li>\n<\/ul>\n\n\n\n<figure class=\"wp-block-image size-large is-resized\"><img loading=\"lazy\" decoding=\"async\" src=\"https:\/\/blogs2.uef.fi\/kuopioadsymposium\/wp-content\/uploads\/sites\/87\/2022\/06\/Kuopio_Saana_airphoto_2019-1024x768.jpg\" alt=\"\" class=\"wp-image-1209\" width=\"573\" height=\"429\" srcset=\"https:\/\/blogs2.uef.fi\/kuopioadsymposium\/wp-content\/uploads\/sites\/87\/2022\/06\/Kuopio_Saana_airphoto_2019-1024x768.jpg 1024w, https:\/\/blogs2.uef.fi\/kuopioadsymposium\/wp-content\/uploads\/sites\/87\/2022\/06\/Kuopio_Saana_airphoto_2019-300x225.jpg 300w, https:\/\/blogs2.uef.fi\/kuopioadsymposium\/wp-content\/uploads\/sites\/87\/2022\/06\/Kuopio_Saana_airphoto_2019-768x576.jpg 768w, https:\/\/blogs2.uef.fi\/kuopioadsymposium\/wp-content\/uploads\/sites\/87\/2022\/06\/Kuopio_Saana_airphoto_2019-1536x1152.jpg 1536w, https:\/\/blogs2.uef.fi\/kuopioadsymposium\/wp-content\/uploads\/sites\/87\/2022\/06\/Kuopio_Saana_airphoto_2019-2048x1536.jpg 2048w\" sizes=\"auto, (max-width: 573px) 100vw, 573px\" \/><figcaption class=\"wp-element-caption\">Photo: Kuopio-Tahko Markkinointi<\/figcaption><\/figure>\n\n\n\n<h3 class=\"wp-block-heading\"><strong>J\u00e4tk\u00e4nk\u00e4mpp\u00e4 (Lumberjack Lodge)<\/strong><\/h3>\n\n\n\n<p>The smoke sauna of J\u00e4tk\u00e4nk\u00e4mpp\u00e4 is an authentic lumberjack lodge located in the Spa Hotel Rauhanlahti. Traditional Finnish evenings are held in J\u00e4tk\u00e4nk\u00e4mpp\u00e4 on Tuesdays all year round and in summer also on Thursdays. These evenings include traditional Finnish dinner with some local delicacies, live music and a lumberjack\u00b4s live demonstration on water. You can complete your traditional Finnish evening by bathing in a large smoke sauna and swim in a Lake Kallavesi.<\/p>\n\n\n\n<ul class=\"wp-block-list\">\n<li><a href=\"https:\/\/www.rauhalahti.fi\/en\/restaurants\/jatkankamppa\/public-traditional-finnish-evenings\" target=\"_blank\" rel=\"noreferrer noopener\">More information about the public traditional smoke sauna evenings<\/a> (rauhalahti.fi)<\/li>\n<\/ul>\n\n\n\n<h2 class=\"wp-block-heading\">Places to visit<\/h2>\n\n\n\n<h3 class=\"wp-block-heading\"><strong>Market place and market hall<\/strong><\/h3>\n\n\n\n<p>The market place is one of the most popular sights and places to visit in Kuopio. It\u2019s located in the middle of the city, making in an attraction you will probably see every time you visit the city center. The stalls of market place offers a variety of handicrafts, fresh farm produce and of course &#8220;kalakukko&#8221; traditional Savonian fish pies.<\/p>\n\n\n\n<figure class=\"wp-block-image size-large is-resized\"><img loading=\"lazy\" decoding=\"async\" src=\"https:\/\/blogs2.uef.fi\/kuopioadsymposium\/wp-content\/uploads\/sites\/87\/2022\/06\/Kuopio_Tori_Kesa-1-1024x682.jpg\" alt=\"\" class=\"wp-image-1259\" width=\"569\" height=\"378\" srcset=\"https:\/\/blogs2.uef.fi\/kuopioadsymposium\/wp-content\/uploads\/sites\/87\/2022\/06\/Kuopio_Tori_Kesa-1-1024x682.jpg 1024w, https:\/\/blogs2.uef.fi\/kuopioadsymposium\/wp-content\/uploads\/sites\/87\/2022\/06\/Kuopio_Tori_Kesa-1-300x200.jpg 300w, https:\/\/blogs2.uef.fi\/kuopioadsymposium\/wp-content\/uploads\/sites\/87\/2022\/06\/Kuopio_Tori_Kesa-1-768x512.jpg 768w, https:\/\/blogs2.uef.fi\/kuopioadsymposium\/wp-content\/uploads\/sites\/87\/2022\/06\/Kuopio_Tori_Kesa-1-1536x1023.jpg 1536w, https:\/\/blogs2.uef.fi\/kuopioadsymposium\/wp-content\/uploads\/sites\/87\/2022\/06\/Kuopio_Tori_Kesa-1-2048x1364.jpg 2048w\" sizes=\"auto, (max-width: 569px) 100vw, 569px\" \/><figcaption class=\"wp-element-caption\">Photo: Kuopio-Tahko Markkinointi<\/figcaption><\/figure>\n\n\n\n<h3 class=\"wp-block-heading\"><strong>Museums and art<\/strong><\/h3>\n\n\n\n<p>Inside recently renewated <strong>Kuopio Museum (Kantti)<\/strong> you will discover displays of fascinating Eastern Finnish nature and cultural history alongside annual changing exhibits carefully curated by the museum.<\/p>\n\n\n\n<p><strong>Kuopio Art Museum <\/strong>meanwhile is an inspirational experience for both modern and classical art lovers. Introducing exhibitions and thought-provoking themes, the permanent and changing collections invite you to explore the world of art. Kuopio also has one the largest orthodox museums in Europe, <strong>Riisa<\/strong>.<\/p>\n\n\n\n<p><strong>VB Photographic Center<\/strong> is Finland\u2019s first regional photography center, which organizes domestic and foreign photo exhibitions throughout the year.<\/p>\n\n\n\n<ul class=\"wp-block-list\">\n<li><a rel=\"noreferrer noopener\" href=\"https:\/\/www.kuopiotahko.fi\/en\/things-to-do\/culture-and-places-to-visit\/museums\/\" target=\"_blank\">Museums in Kuopio<\/a> (kuopiotahko.fi)<\/li>\n\n\n\n<li><a href=\"https:\/\/vb-valokuvakeskus.fi\/\" target=\"_blank\" rel=\"noreferrer noopener\">VB Photographic Centre<\/a> (vb-valokuvakeskus.fi)<\/li>\n<\/ul>\n\n\n\n<h2 class=\"wp-block-heading\">Transportation<\/h2>\n\n\n\n<h3 class=\"wp-block-heading\"><strong>Kuopio Region Public Transport<\/strong><\/h3>\n\n\n\n<p>Vilkku buses serve all passengers in the Kuopio urban area and areas nearby.<\/p>\n\n\n\n<ul class=\"wp-block-list\">\n<li><a href=\"https:\/\/vilkku.kuopio.fi\/en\" target=\"_blank\" rel=\"noreferrer noopener\">Timetables, routes and tickets<\/a> (vilkku.kuopio.fi)<\/li>\n<\/ul>\n\n\n\n<h3 class=\"wp-block-heading\"><strong>City bikes<\/strong><\/h3>\n\n\n\n<p>City biking is an easy way to get to know Kuopio! The Vilkku bikes are the first pedal assist e-bikes used as city bikes in any Nordic country.<\/p>\n\n\n\n<ul class=\"wp-block-list\">\n<li><a href=\"https:\/\/kaupunkipyorat.kuopio.fi\/\" target=\"_blank\" rel=\"noreferrer noopener\">More information and get started<\/a> (kaupunkipyorat.kuopio.fi)<\/li>\n<\/ul>\n\n\n\n<h3 class=\"wp-block-heading\"><strong>E- scooters<\/strong><\/h3>\n\n\n\n<p>Get around Kuopio in a fun way with Tier e-scooters!<\/p>\n\n\n\n<ul class=\"wp-block-list\">\n<li><a href=\"https:\/\/www.tier.app\/en\/\" target=\"_blank\" rel=\"noreferrer noopener\">More information and get started<\/a> (tier.app)<\/li>\n<\/ul>\n\n\n\n<figure class=\"wp-block-image size-large is-resized\"><img loading=\"lazy\" decoding=\"async\" src=\"https:\/\/blogs2.uef.fi\/kuopioadsymposium\/wp-content\/uploads\/sites\/87\/2022\/06\/Kuopio_Biking_marketplace_2019-1024x683.jpg\" alt=\"\" class=\"wp-image-1212\" width=\"570\" height=\"380\" srcset=\"https:\/\/blogs2.uef.fi\/kuopioadsymposium\/wp-content\/uploads\/sites\/87\/2022\/06\/Kuopio_Biking_marketplace_2019-1024x683.jpg 1024w, https:\/\/blogs2.uef.fi\/kuopioadsymposium\/wp-content\/uploads\/sites\/87\/2022\/06\/Kuopio_Biking_marketplace_2019-300x200.jpg 300w, https:\/\/blogs2.uef.fi\/kuopioadsymposium\/wp-content\/uploads\/sites\/87\/2022\/06\/Kuopio_Biking_marketplace_2019-768x512.jpg 768w, https:\/\/blogs2.uef.fi\/kuopioadsymposium\/wp-content\/uploads\/sites\/87\/2022\/06\/Kuopio_Biking_marketplace_2019-1536x1024.jpg 1536w, https:\/\/blogs2.uef.fi\/kuopioadsymposium\/wp-content\/uploads\/sites\/87\/2022\/06\/Kuopio_Biking_marketplace_2019-2048x1365.jpg 2048w\" sizes=\"auto, (max-width: 570px) 100vw, 570px\" \/><figcaption class=\"wp-element-caption\">Photo: Kuopio-Tahko Markkinointi<\/figcaption><\/figure>\n","protected":false},"excerpt":{"rendered":"<p>We are happy to invite researchers and clinicians from all Nordic countries, as well as participants outside the Nordic region to Kuopio, Finland. See things to do and all events in Kuopio and surrounding region and in Tahko Mountain area. Sports &amp; outdoors Kuopio, the Capital of Lakeland, is located at the heart of the [&hellip;]<\/p>\n","protected":false},"author":309,"featured_media":0,"parent":0,"menu_order":0,"comment_status":"closed","ping_status":"closed","template":"","meta":{"_acf_changed":false,"footnotes":""},"class_list":["post-542","page","type-page","status-publish","hentry"],"acf":[],"yoast_head":"<!-- This site is optimized with the Yoast SEO plugin v27.1.1 - https:\/\/yoast.com\/product\/yoast-seo-wordpress\/ -->\n<title>Visiting Kuopio - Kuopio Alzheimer Symposium<\/title>\n<meta name=\"robots\" content=\"index, follow, max-snippet:-1, max-image-preview:large, max-video-preview:-1\" \/>\n<link rel=\"canonical\" href=\"https:\/\/blogs2.uef.fi\/kuopioadsymposium\/kuopio\/\" \/>\n<meta property=\"og:locale\" content=\"en_US\" \/>\n<meta property=\"og:type\" content=\"article\" \/>\n<meta property=\"og:title\" content=\"Visiting Kuopio - Kuopio Alzheimer Symposium\" \/>\n<meta property=\"og:description\" content=\"We are happy to invite researchers and clinicians from all Nordic countries, as well as participants outside the Nordic region to Kuopio, Finland. See things to do and all events in Kuopio and surrounding region and in Tahko Mountain area. Sports &amp; outdoors Kuopio, the Capital of Lakeland, is located at the heart of the [&hellip;]\" \/>\n<meta property=\"og:url\" content=\"https:\/\/blogs2.uef.fi\/kuopioadsymposium\/kuopio\/\" \/>\n<meta property=\"og:site_name\" content=\"Kuopio Alzheimer Symposium\" \/>\n<meta property=\"article:modified_time\" content=\"2023-07-03T08:48:30+00:00\" \/>\n<meta property=\"og:image\" content=\"https:\/\/blogs2.uef.fi\/kuopioadsymposium\/wp-content\/uploads\/sites\/87\/2022\/06\/NMCC-images-from-Kuopio-3-768x432-1.png\" \/>\n<meta name=\"twitter:card\" content=\"summary_large_image\" \/>\n<meta name=\"twitter:label1\" content=\"Est. reading time\" \/>\n\t<meta name=\"twitter:data1\" content=\"6 minutes\" \/>\n<script type=\"application\/ld+json\" class=\"yoast-schema-graph\">{\"@context\":\"https:\/\/schema.org\",\"@graph\":[{\"@type\":\"WebPage\",\"@id\":\"https:\/\/blogs2.uef.fi\/kuopioadsymposium\/kuopio\/\",\"url\":\"https:\/\/blogs2.uef.fi\/kuopioadsymposium\/kuopio\/\",\"name\":\"Visiting Kuopio - Kuopio Alzheimer Symposium\",\"isPartOf\":{\"@id\":\"https:\/\/blogs2.uef.fi\/kuopioadsymposium\/#website\"},\"primaryImageOfPage\":{\"@id\":\"https:\/\/blogs2.uef.fi\/kuopioadsymposium\/kuopio\/#primaryimage\"},\"image\":{\"@id\":\"https:\/\/blogs2.uef.fi\/kuopioadsymposium\/kuopio\/#primaryimage\"},\"thumbnailUrl\":\"https:\/\/blogs2.uef.fi\/kuopioadsymposium\/wp-content\/uploads\/sites\/87\/2022\/06\/NMCC-images-from-Kuopio-3-768x432-1.png\",\"datePublished\":\"2022-03-16T08:39:53+00:00\",\"dateModified\":\"2023-07-03T08:48:30+00:00\",\"breadcrumb\":{\"@id\":\"https:\/\/blogs2.uef.fi\/kuopioadsymposium\/kuopio\/#breadcrumb\"},\"inLanguage\":\"en-US\",\"potentialAction\":[{\"@type\":\"ReadAction\",\"target\":[\"https:\/\/blogs2.uef.fi\/kuopioadsymposium\/kuopio\/\"]}]},{\"@type\":\"ImageObject\",\"inLanguage\":\"en-US\",\"@id\":\"https:\/\/blogs2.uef.fi\/kuopioadsymposium\/kuopio\/#primaryimage\",\"url\":\"https:\/\/blogs2.uef.fi\/kuopioadsymposium\/wp-content\/uploads\/sites\/87\/2022\/06\/NMCC-images-from-Kuopio-3-768x432-1.png\",\"contentUrl\":\"https:\/\/blogs2.uef.fi\/kuopioadsymposium\/wp-content\/uploads\/sites\/87\/2022\/06\/NMCC-images-from-Kuopio-3-768x432-1.png\",\"width\":768,\"height\":432},{\"@type\":\"BreadcrumbList\",\"@id\":\"https:\/\/blogs2.uef.fi\/kuopioadsymposium\/kuopio\/#breadcrumb\",\"itemListElement\":[{\"@type\":\"ListItem\",\"position\":1,\"name\":\"Home\",\"item\":\"https:\/\/blogs2.uef.fi\/kuopioadsymposium\/\"},{\"@type\":\"ListItem\",\"position\":2,\"name\":\"Visiting Kuopio\"}]},{\"@type\":\"WebSite\",\"@id\":\"https:\/\/blogs2.uef.fi\/kuopioadsymposium\/#website\",\"url\":\"https:\/\/blogs2.uef.fi\/kuopioadsymposium\/\",\"name\":\"Kuopio Alzheimer Symposium\",\"description\":\"\",\"publisher\":{\"@id\":\"https:\/\/blogs2.uef.fi\/kuopioadsymposium\/#organization\"},\"potentialAction\":[{\"@type\":\"SearchAction\",\"target\":{\"@type\":\"EntryPoint\",\"urlTemplate\":\"https:\/\/blogs2.uef.fi\/kuopioadsymposium\/?s={search_term_string}\"},\"query-input\":{\"@type\":\"PropertyValueSpecification\",\"valueRequired\":true,\"valueName\":\"search_term_string\"}}],\"inLanguage\":\"en-US\"},{\"@type\":\"Organization\",\"@id\":\"https:\/\/blogs2.uef.fi\/kuopioadsymposium\/#organization\",\"name\":\"Kuopio Alzheimer Symposium\",\"url\":\"https:\/\/blogs2.uef.fi\/kuopioadsymposium\/\",\"logo\":{\"@type\":\"ImageObject\",\"inLanguage\":\"en-US\",\"@id\":\"https:\/\/blogs2.uef.fi\/kuopioadsymposium\/#\/schema\/logo\/image\/\",\"url\":\"https:\/\/blogs2.uef.fi\/kuopioadsymposium\/wp-content\/uploads\/sites\/87\/2022\/03\/cropped-UEF_Alzheimer_Symposium_Merkki.png\",\"contentUrl\":\"https:\/\/blogs2.uef.fi\/kuopioadsymposium\/wp-content\/uploads\/sites\/87\/2022\/03\/cropped-UEF_Alzheimer_Symposium_Merkki.png\",\"width\":250,\"height\":250,\"caption\":\"Kuopio Alzheimer Symposium\"},\"image\":{\"@id\":\"https:\/\/blogs2.uef.fi\/kuopioadsymposium\/#\/schema\/logo\/image\/\"}}]}<\/script>\n<!-- \/ Yoast SEO plugin. -->","yoast_head_json":{"title":"Visiting Kuopio - Kuopio Alzheimer Symposium","robots":{"index":"index","follow":"follow","max-snippet":"max-snippet:-1","max-image-preview":"max-image-preview:large","max-video-preview":"max-video-preview:-1"},"canonical":"https:\/\/blogs2.uef.fi\/kuopioadsymposium\/kuopio\/","og_locale":"en_US","og_type":"article","og_title":"Visiting Kuopio - Kuopio Alzheimer Symposium","og_description":"We are happy to invite researchers and clinicians from all Nordic countries, as well as participants outside the Nordic region to Kuopio, Finland. See things to do and all events in Kuopio and surrounding region and in Tahko Mountain area. Sports &amp; outdoors Kuopio, the Capital of Lakeland, is located at the heart of the [&hellip;]","og_url":"https:\/\/blogs2.uef.fi\/kuopioadsymposium\/kuopio\/","og_site_name":"Kuopio Alzheimer Symposium","article_modified_time":"2023-07-03T08:48:30+00:00","og_image":[{"url":"https:\/\/blogs2.uef.fi\/kuopioadsymposium\/wp-content\/uploads\/sites\/87\/2022\/06\/NMCC-images-from-Kuopio-3-768x432-1.png","type":"","width":"","height":""}],"twitter_card":"summary_large_image","twitter_misc":{"Est. reading time":"6 minutes"},"schema":{"@context":"https:\/\/schema.org","@graph":[{"@type":"WebPage","@id":"https:\/\/blogs2.uef.fi\/kuopioadsymposium\/kuopio\/","url":"https:\/\/blogs2.uef.fi\/kuopioadsymposium\/kuopio\/","name":"Visiting Kuopio - Kuopio Alzheimer Symposium","isPartOf":{"@id":"https:\/\/blogs2.uef.fi\/kuopioadsymposium\/#website"},"primaryImageOfPage":{"@id":"https:\/\/blogs2.uef.fi\/kuopioadsymposium\/kuopio\/#primaryimage"},"image":{"@id":"https:\/\/blogs2.uef.fi\/kuopioadsymposium\/kuopio\/#primaryimage"},"thumbnailUrl":"https:\/\/blogs2.uef.fi\/kuopioadsymposium\/wp-content\/uploads\/sites\/87\/2022\/06\/NMCC-images-from-Kuopio-3-768x432-1.png","datePublished":"2022-03-16T08:39:53+00:00","dateModified":"2023-07-03T08:48:30+00:00","breadcrumb":{"@id":"https:\/\/blogs2.uef.fi\/kuopioadsymposium\/kuopio\/#breadcrumb"},"inLanguage":"en-US","potentialAction":[{"@type":"ReadAction","target":["https:\/\/blogs2.uef.fi\/kuopioadsymposium\/kuopio\/"]}]},{"@type":"ImageObject","inLanguage":"en-US","@id":"https:\/\/blogs2.uef.fi\/kuopioadsymposium\/kuopio\/#primaryimage","url":"https:\/\/blogs2.uef.fi\/kuopioadsymposium\/wp-content\/uploads\/sites\/87\/2022\/06\/NMCC-images-from-Kuopio-3-768x432-1.png","contentUrl":"https:\/\/blogs2.uef.fi\/kuopioadsymposium\/wp-content\/uploads\/sites\/87\/2022\/06\/NMCC-images-from-Kuopio-3-768x432-1.png","width":768,"height":432},{"@type":"BreadcrumbList","@id":"https:\/\/blogs2.uef.fi\/kuopioadsymposium\/kuopio\/#breadcrumb","itemListElement":[{"@type":"ListItem","position":1,"name":"Home","item":"https:\/\/blogs2.uef.fi\/kuopioadsymposium\/"},{"@type":"ListItem","position":2,"name":"Visiting Kuopio"}]},{"@type":"WebSite","@id":"https:\/\/blogs2.uef.fi\/kuopioadsymposium\/#website","url":"https:\/\/blogs2.uef.fi\/kuopioadsymposium\/","name":"Kuopio Alzheimer Symposium","description":"","publisher":{"@id":"https:\/\/blogs2.uef.fi\/kuopioadsymposium\/#organization"},"potentialAction":[{"@type":"SearchAction","target":{"@type":"EntryPoint","urlTemplate":"https:\/\/blogs2.uef.fi\/kuopioadsymposium\/?s={search_term_string}"},"query-input":{"@type":"PropertyValueSpecification","valueRequired":true,"valueName":"search_term_string"}}],"inLanguage":"en-US"},{"@type":"Organization","@id":"https:\/\/blogs2.uef.fi\/kuopioadsymposium\/#organization","name":"Kuopio Alzheimer Symposium","url":"https:\/\/blogs2.uef.fi\/kuopioadsymposium\/","logo":{"@type":"ImageObject","inLanguage":"en-US","@id":"https:\/\/blogs2.uef.fi\/kuopioadsymposium\/#\/schema\/logo\/image\/","url":"https:\/\/blogs2.uef.fi\/kuopioadsymposium\/wp-content\/uploads\/sites\/87\/2022\/03\/cropped-UEF_Alzheimer_Symposium_Merkki.png","contentUrl":"https:\/\/blogs2.uef.fi\/kuopioadsymposium\/wp-content\/uploads\/sites\/87\/2022\/03\/cropped-UEF_Alzheimer_Symposium_Merkki.png","width":250,"height":250,"caption":"Kuopio Alzheimer Symposium"},"image":{"@id":"https:\/\/blogs2.uef.fi\/kuopioadsymposium\/#\/schema\/logo\/image\/"}}]}},"_links":{"self":[{"href":"https:\/\/blogs2.uef.fi\/kuopioadsymposium\/wp-json\/wp\/v2\/pages\/542","targetHints":{"allow":["GET"]}}],"collection":[{"href":"https:\/\/blogs2.uef.fi\/kuopioadsymposium\/wp-json\/wp\/v2\/pages"}],"about":[{"href":"https:\/\/blogs2.uef.fi\/kuopioadsymposium\/wp-json\/wp\/v2\/types\/page"}],"author":[{"embeddable":true,"href":"https:\/\/blogs2.uef.fi\/kuopioadsymposium\/wp-json\/wp\/v2\/users\/309"}],"replies":[{"embeddable":true,"href":"https:\/\/blogs2.uef.fi\/kuopioadsymposium\/wp-json\/wp\/v2\/comments?post=542"}],"version-history":[{"count":2,"href":"https:\/\/blogs2.uef.fi\/kuopioadsymposium\/wp-json\/wp\/v2\/pages\/542\/revisions"}],"predecessor-version":[{"id":2102,"href":"https:\/\/blogs2.uef.fi\/kuopioadsymposium\/wp-json\/wp\/v2\/pages\/542\/revisions\/2102"}],"wp:attachment":[{"href":"https:\/\/blogs2.uef.fi\/kuopioadsymposium\/wp-json\/wp\/v2\/media?parent=542"}],"curies":[{"name":"wp","href":"https:\/\/api.w.org\/{rel}","templated":true}]}}