{"id":65,"date":"2019-12-19T08:22:16","date_gmt":"2019-12-19T08:22:16","guid":{"rendered":"https:\/\/blogs2.uef.fi\/uef-blogi\/?page_id=65"},"modified":"2023-09-22T06:29:40","modified_gmt":"2023-09-22T06:29:40","slug":"first-page-2","status":"publish","type":"page","link":"https:\/\/blogs2.uef.fi\/uef-blogi\/first-page-2\/","title":{"rendered":"Tietoa blogista \/\/ About the blog"},"content":{"rendered":"\n<p>Kerro mihin blogi liittyy, keiden kirjoituksia sielt\u00e4 l\u00f6ytyy ja kehen voi ottaa tarvittaessa yhteytt\u00e4. \/\/ Describe what the blog is about, whose posts can be there, and who to contact if necessary. <\/p>\n\n\n\n<p>Lorem ipsum dolor sit amet, consectetur adipiscing elit. Fusce fermentum luctus pretium. Mauris varius mi tellus, in pretium turpis faucibus eu. Donec vulputate fringilla nunc, ut accumsan neque consequat semper. Sed facilisis vel nulla ac consectetur. Integer ut nisi non felis sodales imperdiet ac at dui. Suspendisse viverra lorem turpis, a cursus odio ultricies et. Maecenas lacinia, mauris a efficitur mattis, libero quam eleifend nibh, at tempor tortor libero sit amet turpis.&nbsp;<\/p>\n\n\n\n<p>Lorem ipsum dolor sit amet, consectetur adipiscing elit. Fusce fermentum luctus pretium. Mauris varius mi tellus, in pretium turpis faucibus eu. Donec vulputate fringilla nunc, ut accumsan neque consequat semper. Sed facilisis vel nulla ac consectetur. Integer ut nisi non felis sodales imperdiet ac at dui. Suspendisse viverra lorem turpis, a cursus odio ultricies et. Maecenas lacinia, mauris a efficitur mattis, libero quam eleifend nibh, at tempor tortor libero sit amet turpis.&nbsp;<\/p>\n\n\n\n<div class=\"person-card\">\n        <h2>Blogia pit\u00e4v\u00e4t<\/h2>\n    \n                    <a href=\"https:\/\/uefconnect.uef.fi\/\" class=\"person-card-link hover-scale-down\">\n                            <div class=\"person-card-item\">\n                    <div class=\"person-card-column-left\">\n                                                    <img decoding=\"async\" class=\"person-card-image\" src=\"https:\/\/blogs2.uef.fi\/uef-blogi\/wp-content\/uploads\/sites\/53\/2023\/06\/pexels-anderson-guerra-1197132-scaled.jpg\" alt=\" \" \/>\n                                            <\/div>\n\n                    <div class=\"person-card-column-right\">\n                                                <p class=\"person-card-name\">Etunimi Sukunimi<\/p>\n                        \n                                                <p class=\"person-card-position\">Yliopistolehtori<\/p>\n                        \n                                                <p class=\"person-card-organisation\">Kauppatieteiden laitos<\/p>\n                        \n                                                <p class=\"person-card-text\">Lorem ipsum dolor sit amet, consectetur adipiscing elit. Fusce fermentum luctus pretium. Mauris varius mi tellus, in pretium turpis faucibus eu. Donec vulputate fringilla nunc, ut accumsan neque consequat semper. Sed facilisis vel nulla ac consectetur. Integer ut nisi non felis sodales imperdiet ac at dui. Suspendisse viverra lorem turpis, a cursus odio ultricies et. Maecenas lacinia, mauris a efficitur mattis, libero quam eleifend nibh, at tempor tortor libero sit amet turpis. <\/p>\n                        \n                                                    <div>\n\t\t\t\t\t\t\t<svg xmlns=\"http:\/\/www.w3.org\/2000\/svg\" height=\"25px\" viewBox=\"0 -960 960 960\" width=\"24px\" ><path fill=\"currentColor\" d=\"M200-120q-33 0-56.5-23.5T120-200v-560q0-33 23.5-56.5T200-840h280v80H200v560h560v-280h80v280q0 33-23.5 56.5T760-120H200Zm188-212-56-56 372-372H560v-80h280v280h-80v-144L388-332Z\"\/><\/svg>\t\t\t\t\t\t\t<\/div>\n                                            <\/div>\n                <\/div>\n                            <\/a>\n                                        <a href=\"https:\/\/uefconnect.uef.fi\/\" class=\"person-card-link hover-scale-down\">\n                            <div class=\"person-card-item\">\n                    <div class=\"person-card-column-left\">\n                                                    <img decoding=\"async\" class=\"person-card-image\" src=\"https:\/\/blogs2.uef.fi\/uef-blogi\/wp-content\/uploads\/sites\/53\/2023\/06\/pexels-italo-melo-2379004-scaled.jpg\" alt=\" \" \/>\n                                            <\/div>\n\n                    <div class=\"person-card-column-right\">\n                                                <p class=\"person-card-name\">Etunimi Sukunimi<\/p>\n                        \n                                                <p class=\"person-card-position\">Tuntiopettaja<\/p>\n                        \n                                                <p class=\"person-card-organisation\">Humanistinen osasto<\/p>\n                        \n                                                <p class=\"person-card-text\">Lorem ipsum dolor sit amet, consectetur adipiscing elit. Fusce fermentum luctus pretium. Mauris varius mi tellus, in pretium turpis faucibus eu.<\/p>\n                        \n                                                    <div>\n\t\t\t\t\t\t\t<svg xmlns=\"http:\/\/www.w3.org\/2000\/svg\" height=\"25px\" viewBox=\"0 -960 960 960\" width=\"24px\" ><path fill=\"currentColor\" d=\"M200-120q-33 0-56.5-23.5T120-200v-560q0-33 23.5-56.5T200-840h280v80H200v560h560v-280h80v280q0 33-23.5 56.5T760-120H200Zm188-212-56-56 372-372H560v-80h280v280h-80v-144L388-332Z\"\/><\/svg>\t\t\t\t\t\t\t<\/div>\n                                            <\/div>\n                <\/div>\n                            <\/a>\n                                        <a href=\"https:\/\/uefconnect.uef.fi\/\" class=\"person-card-link hover-scale-down\">\n                            <div class=\"person-card-item\">\n                    <div class=\"person-card-column-left\">\n                                                    <img decoding=\"async\" class=\"person-card-image\" src=\"https:\/\/blogs2.uef.fi\/uef-blogi\/wp-content\/uploads\/sites\/53\/2023\/06\/pexels-monstera-5876695-scaled.jpg\" alt=\" \" \/>\n                                            <\/div>\n\n                    <div class=\"person-card-column-right\">\n                                                <p class=\"person-card-name\">Etunimi Sukunimi<\/p>\n                        \n                                                <p class=\"person-card-position\">Yliopistotutkija<\/p>\n                        \n                                                <p class=\"person-card-organisation\">Kauppatieteiden laitos<\/p>\n                        \n                                                <p class=\"person-card-text\">Lorem ipsum dolor sit amet, consectetur adipiscing elit. Fusce fermentum luctus pretium. Mauris varius mi tellus, in pretium turpis faucibus eu. Donec vulputate fringilla nunc, ut accumsan neque consequat semper. Sed facilisis vel nulla ac consectetur. Integer ut nisi non felis sodales imperdiet ac at dui. Suspendisse viverra lorem turpis, a cursus odio ultricies et. Maecenas lacinia, mauris a efficitur mattis, libero quam eleifend nibh, at tempor tortor libero sit amet turpis. <\/p>\n                        \n                                                    <div>\n\t\t\t\t\t\t\t<svg xmlns=\"http:\/\/www.w3.org\/2000\/svg\" height=\"25px\" viewBox=\"0 -960 960 960\" width=\"24px\" ><path fill=\"currentColor\" d=\"M200-120q-33 0-56.5-23.5T120-200v-560q0-33 23.5-56.5T200-840h280v80H200v560h560v-280h80v280q0 33-23.5 56.5T760-120H200Zm188-212-56-56 372-372H560v-80h280v280h-80v-144L388-332Z\"\/><\/svg>\t\t\t\t\t\t\t<\/div>\n                                            <\/div>\n                <\/div>\n                            <\/a>\n                            <\/div>\n","protected":false},"excerpt":{"rendered":"<p>Kerro mihin blogi liittyy, keiden kirjoituksia sielt\u00e4 l\u00f6ytyy ja kehen voi ottaa tarvittaessa yhteytt\u00e4. \/\/ Describe what the blog is about, whose posts can be there, and who to contact if necessary. Lorem ipsum dolor sit amet, consectetur adipiscing elit. Fusce fermentum luctus pretium. Mauris varius mi tellus, in pretium turpis faucibus eu. Donec vulputate [&hellip;]<\/p>\n","protected":false},"author":1,"featured_media":0,"parent":0,"menu_order":2,"comment_status":"closed","ping_status":"closed","template":"","meta":{"_acf_changed":false,"footnotes":""},"class_list":["post-65","page","type-page","status-publish","hentry"],"acf":[],"yoast_head":"<!-- This site is optimized with the Yoast SEO plugin v27.1.1 - https:\/\/yoast.com\/product\/yoast-seo-wordpress\/ -->\n<title>Tietoa blogista \/\/ About the blog - UEF Blogi<\/title>\n<meta name=\"robots\" content=\"index, follow, max-snippet:-1, max-image-preview:large, max-video-preview:-1\" \/>\n<link rel=\"canonical\" href=\"https:\/\/blogs2.uef.fi\/uef-blogi\/first-page-2\/\" \/>\n<meta property=\"og:locale\" content=\"fi_FI\" \/>\n<meta property=\"og:type\" content=\"article\" \/>\n<meta property=\"og:title\" content=\"Tietoa blogista \/\/ About the blog - UEF Blogi\" \/>\n<meta property=\"og:description\" content=\"Kerro mihin blogi liittyy, keiden kirjoituksia sielt\u00e4 l\u00f6ytyy ja kehen voi ottaa tarvittaessa yhteytt\u00e4. \/\/ Describe what the blog is about, whose posts can be there, and who to contact if necessary. Lorem ipsum dolor sit amet, consectetur adipiscing elit. Fusce fermentum luctus pretium. Mauris varius mi tellus, in pretium turpis faucibus eu. Donec vulputate [&hellip;]\" \/>\n<meta property=\"og:url\" content=\"https:\/\/blogs2.uef.fi\/uef-blogi\/first-page-2\/\" \/>\n<meta property=\"og:site_name\" content=\"UEF Blogi\" \/>\n<meta property=\"article:modified_time\" content=\"2023-09-22T06:29:40+00:00\" \/>\n<meta name=\"twitter:card\" content=\"summary_large_image\" \/>\n<meta name=\"twitter:label1\" content=\"Arvioitu lukuaika\" \/>\n\t<meta name=\"twitter:data1\" content=\"2 minuuttia\" \/>\n<script type=\"application\/ld+json\" class=\"yoast-schema-graph\">{\"@context\":\"https:\/\/schema.org\",\"@graph\":[{\"@type\":\"WebPage\",\"@id\":\"https:\/\/blogs2.uef.fi\/uef-blogi\/first-page-2\/\",\"url\":\"https:\/\/blogs2.uef.fi\/uef-blogi\/first-page-2\/\",\"name\":\"Tietoa blogista \/\/ About the blog - UEF Blogi\",\"isPartOf\":{\"@id\":\"https:\/\/blogs2.uef.fi\/uef-blogi\/#website\"},\"datePublished\":\"2019-12-19T08:22:16+00:00\",\"dateModified\":\"2023-09-22T06:29:40+00:00\",\"breadcrumb\":{\"@id\":\"https:\/\/blogs2.uef.fi\/uef-blogi\/first-page-2\/#breadcrumb\"},\"inLanguage\":\"fi\",\"potentialAction\":[{\"@type\":\"ReadAction\",\"target\":[\"https:\/\/blogs2.uef.fi\/uef-blogi\/first-page-2\/\"]}]},{\"@type\":\"BreadcrumbList\",\"@id\":\"https:\/\/blogs2.uef.fi\/uef-blogi\/first-page-2\/#breadcrumb\",\"itemListElement\":[{\"@type\":\"ListItem\",\"position\":1,\"name\":\"Home\",\"item\":\"https:\/\/blogs2.uef.fi\/uef-blogi\/\"},{\"@type\":\"ListItem\",\"position\":2,\"name\":\"Tietoa blogista \/\/ About the blog\"}]},{\"@type\":\"WebSite\",\"@id\":\"https:\/\/blogs2.uef.fi\/uef-blogi\/#website\",\"url\":\"https:\/\/blogs2.uef.fi\/uef-blogi\/\",\"name\":\"UEF Blogi\",\"description\":\"\",\"potentialAction\":[{\"@type\":\"SearchAction\",\"target\":{\"@type\":\"EntryPoint\",\"urlTemplate\":\"https:\/\/blogs2.uef.fi\/uef-blogi\/?s={search_term_string}\"},\"query-input\":{\"@type\":\"PropertyValueSpecification\",\"valueRequired\":true,\"valueName\":\"search_term_string\"}}],\"inLanguage\":\"fi\"}]}<\/script>\n<!-- \/ Yoast SEO plugin. -->","yoast_head_json":{"title":"Tietoa blogista \/\/ About the blog - UEF Blogi","robots":{"index":"index","follow":"follow","max-snippet":"max-snippet:-1","max-image-preview":"max-image-preview:large","max-video-preview":"max-video-preview:-1"},"canonical":"https:\/\/blogs2.uef.fi\/uef-blogi\/first-page-2\/","og_locale":"fi_FI","og_type":"article","og_title":"Tietoa blogista \/\/ About the blog - UEF Blogi","og_description":"Kerro mihin blogi liittyy, keiden kirjoituksia sielt\u00e4 l\u00f6ytyy ja kehen voi ottaa tarvittaessa yhteytt\u00e4. \/\/ Describe what the blog is about, whose posts can be there, and who to contact if necessary. Lorem ipsum dolor sit amet, consectetur adipiscing elit. Fusce fermentum luctus pretium. Mauris varius mi tellus, in pretium turpis faucibus eu. Donec vulputate [&hellip;]","og_url":"https:\/\/blogs2.uef.fi\/uef-blogi\/first-page-2\/","og_site_name":"UEF Blogi","article_modified_time":"2023-09-22T06:29:40+00:00","twitter_card":"summary_large_image","twitter_misc":{"Arvioitu lukuaika":"2 minuuttia"},"schema":{"@context":"https:\/\/schema.org","@graph":[{"@type":"WebPage","@id":"https:\/\/blogs2.uef.fi\/uef-blogi\/first-page-2\/","url":"https:\/\/blogs2.uef.fi\/uef-blogi\/first-page-2\/","name":"Tietoa blogista \/\/ About the blog - UEF Blogi","isPartOf":{"@id":"https:\/\/blogs2.uef.fi\/uef-blogi\/#website"},"datePublished":"2019-12-19T08:22:16+00:00","dateModified":"2023-09-22T06:29:40+00:00","breadcrumb":{"@id":"https:\/\/blogs2.uef.fi\/uef-blogi\/first-page-2\/#breadcrumb"},"inLanguage":"fi","potentialAction":[{"@type":"ReadAction","target":["https:\/\/blogs2.uef.fi\/uef-blogi\/first-page-2\/"]}]},{"@type":"BreadcrumbList","@id":"https:\/\/blogs2.uef.fi\/uef-blogi\/first-page-2\/#breadcrumb","itemListElement":[{"@type":"ListItem","position":1,"name":"Home","item":"https:\/\/blogs2.uef.fi\/uef-blogi\/"},{"@type":"ListItem","position":2,"name":"Tietoa blogista \/\/ About the blog"}]},{"@type":"WebSite","@id":"https:\/\/blogs2.uef.fi\/uef-blogi\/#website","url":"https:\/\/blogs2.uef.fi\/uef-blogi\/","name":"UEF Blogi","description":"","potentialAction":[{"@type":"SearchAction","target":{"@type":"EntryPoint","urlTemplate":"https:\/\/blogs2.uef.fi\/uef-blogi\/?s={search_term_string}"},"query-input":{"@type":"PropertyValueSpecification","valueRequired":true,"valueName":"search_term_string"}}],"inLanguage":"fi"}]}},"_links":{"self":[{"href":"https:\/\/blogs2.uef.fi\/uef-blogi\/wp-json\/wp\/v2\/pages\/65","targetHints":{"allow":["GET"]}}],"collection":[{"href":"https:\/\/blogs2.uef.fi\/uef-blogi\/wp-json\/wp\/v2\/pages"}],"about":[{"href":"https:\/\/blogs2.uef.fi\/uef-blogi\/wp-json\/wp\/v2\/types\/page"}],"author":[{"embeddable":true,"href":"https:\/\/blogs2.uef.fi\/uef-blogi\/wp-json\/wp\/v2\/users\/1"}],"replies":[{"embeddable":true,"href":"https:\/\/blogs2.uef.fi\/uef-blogi\/wp-json\/wp\/v2\/comments?post=65"}],"version-history":[{"count":2,"href":"https:\/\/blogs2.uef.fi\/uef-blogi\/wp-json\/wp\/v2\/pages\/65\/revisions"}],"predecessor-version":[{"id":551,"href":"https:\/\/blogs2.uef.fi\/uef-blogi\/wp-json\/wp\/v2\/pages\/65\/revisions\/551"}],"wp:attachment":[{"href":"https:\/\/blogs2.uef.fi\/uef-blogi\/wp-json\/wp\/v2\/media?parent=65"}],"curies":[{"name":"wp","href":"https:\/\/api.w.org\/{rel}","templated":true}]}}