{"id":17,"date":"2019-11-15T11:12:32","date_gmt":"2019-11-15T09:12:32","guid":{"rendered":"https:\/\/blogs2.uef.fi\/uef-tapahtumat\/?page_id=17"},"modified":"2025-02-04T14:55:25","modified_gmt":"2025-02-04T12:55:25","slug":"front-page","status":"publish","type":"page","link":"https:\/\/blogs2.uef.fi\/uef-tapahtumat\/","title":{"rendered":"Etusivu"},"content":{"rendered":"\n<p>T\u00e4ll\u00e4 sivustolla p\u00e4\u00e4set tutustumaan UEF tapahtumasivustoon. Alisivuilta (hampurilaisvalikko oikeassa yl\u00e4kulmassa) l\u00f6yd\u00e4t esimerkkej\u00e4 lohkojen k\u00e4ytt\u00e4misest\u00e4.<\/p>\n\n\n\n<h3 class=\"wp-block-heading\">Muista tehd\u00e4 sivut saavutettavasti<\/h3>\n\n\n\n<p>Jokaisen WordPress-sis\u00e4ll\u00f6ntuottajan tulee ottaa saavutettavuus huomioon sis\u00e4ll\u00f6iss\u00e4\u00e4n. Tutustu aiheeseen <a href=\"https:\/\/studentuef.sharepoint.com\/sites\/tasa-arvojayhdenvertaisuus\/SitePages\/Saavutettavuus-verkkosivuilla.aspx\">UEF Intrassa: Saavutettavuus verkkosivuilla<\/a> (vaatii UEF-tunnuksilla kirjautumisen).<\/p>\n","protected":false},"excerpt":{"rendered":"<p>T\u00e4ll\u00e4 sivustolla p\u00e4\u00e4set tutustumaan UEF tapahtumasivustoon. Alisivuilta (hampurilaisvalikko oikeassa yl\u00e4kulmassa) l\u00f6yd\u00e4t esimerkkej\u00e4 lohkojen k\u00e4ytt\u00e4misest\u00e4. Muista tehd\u00e4 sivut saavutettavasti Jokaisen WordPress-sis\u00e4ll\u00f6ntuottajan tulee ottaa saavutettavuus huomioon sis\u00e4ll\u00f6iss\u00e4\u00e4n. Tutustu aiheeseen UEF Intrassa: Saavutettavuus verkkosivuilla (vaatii UEF-tunnuksilla kirjautumisen).<\/p>\n","protected":false},"author":1,"featured_media":0,"parent":0,"menu_order":0,"comment_status":"closed","ping_status":"closed","template":"","meta":{"_acf_changed":false,"footnotes":""},"class_list":["post-17","page","type-page","status-publish","hentry"],"acf":[],"yoast_head":"<!-- This site is optimized with the Yoast SEO plugin v27.1.1 - https:\/\/yoast.com\/product\/yoast-seo-wordpress\/ -->\n<title>Etusivu - UEF tapahtumasivusto<\/title>\n<meta name=\"robots\" content=\"index, follow, max-snippet:-1, max-image-preview:large, max-video-preview:-1\" \/>\n<link rel=\"canonical\" href=\"https:\/\/blogs2.uef.fi\/uef-tapahtumat\/\" \/>\n<meta property=\"og:locale\" content=\"fi_FI\" \/>\n<meta property=\"og:type\" content=\"article\" \/>\n<meta property=\"og:title\" content=\"Etusivu - UEF tapahtumasivusto\" \/>\n<meta property=\"og:description\" content=\"T\u00e4ll\u00e4 sivustolla p\u00e4\u00e4set tutustumaan UEF tapahtumasivustoon. Alisivuilta (hampurilaisvalikko oikeassa yl\u00e4kulmassa) l\u00f6yd\u00e4t esimerkkej\u00e4 lohkojen k\u00e4ytt\u00e4misest\u00e4. Muista tehd\u00e4 sivut saavutettavasti Jokaisen WordPress-sis\u00e4ll\u00f6ntuottajan tulee ottaa saavutettavuus huomioon sis\u00e4ll\u00f6iss\u00e4\u00e4n. Tutustu aiheeseen UEF Intrassa: Saavutettavuus verkkosivuilla (vaatii UEF-tunnuksilla kirjautumisen).\" \/>\n<meta property=\"og:url\" content=\"https:\/\/blogs2.uef.fi\/uef-tapahtumat\/\" \/>\n<meta property=\"og:site_name\" content=\"UEF tapahtumasivusto\" \/>\n<meta property=\"article:modified_time\" content=\"2025-02-04T12:55:25+00:00\" \/>\n<meta name=\"twitter:card\" content=\"summary_large_image\" \/>\n<meta name=\"twitter:label1\" content=\"Arvioitu lukuaika\" \/>\n\t<meta name=\"twitter:data1\" content=\"1 minuutti\" \/>\n<script type=\"application\/ld+json\" class=\"yoast-schema-graph\">{\"@context\":\"https:\/\/schema.org\",\"@graph\":[{\"@type\":\"WebPage\",\"@id\":\"https:\/\/blogs2.uef.fi\/uef-tapahtumat\/\",\"url\":\"https:\/\/blogs2.uef.fi\/uef-tapahtumat\/\",\"name\":\"Etusivu - UEF tapahtumasivusto\",\"isPartOf\":{\"@id\":\"https:\/\/blogs2.uef.fi\/uef-tapahtumat\/#website\"},\"datePublished\":\"2019-11-15T09:12:32+00:00\",\"dateModified\":\"2025-02-04T12:55:25+00:00\",\"breadcrumb\":{\"@id\":\"https:\/\/blogs2.uef.fi\/uef-tapahtumat\/#breadcrumb\"},\"inLanguage\":\"fi\",\"potentialAction\":[{\"@type\":\"ReadAction\",\"target\":[\"https:\/\/blogs2.uef.fi\/uef-tapahtumat\/\"]}]},{\"@type\":\"BreadcrumbList\",\"@id\":\"https:\/\/blogs2.uef.fi\/uef-tapahtumat\/#breadcrumb\",\"itemListElement\":[{\"@type\":\"ListItem\",\"position\":1,\"name\":\"Home\",\"item\":\"https:\/\/blogs2.uef.fi\/uef-tapahtumat\/\"},{\"@type\":\"ListItem\",\"position\":2,\"name\":\"Etusivu\"}]},{\"@type\":\"WebSite\",\"@id\":\"https:\/\/blogs2.uef.fi\/uef-tapahtumat\/#website\",\"url\":\"https:\/\/blogs2.uef.fi\/uef-tapahtumat\/\",\"name\":\"UEF tapahtumasivusto\",\"description\":\"\",\"potentialAction\":[{\"@type\":\"SearchAction\",\"target\":{\"@type\":\"EntryPoint\",\"urlTemplate\":\"https:\/\/blogs2.uef.fi\/uef-tapahtumat\/?s={search_term_string}\"},\"query-input\":{\"@type\":\"PropertyValueSpecification\",\"valueRequired\":true,\"valueName\":\"search_term_string\"}}],\"inLanguage\":\"fi\"}]}<\/script>\n<!-- \/ Yoast SEO plugin. -->","yoast_head_json":{"title":"Etusivu - UEF tapahtumasivusto","robots":{"index":"index","follow":"follow","max-snippet":"max-snippet:-1","max-image-preview":"max-image-preview:large","max-video-preview":"max-video-preview:-1"},"canonical":"https:\/\/blogs2.uef.fi\/uef-tapahtumat\/","og_locale":"fi_FI","og_type":"article","og_title":"Etusivu - UEF tapahtumasivusto","og_description":"T\u00e4ll\u00e4 sivustolla p\u00e4\u00e4set tutustumaan UEF tapahtumasivustoon. Alisivuilta (hampurilaisvalikko oikeassa yl\u00e4kulmassa) l\u00f6yd\u00e4t esimerkkej\u00e4 lohkojen k\u00e4ytt\u00e4misest\u00e4. Muista tehd\u00e4 sivut saavutettavasti Jokaisen WordPress-sis\u00e4ll\u00f6ntuottajan tulee ottaa saavutettavuus huomioon sis\u00e4ll\u00f6iss\u00e4\u00e4n. Tutustu aiheeseen UEF Intrassa: Saavutettavuus verkkosivuilla (vaatii UEF-tunnuksilla kirjautumisen).","og_url":"https:\/\/blogs2.uef.fi\/uef-tapahtumat\/","og_site_name":"UEF tapahtumasivusto","article_modified_time":"2025-02-04T12:55:25+00:00","twitter_card":"summary_large_image","twitter_misc":{"Arvioitu lukuaika":"1 minuutti"},"schema":{"@context":"https:\/\/schema.org","@graph":[{"@type":"WebPage","@id":"https:\/\/blogs2.uef.fi\/uef-tapahtumat\/","url":"https:\/\/blogs2.uef.fi\/uef-tapahtumat\/","name":"Etusivu - UEF tapahtumasivusto","isPartOf":{"@id":"https:\/\/blogs2.uef.fi\/uef-tapahtumat\/#website"},"datePublished":"2019-11-15T09:12:32+00:00","dateModified":"2025-02-04T12:55:25+00:00","breadcrumb":{"@id":"https:\/\/blogs2.uef.fi\/uef-tapahtumat\/#breadcrumb"},"inLanguage":"fi","potentialAction":[{"@type":"ReadAction","target":["https:\/\/blogs2.uef.fi\/uef-tapahtumat\/"]}]},{"@type":"BreadcrumbList","@id":"https:\/\/blogs2.uef.fi\/uef-tapahtumat\/#breadcrumb","itemListElement":[{"@type":"ListItem","position":1,"name":"Home","item":"https:\/\/blogs2.uef.fi\/uef-tapahtumat\/"},{"@type":"ListItem","position":2,"name":"Etusivu"}]},{"@type":"WebSite","@id":"https:\/\/blogs2.uef.fi\/uef-tapahtumat\/#website","url":"https:\/\/blogs2.uef.fi\/uef-tapahtumat\/","name":"UEF tapahtumasivusto","description":"","potentialAction":[{"@type":"SearchAction","target":{"@type":"EntryPoint","urlTemplate":"https:\/\/blogs2.uef.fi\/uef-tapahtumat\/?s={search_term_string}"},"query-input":{"@type":"PropertyValueSpecification","valueRequired":true,"valueName":"search_term_string"}}],"inLanguage":"fi"}]}},"_links":{"self":[{"href":"https:\/\/blogs2.uef.fi\/uef-tapahtumat\/wp-json\/wp\/v2\/pages\/17","targetHints":{"allow":["GET"]}}],"collection":[{"href":"https:\/\/blogs2.uef.fi\/uef-tapahtumat\/wp-json\/wp\/v2\/pages"}],"about":[{"href":"https:\/\/blogs2.uef.fi\/uef-tapahtumat\/wp-json\/wp\/v2\/types\/page"}],"author":[{"embeddable":true,"href":"https:\/\/blogs2.uef.fi\/uef-tapahtumat\/wp-json\/wp\/v2\/users\/1"}],"replies":[{"embeddable":true,"href":"https:\/\/blogs2.uef.fi\/uef-tapahtumat\/wp-json\/wp\/v2\/comments?post=17"}],"version-history":[{"count":2,"href":"https:\/\/blogs2.uef.fi\/uef-tapahtumat\/wp-json\/wp\/v2\/pages\/17\/revisions"}],"predecessor-version":[{"id":863,"href":"https:\/\/blogs2.uef.fi\/uef-tapahtumat\/wp-json\/wp\/v2\/pages\/17\/revisions\/863"}],"wp:attachment":[{"href":"https:\/\/blogs2.uef.fi\/uef-tapahtumat\/wp-json\/wp\/v2\/media?parent=17"}],"curies":[{"name":"wp","href":"https:\/\/api.w.org\/{rel}","templated":true}]}}