{"id":191,"date":"2020-01-29T15:40:14","date_gmt":"2020-01-29T13:40:14","guid":{"rendered":"https:\/\/blogs2.uef.fi\/uef-tapahtumat\/?page_id=191"},"modified":"2023-06-29T09:57:01","modified_gmt":"2023-06-29T06:57:01","slug":"saapumistiedot","status":"publish","type":"page","link":"https:\/\/blogs2.uef.fi\/uef-tapahtumat\/front-page\/saapumistiedot\/","title":{"rendered":"Ohjeita tapahtuman osallistujalle"},"content":{"rendered":"\n<p>Hy\u00f6dynn\u00e4 yliopiston sivuilta l\u00f6ytyvi\u00e4 ohjeistuksia kampusten tiloista, saapumisesta, pys\u00e4k\u00f6innist\u00e4 sek\u00e4 esittelyj\u00e4 kampuskaupungeista.<\/p>\n\n\n\n<div class=\"links-block\">\n\n    \n    <ul class=\"link-list\">\n        \n            \n            <li class=\"link-list-item\">\n                <a href=\"https:\/\/www.uef.fi\/fi\/kuopion-kampus\" class=\"link-reset link hover-scale-down\">\n                    <svg\n        width=\"43\" height=\"25\"\n        viewBox=\"0 0 43 25\"\n        xmlns=\"http:\/\/www.w3.org\/2000\/svg\">\n    <path\n        d=\"M30.027 0 43 12.5 30.027 25 27 22.083 34.351 15H0v-5h34.351L27 2.917z\"\n        fill=\"currentColor\"\n        fill-rule=\"evenodd\"\/>\n<\/svg>                    <div>Tietoa Kuopion kampuksesta<\/div>\n                <\/a>\n                <div class=\"link-info\">\n                                            <div class=\"link-info-type\">Lis\u00e4tietoa linkist\u00e4.<\/div>\n                                    <\/div>\n            <\/li>\n\n        \n            <li class=\"link-list-item\">\n                <a href=\"https:\/\/www.uef.fi\/fi\/joensuun-kampus\" class=\"link-reset link hover-scale-down\">\n                    <svg\n        width=\"43\" height=\"25\"\n        viewBox=\"0 0 43 25\"\n        xmlns=\"http:\/\/www.w3.org\/2000\/svg\">\n    <path\n        d=\"M30.027 0 43 12.5 30.027 25 27 22.083 34.351 15H0v-5h34.351L27 2.917z\"\n        fill=\"currentColor\"\n        fill-rule=\"evenodd\"\/>\n<\/svg>                    <div>Tietoa Joensuun kampuksesta<\/div>\n                <\/a>\n                <div class=\"link-info\">\n                                            <div class=\"link-info-type\">Lis\u00e4tietoa linkist\u00e4.<\/div>\n                                    <\/div>\n            <\/li>\n\n                <\/ul>\n<\/div>\n\n\n<figure class=\"wp-block-image size-large\"><img loading=\"lazy\" decoding=\"async\" width=\"1024\" height=\"339\" src=\"https:\/\/blogs2.uef.fi\/uef-tapahtumat\/wp-content\/uploads\/sites\/43\/2023\/06\/lev_karavanov_056-1024x339.jpg\" alt=\"\" class=\"wp-image-793\" srcset=\"https:\/\/blogs2.uef.fi\/uef-tapahtumat\/wp-content\/uploads\/sites\/43\/2023\/06\/lev_karavanov_056-1024x339.jpg 1024w, https:\/\/blogs2.uef.fi\/uef-tapahtumat\/wp-content\/uploads\/sites\/43\/2023\/06\/lev_karavanov_056-300x99.jpg 300w, https:\/\/blogs2.uef.fi\/uef-tapahtumat\/wp-content\/uploads\/sites\/43\/2023\/06\/lev_karavanov_056-768x254.jpg 768w, https:\/\/blogs2.uef.fi\/uef-tapahtumat\/wp-content\/uploads\/sites\/43\/2023\/06\/lev_karavanov_056-1536x509.jpg 1536w, https:\/\/blogs2.uef.fi\/uef-tapahtumat\/wp-content\/uploads\/sites\/43\/2023\/06\/lev_karavanov_056.jpg 2046w\" sizes=\"auto, (max-width: 1024px) 100vw, 1024px\" \/><\/figure>\n","protected":false},"excerpt":{"rendered":"<p>Hy\u00f6dynn\u00e4 yliopiston sivuilta l\u00f6ytyvi\u00e4 ohjeistuksia kampusten tiloista, saapumisesta, pys\u00e4k\u00f6innist\u00e4 sek\u00e4 esittelyj\u00e4 kampuskaupungeista.<\/p>\n","protected":false},"author":219,"featured_media":0,"parent":17,"menu_order":0,"comment_status":"closed","ping_status":"closed","template":"","meta":{"_acf_changed":false,"footnotes":""},"class_list":["post-191","page","type-page","status-publish","hentry"],"acf":[],"yoast_head":"<!-- This site is optimized with the Yoast SEO plugin v27.1.1 - https:\/\/yoast.com\/product\/yoast-seo-wordpress\/ -->\n<title>Ohjeita tapahtuman osallistujalle - UEF tapahtumasivusto<\/title>\n<meta name=\"robots\" content=\"index, follow, max-snippet:-1, max-image-preview:large, max-video-preview:-1\" \/>\n<link rel=\"canonical\" href=\"https:\/\/blogs2.uef.fi\/uef-tapahtumat\/front-page\/saapumistiedot\/\" \/>\n<meta property=\"og:locale\" content=\"fi_FI\" \/>\n<meta property=\"og:type\" content=\"article\" \/>\n<meta property=\"og:title\" content=\"Ohjeita tapahtuman osallistujalle - UEF tapahtumasivusto\" \/>\n<meta property=\"og:description\" content=\"Hy\u00f6dynn\u00e4 yliopiston sivuilta l\u00f6ytyvi\u00e4 ohjeistuksia kampusten tiloista, saapumisesta, pys\u00e4k\u00f6innist\u00e4 sek\u00e4 esittelyj\u00e4 kampuskaupungeista.\" \/>\n<meta property=\"og:url\" content=\"https:\/\/blogs2.uef.fi\/uef-tapahtumat\/front-page\/saapumistiedot\/\" \/>\n<meta property=\"og:site_name\" content=\"UEF tapahtumasivusto\" \/>\n<meta property=\"article:modified_time\" content=\"2023-06-29T06:57:01+00:00\" \/>\n<meta property=\"og:image\" content=\"https:\/\/blogs2.uef.fi\/uef-tapahtumat\/wp-content\/uploads\/sites\/43\/2023\/06\/lev_karavanov_056-1024x339.jpg\" \/>\n<meta name=\"twitter:card\" content=\"summary_large_image\" \/>\n<meta name=\"twitter:label1\" content=\"Arvioitu lukuaika\" \/>\n\t<meta name=\"twitter:data1\" content=\"1 minuutti\" \/>\n<script type=\"application\/ld+json\" class=\"yoast-schema-graph\">{\"@context\":\"https:\/\/schema.org\",\"@graph\":[{\"@type\":\"WebPage\",\"@id\":\"https:\/\/blogs2.uef.fi\/uef-tapahtumat\/front-page\/saapumistiedot\/\",\"url\":\"https:\/\/blogs2.uef.fi\/uef-tapahtumat\/front-page\/saapumistiedot\/\",\"name\":\"Ohjeita tapahtuman osallistujalle - UEF tapahtumasivusto\",\"isPartOf\":{\"@id\":\"https:\/\/blogs2.uef.fi\/uef-tapahtumat\/#website\"},\"primaryImageOfPage\":{\"@id\":\"https:\/\/blogs2.uef.fi\/uef-tapahtumat\/front-page\/saapumistiedot\/#primaryimage\"},\"image\":{\"@id\":\"https:\/\/blogs2.uef.fi\/uef-tapahtumat\/front-page\/saapumistiedot\/#primaryimage\"},\"thumbnailUrl\":\"https:\/\/blogs2.uef.fi\/uef-tapahtumat\/wp-content\/uploads\/sites\/43\/2023\/06\/lev_karavanov_056-1024x339.jpg\",\"datePublished\":\"2020-01-29T13:40:14+00:00\",\"dateModified\":\"2023-06-29T06:57:01+00:00\",\"breadcrumb\":{\"@id\":\"https:\/\/blogs2.uef.fi\/uef-tapahtumat\/front-page\/saapumistiedot\/#breadcrumb\"},\"inLanguage\":\"fi\",\"potentialAction\":[{\"@type\":\"ReadAction\",\"target\":[\"https:\/\/blogs2.uef.fi\/uef-tapahtumat\/front-page\/saapumistiedot\/\"]}]},{\"@type\":\"ImageObject\",\"inLanguage\":\"fi\",\"@id\":\"https:\/\/blogs2.uef.fi\/uef-tapahtumat\/front-page\/saapumistiedot\/#primaryimage\",\"url\":\"https:\/\/blogs2.uef.fi\/uef-tapahtumat\/wp-content\/uploads\/sites\/43\/2023\/06\/lev_karavanov_056.jpg\",\"contentUrl\":\"https:\/\/blogs2.uef.fi\/uef-tapahtumat\/wp-content\/uploads\/sites\/43\/2023\/06\/lev_karavanov_056.jpg\",\"width\":2046,\"height\":678,\"caption\":\"Ilosaari ja Pielisjoen linna\"},{\"@type\":\"BreadcrumbList\",\"@id\":\"https:\/\/blogs2.uef.fi\/uef-tapahtumat\/front-page\/saapumistiedot\/#breadcrumb\",\"itemListElement\":[{\"@type\":\"ListItem\",\"position\":1,\"name\":\"Home\",\"item\":\"https:\/\/blogs2.uef.fi\/uef-tapahtumat\/\"},{\"@type\":\"ListItem\",\"position\":2,\"name\":\"Etusivu\",\"item\":\"https:\/\/blogs2.uef.fi\/uef-tapahtumat\/\"},{\"@type\":\"ListItem\",\"position\":3,\"name\":\"Ohjeita tapahtuman osallistujalle\"}]},{\"@type\":\"WebSite\",\"@id\":\"https:\/\/blogs2.uef.fi\/uef-tapahtumat\/#website\",\"url\":\"https:\/\/blogs2.uef.fi\/uef-tapahtumat\/\",\"name\":\"UEF tapahtumasivusto\",\"description\":\"\",\"potentialAction\":[{\"@type\":\"SearchAction\",\"target\":{\"@type\":\"EntryPoint\",\"urlTemplate\":\"https:\/\/blogs2.uef.fi\/uef-tapahtumat\/?s={search_term_string}\"},\"query-input\":{\"@type\":\"PropertyValueSpecification\",\"valueRequired\":true,\"valueName\":\"search_term_string\"}}],\"inLanguage\":\"fi\"}]}<\/script>\n<!-- \/ Yoast SEO plugin. -->","yoast_head_json":{"title":"Ohjeita tapahtuman osallistujalle - UEF tapahtumasivusto","robots":{"index":"index","follow":"follow","max-snippet":"max-snippet:-1","max-image-preview":"max-image-preview:large","max-video-preview":"max-video-preview:-1"},"canonical":"https:\/\/blogs2.uef.fi\/uef-tapahtumat\/front-page\/saapumistiedot\/","og_locale":"fi_FI","og_type":"article","og_title":"Ohjeita tapahtuman osallistujalle - UEF tapahtumasivusto","og_description":"Hy\u00f6dynn\u00e4 yliopiston sivuilta l\u00f6ytyvi\u00e4 ohjeistuksia kampusten tiloista, saapumisesta, pys\u00e4k\u00f6innist\u00e4 sek\u00e4 esittelyj\u00e4 kampuskaupungeista.","og_url":"https:\/\/blogs2.uef.fi\/uef-tapahtumat\/front-page\/saapumistiedot\/","og_site_name":"UEF tapahtumasivusto","article_modified_time":"2023-06-29T06:57:01+00:00","og_image":[{"url":"https:\/\/blogs2.uef.fi\/uef-tapahtumat\/wp-content\/uploads\/sites\/43\/2023\/06\/lev_karavanov_056-1024x339.jpg","type":"","width":"","height":""}],"twitter_card":"summary_large_image","twitter_misc":{"Arvioitu lukuaika":"1 minuutti"},"schema":{"@context":"https:\/\/schema.org","@graph":[{"@type":"WebPage","@id":"https:\/\/blogs2.uef.fi\/uef-tapahtumat\/front-page\/saapumistiedot\/","url":"https:\/\/blogs2.uef.fi\/uef-tapahtumat\/front-page\/saapumistiedot\/","name":"Ohjeita tapahtuman osallistujalle - UEF tapahtumasivusto","isPartOf":{"@id":"https:\/\/blogs2.uef.fi\/uef-tapahtumat\/#website"},"primaryImageOfPage":{"@id":"https:\/\/blogs2.uef.fi\/uef-tapahtumat\/front-page\/saapumistiedot\/#primaryimage"},"image":{"@id":"https:\/\/blogs2.uef.fi\/uef-tapahtumat\/front-page\/saapumistiedot\/#primaryimage"},"thumbnailUrl":"https:\/\/blogs2.uef.fi\/uef-tapahtumat\/wp-content\/uploads\/sites\/43\/2023\/06\/lev_karavanov_056-1024x339.jpg","datePublished":"2020-01-29T13:40:14+00:00","dateModified":"2023-06-29T06:57:01+00:00","breadcrumb":{"@id":"https:\/\/blogs2.uef.fi\/uef-tapahtumat\/front-page\/saapumistiedot\/#breadcrumb"},"inLanguage":"fi","potentialAction":[{"@type":"ReadAction","target":["https:\/\/blogs2.uef.fi\/uef-tapahtumat\/front-page\/saapumistiedot\/"]}]},{"@type":"ImageObject","inLanguage":"fi","@id":"https:\/\/blogs2.uef.fi\/uef-tapahtumat\/front-page\/saapumistiedot\/#primaryimage","url":"https:\/\/blogs2.uef.fi\/uef-tapahtumat\/wp-content\/uploads\/sites\/43\/2023\/06\/lev_karavanov_056.jpg","contentUrl":"https:\/\/blogs2.uef.fi\/uef-tapahtumat\/wp-content\/uploads\/sites\/43\/2023\/06\/lev_karavanov_056.jpg","width":2046,"height":678,"caption":"Ilosaari ja Pielisjoen linna"},{"@type":"BreadcrumbList","@id":"https:\/\/blogs2.uef.fi\/uef-tapahtumat\/front-page\/saapumistiedot\/#breadcrumb","itemListElement":[{"@type":"ListItem","position":1,"name":"Home","item":"https:\/\/blogs2.uef.fi\/uef-tapahtumat\/"},{"@type":"ListItem","position":2,"name":"Etusivu","item":"https:\/\/blogs2.uef.fi\/uef-tapahtumat\/"},{"@type":"ListItem","position":3,"name":"Ohjeita tapahtuman osallistujalle"}]},{"@type":"WebSite","@id":"https:\/\/blogs2.uef.fi\/uef-tapahtumat\/#website","url":"https:\/\/blogs2.uef.fi\/uef-tapahtumat\/","name":"UEF tapahtumasivusto","description":"","potentialAction":[{"@type":"SearchAction","target":{"@type":"EntryPoint","urlTemplate":"https:\/\/blogs2.uef.fi\/uef-tapahtumat\/?s={search_term_string}"},"query-input":{"@type":"PropertyValueSpecification","valueRequired":true,"valueName":"search_term_string"}}],"inLanguage":"fi"}]}},"_links":{"self":[{"href":"https:\/\/blogs2.uef.fi\/uef-tapahtumat\/wp-json\/wp\/v2\/pages\/191","targetHints":{"allow":["GET"]}}],"collection":[{"href":"https:\/\/blogs2.uef.fi\/uef-tapahtumat\/wp-json\/wp\/v2\/pages"}],"about":[{"href":"https:\/\/blogs2.uef.fi\/uef-tapahtumat\/wp-json\/wp\/v2\/types\/page"}],"author":[{"embeddable":true,"href":"https:\/\/blogs2.uef.fi\/uef-tapahtumat\/wp-json\/wp\/v2\/users\/219"}],"replies":[{"embeddable":true,"href":"https:\/\/blogs2.uef.fi\/uef-tapahtumat\/wp-json\/wp\/v2\/comments?post=191"}],"version-history":[{"count":2,"href":"https:\/\/blogs2.uef.fi\/uef-tapahtumat\/wp-json\/wp\/v2\/pages\/191\/revisions"}],"predecessor-version":[{"id":832,"href":"https:\/\/blogs2.uef.fi\/uef-tapahtumat\/wp-json\/wp\/v2\/pages\/191\/revisions\/832"}],"up":[{"embeddable":true,"href":"https:\/\/blogs2.uef.fi\/uef-tapahtumat\/wp-json\/wp\/v2\/pages\/17"}],"wp:attachment":[{"href":"https:\/\/blogs2.uef.fi\/uef-tapahtumat\/wp-json\/wp\/v2\/media?parent=191"}],"curies":[{"name":"wp","href":"https:\/\/api.w.org\/{rel}","templated":true}]}}