{"id":203,"date":"2020-01-29T15:41:09","date_gmt":"2020-01-29T13:41:09","guid":{"rendered":"https:\/\/blogs2.uef.fi\/uef-tapahtumat\/?page_id=203"},"modified":"2023-06-28T16:07:03","modified_gmt":"2023-06-28T13:07:03","slug":"tietoa-jarjestajasta","status":"publish","type":"page","link":"https:\/\/blogs2.uef.fi\/uef-tapahtumat\/front-page\/tietoa-jarjestajasta\/","title":{"rendered":"Tietoa j\u00e4rjest\u00e4j\u00e4st\u00e4"},"content":{"rendered":"\n<p>Lis\u00e4\u00e4 osoite yhteydenottoja varten ja kerro, ketk\u00e4 tapahtumaa j\u00e4rjest\u00e4v\u00e4t.<\/p>\n\n\n\n<ul class=\"wp-block-list\">\n<li>Nimi, josta linkki Connect-profiiliin<\/li>\n\n\n\n<li>Nimi, josta linkki Connect-profiiliin<\/li>\n\n\n\n<li>Nimi, josta linkki Connect-profiiliin<\/li>\n\n\n\n<li>Nimi, josta linkki Connect-profiiliin<\/li>\n\n\n\n<li>Nimi, josta linkki Connect-profiiliin<\/li>\n<\/ul>\n\n\n\n<h2 class=\"wp-block-heading\">Yhteisty\u00f6kumppanit<\/h2>\n\n\n    <div class=\"funders grid\">\n                        <div class=\"funders__item grid__item\">\n                            <div class=\"funders__image\">\n                    <img decoding=\"async\" src=\"https:\/\/blogs2.uef.fi\/uef-tapahtumat\/wp-content\/uploads\/sites\/43\/2023\/06\/cropped-uef_bookings.png\" alt=\"UEF.\" \/>\n                <\/div>\n                                                <\/div>\n                        \n                        <div class=\"funders__item grid__item\">\n                            <div class=\"funders__image\">\n                    <img decoding=\"async\" src=\"https:\/\/blogs2.uef.fi\/uef-tapahtumat\/wp-content\/uploads\/sites\/43\/2019\/11\/uef-logo.png\" alt=\"UEF.\" \/>\n                <\/div>\n                                                <\/div>\n                        \n                        <div class=\"funders__item grid__item\">\n                            <div class=\"funders__image\">\n                    <img decoding=\"async\" src=\"https:\/\/blogs2.uef.fi\/uef-tapahtumat\/wp-content\/uploads\/sites\/43\/2023\/06\/cropped-uef_bookings.png\" alt=\"UEF.\" \/>\n                <\/div>\n                                                <\/div>\n                        \n                        <div class=\"funders__item grid__item\">\n                            <div class=\"funders__image\">\n                    <img decoding=\"async\" src=\"https:\/\/blogs2.uef.fi\/uef-tapahtumat\/wp-content\/uploads\/sites\/43\/2019\/11\/uef-logo.png\" alt=\"UEF.\" \/>\n                <\/div>\n                                                <\/div>\n                        \n            <\/div>\n","protected":false},"excerpt":{"rendered":"<p>Lis\u00e4\u00e4 osoite yhteydenottoja varten ja kerro, ketk\u00e4 tapahtumaa j\u00e4rjest\u00e4v\u00e4t. Yhteisty\u00f6kumppanit<\/p>\n","protected":false},"author":219,"featured_media":0,"parent":17,"menu_order":0,"comment_status":"closed","ping_status":"closed","template":"","meta":{"_acf_changed":false,"footnotes":""},"class_list":["post-203","page","type-page","status-publish","hentry"],"acf":[],"yoast_head":"<!-- This site is optimized with the Yoast SEO plugin v27.1.1 - https:\/\/yoast.com\/product\/yoast-seo-wordpress\/ -->\n<title>Tietoa j\u00e4rjest\u00e4j\u00e4st\u00e4 - UEF tapahtumasivusto<\/title>\n<meta name=\"robots\" content=\"index, follow, max-snippet:-1, max-image-preview:large, max-video-preview:-1\" \/>\n<link rel=\"canonical\" href=\"https:\/\/blogs2.uef.fi\/uef-tapahtumat\/front-page\/tietoa-jarjestajasta\/\" \/>\n<meta property=\"og:locale\" content=\"fi_FI\" \/>\n<meta property=\"og:type\" content=\"article\" \/>\n<meta property=\"og:title\" content=\"Tietoa j\u00e4rjest\u00e4j\u00e4st\u00e4 - UEF tapahtumasivusto\" \/>\n<meta property=\"og:description\" content=\"Lis\u00e4\u00e4 osoite yhteydenottoja varten ja kerro, ketk\u00e4 tapahtumaa j\u00e4rjest\u00e4v\u00e4t. Yhteisty\u00f6kumppanit\" \/>\n<meta property=\"og:url\" content=\"https:\/\/blogs2.uef.fi\/uef-tapahtumat\/front-page\/tietoa-jarjestajasta\/\" \/>\n<meta property=\"og:site_name\" content=\"UEF tapahtumasivusto\" \/>\n<meta property=\"article:modified_time\" content=\"2023-06-28T13:07:03+00:00\" \/>\n<meta name=\"twitter:card\" content=\"summary_large_image\" \/>\n<meta name=\"twitter:label1\" content=\"Arvioitu lukuaika\" \/>\n\t<meta name=\"twitter:data1\" content=\"1 minuutti\" \/>\n<script type=\"application\/ld+json\" class=\"yoast-schema-graph\">{\"@context\":\"https:\/\/schema.org\",\"@graph\":[{\"@type\":\"WebPage\",\"@id\":\"https:\/\/blogs2.uef.fi\/uef-tapahtumat\/front-page\/tietoa-jarjestajasta\/\",\"url\":\"https:\/\/blogs2.uef.fi\/uef-tapahtumat\/front-page\/tietoa-jarjestajasta\/\",\"name\":\"Tietoa j\u00e4rjest\u00e4j\u00e4st\u00e4 - UEF tapahtumasivusto\",\"isPartOf\":{\"@id\":\"https:\/\/blogs2.uef.fi\/uef-tapahtumat\/#website\"},\"datePublished\":\"2020-01-29T13:41:09+00:00\",\"dateModified\":\"2023-06-28T13:07:03+00:00\",\"breadcrumb\":{\"@id\":\"https:\/\/blogs2.uef.fi\/uef-tapahtumat\/front-page\/tietoa-jarjestajasta\/#breadcrumb\"},\"inLanguage\":\"fi\",\"potentialAction\":[{\"@type\":\"ReadAction\",\"target\":[\"https:\/\/blogs2.uef.fi\/uef-tapahtumat\/front-page\/tietoa-jarjestajasta\/\"]}]},{\"@type\":\"BreadcrumbList\",\"@id\":\"https:\/\/blogs2.uef.fi\/uef-tapahtumat\/front-page\/tietoa-jarjestajasta\/#breadcrumb\",\"itemListElement\":[{\"@type\":\"ListItem\",\"position\":1,\"name\":\"Home\",\"item\":\"https:\/\/blogs2.uef.fi\/uef-tapahtumat\/\"},{\"@type\":\"ListItem\",\"position\":2,\"name\":\"Etusivu\",\"item\":\"https:\/\/blogs2.uef.fi\/uef-tapahtumat\/\"},{\"@type\":\"ListItem\",\"position\":3,\"name\":\"Tietoa j\u00e4rjest\u00e4j\u00e4st\u00e4\"}]},{\"@type\":\"WebSite\",\"@id\":\"https:\/\/blogs2.uef.fi\/uef-tapahtumat\/#website\",\"url\":\"https:\/\/blogs2.uef.fi\/uef-tapahtumat\/\",\"name\":\"UEF tapahtumasivusto\",\"description\":\"\",\"potentialAction\":[{\"@type\":\"SearchAction\",\"target\":{\"@type\":\"EntryPoint\",\"urlTemplate\":\"https:\/\/blogs2.uef.fi\/uef-tapahtumat\/?s={search_term_string}\"},\"query-input\":{\"@type\":\"PropertyValueSpecification\",\"valueRequired\":true,\"valueName\":\"search_term_string\"}}],\"inLanguage\":\"fi\"}]}<\/script>\n<!-- \/ Yoast SEO plugin. -->","yoast_head_json":{"title":"Tietoa j\u00e4rjest\u00e4j\u00e4st\u00e4 - UEF tapahtumasivusto","robots":{"index":"index","follow":"follow","max-snippet":"max-snippet:-1","max-image-preview":"max-image-preview:large","max-video-preview":"max-video-preview:-1"},"canonical":"https:\/\/blogs2.uef.fi\/uef-tapahtumat\/front-page\/tietoa-jarjestajasta\/","og_locale":"fi_FI","og_type":"article","og_title":"Tietoa j\u00e4rjest\u00e4j\u00e4st\u00e4 - UEF tapahtumasivusto","og_description":"Lis\u00e4\u00e4 osoite yhteydenottoja varten ja kerro, ketk\u00e4 tapahtumaa j\u00e4rjest\u00e4v\u00e4t. Yhteisty\u00f6kumppanit","og_url":"https:\/\/blogs2.uef.fi\/uef-tapahtumat\/front-page\/tietoa-jarjestajasta\/","og_site_name":"UEF tapahtumasivusto","article_modified_time":"2023-06-28T13:07:03+00:00","twitter_card":"summary_large_image","twitter_misc":{"Arvioitu lukuaika":"1 minuutti"},"schema":{"@context":"https:\/\/schema.org","@graph":[{"@type":"WebPage","@id":"https:\/\/blogs2.uef.fi\/uef-tapahtumat\/front-page\/tietoa-jarjestajasta\/","url":"https:\/\/blogs2.uef.fi\/uef-tapahtumat\/front-page\/tietoa-jarjestajasta\/","name":"Tietoa j\u00e4rjest\u00e4j\u00e4st\u00e4 - UEF tapahtumasivusto","isPartOf":{"@id":"https:\/\/blogs2.uef.fi\/uef-tapahtumat\/#website"},"datePublished":"2020-01-29T13:41:09+00:00","dateModified":"2023-06-28T13:07:03+00:00","breadcrumb":{"@id":"https:\/\/blogs2.uef.fi\/uef-tapahtumat\/front-page\/tietoa-jarjestajasta\/#breadcrumb"},"inLanguage":"fi","potentialAction":[{"@type":"ReadAction","target":["https:\/\/blogs2.uef.fi\/uef-tapahtumat\/front-page\/tietoa-jarjestajasta\/"]}]},{"@type":"BreadcrumbList","@id":"https:\/\/blogs2.uef.fi\/uef-tapahtumat\/front-page\/tietoa-jarjestajasta\/#breadcrumb","itemListElement":[{"@type":"ListItem","position":1,"name":"Home","item":"https:\/\/blogs2.uef.fi\/uef-tapahtumat\/"},{"@type":"ListItem","position":2,"name":"Etusivu","item":"https:\/\/blogs2.uef.fi\/uef-tapahtumat\/"},{"@type":"ListItem","position":3,"name":"Tietoa j\u00e4rjest\u00e4j\u00e4st\u00e4"}]},{"@type":"WebSite","@id":"https:\/\/blogs2.uef.fi\/uef-tapahtumat\/#website","url":"https:\/\/blogs2.uef.fi\/uef-tapahtumat\/","name":"UEF tapahtumasivusto","description":"","potentialAction":[{"@type":"SearchAction","target":{"@type":"EntryPoint","urlTemplate":"https:\/\/blogs2.uef.fi\/uef-tapahtumat\/?s={search_term_string}"},"query-input":{"@type":"PropertyValueSpecification","valueRequired":true,"valueName":"search_term_string"}}],"inLanguage":"fi"}]}},"_links":{"self":[{"href":"https:\/\/blogs2.uef.fi\/uef-tapahtumat\/wp-json\/wp\/v2\/pages\/203","targetHints":{"allow":["GET"]}}],"collection":[{"href":"https:\/\/blogs2.uef.fi\/uef-tapahtumat\/wp-json\/wp\/v2\/pages"}],"about":[{"href":"https:\/\/blogs2.uef.fi\/uef-tapahtumat\/wp-json\/wp\/v2\/types\/page"}],"author":[{"embeddable":true,"href":"https:\/\/blogs2.uef.fi\/uef-tapahtumat\/wp-json\/wp\/v2\/users\/219"}],"replies":[{"embeddable":true,"href":"https:\/\/blogs2.uef.fi\/uef-tapahtumat\/wp-json\/wp\/v2\/comments?post=203"}],"version-history":[{"count":2,"href":"https:\/\/blogs2.uef.fi\/uef-tapahtumat\/wp-json\/wp\/v2\/pages\/203\/revisions"}],"predecessor-version":[{"id":693,"href":"https:\/\/blogs2.uef.fi\/uef-tapahtumat\/wp-json\/wp\/v2\/pages\/203\/revisions\/693"}],"up":[{"embeddable":true,"href":"https:\/\/blogs2.uef.fi\/uef-tapahtumat\/wp-json\/wp\/v2\/pages\/17"}],"wp:attachment":[{"href":"https:\/\/blogs2.uef.fi\/uef-tapahtumat\/wp-json\/wp\/v2\/media?parent=203"}],"curies":[{"name":"wp","href":"https:\/\/api.w.org\/{rel}","templated":true}]}}