{"id":1982,"date":"2025-02-07T10:37:42","date_gmt":"2025-02-07T08:37:42","guid":{"rendered":"https:\/\/blogs2.uef.fi\/uef-teema\/?page_id=1982"},"modified":"2025-02-07T10:37:44","modified_gmt":"2025-02-07T08:37:44","slug":"testi-7-2-2025","status":"publish","type":"page","link":"https:\/\/blogs2.uef.fi\/uef-teema\/testi-7-2-2025\/","title":{"rendered":"Testi 7.2.2025"},"content":{"rendered":"\n<p>Testisivu.<\/p>\n\n\n\n<figure class=\"wp-block-image size-large\"><img loading=\"lazy\" decoding=\"async\" width=\"1024\" height=\"405\" src=\"https:\/\/blogs2.uef.fi\/uef-teema\/wp-content\/uploads\/sites\/47\/2023\/09\/lentoon_1440x570-2-1024x405.jpg\" alt=\"\" class=\"wp-image-1047\" srcset=\"https:\/\/blogs2.uef.fi\/uef-teema\/wp-content\/uploads\/sites\/47\/2023\/09\/lentoon_1440x570-2-1024x405.jpg 1024w, https:\/\/blogs2.uef.fi\/uef-teema\/wp-content\/uploads\/sites\/47\/2023\/09\/lentoon_1440x570-2-300x119.jpg 300w, https:\/\/blogs2.uef.fi\/uef-teema\/wp-content\/uploads\/sites\/47\/2023\/09\/lentoon_1440x570-2-768x304.jpg 768w, https:\/\/blogs2.uef.fi\/uef-teema\/wp-content\/uploads\/sites\/47\/2023\/09\/lentoon_1440x570-2.jpg 1440w\" sizes=\"auto, (max-width: 1024px) 100vw, 1024px\" \/><figcaption class=\"wp-element-caption\">Caption-kentt\u00e4\u00e4n Mediakirjaston kautta sy\u00f6tetty teksti t\u00e4ss\u00e4.<\/figcaption><\/figure>\n","protected":false},"excerpt":{"rendered":"<p>Testisivu.<\/p>\n","protected":false},"author":512,"featured_media":0,"parent":0,"menu_order":0,"comment_status":"closed","ping_status":"closed","template":"","meta":{"_acf_changed":false,"footnotes":""},"class_list":["post-1982","page","type-page","status-publish","hentry"],"acf":[],"yoast_head":"<!-- This site is optimized with the Yoast SEO plugin v27.1.1 - https:\/\/yoast.com\/product\/yoast-seo-wordpress\/ -->\n<title>Testi 7.2.2025 - UEF teema<\/title>\n<meta name=\"robots\" content=\"noindex, follow, max-snippet:-1, max-image-preview:large, max-video-preview:-1\" \/>\n<meta property=\"og:locale\" content=\"fi_FI\" \/>\n<meta property=\"og:type\" content=\"article\" \/>\n<meta property=\"og:title\" content=\"Testi 7.2.2025 - UEF teema\" \/>\n<meta property=\"og:description\" content=\"Testisivu.\" \/>\n<meta property=\"og:url\" content=\"https:\/\/blogs2.uef.fi\/uef-teema\/testi-7-2-2025\/\" \/>\n<meta property=\"og:site_name\" content=\"UEF teema\" \/>\n<meta property=\"article:modified_time\" content=\"2025-02-07T08:37:44+00:00\" \/>\n<meta property=\"og:image\" content=\"https:\/\/blogs2.uef.fi\/uef-teema\/wp-content\/uploads\/sites\/47\/2023\/09\/lentoon_1440x570-2-1024x405.jpg\" \/>\n<meta name=\"twitter:card\" content=\"summary_large_image\" \/>\n<meta name=\"twitter:label1\" content=\"Arvioitu lukuaika\" \/>\n\t<meta name=\"twitter:data1\" content=\"1 minuutti\" \/>\n<script type=\"application\/ld+json\" class=\"yoast-schema-graph\">{\"@context\":\"https:\/\/schema.org\",\"@graph\":[{\"@type\":\"WebPage\",\"@id\":\"https:\/\/blogs2.uef.fi\/uef-teema\/testi-7-2-2025\/\",\"url\":\"https:\/\/blogs2.uef.fi\/uef-teema\/testi-7-2-2025\/\",\"name\":\"Testi 7.2.2025 - UEF teema\",\"isPartOf\":{\"@id\":\"https:\/\/blogs2.uef.fi\/uef-teema\/#website\"},\"primaryImageOfPage\":{\"@id\":\"https:\/\/blogs2.uef.fi\/uef-teema\/testi-7-2-2025\/#primaryimage\"},\"image\":{\"@id\":\"https:\/\/blogs2.uef.fi\/uef-teema\/testi-7-2-2025\/#primaryimage\"},\"thumbnailUrl\":\"https:\/\/blogs2.uef.fi\/uef-teema\/wp-content\/uploads\/sites\/47\/2023\/09\/lentoon_1440x570-2-1024x405.jpg\",\"datePublished\":\"2025-02-07T08:37:42+00:00\",\"dateModified\":\"2025-02-07T08:37:44+00:00\",\"breadcrumb\":{\"@id\":\"https:\/\/blogs2.uef.fi\/uef-teema\/testi-7-2-2025\/#breadcrumb\"},\"inLanguage\":\"fi\",\"potentialAction\":[{\"@type\":\"ReadAction\",\"target\":[\"https:\/\/blogs2.uef.fi\/uef-teema\/testi-7-2-2025\/\"]}]},{\"@type\":\"ImageObject\",\"inLanguage\":\"fi\",\"@id\":\"https:\/\/blogs2.uef.fi\/uef-teema\/testi-7-2-2025\/#primaryimage\",\"url\":\"https:\/\/blogs2.uef.fi\/uef-teema\/wp-content\/uploads\/sites\/47\/2023\/09\/lentoon_1440x570-2.jpg\",\"contentUrl\":\"https:\/\/blogs2.uef.fi\/uef-teema\/wp-content\/uploads\/sites\/47\/2023\/09\/lentoon_1440x570-2.jpg\",\"width\":1440,\"height\":570,\"caption\":\"Caption-kentt\u00e4\u00e4n Mediakirjaston kautta sy\u00f6tetty teksti t\u00e4ss\u00e4.\"},{\"@type\":\"BreadcrumbList\",\"@id\":\"https:\/\/blogs2.uef.fi\/uef-teema\/testi-7-2-2025\/#breadcrumb\",\"itemListElement\":[{\"@type\":\"ListItem\",\"position\":1,\"name\":\"Home\",\"item\":\"https:\/\/blogs2.uef.fi\/uef-teema\/\"},{\"@type\":\"ListItem\",\"position\":2,\"name\":\"Testi 7.2.2025\"}]},{\"@type\":\"WebSite\",\"@id\":\"https:\/\/blogs2.uef.fi\/uef-teema\/#website\",\"url\":\"https:\/\/blogs2.uef.fi\/uef-teema\/\",\"name\":\"UEF teema\",\"description\":\"\",\"potentialAction\":[{\"@type\":\"SearchAction\",\"target\":{\"@type\":\"EntryPoint\",\"urlTemplate\":\"https:\/\/blogs2.uef.fi\/uef-teema\/?s={search_term_string}\"},\"query-input\":{\"@type\":\"PropertyValueSpecification\",\"valueRequired\":true,\"valueName\":\"search_term_string\"}}],\"inLanguage\":\"fi\"}]}<\/script>\n<!-- \/ Yoast SEO plugin. -->","yoast_head_json":{"title":"Testi 7.2.2025 - UEF teema","robots":{"index":"noindex","follow":"follow","max-snippet":"max-snippet:-1","max-image-preview":"max-image-preview:large","max-video-preview":"max-video-preview:-1"},"og_locale":"fi_FI","og_type":"article","og_title":"Testi 7.2.2025 - UEF teema","og_description":"Testisivu.","og_url":"https:\/\/blogs2.uef.fi\/uef-teema\/testi-7-2-2025\/","og_site_name":"UEF teema","article_modified_time":"2025-02-07T08:37:44+00:00","og_image":[{"url":"https:\/\/blogs2.uef.fi\/uef-teema\/wp-content\/uploads\/sites\/47\/2023\/09\/lentoon_1440x570-2-1024x405.jpg","type":"","width":"","height":""}],"twitter_card":"summary_large_image","twitter_misc":{"Arvioitu lukuaika":"1 minuutti"},"schema":{"@context":"https:\/\/schema.org","@graph":[{"@type":"WebPage","@id":"https:\/\/blogs2.uef.fi\/uef-teema\/testi-7-2-2025\/","url":"https:\/\/blogs2.uef.fi\/uef-teema\/testi-7-2-2025\/","name":"Testi 7.2.2025 - UEF teema","isPartOf":{"@id":"https:\/\/blogs2.uef.fi\/uef-teema\/#website"},"primaryImageOfPage":{"@id":"https:\/\/blogs2.uef.fi\/uef-teema\/testi-7-2-2025\/#primaryimage"},"image":{"@id":"https:\/\/blogs2.uef.fi\/uef-teema\/testi-7-2-2025\/#primaryimage"},"thumbnailUrl":"https:\/\/blogs2.uef.fi\/uef-teema\/wp-content\/uploads\/sites\/47\/2023\/09\/lentoon_1440x570-2-1024x405.jpg","datePublished":"2025-02-07T08:37:42+00:00","dateModified":"2025-02-07T08:37:44+00:00","breadcrumb":{"@id":"https:\/\/blogs2.uef.fi\/uef-teema\/testi-7-2-2025\/#breadcrumb"},"inLanguage":"fi","potentialAction":[{"@type":"ReadAction","target":["https:\/\/blogs2.uef.fi\/uef-teema\/testi-7-2-2025\/"]}]},{"@type":"ImageObject","inLanguage":"fi","@id":"https:\/\/blogs2.uef.fi\/uef-teema\/testi-7-2-2025\/#primaryimage","url":"https:\/\/blogs2.uef.fi\/uef-teema\/wp-content\/uploads\/sites\/47\/2023\/09\/lentoon_1440x570-2.jpg","contentUrl":"https:\/\/blogs2.uef.fi\/uef-teema\/wp-content\/uploads\/sites\/47\/2023\/09\/lentoon_1440x570-2.jpg","width":1440,"height":570,"caption":"Caption-kentt\u00e4\u00e4n Mediakirjaston kautta sy\u00f6tetty teksti t\u00e4ss\u00e4."},{"@type":"BreadcrumbList","@id":"https:\/\/blogs2.uef.fi\/uef-teema\/testi-7-2-2025\/#breadcrumb","itemListElement":[{"@type":"ListItem","position":1,"name":"Home","item":"https:\/\/blogs2.uef.fi\/uef-teema\/"},{"@type":"ListItem","position":2,"name":"Testi 7.2.2025"}]},{"@type":"WebSite","@id":"https:\/\/blogs2.uef.fi\/uef-teema\/#website","url":"https:\/\/blogs2.uef.fi\/uef-teema\/","name":"UEF teema","description":"","potentialAction":[{"@type":"SearchAction","target":{"@type":"EntryPoint","urlTemplate":"https:\/\/blogs2.uef.fi\/uef-teema\/?s={search_term_string}"},"query-input":{"@type":"PropertyValueSpecification","valueRequired":true,"valueName":"search_term_string"}}],"inLanguage":"fi"}]}},"_links":{"self":[{"href":"https:\/\/blogs2.uef.fi\/uef-teema\/wp-json\/wp\/v2\/pages\/1982","targetHints":{"allow":["GET"]}}],"collection":[{"href":"https:\/\/blogs2.uef.fi\/uef-teema\/wp-json\/wp\/v2\/pages"}],"about":[{"href":"https:\/\/blogs2.uef.fi\/uef-teema\/wp-json\/wp\/v2\/types\/page"}],"author":[{"embeddable":true,"href":"https:\/\/blogs2.uef.fi\/uef-teema\/wp-json\/wp\/v2\/users\/512"}],"replies":[{"embeddable":true,"href":"https:\/\/blogs2.uef.fi\/uef-teema\/wp-json\/wp\/v2\/comments?post=1982"}],"version-history":[{"count":1,"href":"https:\/\/blogs2.uef.fi\/uef-teema\/wp-json\/wp\/v2\/pages\/1982\/revisions"}],"predecessor-version":[{"id":1983,"href":"https:\/\/blogs2.uef.fi\/uef-teema\/wp-json\/wp\/v2\/pages\/1982\/revisions\/1983"}],"wp:attachment":[{"href":"https:\/\/blogs2.uef.fi\/uef-teema\/wp-json\/wp\/v2\/media?parent=1982"}],"curies":[{"name":"wp","href":"https:\/\/api.w.org\/{rel}","templated":true}]}}