{"id":1987,"date":"2025-02-14T10:48:42","date_gmt":"2025-02-14T08:48:42","guid":{"rendered":"https:\/\/blogs2.uef.fi\/uef-teema\/test-page-14-2-2025\/"},"modified":"2025-02-14T10:51:05","modified_gmt":"2025-02-14T08:51:05","slug":"test-page-14-2-2025","status":"publish","type":"page","link":"https:\/\/blogs2.uef.fi\/uef-teema\/test-page-14-2-2025\/?lang=en","title":{"rendered":"Test page 14.2.2025"},"content":{"rendered":"\n<p>K\u00e4\u00e4nn\u00f6sty\u00f6kalun testaamista.<\/p>\n","protected":false},"excerpt":{"rendered":"<p>K\u00e4\u00e4nn\u00f6sty\u00f6kalun testaamista.<\/p>\n","protected":false},"author":512,"featured_media":0,"parent":0,"menu_order":0,"comment_status":"closed","ping_status":"closed","template":"","meta":{"_acf_changed":false,"footnotes":""},"class_list":["post-1987","page","type-page","status-publish","hentry"],"acf":[],"yoast_head":"<!-- This site is optimized with the Yoast SEO plugin v27.3 - https:\/\/yoast.com\/product\/yoast-seo-wordpress\/ -->\n<title>Test page 14.2.2025 - UEF teema<\/title>\n<meta name=\"robots\" content=\"noindex, follow, max-snippet:-1, max-image-preview:large, max-video-preview:-1\" \/>\n<meta property=\"og:locale\" content=\"fi_FI\" \/>\n<meta property=\"og:type\" content=\"article\" \/>\n<meta property=\"og:title\" content=\"Test page 14.2.2025 - UEF teema\" \/>\n<meta property=\"og:description\" content=\"K\u00e4\u00e4nn\u00f6sty\u00f6kalun testaamista.\" \/>\n<meta property=\"og:url\" content=\"https:\/\/blogs2.uef.fi\/uef-teema\/test-page-14-2-2025\/?lang=en\" \/>\n<meta property=\"og:site_name\" content=\"UEF teema\" \/>\n<meta property=\"article:modified_time\" content=\"2025-02-14T08:51:05+00:00\" \/>\n<meta name=\"twitter:card\" content=\"summary_large_image\" \/>\n<script type=\"application\/ld+json\" class=\"yoast-schema-graph\">{\"@context\":\"https:\\\/\\\/schema.org\",\"@graph\":[{\"@type\":\"WebPage\",\"@id\":\"https:\\\/\\\/blogs2.uef.fi\\\/uef-teema\\\/test-page-14-2-2025\\\/?lang=en\",\"url\":\"https:\\\/\\\/blogs2.uef.fi\\\/uef-teema\\\/test-page-14-2-2025\\\/?lang=en\",\"name\":\"Test page 14.2.2025 - UEF teema\",\"isPartOf\":{\"@id\":\"https:\\\/\\\/blogs2.uef.fi\\\/uef-teema\\\/#website\"},\"datePublished\":\"2025-02-14T08:48:42+00:00\",\"dateModified\":\"2025-02-14T08:51:05+00:00\",\"breadcrumb\":{\"@id\":\"https:\\\/\\\/blogs2.uef.fi\\\/uef-teema\\\/test-page-14-2-2025\\\/?lang=en#breadcrumb\"},\"inLanguage\":\"fi\",\"potentialAction\":[{\"@type\":\"ReadAction\",\"target\":[\"https:\\\/\\\/blogs2.uef.fi\\\/uef-teema\\\/test-page-14-2-2025\\\/?lang=en\"]}]},{\"@type\":\"BreadcrumbList\",\"@id\":\"https:\\\/\\\/blogs2.uef.fi\\\/uef-teema\\\/test-page-14-2-2025\\\/?lang=en#breadcrumb\",\"itemListElement\":[{\"@type\":\"ListItem\",\"position\":1,\"name\":\"Home\",\"item\":\"https:\\\/\\\/blogs2.uef.fi\\\/uef-teema\\\/\"},{\"@type\":\"ListItem\",\"position\":2,\"name\":\"Test page 14.2.2025\"}]},{\"@type\":\"WebSite\",\"@id\":\"https:\\\/\\\/blogs2.uef.fi\\\/uef-teema\\\/#website\",\"url\":\"https:\\\/\\\/blogs2.uef.fi\\\/uef-teema\\\/\",\"name\":\"UEF teema\",\"description\":\"\",\"potentialAction\":[{\"@type\":\"SearchAction\",\"target\":{\"@type\":\"EntryPoint\",\"urlTemplate\":\"https:\\\/\\\/blogs2.uef.fi\\\/uef-teema\\\/?s={search_term_string}\"},\"query-input\":{\"@type\":\"PropertyValueSpecification\",\"valueRequired\":true,\"valueName\":\"search_term_string\"}}],\"inLanguage\":\"fi\"}]}<\/script>\n<!-- \/ Yoast SEO plugin. -->","yoast_head_json":{"title":"Test page 14.2.2025 - UEF teema","robots":{"index":"noindex","follow":"follow","max-snippet":"max-snippet:-1","max-image-preview":"max-image-preview:large","max-video-preview":"max-video-preview:-1"},"og_locale":"fi_FI","og_type":"article","og_title":"Test page 14.2.2025 - UEF teema","og_description":"K\u00e4\u00e4nn\u00f6sty\u00f6kalun testaamista.","og_url":"https:\/\/blogs2.uef.fi\/uef-teema\/test-page-14-2-2025\/?lang=en","og_site_name":"UEF teema","article_modified_time":"2025-02-14T08:51:05+00:00","twitter_card":"summary_large_image","schema":{"@context":"https:\/\/schema.org","@graph":[{"@type":"WebPage","@id":"https:\/\/blogs2.uef.fi\/uef-teema\/test-page-14-2-2025\/?lang=en","url":"https:\/\/blogs2.uef.fi\/uef-teema\/test-page-14-2-2025\/?lang=en","name":"Test page 14.2.2025 - UEF teema","isPartOf":{"@id":"https:\/\/blogs2.uef.fi\/uef-teema\/#website"},"datePublished":"2025-02-14T08:48:42+00:00","dateModified":"2025-02-14T08:51:05+00:00","breadcrumb":{"@id":"https:\/\/blogs2.uef.fi\/uef-teema\/test-page-14-2-2025\/?lang=en#breadcrumb"},"inLanguage":"fi","potentialAction":[{"@type":"ReadAction","target":["https:\/\/blogs2.uef.fi\/uef-teema\/test-page-14-2-2025\/?lang=en"]}]},{"@type":"BreadcrumbList","@id":"https:\/\/blogs2.uef.fi\/uef-teema\/test-page-14-2-2025\/?lang=en#breadcrumb","itemListElement":[{"@type":"ListItem","position":1,"name":"Home","item":"https:\/\/blogs2.uef.fi\/uef-teema\/"},{"@type":"ListItem","position":2,"name":"Test page 14.2.2025"}]},{"@type":"WebSite","@id":"https:\/\/blogs2.uef.fi\/uef-teema\/#website","url":"https:\/\/blogs2.uef.fi\/uef-teema\/","name":"UEF teema","description":"","potentialAction":[{"@type":"SearchAction","target":{"@type":"EntryPoint","urlTemplate":"https:\/\/blogs2.uef.fi\/uef-teema\/?s={search_term_string}"},"query-input":{"@type":"PropertyValueSpecification","valueRequired":true,"valueName":"search_term_string"}}],"inLanguage":"fi"}]}},"_links":{"self":[{"href":"https:\/\/blogs2.uef.fi\/uef-teema\/wp-json\/wp\/v2\/pages\/1987","targetHints":{"allow":["GET"]}}],"collection":[{"href":"https:\/\/blogs2.uef.fi\/uef-teema\/wp-json\/wp\/v2\/pages"}],"about":[{"href":"https:\/\/blogs2.uef.fi\/uef-teema\/wp-json\/wp\/v2\/types\/page"}],"author":[{"embeddable":true,"href":"https:\/\/blogs2.uef.fi\/uef-teema\/wp-json\/wp\/v2\/users\/512"}],"replies":[{"embeddable":true,"href":"https:\/\/blogs2.uef.fi\/uef-teema\/wp-json\/wp\/v2\/comments?post=1987"}],"version-history":[{"count":1,"href":"https:\/\/blogs2.uef.fi\/uef-teema\/wp-json\/wp\/v2\/pages\/1987\/revisions"}],"predecessor-version":[{"id":1988,"href":"https:\/\/blogs2.uef.fi\/uef-teema\/wp-json\/wp\/v2\/pages\/1987\/revisions\/1988"}],"wp:attachment":[{"href":"https:\/\/blogs2.uef.fi\/uef-teema\/wp-json\/wp\/v2\/media?parent=1987"}],"curies":[{"name":"wp","href":"https:\/\/api.w.org\/{rel}","templated":true}]}}