{"id":2042,"date":"2025-11-12T09:54:43","date_gmt":"2025-11-12T07:54:43","guid":{"rendered":"https:\/\/blogs2.uef.fi\/uef-teema\/?page_id=2042"},"modified":"2025-11-12T09:54:44","modified_gmt":"2025-11-12T07:54:44","slug":"testisivu-12-11-2025","status":"publish","type":"page","link":"https:\/\/blogs2.uef.fi\/uef-teema\/testisivu-12-11-2025\/","title":{"rendered":"Testisivu 12.11.2025"},"content":{"rendered":"\n<p><a href=\"https:\/\/www.uef.fi\/fi\/\">Linkki<\/a><\/p>\n\n\n\n<figure class=\"wp-block-image size-full is-resized\"><img loading=\"lazy\" decoding=\"async\" width=\"726\" height=\"201\" src=\"https:\/\/blogs2.uef.fi\/uef-teema\/wp-content\/uploads\/sites\/47\/2023\/09\/VAAKALOGO.png\" alt=\"Vaakalogoesimerkki.\" class=\"wp-image-1243\" style=\"width:546px;height:auto\" srcset=\"https:\/\/blogs2.uef.fi\/uef-teema\/wp-content\/uploads\/sites\/47\/2023\/09\/VAAKALOGO.png 726w, https:\/\/blogs2.uef.fi\/uef-teema\/wp-content\/uploads\/sites\/47\/2023\/09\/VAAKALOGO-300x83.png 300w\" sizes=\"auto, (max-width: 726px) 100vw, 726px\" \/><\/figure>\n\n\n\n<p><a href=\"https:\/\/www.uef.fi\/fi\/\">Toinen linkki<\/a> (jonka alle shift+enter-yhdistelm\u00e4ll\u00e4 lis\u00e4tty tyhji\u00e4 rivej\u00e4)<br><br><br><\/p>\n\n\n\n<figure class=\"wp-block-image size-full\"><img loading=\"lazy\" decoding=\"async\" width=\"726\" height=\"201\" src=\"https:\/\/blogs2.uef.fi\/uef-teema\/wp-content\/uploads\/sites\/47\/2023\/09\/VAAKALOGO.png\" alt=\"Vaakalogoesimerkki.\" class=\"wp-image-1243\" srcset=\"https:\/\/blogs2.uef.fi\/uef-teema\/wp-content\/uploads\/sites\/47\/2023\/09\/VAAKALOGO.png 726w, https:\/\/blogs2.uef.fi\/uef-teema\/wp-content\/uploads\/sites\/47\/2023\/09\/VAAKALOGO-300x83.png 300w\" sizes=\"auto, (max-width: 726px) 100vw, 726px\" \/><\/figure>\n\n\n\n<p><br><br><br><a href=\"https:\/\/www.uef.fi\/fi\/\">Kolmas linkki<\/a> (jonka ylle shift+enter-yhdistelm\u00e4ll\u00e4 lis\u00e4tty tyhji\u00e4 rivej\u00e4)<\/p>\n\n\n\n<figure class=\"wp-block-image size-full is-resized\"><img loading=\"lazy\" decoding=\"async\" width=\"726\" height=\"201\" src=\"https:\/\/blogs2.uef.fi\/uef-teema\/wp-content\/uploads\/sites\/47\/2023\/09\/VAAKALOGO.png\" alt=\"Vaakalogoesimerkki.\" class=\"wp-image-1243\" style=\"width:442px;height:auto\" srcset=\"https:\/\/blogs2.uef.fi\/uef-teema\/wp-content\/uploads\/sites\/47\/2023\/09\/VAAKALOGO.png 726w, https:\/\/blogs2.uef.fi\/uef-teema\/wp-content\/uploads\/sites\/47\/2023\/09\/VAAKALOGO-300x83.png 300w\" sizes=\"auto, (max-width: 726px) 100vw, 726px\" \/><\/figure>\n","protected":false},"excerpt":{"rendered":"<p>Linkki Toinen linkki (jonka alle shift+enter-yhdistelm\u00e4ll\u00e4 lis\u00e4tty tyhji\u00e4 rivej\u00e4) Kolmas linkki (jonka ylle shift+enter-yhdistelm\u00e4ll\u00e4 lis\u00e4tty tyhji\u00e4 rivej\u00e4)<\/p>\n","protected":false},"author":512,"featured_media":0,"parent":0,"menu_order":0,"comment_status":"closed","ping_status":"closed","template":"","meta":{"_acf_changed":false,"footnotes":""},"class_list":["post-2042","page","type-page","status-publish","hentry"],"acf":[],"yoast_head":"<!-- This site is optimized with the Yoast SEO plugin v27.1.1 - https:\/\/yoast.com\/product\/yoast-seo-wordpress\/ -->\n<title>Testisivu 12.11.2025 - UEF teema<\/title>\n<meta name=\"robots\" content=\"noindex, follow, max-snippet:-1, max-image-preview:large, max-video-preview:-1\" \/>\n<meta property=\"og:locale\" content=\"fi_FI\" \/>\n<meta property=\"og:type\" content=\"article\" \/>\n<meta property=\"og:title\" content=\"Testisivu 12.11.2025 - UEF teema\" \/>\n<meta property=\"og:description\" content=\"Linkki Toinen linkki (jonka alle shift+enter-yhdistelm\u00e4ll\u00e4 lis\u00e4tty tyhji\u00e4 rivej\u00e4) Kolmas linkki (jonka ylle shift+enter-yhdistelm\u00e4ll\u00e4 lis\u00e4tty tyhji\u00e4 rivej\u00e4)\" \/>\n<meta property=\"og:url\" content=\"https:\/\/blogs2.uef.fi\/uef-teema\/testisivu-12-11-2025\/\" \/>\n<meta property=\"og:site_name\" content=\"UEF teema\" \/>\n<meta property=\"article:modified_time\" content=\"2025-11-12T07:54:44+00:00\" \/>\n<meta property=\"og:image\" content=\"https:\/\/blogs2.uef.fi\/uef-teema\/wp-content\/uploads\/sites\/47\/2023\/09\/VAAKALOGO.png\" \/>\n<meta name=\"twitter:card\" content=\"summary_large_image\" \/>\n<meta name=\"twitter:label1\" content=\"Arvioitu lukuaika\" \/>\n\t<meta name=\"twitter:data1\" content=\"1 minuutti\" \/>\n<script type=\"application\/ld+json\" class=\"yoast-schema-graph\">{\"@context\":\"https:\/\/schema.org\",\"@graph\":[{\"@type\":\"WebPage\",\"@id\":\"https:\/\/blogs2.uef.fi\/uef-teema\/testisivu-12-11-2025\/\",\"url\":\"https:\/\/blogs2.uef.fi\/uef-teema\/testisivu-12-11-2025\/\",\"name\":\"Testisivu 12.11.2025 - UEF teema\",\"isPartOf\":{\"@id\":\"https:\/\/blogs2.uef.fi\/uef-teema\/#website\"},\"primaryImageOfPage\":{\"@id\":\"https:\/\/blogs2.uef.fi\/uef-teema\/testisivu-12-11-2025\/#primaryimage\"},\"image\":{\"@id\":\"https:\/\/blogs2.uef.fi\/uef-teema\/testisivu-12-11-2025\/#primaryimage\"},\"thumbnailUrl\":\"https:\/\/blogs2.uef.fi\/uef-teema\/wp-content\/uploads\/sites\/47\/2023\/09\/VAAKALOGO.png\",\"datePublished\":\"2025-11-12T07:54:43+00:00\",\"dateModified\":\"2025-11-12T07:54:44+00:00\",\"breadcrumb\":{\"@id\":\"https:\/\/blogs2.uef.fi\/uef-teema\/testisivu-12-11-2025\/#breadcrumb\"},\"inLanguage\":\"fi\",\"potentialAction\":[{\"@type\":\"ReadAction\",\"target\":[\"https:\/\/blogs2.uef.fi\/uef-teema\/testisivu-12-11-2025\/\"]}]},{\"@type\":\"ImageObject\",\"inLanguage\":\"fi\",\"@id\":\"https:\/\/blogs2.uef.fi\/uef-teema\/testisivu-12-11-2025\/#primaryimage\",\"url\":\"https:\/\/blogs2.uef.fi\/uef-teema\/wp-content\/uploads\/sites\/47\/2023\/09\/VAAKALOGO.png\",\"contentUrl\":\"https:\/\/blogs2.uef.fi\/uef-teema\/wp-content\/uploads\/sites\/47\/2023\/09\/VAAKALOGO.png\",\"width\":726,\"height\":201,\"caption\":\"Vaakalogoesimerkki.\"},{\"@type\":\"BreadcrumbList\",\"@id\":\"https:\/\/blogs2.uef.fi\/uef-teema\/testisivu-12-11-2025\/#breadcrumb\",\"itemListElement\":[{\"@type\":\"ListItem\",\"position\":1,\"name\":\"Home\",\"item\":\"https:\/\/blogs2.uef.fi\/uef-teema\/\"},{\"@type\":\"ListItem\",\"position\":2,\"name\":\"Testisivu 12.11.2025\"}]},{\"@type\":\"WebSite\",\"@id\":\"https:\/\/blogs2.uef.fi\/uef-teema\/#website\",\"url\":\"https:\/\/blogs2.uef.fi\/uef-teema\/\",\"name\":\"UEF teema\",\"description\":\"\",\"potentialAction\":[{\"@type\":\"SearchAction\",\"target\":{\"@type\":\"EntryPoint\",\"urlTemplate\":\"https:\/\/blogs2.uef.fi\/uef-teema\/?s={search_term_string}\"},\"query-input\":{\"@type\":\"PropertyValueSpecification\",\"valueRequired\":true,\"valueName\":\"search_term_string\"}}],\"inLanguage\":\"fi\"}]}<\/script>\n<!-- \/ Yoast SEO plugin. -->","yoast_head_json":{"title":"Testisivu 12.11.2025 - UEF teema","robots":{"index":"noindex","follow":"follow","max-snippet":"max-snippet:-1","max-image-preview":"max-image-preview:large","max-video-preview":"max-video-preview:-1"},"og_locale":"fi_FI","og_type":"article","og_title":"Testisivu 12.11.2025 - UEF teema","og_description":"Linkki Toinen linkki (jonka alle shift+enter-yhdistelm\u00e4ll\u00e4 lis\u00e4tty tyhji\u00e4 rivej\u00e4) Kolmas linkki (jonka ylle shift+enter-yhdistelm\u00e4ll\u00e4 lis\u00e4tty tyhji\u00e4 rivej\u00e4)","og_url":"https:\/\/blogs2.uef.fi\/uef-teema\/testisivu-12-11-2025\/","og_site_name":"UEF teema","article_modified_time":"2025-11-12T07:54:44+00:00","og_image":[{"url":"https:\/\/blogs2.uef.fi\/uef-teema\/wp-content\/uploads\/sites\/47\/2023\/09\/VAAKALOGO.png","type":"","width":"","height":""}],"twitter_card":"summary_large_image","twitter_misc":{"Arvioitu lukuaika":"1 minuutti"},"schema":{"@context":"https:\/\/schema.org","@graph":[{"@type":"WebPage","@id":"https:\/\/blogs2.uef.fi\/uef-teema\/testisivu-12-11-2025\/","url":"https:\/\/blogs2.uef.fi\/uef-teema\/testisivu-12-11-2025\/","name":"Testisivu 12.11.2025 - UEF teema","isPartOf":{"@id":"https:\/\/blogs2.uef.fi\/uef-teema\/#website"},"primaryImageOfPage":{"@id":"https:\/\/blogs2.uef.fi\/uef-teema\/testisivu-12-11-2025\/#primaryimage"},"image":{"@id":"https:\/\/blogs2.uef.fi\/uef-teema\/testisivu-12-11-2025\/#primaryimage"},"thumbnailUrl":"https:\/\/blogs2.uef.fi\/uef-teema\/wp-content\/uploads\/sites\/47\/2023\/09\/VAAKALOGO.png","datePublished":"2025-11-12T07:54:43+00:00","dateModified":"2025-11-12T07:54:44+00:00","breadcrumb":{"@id":"https:\/\/blogs2.uef.fi\/uef-teema\/testisivu-12-11-2025\/#breadcrumb"},"inLanguage":"fi","potentialAction":[{"@type":"ReadAction","target":["https:\/\/blogs2.uef.fi\/uef-teema\/testisivu-12-11-2025\/"]}]},{"@type":"ImageObject","inLanguage":"fi","@id":"https:\/\/blogs2.uef.fi\/uef-teema\/testisivu-12-11-2025\/#primaryimage","url":"https:\/\/blogs2.uef.fi\/uef-teema\/wp-content\/uploads\/sites\/47\/2023\/09\/VAAKALOGO.png","contentUrl":"https:\/\/blogs2.uef.fi\/uef-teema\/wp-content\/uploads\/sites\/47\/2023\/09\/VAAKALOGO.png","width":726,"height":201,"caption":"Vaakalogoesimerkki."},{"@type":"BreadcrumbList","@id":"https:\/\/blogs2.uef.fi\/uef-teema\/testisivu-12-11-2025\/#breadcrumb","itemListElement":[{"@type":"ListItem","position":1,"name":"Home","item":"https:\/\/blogs2.uef.fi\/uef-teema\/"},{"@type":"ListItem","position":2,"name":"Testisivu 12.11.2025"}]},{"@type":"WebSite","@id":"https:\/\/blogs2.uef.fi\/uef-teema\/#website","url":"https:\/\/blogs2.uef.fi\/uef-teema\/","name":"UEF teema","description":"","potentialAction":[{"@type":"SearchAction","target":{"@type":"EntryPoint","urlTemplate":"https:\/\/blogs2.uef.fi\/uef-teema\/?s={search_term_string}"},"query-input":{"@type":"PropertyValueSpecification","valueRequired":true,"valueName":"search_term_string"}}],"inLanguage":"fi"}]}},"_links":{"self":[{"href":"https:\/\/blogs2.uef.fi\/uef-teema\/wp-json\/wp\/v2\/pages\/2042","targetHints":{"allow":["GET"]}}],"collection":[{"href":"https:\/\/blogs2.uef.fi\/uef-teema\/wp-json\/wp\/v2\/pages"}],"about":[{"href":"https:\/\/blogs2.uef.fi\/uef-teema\/wp-json\/wp\/v2\/types\/page"}],"author":[{"embeddable":true,"href":"https:\/\/blogs2.uef.fi\/uef-teema\/wp-json\/wp\/v2\/users\/512"}],"replies":[{"embeddable":true,"href":"https:\/\/blogs2.uef.fi\/uef-teema\/wp-json\/wp\/v2\/comments?post=2042"}],"version-history":[{"count":1,"href":"https:\/\/blogs2.uef.fi\/uef-teema\/wp-json\/wp\/v2\/pages\/2042\/revisions"}],"predecessor-version":[{"id":2043,"href":"https:\/\/blogs2.uef.fi\/uef-teema\/wp-json\/wp\/v2\/pages\/2042\/revisions\/2043"}],"wp:attachment":[{"href":"https:\/\/blogs2.uef.fi\/uef-teema\/wp-json\/wp\/v2\/media?parent=2042"}],"curies":[{"name":"wp","href":"https:\/\/api.w.org\/{rel}","templated":true}]}}