{"id":2078,"date":"2026-03-24T07:26:37","date_gmt":"2026-03-24T05:26:37","guid":{"rendered":"https:\/\/blogs2.uef.fi\/uef-teema\/?page_id=2078"},"modified":"2026-03-24T07:34:56","modified_gmt":"2026-03-24T05:34:56","slug":"testi-24-3-2026","status":"publish","type":"page","link":"https:\/\/blogs2.uef.fi\/uef-teema\/testi-24-3-2026\/","title":{"rendered":"Testi 24.3.2026"},"content":{"rendered":"\n<h2 class=\"wp-block-heading\">Testataan ulkoisen linkin ikonin k\u00e4ytt\u00e4ytymist\u00e4.<\/h2>\n\n\n\n<p>Ulkopuolisten linkkien edelle on tullut rivinvaihto, jos linkattu merkkijono ei ole kokonaisuudessaan mahtunut riville:<\/p>\n\n\n\n<p>Juvonen, Risto O.;&nbsp;<strong>Laitinen, Heikki<\/strong>; Saarti, Jarmo. 2022.&nbsp;<a href=\"https:\/\/doi.org\/10.1080\/0194262X.2021.2023378\">Toxicological Information Literacy Protects Human Health<\/a>. Science &amp; Technology Libraries&nbsp;41 4: 422\u2013431.<\/p>\n\n\n\n<p><strong>Hyv\u00e4rinen, Katja<\/strong>;&nbsp;<strong>Nurmi, Niina<\/strong>;&nbsp;<strong>Satama, Manna<\/strong>. 2022.&nbsp;<a href=\"https:\/\/urn.fi\/URN:NBN:fi-fe2022121571946\">Tutkimusdatan kuvailun ihanuus ja kurjuus<\/a>. Tietolinja 2\/2022.<\/p>\n\n\n\n<p>Vastaavasti linkatun merkkijonon per\u00e4\u00e4n on tullut rivinvaihto, jolloin seuraava rivi saattaa alkaa yksin\u00e4isell\u00e4 pisteell\u00e4:<\/p>\n\n\n\n<p>Juppi, Mira; Varis, Kaisa;&nbsp;<strong>Rosti, Tomi<\/strong>. 2023.&nbsp;<a href=\"http:\/\/urn.fi\/URN:NBN:fi-fe20231130150518\">Avoimen tieteen ja tutkimuksen talvip\u00e4ivill\u00e4 Kuopiossa pureuduttiin avoimiin oppimateriaaleihin<\/a>. Kreodi 4\/2023.<\/p>\n\n\n\n<p><strong>Rosti, Tomi<\/strong>&nbsp;et al. 2023.&nbsp;<a href=\"https:\/\/zenodo.org\/records\/8012377\">Improve the quality and impact of your research through data management \u2013 A guide for making your data FAIR<\/a>.&nbsp;Zenodo.<\/p>\n\n\n\n<h2 class=\"wp-block-heading\">Alla samat tekstit, mutta pisteetkin on otettu mukaan linkkeihin &#8211; muuttuuko tilanne?<\/h2>\n\n\n\n<p>Juvonen, Risto O.;\u00a0<strong>Laitinen, Heikki<\/strong>; Saarti, Jarmo. 2022.\u00a0<a href=\"https:\/\/doi.org\/10.1080\/0194262X.2021.2023378\" id=\"https:\/\/doi.org\/10.1080\/0194262X.2021.2023378\">Toxicological Information Literacy Protects Human Health.<\/a> Science &amp; Technology Libraries\u00a041 4: 422\u2013431.<\/p>\n\n\n\n<p><strong>Hyv\u00e4rinen, Katja<\/strong>;\u00a0<strong>Nurmi, Niina<\/strong>;\u00a0<strong>Satama, Manna<\/strong>. 2022.\u00a0<a href=\"https:\/\/urn.fi\/URN:NBN:fi-fe2022121571946\" id=\"https:\/\/urn.fi\/URN:NBN:fi-fe2022121571946\">Tutkimusdatan kuvailun ihanuus ja kurjuus.<\/a> Tietolinja 2\/2022.<\/p>\n\n\n\n<p>Juppi, Mira; Varis, Kaisa;\u00a0<strong>Rosti, Tomi<\/strong>. 2023.\u00a0<a href=\"http:\/\/urn.fi\/URN:NBN:fi-fe20231130150518\" id=\"http:\/\/urn.fi\/URN:NBN:fi-fe20231130150518\">Avoimen tieteen ja tutkimuksen talvip\u00e4ivill\u00e4 Kuopiossa pureuduttiin avoimiin oppimateriaaleihin.<\/a> Kreodi 4\/2023.<\/p>\n\n\n\n<p><strong>Rosti, Tomi<\/strong>\u00a0et al. 2023.\u00a0<a href=\"https:\/\/zenodo.org\/records\/8012377\" id=\"https:\/\/zenodo.org\/records\/8012377\">Improve the quality and impact of your research through data management \u2013 A guide for making your data FAIR.<\/a>\u00a0Zenodo.<\/p>\n\n\n\n<h2 class=\"wp-block-heading\">Alla samat tekstit, mutta linkit on muutettu sis\u00e4isiksi linkeiksi &#8211; muuttuuko tilanne?<\/h2>\n\n\n\n<p>Juvonen, Risto O.;\u00a0<strong>Laitinen, Heikki<\/strong>; Saarti, Jarmo. 2022.\u00a0<a href=\"https:\/\/blogs2.uef.fi\/uef-teema\/\" id=\"9\">Toxicological Information Literacy Protects Human Health<\/a>. Science &amp; Technology Libraries\u00a041 4: 422\u2013431.<\/p>\n\n\n\n<p><strong>Hyv\u00e4rinen, Katja<\/strong>;\u00a0<strong>Nurmi, Niina<\/strong>;\u00a0<strong>Satama, Manna<\/strong>. 2022.\u00a0<a href=\"https:\/\/blogs2.uef.fi\/uef-teema\/\" id=\"9\">Tutkimusdatan kuvailun ihanuus ja kurjuus<\/a>. Tietolinja 2\/2022.<\/p>\n\n\n\n<p>Juppi, Mira; Varis, Kaisa;\u00a0<strong>Rosti, Tomi<\/strong>. 2023.\u00a0<a href=\"https:\/\/blogs2.uef.fi\/uef-teema\/\" id=\"9\">Avoimen tieteen ja tutkimuksen talvip\u00e4ivill\u00e4 Kuopiossa pureuduttiin avoimiin oppimateriaaleihin<\/a>. Kreodi 4\/2023.<\/p>\n\n\n\n<p><strong>Rosti, Tomi<\/strong>\u00a0et al. 2023.\u00a0<a href=\"https:\/\/blogs2.uef.fi\/uef-teema\/\" id=\"9\">Improve the quality and impact of your research through data management \u2013 A guide for making your data FAIR<\/a>.\u00a0Zenodo.<\/p>\n","protected":false},"excerpt":{"rendered":"<p>Testataan ulkoisen linkin ikonin k\u00e4ytt\u00e4ytymist\u00e4. Ulkopuolisten linkkien edelle on tullut rivinvaihto, jos linkattu merkkijono ei ole kokonaisuudessaan mahtunut riville: Juvonen, Risto O.;&nbsp;Laitinen, Heikki; Saarti, Jarmo. 2022.&nbsp;Toxicological Information Literacy Protects Human Health. Science &amp; Technology Libraries&nbsp;41 4: 422\u2013431. Hyv\u00e4rinen, Katja;&nbsp;Nurmi, Niina;&nbsp;Satama, Manna. 2022.&nbsp;Tutkimusdatan kuvailun ihanuus ja kurjuus. Tietolinja 2\/2022. Vastaavasti linkatun merkkijonon per\u00e4\u00e4n on tullut rivinvaihto, [&hellip;]<\/p>\n","protected":false},"author":512,"featured_media":0,"parent":0,"menu_order":0,"comment_status":"closed","ping_status":"closed","template":"","meta":{"_acf_changed":false,"footnotes":""},"class_list":["post-2078","page","type-page","status-publish","hentry"],"acf":[],"yoast_head":"<!-- This site is optimized with the Yoast SEO plugin v27.3 - https:\/\/yoast.com\/product\/yoast-seo-wordpress\/ -->\n<title>Testi 24.3.2026 - UEF teema<\/title>\n<meta name=\"robots\" content=\"noindex, follow, max-snippet:-1, max-image-preview:large, max-video-preview:-1\" \/>\n<meta property=\"og:locale\" content=\"fi_FI\" \/>\n<meta property=\"og:type\" content=\"article\" \/>\n<meta property=\"og:title\" content=\"Testi 24.3.2026 - UEF teema\" \/>\n<meta property=\"og:description\" content=\"Testataan ulkoisen linkin ikonin k\u00e4ytt\u00e4ytymist\u00e4. Ulkopuolisten linkkien edelle on tullut rivinvaihto, jos linkattu merkkijono ei ole kokonaisuudessaan mahtunut riville: Juvonen, Risto O.;&nbsp;Laitinen, Heikki; Saarti, Jarmo. 2022.&nbsp;Toxicological Information Literacy Protects Human Health. Science &amp; Technology Libraries&nbsp;41 4: 422\u2013431. Hyv\u00e4rinen, Katja;&nbsp;Nurmi, Niina;&nbsp;Satama, Manna. 2022.&nbsp;Tutkimusdatan kuvailun ihanuus ja kurjuus. Tietolinja 2\/2022. Vastaavasti linkatun merkkijonon per\u00e4\u00e4n on tullut rivinvaihto, [&hellip;]\" \/>\n<meta property=\"og:url\" content=\"https:\/\/blogs2.uef.fi\/uef-teema\/testi-24-3-2026\/\" \/>\n<meta property=\"og:site_name\" content=\"UEF teema\" \/>\n<meta property=\"article:modified_time\" content=\"2026-03-24T05:34:56+00:00\" \/>\n<meta name=\"twitter:card\" content=\"summary_large_image\" \/>\n<meta name=\"twitter:label1\" content=\"Arvioitu lukuaika\" \/>\n\t<meta name=\"twitter:data1\" content=\"2 minuuttia\" \/>\n<script type=\"application\/ld+json\" class=\"yoast-schema-graph\">{\"@context\":\"https:\\\/\\\/schema.org\",\"@graph\":[{\"@type\":\"WebPage\",\"@id\":\"https:\\\/\\\/blogs2.uef.fi\\\/uef-teema\\\/testi-24-3-2026\\\/\",\"url\":\"https:\\\/\\\/blogs2.uef.fi\\\/uef-teema\\\/testi-24-3-2026\\\/\",\"name\":\"Testi 24.3.2026 - UEF teema\",\"isPartOf\":{\"@id\":\"https:\\\/\\\/blogs2.uef.fi\\\/uef-teema\\\/#website\"},\"datePublished\":\"2026-03-24T05:26:37+00:00\",\"dateModified\":\"2026-03-24T05:34:56+00:00\",\"breadcrumb\":{\"@id\":\"https:\\\/\\\/blogs2.uef.fi\\\/uef-teema\\\/testi-24-3-2026\\\/#breadcrumb\"},\"inLanguage\":\"fi\",\"potentialAction\":[{\"@type\":\"ReadAction\",\"target\":[\"https:\\\/\\\/blogs2.uef.fi\\\/uef-teema\\\/testi-24-3-2026\\\/\"]}]},{\"@type\":\"BreadcrumbList\",\"@id\":\"https:\\\/\\\/blogs2.uef.fi\\\/uef-teema\\\/testi-24-3-2026\\\/#breadcrumb\",\"itemListElement\":[{\"@type\":\"ListItem\",\"position\":1,\"name\":\"Home\",\"item\":\"https:\\\/\\\/blogs2.uef.fi\\\/uef-teema\\\/\"},{\"@type\":\"ListItem\",\"position\":2,\"name\":\"Testi 24.3.2026\"}]},{\"@type\":\"WebSite\",\"@id\":\"https:\\\/\\\/blogs2.uef.fi\\\/uef-teema\\\/#website\",\"url\":\"https:\\\/\\\/blogs2.uef.fi\\\/uef-teema\\\/\",\"name\":\"UEF teema\",\"description\":\"\",\"potentialAction\":[{\"@type\":\"SearchAction\",\"target\":{\"@type\":\"EntryPoint\",\"urlTemplate\":\"https:\\\/\\\/blogs2.uef.fi\\\/uef-teema\\\/?s={search_term_string}\"},\"query-input\":{\"@type\":\"PropertyValueSpecification\",\"valueRequired\":true,\"valueName\":\"search_term_string\"}}],\"inLanguage\":\"fi\"}]}<\/script>\n<!-- \/ Yoast SEO plugin. -->","yoast_head_json":{"title":"Testi 24.3.2026 - UEF teema","robots":{"index":"noindex","follow":"follow","max-snippet":"max-snippet:-1","max-image-preview":"max-image-preview:large","max-video-preview":"max-video-preview:-1"},"og_locale":"fi_FI","og_type":"article","og_title":"Testi 24.3.2026 - UEF teema","og_description":"Testataan ulkoisen linkin ikonin k\u00e4ytt\u00e4ytymist\u00e4. Ulkopuolisten linkkien edelle on tullut rivinvaihto, jos linkattu merkkijono ei ole kokonaisuudessaan mahtunut riville: Juvonen, Risto O.;&nbsp;Laitinen, Heikki; Saarti, Jarmo. 2022.&nbsp;Toxicological Information Literacy Protects Human Health. Science &amp; Technology Libraries&nbsp;41 4: 422\u2013431. Hyv\u00e4rinen, Katja;&nbsp;Nurmi, Niina;&nbsp;Satama, Manna. 2022.&nbsp;Tutkimusdatan kuvailun ihanuus ja kurjuus. Tietolinja 2\/2022. Vastaavasti linkatun merkkijonon per\u00e4\u00e4n on tullut rivinvaihto, [&hellip;]","og_url":"https:\/\/blogs2.uef.fi\/uef-teema\/testi-24-3-2026\/","og_site_name":"UEF teema","article_modified_time":"2026-03-24T05:34:56+00:00","twitter_card":"summary_large_image","twitter_misc":{"Arvioitu lukuaika":"2 minuuttia"},"schema":{"@context":"https:\/\/schema.org","@graph":[{"@type":"WebPage","@id":"https:\/\/blogs2.uef.fi\/uef-teema\/testi-24-3-2026\/","url":"https:\/\/blogs2.uef.fi\/uef-teema\/testi-24-3-2026\/","name":"Testi 24.3.2026 - UEF teema","isPartOf":{"@id":"https:\/\/blogs2.uef.fi\/uef-teema\/#website"},"datePublished":"2026-03-24T05:26:37+00:00","dateModified":"2026-03-24T05:34:56+00:00","breadcrumb":{"@id":"https:\/\/blogs2.uef.fi\/uef-teema\/testi-24-3-2026\/#breadcrumb"},"inLanguage":"fi","potentialAction":[{"@type":"ReadAction","target":["https:\/\/blogs2.uef.fi\/uef-teema\/testi-24-3-2026\/"]}]},{"@type":"BreadcrumbList","@id":"https:\/\/blogs2.uef.fi\/uef-teema\/testi-24-3-2026\/#breadcrumb","itemListElement":[{"@type":"ListItem","position":1,"name":"Home","item":"https:\/\/blogs2.uef.fi\/uef-teema\/"},{"@type":"ListItem","position":2,"name":"Testi 24.3.2026"}]},{"@type":"WebSite","@id":"https:\/\/blogs2.uef.fi\/uef-teema\/#website","url":"https:\/\/blogs2.uef.fi\/uef-teema\/","name":"UEF teema","description":"","potentialAction":[{"@type":"SearchAction","target":{"@type":"EntryPoint","urlTemplate":"https:\/\/blogs2.uef.fi\/uef-teema\/?s={search_term_string}"},"query-input":{"@type":"PropertyValueSpecification","valueRequired":true,"valueName":"search_term_string"}}],"inLanguage":"fi"}]}},"_links":{"self":[{"href":"https:\/\/blogs2.uef.fi\/uef-teema\/wp-json\/wp\/v2\/pages\/2078","targetHints":{"allow":["GET"]}}],"collection":[{"href":"https:\/\/blogs2.uef.fi\/uef-teema\/wp-json\/wp\/v2\/pages"}],"about":[{"href":"https:\/\/blogs2.uef.fi\/uef-teema\/wp-json\/wp\/v2\/types\/page"}],"author":[{"embeddable":true,"href":"https:\/\/blogs2.uef.fi\/uef-teema\/wp-json\/wp\/v2\/users\/512"}],"replies":[{"embeddable":true,"href":"https:\/\/blogs2.uef.fi\/uef-teema\/wp-json\/wp\/v2\/comments?post=2078"}],"version-history":[{"count":1,"href":"https:\/\/blogs2.uef.fi\/uef-teema\/wp-json\/wp\/v2\/pages\/2078\/revisions"}],"predecessor-version":[{"id":2081,"href":"https:\/\/blogs2.uef.fi\/uef-teema\/wp-json\/wp\/v2\/pages\/2078\/revisions\/2081"}],"wp:attachment":[{"href":"https:\/\/blogs2.uef.fi\/uef-teema\/wp-json\/wp\/v2\/media?parent=2078"}],"curies":[{"name":"wp","href":"https:\/\/api.w.org\/{rel}","templated":true}]}}