{"id":9,"date":"2019-11-15T11:20:54","date_gmt":"2019-11-15T09:20:54","guid":{"rendered":"https:\/\/blogs2.uef.fi\/uef-hanke\/?page_id=9"},"modified":"2025-02-04T14:53:21","modified_gmt":"2025-02-04T12:53:21","slug":"uef-teeman-etusivu","status":"publish","type":"page","link":"https:\/\/blogs2.uef.fi\/uef-teema\/","title":{"rendered":"UEF teeman etusivu"},"content":{"rendered":"\n<p>T\u00e4ll\u00e4 sivustolla p\u00e4\u00e4set tutustumaan UEF teeman ulkoasuun ja ominaisuuksiin. Alisivuilta (hampurilaisvalikko oikeassa yl\u00e4kulmassa) l\u00f6yd\u00e4t esimerkkej\u00e4 lohkojen k\u00e4ytt\u00e4misest\u00e4.<\/p>\n\n\n\n<h3 class=\"wp-block-heading\">Muista tehd\u00e4 sivut saavutettavasti<\/h3>\n\n\n\n<p>Jokaisen <bdo lang=\"en\" dir=\"ltr\">WordPress<\/bdo>-sis\u00e4ll\u00f6ntuottajan tulee ottaa saavutettavuus huomioon sis\u00e4ll\u00f6iss\u00e4\u00e4n. Tutustu aiheeseen <a href=\"https:\/\/studentuef.sharepoint.com\/sites\/tasa-arvojayhdenvertaisuus\/SitePages\/Saavutettavuus-verkkosivuilla.aspx\">UEF Intrassa: Saavutettavuus verkkosivuilla<\/a> (vaatii UEF-tunnuksilla kirjautumisen).<\/p>\n","protected":false},"excerpt":{"rendered":"<p>T\u00e4ll\u00e4 sivustolla p\u00e4\u00e4set tutustumaan UEF teeman ulkoasuun ja ominaisuuksiin. Alisivuilta (hampurilaisvalikko oikeassa yl\u00e4kulmassa) l\u00f6yd\u00e4t esimerkkej\u00e4 lohkojen k\u00e4ytt\u00e4misest\u00e4. Muista tehd\u00e4 sivut saavutettavasti Jokaisen WordPress-sis\u00e4ll\u00f6ntuottajan tulee ottaa saavutettavuus huomioon sis\u00e4ll\u00f6iss\u00e4\u00e4n. Tutustu aiheeseen UEF Intrassa: Saavutettavuus verkkosivuilla (vaatii UEF-tunnuksilla kirjautumisen).<\/p>\n","protected":false},"author":1,"featured_media":0,"parent":0,"menu_order":0,"comment_status":"closed","ping_status":"closed","template":"","meta":{"_acf_changed":false,"footnotes":""},"class_list":["post-9","page","type-page","status-publish","hentry"],"acf":[],"yoast_head":"<!-- This site is optimized with the Yoast SEO plugin v27.3 - https:\/\/yoast.com\/product\/yoast-seo-wordpress\/ -->\n<title>UEF teeman etusivu - UEF teema<\/title>\n<meta name=\"description\" content=\"T\u00e4ll\u00e4 sivustolla p\u00e4\u00e4set tutustumaan UEF teeman ulkoasuun ja ominaisuuksiin.\" \/>\n<meta name=\"robots\" content=\"noindex, follow, max-snippet:-1, max-image-preview:large, max-video-preview:-1\" \/>\n<meta property=\"og:locale\" content=\"fi_FI\" \/>\n<meta property=\"og:type\" content=\"article\" \/>\n<meta property=\"og:title\" content=\"UEF teeman etusivu - UEF teema\" \/>\n<meta property=\"og:description\" content=\"T\u00e4ll\u00e4 sivustolla p\u00e4\u00e4set tutustumaan UEF teeman ulkoasuun ja ominaisuuksiin.\" \/>\n<meta property=\"og:url\" content=\"https:\/\/blogs2.uef.fi\/uef-teema\/\" \/>\n<meta property=\"og:site_name\" content=\"UEF teema\" \/>\n<meta property=\"article:modified_time\" content=\"2025-02-04T12:53:21+00:00\" \/>\n<meta name=\"twitter:card\" content=\"summary_large_image\" \/>\n<meta name=\"twitter:label1\" content=\"Arvioitu lukuaika\" \/>\n\t<meta name=\"twitter:data1\" content=\"1 minuutti\" \/>\n<script type=\"application\/ld+json\" class=\"yoast-schema-graph\">{\"@context\":\"https:\\\/\\\/schema.org\",\"@graph\":[{\"@type\":\"WebPage\",\"@id\":\"https:\\\/\\\/blogs2.uef.fi\\\/uef-teema\\\/\",\"url\":\"https:\\\/\\\/blogs2.uef.fi\\\/uef-teema\\\/\",\"name\":\"UEF teeman etusivu - UEF teema\",\"isPartOf\":{\"@id\":\"https:\\\/\\\/blogs2.uef.fi\\\/uef-teema\\\/#website\"},\"datePublished\":\"2019-11-15T09:20:54+00:00\",\"dateModified\":\"2025-02-04T12:53:21+00:00\",\"description\":\"T\u00e4ll\u00e4 sivustolla p\u00e4\u00e4set tutustumaan UEF teeman ulkoasuun ja ominaisuuksiin.\",\"breadcrumb\":{\"@id\":\"https:\\\/\\\/blogs2.uef.fi\\\/uef-teema\\\/#breadcrumb\"},\"inLanguage\":\"fi\",\"potentialAction\":[{\"@type\":\"ReadAction\",\"target\":[\"https:\\\/\\\/blogs2.uef.fi\\\/uef-teema\\\/\"]}]},{\"@type\":\"BreadcrumbList\",\"@id\":\"https:\\\/\\\/blogs2.uef.fi\\\/uef-teema\\\/#breadcrumb\",\"itemListElement\":[{\"@type\":\"ListItem\",\"position\":1,\"name\":\"Home\",\"item\":\"https:\\\/\\\/blogs2.uef.fi\\\/uef-teema\\\/\"},{\"@type\":\"ListItem\",\"position\":2,\"name\":\"UEF teeman etusivu\"}]},{\"@type\":\"WebSite\",\"@id\":\"https:\\\/\\\/blogs2.uef.fi\\\/uef-teema\\\/#website\",\"url\":\"https:\\\/\\\/blogs2.uef.fi\\\/uef-teema\\\/\",\"name\":\"UEF teema\",\"description\":\"\",\"potentialAction\":[{\"@type\":\"SearchAction\",\"target\":{\"@type\":\"EntryPoint\",\"urlTemplate\":\"https:\\\/\\\/blogs2.uef.fi\\\/uef-teema\\\/?s={search_term_string}\"},\"query-input\":{\"@type\":\"PropertyValueSpecification\",\"valueRequired\":true,\"valueName\":\"search_term_string\"}}],\"inLanguage\":\"fi\"}]}<\/script>\n<!-- \/ Yoast SEO plugin. -->","yoast_head_json":{"title":"UEF teeman etusivu - UEF teema","description":"T\u00e4ll\u00e4 sivustolla p\u00e4\u00e4set tutustumaan UEF teeman ulkoasuun ja ominaisuuksiin.","robots":{"index":"noindex","follow":"follow","max-snippet":"max-snippet:-1","max-image-preview":"max-image-preview:large","max-video-preview":"max-video-preview:-1"},"og_locale":"fi_FI","og_type":"article","og_title":"UEF teeman etusivu - UEF teema","og_description":"T\u00e4ll\u00e4 sivustolla p\u00e4\u00e4set tutustumaan UEF teeman ulkoasuun ja ominaisuuksiin.","og_url":"https:\/\/blogs2.uef.fi\/uef-teema\/","og_site_name":"UEF teema","article_modified_time":"2025-02-04T12:53:21+00:00","twitter_card":"summary_large_image","twitter_misc":{"Arvioitu lukuaika":"1 minuutti"},"schema":{"@context":"https:\/\/schema.org","@graph":[{"@type":"WebPage","@id":"https:\/\/blogs2.uef.fi\/uef-teema\/","url":"https:\/\/blogs2.uef.fi\/uef-teema\/","name":"UEF teeman etusivu - UEF teema","isPartOf":{"@id":"https:\/\/blogs2.uef.fi\/uef-teema\/#website"},"datePublished":"2019-11-15T09:20:54+00:00","dateModified":"2025-02-04T12:53:21+00:00","description":"T\u00e4ll\u00e4 sivustolla p\u00e4\u00e4set tutustumaan UEF teeman ulkoasuun ja ominaisuuksiin.","breadcrumb":{"@id":"https:\/\/blogs2.uef.fi\/uef-teema\/#breadcrumb"},"inLanguage":"fi","potentialAction":[{"@type":"ReadAction","target":["https:\/\/blogs2.uef.fi\/uef-teema\/"]}]},{"@type":"BreadcrumbList","@id":"https:\/\/blogs2.uef.fi\/uef-teema\/#breadcrumb","itemListElement":[{"@type":"ListItem","position":1,"name":"Home","item":"https:\/\/blogs2.uef.fi\/uef-teema\/"},{"@type":"ListItem","position":2,"name":"UEF teeman etusivu"}]},{"@type":"WebSite","@id":"https:\/\/blogs2.uef.fi\/uef-teema\/#website","url":"https:\/\/blogs2.uef.fi\/uef-teema\/","name":"UEF teema","description":"","potentialAction":[{"@type":"SearchAction","target":{"@type":"EntryPoint","urlTemplate":"https:\/\/blogs2.uef.fi\/uef-teema\/?s={search_term_string}"},"query-input":{"@type":"PropertyValueSpecification","valueRequired":true,"valueName":"search_term_string"}}],"inLanguage":"fi"}]}},"_links":{"self":[{"href":"https:\/\/blogs2.uef.fi\/uef-teema\/wp-json\/wp\/v2\/pages\/9","targetHints":{"allow":["GET"]}}],"collection":[{"href":"https:\/\/blogs2.uef.fi\/uef-teema\/wp-json\/wp\/v2\/pages"}],"about":[{"href":"https:\/\/blogs2.uef.fi\/uef-teema\/wp-json\/wp\/v2\/types\/page"}],"author":[{"embeddable":true,"href":"https:\/\/blogs2.uef.fi\/uef-teema\/wp-json\/wp\/v2\/users\/1"}],"replies":[{"embeddable":true,"href":"https:\/\/blogs2.uef.fi\/uef-teema\/wp-json\/wp\/v2\/comments?post=9"}],"version-history":[{"count":2,"href":"https:\/\/blogs2.uef.fi\/uef-teema\/wp-json\/wp\/v2\/pages\/9\/revisions"}],"predecessor-version":[{"id":2034,"href":"https:\/\/blogs2.uef.fi\/uef-teema\/wp-json\/wp\/v2\/pages\/9\/revisions\/2034"}],"wp:attachment":[{"href":"https:\/\/blogs2.uef.fi\/uef-teema\/wp-json\/wp\/v2\/media?parent=9"}],"curies":[{"name":"wp","href":"https:\/\/api.w.org\/{rel}","templated":true}]}}